{"id":9977,"date":"2023-06-02T19:33:21","date_gmt":"2023-06-02T19:33:21","guid":{"rendered":"https:\/\/projekt.vombat.ee\/eco\/?post_type=product&#038;p=9977"},"modified":"2023-06-02T19:33:21","modified_gmt":"2023-06-02T19:33:21","slug":"elektriauto-lamborghini-sian-2x30w","status":"publish","type":"product","link":"https:\/\/projekt.vombat.ee\/eco\/pood\/laste-elektrisoidukid\/elektriauto-lamborghini-sian-2x30w\/","title":{"rendered":"Elektriauto Lamborghini Sian, 2x30W"},"content":{"rendered":"<h1>Elektriauto Sian, 2x30W<\/h1>\n<ul class=\"a-unordered-list a-vertical a-spacing-mini\">\n<li class=\"a-spacing-small\"><span class=\"a-list-item\"><strong>Silmapaistev v\u00e4limus<\/strong>: Kingi oma lapsele Lamborghini ning rahulolu on garanteeritud. Sellise elektriautoga ei j\u00e4ta kedagi k\u00fclmaks ning mis veel parem, seda on saadaval kolmes eri toonis . Auto on tehtud j\u00e4rgi originaalmudelist tehes selle v\u00f5imalikult detailselt samasuguseks p\u00e4risautoga. Lisaks silmapaistvusele on sellega ka \u00e4\u00e4rmiselt mugav s\u00f5ita.<\/span><\/li>\n<li class=\"a-spacing-small\"><span class=\"a-list-item\"><strong>Turvalisus<\/strong>. Lamborghini Sianiga on s\u00f5idumugavus pea sama hea kui v\u00e4limus. Autos on olemas korralik nahkiste ning kolme punktiline turvav\u00f6\u00f6. Lisaks on autol valgustuseks kvaliteetsed LED esituled.\u00a0<\/span><\/li>\n<li class=\"a-spacing-small\"><strong>Itaalia disain. <\/strong>Auto ilu ei saa lihtsalt kiitmata j\u00e4tta. Et s\u00f5it veelgi l\u00f5busam oleks saab autosse \u00fchendada ka oma muusika. \u00dchenduse saab luua kas bluetooth, USB, MP3 v\u00f5i AUX juhtme vahendusel. Sisse ehitatud raadios on auto h\u00e4\u00e4ltele lisaks rahustav muusika.<\/li>\n<li class=\"a-spacing-small\"><strong>Ehe mootori h\u00e4\u00e4l.<\/strong> Autole on lisatud Lamborghini mootori h\u00e4\u00e4led, seega kui s\u00fc\u00fcde sisse vajutada v\u00f5i pedaali vajutada siis kostub sealt k\u00f5rvupaitav heli vastu.<\/li>\n<\/ul>\n","protected":false},"excerpt":{"rendered":"<h6>Elektriauto Lamborghini Sian<\/h6>\n<ul class=\"a-unordered-list a-vertical a-spacing-mini\">\n<li class=\"a-spacing-small\"><span class=\"a-list-item\">Lastele vanuses 1-5a<\/span><\/li>\n<li class=\"a-spacing-small\"><span class=\"a-list-item\">Max kandev\u00f5ime 30 kg<\/span><\/li>\n<li class=\"a-spacing-small\"><span class=\"a-list-item\">Auto m\u00f5\u00f5dud 108 x 62 x 40 cm<\/span><\/li>\n<li class=\"a-spacing-small\"><span class=\"a-list-item\">Kiirus: 3-5 km\/h. <\/span><\/li>\n<li class=\"a-spacing-small\"><span class=\"a-list-item\">2 x 30 W mootorid<\/span><\/li>\n<\/ul>\n","protected":false},"featured_media":9981,"template":"","meta":[],"product_cat":[1655],"product_tag":[],"class_list":{"0":"post-9977","1":"product","2":"type-product","3":"status-publish","4":"has-post-thumbnail","6":"product_cat-laste-elektrisoidukid","8":"first","9":"instock","10":"taxable","11":"shipping-taxable","12":"purchasable","13":"product-type-variable"},"yoast_head":"<!-- This site is optimized with the Yoast SEO plugin v23.8 - https:\/\/yoast.com\/wordpress\/plugins\/seo\/ -->\n<title>Elektriauto Lamborghini Sian, 2x30W - Ecocruiser<\/title>\n<meta name=\"description\" content=\"Elektriauto Lamborghini Sian, 2x30W - Kvaliteetsed br\u00e4ndid, lai valik - Ecocruiser.ee - K\u00fcsimuste korral v\u00f5ta \u00fchendust info@projekt.vombat.ee\" \/>\n<meta name=\"robots\" content=\"noindex, follow, max-snippet:-1, max-image-preview:large, max-video-preview:-1\" \/>\n<meta property=\"og:locale\" content=\"en_GB\" \/>\n<meta property=\"og:type\" content=\"article\" \/>\n<meta property=\"og:title\" content=\"Elektriauto Lamborghini Sian, 2x30W - Ecocruiser\" \/>\n<meta property=\"og:description\" content=\"Elektriauto Lamborghini Sian, 2x30W - Kvaliteetsed br\u00e4ndid, lai valik - Ecocruiser.ee - K\u00fcsimuste korral v\u00f5ta \u00fchendust info@projekt.vombat.ee\" \/>\n<meta property=\"og:url\" content=\"https:\/\/projekt.vombat.ee\/eco\/pood\/laste-elektrisoidukid\/elektriauto-lamborghini-sian-2x30w\/\" \/>\n<meta property=\"og:site_name\" content=\"Ecocruiser\" \/>\n<meta property=\"og:image\" content=\"https:\/\/projekt.vombat.ee\/eco\/wp-content\/uploads\/2023\/06\/61n7hRLtG3S._AC_SL1200_.jpg\" \/>\n\t<meta property=\"og:image:width\" content=\"1104\" \/>\n\t<meta property=\"og:image:height\" content=\"563\" \/>\n\t<meta property=\"og:image:type\" content=\"image\/jpeg\" \/>\n<meta name=\"twitter:card\" content=\"summary_large_image\" \/>\n<meta name=\"twitter:label1\" content=\"Estimated reading time\" \/>\n\t<meta name=\"twitter:data1\" content=\"1 minute\" \/>\n<script type=\"application\/ld+json\" class=\"yoast-schema-graph\">{\"@context\":\"https:\/\/schema.org\",\"@graph\":[{\"@type\":\"WebPage\",\"@id\":\"https:\/\/projekt.vombat.ee\/eco\/pood\/laste-elektrisoidukid\/elektriauto-lamborghini-sian-2x30w\/\",\"url\":\"https:\/\/projekt.vombat.ee\/eco\/pood\/laste-elektrisoidukid\/elektriauto-lamborghini-sian-2x30w\/\",\"name\":\"Elektriauto Lamborghini Sian, 2x30W - Ecocruiser\",\"isPartOf\":{\"@id\":\"https:\/\/projekt.vombat.ee\/eco\/#website\"},\"primaryImageOfPage\":{\"@id\":\"https:\/\/projekt.vombat.ee\/eco\/pood\/laste-elektrisoidukid\/elektriauto-lamborghini-sian-2x30w\/#primaryimage\"},\"image\":{\"@id\":\"https:\/\/projekt.vombat.ee\/eco\/pood\/laste-elektrisoidukid\/elektriauto-lamborghini-sian-2x30w\/#primaryimage\"},\"thumbnailUrl\":\"https:\/\/projekt.vombat.ee\/eco\/wp-content\/uploads\/2023\/06\/61n7hRLtG3S._AC_SL1200_.jpg\",\"datePublished\":\"2023-06-02T19:33:21+00:00\",\"dateModified\":\"2023-06-02T19:33:21+00:00\",\"description\":\"Elektriauto Lamborghini Sian, 2x30W - Kvaliteetsed br\u00e4ndid, lai valik - Ecocruiser.ee - K\u00fcsimuste korral v\u00f5ta \u00fchendust info@projekt.vombat.ee\",\"breadcrumb\":{\"@id\":\"https:\/\/projekt.vombat.ee\/eco\/pood\/laste-elektrisoidukid\/elektriauto-lamborghini-sian-2x30w\/#breadcrumb\"},\"inLanguage\":\"en-GB\",\"potentialAction\":[{\"@type\":\"ReadAction\",\"target\":[\"https:\/\/projekt.vombat.ee\/eco\/pood\/laste-elektrisoidukid\/elektriauto-lamborghini-sian-2x30w\/\"]}]},{\"@type\":\"ImageObject\",\"inLanguage\":\"en-GB\",\"@id\":\"https:\/\/projekt.vombat.ee\/eco\/pood\/laste-elektrisoidukid\/elektriauto-lamborghini-sian-2x30w\/#primaryimage\",\"url\":\"https:\/\/projekt.vombat.ee\/eco\/wp-content\/uploads\/2023\/06\/61n7hRLtG3S._AC_SL1200_.jpg\",\"contentUrl\":\"https:\/\/projekt.vombat.ee\/eco\/wp-content\/uploads\/2023\/06\/61n7hRLtG3S._AC_SL1200_.jpg\",\"width\":1104,\"height\":563},{\"@type\":\"BreadcrumbList\",\"@id\":\"https:\/\/projekt.vombat.ee\/eco\/pood\/laste-elektrisoidukid\/elektriauto-lamborghini-sian-2x30w\/#breadcrumb\",\"itemListElement\":[{\"@type\":\"ListItem\",\"position\":1,\"name\":\"Home\",\"item\":\"https:\/\/projekt.vombat.ee\/eco\/\"},{\"@type\":\"ListItem\",\"position\":2,\"name\":\"Pood\",\"item\":\"https:\/\/projekt.vombat.ee\/eco\/pood\/\"},{\"@type\":\"ListItem\",\"position\":3,\"name\":\"Elektriauto Lamborghini Sian, 2x30W\"}]},{\"@type\":\"WebSite\",\"@id\":\"https:\/\/projekt.vombat.ee\/eco\/#website\",\"url\":\"https:\/\/projekt.vombat.ee\/eco\/\",\"name\":\"Ecocruiser\",\"description\":\"\",\"publisher\":{\"@id\":\"https:\/\/projekt.vombat.ee\/eco\/#organization\"},\"potentialAction\":[{\"@type\":\"SearchAction\",\"target\":{\"@type\":\"EntryPoint\",\"urlTemplate\":\"https:\/\/projekt.vombat.ee\/eco\/?s={search_term_string}\"},\"query-input\":{\"@type\":\"PropertyValueSpecification\",\"valueRequired\":true,\"valueName\":\"search_term_string\"}}],\"inLanguage\":\"en-GB\"},{\"@type\":\"Organization\",\"@id\":\"https:\/\/projekt.vombat.ee\/eco\/#organization\",\"name\":\"Ecocruiser\",\"url\":\"https:\/\/projekt.vombat.ee\/eco\/\",\"logo\":{\"@type\":\"ImageObject\",\"inLanguage\":\"en-GB\",\"@id\":\"https:\/\/projekt.vombat.ee\/eco\/#\/schema\/logo\/image\/\",\"url\":\"https:\/\/projekt.vombat.ee\/eco\/wp-content\/uploads\/2023\/03\/ECOCRUISER_5.png\",\"contentUrl\":\"https:\/\/projekt.vombat.ee\/eco\/wp-content\/uploads\/2023\/03\/ECOCRUISER_5.png\",\"width\":234,\"height\":91,\"caption\":\"Ecocruiser\"},\"image\":{\"@id\":\"https:\/\/projekt.vombat.ee\/eco\/#\/schema\/logo\/image\/\"}}]}<\/script>\n<!-- \/ Yoast SEO plugin. -->","yoast_head_json":{"title":"Elektriauto Lamborghini Sian, 2x30W - Ecocruiser","description":"Elektriauto Lamborghini Sian, 2x30W - Kvaliteetsed br\u00e4ndid, lai valik - Ecocruiser.ee - K\u00fcsimuste korral v\u00f5ta \u00fchendust info@projekt.vombat.ee","robots":{"index":"noindex","follow":"follow","max-snippet":"max-snippet:-1","max-image-preview":"max-image-preview:large","max-video-preview":"max-video-preview:-1"},"og_locale":"en_GB","og_type":"article","og_title":"Elektriauto Lamborghini Sian, 2x30W - Ecocruiser","og_description":"Elektriauto Lamborghini Sian, 2x30W - Kvaliteetsed br\u00e4ndid, lai valik - Ecocruiser.ee - K\u00fcsimuste korral v\u00f5ta \u00fchendust info@projekt.vombat.ee","og_url":"https:\/\/projekt.vombat.ee\/eco\/pood\/laste-elektrisoidukid\/elektriauto-lamborghini-sian-2x30w\/","og_site_name":"Ecocruiser","og_image":[{"width":1104,"height":563,"url":"https:\/\/projekt.vombat.ee\/eco\/wp-content\/uploads\/2023\/06\/61n7hRLtG3S._AC_SL1200_.jpg","type":"image\/jpeg"}],"twitter_card":"summary_large_image","twitter_misc":{"Estimated reading time":"1 minute"},"schema":{"@context":"https:\/\/schema.org","@graph":[{"@type":"WebPage","@id":"https:\/\/projekt.vombat.ee\/eco\/pood\/laste-elektrisoidukid\/elektriauto-lamborghini-sian-2x30w\/","url":"https:\/\/projekt.vombat.ee\/eco\/pood\/laste-elektrisoidukid\/elektriauto-lamborghini-sian-2x30w\/","name":"Elektriauto Lamborghini Sian, 2x30W - Ecocruiser","isPartOf":{"@id":"https:\/\/projekt.vombat.ee\/eco\/#website"},"primaryImageOfPage":{"@id":"https:\/\/projekt.vombat.ee\/eco\/pood\/laste-elektrisoidukid\/elektriauto-lamborghini-sian-2x30w\/#primaryimage"},"image":{"@id":"https:\/\/projekt.vombat.ee\/eco\/pood\/laste-elektrisoidukid\/elektriauto-lamborghini-sian-2x30w\/#primaryimage"},"thumbnailUrl":"https:\/\/projekt.vombat.ee\/eco\/wp-content\/uploads\/2023\/06\/61n7hRLtG3S._AC_SL1200_.jpg","datePublished":"2023-06-02T19:33:21+00:00","dateModified":"2023-06-02T19:33:21+00:00","description":"Elektriauto Lamborghini Sian, 2x30W - Kvaliteetsed br\u00e4ndid, lai valik - Ecocruiser.ee - K\u00fcsimuste korral v\u00f5ta \u00fchendust info@projekt.vombat.ee","breadcrumb":{"@id":"https:\/\/projekt.vombat.ee\/eco\/pood\/laste-elektrisoidukid\/elektriauto-lamborghini-sian-2x30w\/#breadcrumb"},"inLanguage":"en-GB","potentialAction":[{"@type":"ReadAction","target":["https:\/\/projekt.vombat.ee\/eco\/pood\/laste-elektrisoidukid\/elektriauto-lamborghini-sian-2x30w\/"]}]},{"@type":"ImageObject","inLanguage":"en-GB","@id":"https:\/\/projekt.vombat.ee\/eco\/pood\/laste-elektrisoidukid\/elektriauto-lamborghini-sian-2x30w\/#primaryimage","url":"https:\/\/projekt.vombat.ee\/eco\/wp-content\/uploads\/2023\/06\/61n7hRLtG3S._AC_SL1200_.jpg","contentUrl":"https:\/\/projekt.vombat.ee\/eco\/wp-content\/uploads\/2023\/06\/61n7hRLtG3S._AC_SL1200_.jpg","width":1104,"height":563},{"@type":"BreadcrumbList","@id":"https:\/\/projekt.vombat.ee\/eco\/pood\/laste-elektrisoidukid\/elektriauto-lamborghini-sian-2x30w\/#breadcrumb","itemListElement":[{"@type":"ListItem","position":1,"name":"Home","item":"https:\/\/projekt.vombat.ee\/eco\/"},{"@type":"ListItem","position":2,"name":"Pood","item":"https:\/\/projekt.vombat.ee\/eco\/pood\/"},{"@type":"ListItem","position":3,"name":"Elektriauto Lamborghini Sian, 2x30W"}]},{"@type":"WebSite","@id":"https:\/\/projekt.vombat.ee\/eco\/#website","url":"https:\/\/projekt.vombat.ee\/eco\/","name":"Ecocruiser","description":"","publisher":{"@id":"https:\/\/projekt.vombat.ee\/eco\/#organization"},"potentialAction":[{"@type":"SearchAction","target":{"@type":"EntryPoint","urlTemplate":"https:\/\/projekt.vombat.ee\/eco\/?s={search_term_string}"},"query-input":{"@type":"PropertyValueSpecification","valueRequired":true,"valueName":"search_term_string"}}],"inLanguage":"en-GB"},{"@type":"Organization","@id":"https:\/\/projekt.vombat.ee\/eco\/#organization","name":"Ecocruiser","url":"https:\/\/projekt.vombat.ee\/eco\/","logo":{"@type":"ImageObject","inLanguage":"en-GB","@id":"https:\/\/projekt.vombat.ee\/eco\/#\/schema\/logo\/image\/","url":"https:\/\/projekt.vombat.ee\/eco\/wp-content\/uploads\/2023\/03\/ECOCRUISER_5.png","contentUrl":"https:\/\/projekt.vombat.ee\/eco\/wp-content\/uploads\/2023\/03\/ECOCRUISER_5.png","width":234,"height":91,"caption":"Ecocruiser"},"image":{"@id":"https:\/\/projekt.vombat.ee\/eco\/#\/schema\/logo\/image\/"}}]}},"lang":"et","translations":{"et":9977},"pll_sync_post":[],"_links":{"self":[{"href":"https:\/\/projekt.vombat.ee\/eco\/wp-json\/wp\/v2\/product\/9977"}],"collection":[{"href":"https:\/\/projekt.vombat.ee\/eco\/wp-json\/wp\/v2\/product"}],"about":[{"href":"https:\/\/projekt.vombat.ee\/eco\/wp-json\/wp\/v2\/types\/product"}],"version-history":[{"count":1,"href":"https:\/\/projekt.vombat.ee\/eco\/wp-json\/wp\/v2\/product\/9977\/revisions"}],"predecessor-version":[{"id":9990,"href":"https:\/\/projekt.vombat.ee\/eco\/wp-json\/wp\/v2\/product\/9977\/revisions\/9990"}],"wp:featuredmedia":[{"embeddable":true,"href":"https:\/\/projekt.vombat.ee\/eco\/wp-json\/wp\/v2\/media\/9981"}],"wp:attachment":[{"href":"https:\/\/projekt.vombat.ee\/eco\/wp-json\/wp\/v2\/media?parent=9977"}],"wp:term":[{"taxonomy":"product_cat","embeddable":true,"href":"https:\/\/projekt.vombat.ee\/eco\/wp-json\/wp\/v2\/product_cat?post=9977"},{"taxonomy":"product_tag","embeddable":true,"href":"https:\/\/projekt.vombat.ee\/eco\/wp-json\/wp\/v2\/product_tag?post=9977"}],"curies":[{"name":"wp","href":"https:\/\/api.w.org\/{rel}","templated":true}]}}