{"id":9963,"date":"2023-06-02T19:10:49","date_gmt":"2023-06-02T19:10:49","guid":{"rendered":"https:\/\/projekt.vombat.ee\/eco\/?post_type=product&#038;p=9963"},"modified":"2023-06-02T19:11:12","modified_gmt":"2023-06-02T19:11:12","slug":"elektriauto-audi-r8-sport","status":"publish","type":"product","link":"https:\/\/projekt.vombat.ee\/eco\/pood\/laste-elektrisoidukid\/elektriauto-audi-r8-sport\/","title":{"rendered":"Elektriauto Audi R8 Sport"},"content":{"rendered":"<h1>ELEKTRIAUTO AUDI R8 SPORT<\/h1>\n<ul class=\"a-unordered-list a-vertical a-spacing-mini\">\n<li class=\"a-spacing-small\"><span class=\"a-list-item\"><strong>Sportauto<\/strong> mis on sobilik v\u00e4iksematele pereliikmetele. See on varustatud LED esitulede, lahtik\u00e4ivate ustega, rooli ja signaaliga. Auto on tehtud v\u00f5imalikult realistlikuks, et laps saaks parima s\u00f5iduelamuse. Laadimisaeg on ca 8-12h ning \u00fche laadimisega saab s\u00f5ita ca 45 minutit, s\u00f5ltuvalt s\u00f5idustiilist. Auto kandev\u00f5ime on 25kg.<\/span><\/li>\n<li class=\"a-spacing-small\"><span class=\"a-list-item\"><strong>Max turvalisus<\/strong> &#8211; Turvalisus on prioriteet ning selleks on autol turvav\u00f6\u00f6, lukustatavad uksed ning amortidega rattad tagamaks stabiilsust. Lisaks on v\u00f5imalik reguleerida auto kiirust kaugjuhitava puldiga.<\/span><\/li>\n<li class=\"a-spacing-small\"><span class=\"a-list-item\"><strong>Kaugjuhtimis pult<\/strong> &#8211; S\u00f5idustiilides on sul v\u00f5imalik valida, et kas lased lapsel ise s\u00f5ita v\u00f5i haarad ohjad puldiga. Puldiga on teil v\u00f5imalik kontrollida kiirust, auto liikumissuunda ning kas auto s\u00f5idab edasi v\u00f5i tagurdab. <\/span><\/li>\n<li class=\"a-spacing-small\"><strong>Muusika<\/strong> &#8211; Autole on paigaldatud USB sisend ja stereos\u00fcsteem, et laps saaks s\u00f5idu ajal ka oma lemmik playliste kuulata. \u00dchtlasi on v\u00f5imalik stereole k\u00f5rvaklapid \u00fchendada.<\/li>\n<li class=\"a-spacing-small\"><strong>Vastupidav materjal<\/strong> &#8211; Auto on tehtud tugevast metallist, PP ja veekindlatest rehvidest. Auto on vastupidav ja kerge. Juhile on paigaldatud korralik nahkiste.<\/li>\n<\/ul>\n","protected":false},"excerpt":{"rendered":"<h6>Elektriauto Audi R8 Sport<\/h6>\n<p>&nbsp;<\/p>\n<ul class=\"a-unordered-list a-vertical a-spacing-mini\">\n<li class=\"a-spacing-small\"><span class=\"a-list-item\">Lastele vanuses 1-5a<\/span><\/li>\n<li class=\"a-spacing-small\"><span class=\"a-list-item\">Max kandev\u00f5ime 25 kg<\/span><\/li>\n<li class=\"a-spacing-small\"><span class=\"a-list-item\">Auto m\u00f5\u00f5dud \u200e107 x 58 x 48 cm<\/span><\/li>\n<li class=\"a-spacing-small\"><span class=\"a-list-item\">Kiirus: 3-5 km\/h. <\/span><\/li>\n<li class=\"a-spacing-small\"><span class=\"a-list-item\">S\u00f5iduaeg \u00fche laadimisega: 45min<\/span><\/li>\n<li class=\"a-spacing-small\"><span class=\"a-list-item\">Laadimisaeg: 8-12h <\/span><\/li>\n<\/ul>\n","protected":false},"featured_media":9964,"template":"","meta":[],"product_cat":[1655],"product_tag":[],"class_list":{"0":"post-9963","1":"product","2":"type-product","3":"status-publish","4":"has-post-thumbnail","6":"product_cat-laste-elektrisoidukid","8":"first","9":"instock","10":"taxable","11":"shipping-taxable","12":"purchasable","13":"product-type-variable"},"yoast_head":"<!-- This site is optimized with the Yoast SEO plugin v23.8 - https:\/\/yoast.com\/wordpress\/plugins\/seo\/ -->\n<title>Elektriauto Audi R8 Sport - Ecocruiser<\/title>\n<meta name=\"description\" content=\"Elektriauto Audi R8 Sport - Kvaliteetsed br\u00e4ndid, lai valik - Ecocruiser.ee - K\u00fcsimuste korral v\u00f5ta \u00fchendust info@projekt.vombat.ee\" \/>\n<meta name=\"robots\" content=\"noindex, follow, max-snippet:-1, max-image-preview:large, max-video-preview:-1\" \/>\n<meta property=\"og:locale\" content=\"en_GB\" \/>\n<meta property=\"og:type\" content=\"article\" \/>\n<meta property=\"og:title\" content=\"Elektriauto Audi R8 Sport - Ecocruiser\" \/>\n<meta property=\"og:description\" content=\"Elektriauto Audi R8 Sport - Kvaliteetsed br\u00e4ndid, lai valik - Ecocruiser.ee - K\u00fcsimuste korral v\u00f5ta \u00fchendust info@projekt.vombat.ee\" \/>\n<meta property=\"og:url\" content=\"https:\/\/projekt.vombat.ee\/eco\/pood\/laste-elektrisoidukid\/elektriauto-audi-r8-sport\/\" \/>\n<meta property=\"og:site_name\" content=\"Ecocruiser\" \/>\n<meta property=\"article:modified_time\" content=\"2023-06-02T19:11:12+00:00\" \/>\n<meta property=\"og:image\" content=\"https:\/\/projekt.vombat.ee\/eco\/wp-content\/uploads\/2023\/06\/71oZEnHUVSL._AC_SL1500_.jpg\" \/>\n\t<meta property=\"og:image:width\" content=\"1500\" \/>\n\t<meta property=\"og:image:height\" content=\"996\" \/>\n\t<meta property=\"og:image:type\" content=\"image\/jpeg\" \/>\n<meta name=\"twitter:card\" content=\"summary_large_image\" \/>\n<meta name=\"twitter:label1\" content=\"Estimated reading time\" \/>\n\t<meta name=\"twitter:data1\" content=\"1 minute\" \/>\n<script type=\"application\/ld+json\" class=\"yoast-schema-graph\">{\"@context\":\"https:\/\/schema.org\",\"@graph\":[{\"@type\":\"WebPage\",\"@id\":\"https:\/\/projekt.vombat.ee\/eco\/pood\/laste-elektrisoidukid\/elektriauto-audi-r8-sport\/\",\"url\":\"https:\/\/projekt.vombat.ee\/eco\/pood\/laste-elektrisoidukid\/elektriauto-audi-r8-sport\/\",\"name\":\"Elektriauto Audi R8 Sport - Ecocruiser\",\"isPartOf\":{\"@id\":\"https:\/\/projekt.vombat.ee\/eco\/#website\"},\"primaryImageOfPage\":{\"@id\":\"https:\/\/projekt.vombat.ee\/eco\/pood\/laste-elektrisoidukid\/elektriauto-audi-r8-sport\/#primaryimage\"},\"image\":{\"@id\":\"https:\/\/projekt.vombat.ee\/eco\/pood\/laste-elektrisoidukid\/elektriauto-audi-r8-sport\/#primaryimage\"},\"thumbnailUrl\":\"https:\/\/projekt.vombat.ee\/eco\/wp-content\/uploads\/2023\/06\/71oZEnHUVSL._AC_SL1500_.jpg\",\"datePublished\":\"2023-06-02T19:10:49+00:00\",\"dateModified\":\"2023-06-02T19:11:12+00:00\",\"description\":\"Elektriauto Audi R8 Sport - Kvaliteetsed br\u00e4ndid, lai valik - Ecocruiser.ee - K\u00fcsimuste korral v\u00f5ta \u00fchendust info@projekt.vombat.ee\",\"breadcrumb\":{\"@id\":\"https:\/\/projekt.vombat.ee\/eco\/pood\/laste-elektrisoidukid\/elektriauto-audi-r8-sport\/#breadcrumb\"},\"inLanguage\":\"en-GB\",\"potentialAction\":[{\"@type\":\"ReadAction\",\"target\":[\"https:\/\/projekt.vombat.ee\/eco\/pood\/laste-elektrisoidukid\/elektriauto-audi-r8-sport\/\"]}]},{\"@type\":\"ImageObject\",\"inLanguage\":\"en-GB\",\"@id\":\"https:\/\/projekt.vombat.ee\/eco\/pood\/laste-elektrisoidukid\/elektriauto-audi-r8-sport\/#primaryimage\",\"url\":\"https:\/\/projekt.vombat.ee\/eco\/wp-content\/uploads\/2023\/06\/71oZEnHUVSL._AC_SL1500_.jpg\",\"contentUrl\":\"https:\/\/projekt.vombat.ee\/eco\/wp-content\/uploads\/2023\/06\/71oZEnHUVSL._AC_SL1500_.jpg\",\"width\":1500,\"height\":996},{\"@type\":\"BreadcrumbList\",\"@id\":\"https:\/\/projekt.vombat.ee\/eco\/pood\/laste-elektrisoidukid\/elektriauto-audi-r8-sport\/#breadcrumb\",\"itemListElement\":[{\"@type\":\"ListItem\",\"position\":1,\"name\":\"Home\",\"item\":\"https:\/\/projekt.vombat.ee\/eco\/\"},{\"@type\":\"ListItem\",\"position\":2,\"name\":\"Pood\",\"item\":\"https:\/\/projekt.vombat.ee\/eco\/pood\/\"},{\"@type\":\"ListItem\",\"position\":3,\"name\":\"Elektriauto Audi R8 Sport\"}]},{\"@type\":\"WebSite\",\"@id\":\"https:\/\/projekt.vombat.ee\/eco\/#website\",\"url\":\"https:\/\/projekt.vombat.ee\/eco\/\",\"name\":\"Ecocruiser\",\"description\":\"\",\"publisher\":{\"@id\":\"https:\/\/projekt.vombat.ee\/eco\/#organization\"},\"potentialAction\":[{\"@type\":\"SearchAction\",\"target\":{\"@type\":\"EntryPoint\",\"urlTemplate\":\"https:\/\/projekt.vombat.ee\/eco\/?s={search_term_string}\"},\"query-input\":{\"@type\":\"PropertyValueSpecification\",\"valueRequired\":true,\"valueName\":\"search_term_string\"}}],\"inLanguage\":\"en-GB\"},{\"@type\":\"Organization\",\"@id\":\"https:\/\/projekt.vombat.ee\/eco\/#organization\",\"name\":\"Ecocruiser\",\"url\":\"https:\/\/projekt.vombat.ee\/eco\/\",\"logo\":{\"@type\":\"ImageObject\",\"inLanguage\":\"en-GB\",\"@id\":\"https:\/\/projekt.vombat.ee\/eco\/#\/schema\/logo\/image\/\",\"url\":\"https:\/\/projekt.vombat.ee\/eco\/wp-content\/uploads\/2023\/03\/ECOCRUISER_5.png\",\"contentUrl\":\"https:\/\/projekt.vombat.ee\/eco\/wp-content\/uploads\/2023\/03\/ECOCRUISER_5.png\",\"width\":234,\"height\":91,\"caption\":\"Ecocruiser\"},\"image\":{\"@id\":\"https:\/\/projekt.vombat.ee\/eco\/#\/schema\/logo\/image\/\"}}]}<\/script>\n<!-- \/ Yoast SEO plugin. -->","yoast_head_json":{"title":"Elektriauto Audi R8 Sport - Ecocruiser","description":"Elektriauto Audi R8 Sport - Kvaliteetsed br\u00e4ndid, lai valik - Ecocruiser.ee - K\u00fcsimuste korral v\u00f5ta \u00fchendust info@projekt.vombat.ee","robots":{"index":"noindex","follow":"follow","max-snippet":"max-snippet:-1","max-image-preview":"max-image-preview:large","max-video-preview":"max-video-preview:-1"},"og_locale":"en_GB","og_type":"article","og_title":"Elektriauto Audi R8 Sport - Ecocruiser","og_description":"Elektriauto Audi R8 Sport - Kvaliteetsed br\u00e4ndid, lai valik - Ecocruiser.ee - K\u00fcsimuste korral v\u00f5ta \u00fchendust info@projekt.vombat.ee","og_url":"https:\/\/projekt.vombat.ee\/eco\/pood\/laste-elektrisoidukid\/elektriauto-audi-r8-sport\/","og_site_name":"Ecocruiser","article_modified_time":"2023-06-02T19:11:12+00:00","og_image":[{"width":1500,"height":996,"url":"https:\/\/projekt.vombat.ee\/eco\/wp-content\/uploads\/2023\/06\/71oZEnHUVSL._AC_SL1500_.jpg","type":"image\/jpeg"}],"twitter_card":"summary_large_image","twitter_misc":{"Estimated reading time":"1 minute"},"schema":{"@context":"https:\/\/schema.org","@graph":[{"@type":"WebPage","@id":"https:\/\/projekt.vombat.ee\/eco\/pood\/laste-elektrisoidukid\/elektriauto-audi-r8-sport\/","url":"https:\/\/projekt.vombat.ee\/eco\/pood\/laste-elektrisoidukid\/elektriauto-audi-r8-sport\/","name":"Elektriauto Audi R8 Sport - Ecocruiser","isPartOf":{"@id":"https:\/\/projekt.vombat.ee\/eco\/#website"},"primaryImageOfPage":{"@id":"https:\/\/projekt.vombat.ee\/eco\/pood\/laste-elektrisoidukid\/elektriauto-audi-r8-sport\/#primaryimage"},"image":{"@id":"https:\/\/projekt.vombat.ee\/eco\/pood\/laste-elektrisoidukid\/elektriauto-audi-r8-sport\/#primaryimage"},"thumbnailUrl":"https:\/\/projekt.vombat.ee\/eco\/wp-content\/uploads\/2023\/06\/71oZEnHUVSL._AC_SL1500_.jpg","datePublished":"2023-06-02T19:10:49+00:00","dateModified":"2023-06-02T19:11:12+00:00","description":"Elektriauto Audi R8 Sport - Kvaliteetsed br\u00e4ndid, lai valik - Ecocruiser.ee - K\u00fcsimuste korral v\u00f5ta \u00fchendust info@projekt.vombat.ee","breadcrumb":{"@id":"https:\/\/projekt.vombat.ee\/eco\/pood\/laste-elektrisoidukid\/elektriauto-audi-r8-sport\/#breadcrumb"},"inLanguage":"en-GB","potentialAction":[{"@type":"ReadAction","target":["https:\/\/projekt.vombat.ee\/eco\/pood\/laste-elektrisoidukid\/elektriauto-audi-r8-sport\/"]}]},{"@type":"ImageObject","inLanguage":"en-GB","@id":"https:\/\/projekt.vombat.ee\/eco\/pood\/laste-elektrisoidukid\/elektriauto-audi-r8-sport\/#primaryimage","url":"https:\/\/projekt.vombat.ee\/eco\/wp-content\/uploads\/2023\/06\/71oZEnHUVSL._AC_SL1500_.jpg","contentUrl":"https:\/\/projekt.vombat.ee\/eco\/wp-content\/uploads\/2023\/06\/71oZEnHUVSL._AC_SL1500_.jpg","width":1500,"height":996},{"@type":"BreadcrumbList","@id":"https:\/\/projekt.vombat.ee\/eco\/pood\/laste-elektrisoidukid\/elektriauto-audi-r8-sport\/#breadcrumb","itemListElement":[{"@type":"ListItem","position":1,"name":"Home","item":"https:\/\/projekt.vombat.ee\/eco\/"},{"@type":"ListItem","position":2,"name":"Pood","item":"https:\/\/projekt.vombat.ee\/eco\/pood\/"},{"@type":"ListItem","position":3,"name":"Elektriauto Audi R8 Sport"}]},{"@type":"WebSite","@id":"https:\/\/projekt.vombat.ee\/eco\/#website","url":"https:\/\/projekt.vombat.ee\/eco\/","name":"Ecocruiser","description":"","publisher":{"@id":"https:\/\/projekt.vombat.ee\/eco\/#organization"},"potentialAction":[{"@type":"SearchAction","target":{"@type":"EntryPoint","urlTemplate":"https:\/\/projekt.vombat.ee\/eco\/?s={search_term_string}"},"query-input":{"@type":"PropertyValueSpecification","valueRequired":true,"valueName":"search_term_string"}}],"inLanguage":"en-GB"},{"@type":"Organization","@id":"https:\/\/projekt.vombat.ee\/eco\/#organization","name":"Ecocruiser","url":"https:\/\/projekt.vombat.ee\/eco\/","logo":{"@type":"ImageObject","inLanguage":"en-GB","@id":"https:\/\/projekt.vombat.ee\/eco\/#\/schema\/logo\/image\/","url":"https:\/\/projekt.vombat.ee\/eco\/wp-content\/uploads\/2023\/03\/ECOCRUISER_5.png","contentUrl":"https:\/\/projekt.vombat.ee\/eco\/wp-content\/uploads\/2023\/03\/ECOCRUISER_5.png","width":234,"height":91,"caption":"Ecocruiser"},"image":{"@id":"https:\/\/projekt.vombat.ee\/eco\/#\/schema\/logo\/image\/"}}]}},"lang":"et","translations":{"et":9963},"pll_sync_post":[],"_links":{"self":[{"href":"https:\/\/projekt.vombat.ee\/eco\/wp-json\/wp\/v2\/product\/9963"}],"collection":[{"href":"https:\/\/projekt.vombat.ee\/eco\/wp-json\/wp\/v2\/product"}],"about":[{"href":"https:\/\/projekt.vombat.ee\/eco\/wp-json\/wp\/v2\/types\/product"}],"version-history":[{"count":2,"href":"https:\/\/projekt.vombat.ee\/eco\/wp-json\/wp\/v2\/product\/9963\/revisions"}],"predecessor-version":[{"id":9976,"href":"https:\/\/projekt.vombat.ee\/eco\/wp-json\/wp\/v2\/product\/9963\/revisions\/9976"}],"wp:featuredmedia":[{"embeddable":true,"href":"https:\/\/projekt.vombat.ee\/eco\/wp-json\/wp\/v2\/media\/9964"}],"wp:attachment":[{"href":"https:\/\/projekt.vombat.ee\/eco\/wp-json\/wp\/v2\/media?parent=9963"}],"wp:term":[{"taxonomy":"product_cat","embeddable":true,"href":"https:\/\/projekt.vombat.ee\/eco\/wp-json\/wp\/v2\/product_cat?post=9963"},{"taxonomy":"product_tag","embeddable":true,"href":"https:\/\/projekt.vombat.ee\/eco\/wp-json\/wp\/v2\/product_tag?post=9963"}],"curies":[{"name":"wp","href":"https:\/\/api.w.org\/{rel}","templated":true}]}}