{"id":9909,"date":"2023-06-01T17:53:09","date_gmt":"2023-06-01T17:53:09","guid":{"rendered":"https:\/\/projekt.vombat.ee\/eco\/?post_type=product&#038;p=9909"},"modified":"2023-06-01T17:54:31","modified_gmt":"2023-06-01T17:54:31","slug":"elektriauto-mercedes-g63-6x6-amg-4x45w","status":"publish","type":"product","link":"https:\/\/projekt.vombat.ee\/eco\/pood\/laste-elektrisoidukid\/elektriauto-mercedes-g63-6x6-amg-4x45w\/","title":{"rendered":"Elektriauto Mercedes G63 6X6 AMG, 4x45W"},"content":{"rendered":"<h1>MERCEDES G63 6&#215;6 LASTE ELEKTRIAUTO<\/h1>\n<p>Elektriauto, millel on tavalisest rohkem lisasid. P\u00f5hilised lisad on kummist rattad, nahkiste ja\u00a0 Prantsuse uksed. V\u00f5imsuse tagavad autole 4 mootorit, mis kokku annavad nelja peale v\u00f5imsuseks 180W. Elektriautod lastele on parim m\u00e4nguasi \u00fcldse ilusal suvep\u00e4eval. Kolme eri kiirusastmega annab auto v\u00e4lja 3-6km\/h. Autot on v\u00f5imalik kontrollida ka puldist. Selle abil saavad lapsevanemad j\u00e4lgida, et laste s\u00f5it ohtlikuks ei muutuks v\u00f5i kui lapsed s\u00f5ita veel ei oska saab puldiga seda lihtsasti juhtida.<\/p>\n<p>Autole on paigaldatud pehme stardi funktsioon. See t\u00e4hendab, et auto kiirendab sujuvalt mitte, et vajutad pedaali ja kohe 6km\/h. Lisaks on turvalisuse lisamiseks autol turvav\u00f6\u00f6 ja LED esituled. \u00dchtlasi on v\u00f5imalik autos lasta muusikat kas MP3, raadio, USB, m\u00e4lukaardi v\u00f5i AUX juhtme vahendusel. T\u00f5ep\u00e4rase tunde loomiseks on autole paigaldatud mootori h\u00e4\u00e4l ning signaal. Kokkuv\u00f5ttes, lahedamat masinat lapsele ei leia \ud83d\ude42<\/p>\n","protected":false},"excerpt":{"rendered":"<h4>Elektriauto Mercedes G63 6X6 AMG, 4x45W<\/h4>\n<ul class=\"a-unordered-list a-vertical a-spacing-mini\">\n<li class=\"a-spacing-small\">Kontrollitav ka kaugjuhtimis puldiga<\/li>\n<li class=\"a-spacing-small\">Nahkiste ja kummist rehvid<\/li>\n<li class=\"a-spacing-small\"><span class=\"a-list-item\">LED esituled<\/span><\/li>\n<li class=\"a-spacing-small\"><span class=\"a-list-item\">Muusika m\u00e4ngimise v\u00f5imalus<\/span><\/li>\n<li class=\"a-spacing-small\"><span class=\"a-list-item\">3 kiirusastet<\/span><\/li>\n<li class=\"a-spacing-small\"><span class=\"a-list-item\">M\u00f5\u00f5dud: 120 x 68 x 61 cm<\/span><\/li>\n<li class=\"a-spacing-small\"><span class=\"a-list-item\">Kaal: 40 kg<\/span><\/li>\n<li class=\"a-spacing-small\"><span class=\"a-list-item\">Soovituslik vanus: 1-5a<\/span><\/li>\n<\/ul>\n","protected":false},"featured_media":9910,"template":"","meta":[],"product_cat":[1655],"product_tag":[],"class_list":{"0":"post-9909","1":"product","2":"type-product","3":"status-publish","4":"has-post-thumbnail","6":"product_cat-laste-elektrisoidukid","8":"first","9":"instock","10":"taxable","11":"shipping-taxable","12":"purchasable","13":"product-type-variable"},"yoast_head":"<!-- This site is optimized with the Yoast SEO plugin v23.8 - https:\/\/yoast.com\/wordpress\/plugins\/seo\/ -->\n<title>Elektriauto Mercedes G63 6X6 AMG, 4x45W - Ecocruiser<\/title>\n<meta name=\"description\" content=\"Elektriauto Mercedes G63 6X6 AMG, 4x45W - Kvaliteetsed br\u00e4ndid, lai valik - Ecocruiser.ee - K\u00fcsimuste korral v\u00f5ta \u00fchendust info@projekt.vombat.ee\" \/>\n<meta name=\"robots\" content=\"noindex, follow, max-snippet:-1, max-image-preview:large, max-video-preview:-1\" \/>\n<meta property=\"og:locale\" content=\"en_GB\" \/>\n<meta property=\"og:type\" content=\"article\" \/>\n<meta property=\"og:title\" content=\"Elektriauto Mercedes G63 6X6 AMG, 4x45W - Ecocruiser\" \/>\n<meta property=\"og:description\" content=\"Elektriauto Mercedes G63 6X6 AMG, 4x45W - Kvaliteetsed br\u00e4ndid, lai valik - Ecocruiser.ee - K\u00fcsimuste korral v\u00f5ta \u00fchendust info@projekt.vombat.ee\" \/>\n<meta property=\"og:url\" content=\"https:\/\/projekt.vombat.ee\/eco\/pood\/laste-elektrisoidukid\/elektriauto-mercedes-g63-6x6-amg-4x45w\/\" \/>\n<meta property=\"og:site_name\" content=\"Ecocruiser\" \/>\n<meta property=\"article:modified_time\" content=\"2023-06-01T17:54:31+00:00\" \/>\n<meta property=\"og:image\" content=\"https:\/\/projekt.vombat.ee\/eco\/wp-content\/uploads\/2023\/06\/Mesa1.jpg\" \/>\n\t<meta property=\"og:image:width\" content=\"1500\" \/>\n\t<meta property=\"og:image:height\" content=\"1184\" \/>\n\t<meta property=\"og:image:type\" content=\"image\/jpeg\" \/>\n<meta name=\"twitter:card\" content=\"summary_large_image\" \/>\n<meta name=\"twitter:label1\" content=\"Estimated reading time\" \/>\n\t<meta name=\"twitter:data1\" content=\"1 minute\" \/>\n<script type=\"application\/ld+json\" class=\"yoast-schema-graph\">{\"@context\":\"https:\/\/schema.org\",\"@graph\":[{\"@type\":\"WebPage\",\"@id\":\"https:\/\/projekt.vombat.ee\/eco\/pood\/laste-elektrisoidukid\/elektriauto-mercedes-g63-6x6-amg-4x45w\/\",\"url\":\"https:\/\/projekt.vombat.ee\/eco\/pood\/laste-elektrisoidukid\/elektriauto-mercedes-g63-6x6-amg-4x45w\/\",\"name\":\"Elektriauto Mercedes G63 6X6 AMG, 4x45W - Ecocruiser\",\"isPartOf\":{\"@id\":\"https:\/\/projekt.vombat.ee\/eco\/#website\"},\"primaryImageOfPage\":{\"@id\":\"https:\/\/projekt.vombat.ee\/eco\/pood\/laste-elektrisoidukid\/elektriauto-mercedes-g63-6x6-amg-4x45w\/#primaryimage\"},\"image\":{\"@id\":\"https:\/\/projekt.vombat.ee\/eco\/pood\/laste-elektrisoidukid\/elektriauto-mercedes-g63-6x6-amg-4x45w\/#primaryimage\"},\"thumbnailUrl\":\"https:\/\/projekt.vombat.ee\/eco\/wp-content\/uploads\/2023\/06\/Mesa1.jpg\",\"datePublished\":\"2023-06-01T17:53:09+00:00\",\"dateModified\":\"2023-06-01T17:54:31+00:00\",\"description\":\"Elektriauto Mercedes G63 6X6 AMG, 4x45W - Kvaliteetsed br\u00e4ndid, lai valik - Ecocruiser.ee - K\u00fcsimuste korral v\u00f5ta \u00fchendust info@projekt.vombat.ee\",\"breadcrumb\":{\"@id\":\"https:\/\/projekt.vombat.ee\/eco\/pood\/laste-elektrisoidukid\/elektriauto-mercedes-g63-6x6-amg-4x45w\/#breadcrumb\"},\"inLanguage\":\"en-GB\",\"potentialAction\":[{\"@type\":\"ReadAction\",\"target\":[\"https:\/\/projekt.vombat.ee\/eco\/pood\/laste-elektrisoidukid\/elektriauto-mercedes-g63-6x6-amg-4x45w\/\"]}]},{\"@type\":\"ImageObject\",\"inLanguage\":\"en-GB\",\"@id\":\"https:\/\/projekt.vombat.ee\/eco\/pood\/laste-elektrisoidukid\/elektriauto-mercedes-g63-6x6-amg-4x45w\/#primaryimage\",\"url\":\"https:\/\/projekt.vombat.ee\/eco\/wp-content\/uploads\/2023\/06\/Mesa1.jpg\",\"contentUrl\":\"https:\/\/projekt.vombat.ee\/eco\/wp-content\/uploads\/2023\/06\/Mesa1.jpg\",\"width\":1500,\"height\":1184},{\"@type\":\"BreadcrumbList\",\"@id\":\"https:\/\/projekt.vombat.ee\/eco\/pood\/laste-elektrisoidukid\/elektriauto-mercedes-g63-6x6-amg-4x45w\/#breadcrumb\",\"itemListElement\":[{\"@type\":\"ListItem\",\"position\":1,\"name\":\"Home\",\"item\":\"https:\/\/projekt.vombat.ee\/eco\/\"},{\"@type\":\"ListItem\",\"position\":2,\"name\":\"Pood\",\"item\":\"https:\/\/projekt.vombat.ee\/eco\/pood\/\"},{\"@type\":\"ListItem\",\"position\":3,\"name\":\"Elektriauto Mercedes G63 6X6 AMG, 4x45W\"}]},{\"@type\":\"WebSite\",\"@id\":\"https:\/\/projekt.vombat.ee\/eco\/#website\",\"url\":\"https:\/\/projekt.vombat.ee\/eco\/\",\"name\":\"Ecocruiser\",\"description\":\"\",\"publisher\":{\"@id\":\"https:\/\/projekt.vombat.ee\/eco\/#organization\"},\"potentialAction\":[{\"@type\":\"SearchAction\",\"target\":{\"@type\":\"EntryPoint\",\"urlTemplate\":\"https:\/\/projekt.vombat.ee\/eco\/?s={search_term_string}\"},\"query-input\":{\"@type\":\"PropertyValueSpecification\",\"valueRequired\":true,\"valueName\":\"search_term_string\"}}],\"inLanguage\":\"en-GB\"},{\"@type\":\"Organization\",\"@id\":\"https:\/\/projekt.vombat.ee\/eco\/#organization\",\"name\":\"Ecocruiser\",\"url\":\"https:\/\/projekt.vombat.ee\/eco\/\",\"logo\":{\"@type\":\"ImageObject\",\"inLanguage\":\"en-GB\",\"@id\":\"https:\/\/projekt.vombat.ee\/eco\/#\/schema\/logo\/image\/\",\"url\":\"https:\/\/projekt.vombat.ee\/eco\/wp-content\/uploads\/2023\/03\/ECOCRUISER_5.png\",\"contentUrl\":\"https:\/\/projekt.vombat.ee\/eco\/wp-content\/uploads\/2023\/03\/ECOCRUISER_5.png\",\"width\":234,\"height\":91,\"caption\":\"Ecocruiser\"},\"image\":{\"@id\":\"https:\/\/projekt.vombat.ee\/eco\/#\/schema\/logo\/image\/\"}}]}<\/script>\n<!-- \/ Yoast SEO plugin. -->","yoast_head_json":{"title":"Elektriauto Mercedes G63 6X6 AMG, 4x45W - Ecocruiser","description":"Elektriauto Mercedes G63 6X6 AMG, 4x45W - Kvaliteetsed br\u00e4ndid, lai valik - Ecocruiser.ee - K\u00fcsimuste korral v\u00f5ta \u00fchendust info@projekt.vombat.ee","robots":{"index":"noindex","follow":"follow","max-snippet":"max-snippet:-1","max-image-preview":"max-image-preview:large","max-video-preview":"max-video-preview:-1"},"og_locale":"en_GB","og_type":"article","og_title":"Elektriauto Mercedes G63 6X6 AMG, 4x45W - Ecocruiser","og_description":"Elektriauto Mercedes G63 6X6 AMG, 4x45W - Kvaliteetsed br\u00e4ndid, lai valik - Ecocruiser.ee - K\u00fcsimuste korral v\u00f5ta \u00fchendust info@projekt.vombat.ee","og_url":"https:\/\/projekt.vombat.ee\/eco\/pood\/laste-elektrisoidukid\/elektriauto-mercedes-g63-6x6-amg-4x45w\/","og_site_name":"Ecocruiser","article_modified_time":"2023-06-01T17:54:31+00:00","og_image":[{"width":1500,"height":1184,"url":"https:\/\/projekt.vombat.ee\/eco\/wp-content\/uploads\/2023\/06\/Mesa1.jpg","type":"image\/jpeg"}],"twitter_card":"summary_large_image","twitter_misc":{"Estimated reading time":"1 minute"},"schema":{"@context":"https:\/\/schema.org","@graph":[{"@type":"WebPage","@id":"https:\/\/projekt.vombat.ee\/eco\/pood\/laste-elektrisoidukid\/elektriauto-mercedes-g63-6x6-amg-4x45w\/","url":"https:\/\/projekt.vombat.ee\/eco\/pood\/laste-elektrisoidukid\/elektriauto-mercedes-g63-6x6-amg-4x45w\/","name":"Elektriauto Mercedes G63 6X6 AMG, 4x45W - Ecocruiser","isPartOf":{"@id":"https:\/\/projekt.vombat.ee\/eco\/#website"},"primaryImageOfPage":{"@id":"https:\/\/projekt.vombat.ee\/eco\/pood\/laste-elektrisoidukid\/elektriauto-mercedes-g63-6x6-amg-4x45w\/#primaryimage"},"image":{"@id":"https:\/\/projekt.vombat.ee\/eco\/pood\/laste-elektrisoidukid\/elektriauto-mercedes-g63-6x6-amg-4x45w\/#primaryimage"},"thumbnailUrl":"https:\/\/projekt.vombat.ee\/eco\/wp-content\/uploads\/2023\/06\/Mesa1.jpg","datePublished":"2023-06-01T17:53:09+00:00","dateModified":"2023-06-01T17:54:31+00:00","description":"Elektriauto Mercedes G63 6X6 AMG, 4x45W - Kvaliteetsed br\u00e4ndid, lai valik - Ecocruiser.ee - K\u00fcsimuste korral v\u00f5ta \u00fchendust info@projekt.vombat.ee","breadcrumb":{"@id":"https:\/\/projekt.vombat.ee\/eco\/pood\/laste-elektrisoidukid\/elektriauto-mercedes-g63-6x6-amg-4x45w\/#breadcrumb"},"inLanguage":"en-GB","potentialAction":[{"@type":"ReadAction","target":["https:\/\/projekt.vombat.ee\/eco\/pood\/laste-elektrisoidukid\/elektriauto-mercedes-g63-6x6-amg-4x45w\/"]}]},{"@type":"ImageObject","inLanguage":"en-GB","@id":"https:\/\/projekt.vombat.ee\/eco\/pood\/laste-elektrisoidukid\/elektriauto-mercedes-g63-6x6-amg-4x45w\/#primaryimage","url":"https:\/\/projekt.vombat.ee\/eco\/wp-content\/uploads\/2023\/06\/Mesa1.jpg","contentUrl":"https:\/\/projekt.vombat.ee\/eco\/wp-content\/uploads\/2023\/06\/Mesa1.jpg","width":1500,"height":1184},{"@type":"BreadcrumbList","@id":"https:\/\/projekt.vombat.ee\/eco\/pood\/laste-elektrisoidukid\/elektriauto-mercedes-g63-6x6-amg-4x45w\/#breadcrumb","itemListElement":[{"@type":"ListItem","position":1,"name":"Home","item":"https:\/\/projekt.vombat.ee\/eco\/"},{"@type":"ListItem","position":2,"name":"Pood","item":"https:\/\/projekt.vombat.ee\/eco\/pood\/"},{"@type":"ListItem","position":3,"name":"Elektriauto Mercedes G63 6X6 AMG, 4x45W"}]},{"@type":"WebSite","@id":"https:\/\/projekt.vombat.ee\/eco\/#website","url":"https:\/\/projekt.vombat.ee\/eco\/","name":"Ecocruiser","description":"","publisher":{"@id":"https:\/\/projekt.vombat.ee\/eco\/#organization"},"potentialAction":[{"@type":"SearchAction","target":{"@type":"EntryPoint","urlTemplate":"https:\/\/projekt.vombat.ee\/eco\/?s={search_term_string}"},"query-input":{"@type":"PropertyValueSpecification","valueRequired":true,"valueName":"search_term_string"}}],"inLanguage":"en-GB"},{"@type":"Organization","@id":"https:\/\/projekt.vombat.ee\/eco\/#organization","name":"Ecocruiser","url":"https:\/\/projekt.vombat.ee\/eco\/","logo":{"@type":"ImageObject","inLanguage":"en-GB","@id":"https:\/\/projekt.vombat.ee\/eco\/#\/schema\/logo\/image\/","url":"https:\/\/projekt.vombat.ee\/eco\/wp-content\/uploads\/2023\/03\/ECOCRUISER_5.png","contentUrl":"https:\/\/projekt.vombat.ee\/eco\/wp-content\/uploads\/2023\/03\/ECOCRUISER_5.png","width":234,"height":91,"caption":"Ecocruiser"},"image":{"@id":"https:\/\/projekt.vombat.ee\/eco\/#\/schema\/logo\/image\/"}}]}},"lang":"et","translations":{"et":9909},"pll_sync_post":[],"_links":{"self":[{"href":"https:\/\/projekt.vombat.ee\/eco\/wp-json\/wp\/v2\/product\/9909"}],"collection":[{"href":"https:\/\/projekt.vombat.ee\/eco\/wp-json\/wp\/v2\/product"}],"about":[{"href":"https:\/\/projekt.vombat.ee\/eco\/wp-json\/wp\/v2\/types\/product"}],"version-history":[{"count":2,"href":"https:\/\/projekt.vombat.ee\/eco\/wp-json\/wp\/v2\/product\/9909\/revisions"}],"predecessor-version":[{"id":9923,"href":"https:\/\/projekt.vombat.ee\/eco\/wp-json\/wp\/v2\/product\/9909\/revisions\/9923"}],"wp:featuredmedia":[{"embeddable":true,"href":"https:\/\/projekt.vombat.ee\/eco\/wp-json\/wp\/v2\/media\/9910"}],"wp:attachment":[{"href":"https:\/\/projekt.vombat.ee\/eco\/wp-json\/wp\/v2\/media?parent=9909"}],"wp:term":[{"taxonomy":"product_cat","embeddable":true,"href":"https:\/\/projekt.vombat.ee\/eco\/wp-json\/wp\/v2\/product_cat?post=9909"},{"taxonomy":"product_tag","embeddable":true,"href":"https:\/\/projekt.vombat.ee\/eco\/wp-json\/wp\/v2\/product_tag?post=9909"}],"curies":[{"name":"wp","href":"https:\/\/api.w.org\/{rel}","templated":true}]}}