{"id":9840,"date":"2023-05-28T15:25:20","date_gmt":"2023-05-28T15:25:20","guid":{"rendered":"https:\/\/projekt.vombat.ee\/eco\/?post_type=product&#038;p=9840"},"modified":"2023-05-28T15:25:20","modified_gmt":"2023-05-28T15:25:20","slug":"vedenpitava-laukku-nordlight","status":"publish","type":"product","link":"https:\/\/projekt.vombat.ee\/eco\/fi\/myym%C3%A4l%C3%A4\/sup-laudat\/vedenpitava-laukku-nordlight\/","title":{"rendered":"Vedenpit\u00e4v\u00e4 laukku Nordlight"},"content":{"rendered":"<h3>Koot<\/h3>\n<p>2 L (18 x 12 x 12 cm)<br \/>\n5 L (21 x 18 x 18 cm)<br \/>\n10 L (38 x 19 x 19 cm)<br \/>\n15 L (48 x 24 x 24 cm)<br \/>\n20 L (46 x 24 x 24 cm)<\/p>\n<p>V\u00e4ri: Sininen<\/p>\n","protected":false},"excerpt":{"rendered":"<p>Pid\u00e4 k\u00e4nnykk\u00e4si, \u00e4lypuhelin, lompakko ja henkil\u00f6llisyystodistus turvassa vedenpit\u00e4v\u00e4ss\u00e4 pussissa \ud83d\ude42<\/p>\n<p>V\u00e4ri: Sininen<\/p>\n<p>&nbsp;<\/p>\n<p><strong>\u2666 Toimitusaika 2-6 ty\u00f6p\u00e4iv\u00e4\u00e4<\/strong><br \/>\n<strong>\u2666 Varastossa<\/strong><\/p>\n","protected":false},"featured_media":9841,"template":"","meta":[],"product_cat":[1513],"product_tag":[],"class_list":{"0":"post-9840","1":"product","2":"type-product","3":"status-publish","4":"has-post-thumbnail","6":"product_cat-sup-laudat","7":"product_shipping_class-sup-lauad","9":"first","10":"instock","11":"taxable","12":"shipping-taxable","13":"purchasable","14":"product-type-variable"},"yoast_head":"<!-- This site is optimized with the Yoast SEO plugin v23.8 - https:\/\/yoast.com\/wordpress\/plugins\/seo\/ -->\n<title>Vedenpit\u00e4v\u00e4 laukku Nordlight - Ecocruiser<\/title>\n<meta name=\"description\" content=\"Vedenpit\u00e4v\u00e4 laukku. Pid\u00e4 k\u00e4nnykk\u00e4si, \u00e4lypuhelin, lompakko ja henkil\u00f6llisyystodistus turvassa vedenpit\u00e4v\u00e4ss\u00e4 pussissa :)\" \/>\n<meta name=\"robots\" content=\"noindex, follow, max-snippet:-1, max-image-preview:large, max-video-preview:-1\" \/>\n<meta property=\"og:locale\" content=\"en_GB\" \/>\n<meta property=\"og:type\" content=\"article\" \/>\n<meta property=\"og:title\" content=\"Vedenpit\u00e4v\u00e4 laukku Nordlight - Ecocruiser\" \/>\n<meta property=\"og:description\" content=\"Vedenpit\u00e4v\u00e4 laukku. Pid\u00e4 k\u00e4nnykk\u00e4si, \u00e4lypuhelin, lompakko ja henkil\u00f6llisyystodistus turvassa vedenpit\u00e4v\u00e4ss\u00e4 pussissa :)\" \/>\n<meta property=\"og:url\" content=\"https:\/\/projekt.vombat.ee\/eco\/fi\/myym\u00e4l\u00e4\/sup-laudat\/vedenpitava-laukku-nordlight\/\" \/>\n<meta property=\"og:site_name\" content=\"Ecocruiser\" \/>\n<meta property=\"og:image\" content=\"https:\/\/projekt.vombat.ee\/eco\/wp-content\/uploads\/2023\/05\/1-1.png\" \/>\n\t<meta property=\"og:image:width\" content=\"488\" \/>\n\t<meta property=\"og:image:height\" content=\"616\" \/>\n\t<meta property=\"og:image:type\" content=\"image\/png\" \/>\n<meta name=\"twitter:card\" content=\"summary_large_image\" \/>\n<meta name=\"twitter:label1\" content=\"Estimated reading time\" \/>\n\t<meta name=\"twitter:data1\" content=\"1 minute\" \/>\n<script type=\"application\/ld+json\" class=\"yoast-schema-graph\">{\"@context\":\"https:\/\/schema.org\",\"@graph\":[{\"@type\":\"WebPage\",\"@id\":\"https:\/\/projekt.vombat.ee\/eco\/fi\/myym%C3%A4l%C3%A4\/sup-laudat\/vedenpitava-laukku-nordlight\/\",\"url\":\"https:\/\/projekt.vombat.ee\/eco\/fi\/myym%C3%A4l%C3%A4\/sup-laudat\/vedenpitava-laukku-nordlight\/\",\"name\":\"Vedenpit\u00e4v\u00e4 laukku Nordlight - Ecocruiser\",\"isPartOf\":{\"@id\":\"https:\/\/projekt.vombat.ee\/eco\/#website\"},\"primaryImageOfPage\":{\"@id\":\"https:\/\/projekt.vombat.ee\/eco\/fi\/myym%C3%A4l%C3%A4\/sup-laudat\/vedenpitava-laukku-nordlight\/#primaryimage\"},\"image\":{\"@id\":\"https:\/\/projekt.vombat.ee\/eco\/fi\/myym%C3%A4l%C3%A4\/sup-laudat\/vedenpitava-laukku-nordlight\/#primaryimage\"},\"thumbnailUrl\":\"https:\/\/projekt.vombat.ee\/eco\/wp-content\/uploads\/2023\/05\/1-1.png\",\"datePublished\":\"2023-05-28T15:25:20+00:00\",\"dateModified\":\"2023-05-28T15:25:20+00:00\",\"description\":\"Vedenpit\u00e4v\u00e4 laukku. Pid\u00e4 k\u00e4nnykk\u00e4si, \u00e4lypuhelin, lompakko ja henkil\u00f6llisyystodistus turvassa vedenpit\u00e4v\u00e4ss\u00e4 pussissa :)\",\"breadcrumb\":{\"@id\":\"https:\/\/projekt.vombat.ee\/eco\/fi\/myym%C3%A4l%C3%A4\/sup-laudat\/vedenpitava-laukku-nordlight\/#breadcrumb\"},\"inLanguage\":\"en-GB\",\"potentialAction\":[{\"@type\":\"ReadAction\",\"target\":[\"https:\/\/projekt.vombat.ee\/eco\/fi\/myym%C3%A4l%C3%A4\/sup-laudat\/vedenpitava-laukku-nordlight\/\"]}]},{\"@type\":\"ImageObject\",\"inLanguage\":\"en-GB\",\"@id\":\"https:\/\/projekt.vombat.ee\/eco\/fi\/myym%C3%A4l%C3%A4\/sup-laudat\/vedenpitava-laukku-nordlight\/#primaryimage\",\"url\":\"https:\/\/projekt.vombat.ee\/eco\/wp-content\/uploads\/2023\/05\/1-1.png\",\"contentUrl\":\"https:\/\/projekt.vombat.ee\/eco\/wp-content\/uploads\/2023\/05\/1-1.png\",\"width\":488,\"height\":616,\"caption\":\"veekindel kott\"},{\"@type\":\"BreadcrumbList\",\"@id\":\"https:\/\/projekt.vombat.ee\/eco\/fi\/myym%C3%A4l%C3%A4\/sup-laudat\/vedenpitava-laukku-nordlight\/#breadcrumb\",\"itemListElement\":[{\"@type\":\"ListItem\",\"position\":1,\"name\":\"Home\",\"item\":\"https:\/\/projekt.vombat.ee\/eco\/\"},{\"@type\":\"ListItem\",\"position\":2,\"name\":\"Pood\",\"item\":\"https:\/\/projekt.vombat.ee\/eco\/pood\/\"},{\"@type\":\"ListItem\",\"position\":3,\"name\":\"Vedenpit\u00e4v\u00e4 laukku Nordlight\"}]},{\"@type\":\"WebSite\",\"@id\":\"https:\/\/projekt.vombat.ee\/eco\/#website\",\"url\":\"https:\/\/projekt.vombat.ee\/eco\/\",\"name\":\"Ecocruiser\",\"description\":\"\",\"publisher\":{\"@id\":\"https:\/\/projekt.vombat.ee\/eco\/#organization\"},\"potentialAction\":[{\"@type\":\"SearchAction\",\"target\":{\"@type\":\"EntryPoint\",\"urlTemplate\":\"https:\/\/projekt.vombat.ee\/eco\/?s={search_term_string}\"},\"query-input\":{\"@type\":\"PropertyValueSpecification\",\"valueRequired\":true,\"valueName\":\"search_term_string\"}}],\"inLanguage\":\"en-GB\"},{\"@type\":\"Organization\",\"@id\":\"https:\/\/projekt.vombat.ee\/eco\/#organization\",\"name\":\"Ecocruiser\",\"url\":\"https:\/\/projekt.vombat.ee\/eco\/\",\"logo\":{\"@type\":\"ImageObject\",\"inLanguage\":\"en-GB\",\"@id\":\"https:\/\/projekt.vombat.ee\/eco\/#\/schema\/logo\/image\/\",\"url\":\"https:\/\/projekt.vombat.ee\/eco\/wp-content\/uploads\/2023\/03\/ECOCRUISER_5.png\",\"contentUrl\":\"https:\/\/projekt.vombat.ee\/eco\/wp-content\/uploads\/2023\/03\/ECOCRUISER_5.png\",\"width\":234,\"height\":91,\"caption\":\"Ecocruiser\"},\"image\":{\"@id\":\"https:\/\/projekt.vombat.ee\/eco\/#\/schema\/logo\/image\/\"}}]}<\/script>\n<!-- \/ Yoast SEO plugin. -->","yoast_head_json":{"title":"Vedenpit\u00e4v\u00e4 laukku Nordlight - Ecocruiser","description":"Vedenpit\u00e4v\u00e4 laukku. Pid\u00e4 k\u00e4nnykk\u00e4si, \u00e4lypuhelin, lompakko ja henkil\u00f6llisyystodistus turvassa vedenpit\u00e4v\u00e4ss\u00e4 pussissa :)","robots":{"index":"noindex","follow":"follow","max-snippet":"max-snippet:-1","max-image-preview":"max-image-preview:large","max-video-preview":"max-video-preview:-1"},"og_locale":"en_GB","og_type":"article","og_title":"Vedenpit\u00e4v\u00e4 laukku Nordlight - Ecocruiser","og_description":"Vedenpit\u00e4v\u00e4 laukku. Pid\u00e4 k\u00e4nnykk\u00e4si, \u00e4lypuhelin, lompakko ja henkil\u00f6llisyystodistus turvassa vedenpit\u00e4v\u00e4ss\u00e4 pussissa :)","og_url":"https:\/\/projekt.vombat.ee\/eco\/fi\/myym\u00e4l\u00e4\/sup-laudat\/vedenpitava-laukku-nordlight\/","og_site_name":"Ecocruiser","og_image":[{"width":488,"height":616,"url":"https:\/\/projekt.vombat.ee\/eco\/wp-content\/uploads\/2023\/05\/1-1.png","type":"image\/png"}],"twitter_card":"summary_large_image","twitter_misc":{"Estimated reading time":"1 minute"},"schema":{"@context":"https:\/\/schema.org","@graph":[{"@type":"WebPage","@id":"https:\/\/projekt.vombat.ee\/eco\/fi\/myym%C3%A4l%C3%A4\/sup-laudat\/vedenpitava-laukku-nordlight\/","url":"https:\/\/projekt.vombat.ee\/eco\/fi\/myym%C3%A4l%C3%A4\/sup-laudat\/vedenpitava-laukku-nordlight\/","name":"Vedenpit\u00e4v\u00e4 laukku Nordlight - Ecocruiser","isPartOf":{"@id":"https:\/\/projekt.vombat.ee\/eco\/#website"},"primaryImageOfPage":{"@id":"https:\/\/projekt.vombat.ee\/eco\/fi\/myym%C3%A4l%C3%A4\/sup-laudat\/vedenpitava-laukku-nordlight\/#primaryimage"},"image":{"@id":"https:\/\/projekt.vombat.ee\/eco\/fi\/myym%C3%A4l%C3%A4\/sup-laudat\/vedenpitava-laukku-nordlight\/#primaryimage"},"thumbnailUrl":"https:\/\/projekt.vombat.ee\/eco\/wp-content\/uploads\/2023\/05\/1-1.png","datePublished":"2023-05-28T15:25:20+00:00","dateModified":"2023-05-28T15:25:20+00:00","description":"Vedenpit\u00e4v\u00e4 laukku. Pid\u00e4 k\u00e4nnykk\u00e4si, \u00e4lypuhelin, lompakko ja henkil\u00f6llisyystodistus turvassa vedenpit\u00e4v\u00e4ss\u00e4 pussissa :)","breadcrumb":{"@id":"https:\/\/projekt.vombat.ee\/eco\/fi\/myym%C3%A4l%C3%A4\/sup-laudat\/vedenpitava-laukku-nordlight\/#breadcrumb"},"inLanguage":"en-GB","potentialAction":[{"@type":"ReadAction","target":["https:\/\/projekt.vombat.ee\/eco\/fi\/myym%C3%A4l%C3%A4\/sup-laudat\/vedenpitava-laukku-nordlight\/"]}]},{"@type":"ImageObject","inLanguage":"en-GB","@id":"https:\/\/projekt.vombat.ee\/eco\/fi\/myym%C3%A4l%C3%A4\/sup-laudat\/vedenpitava-laukku-nordlight\/#primaryimage","url":"https:\/\/projekt.vombat.ee\/eco\/wp-content\/uploads\/2023\/05\/1-1.png","contentUrl":"https:\/\/projekt.vombat.ee\/eco\/wp-content\/uploads\/2023\/05\/1-1.png","width":488,"height":616,"caption":"veekindel kott"},{"@type":"BreadcrumbList","@id":"https:\/\/projekt.vombat.ee\/eco\/fi\/myym%C3%A4l%C3%A4\/sup-laudat\/vedenpitava-laukku-nordlight\/#breadcrumb","itemListElement":[{"@type":"ListItem","position":1,"name":"Home","item":"https:\/\/projekt.vombat.ee\/eco\/"},{"@type":"ListItem","position":2,"name":"Pood","item":"https:\/\/projekt.vombat.ee\/eco\/pood\/"},{"@type":"ListItem","position":3,"name":"Vedenpit\u00e4v\u00e4 laukku Nordlight"}]},{"@type":"WebSite","@id":"https:\/\/projekt.vombat.ee\/eco\/#website","url":"https:\/\/projekt.vombat.ee\/eco\/","name":"Ecocruiser","description":"","publisher":{"@id":"https:\/\/projekt.vombat.ee\/eco\/#organization"},"potentialAction":[{"@type":"SearchAction","target":{"@type":"EntryPoint","urlTemplate":"https:\/\/projekt.vombat.ee\/eco\/?s={search_term_string}"},"query-input":{"@type":"PropertyValueSpecification","valueRequired":true,"valueName":"search_term_string"}}],"inLanguage":"en-GB"},{"@type":"Organization","@id":"https:\/\/projekt.vombat.ee\/eco\/#organization","name":"Ecocruiser","url":"https:\/\/projekt.vombat.ee\/eco\/","logo":{"@type":"ImageObject","inLanguage":"en-GB","@id":"https:\/\/projekt.vombat.ee\/eco\/#\/schema\/logo\/image\/","url":"https:\/\/projekt.vombat.ee\/eco\/wp-content\/uploads\/2023\/03\/ECOCRUISER_5.png","contentUrl":"https:\/\/projekt.vombat.ee\/eco\/wp-content\/uploads\/2023\/03\/ECOCRUISER_5.png","width":234,"height":91,"caption":"Ecocruiser"},"image":{"@id":"https:\/\/projekt.vombat.ee\/eco\/#\/schema\/logo\/image\/"}}]}},"lang":"fi","translations":{"fi":9840,"et":9792},"pll_sync_post":[],"_links":{"self":[{"href":"https:\/\/projekt.vombat.ee\/eco\/wp-json\/wp\/v2\/product\/9840"}],"collection":[{"href":"https:\/\/projekt.vombat.ee\/eco\/wp-json\/wp\/v2\/product"}],"about":[{"href":"https:\/\/projekt.vombat.ee\/eco\/wp-json\/wp\/v2\/types\/product"}],"version-history":[{"count":1,"href":"https:\/\/projekt.vombat.ee\/eco\/wp-json\/wp\/v2\/product\/9840\/revisions"}],"predecessor-version":[{"id":9848,"href":"https:\/\/projekt.vombat.ee\/eco\/wp-json\/wp\/v2\/product\/9840\/revisions\/9848"}],"wp:featuredmedia":[{"embeddable":true,"href":"https:\/\/projekt.vombat.ee\/eco\/wp-json\/wp\/v2\/media\/9841"}],"wp:attachment":[{"href":"https:\/\/projekt.vombat.ee\/eco\/wp-json\/wp\/v2\/media?parent=9840"}],"wp:term":[{"taxonomy":"product_cat","embeddable":true,"href":"https:\/\/projekt.vombat.ee\/eco\/wp-json\/wp\/v2\/product_cat?post=9840"},{"taxonomy":"product_tag","embeddable":true,"href":"https:\/\/projekt.vombat.ee\/eco\/wp-json\/wp\/v2\/product_tag?post=9840"}],"curies":[{"name":"wp","href":"https:\/\/api.w.org\/{rel}","templated":true}]}}