{"id":9825,"date":"2023-05-28T15:22:11","date_gmt":"2023-05-28T15:22:11","guid":{"rendered":"https:\/\/projekt.vombat.ee\/eco\/?post_type=product&#038;p=9825"},"modified":"2024-05-13T19:42:52","modified_gmt":"2024-05-13T19:42:52","slug":"pelastusliivi","status":"publish","type":"product","link":"https:\/\/projekt.vombat.ee\/eco\/fi\/myym%C3%A4l%C3%A4\/sup-laudat\/pelastusliivi\/","title":{"rendered":"Pelastusliivi"},"content":{"rendered":"","protected":false},"excerpt":{"rendered":"<p><strong>Pelastusliivi<\/strong><\/p>\n<ul>\n<li>Klassinen pelastusliivi, s\u00e4\u00e4dett\u00e4v\u00e4 ja helppok\u00e4ytt\u00f6inen<\/li>\n<li>Turvallinen ja vakaa, hyv\u00e4ksytty ja sertifioitu<\/li>\n<li>Siin\u00e4 on klassinen ja k\u00e4yt\u00e4nn\u00f6llinen muotoilu sek\u00e4 s\u00e4\u00e4dett\u00e4v\u00e4 helma.<\/li>\n<\/ul>\n<p><strong>\u2666 Toimitusaika 2-7 ty\u00f6p\u00e4iv\u00e4\u00e4<\/strong><br \/>\n<strong>\u2666 Varastossa<\/strong><\/p>\n","protected":false},"featured_media":9826,"template":"","meta":[],"product_cat":[1513],"product_tag":[],"class_list":{"0":"post-9825","1":"product","2":"type-product","3":"status-publish","4":"has-post-thumbnail","6":"product_cat-sup-laudat","7":"product_shipping_class-sup-lauad","9":"first","10":"instock","11":"taxable","12":"shipping-taxable","13":"purchasable","14":"product-type-variable"},"yoast_head":"<!-- This site is optimized with the Yoast SEO plugin v23.8 - https:\/\/yoast.com\/wordpress\/plugins\/seo\/ -->\n<title>Pelastusliivi - Ecocruiser<\/title>\n<meta name=\"description\" content=\"Pelastusliivi. Klassinen pelastusliivi, s\u00e4\u00e4dett\u00e4v\u00e4 ja helppok\u00e4ytt\u00f6inen Turvallinen ja vakaa, hyv\u00e4ksytty ja sertifioitu Siin\u00e4 on klassinen ja k\u00e4yt\u00e4nn\u00f6llinen muotoilu sek\u00e4 s\u00e4\u00e4dett\u00e4v\u00e4 helma.\" \/>\n<meta name=\"robots\" content=\"noindex, follow, max-snippet:-1, max-image-preview:large, max-video-preview:-1\" \/>\n<meta property=\"og:locale\" content=\"en_GB\" \/>\n<meta property=\"og:type\" content=\"article\" \/>\n<meta property=\"og:title\" content=\"Pelastusliivi - Ecocruiser\" \/>\n<meta property=\"og:description\" content=\"Pelastusliivi. Klassinen pelastusliivi, s\u00e4\u00e4dett\u00e4v\u00e4 ja helppok\u00e4ytt\u00f6inen Turvallinen ja vakaa, hyv\u00e4ksytty ja sertifioitu Siin\u00e4 on klassinen ja k\u00e4yt\u00e4nn\u00f6llinen muotoilu sek\u00e4 s\u00e4\u00e4dett\u00e4v\u00e4 helma.\" \/>\n<meta property=\"og:url\" content=\"https:\/\/projekt.vombat.ee\/eco\/fi\/myym\u00e4l\u00e4\/sup-laudat\/pelastusliivi\/\" \/>\n<meta property=\"og:site_name\" content=\"Ecocruiser\" \/>\n<meta property=\"article:modified_time\" content=\"2024-05-13T19:42:52+00:00\" \/>\n<meta property=\"og:image\" content=\"https:\/\/projekt.vombat.ee\/eco\/wp-content\/uploads\/2023\/05\/1-26.jpg\" \/>\n\t<meta property=\"og:image:width\" content=\"1123\" \/>\n\t<meta property=\"og:image:height\" content=\"1500\" \/>\n\t<meta property=\"og:image:type\" content=\"image\/jpeg\" \/>\n<meta name=\"twitter:card\" content=\"summary_large_image\" \/>\n<script type=\"application\/ld+json\" class=\"yoast-schema-graph\">{\"@context\":\"https:\/\/schema.org\",\"@graph\":[{\"@type\":\"WebPage\",\"@id\":\"https:\/\/projekt.vombat.ee\/eco\/fi\/myym%C3%A4l%C3%A4\/sup-laudat\/pelastusliivi\/\",\"url\":\"https:\/\/projekt.vombat.ee\/eco\/fi\/myym%C3%A4l%C3%A4\/sup-laudat\/pelastusliivi\/\",\"name\":\"Pelastusliivi - Ecocruiser\",\"isPartOf\":{\"@id\":\"https:\/\/projekt.vombat.ee\/eco\/#website\"},\"primaryImageOfPage\":{\"@id\":\"https:\/\/projekt.vombat.ee\/eco\/fi\/myym%C3%A4l%C3%A4\/sup-laudat\/pelastusliivi\/#primaryimage\"},\"image\":{\"@id\":\"https:\/\/projekt.vombat.ee\/eco\/fi\/myym%C3%A4l%C3%A4\/sup-laudat\/pelastusliivi\/#primaryimage\"},\"thumbnailUrl\":\"https:\/\/projekt.vombat.ee\/eco\/wp-content\/uploads\/2023\/05\/1-26.jpg\",\"datePublished\":\"2023-05-28T15:22:11+00:00\",\"dateModified\":\"2024-05-13T19:42:52+00:00\",\"description\":\"Pelastusliivi. Klassinen pelastusliivi, s\u00e4\u00e4dett\u00e4v\u00e4 ja helppok\u00e4ytt\u00f6inen Turvallinen ja vakaa, hyv\u00e4ksytty ja sertifioitu Siin\u00e4 on klassinen ja k\u00e4yt\u00e4nn\u00f6llinen muotoilu sek\u00e4 s\u00e4\u00e4dett\u00e4v\u00e4 helma.\",\"breadcrumb\":{\"@id\":\"https:\/\/projekt.vombat.ee\/eco\/fi\/myym%C3%A4l%C3%A4\/sup-laudat\/pelastusliivi\/#breadcrumb\"},\"inLanguage\":\"en-GB\",\"potentialAction\":[{\"@type\":\"ReadAction\",\"target\":[\"https:\/\/projekt.vombat.ee\/eco\/fi\/myym%C3%A4l%C3%A4\/sup-laudat\/pelastusliivi\/\"]}]},{\"@type\":\"ImageObject\",\"inLanguage\":\"en-GB\",\"@id\":\"https:\/\/projekt.vombat.ee\/eco\/fi\/myym%C3%A4l%C3%A4\/sup-laudat\/pelastusliivi\/#primaryimage\",\"url\":\"https:\/\/projekt.vombat.ee\/eco\/wp-content\/uploads\/2023\/05\/1-26.jpg\",\"contentUrl\":\"https:\/\/projekt.vombat.ee\/eco\/wp-content\/uploads\/2023\/05\/1-26.jpg\",\"width\":1123,\"height\":1500},{\"@type\":\"BreadcrumbList\",\"@id\":\"https:\/\/projekt.vombat.ee\/eco\/fi\/myym%C3%A4l%C3%A4\/sup-laudat\/pelastusliivi\/#breadcrumb\",\"itemListElement\":[{\"@type\":\"ListItem\",\"position\":1,\"name\":\"Home\",\"item\":\"https:\/\/projekt.vombat.ee\/eco\/\"},{\"@type\":\"ListItem\",\"position\":2,\"name\":\"Pood\",\"item\":\"https:\/\/projekt.vombat.ee\/eco\/pood\/\"},{\"@type\":\"ListItem\",\"position\":3,\"name\":\"Pelastusliivi\"}]},{\"@type\":\"WebSite\",\"@id\":\"https:\/\/projekt.vombat.ee\/eco\/#website\",\"url\":\"https:\/\/projekt.vombat.ee\/eco\/\",\"name\":\"Ecocruiser\",\"description\":\"\",\"publisher\":{\"@id\":\"https:\/\/projekt.vombat.ee\/eco\/#organization\"},\"potentialAction\":[{\"@type\":\"SearchAction\",\"target\":{\"@type\":\"EntryPoint\",\"urlTemplate\":\"https:\/\/projekt.vombat.ee\/eco\/?s={search_term_string}\"},\"query-input\":{\"@type\":\"PropertyValueSpecification\",\"valueRequired\":true,\"valueName\":\"search_term_string\"}}],\"inLanguage\":\"en-GB\"},{\"@type\":\"Organization\",\"@id\":\"https:\/\/projekt.vombat.ee\/eco\/#organization\",\"name\":\"Ecocruiser\",\"url\":\"https:\/\/projekt.vombat.ee\/eco\/\",\"logo\":{\"@type\":\"ImageObject\",\"inLanguage\":\"en-GB\",\"@id\":\"https:\/\/projekt.vombat.ee\/eco\/#\/schema\/logo\/image\/\",\"url\":\"https:\/\/projekt.vombat.ee\/eco\/wp-content\/uploads\/2023\/03\/ECOCRUISER_5.png\",\"contentUrl\":\"https:\/\/projekt.vombat.ee\/eco\/wp-content\/uploads\/2023\/03\/ECOCRUISER_5.png\",\"width\":234,\"height\":91,\"caption\":\"Ecocruiser\"},\"image\":{\"@id\":\"https:\/\/projekt.vombat.ee\/eco\/#\/schema\/logo\/image\/\"}}]}<\/script>\n<!-- \/ Yoast SEO plugin. -->","yoast_head_json":{"title":"Pelastusliivi - Ecocruiser","description":"Pelastusliivi. Klassinen pelastusliivi, s\u00e4\u00e4dett\u00e4v\u00e4 ja helppok\u00e4ytt\u00f6inen Turvallinen ja vakaa, hyv\u00e4ksytty ja sertifioitu Siin\u00e4 on klassinen ja k\u00e4yt\u00e4nn\u00f6llinen muotoilu sek\u00e4 s\u00e4\u00e4dett\u00e4v\u00e4 helma.","robots":{"index":"noindex","follow":"follow","max-snippet":"max-snippet:-1","max-image-preview":"max-image-preview:large","max-video-preview":"max-video-preview:-1"},"og_locale":"en_GB","og_type":"article","og_title":"Pelastusliivi - Ecocruiser","og_description":"Pelastusliivi. Klassinen pelastusliivi, s\u00e4\u00e4dett\u00e4v\u00e4 ja helppok\u00e4ytt\u00f6inen Turvallinen ja vakaa, hyv\u00e4ksytty ja sertifioitu Siin\u00e4 on klassinen ja k\u00e4yt\u00e4nn\u00f6llinen muotoilu sek\u00e4 s\u00e4\u00e4dett\u00e4v\u00e4 helma.","og_url":"https:\/\/projekt.vombat.ee\/eco\/fi\/myym\u00e4l\u00e4\/sup-laudat\/pelastusliivi\/","og_site_name":"Ecocruiser","article_modified_time":"2024-05-13T19:42:52+00:00","og_image":[{"width":1123,"height":1500,"url":"https:\/\/projekt.vombat.ee\/eco\/wp-content\/uploads\/2023\/05\/1-26.jpg","type":"image\/jpeg"}],"twitter_card":"summary_large_image","schema":{"@context":"https:\/\/schema.org","@graph":[{"@type":"WebPage","@id":"https:\/\/projekt.vombat.ee\/eco\/fi\/myym%C3%A4l%C3%A4\/sup-laudat\/pelastusliivi\/","url":"https:\/\/projekt.vombat.ee\/eco\/fi\/myym%C3%A4l%C3%A4\/sup-laudat\/pelastusliivi\/","name":"Pelastusliivi - Ecocruiser","isPartOf":{"@id":"https:\/\/projekt.vombat.ee\/eco\/#website"},"primaryImageOfPage":{"@id":"https:\/\/projekt.vombat.ee\/eco\/fi\/myym%C3%A4l%C3%A4\/sup-laudat\/pelastusliivi\/#primaryimage"},"image":{"@id":"https:\/\/projekt.vombat.ee\/eco\/fi\/myym%C3%A4l%C3%A4\/sup-laudat\/pelastusliivi\/#primaryimage"},"thumbnailUrl":"https:\/\/projekt.vombat.ee\/eco\/wp-content\/uploads\/2023\/05\/1-26.jpg","datePublished":"2023-05-28T15:22:11+00:00","dateModified":"2024-05-13T19:42:52+00:00","description":"Pelastusliivi. Klassinen pelastusliivi, s\u00e4\u00e4dett\u00e4v\u00e4 ja helppok\u00e4ytt\u00f6inen Turvallinen ja vakaa, hyv\u00e4ksytty ja sertifioitu Siin\u00e4 on klassinen ja k\u00e4yt\u00e4nn\u00f6llinen muotoilu sek\u00e4 s\u00e4\u00e4dett\u00e4v\u00e4 helma.","breadcrumb":{"@id":"https:\/\/projekt.vombat.ee\/eco\/fi\/myym%C3%A4l%C3%A4\/sup-laudat\/pelastusliivi\/#breadcrumb"},"inLanguage":"en-GB","potentialAction":[{"@type":"ReadAction","target":["https:\/\/projekt.vombat.ee\/eco\/fi\/myym%C3%A4l%C3%A4\/sup-laudat\/pelastusliivi\/"]}]},{"@type":"ImageObject","inLanguage":"en-GB","@id":"https:\/\/projekt.vombat.ee\/eco\/fi\/myym%C3%A4l%C3%A4\/sup-laudat\/pelastusliivi\/#primaryimage","url":"https:\/\/projekt.vombat.ee\/eco\/wp-content\/uploads\/2023\/05\/1-26.jpg","contentUrl":"https:\/\/projekt.vombat.ee\/eco\/wp-content\/uploads\/2023\/05\/1-26.jpg","width":1123,"height":1500},{"@type":"BreadcrumbList","@id":"https:\/\/projekt.vombat.ee\/eco\/fi\/myym%C3%A4l%C3%A4\/sup-laudat\/pelastusliivi\/#breadcrumb","itemListElement":[{"@type":"ListItem","position":1,"name":"Home","item":"https:\/\/projekt.vombat.ee\/eco\/"},{"@type":"ListItem","position":2,"name":"Pood","item":"https:\/\/projekt.vombat.ee\/eco\/pood\/"},{"@type":"ListItem","position":3,"name":"Pelastusliivi"}]},{"@type":"WebSite","@id":"https:\/\/projekt.vombat.ee\/eco\/#website","url":"https:\/\/projekt.vombat.ee\/eco\/","name":"Ecocruiser","description":"","publisher":{"@id":"https:\/\/projekt.vombat.ee\/eco\/#organization"},"potentialAction":[{"@type":"SearchAction","target":{"@type":"EntryPoint","urlTemplate":"https:\/\/projekt.vombat.ee\/eco\/?s={search_term_string}"},"query-input":{"@type":"PropertyValueSpecification","valueRequired":true,"valueName":"search_term_string"}}],"inLanguage":"en-GB"},{"@type":"Organization","@id":"https:\/\/projekt.vombat.ee\/eco\/#organization","name":"Ecocruiser","url":"https:\/\/projekt.vombat.ee\/eco\/","logo":{"@type":"ImageObject","inLanguage":"en-GB","@id":"https:\/\/projekt.vombat.ee\/eco\/#\/schema\/logo\/image\/","url":"https:\/\/projekt.vombat.ee\/eco\/wp-content\/uploads\/2023\/03\/ECOCRUISER_5.png","contentUrl":"https:\/\/projekt.vombat.ee\/eco\/wp-content\/uploads\/2023\/03\/ECOCRUISER_5.png","width":234,"height":91,"caption":"Ecocruiser"},"image":{"@id":"https:\/\/projekt.vombat.ee\/eco\/#\/schema\/logo\/image\/"}}]}},"lang":"fi","translations":{"fi":9825,"et":9777},"pll_sync_post":[],"_links":{"self":[{"href":"https:\/\/projekt.vombat.ee\/eco\/wp-json\/wp\/v2\/product\/9825"}],"collection":[{"href":"https:\/\/projekt.vombat.ee\/eco\/wp-json\/wp\/v2\/product"}],"about":[{"href":"https:\/\/projekt.vombat.ee\/eco\/wp-json\/wp\/v2\/types\/product"}],"version-history":[{"count":1,"href":"https:\/\/projekt.vombat.ee\/eco\/wp-json\/wp\/v2\/product\/9825\/revisions"}],"predecessor-version":[{"id":9839,"href":"https:\/\/projekt.vombat.ee\/eco\/wp-json\/wp\/v2\/product\/9825\/revisions\/9839"}],"wp:featuredmedia":[{"embeddable":true,"href":"https:\/\/projekt.vombat.ee\/eco\/wp-json\/wp\/v2\/media\/9826"}],"wp:attachment":[{"href":"https:\/\/projekt.vombat.ee\/eco\/wp-json\/wp\/v2\/media?parent=9825"}],"wp:term":[{"taxonomy":"product_cat","embeddable":true,"href":"https:\/\/projekt.vombat.ee\/eco\/wp-json\/wp\/v2\/product_cat?post=9825"},{"taxonomy":"product_tag","embeddable":true,"href":"https:\/\/projekt.vombat.ee\/eco\/wp-json\/wp\/v2\/product_tag?post=9825"}],"curies":[{"name":"wp","href":"https:\/\/api.w.org\/{rel}","templated":true}]}}