{"id":9809,"date":"2023-05-28T14:57:35","date_gmt":"2023-05-28T14:57:35","guid":{"rendered":"https:\/\/projekt.vombat.ee\/eco\/?post_type=product&#038;p=9809"},"modified":"2023-05-28T14:58:16","modified_gmt":"2023-05-28T14:58:16","slug":"puhallettava-sup-lauta-funwater-350cm","status":"publish","type":"product","link":"https:\/\/projekt.vombat.ee\/eco\/fi\/myym%C3%A4l%C3%A4\/sup-laudat\/puhallettava-sup-lauta-funwater-350cm\/","title":{"rendered":"Puhallettava SUP-lauta FunWater 350cm"},"content":{"rendered":"<h1>Puhallettava SUP-lauta FunWater 350cm<\/h1>\n<p><img fetchpriority=\"high\" decoding=\"async\" class=\"\" src=\"https:\/\/m.media-amazon.com\/images\/I\/91c8nM9teNL._AC_SL1500_.jpg\" width=\"703\" height=\"703\" \/><\/p>\n<p>SUP-lauta on kevyt mutta kest\u00e4v\u00e4 (kantavuus jopa 160 kg). Siksi sinun on helppo yll\u00e4pit\u00e4\u00e4 vakaata ja turvallista ajoa.<br \/>\nT\u00e4ytettyn\u00e4 p\u00f6yd\u00e4n mitat ovat 350 x 84 x 15 cm.<br \/>\nPuhallettava melalauta sopii aloittelijoista edistyneisiin pelaajiin. T\u00e4yt\u00e4 nopeasti mukana tulevalla mittarilla varustetulla ilmapumpulla. Kevyt alumiinimela kiinnittyy yksinkertaisesti yhteen ja sit\u00e4 voidaan s\u00e4\u00e4t\u00e4\u00e4 oman pituuden mukaan.<br \/>\nPuhallettava seisomamelalauta sopii seisomaan ja istumaan ratsastukseen, joogaamiseen, surffaukseen ja tarjoaa mahdollisuuden viett\u00e4\u00e4 aikaa vesill\u00e4 lasten ja lemmikkien kanssa. SUP-lauta on aloittelijayst\u00e4v\u00e4llinen. P\u00f6yt\u00e4 on aina mukana, koska johto voidaan kiinnitt\u00e4\u00e4 p\u00f6yt\u00e4\u00e4n ja jalkaan.<br \/>\nMukana tulee k\u00e4sipumppu. K\u00e4yt\u00f6n j\u00e4lkeen p\u00f6yt\u00e4 voidaan helposti taittaa kokoon ja laittaa reppuun ja kuljettaa haluamaasi paikkaan.<\/p>\n<p>Aja ja koe veden yli liukumisen ilo tyylikk\u00e4\u00e4sti<\/p>\n<h3>Tiedot<\/h3>\n<p>Merkki: FunWater<br \/>\nMitat: 350 x 84 x 15 cm<br \/>\nMateriaalityyppi: Polypropeeni<br \/>\nSuurin suositeltu paino: 160 kg<br \/>\nSuurin ilmam\u00e4\u00e4r\u00e4: 12 PSI<br \/>\nPituus: 350 cm<br \/>\nLeveys: 84 cm<br \/>\nHalkaisija: 15 cm<\/p>\n<h3>Setti sis\u00e4lt\u00e4\u00e4<\/h3>\n<p>Setti sis\u00e4lt\u00e4\u00e4 SUP-laudan, ev\u00e4n, airon, turvak\u00f6yden jalan, pussin, pumpun ja vedenpit\u00e4v\u00e4n pussin.<\/p>\n<p><img decoding=\"async\" class=\"a-spacing-base\" src=\"https:\/\/m.media-amazon.com\/images\/S\/aplus-media-library-service-media\/dac42c39-87a1-40b2-a821-9503dc015d87.__CR0,0,970,600_PT0_SX970_V1___.jpg\" alt=\"SUP\" data-src=\"https:\/\/m.media-amazon.com\/images\/S\/aplus-media-library-service-media\/dac42c39-87a1-40b2-a821-9503dc015d87.__CR0,0,970,600_PT0_SX970_V1___.jpg\" \/><\/p>\n","protected":false},"excerpt":{"rendered":"<p><strong>Puhallettava SUP-lauta<\/strong><\/p>\n<p>FunWater SUP -laudalla on erinomainen laudan muoto, leve\u00e4 kantopinta, rakenne ja hyv\u00e4 tuntuma.<\/p>\n<p>Sopii vapaa-ajan viettoon vedess\u00e4 harrastuksena sek\u00e4 monipuolisempaan meloamiseen pieniss\u00e4 aalloissa.<\/p>\n<p>K\u00e4yt\u00f6n j\u00e4lkeen SUP-lauta voidaan helposti taittaa kokoon ja laittaa reppuun ja kuljettaa sinne miss\u00e4 sit\u00e4 tarvitset.<\/p>\n<ul>\n<li>Mitat: 350 x 84 x 15 cm<\/li>\n<li>Suurin suositeltu paino: 150 kg<\/li>\n<li>Sopii aloittelijoille ja edistyneille<\/li>\n<\/ul>\n<p>&nbsp;<\/p>\n<p><strong>\u2666 Toimitusaika 2-7 ty\u00f6p\u00e4iv\u00e4\u00e4<\/strong><br \/>\n<strong>\u2666 Varastossa<\/strong><\/p>\n","protected":false},"featured_media":9810,"template":"","meta":[],"product_cat":[1513],"product_tag":[],"class_list":{"0":"post-9809","1":"product","2":"type-product","3":"status-publish","4":"has-post-thumbnail","6":"product_cat-sup-laudat","7":"product_shipping_class-sup-lauad","9":"first","10":"instock","11":"taxable","12":"shipping-taxable","13":"purchasable","14":"product-type-simple"},"yoast_head":"<!-- This site is optimized with the Yoast SEO plugin v23.8 - https:\/\/yoast.com\/wordpress\/plugins\/seo\/ -->\n<title>Puhallettava SUP-lauta FunWater 350cm - Ecocruiser<\/title>\n<meta name=\"description\" content=\"Ilmat\u00e4ytteinen SUP-lauta FunWater SUP -laudalla on erinomainen laudan muoto, leve\u00e4 kantopinta, rakenne ja hyv\u00e4 fiilis.Sopii vapaa-ajan viettoon vedess\u00e4 harrastuksena sek\u00e4 monipuolisempaan meloamiseen pieniss\u00e4 aalloissa K\u00e4yt\u00f6n j\u00e4lkeen , SUP-lauta voidaan helposti taittaa ja laittaa reppuun ja kuljettaa minne tarvitset. .\" \/>\n<meta name=\"robots\" content=\"noindex, follow, max-snippet:-1, max-image-preview:large, max-video-preview:-1\" \/>\n<meta property=\"og:locale\" content=\"en_GB\" \/>\n<meta property=\"og:type\" content=\"article\" \/>\n<meta property=\"og:title\" content=\"Puhallettava SUP-lauta FunWater 350cm - Ecocruiser\" \/>\n<meta property=\"og:description\" content=\"Ilmat\u00e4ytteinen SUP-lauta FunWater SUP -laudalla on erinomainen laudan muoto, leve\u00e4 kantopinta, rakenne ja hyv\u00e4 fiilis.Sopii vapaa-ajan viettoon vedess\u00e4 harrastuksena sek\u00e4 monipuolisempaan meloamiseen pieniss\u00e4 aalloissa K\u00e4yt\u00f6n j\u00e4lkeen , SUP-lauta voidaan helposti taittaa ja laittaa reppuun ja kuljettaa minne tarvitset. .\" \/>\n<meta property=\"og:url\" content=\"https:\/\/projekt.vombat.ee\/eco\/fi\/myym\u00e4l\u00e4\/sup-laudat\/puhallettava-sup-lauta-funwater-350cm\/\" \/>\n<meta property=\"og:site_name\" content=\"Ecocruiser\" \/>\n<meta property=\"article:modified_time\" content=\"2023-05-28T14:58:16+00:00\" \/>\n<meta property=\"og:image\" content=\"https:\/\/projekt.vombat.ee\/eco\/wp-content\/uploads\/2023\/05\/1-23.jpg\" \/>\n\t<meta property=\"og:image:width\" content=\"1473\" \/>\n\t<meta property=\"og:image:height\" content=\"1500\" \/>\n\t<meta property=\"og:image:type\" content=\"image\/jpeg\" \/>\n<meta name=\"twitter:card\" content=\"summary_large_image\" \/>\n<meta name=\"twitter:label1\" content=\"Estimated reading time\" \/>\n\t<meta name=\"twitter:data1\" content=\"2 minutes\" \/>\n<script type=\"application\/ld+json\" class=\"yoast-schema-graph\">{\"@context\":\"https:\/\/schema.org\",\"@graph\":[{\"@type\":\"WebPage\",\"@id\":\"https:\/\/projekt.vombat.ee\/eco\/fi\/myym%C3%A4l%C3%A4\/sup-laudat\/puhallettava-sup-lauta-funwater-350cm\/\",\"url\":\"https:\/\/projekt.vombat.ee\/eco\/fi\/myym%C3%A4l%C3%A4\/sup-laudat\/puhallettava-sup-lauta-funwater-350cm\/\",\"name\":\"Puhallettava SUP-lauta FunWater 350cm - Ecocruiser\",\"isPartOf\":{\"@id\":\"https:\/\/projekt.vombat.ee\/eco\/#website\"},\"primaryImageOfPage\":{\"@id\":\"https:\/\/projekt.vombat.ee\/eco\/fi\/myym%C3%A4l%C3%A4\/sup-laudat\/puhallettava-sup-lauta-funwater-350cm\/#primaryimage\"},\"image\":{\"@id\":\"https:\/\/projekt.vombat.ee\/eco\/fi\/myym%C3%A4l%C3%A4\/sup-laudat\/puhallettava-sup-lauta-funwater-350cm\/#primaryimage\"},\"thumbnailUrl\":\"https:\/\/projekt.vombat.ee\/eco\/wp-content\/uploads\/2023\/05\/1-23.jpg\",\"datePublished\":\"2023-05-28T14:57:35+00:00\",\"dateModified\":\"2023-05-28T14:58:16+00:00\",\"description\":\"Ilmat\u00e4ytteinen SUP-lauta FunWater SUP -laudalla on erinomainen laudan muoto, leve\u00e4 kantopinta, rakenne ja hyv\u00e4 fiilis.Sopii vapaa-ajan viettoon vedess\u00e4 harrastuksena sek\u00e4 monipuolisempaan meloamiseen pieniss\u00e4 aalloissa K\u00e4yt\u00f6n j\u00e4lkeen , SUP-lauta voidaan helposti taittaa ja laittaa reppuun ja kuljettaa minne tarvitset. .\",\"breadcrumb\":{\"@id\":\"https:\/\/projekt.vombat.ee\/eco\/fi\/myym%C3%A4l%C3%A4\/sup-laudat\/puhallettava-sup-lauta-funwater-350cm\/#breadcrumb\"},\"inLanguage\":\"en-GB\",\"potentialAction\":[{\"@type\":\"ReadAction\",\"target\":[\"https:\/\/projekt.vombat.ee\/eco\/fi\/myym%C3%A4l%C3%A4\/sup-laudat\/puhallettava-sup-lauta-funwater-350cm\/\"]}]},{\"@type\":\"ImageObject\",\"inLanguage\":\"en-GB\",\"@id\":\"https:\/\/projekt.vombat.ee\/eco\/fi\/myym%C3%A4l%C3%A4\/sup-laudat\/puhallettava-sup-lauta-funwater-350cm\/#primaryimage\",\"url\":\"https:\/\/projekt.vombat.ee\/eco\/wp-content\/uploads\/2023\/05\/1-23.jpg\",\"contentUrl\":\"https:\/\/projekt.vombat.ee\/eco\/wp-content\/uploads\/2023\/05\/1-23.jpg\",\"width\":1473,\"height\":1500},{\"@type\":\"BreadcrumbList\",\"@id\":\"https:\/\/projekt.vombat.ee\/eco\/fi\/myym%C3%A4l%C3%A4\/sup-laudat\/puhallettava-sup-lauta-funwater-350cm\/#breadcrumb\",\"itemListElement\":[{\"@type\":\"ListItem\",\"position\":1,\"name\":\"Home\",\"item\":\"https:\/\/projekt.vombat.ee\/eco\/\"},{\"@type\":\"ListItem\",\"position\":2,\"name\":\"Pood\",\"item\":\"https:\/\/projekt.vombat.ee\/eco\/pood\/\"},{\"@type\":\"ListItem\",\"position\":3,\"name\":\"Puhallettava SUP-lauta FunWater 350cm\"}]},{\"@type\":\"WebSite\",\"@id\":\"https:\/\/projekt.vombat.ee\/eco\/#website\",\"url\":\"https:\/\/projekt.vombat.ee\/eco\/\",\"name\":\"Ecocruiser\",\"description\":\"\",\"publisher\":{\"@id\":\"https:\/\/projekt.vombat.ee\/eco\/#organization\"},\"potentialAction\":[{\"@type\":\"SearchAction\",\"target\":{\"@type\":\"EntryPoint\",\"urlTemplate\":\"https:\/\/projekt.vombat.ee\/eco\/?s={search_term_string}\"},\"query-input\":{\"@type\":\"PropertyValueSpecification\",\"valueRequired\":true,\"valueName\":\"search_term_string\"}}],\"inLanguage\":\"en-GB\"},{\"@type\":\"Organization\",\"@id\":\"https:\/\/projekt.vombat.ee\/eco\/#organization\",\"name\":\"Ecocruiser\",\"url\":\"https:\/\/projekt.vombat.ee\/eco\/\",\"logo\":{\"@type\":\"ImageObject\",\"inLanguage\":\"en-GB\",\"@id\":\"https:\/\/projekt.vombat.ee\/eco\/#\/schema\/logo\/image\/\",\"url\":\"https:\/\/projekt.vombat.ee\/eco\/wp-content\/uploads\/2023\/03\/ECOCRUISER_5.png\",\"contentUrl\":\"https:\/\/projekt.vombat.ee\/eco\/wp-content\/uploads\/2023\/03\/ECOCRUISER_5.png\",\"width\":234,\"height\":91,\"caption\":\"Ecocruiser\"},\"image\":{\"@id\":\"https:\/\/projekt.vombat.ee\/eco\/#\/schema\/logo\/image\/\"}}]}<\/script>\n<!-- \/ Yoast SEO plugin. -->","yoast_head_json":{"title":"Puhallettava SUP-lauta FunWater 350cm - Ecocruiser","description":"Ilmat\u00e4ytteinen SUP-lauta FunWater SUP -laudalla on erinomainen laudan muoto, leve\u00e4 kantopinta, rakenne ja hyv\u00e4 fiilis.Sopii vapaa-ajan viettoon vedess\u00e4 harrastuksena sek\u00e4 monipuolisempaan meloamiseen pieniss\u00e4 aalloissa K\u00e4yt\u00f6n j\u00e4lkeen , SUP-lauta voidaan helposti taittaa ja laittaa reppuun ja kuljettaa minne tarvitset. .","robots":{"index":"noindex","follow":"follow","max-snippet":"max-snippet:-1","max-image-preview":"max-image-preview:large","max-video-preview":"max-video-preview:-1"},"og_locale":"en_GB","og_type":"article","og_title":"Puhallettava SUP-lauta FunWater 350cm - Ecocruiser","og_description":"Ilmat\u00e4ytteinen SUP-lauta FunWater SUP -laudalla on erinomainen laudan muoto, leve\u00e4 kantopinta, rakenne ja hyv\u00e4 fiilis.Sopii vapaa-ajan viettoon vedess\u00e4 harrastuksena sek\u00e4 monipuolisempaan meloamiseen pieniss\u00e4 aalloissa K\u00e4yt\u00f6n j\u00e4lkeen , SUP-lauta voidaan helposti taittaa ja laittaa reppuun ja kuljettaa minne tarvitset. .","og_url":"https:\/\/projekt.vombat.ee\/eco\/fi\/myym\u00e4l\u00e4\/sup-laudat\/puhallettava-sup-lauta-funwater-350cm\/","og_site_name":"Ecocruiser","article_modified_time":"2023-05-28T14:58:16+00:00","og_image":[{"width":1473,"height":1500,"url":"https:\/\/projekt.vombat.ee\/eco\/wp-content\/uploads\/2023\/05\/1-23.jpg","type":"image\/jpeg"}],"twitter_card":"summary_large_image","twitter_misc":{"Estimated reading time":"2 minutes"},"schema":{"@context":"https:\/\/schema.org","@graph":[{"@type":"WebPage","@id":"https:\/\/projekt.vombat.ee\/eco\/fi\/myym%C3%A4l%C3%A4\/sup-laudat\/puhallettava-sup-lauta-funwater-350cm\/","url":"https:\/\/projekt.vombat.ee\/eco\/fi\/myym%C3%A4l%C3%A4\/sup-laudat\/puhallettava-sup-lauta-funwater-350cm\/","name":"Puhallettava SUP-lauta FunWater 350cm - Ecocruiser","isPartOf":{"@id":"https:\/\/projekt.vombat.ee\/eco\/#website"},"primaryImageOfPage":{"@id":"https:\/\/projekt.vombat.ee\/eco\/fi\/myym%C3%A4l%C3%A4\/sup-laudat\/puhallettava-sup-lauta-funwater-350cm\/#primaryimage"},"image":{"@id":"https:\/\/projekt.vombat.ee\/eco\/fi\/myym%C3%A4l%C3%A4\/sup-laudat\/puhallettava-sup-lauta-funwater-350cm\/#primaryimage"},"thumbnailUrl":"https:\/\/projekt.vombat.ee\/eco\/wp-content\/uploads\/2023\/05\/1-23.jpg","datePublished":"2023-05-28T14:57:35+00:00","dateModified":"2023-05-28T14:58:16+00:00","description":"Ilmat\u00e4ytteinen SUP-lauta FunWater SUP -laudalla on erinomainen laudan muoto, leve\u00e4 kantopinta, rakenne ja hyv\u00e4 fiilis.Sopii vapaa-ajan viettoon vedess\u00e4 harrastuksena sek\u00e4 monipuolisempaan meloamiseen pieniss\u00e4 aalloissa K\u00e4yt\u00f6n j\u00e4lkeen , SUP-lauta voidaan helposti taittaa ja laittaa reppuun ja kuljettaa minne tarvitset. .","breadcrumb":{"@id":"https:\/\/projekt.vombat.ee\/eco\/fi\/myym%C3%A4l%C3%A4\/sup-laudat\/puhallettava-sup-lauta-funwater-350cm\/#breadcrumb"},"inLanguage":"en-GB","potentialAction":[{"@type":"ReadAction","target":["https:\/\/projekt.vombat.ee\/eco\/fi\/myym%C3%A4l%C3%A4\/sup-laudat\/puhallettava-sup-lauta-funwater-350cm\/"]}]},{"@type":"ImageObject","inLanguage":"en-GB","@id":"https:\/\/projekt.vombat.ee\/eco\/fi\/myym%C3%A4l%C3%A4\/sup-laudat\/puhallettava-sup-lauta-funwater-350cm\/#primaryimage","url":"https:\/\/projekt.vombat.ee\/eco\/wp-content\/uploads\/2023\/05\/1-23.jpg","contentUrl":"https:\/\/projekt.vombat.ee\/eco\/wp-content\/uploads\/2023\/05\/1-23.jpg","width":1473,"height":1500},{"@type":"BreadcrumbList","@id":"https:\/\/projekt.vombat.ee\/eco\/fi\/myym%C3%A4l%C3%A4\/sup-laudat\/puhallettava-sup-lauta-funwater-350cm\/#breadcrumb","itemListElement":[{"@type":"ListItem","position":1,"name":"Home","item":"https:\/\/projekt.vombat.ee\/eco\/"},{"@type":"ListItem","position":2,"name":"Pood","item":"https:\/\/projekt.vombat.ee\/eco\/pood\/"},{"@type":"ListItem","position":3,"name":"Puhallettava SUP-lauta FunWater 350cm"}]},{"@type":"WebSite","@id":"https:\/\/projekt.vombat.ee\/eco\/#website","url":"https:\/\/projekt.vombat.ee\/eco\/","name":"Ecocruiser","description":"","publisher":{"@id":"https:\/\/projekt.vombat.ee\/eco\/#organization"},"potentialAction":[{"@type":"SearchAction","target":{"@type":"EntryPoint","urlTemplate":"https:\/\/projekt.vombat.ee\/eco\/?s={search_term_string}"},"query-input":{"@type":"PropertyValueSpecification","valueRequired":true,"valueName":"search_term_string"}}],"inLanguage":"en-GB"},{"@type":"Organization","@id":"https:\/\/projekt.vombat.ee\/eco\/#organization","name":"Ecocruiser","url":"https:\/\/projekt.vombat.ee\/eco\/","logo":{"@type":"ImageObject","inLanguage":"en-GB","@id":"https:\/\/projekt.vombat.ee\/eco\/#\/schema\/logo\/image\/","url":"https:\/\/projekt.vombat.ee\/eco\/wp-content\/uploads\/2023\/03\/ECOCRUISER_5.png","contentUrl":"https:\/\/projekt.vombat.ee\/eco\/wp-content\/uploads\/2023\/03\/ECOCRUISER_5.png","width":234,"height":91,"caption":"Ecocruiser"},"image":{"@id":"https:\/\/projekt.vombat.ee\/eco\/#\/schema\/logo\/image\/"}}]}},"lang":"fi","translations":{"fi":9809,"et":9761,"lv":11078},"pll_sync_post":[],"_links":{"self":[{"href":"https:\/\/projekt.vombat.ee\/eco\/wp-json\/wp\/v2\/product\/9809"}],"collection":[{"href":"https:\/\/projekt.vombat.ee\/eco\/wp-json\/wp\/v2\/product"}],"about":[{"href":"https:\/\/projekt.vombat.ee\/eco\/wp-json\/wp\/v2\/types\/product"}],"version-history":[{"count":1,"href":"https:\/\/projekt.vombat.ee\/eco\/wp-json\/wp\/v2\/product\/9809\/revisions"}],"predecessor-version":[{"id":9814,"href":"https:\/\/projekt.vombat.ee\/eco\/wp-json\/wp\/v2\/product\/9809\/revisions\/9814"}],"wp:featuredmedia":[{"embeddable":true,"href":"https:\/\/projekt.vombat.ee\/eco\/wp-json\/wp\/v2\/media\/9810"}],"wp:attachment":[{"href":"https:\/\/projekt.vombat.ee\/eco\/wp-json\/wp\/v2\/media?parent=9809"}],"wp:term":[{"taxonomy":"product_cat","embeddable":true,"href":"https:\/\/projekt.vombat.ee\/eco\/wp-json\/wp\/v2\/product_cat?post=9809"},{"taxonomy":"product_tag","embeddable":true,"href":"https:\/\/projekt.vombat.ee\/eco\/wp-json\/wp\/v2\/product_tag?post=9809"}],"curies":[{"name":"wp","href":"https:\/\/api.w.org\/{rel}","templated":true}]}}