{"id":9646,"date":"2023-05-26T13:53:05","date_gmt":"2023-05-26T13:53:05","guid":{"rendered":"https:\/\/projekt.vombat.ee\/eco\/?post_type=product&#038;p=9646"},"modified":"2024-04-08T09:55:13","modified_gmt":"2024-04-08T09:55:13","slug":"fiido-m1-pro-250w-elektriratas-130km","status":"publish","type":"product","link":"https:\/\/projekt.vombat.ee\/eco\/pood\/brandid\/fiido\/fiido-m1-pro-250w-elektriratas-130km\/","title":{"rendered":"Fiido M1 Elektriratas 130km"},"content":{"rendered":"<h1>Fiido M1 250W TUGEV MOOTOR<\/h1>\n<p>V\u00f5imas 250 W mootor on \u00fchendatud laiaulatusliku 7-k\u00e4igulise k\u00e4iguvahetiga, mis v\u00f5imaldab M1 Prol saavutada 25 km\/h tippkiiruse. Lisaks saavutab 7-k\u00e4iguline sujuv k\u00e4iguvahetus t\u00e4ielikult vabak\u00e4igu juhtimise.<\/p>\n<p><img decoding=\"async\" class=\"pagebuilder-mobile-hidden\" title=\"\" src=\"https:\/\/cdn.shopifycdn.net\/s\/files\/1\/0511\/3308\/7940\/files\/All_condition_riding_we_are_not_kiding.jpg\" alt=\"\" data-element=\"desktop_image\" data-pb-style=\"Q5SE6FP\" \/><\/p>\n<h3>20*4,0&#8243; REHV<\/h3>\n<p>20*4-tollised rattad ja \u00fclilaiad veljed haakuvad universaalsete paksude rehvide ja libisemisvastase disainiga, mis aitab teil h\u00f5lpsalt l\u00e4bida liivas, kivistel randadel, lompides ja muudel maastikel.<\/p>\n<p><img decoding=\"async\" class=\"pagebuilder-mobile-hidden\" title=\"\" src=\"https:\/\/cdn.shopifycdn.net\/s\/files\/1\/0511\/3308\/7940\/files\/Experience_the_speed_like_The_Flash.jpg\" alt=\"\" data-element=\"desktop_image\" data-pb-style=\"AT9PYXQ\" \/><\/p>\n<h3>Amortisaator<\/h3>\n<p>Suure j\u00f5udlusega M1 tagab turvalisema ja sujuvama rattas\u00f5idu.<\/p>\n<p><img decoding=\"async\" class=\"pagebuilder-mobile-hidden\" title=\"\" src=\"https:\/\/cdn.shopifycdn.net\/s\/files\/1\/0511\/3308\/7940\/files\/Dual_shock_absorbers_double_the_comfort.jpg\" alt=\"\" data-element=\"desktop_image\" data-pb-style=\"FA0BYTE\" \/><\/p>\n<p><img decoding=\"async\" class=\"pagebuilder-mobile-hidden\" title=\"\" src=\"https:\/\/cdn.shopifycdn.net\/s\/files\/1\/0511\/3308\/7940\/files\/For_any_height_and_any_age.jpg\" alt=\"\" data-element=\"desktop_image\" data-pb-style=\"H6WXSW7\" \/><\/p>\n<h3>Kolm s\u00f5idure\u017eiimi<\/h3>\n<p>Elektrire\u017eiim, pedaalimisre\u017eiim ja elektriline abire\u017eiim. Kui gaasipedaali sisse l\u00fclitada, l\u00e4heb ratas automaatselt elektrire\u017eiimile ning v\u00e4ljal\u00fclitamisel pedaali vajutamine elektrilise abi re\u017eiimile.<\/p>\n<p><img fetchpriority=\"high\" decoding=\"async\" class=\"msub_k4 mupj_5k mjru_k4 mse2_k4 mp7g_f6 mq1m_0 mj7u_0 m7er_k4 lazyloaded\" src=\"https:\/\/a.allegroimg.com\/original\/1125bb\/fd129c214e368c3e9b7c7f7bba38\/M1-Pro-40KM-H-20-inch-Fat-Tire-Electric-Bike-Color-black\" sizes=\"100vw\" srcset=\"https:\/\/a.allegroimg.com\/s360\/1125bb\/fd129c214e368c3e9b7c7f7bba38\/M1-Pro-40KM-H-20-inch-Fat-Tire-Electric-Bike-Color-black 360w,https:\/\/a.allegroimg.com\/s720\/1125bb\/fd129c214e368c3e9b7c7f7bba38\/M1-Pro-40KM-H-20-inch-Fat-Tire-Electric-Bike-Color-black 720w,https:\/\/a.allegroimg.com\/s1024\/1125bb\/fd129c214e368c3e9b7c7f7bba38\/M1-Pro-40KM-H-20-inch-Fat-Tire-Electric-Bike-Color-black 1024w,https:\/\/a.allegroimg.com\/s1440\/1125bb\/fd129c214e368c3e9b7c7f7bba38\/M1-Pro-40KM-H-20-inch-Fat-Tire-Electric-Bike-Color-black 1080w,https:\/\/a.allegroimg.com\/original\/1125bb\/fd129c214e368c3e9b7c7f7bba38\/M1-Pro-40KM-H-20-inch-Fat-Tire-Electric-Bike-Color-black 1080w\" alt=\"M1 Pro 40KM \/ H 20 inch Fat Tire Electric Bike Color black\" width=\"502\" height=\"368\" data-src=\"https:\/\/a.allegroimg.com\/original\/1125bb\/fd129c214e368c3e9b7c7f7bba38\/M1-Pro-40KM-H-20-inch-Fat-Tire-Electric-Bike-Color-black\" data-srcset=\"https:\/\/a.allegroimg.com\/s360\/1125bb\/fd129c214e368c3e9b7c7f7bba38\/M1-Pro-40KM-H-20-inch-Fat-Tire-Electric-Bike-Color-black 360w,https:\/\/a.allegroimg.com\/s720\/1125bb\/fd129c214e368c3e9b7c7f7bba38\/M1-Pro-40KM-H-20-inch-Fat-Tire-Electric-Bike-Color-black 720w,https:\/\/a.allegroimg.com\/s1024\/1125bb\/fd129c214e368c3e9b7c7f7bba38\/M1-Pro-40KM-H-20-inch-Fat-Tire-Electric-Bike-Color-black 1024w,https:\/\/a.allegroimg.com\/s1440\/1125bb\/fd129c214e368c3e9b7c7f7bba38\/M1-Pro-40KM-H-20-inch-Fat-Tire-Electric-Bike-Color-black 1080w,https:\/\/a.allegroimg.com\/original\/1125bb\/fd129c214e368c3e9b7c7f7bba38\/M1-Pro-40KM-H-20-inch-Fat-Tire-Electric-Bike-Color-black 1080w\" \/><\/p>\n<p>&nbsp;<\/p>\n<h3>Tehniline info<\/h3>\n<p>Mootor: 250 W(piirajaga)<br \/>\nAku: 48V 12,8Ah<br \/>\nS\u00f5iduulatus: 130 km<br \/>\nMaksimaalne kiirus: 25 km\/h<br \/>\nV\u00e4rvus: Must<br \/>\nMaksimaalne koormus: 120 kg<br \/>\nNetokaal: 25 kg (koos akuga)<br \/>\nRehvim\u00f5\u00f5t: 20\u201d*4,0 tolli<br \/>\nSadula k\u00f5rgus: 80-110 cm<br \/>\nKokkupandav suurus: 960 mm (pikk) * 450 mm (laius) * 790 mm (k\u00f5rgus)<br \/>\nEbike suurus: 1750 mm (pikk) * 580 mm (laius) * 1060 mm (k\u00f5rgus)<br \/>\nLaadimisaeg: 9 tundi<br \/>\nKaasas porilauad<\/p>\n<p>Fiido M1 Pro <a href=\"https:\/\/www.youtube.com\/watch?v=HqsNSVzhk6g&amp;ab_channel=FIIDOE-bikeOfficial\">Video\u00a0<\/a><\/p>\n<div class=\"youtube responsive-embed wp-embed\"><iframe title=\"FIIDO M1\/M1 Pro E-BIKE UNBOXING VIDEO\" width=\"1778\" height=\"1000\" src=\"https:\/\/www.youtube.com\/embed\/HqsNSVzhk6g?feature=oembed&#038;enablejsapi=1&#038;rel=0&#038;showinfo=0&#038;color=white\" frameborder=\"0\" allow=\"accelerometer; autoplay; clipboard-write; encrypted-media; gyroscope; picture-in-picture; web-share\" referrerpolicy=\"strict-origin-when-cross-origin\" allowfullscreen><\/iframe><\/div>\n<p>NB! Ecocruiser pakub ka j\u00e4relmaksu v\u00f5imalust. <a href=\"https:\/\/projekt.vombat.ee\/eco\/jarelmaks\/\">Tutvu j\u00e4relmaksuga<\/a><\/p>\n","protected":false},"excerpt":{"rendered":"<p><strong>Fiido M1<\/strong>\u00a0250 w elektriratas sobib ideaalselt t\u00e4iskasvanutele ja teismelistele<\/p>\n<ul>\n<li>Mootor: 250 W<\/li>\n<li>Aku: 48V 12,8Ah<\/li>\n<li>S\u00f5iduulatus: 130 km<\/li>\n<li>Maksimaalne koormus: 120 kg<\/li>\n<li>Laadimisaeg: 9 tundi<\/li>\n<li>Kaasas porilauad<\/li>\n<\/ul>\n<p>\u2666\u00a0<strong>Tarneaeg 2-7 p\u00e4eva<\/strong><br \/>\n\u2666\u00a0<strong>Laos<\/strong><\/p>\n<p><strong>Garantii: 2 aastat!<\/strong><\/p>\n","protected":false},"featured_media":12155,"template":"","meta":[],"product_cat":[1652,52,907],"product_tag":[964],"class_list":{"0":"post-9646","1":"product","2":"type-product","3":"status-publish","4":"has-post-thumbnail","6":"product_cat-fiido","7":"product_cat-elektrirattad","8":"product_cat-kokkupandavad-rattad","9":"product_tag-elektriratas","10":"product_shipping_class-suured-pakid","12":"first","13":"instock","14":"sale","15":"taxable","16":"shipping-taxable","17":"purchasable","18":"product-type-simple"},"yoast_head":"<!-- This site is optimized with the Yoast SEO plugin v23.8 - https:\/\/yoast.com\/wordpress\/plugins\/seo\/ -->\n<title>Fiido M1 Elektriratas 130km - Ecocruiser<\/title>\n<meta name=\"description\" content=\"Fiido M1 Pro 250w elektriratas sobib ideaalselt t\u00e4iskasvanutele ja teismelistele. Mootor: 500W Aku: 48V 12,8Ah S\u00f5iduulatus: 130 km\" \/>\n<meta name=\"robots\" content=\"noindex, follow, max-snippet:-1, max-image-preview:large, max-video-preview:-1\" \/>\n<meta property=\"og:locale\" content=\"en_GB\" \/>\n<meta property=\"og:type\" content=\"article\" \/>\n<meta property=\"og:title\" content=\"Fiido M1 Elektriratas 130km - Ecocruiser\" \/>\n<meta property=\"og:description\" content=\"Fiido M1 Pro 250w elektriratas sobib ideaalselt t\u00e4iskasvanutele ja teismelistele. Mootor: 500W Aku: 48V 12,8Ah S\u00f5iduulatus: 130 km\" \/>\n<meta property=\"og:url\" content=\"https:\/\/projekt.vombat.ee\/eco\/pood\/brandid\/fiido\/fiido-m1-pro-250w-elektriratas-130km\/\" \/>\n<meta property=\"og:site_name\" content=\"Ecocruiser\" \/>\n<meta property=\"article:modified_time\" content=\"2024-04-08T09:55:13+00:00\" \/>\n<meta property=\"og:image\" content=\"https:\/\/projekt.vombat.ee\/eco\/wp-content\/uploads\/2023\/05\/1-4.png\" \/>\n\t<meta property=\"og:image:width\" content=\"895\" \/>\n\t<meta property=\"og:image:height\" content=\"800\" \/>\n\t<meta property=\"og:image:type\" content=\"image\/png\" \/>\n<meta name=\"twitter:card\" content=\"summary_large_image\" \/>\n<meta name=\"twitter:label1\" content=\"Estimated reading time\" \/>\n\t<meta name=\"twitter:data1\" content=\"3 minutes\" \/>\n<script type=\"application\/ld+json\" class=\"yoast-schema-graph\">{\"@context\":\"https:\/\/schema.org\",\"@graph\":[{\"@type\":\"WebPage\",\"@id\":\"https:\/\/projekt.vombat.ee\/eco\/pood\/brandid\/fiido\/fiido-m1-pro-250w-elektriratas-130km\/\",\"url\":\"https:\/\/projekt.vombat.ee\/eco\/pood\/brandid\/fiido\/fiido-m1-pro-250w-elektriratas-130km\/\",\"name\":\"Fiido M1 Elektriratas 130km - Ecocruiser\",\"isPartOf\":{\"@id\":\"https:\/\/projekt.vombat.ee\/eco\/#website\"},\"primaryImageOfPage\":{\"@id\":\"https:\/\/projekt.vombat.ee\/eco\/pood\/brandid\/fiido\/fiido-m1-pro-250w-elektriratas-130km\/#primaryimage\"},\"image\":{\"@id\":\"https:\/\/projekt.vombat.ee\/eco\/pood\/brandid\/fiido\/fiido-m1-pro-250w-elektriratas-130km\/#primaryimage\"},\"thumbnailUrl\":\"https:\/\/projekt.vombat.ee\/eco\/wp-content\/uploads\/2023\/05\/1-4.png\",\"datePublished\":\"2023-05-26T13:53:05+00:00\",\"dateModified\":\"2024-04-08T09:55:13+00:00\",\"description\":\"Fiido M1 Pro 250w elektriratas sobib ideaalselt t\u00e4iskasvanutele ja teismelistele. Mootor: 500W Aku: 48V 12,8Ah S\u00f5iduulatus: 130 km\",\"breadcrumb\":{\"@id\":\"https:\/\/projekt.vombat.ee\/eco\/pood\/brandid\/fiido\/fiido-m1-pro-250w-elektriratas-130km\/#breadcrumb\"},\"inLanguage\":\"en-GB\",\"potentialAction\":[{\"@type\":\"ReadAction\",\"target\":[\"https:\/\/projekt.vombat.ee\/eco\/pood\/brandid\/fiido\/fiido-m1-pro-250w-elektriratas-130km\/\"]}]},{\"@type\":\"ImageObject\",\"inLanguage\":\"en-GB\",\"@id\":\"https:\/\/projekt.vombat.ee\/eco\/pood\/brandid\/fiido\/fiido-m1-pro-250w-elektriratas-130km\/#primaryimage\",\"url\":\"https:\/\/projekt.vombat.ee\/eco\/wp-content\/uploads\/2023\/05\/1-4.png\",\"contentUrl\":\"https:\/\/projekt.vombat.ee\/eco\/wp-content\/uploads\/2023\/05\/1-4.png\",\"width\":895,\"height\":800,\"caption\":\"Fiido M1 Pro\"},{\"@type\":\"BreadcrumbList\",\"@id\":\"https:\/\/projekt.vombat.ee\/eco\/pood\/brandid\/fiido\/fiido-m1-pro-250w-elektriratas-130km\/#breadcrumb\",\"itemListElement\":[{\"@type\":\"ListItem\",\"position\":1,\"name\":\"Home\",\"item\":\"https:\/\/projekt.vombat.ee\/eco\/\"},{\"@type\":\"ListItem\",\"position\":2,\"name\":\"Pood\",\"item\":\"https:\/\/projekt.vombat.ee\/eco\/pood\/\"},{\"@type\":\"ListItem\",\"position\":3,\"name\":\"Fiido M1 Elektriratas 130km\"}]},{\"@type\":\"WebSite\",\"@id\":\"https:\/\/projekt.vombat.ee\/eco\/#website\",\"url\":\"https:\/\/projekt.vombat.ee\/eco\/\",\"name\":\"Ecocruiser\",\"description\":\"\",\"publisher\":{\"@id\":\"https:\/\/projekt.vombat.ee\/eco\/#organization\"},\"potentialAction\":[{\"@type\":\"SearchAction\",\"target\":{\"@type\":\"EntryPoint\",\"urlTemplate\":\"https:\/\/projekt.vombat.ee\/eco\/?s={search_term_string}\"},\"query-input\":{\"@type\":\"PropertyValueSpecification\",\"valueRequired\":true,\"valueName\":\"search_term_string\"}}],\"inLanguage\":\"en-GB\"},{\"@type\":\"Organization\",\"@id\":\"https:\/\/projekt.vombat.ee\/eco\/#organization\",\"name\":\"Ecocruiser\",\"url\":\"https:\/\/projekt.vombat.ee\/eco\/\",\"logo\":{\"@type\":\"ImageObject\",\"inLanguage\":\"en-GB\",\"@id\":\"https:\/\/projekt.vombat.ee\/eco\/#\/schema\/logo\/image\/\",\"url\":\"https:\/\/projekt.vombat.ee\/eco\/wp-content\/uploads\/2023\/03\/ECOCRUISER_5.png\",\"contentUrl\":\"https:\/\/projekt.vombat.ee\/eco\/wp-content\/uploads\/2023\/03\/ECOCRUISER_5.png\",\"width\":234,\"height\":91,\"caption\":\"Ecocruiser\"},\"image\":{\"@id\":\"https:\/\/projekt.vombat.ee\/eco\/#\/schema\/logo\/image\/\"}}]}<\/script>\n<!-- \/ Yoast SEO plugin. -->","yoast_head_json":{"title":"Fiido M1 Elektriratas 130km - Ecocruiser","description":"Fiido M1 Pro 250w elektriratas sobib ideaalselt t\u00e4iskasvanutele ja teismelistele. Mootor: 500W Aku: 48V 12,8Ah S\u00f5iduulatus: 130 km","robots":{"index":"noindex","follow":"follow","max-snippet":"max-snippet:-1","max-image-preview":"max-image-preview:large","max-video-preview":"max-video-preview:-1"},"og_locale":"en_GB","og_type":"article","og_title":"Fiido M1 Elektriratas 130km - Ecocruiser","og_description":"Fiido M1 Pro 250w elektriratas sobib ideaalselt t\u00e4iskasvanutele ja teismelistele. Mootor: 500W Aku: 48V 12,8Ah S\u00f5iduulatus: 130 km","og_url":"https:\/\/projekt.vombat.ee\/eco\/pood\/brandid\/fiido\/fiido-m1-pro-250w-elektriratas-130km\/","og_site_name":"Ecocruiser","article_modified_time":"2024-04-08T09:55:13+00:00","og_image":[{"width":895,"height":800,"url":"https:\/\/projekt.vombat.ee\/eco\/wp-content\/uploads\/2023\/05\/1-4.png","type":"image\/png"}],"twitter_card":"summary_large_image","twitter_misc":{"Estimated reading time":"3 minutes"},"schema":{"@context":"https:\/\/schema.org","@graph":[{"@type":"WebPage","@id":"https:\/\/projekt.vombat.ee\/eco\/pood\/brandid\/fiido\/fiido-m1-pro-250w-elektriratas-130km\/","url":"https:\/\/projekt.vombat.ee\/eco\/pood\/brandid\/fiido\/fiido-m1-pro-250w-elektriratas-130km\/","name":"Fiido M1 Elektriratas 130km - Ecocruiser","isPartOf":{"@id":"https:\/\/projekt.vombat.ee\/eco\/#website"},"primaryImageOfPage":{"@id":"https:\/\/projekt.vombat.ee\/eco\/pood\/brandid\/fiido\/fiido-m1-pro-250w-elektriratas-130km\/#primaryimage"},"image":{"@id":"https:\/\/projekt.vombat.ee\/eco\/pood\/brandid\/fiido\/fiido-m1-pro-250w-elektriratas-130km\/#primaryimage"},"thumbnailUrl":"https:\/\/projekt.vombat.ee\/eco\/wp-content\/uploads\/2023\/05\/1-4.png","datePublished":"2023-05-26T13:53:05+00:00","dateModified":"2024-04-08T09:55:13+00:00","description":"Fiido M1 Pro 250w elektriratas sobib ideaalselt t\u00e4iskasvanutele ja teismelistele. Mootor: 500W Aku: 48V 12,8Ah S\u00f5iduulatus: 130 km","breadcrumb":{"@id":"https:\/\/projekt.vombat.ee\/eco\/pood\/brandid\/fiido\/fiido-m1-pro-250w-elektriratas-130km\/#breadcrumb"},"inLanguage":"en-GB","potentialAction":[{"@type":"ReadAction","target":["https:\/\/projekt.vombat.ee\/eco\/pood\/brandid\/fiido\/fiido-m1-pro-250w-elektriratas-130km\/"]}]},{"@type":"ImageObject","inLanguage":"en-GB","@id":"https:\/\/projekt.vombat.ee\/eco\/pood\/brandid\/fiido\/fiido-m1-pro-250w-elektriratas-130km\/#primaryimage","url":"https:\/\/projekt.vombat.ee\/eco\/wp-content\/uploads\/2023\/05\/1-4.png","contentUrl":"https:\/\/projekt.vombat.ee\/eco\/wp-content\/uploads\/2023\/05\/1-4.png","width":895,"height":800,"caption":"Fiido M1 Pro"},{"@type":"BreadcrumbList","@id":"https:\/\/projekt.vombat.ee\/eco\/pood\/brandid\/fiido\/fiido-m1-pro-250w-elektriratas-130km\/#breadcrumb","itemListElement":[{"@type":"ListItem","position":1,"name":"Home","item":"https:\/\/projekt.vombat.ee\/eco\/"},{"@type":"ListItem","position":2,"name":"Pood","item":"https:\/\/projekt.vombat.ee\/eco\/pood\/"},{"@type":"ListItem","position":3,"name":"Fiido M1 Elektriratas 130km"}]},{"@type":"WebSite","@id":"https:\/\/projekt.vombat.ee\/eco\/#website","url":"https:\/\/projekt.vombat.ee\/eco\/","name":"Ecocruiser","description":"","publisher":{"@id":"https:\/\/projekt.vombat.ee\/eco\/#organization"},"potentialAction":[{"@type":"SearchAction","target":{"@type":"EntryPoint","urlTemplate":"https:\/\/projekt.vombat.ee\/eco\/?s={search_term_string}"},"query-input":{"@type":"PropertyValueSpecification","valueRequired":true,"valueName":"search_term_string"}}],"inLanguage":"en-GB"},{"@type":"Organization","@id":"https:\/\/projekt.vombat.ee\/eco\/#organization","name":"Ecocruiser","url":"https:\/\/projekt.vombat.ee\/eco\/","logo":{"@type":"ImageObject","inLanguage":"en-GB","@id":"https:\/\/projekt.vombat.ee\/eco\/#\/schema\/logo\/image\/","url":"https:\/\/projekt.vombat.ee\/eco\/wp-content\/uploads\/2023\/03\/ECOCRUISER_5.png","contentUrl":"https:\/\/projekt.vombat.ee\/eco\/wp-content\/uploads\/2023\/03\/ECOCRUISER_5.png","width":234,"height":91,"caption":"Ecocruiser"},"image":{"@id":"https:\/\/projekt.vombat.ee\/eco\/#\/schema\/logo\/image\/"}}]}},"lang":"et","translations":{"et":9646},"pll_sync_post":[],"_links":{"self":[{"href":"https:\/\/projekt.vombat.ee\/eco\/wp-json\/wp\/v2\/product\/9646"}],"collection":[{"href":"https:\/\/projekt.vombat.ee\/eco\/wp-json\/wp\/v2\/product"}],"about":[{"href":"https:\/\/projekt.vombat.ee\/eco\/wp-json\/wp\/v2\/types\/product"}],"version-history":[{"count":7,"href":"https:\/\/projekt.vombat.ee\/eco\/wp-json\/wp\/v2\/product\/9646\/revisions"}],"predecessor-version":[{"id":15556,"href":"https:\/\/projekt.vombat.ee\/eco\/wp-json\/wp\/v2\/product\/9646\/revisions\/15556"}],"wp:featuredmedia":[{"embeddable":true,"href":"https:\/\/projekt.vombat.ee\/eco\/wp-json\/wp\/v2\/media\/12155"}],"wp:attachment":[{"href":"https:\/\/projekt.vombat.ee\/eco\/wp-json\/wp\/v2\/media?parent=9646"}],"wp:term":[{"taxonomy":"product_cat","embeddable":true,"href":"https:\/\/projekt.vombat.ee\/eco\/wp-json\/wp\/v2\/product_cat?post=9646"},{"taxonomy":"product_tag","embeddable":true,"href":"https:\/\/projekt.vombat.ee\/eco\/wp-json\/wp\/v2\/product_tag?post=9646"}],"curies":[{"name":"wp","href":"https:\/\/api.w.org\/{rel}","templated":true}]}}