{"id":9507,"date":"2023-05-17T19:10:29","date_gmt":"2023-05-17T19:10:29","guid":{"rendered":"https:\/\/projekt.vombat.ee\/eco\/?post_type=product&#038;p=9507"},"modified":"2024-06-30T18:54:13","modified_gmt":"2024-06-30T18:54:13","slug":"vsett-10-elektriline-toukeratas-60km","status":"publish","type":"product","link":"https:\/\/projekt.vombat.ee\/eco\/pood\/elektritoukerattad\/voimsad-toukerattad\/vsett-10-elektriline-toukeratas-60km\/","title":{"rendered":"Vsett 10+ elektriline t\u00f5ukeratas, 80km"},"content":{"rendered":"<h2>ELEKTRILINE T\u00d5UKERATAS VSETT 10+<\/h2>\n<p><img fetchpriority=\"high\" decoding=\"async\" class=\"alignnone wp-image-1469665 size-full\" src=\"https:\/\/elektrilised.ee\/wp-content\/uploads\/2021\/04\/vsett10.jpg\" alt=\"vsett10\" width=\"1200\" height=\"591\" \/><\/p>\n<h2>TURVALINE S\u00d5IDUKOGEMUS<\/h2>\n<p>Vsett 10+ s\u00f5idu turvalisuse tagavad kvaliteetne amortisatsioon ning 10 tollised \u00f5hkrehvid.\u00a0elektriline, t\u00f5ukeratas, elektrit\u00f5ukeratas<\/p>\n<p>S\u00f5it elektrit\u00f5ukerattaga pole kunagi olnud nii mugav.<\/p>\n<p><img decoding=\"async\" class=\"alignnone wp-image-1469666 size-full\" src=\"https:\/\/elektrilised.ee\/wp-content\/uploads\/2021\/04\/1-1.jpg\" alt=\"elektrit\u00f5uks vsett 10+\" width=\"1200\" height=\"400\" \/><\/p>\n<h2>NAUDI S\u00d5ITU T\u00c4IEL RINNAL<\/h2>\n<p>S\u00f5idukil on 2 mootorit mis kahepeale kokku annavad v\u00f5imsuseks 2800W.<\/p>\n<p>Suur v\u00f5imsus tagab liikumise ilma kiiruse kadumiseta kuni 25 kraadisel langusel.<\/p>\n<h2>S\u00d5IDA IGA ILMAGA<\/h2>\n<p>Tagumine ja eesmine valgustus parandab n\u00e4htavust pimedas ning teeb sind n\u00e4htavaks kaasliiklejatele.<\/p>\n<p>Lisaks on paigaldatud porilauad, mis takistavad pritsmete sattumist riietele.<\/p>\n<p><img decoding=\"async\" class=\"alignnone wp-image-1469668 size-full\" src=\"https:\/\/elektrilised.ee\/wp-content\/uploads\/2021\/04\/2-1.jpg\" alt=\"vsett t\u00f5ukeratas\" width=\"1200\" height=\"400\" \/><\/p>\n<h2>K\u00d5IK SINU K\u00c4E ULATUSES<\/h2>\n<p>Suur ja kergestim\u00f5istetav juhtpaneel annab sulle v\u00f5imaluse lihtsasti t\u00f5ukeratast kontrollida.<\/p>\n<p>Displei tagab hea n\u00e4htavuse ka k\u00f5ige p\u00e4iksepaistelisemal ilmal.<\/p>\n<p><img loading=\"lazy\" decoding=\"async\" class=\"alignnone wp-image-1469669 size-full\" src=\"https:\/\/elektrilised.ee\/wp-content\/uploads\/2021\/04\/3-1.jpg\" alt=\"vsett 10\" width=\"1200\" height=\"505\" \/><\/p>\n<h2>VARGUSVASTANE S\u00dcSTEEM\u00a0Vsett 10+ lite<\/h2>\n<p>Selleks, et t\u00f5ukeratas k\u00e4ivitada l\u00e4heb vaja unikaalset NFC kiipi.<\/p>\n<p>Ilma selleta t\u00f5ukeratas ei k\u00e4ivitu.<\/p>\n<p><img loading=\"lazy\" decoding=\"async\" class=\"alignnone wp-image-1469671 size-full\" src=\"https:\/\/elektrilised.ee\/wp-content\/uploads\/2021\/04\/8.jpg\" alt=\"t\u00f5ukeratas\" width=\"1200\" height=\"618\" \/><\/p>\n<h2>LIHTSASTI TRANSPORDITAV<\/h2>\n<p>Uudne tehnoloogia v\u00f5imaldab \u00e4\u00e4retult mugavalt t\u00f5ukeratta kokku voltida ning v\u00f5tta selle kaasa k\u00f5ikjale kuhu hing ihkab.<\/p>\n<p><img loading=\"lazy\" decoding=\"async\" class=\"alignnone wp-image-1469670 size-full\" src=\"https:\/\/elektrilised.ee\/wp-content\/uploads\/2021\/04\/4.jpg\" alt=\"elektriline t\u00f5ukeratas lenks\" width=\"1200\" height=\"533\" \/><\/p>\n<h2>VSETT 10+ TEHNILINE KIRJELDUS<\/h2>\n<p>\u00dche laadimisega saab sujuva s\u00f5idustiiliga, 25km\/h ja 70kg kaaluv s\u00f5itja ideaalsetes tingimustes l\u00e4bida\u00a0<strong>kuni 130km<\/strong>, kuid nagu alati elektrit\u00f5ukerataste puhul j\u00e4\u00e4b tegelik s\u00f5idukaugus keskmise s\u00f5itjaga pigem 60-80km juurde. Vsett 10+ on\u00a0<strong>esimene ja tagumine 140mm<\/strong>\u00a0rootoriga\u00a0<strong>h\u00fcdrauliline Zoom, Vsett v\u00f5i Nutt br\u00e4ndi ketaspidur<\/strong>, mis on v\u00f5rreldes mehaaniliste ketaspiduritega elektrit\u00f5ukeratastega palju parema pidurdustunnetusega ning efektiivsema pidurdusj\u00f5udlusega. 10+ elektriline t\u00f5ukeratas saab pidurdada ka mootoritega (elektripidur), mille invensiivsus on vastavalt s\u00f5itja eelistustele seadistatav. Elektriline t\u00f5ukeratas on varustatud suure mahtuvusega\u00a0<strong>60V\/20800mAh (1280Wh), 60V\/25600mAh (1536Wh)<\/strong>\u00a0v\u00f5i<strong>\u00a060V\/28000mAh (1680Wh)<\/strong>, k\u00f5rgkvaliteetsetest LG liitium-ioon (Li-Ion) moodulitest valmistatud akuga. Aku t\u00e4is laadimiseks 0-100% kulub kahte laadijat kasutades\u00a0<strong>vaid 7 tundi.\u00a0<\/strong>\u00dche laadijaga on see aeg m\u00f5nev\u00f5rra pikem \u2013 14 tundi<strong>.<\/strong>\u00a0Pimedateks aegadeks ning end kaasliiklejatele n\u00e4htavamaks tegemiseks on elektrit\u00f5uksil nii eesmine porilauale paigaldatud LED tuli kui ka tagumised\u00a0<strong>LED tuled.<\/strong>\u00a0Samuti on elektrit\u00f5ukerattal tagumised suunatuled, mis on sisse-v\u00e4lja l\u00fclitatavad elektrit\u00f5ukeratta k\u00e4epidemetesse peidetud l\u00fclitite abil<\/p>\n<p><strong>NB!<\/strong> Elektrit\u00f5ukerattaga s\u00f5ites soovitame alati kanda <a href=\"https:\/\/projekt.vombat.ee\/eco\/pood\/?product-cata=707\">kiivrit<\/a>. Alla 16 aastase kergliikuri jaoks on elektrit\u00f5uksiga s\u00f5idu ajal kiivri kandmine\u00a0<a href=\"https:\/\/www.riigiteataja.ee\/akt\/113112020001\">seaduse<\/a>\u00a0j\u00e4rgi kohustuslik<\/p>\n","protected":false},"excerpt":{"rendered":"<h6><strong>V<\/strong><strong>SETT 10+ ELEKTRILINE T\u00d5UKERATA<\/strong><strong>S<\/strong><\/h6>\n<p>&nbsp;<\/p>\n<ul>\n<li><strong>Max s\u00f5iduulatus<\/strong>: 80-100 KM<\/li>\n<li><strong>Kandev\u00f5ime<\/strong>: 120 kg<\/li>\n<li><strong>Mootori v\u00f5imsus<\/strong>: 1000W<\/li>\n<li><strong>Laadimisaeg<\/strong>: 5-11h<\/li>\n<li><strong>Aku<\/strong>: 60V 20.8Ah<\/li>\n<li><strong>Max kiirus<\/strong>: 25km\/h<\/li>\n<li><strong>Valikus nii maantee- kui maastikurehviga.\u00a0<\/strong><\/li>\n<\/ul>\n<p>&nbsp;<\/p>\n<p><strong>\u2666 Tarneaeg 1-3 p\u00e4eva<\/strong><br \/>\n<strong>\u2666 Laos<\/strong><\/p>\n","protected":false},"featured_media":9509,"template":"","meta":[],"product_cat":[53,911],"product_tag":[],"class_list":{"0":"post-9507","1":"product","2":"type-product","3":"status-publish","4":"has-post-thumbnail","6":"product_cat-elektritoukerattad","7":"product_cat-voimsad-toukerattad","8":"product_shipping_class-suured-pakid","10":"first","11":"instock","12":"sale","13":"taxable","14":"shipping-taxable","15":"purchasable","16":"product-type-simple"},"yoast_head":"<!-- This site is optimized with the Yoast SEO plugin v23.8 - https:\/\/yoast.com\/wordpress\/plugins\/seo\/ -->\n<title>Vsett 10+ elektriline t\u00f5ukeratas, 80km - Ecocruiser<\/title>\n<meta name=\"description\" content=\"Vsett 10+ elektriline t\u00f5ukeratas, 80km - Kvaliteetsed br\u00e4ndid, lai valik - Ecocruiser.ee - K\u00fcsimuste korral v\u00f5ta \u00fchendust info@projekt.vombat.ee\" \/>\n<meta name=\"robots\" content=\"noindex, follow, max-snippet:-1, max-image-preview:large, max-video-preview:-1\" \/>\n<meta property=\"og:locale\" content=\"en_GB\" \/>\n<meta property=\"og:type\" content=\"article\" \/>\n<meta property=\"og:title\" content=\"Vsett 10+ elektriline t\u00f5ukeratas, 80km - Ecocruiser\" \/>\n<meta property=\"og:description\" content=\"Vsett 10+ elektriline t\u00f5ukeratas, 80km - Kvaliteetsed br\u00e4ndid, lai valik - Ecocruiser.ee - K\u00fcsimuste korral v\u00f5ta \u00fchendust info@projekt.vombat.ee\" \/>\n<meta property=\"og:url\" content=\"https:\/\/projekt.vombat.ee\/eco\/pood\/elektritoukerattad\/voimsad-toukerattad\/vsett-10-elektriline-toukeratas-60km\/\" \/>\n<meta property=\"og:site_name\" content=\"Ecocruiser\" \/>\n<meta property=\"article:modified_time\" content=\"2024-06-30T18:54:13+00:00\" \/>\n<meta property=\"og:image\" content=\"https:\/\/projekt.vombat.ee\/eco\/wp-content\/uploads\/2023\/05\/Vsett-10.jpg\" \/>\n\t<meta property=\"og:image:width\" content=\"800\" \/>\n\t<meta property=\"og:image:height\" content=\"800\" \/>\n\t<meta property=\"og:image:type\" content=\"image\/jpeg\" \/>\n<meta name=\"twitter:card\" content=\"summary_large_image\" \/>\n<meta name=\"twitter:label1\" content=\"Estimated reading time\" \/>\n\t<meta name=\"twitter:data1\" content=\"3 minutes\" \/>\n<script type=\"application\/ld+json\" class=\"yoast-schema-graph\">{\"@context\":\"https:\/\/schema.org\",\"@graph\":[{\"@type\":\"WebPage\",\"@id\":\"https:\/\/projekt.vombat.ee\/eco\/pood\/elektritoukerattad\/voimsad-toukerattad\/vsett-10-elektriline-toukeratas-60km\/\",\"url\":\"https:\/\/projekt.vombat.ee\/eco\/pood\/elektritoukerattad\/voimsad-toukerattad\/vsett-10-elektriline-toukeratas-60km\/\",\"name\":\"Vsett 10+ elektriline t\u00f5ukeratas, 80km - Ecocruiser\",\"isPartOf\":{\"@id\":\"https:\/\/projekt.vombat.ee\/eco\/#website\"},\"primaryImageOfPage\":{\"@id\":\"https:\/\/projekt.vombat.ee\/eco\/pood\/elektritoukerattad\/voimsad-toukerattad\/vsett-10-elektriline-toukeratas-60km\/#primaryimage\"},\"image\":{\"@id\":\"https:\/\/projekt.vombat.ee\/eco\/pood\/elektritoukerattad\/voimsad-toukerattad\/vsett-10-elektriline-toukeratas-60km\/#primaryimage\"},\"thumbnailUrl\":\"https:\/\/projekt.vombat.ee\/eco\/wp-content\/uploads\/2023\/05\/Vsett-10.jpg\",\"datePublished\":\"2023-05-17T19:10:29+00:00\",\"dateModified\":\"2024-06-30T18:54:13+00:00\",\"description\":\"Vsett 10+ elektriline t\u00f5ukeratas, 80km - Kvaliteetsed br\u00e4ndid, lai valik - Ecocruiser.ee - K\u00fcsimuste korral v\u00f5ta \u00fchendust info@projekt.vombat.ee\",\"breadcrumb\":{\"@id\":\"https:\/\/projekt.vombat.ee\/eco\/pood\/elektritoukerattad\/voimsad-toukerattad\/vsett-10-elektriline-toukeratas-60km\/#breadcrumb\"},\"inLanguage\":\"en-GB\",\"potentialAction\":[{\"@type\":\"ReadAction\",\"target\":[\"https:\/\/projekt.vombat.ee\/eco\/pood\/elektritoukerattad\/voimsad-toukerattad\/vsett-10-elektriline-toukeratas-60km\/\"]}]},{\"@type\":\"ImageObject\",\"inLanguage\":\"en-GB\",\"@id\":\"https:\/\/projekt.vombat.ee\/eco\/pood\/elektritoukerattad\/voimsad-toukerattad\/vsett-10-elektriline-toukeratas-60km\/#primaryimage\",\"url\":\"https:\/\/projekt.vombat.ee\/eco\/wp-content\/uploads\/2023\/05\/Vsett-10.jpg\",\"contentUrl\":\"https:\/\/projekt.vombat.ee\/eco\/wp-content\/uploads\/2023\/05\/Vsett-10.jpg\",\"width\":800,\"height\":800,\"caption\":\"Vsett 10+\"},{\"@type\":\"BreadcrumbList\",\"@id\":\"https:\/\/projekt.vombat.ee\/eco\/pood\/elektritoukerattad\/voimsad-toukerattad\/vsett-10-elektriline-toukeratas-60km\/#breadcrumb\",\"itemListElement\":[{\"@type\":\"ListItem\",\"position\":1,\"name\":\"Home\",\"item\":\"https:\/\/projekt.vombat.ee\/eco\/\"},{\"@type\":\"ListItem\",\"position\":2,\"name\":\"Pood\",\"item\":\"https:\/\/projekt.vombat.ee\/eco\/pood\/\"},{\"@type\":\"ListItem\",\"position\":3,\"name\":\"Vsett 10+ elektriline t\u00f5ukeratas, 80km\"}]},{\"@type\":\"WebSite\",\"@id\":\"https:\/\/projekt.vombat.ee\/eco\/#website\",\"url\":\"https:\/\/projekt.vombat.ee\/eco\/\",\"name\":\"Ecocruiser\",\"description\":\"\",\"publisher\":{\"@id\":\"https:\/\/projekt.vombat.ee\/eco\/#organization\"},\"potentialAction\":[{\"@type\":\"SearchAction\",\"target\":{\"@type\":\"EntryPoint\",\"urlTemplate\":\"https:\/\/projekt.vombat.ee\/eco\/?s={search_term_string}\"},\"query-input\":{\"@type\":\"PropertyValueSpecification\",\"valueRequired\":true,\"valueName\":\"search_term_string\"}}],\"inLanguage\":\"en-GB\"},{\"@type\":\"Organization\",\"@id\":\"https:\/\/projekt.vombat.ee\/eco\/#organization\",\"name\":\"Ecocruiser\",\"url\":\"https:\/\/projekt.vombat.ee\/eco\/\",\"logo\":{\"@type\":\"ImageObject\",\"inLanguage\":\"en-GB\",\"@id\":\"https:\/\/projekt.vombat.ee\/eco\/#\/schema\/logo\/image\/\",\"url\":\"https:\/\/projekt.vombat.ee\/eco\/wp-content\/uploads\/2023\/03\/ECOCRUISER_5.png\",\"contentUrl\":\"https:\/\/projekt.vombat.ee\/eco\/wp-content\/uploads\/2023\/03\/ECOCRUISER_5.png\",\"width\":234,\"height\":91,\"caption\":\"Ecocruiser\"},\"image\":{\"@id\":\"https:\/\/projekt.vombat.ee\/eco\/#\/schema\/logo\/image\/\"}}]}<\/script>\n<!-- \/ Yoast SEO plugin. -->","yoast_head_json":{"title":"Vsett 10+ elektriline t\u00f5ukeratas, 80km - Ecocruiser","description":"Vsett 10+ elektriline t\u00f5ukeratas, 80km - Kvaliteetsed br\u00e4ndid, lai valik - Ecocruiser.ee - K\u00fcsimuste korral v\u00f5ta \u00fchendust info@projekt.vombat.ee","robots":{"index":"noindex","follow":"follow","max-snippet":"max-snippet:-1","max-image-preview":"max-image-preview:large","max-video-preview":"max-video-preview:-1"},"og_locale":"en_GB","og_type":"article","og_title":"Vsett 10+ elektriline t\u00f5ukeratas, 80km - Ecocruiser","og_description":"Vsett 10+ elektriline t\u00f5ukeratas, 80km - Kvaliteetsed br\u00e4ndid, lai valik - Ecocruiser.ee - K\u00fcsimuste korral v\u00f5ta \u00fchendust info@projekt.vombat.ee","og_url":"https:\/\/projekt.vombat.ee\/eco\/pood\/elektritoukerattad\/voimsad-toukerattad\/vsett-10-elektriline-toukeratas-60km\/","og_site_name":"Ecocruiser","article_modified_time":"2024-06-30T18:54:13+00:00","og_image":[{"width":800,"height":800,"url":"https:\/\/projekt.vombat.ee\/eco\/wp-content\/uploads\/2023\/05\/Vsett-10.jpg","type":"image\/jpeg"}],"twitter_card":"summary_large_image","twitter_misc":{"Estimated reading time":"3 minutes"},"schema":{"@context":"https:\/\/schema.org","@graph":[{"@type":"WebPage","@id":"https:\/\/projekt.vombat.ee\/eco\/pood\/elektritoukerattad\/voimsad-toukerattad\/vsett-10-elektriline-toukeratas-60km\/","url":"https:\/\/projekt.vombat.ee\/eco\/pood\/elektritoukerattad\/voimsad-toukerattad\/vsett-10-elektriline-toukeratas-60km\/","name":"Vsett 10+ elektriline t\u00f5ukeratas, 80km - Ecocruiser","isPartOf":{"@id":"https:\/\/projekt.vombat.ee\/eco\/#website"},"primaryImageOfPage":{"@id":"https:\/\/projekt.vombat.ee\/eco\/pood\/elektritoukerattad\/voimsad-toukerattad\/vsett-10-elektriline-toukeratas-60km\/#primaryimage"},"image":{"@id":"https:\/\/projekt.vombat.ee\/eco\/pood\/elektritoukerattad\/voimsad-toukerattad\/vsett-10-elektriline-toukeratas-60km\/#primaryimage"},"thumbnailUrl":"https:\/\/projekt.vombat.ee\/eco\/wp-content\/uploads\/2023\/05\/Vsett-10.jpg","datePublished":"2023-05-17T19:10:29+00:00","dateModified":"2024-06-30T18:54:13+00:00","description":"Vsett 10+ elektriline t\u00f5ukeratas, 80km - Kvaliteetsed br\u00e4ndid, lai valik - Ecocruiser.ee - K\u00fcsimuste korral v\u00f5ta \u00fchendust info@projekt.vombat.ee","breadcrumb":{"@id":"https:\/\/projekt.vombat.ee\/eco\/pood\/elektritoukerattad\/voimsad-toukerattad\/vsett-10-elektriline-toukeratas-60km\/#breadcrumb"},"inLanguage":"en-GB","potentialAction":[{"@type":"ReadAction","target":["https:\/\/projekt.vombat.ee\/eco\/pood\/elektritoukerattad\/voimsad-toukerattad\/vsett-10-elektriline-toukeratas-60km\/"]}]},{"@type":"ImageObject","inLanguage":"en-GB","@id":"https:\/\/projekt.vombat.ee\/eco\/pood\/elektritoukerattad\/voimsad-toukerattad\/vsett-10-elektriline-toukeratas-60km\/#primaryimage","url":"https:\/\/projekt.vombat.ee\/eco\/wp-content\/uploads\/2023\/05\/Vsett-10.jpg","contentUrl":"https:\/\/projekt.vombat.ee\/eco\/wp-content\/uploads\/2023\/05\/Vsett-10.jpg","width":800,"height":800,"caption":"Vsett 10+"},{"@type":"BreadcrumbList","@id":"https:\/\/projekt.vombat.ee\/eco\/pood\/elektritoukerattad\/voimsad-toukerattad\/vsett-10-elektriline-toukeratas-60km\/#breadcrumb","itemListElement":[{"@type":"ListItem","position":1,"name":"Home","item":"https:\/\/projekt.vombat.ee\/eco\/"},{"@type":"ListItem","position":2,"name":"Pood","item":"https:\/\/projekt.vombat.ee\/eco\/pood\/"},{"@type":"ListItem","position":3,"name":"Vsett 10+ elektriline t\u00f5ukeratas, 80km"}]},{"@type":"WebSite","@id":"https:\/\/projekt.vombat.ee\/eco\/#website","url":"https:\/\/projekt.vombat.ee\/eco\/","name":"Ecocruiser","description":"","publisher":{"@id":"https:\/\/projekt.vombat.ee\/eco\/#organization"},"potentialAction":[{"@type":"SearchAction","target":{"@type":"EntryPoint","urlTemplate":"https:\/\/projekt.vombat.ee\/eco\/?s={search_term_string}"},"query-input":{"@type":"PropertyValueSpecification","valueRequired":true,"valueName":"search_term_string"}}],"inLanguage":"en-GB"},{"@type":"Organization","@id":"https:\/\/projekt.vombat.ee\/eco\/#organization","name":"Ecocruiser","url":"https:\/\/projekt.vombat.ee\/eco\/","logo":{"@type":"ImageObject","inLanguage":"en-GB","@id":"https:\/\/projekt.vombat.ee\/eco\/#\/schema\/logo\/image\/","url":"https:\/\/projekt.vombat.ee\/eco\/wp-content\/uploads\/2023\/03\/ECOCRUISER_5.png","contentUrl":"https:\/\/projekt.vombat.ee\/eco\/wp-content\/uploads\/2023\/03\/ECOCRUISER_5.png","width":234,"height":91,"caption":"Ecocruiser"},"image":{"@id":"https:\/\/projekt.vombat.ee\/eco\/#\/schema\/logo\/image\/"}}]}},"lang":"et","translations":{"et":9507},"pll_sync_post":[],"_links":{"self":[{"href":"https:\/\/projekt.vombat.ee\/eco\/wp-json\/wp\/v2\/product\/9507"}],"collection":[{"href":"https:\/\/projekt.vombat.ee\/eco\/wp-json\/wp\/v2\/product"}],"about":[{"href":"https:\/\/projekt.vombat.ee\/eco\/wp-json\/wp\/v2\/types\/product"}],"version-history":[{"count":4,"href":"https:\/\/projekt.vombat.ee\/eco\/wp-json\/wp\/v2\/product\/9507\/revisions"}],"predecessor-version":[{"id":19269,"href":"https:\/\/projekt.vombat.ee\/eco\/wp-json\/wp\/v2\/product\/9507\/revisions\/19269"}],"wp:featuredmedia":[{"embeddable":true,"href":"https:\/\/projekt.vombat.ee\/eco\/wp-json\/wp\/v2\/media\/9509"}],"wp:attachment":[{"href":"https:\/\/projekt.vombat.ee\/eco\/wp-json\/wp\/v2\/media?parent=9507"}],"wp:term":[{"taxonomy":"product_cat","embeddable":true,"href":"https:\/\/projekt.vombat.ee\/eco\/wp-json\/wp\/v2\/product_cat?post=9507"},{"taxonomy":"product_tag","embeddable":true,"href":"https:\/\/projekt.vombat.ee\/eco\/wp-json\/wp\/v2\/product_tag?post=9507"}],"curies":[{"name":"wp","href":"https:\/\/api.w.org\/{rel}","templated":true}]}}