{"id":9486,"date":"2023-05-16T18:25:00","date_gmt":"2023-05-16T18:25:00","guid":{"rendered":"https:\/\/projekt.vombat.ee\/eco\/?post_type=product&#038;p=9486"},"modified":"2024-06-30T20:17:05","modified_gmt":"2024-06-30T20:17:05","slug":"vsett-9-elektriline-toukeratas-55km","status":"publish","type":"product","link":"https:\/\/projekt.vombat.ee\/eco\/pood\/elektritoukerattad\/voimsad-toukerattad\/vsett-9-elektriline-toukeratas-55km\/","title":{"rendered":"Vsett 9 elektriline t\u00f5ukeratas, 70km"},"content":{"rendered":"<h2>VSETT 9 ELEKTRILINE T\u00d5UKERATAS<\/h2>\n<p>Koge uudse Vsett 9 t\u00f5ukeratta v\u00f5imekust. V\u00f5rreldes Vsett 8 mudeliga on tegemist t\u00f5ukerattaga, mis viib sind kiiremini kaugemale.\u00a0elektriline, t\u00f5ukeratas, elektrit\u00f5ukeratas<\/p>\n<p><img fetchpriority=\"high\" decoding=\"async\" class=\"aligncenter wp-image-1469622 size-full\" src=\"https:\/\/elektrilised.ee\/wp-content\/uploads\/2021\/04\/1.jpg\" alt=\"Vsett 9 elektriline t\u00f5ukeratas\" width=\"1200\" height=\"574\" \/><\/p>\n<h2>T\u00c4IUSLIK LIIKUVUS<\/h2>\n<p>Vsett 9 ei ole vaid silmapaistev oma v\u00e4limuse poolest, vaid ka s\u00f5idumugavuse ja kvaliteedi poolest.<\/p>\n<p>M\u00f5lemad, nii k\u00e4epidemed kui terve lenks on v\u00f5imalik kokku voltida, mis teevad selle veel kompaktsemaks.<\/p>\n<h2>V\u00d5IMAS MOOTOR JA AKU<\/h2>\n<p>T\u00e4nu 17.5Ah akule saate s\u00f5itu nautida \u00fche laadimiskorraga kuni 70km ulatuses. Asjale lisab v\u00fcrtsi juurde t\u00f5ukeratta 650W mootor mille kiirus ulatub kuni 25km\/h.<\/p>\n<p><img decoding=\"async\" class=\"alignnone wp-image-1469623 size-full\" src=\"https:\/\/elektrilised.ee\/wp-content\/uploads\/2021\/04\/3.jpg\" alt=\"Elektrit\u00f5ukeratas Vsett 9\" width=\"1200\" height=\"420\" \/><\/p>\n<h2>NAUDI S\u00d5ITU NII ASFALDIL KUI MAASTIKUL<\/h2>\n<p>V\u00f5imas amortisatsioonis\u00fcsteem ja 8.5 tollised rehvid v\u00f5imaldavad sujuvat liikumist ning v\u00e4ldivad v\u00e4iksemaid auke ja takistusi.<\/p>\n<h2>S\u00d5IDA IGA ILMAGA<\/h2>\n<p>Tagumine ja eesmine valgustus parandab n\u00e4htavust pimedas ning teeb sind n\u00e4htavaks kaasliiklejatele. Lisaks on paigaldatud porilauad, mis takistavad pritsmete sattumist riietele.<\/p>\n<p><img decoding=\"async\" class=\"alignnone wp-image-1469624 size-full\" src=\"https:\/\/elektrilised.ee\/wp-content\/uploads\/2021\/04\/5.jpg\" alt=\"Vsett \" width=\"1200\" height=\"506\" \/><\/p>\n<p>&nbsp;<\/p>\n<h2>VSETT 9\u00a0 \u2013 TEHNILINE KIRJELDUS<\/h2>\n<p>K\u00f5ik Vsett elektrit\u00f5ukerattad on varustatud l\u00e4bimurdelise kokku klappimise s\u00fcsteemiga, mis on v\u00e4ga kergesti reguleeritav, mitme turvalisuse astmega ning ennetab eelmise p\u00f5lvkonna elektriliste t\u00f5ukerataste puhul ilmnenud metalli v\u00e4simise t\u00f5ttu tekkivad naginad ja l\u00f5tkud. Uuel OLED tehnoloogial p\u00f5hinev QS-S4 display on kasutaja s\u00f5bralikum kui k\u00f5ik eelnevad versioonid. T\u00f5ukeratta display kuvab andmeid kiiruse, s\u00f5idu re\u017eiimi, aku taseme ning ka selle kohta kui palju on elektrit\u00f5ukeratas oma eluea jooksul kilomeetreid l\u00e4binud. Lisaks sellele on targa display abil seadistatav p\u00fcsikiirusehoidja ka ning see, et kui intensiivselt kasutab elektrit\u00f5ukeratas elektripidurit (mootori pidurit). Hoopis j\u00e4rgmisele tasemele on viidud ka vargus kindlus \u2013 elektriline t\u00f5ukeratas on sisse l\u00fclitatav juhtmevaba NFC kaardiga. Seda NFC koodi v\u00f5imalik salvestada ka oma nutitelefoni v\u00f5i kella sisse, et sellega elektrit\u00f5ukeratas lahti lukustada.<\/p>\n<p>Vsett 9 elektriline t\u00f5ukeratas on varustatud nii eesmise kui ka tagumise ratta\u00a0<strong>h\u00fcbriidse reguleeritava h\u00fcdraulilise vedru-amordiga<\/strong>. See uus vedruse tehnoloogia v\u00f5imaldab \u00fchildada vedru-ja h\u00fcdrauliliste amortisaatorite parimad aspektid ning vedrustust on v\u00f5imalik reguleerida v\u00e4ga pehmeks ja vetruvaks, v\u00e4ga j\u00e4igaks ja stabiilseks v\u00f5i k\u00f5igeks nende kahe variandi vahepeale j\u00e4\u00e4vaks. Samuti on esmakordselt elektrit\u00f5ukerataste ajaloos kasutatud standardses m\u00f5\u00f5dus\u00a0<strong>165mm amorte,<\/strong>\u00a0mis v\u00f5imaldab entusiastlikumatel kasutajatel amortisaatoreid oma \u00e4ran\u00e4gemise j\u00e4rgi asendada.<\/p>\n<p><strong>NB!<\/strong> Elektrit\u00f5ukerattaga s\u00f5ites soovitame alati kanda <a href=\"https:\/\/projekt.vombat.ee\/eco\/pood\/?product-cata=707\">kiivrit<\/a>. Alla 16 aastase kergliikuri jaoks on elektrit\u00f5uksiga s\u00f5idu ajal kiivri kandmine\u00a0<a href=\"https:\/\/www.riigiteataja.ee\/akt\/113112020001\">seaduse<\/a>\u00a0j\u00e4rgi kohustuslik<\/p>\n","protected":false},"excerpt":{"rendered":"<h6><strong>V<\/strong><strong>SETT 9 ELEKTRILINE T\u00d5UKERATA<\/strong><strong>S<\/strong><\/h6>\n<p>&nbsp;<\/p>\n<ul>\n<li><strong>Max s\u00f5iduulatus<\/strong>: 70 KM<\/li>\n<li><strong>Kandev\u00f5ime<\/strong>: 120 kg<\/li>\n<li><strong>Mootori v\u00f5imsus<\/strong>: 650W<\/li>\n<li><strong>Laadimisaeg<\/strong>: 5-11h<\/li>\n<li><strong>Aku<\/strong>: 52V 16Ah<\/li>\n<li><strong>Max kiirus<\/strong>: 25km\/h<\/li>\n<\/ul>\n<p>&nbsp;<\/p>\n<p><strong>\u2666 Tarneaeg 3-8 p\u00e4eva<\/strong><br \/>\n<strong>\u2666 Laos<\/strong><\/p>\n","protected":false},"featured_media":9487,"template":"","meta":[],"product_cat":[53,911],"product_tag":[],"class_list":{"0":"post-9486","1":"product","2":"type-product","3":"status-publish","4":"has-post-thumbnail","6":"product_cat-elektritoukerattad","7":"product_cat-voimsad-toukerattad","8":"product_shipping_class-suured-pakid","10":"first","11":"instock","12":"sale","13":"taxable","14":"shipping-taxable","15":"purchasable","16":"product-type-simple"},"yoast_head":"<!-- This site is optimized with the Yoast SEO plugin v23.8 - https:\/\/yoast.com\/wordpress\/plugins\/seo\/ -->\n<title>Vsett 9 elektriline t\u00f5ukeratas, 70km - Ecocruiser<\/title>\n<meta name=\"description\" content=\"Vsett 9 elektriline t\u00f5ukeratas, 70km - Kvaliteetsed br\u00e4ndid, lai valik - Ecocruiser.ee - K\u00fcsimuste korral v\u00f5ta \u00fchendust info@projekt.vombat.ee\" \/>\n<meta name=\"robots\" content=\"noindex, follow, max-snippet:-1, max-image-preview:large, max-video-preview:-1\" \/>\n<meta property=\"og:locale\" content=\"en_GB\" \/>\n<meta property=\"og:type\" content=\"article\" \/>\n<meta property=\"og:title\" content=\"Vsett 9 elektriline t\u00f5ukeratas, 70km - Ecocruiser\" \/>\n<meta property=\"og:description\" content=\"Vsett 9 elektriline t\u00f5ukeratas, 70km - Kvaliteetsed br\u00e4ndid, lai valik - Ecocruiser.ee - K\u00fcsimuste korral v\u00f5ta \u00fchendust info@projekt.vombat.ee\" \/>\n<meta property=\"og:url\" content=\"https:\/\/projekt.vombat.ee\/eco\/pood\/elektritoukerattad\/voimsad-toukerattad\/vsett-9-elektriline-toukeratas-55km\/\" \/>\n<meta property=\"og:site_name\" content=\"Ecocruiser\" \/>\n<meta property=\"article:modified_time\" content=\"2024-06-30T20:17:05+00:00\" \/>\n<meta property=\"og:image\" content=\"https:\/\/projekt.vombat.ee\/eco\/wp-content\/uploads\/2023\/05\/Vsett-9.jpg\" \/>\n\t<meta property=\"og:image:width\" content=\"800\" \/>\n\t<meta property=\"og:image:height\" content=\"800\" \/>\n\t<meta property=\"og:image:type\" content=\"image\/jpeg\" \/>\n<meta name=\"twitter:card\" content=\"summary_large_image\" \/>\n<meta name=\"twitter:label1\" content=\"Estimated reading time\" \/>\n\t<meta name=\"twitter:data1\" content=\"3 minutes\" \/>\n<script type=\"application\/ld+json\" class=\"yoast-schema-graph\">{\"@context\":\"https:\/\/schema.org\",\"@graph\":[{\"@type\":\"WebPage\",\"@id\":\"https:\/\/projekt.vombat.ee\/eco\/pood\/elektritoukerattad\/voimsad-toukerattad\/vsett-9-elektriline-toukeratas-55km\/\",\"url\":\"https:\/\/projekt.vombat.ee\/eco\/pood\/elektritoukerattad\/voimsad-toukerattad\/vsett-9-elektriline-toukeratas-55km\/\",\"name\":\"Vsett 9 elektriline t\u00f5ukeratas, 70km - Ecocruiser\",\"isPartOf\":{\"@id\":\"https:\/\/projekt.vombat.ee\/eco\/#website\"},\"primaryImageOfPage\":{\"@id\":\"https:\/\/projekt.vombat.ee\/eco\/pood\/elektritoukerattad\/voimsad-toukerattad\/vsett-9-elektriline-toukeratas-55km\/#primaryimage\"},\"image\":{\"@id\":\"https:\/\/projekt.vombat.ee\/eco\/pood\/elektritoukerattad\/voimsad-toukerattad\/vsett-9-elektriline-toukeratas-55km\/#primaryimage\"},\"thumbnailUrl\":\"https:\/\/projekt.vombat.ee\/eco\/wp-content\/uploads\/2023\/05\/Vsett-9.jpg\",\"datePublished\":\"2023-05-16T18:25:00+00:00\",\"dateModified\":\"2024-06-30T20:17:05+00:00\",\"description\":\"Vsett 9 elektriline t\u00f5ukeratas, 70km - Kvaliteetsed br\u00e4ndid, lai valik - Ecocruiser.ee - K\u00fcsimuste korral v\u00f5ta \u00fchendust info@projekt.vombat.ee\",\"breadcrumb\":{\"@id\":\"https:\/\/projekt.vombat.ee\/eco\/pood\/elektritoukerattad\/voimsad-toukerattad\/vsett-9-elektriline-toukeratas-55km\/#breadcrumb\"},\"inLanguage\":\"en-GB\",\"potentialAction\":[{\"@type\":\"ReadAction\",\"target\":[\"https:\/\/projekt.vombat.ee\/eco\/pood\/elektritoukerattad\/voimsad-toukerattad\/vsett-9-elektriline-toukeratas-55km\/\"]}]},{\"@type\":\"ImageObject\",\"inLanguage\":\"en-GB\",\"@id\":\"https:\/\/projekt.vombat.ee\/eco\/pood\/elektritoukerattad\/voimsad-toukerattad\/vsett-9-elektriline-toukeratas-55km\/#primaryimage\",\"url\":\"https:\/\/projekt.vombat.ee\/eco\/wp-content\/uploads\/2023\/05\/Vsett-9.jpg\",\"contentUrl\":\"https:\/\/projekt.vombat.ee\/eco\/wp-content\/uploads\/2023\/05\/Vsett-9.jpg\",\"width\":800,\"height\":800,\"caption\":\"Vsett 9\"},{\"@type\":\"BreadcrumbList\",\"@id\":\"https:\/\/projekt.vombat.ee\/eco\/pood\/elektritoukerattad\/voimsad-toukerattad\/vsett-9-elektriline-toukeratas-55km\/#breadcrumb\",\"itemListElement\":[{\"@type\":\"ListItem\",\"position\":1,\"name\":\"Home\",\"item\":\"https:\/\/projekt.vombat.ee\/eco\/\"},{\"@type\":\"ListItem\",\"position\":2,\"name\":\"Pood\",\"item\":\"https:\/\/projekt.vombat.ee\/eco\/pood\/\"},{\"@type\":\"ListItem\",\"position\":3,\"name\":\"Vsett 9 elektriline t\u00f5ukeratas, 70km\"}]},{\"@type\":\"WebSite\",\"@id\":\"https:\/\/projekt.vombat.ee\/eco\/#website\",\"url\":\"https:\/\/projekt.vombat.ee\/eco\/\",\"name\":\"Ecocruiser\",\"description\":\"\",\"publisher\":{\"@id\":\"https:\/\/projekt.vombat.ee\/eco\/#organization\"},\"potentialAction\":[{\"@type\":\"SearchAction\",\"target\":{\"@type\":\"EntryPoint\",\"urlTemplate\":\"https:\/\/projekt.vombat.ee\/eco\/?s={search_term_string}\"},\"query-input\":{\"@type\":\"PropertyValueSpecification\",\"valueRequired\":true,\"valueName\":\"search_term_string\"}}],\"inLanguage\":\"en-GB\"},{\"@type\":\"Organization\",\"@id\":\"https:\/\/projekt.vombat.ee\/eco\/#organization\",\"name\":\"Ecocruiser\",\"url\":\"https:\/\/projekt.vombat.ee\/eco\/\",\"logo\":{\"@type\":\"ImageObject\",\"inLanguage\":\"en-GB\",\"@id\":\"https:\/\/projekt.vombat.ee\/eco\/#\/schema\/logo\/image\/\",\"url\":\"https:\/\/projekt.vombat.ee\/eco\/wp-content\/uploads\/2023\/03\/ECOCRUISER_5.png\",\"contentUrl\":\"https:\/\/projekt.vombat.ee\/eco\/wp-content\/uploads\/2023\/03\/ECOCRUISER_5.png\",\"width\":234,\"height\":91,\"caption\":\"Ecocruiser\"},\"image\":{\"@id\":\"https:\/\/projekt.vombat.ee\/eco\/#\/schema\/logo\/image\/\"}}]}<\/script>\n<!-- \/ Yoast SEO plugin. -->","yoast_head_json":{"title":"Vsett 9 elektriline t\u00f5ukeratas, 70km - Ecocruiser","description":"Vsett 9 elektriline t\u00f5ukeratas, 70km - Kvaliteetsed br\u00e4ndid, lai valik - Ecocruiser.ee - K\u00fcsimuste korral v\u00f5ta \u00fchendust info@projekt.vombat.ee","robots":{"index":"noindex","follow":"follow","max-snippet":"max-snippet:-1","max-image-preview":"max-image-preview:large","max-video-preview":"max-video-preview:-1"},"og_locale":"en_GB","og_type":"article","og_title":"Vsett 9 elektriline t\u00f5ukeratas, 70km - Ecocruiser","og_description":"Vsett 9 elektriline t\u00f5ukeratas, 70km - Kvaliteetsed br\u00e4ndid, lai valik - Ecocruiser.ee - K\u00fcsimuste korral v\u00f5ta \u00fchendust info@projekt.vombat.ee","og_url":"https:\/\/projekt.vombat.ee\/eco\/pood\/elektritoukerattad\/voimsad-toukerattad\/vsett-9-elektriline-toukeratas-55km\/","og_site_name":"Ecocruiser","article_modified_time":"2024-06-30T20:17:05+00:00","og_image":[{"width":800,"height":800,"url":"https:\/\/projekt.vombat.ee\/eco\/wp-content\/uploads\/2023\/05\/Vsett-9.jpg","type":"image\/jpeg"}],"twitter_card":"summary_large_image","twitter_misc":{"Estimated reading time":"3 minutes"},"schema":{"@context":"https:\/\/schema.org","@graph":[{"@type":"WebPage","@id":"https:\/\/projekt.vombat.ee\/eco\/pood\/elektritoukerattad\/voimsad-toukerattad\/vsett-9-elektriline-toukeratas-55km\/","url":"https:\/\/projekt.vombat.ee\/eco\/pood\/elektritoukerattad\/voimsad-toukerattad\/vsett-9-elektriline-toukeratas-55km\/","name":"Vsett 9 elektriline t\u00f5ukeratas, 70km - Ecocruiser","isPartOf":{"@id":"https:\/\/projekt.vombat.ee\/eco\/#website"},"primaryImageOfPage":{"@id":"https:\/\/projekt.vombat.ee\/eco\/pood\/elektritoukerattad\/voimsad-toukerattad\/vsett-9-elektriline-toukeratas-55km\/#primaryimage"},"image":{"@id":"https:\/\/projekt.vombat.ee\/eco\/pood\/elektritoukerattad\/voimsad-toukerattad\/vsett-9-elektriline-toukeratas-55km\/#primaryimage"},"thumbnailUrl":"https:\/\/projekt.vombat.ee\/eco\/wp-content\/uploads\/2023\/05\/Vsett-9.jpg","datePublished":"2023-05-16T18:25:00+00:00","dateModified":"2024-06-30T20:17:05+00:00","description":"Vsett 9 elektriline t\u00f5ukeratas, 70km - Kvaliteetsed br\u00e4ndid, lai valik - Ecocruiser.ee - K\u00fcsimuste korral v\u00f5ta \u00fchendust info@projekt.vombat.ee","breadcrumb":{"@id":"https:\/\/projekt.vombat.ee\/eco\/pood\/elektritoukerattad\/voimsad-toukerattad\/vsett-9-elektriline-toukeratas-55km\/#breadcrumb"},"inLanguage":"en-GB","potentialAction":[{"@type":"ReadAction","target":["https:\/\/projekt.vombat.ee\/eco\/pood\/elektritoukerattad\/voimsad-toukerattad\/vsett-9-elektriline-toukeratas-55km\/"]}]},{"@type":"ImageObject","inLanguage":"en-GB","@id":"https:\/\/projekt.vombat.ee\/eco\/pood\/elektritoukerattad\/voimsad-toukerattad\/vsett-9-elektriline-toukeratas-55km\/#primaryimage","url":"https:\/\/projekt.vombat.ee\/eco\/wp-content\/uploads\/2023\/05\/Vsett-9.jpg","contentUrl":"https:\/\/projekt.vombat.ee\/eco\/wp-content\/uploads\/2023\/05\/Vsett-9.jpg","width":800,"height":800,"caption":"Vsett 9"},{"@type":"BreadcrumbList","@id":"https:\/\/projekt.vombat.ee\/eco\/pood\/elektritoukerattad\/voimsad-toukerattad\/vsett-9-elektriline-toukeratas-55km\/#breadcrumb","itemListElement":[{"@type":"ListItem","position":1,"name":"Home","item":"https:\/\/projekt.vombat.ee\/eco\/"},{"@type":"ListItem","position":2,"name":"Pood","item":"https:\/\/projekt.vombat.ee\/eco\/pood\/"},{"@type":"ListItem","position":3,"name":"Vsett 9 elektriline t\u00f5ukeratas, 70km"}]},{"@type":"WebSite","@id":"https:\/\/projekt.vombat.ee\/eco\/#website","url":"https:\/\/projekt.vombat.ee\/eco\/","name":"Ecocruiser","description":"","publisher":{"@id":"https:\/\/projekt.vombat.ee\/eco\/#organization"},"potentialAction":[{"@type":"SearchAction","target":{"@type":"EntryPoint","urlTemplate":"https:\/\/projekt.vombat.ee\/eco\/?s={search_term_string}"},"query-input":{"@type":"PropertyValueSpecification","valueRequired":true,"valueName":"search_term_string"}}],"inLanguage":"en-GB"},{"@type":"Organization","@id":"https:\/\/projekt.vombat.ee\/eco\/#organization","name":"Ecocruiser","url":"https:\/\/projekt.vombat.ee\/eco\/","logo":{"@type":"ImageObject","inLanguage":"en-GB","@id":"https:\/\/projekt.vombat.ee\/eco\/#\/schema\/logo\/image\/","url":"https:\/\/projekt.vombat.ee\/eco\/wp-content\/uploads\/2023\/03\/ECOCRUISER_5.png","contentUrl":"https:\/\/projekt.vombat.ee\/eco\/wp-content\/uploads\/2023\/03\/ECOCRUISER_5.png","width":234,"height":91,"caption":"Ecocruiser"},"image":{"@id":"https:\/\/projekt.vombat.ee\/eco\/#\/schema\/logo\/image\/"}}]}},"lang":"et","translations":{"et":9486},"pll_sync_post":[],"_links":{"self":[{"href":"https:\/\/projekt.vombat.ee\/eco\/wp-json\/wp\/v2\/product\/9486"}],"collection":[{"href":"https:\/\/projekt.vombat.ee\/eco\/wp-json\/wp\/v2\/product"}],"about":[{"href":"https:\/\/projekt.vombat.ee\/eco\/wp-json\/wp\/v2\/types\/product"}],"version-history":[{"count":4,"href":"https:\/\/projekt.vombat.ee\/eco\/wp-json\/wp\/v2\/product\/9486\/revisions"}],"predecessor-version":[{"id":19301,"href":"https:\/\/projekt.vombat.ee\/eco\/wp-json\/wp\/v2\/product\/9486\/revisions\/19301"}],"wp:featuredmedia":[{"embeddable":true,"href":"https:\/\/projekt.vombat.ee\/eco\/wp-json\/wp\/v2\/media\/9487"}],"wp:attachment":[{"href":"https:\/\/projekt.vombat.ee\/eco\/wp-json\/wp\/v2\/media?parent=9486"}],"wp:term":[{"taxonomy":"product_cat","embeddable":true,"href":"https:\/\/projekt.vombat.ee\/eco\/wp-json\/wp\/v2\/product_cat?post=9486"},{"taxonomy":"product_tag","embeddable":true,"href":"https:\/\/projekt.vombat.ee\/eco\/wp-json\/wp\/v2\/product_tag?post=9486"}],"curies":[{"name":"wp","href":"https:\/\/api.w.org\/{rel}","templated":true}]}}