{"id":9459,"date":"2023-05-15T09:48:44","date_gmt":"2023-05-15T09:48:44","guid":{"rendered":"https:\/\/projekt.vombat.ee\/eco\/?post_type=product&#038;p=9459"},"modified":"2024-05-30T08:23:54","modified_gmt":"2024-05-30T08:23:54","slug":"taispuhutav-sup-laud-funwater-320cm-4","status":"publish","type":"product","link":"https:\/\/projekt.vombat.ee\/eco\/pood\/sup-lauad\/taispuhutav-sup-laud-funwater-320cm-4\/","title":{"rendered":"T\u00e4ispuhutav SUP laud FunWater 320cm"},"content":{"rendered":"<h1>T\u00e4ispuhutav SUP laud FunWater 320cm<\/h1>\n<p><img decoding=\"async\" class=\"a-spacing-base\" src=\"https:\/\/m.media-amazon.com\/images\/S\/aplus-media-library-service-media\/5a49f8ea-04ee-4b82-8603-27d250724f6b.__CR0,0,970,600_PT0_SX970_V1___.jpg\" alt=\"2\" data-src=\"https:\/\/m.media-amazon.com\/images\/S\/aplus-media-library-service-media\/5a49f8ea-04ee-4b82-8603-27d250724f6b.__CR0,0,970,600_PT0_SX970_V1___.jpg\" \/><\/p>\n<ul>\n<li>SUP-laud on kerge, kuid vastupidav (kandev\u00f5ime kuni 150 kg). Seet\u00f5ttu on sul lihtne s\u00e4ilitada stabiilset ja ohutut s\u00f5itu.<br \/>\nP\u00e4rast t\u00e4ispuhumist on laud m\u00f5\u00f5tmetega 320 x 83 x 15 cm.<\/li>\n<li>T\u00e4ispuhutav aerulaud on sobilik algajatest kuni edasij\u00f5udnutele. T\u00e4itub kiiresti, kasutades kaasasolevat manomeetriga \u00f5hupumpa. Kerge alumiiniumist m\u00f5la klammerdub lihtsalt kokku ja seda saab reguleerida vastavalt oma pikkusele.<\/li>\n<li>T\u00e4ispuhutav p\u00fcstine aerulaud sobib p\u00fcsti ja istuli s\u00f5itmiseks, joogaks, surfamiseks ning pakub v\u00f5imalust veeta aega laste ja lemmikloomadega vee peal. SUP-laud on algajas\u00f5bralik. Laud on koguaeg sinuga sest juhe on v\u00f5imalik kinnitada laua ja jala k\u00fclge.<\/li>\n<li>K\u00e4sipump tuleb kaasa. P\u00e4rast kasutamist saab laua h\u00f5lpsalt kokku voltida ja seljakotti panna ning transportida sinna kus vajad.<\/li>\n<\/ul>\n<p>S\u00f5itke ja kogege stiilselt \u00fcle vee liuglemise r\u00f5\u00f5mu \ud83d\ude42<\/p>\n<h3>Info<\/h3>\n<p>Kaubam\u00e4rk: FunWater<br \/>\nM\u00f5\u00f5dud: 320x83x15cm<br \/>\nMaksimaalne soovituslik kaal: 150 kg<br \/>\nMaksimaalne \u00f5humaht: 15PSI<br \/>\nPikkus: 320cm<br \/>\nLaius: 83cm<br \/>\nL\u00e4bim\u00f5\u00f5t: 15cm<\/p>\n<h3>Komplekt sisaldab<\/h3>\n<p>Komplektis on SUP laud, uim, aer, turvan\u00f6\u00f6r jala k\u00fclge, kott, pump ning veekindel kott.<\/p>\n<p><img decoding=\"async\" class=\"a-spacing-base\" src=\"https:\/\/m.media-amazon.com\/images\/S\/aplus-media-library-service-media\/9063d695-a22d-4d25-864e-791d66fa3e51.__CR0,0,970,600_PT0_SX970_V1___.jpg\" alt=\"2\" data-src=\"https:\/\/m.media-amazon.com\/images\/S\/aplus-media-library-service-media\/9063d695-a22d-4d25-864e-791d66fa3e51.__CR0,0,970,600_PT0_SX970_V1___.jpg\" \/><\/p>\n<p>&nbsp;<\/p>\n","protected":false},"excerpt":{"rendered":"<p><strong>T\u00e4ispuhutav\u00a0SUP laud<\/strong><\/p>\n<p>FunWater SUP laual on suurep\u00e4rane laua kuju, lai kandepind, struktuur ja hea tunnetus.<\/p>\n<p>Sobib hobi korras vees vaba aja veetmiseks kui ka mitmek\u00fclgsemaks aerusurfiks v\u00e4ikestes lainetes.<\/p>\n<p>P\u00e4rast kasutamist saab SUP-laua h\u00f5lpsalt kokku voltida ja seljakotti panna ning transportida sinna kus vajad.<\/p>\n<ul>\n<li>M\u00f5\u00f5dud: 320x83x15cm<\/li>\n<li>Maksimaalne soovituslik kaal: 150 kg<\/li>\n<li>Sobilik algajatele ja edasij\u00f5udnutele<\/li>\n<\/ul>\n<p>&nbsp;<\/p>\n<p>\u2666\u00a0<strong>Tarneaeg 2-6 t\u00f6\u00f6p\u00e4eva<\/strong><br \/>\n\u2666\u00a0<strong>Laos<\/strong><\/p>\n","protected":false},"featured_media":9460,"template":"","meta":[],"product_cat":[1499],"product_tag":[],"class_list":{"0":"post-9459","1":"product","2":"type-product","3":"status-publish","4":"has-post-thumbnail","6":"product_cat-sup-lauad","7":"product_shipping_class-sup-lauad","9":"first","10":"instock","11":"sale","12":"taxable","13":"shipping-taxable","14":"purchasable","15":"product-type-simple"},"yoast_head":"<!-- This site is optimized with the Yoast SEO plugin v23.8 - https:\/\/yoast.com\/wordpress\/plugins\/seo\/ -->\n<title>T\u00e4ispuhutav SUP laud FunWater 320cm - Ecocruiser<\/title>\n<meta name=\"description\" content=\"T\u00e4ispuhutav\u00a0SUP laud. FunWater SUP laual on suurep\u00e4rane laua kuju, lai kandepind, struktuur ja hea tunnetus.Sobib hobi korras vees vaba aja veetmiseks kui ka mitmek\u00fclgsemaks aerusurfiks v\u00e4ikestes lainetes.\" \/>\n<meta name=\"robots\" content=\"noindex, follow, max-snippet:-1, max-image-preview:large, max-video-preview:-1\" \/>\n<meta property=\"og:locale\" content=\"en_GB\" \/>\n<meta property=\"og:type\" content=\"article\" \/>\n<meta property=\"og:title\" content=\"T\u00e4ispuhutav SUP laud FunWater 320cm - Ecocruiser\" \/>\n<meta property=\"og:description\" content=\"T\u00e4ispuhutav\u00a0SUP laud. FunWater SUP laual on suurep\u00e4rane laua kuju, lai kandepind, struktuur ja hea tunnetus.Sobib hobi korras vees vaba aja veetmiseks kui ka mitmek\u00fclgsemaks aerusurfiks v\u00e4ikestes lainetes.\" \/>\n<meta property=\"og:url\" content=\"https:\/\/projekt.vombat.ee\/eco\/pood\/sup-lauad\/taispuhutav-sup-laud-funwater-320cm-4\/\" \/>\n<meta property=\"og:site_name\" content=\"Ecocruiser\" \/>\n<meta property=\"article:modified_time\" content=\"2024-05-30T08:23:54+00:00\" \/>\n<meta property=\"og:image\" content=\"https:\/\/projekt.vombat.ee\/eco\/wp-content\/uploads\/2023\/05\/1-19.jpg\" \/>\n\t<meta property=\"og:image:width\" content=\"1427\" \/>\n\t<meta property=\"og:image:height\" content=\"1500\" \/>\n\t<meta property=\"og:image:type\" content=\"image\/jpeg\" \/>\n<meta name=\"twitter:card\" content=\"summary_large_image\" \/>\n<meta name=\"twitter:label1\" content=\"Estimated reading time\" \/>\n\t<meta name=\"twitter:data1\" content=\"2 minutes\" \/>\n<script type=\"application\/ld+json\" class=\"yoast-schema-graph\">{\"@context\":\"https:\/\/schema.org\",\"@graph\":[{\"@type\":\"WebPage\",\"@id\":\"https:\/\/projekt.vombat.ee\/eco\/pood\/sup-lauad\/taispuhutav-sup-laud-funwater-320cm-4\/\",\"url\":\"https:\/\/projekt.vombat.ee\/eco\/pood\/sup-lauad\/taispuhutav-sup-laud-funwater-320cm-4\/\",\"name\":\"T\u00e4ispuhutav SUP laud FunWater 320cm - Ecocruiser\",\"isPartOf\":{\"@id\":\"https:\/\/projekt.vombat.ee\/eco\/#website\"},\"primaryImageOfPage\":{\"@id\":\"https:\/\/projekt.vombat.ee\/eco\/pood\/sup-lauad\/taispuhutav-sup-laud-funwater-320cm-4\/#primaryimage\"},\"image\":{\"@id\":\"https:\/\/projekt.vombat.ee\/eco\/pood\/sup-lauad\/taispuhutav-sup-laud-funwater-320cm-4\/#primaryimage\"},\"thumbnailUrl\":\"https:\/\/projekt.vombat.ee\/eco\/wp-content\/uploads\/2023\/05\/1-19.jpg\",\"datePublished\":\"2023-05-15T09:48:44+00:00\",\"dateModified\":\"2024-05-30T08:23:54+00:00\",\"description\":\"T\u00e4ispuhutav\u00a0SUP laud. FunWater SUP laual on suurep\u00e4rane laua kuju, lai kandepind, struktuur ja hea tunnetus.Sobib hobi korras vees vaba aja veetmiseks kui ka mitmek\u00fclgsemaks aerusurfiks v\u00e4ikestes lainetes.\",\"breadcrumb\":{\"@id\":\"https:\/\/projekt.vombat.ee\/eco\/pood\/sup-lauad\/taispuhutav-sup-laud-funwater-320cm-4\/#breadcrumb\"},\"inLanguage\":\"en-GB\",\"potentialAction\":[{\"@type\":\"ReadAction\",\"target\":[\"https:\/\/projekt.vombat.ee\/eco\/pood\/sup-lauad\/taispuhutav-sup-laud-funwater-320cm-4\/\"]}]},{\"@type\":\"ImageObject\",\"inLanguage\":\"en-GB\",\"@id\":\"https:\/\/projekt.vombat.ee\/eco\/pood\/sup-lauad\/taispuhutav-sup-laud-funwater-320cm-4\/#primaryimage\",\"url\":\"https:\/\/projekt.vombat.ee\/eco\/wp-content\/uploads\/2023\/05\/1-19.jpg\",\"contentUrl\":\"https:\/\/projekt.vombat.ee\/eco\/wp-content\/uploads\/2023\/05\/1-19.jpg\",\"width\":1427,\"height\":1500},{\"@type\":\"BreadcrumbList\",\"@id\":\"https:\/\/projekt.vombat.ee\/eco\/pood\/sup-lauad\/taispuhutav-sup-laud-funwater-320cm-4\/#breadcrumb\",\"itemListElement\":[{\"@type\":\"ListItem\",\"position\":1,\"name\":\"Home\",\"item\":\"https:\/\/projekt.vombat.ee\/eco\/\"},{\"@type\":\"ListItem\",\"position\":2,\"name\":\"Pood\",\"item\":\"https:\/\/projekt.vombat.ee\/eco\/pood\/\"},{\"@type\":\"ListItem\",\"position\":3,\"name\":\"T\u00e4ispuhutav SUP laud FunWater 320cm\"}]},{\"@type\":\"WebSite\",\"@id\":\"https:\/\/projekt.vombat.ee\/eco\/#website\",\"url\":\"https:\/\/projekt.vombat.ee\/eco\/\",\"name\":\"Ecocruiser\",\"description\":\"\",\"publisher\":{\"@id\":\"https:\/\/projekt.vombat.ee\/eco\/#organization\"},\"potentialAction\":[{\"@type\":\"SearchAction\",\"target\":{\"@type\":\"EntryPoint\",\"urlTemplate\":\"https:\/\/projekt.vombat.ee\/eco\/?s={search_term_string}\"},\"query-input\":{\"@type\":\"PropertyValueSpecification\",\"valueRequired\":true,\"valueName\":\"search_term_string\"}}],\"inLanguage\":\"en-GB\"},{\"@type\":\"Organization\",\"@id\":\"https:\/\/projekt.vombat.ee\/eco\/#organization\",\"name\":\"Ecocruiser\",\"url\":\"https:\/\/projekt.vombat.ee\/eco\/\",\"logo\":{\"@type\":\"ImageObject\",\"inLanguage\":\"en-GB\",\"@id\":\"https:\/\/projekt.vombat.ee\/eco\/#\/schema\/logo\/image\/\",\"url\":\"https:\/\/projekt.vombat.ee\/eco\/wp-content\/uploads\/2023\/03\/ECOCRUISER_5.png\",\"contentUrl\":\"https:\/\/projekt.vombat.ee\/eco\/wp-content\/uploads\/2023\/03\/ECOCRUISER_5.png\",\"width\":234,\"height\":91,\"caption\":\"Ecocruiser\"},\"image\":{\"@id\":\"https:\/\/projekt.vombat.ee\/eco\/#\/schema\/logo\/image\/\"}}]}<\/script>\n<!-- \/ Yoast SEO plugin. -->","yoast_head_json":{"title":"T\u00e4ispuhutav SUP laud FunWater 320cm - Ecocruiser","description":"T\u00e4ispuhutav\u00a0SUP laud. FunWater SUP laual on suurep\u00e4rane laua kuju, lai kandepind, struktuur ja hea tunnetus.Sobib hobi korras vees vaba aja veetmiseks kui ka mitmek\u00fclgsemaks aerusurfiks v\u00e4ikestes lainetes.","robots":{"index":"noindex","follow":"follow","max-snippet":"max-snippet:-1","max-image-preview":"max-image-preview:large","max-video-preview":"max-video-preview:-1"},"og_locale":"en_GB","og_type":"article","og_title":"T\u00e4ispuhutav SUP laud FunWater 320cm - Ecocruiser","og_description":"T\u00e4ispuhutav\u00a0SUP laud. FunWater SUP laual on suurep\u00e4rane laua kuju, lai kandepind, struktuur ja hea tunnetus.Sobib hobi korras vees vaba aja veetmiseks kui ka mitmek\u00fclgsemaks aerusurfiks v\u00e4ikestes lainetes.","og_url":"https:\/\/projekt.vombat.ee\/eco\/pood\/sup-lauad\/taispuhutav-sup-laud-funwater-320cm-4\/","og_site_name":"Ecocruiser","article_modified_time":"2024-05-30T08:23:54+00:00","og_image":[{"width":1427,"height":1500,"url":"https:\/\/projekt.vombat.ee\/eco\/wp-content\/uploads\/2023\/05\/1-19.jpg","type":"image\/jpeg"}],"twitter_card":"summary_large_image","twitter_misc":{"Estimated reading time":"2 minutes"},"schema":{"@context":"https:\/\/schema.org","@graph":[{"@type":"WebPage","@id":"https:\/\/projekt.vombat.ee\/eco\/pood\/sup-lauad\/taispuhutav-sup-laud-funwater-320cm-4\/","url":"https:\/\/projekt.vombat.ee\/eco\/pood\/sup-lauad\/taispuhutav-sup-laud-funwater-320cm-4\/","name":"T\u00e4ispuhutav SUP laud FunWater 320cm - Ecocruiser","isPartOf":{"@id":"https:\/\/projekt.vombat.ee\/eco\/#website"},"primaryImageOfPage":{"@id":"https:\/\/projekt.vombat.ee\/eco\/pood\/sup-lauad\/taispuhutav-sup-laud-funwater-320cm-4\/#primaryimage"},"image":{"@id":"https:\/\/projekt.vombat.ee\/eco\/pood\/sup-lauad\/taispuhutav-sup-laud-funwater-320cm-4\/#primaryimage"},"thumbnailUrl":"https:\/\/projekt.vombat.ee\/eco\/wp-content\/uploads\/2023\/05\/1-19.jpg","datePublished":"2023-05-15T09:48:44+00:00","dateModified":"2024-05-30T08:23:54+00:00","description":"T\u00e4ispuhutav\u00a0SUP laud. FunWater SUP laual on suurep\u00e4rane laua kuju, lai kandepind, struktuur ja hea tunnetus.Sobib hobi korras vees vaba aja veetmiseks kui ka mitmek\u00fclgsemaks aerusurfiks v\u00e4ikestes lainetes.","breadcrumb":{"@id":"https:\/\/projekt.vombat.ee\/eco\/pood\/sup-lauad\/taispuhutav-sup-laud-funwater-320cm-4\/#breadcrumb"},"inLanguage":"en-GB","potentialAction":[{"@type":"ReadAction","target":["https:\/\/projekt.vombat.ee\/eco\/pood\/sup-lauad\/taispuhutav-sup-laud-funwater-320cm-4\/"]}]},{"@type":"ImageObject","inLanguage":"en-GB","@id":"https:\/\/projekt.vombat.ee\/eco\/pood\/sup-lauad\/taispuhutav-sup-laud-funwater-320cm-4\/#primaryimage","url":"https:\/\/projekt.vombat.ee\/eco\/wp-content\/uploads\/2023\/05\/1-19.jpg","contentUrl":"https:\/\/projekt.vombat.ee\/eco\/wp-content\/uploads\/2023\/05\/1-19.jpg","width":1427,"height":1500},{"@type":"BreadcrumbList","@id":"https:\/\/projekt.vombat.ee\/eco\/pood\/sup-lauad\/taispuhutav-sup-laud-funwater-320cm-4\/#breadcrumb","itemListElement":[{"@type":"ListItem","position":1,"name":"Home","item":"https:\/\/projekt.vombat.ee\/eco\/"},{"@type":"ListItem","position":2,"name":"Pood","item":"https:\/\/projekt.vombat.ee\/eco\/pood\/"},{"@type":"ListItem","position":3,"name":"T\u00e4ispuhutav SUP laud FunWater 320cm"}]},{"@type":"WebSite","@id":"https:\/\/projekt.vombat.ee\/eco\/#website","url":"https:\/\/projekt.vombat.ee\/eco\/","name":"Ecocruiser","description":"","publisher":{"@id":"https:\/\/projekt.vombat.ee\/eco\/#organization"},"potentialAction":[{"@type":"SearchAction","target":{"@type":"EntryPoint","urlTemplate":"https:\/\/projekt.vombat.ee\/eco\/?s={search_term_string}"},"query-input":{"@type":"PropertyValueSpecification","valueRequired":true,"valueName":"search_term_string"}}],"inLanguage":"en-GB"},{"@type":"Organization","@id":"https:\/\/projekt.vombat.ee\/eco\/#organization","name":"Ecocruiser","url":"https:\/\/projekt.vombat.ee\/eco\/","logo":{"@type":"ImageObject","inLanguage":"en-GB","@id":"https:\/\/projekt.vombat.ee\/eco\/#\/schema\/logo\/image\/","url":"https:\/\/projekt.vombat.ee\/eco\/wp-content\/uploads\/2023\/03\/ECOCRUISER_5.png","contentUrl":"https:\/\/projekt.vombat.ee\/eco\/wp-content\/uploads\/2023\/03\/ECOCRUISER_5.png","width":234,"height":91,"caption":"Ecocruiser"},"image":{"@id":"https:\/\/projekt.vombat.ee\/eco\/#\/schema\/logo\/image\/"}}]}},"lang":"et","translations":{"et":9459,"fi":9669,"lv":11093},"pll_sync_post":[],"_links":{"self":[{"href":"https:\/\/projekt.vombat.ee\/eco\/wp-json\/wp\/v2\/product\/9459"}],"collection":[{"href":"https:\/\/projekt.vombat.ee\/eco\/wp-json\/wp\/v2\/product"}],"about":[{"href":"https:\/\/projekt.vombat.ee\/eco\/wp-json\/wp\/v2\/types\/product"}],"version-history":[{"count":3,"href":"https:\/\/projekt.vombat.ee\/eco\/wp-json\/wp\/v2\/product\/9459\/revisions"}],"predecessor-version":[{"id":11116,"href":"https:\/\/projekt.vombat.ee\/eco\/wp-json\/wp\/v2\/product\/9459\/revisions\/11116"}],"wp:featuredmedia":[{"embeddable":true,"href":"https:\/\/projekt.vombat.ee\/eco\/wp-json\/wp\/v2\/media\/9460"}],"wp:attachment":[{"href":"https:\/\/projekt.vombat.ee\/eco\/wp-json\/wp\/v2\/media?parent=9459"}],"wp:term":[{"taxonomy":"product_cat","embeddable":true,"href":"https:\/\/projekt.vombat.ee\/eco\/wp-json\/wp\/v2\/product_cat?post=9459"},{"taxonomy":"product_tag","embeddable":true,"href":"https:\/\/projekt.vombat.ee\/eco\/wp-json\/wp\/v2\/product_tag?post=9459"}],"curies":[{"name":"wp","href":"https:\/\/api.w.org\/{rel}","templated":true}]}}