{"id":9426,"date":"2023-05-14T09:34:00","date_gmt":"2023-05-14T09:34:00","guid":{"rendered":"https:\/\/projekt.vombat.ee\/eco\/?post_type=product&#038;p=9426"},"modified":"2024-05-13T19:31:40","modified_gmt":"2024-05-13T19:31:40","slug":"elektriline-sup-laua-pump-outdoormaster-20psi","status":"publish","type":"product","link":"https:\/\/projekt.vombat.ee\/eco\/pood\/sup-lauad\/elektriline-sup-laua-pump-outdoormaster-20psi\/","title":{"rendered":"SUP laua elektriline pump OutdoorMaster 20PSI"},"content":{"rendered":"<ul>\n<li>S\u00e4\u00e4stke end k\u00e4sitsi pumpamisega kaasnevast pingest ja higist<\/li>\n<li>KIIRE T\u00c4ITMINE JA T\u00dcHJENDAMINE<\/li>\n<li>Kaheastmeline automaatne pump: 1. etapp MAKSIMAALSE KIIRUSE jaoks 350 l\/min ja 2. aste MAKSIMAALSE R\u00d5HU jaoks 70 l\/min.<\/li>\n<li>AUTO-SHUTOFF-tehnoloogia muudab nende kasutamise \u00e4\u00e4rmiselt ohutuks.<\/li>\n<\/ul>\n<h3>Info<\/h3>\n<p>Materjali t\u00fc\u00fcp: Alumiinium<br \/>\nToiteallikas: Elektrikaabel<br \/>\nPatareid kaasas: Ei<br \/>\nKaubam\u00e4rk OutdoorMaster<br \/>\nTootja: OutdoorMaster<br \/>\nPakendi m\u00f5\u00f5dud: \u200e36,29 x 18 x 18 cm; 2,15 kilogrammi<\/p>\n","protected":false},"excerpt":{"rendered":"<p>Elektriline SUP laua pump<\/p>\n","protected":false},"featured_media":9427,"template":"","meta":[],"product_cat":[1499],"product_tag":[],"class_list":{"0":"post-9426","1":"product","2":"type-product","3":"status-publish","4":"has-post-thumbnail","6":"product_cat-sup-lauad","7":"product_shipping_class-sup-lauad","9":"first","10":"instock","11":"sale","12":"taxable","13":"shipping-taxable","14":"purchasable","15":"product-type-simple"},"yoast_head":"<!-- This site is optimized with the Yoast SEO plugin v23.8 - https:\/\/yoast.com\/wordpress\/plugins\/seo\/ -->\n<title>SUP laua elektriline pump OutdoorMaster 20PSI - Ecocruiser<\/title>\n<meta name=\"description\" content=\"Elektriline SUP laua pump\" \/>\n<meta name=\"robots\" content=\"noindex, follow, max-snippet:-1, max-image-preview:large, max-video-preview:-1\" \/>\n<meta property=\"og:locale\" content=\"en_GB\" \/>\n<meta property=\"og:type\" content=\"article\" \/>\n<meta property=\"og:title\" content=\"SUP laua elektriline pump OutdoorMaster 20PSI - Ecocruiser\" \/>\n<meta property=\"og:description\" content=\"Elektriline SUP laua pump\" \/>\n<meta property=\"og:url\" content=\"https:\/\/projekt.vombat.ee\/eco\/pood\/sup-lauad\/elektriline-sup-laua-pump-outdoormaster-20psi\/\" \/>\n<meta property=\"og:site_name\" content=\"Ecocruiser\" \/>\n<meta property=\"article:modified_time\" content=\"2024-05-13T19:31:40+00:00\" \/>\n<meta property=\"og:image\" content=\"https:\/\/projekt.vombat.ee\/eco\/wp-content\/uploads\/2023\/05\/1-11.jpg\" \/>\n\t<meta property=\"og:image:width\" content=\"1500\" \/>\n\t<meta property=\"og:image:height\" content=\"1289\" \/>\n\t<meta property=\"og:image:type\" content=\"image\/jpeg\" \/>\n<meta name=\"twitter:card\" content=\"summary_large_image\" \/>\n<meta name=\"twitter:label1\" content=\"Estimated reading time\" \/>\n\t<meta name=\"twitter:data1\" content=\"1 minute\" \/>\n<script type=\"application\/ld+json\" class=\"yoast-schema-graph\">{\"@context\":\"https:\/\/schema.org\",\"@graph\":[{\"@type\":\"WebPage\",\"@id\":\"https:\/\/projekt.vombat.ee\/eco\/pood\/sup-lauad\/elektriline-sup-laua-pump-outdoormaster-20psi\/\",\"url\":\"https:\/\/projekt.vombat.ee\/eco\/pood\/sup-lauad\/elektriline-sup-laua-pump-outdoormaster-20psi\/\",\"name\":\"SUP laua elektriline pump OutdoorMaster 20PSI - Ecocruiser\",\"isPartOf\":{\"@id\":\"https:\/\/projekt.vombat.ee\/eco\/#website\"},\"primaryImageOfPage\":{\"@id\":\"https:\/\/projekt.vombat.ee\/eco\/pood\/sup-lauad\/elektriline-sup-laua-pump-outdoormaster-20psi\/#primaryimage\"},\"image\":{\"@id\":\"https:\/\/projekt.vombat.ee\/eco\/pood\/sup-lauad\/elektriline-sup-laua-pump-outdoormaster-20psi\/#primaryimage\"},\"thumbnailUrl\":\"https:\/\/projekt.vombat.ee\/eco\/wp-content\/uploads\/2023\/05\/1-11.jpg\",\"datePublished\":\"2023-05-14T09:34:00+00:00\",\"dateModified\":\"2024-05-13T19:31:40+00:00\",\"description\":\"Elektriline SUP laua pump\",\"breadcrumb\":{\"@id\":\"https:\/\/projekt.vombat.ee\/eco\/pood\/sup-lauad\/elektriline-sup-laua-pump-outdoormaster-20psi\/#breadcrumb\"},\"inLanguage\":\"en-GB\",\"potentialAction\":[{\"@type\":\"ReadAction\",\"target\":[\"https:\/\/projekt.vombat.ee\/eco\/pood\/sup-lauad\/elektriline-sup-laua-pump-outdoormaster-20psi\/\"]}]},{\"@type\":\"ImageObject\",\"inLanguage\":\"en-GB\",\"@id\":\"https:\/\/projekt.vombat.ee\/eco\/pood\/sup-lauad\/elektriline-sup-laua-pump-outdoormaster-20psi\/#primaryimage\",\"url\":\"https:\/\/projekt.vombat.ee\/eco\/wp-content\/uploads\/2023\/05\/1-11.jpg\",\"contentUrl\":\"https:\/\/projekt.vombat.ee\/eco\/wp-content\/uploads\/2023\/05\/1-11.jpg\",\"width\":1500,\"height\":1289},{\"@type\":\"BreadcrumbList\",\"@id\":\"https:\/\/projekt.vombat.ee\/eco\/pood\/sup-lauad\/elektriline-sup-laua-pump-outdoormaster-20psi\/#breadcrumb\",\"itemListElement\":[{\"@type\":\"ListItem\",\"position\":1,\"name\":\"Home\",\"item\":\"https:\/\/projekt.vombat.ee\/eco\/\"},{\"@type\":\"ListItem\",\"position\":2,\"name\":\"Pood\",\"item\":\"https:\/\/projekt.vombat.ee\/eco\/pood\/\"},{\"@type\":\"ListItem\",\"position\":3,\"name\":\"SUP laua elektriline pump OutdoorMaster 20PSI\"}]},{\"@type\":\"WebSite\",\"@id\":\"https:\/\/projekt.vombat.ee\/eco\/#website\",\"url\":\"https:\/\/projekt.vombat.ee\/eco\/\",\"name\":\"Ecocruiser\",\"description\":\"\",\"publisher\":{\"@id\":\"https:\/\/projekt.vombat.ee\/eco\/#organization\"},\"potentialAction\":[{\"@type\":\"SearchAction\",\"target\":{\"@type\":\"EntryPoint\",\"urlTemplate\":\"https:\/\/projekt.vombat.ee\/eco\/?s={search_term_string}\"},\"query-input\":{\"@type\":\"PropertyValueSpecification\",\"valueRequired\":true,\"valueName\":\"search_term_string\"}}],\"inLanguage\":\"en-GB\"},{\"@type\":\"Organization\",\"@id\":\"https:\/\/projekt.vombat.ee\/eco\/#organization\",\"name\":\"Ecocruiser\",\"url\":\"https:\/\/projekt.vombat.ee\/eco\/\",\"logo\":{\"@type\":\"ImageObject\",\"inLanguage\":\"en-GB\",\"@id\":\"https:\/\/projekt.vombat.ee\/eco\/#\/schema\/logo\/image\/\",\"url\":\"https:\/\/projekt.vombat.ee\/eco\/wp-content\/uploads\/2023\/03\/ECOCRUISER_5.png\",\"contentUrl\":\"https:\/\/projekt.vombat.ee\/eco\/wp-content\/uploads\/2023\/03\/ECOCRUISER_5.png\",\"width\":234,\"height\":91,\"caption\":\"Ecocruiser\"},\"image\":{\"@id\":\"https:\/\/projekt.vombat.ee\/eco\/#\/schema\/logo\/image\/\"}}]}<\/script>\n<!-- \/ Yoast SEO plugin. -->","yoast_head_json":{"title":"SUP laua elektriline pump OutdoorMaster 20PSI - Ecocruiser","description":"Elektriline SUP laua pump","robots":{"index":"noindex","follow":"follow","max-snippet":"max-snippet:-1","max-image-preview":"max-image-preview:large","max-video-preview":"max-video-preview:-1"},"og_locale":"en_GB","og_type":"article","og_title":"SUP laua elektriline pump OutdoorMaster 20PSI - Ecocruiser","og_description":"Elektriline SUP laua pump","og_url":"https:\/\/projekt.vombat.ee\/eco\/pood\/sup-lauad\/elektriline-sup-laua-pump-outdoormaster-20psi\/","og_site_name":"Ecocruiser","article_modified_time":"2024-05-13T19:31:40+00:00","og_image":[{"width":1500,"height":1289,"url":"https:\/\/projekt.vombat.ee\/eco\/wp-content\/uploads\/2023\/05\/1-11.jpg","type":"image\/jpeg"}],"twitter_card":"summary_large_image","twitter_misc":{"Estimated reading time":"1 minute"},"schema":{"@context":"https:\/\/schema.org","@graph":[{"@type":"WebPage","@id":"https:\/\/projekt.vombat.ee\/eco\/pood\/sup-lauad\/elektriline-sup-laua-pump-outdoormaster-20psi\/","url":"https:\/\/projekt.vombat.ee\/eco\/pood\/sup-lauad\/elektriline-sup-laua-pump-outdoormaster-20psi\/","name":"SUP laua elektriline pump OutdoorMaster 20PSI - Ecocruiser","isPartOf":{"@id":"https:\/\/projekt.vombat.ee\/eco\/#website"},"primaryImageOfPage":{"@id":"https:\/\/projekt.vombat.ee\/eco\/pood\/sup-lauad\/elektriline-sup-laua-pump-outdoormaster-20psi\/#primaryimage"},"image":{"@id":"https:\/\/projekt.vombat.ee\/eco\/pood\/sup-lauad\/elektriline-sup-laua-pump-outdoormaster-20psi\/#primaryimage"},"thumbnailUrl":"https:\/\/projekt.vombat.ee\/eco\/wp-content\/uploads\/2023\/05\/1-11.jpg","datePublished":"2023-05-14T09:34:00+00:00","dateModified":"2024-05-13T19:31:40+00:00","description":"Elektriline SUP laua pump","breadcrumb":{"@id":"https:\/\/projekt.vombat.ee\/eco\/pood\/sup-lauad\/elektriline-sup-laua-pump-outdoormaster-20psi\/#breadcrumb"},"inLanguage":"en-GB","potentialAction":[{"@type":"ReadAction","target":["https:\/\/projekt.vombat.ee\/eco\/pood\/sup-lauad\/elektriline-sup-laua-pump-outdoormaster-20psi\/"]}]},{"@type":"ImageObject","inLanguage":"en-GB","@id":"https:\/\/projekt.vombat.ee\/eco\/pood\/sup-lauad\/elektriline-sup-laua-pump-outdoormaster-20psi\/#primaryimage","url":"https:\/\/projekt.vombat.ee\/eco\/wp-content\/uploads\/2023\/05\/1-11.jpg","contentUrl":"https:\/\/projekt.vombat.ee\/eco\/wp-content\/uploads\/2023\/05\/1-11.jpg","width":1500,"height":1289},{"@type":"BreadcrumbList","@id":"https:\/\/projekt.vombat.ee\/eco\/pood\/sup-lauad\/elektriline-sup-laua-pump-outdoormaster-20psi\/#breadcrumb","itemListElement":[{"@type":"ListItem","position":1,"name":"Home","item":"https:\/\/projekt.vombat.ee\/eco\/"},{"@type":"ListItem","position":2,"name":"Pood","item":"https:\/\/projekt.vombat.ee\/eco\/pood\/"},{"@type":"ListItem","position":3,"name":"SUP laua elektriline pump OutdoorMaster 20PSI"}]},{"@type":"WebSite","@id":"https:\/\/projekt.vombat.ee\/eco\/#website","url":"https:\/\/projekt.vombat.ee\/eco\/","name":"Ecocruiser","description":"","publisher":{"@id":"https:\/\/projekt.vombat.ee\/eco\/#organization"},"potentialAction":[{"@type":"SearchAction","target":{"@type":"EntryPoint","urlTemplate":"https:\/\/projekt.vombat.ee\/eco\/?s={search_term_string}"},"query-input":{"@type":"PropertyValueSpecification","valueRequired":true,"valueName":"search_term_string"}}],"inLanguage":"en-GB"},{"@type":"Organization","@id":"https:\/\/projekt.vombat.ee\/eco\/#organization","name":"Ecocruiser","url":"https:\/\/projekt.vombat.ee\/eco\/","logo":{"@type":"ImageObject","inLanguage":"en-GB","@id":"https:\/\/projekt.vombat.ee\/eco\/#\/schema\/logo\/image\/","url":"https:\/\/projekt.vombat.ee\/eco\/wp-content\/uploads\/2023\/03\/ECOCRUISER_5.png","contentUrl":"https:\/\/projekt.vombat.ee\/eco\/wp-content\/uploads\/2023\/03\/ECOCRUISER_5.png","width":234,"height":91,"caption":"Ecocruiser"},"image":{"@id":"https:\/\/projekt.vombat.ee\/eco\/#\/schema\/logo\/image\/"}}]}},"lang":"et","translations":{"et":9426},"pll_sync_post":[],"_links":{"self":[{"href":"https:\/\/projekt.vombat.ee\/eco\/wp-json\/wp\/v2\/product\/9426"}],"collection":[{"href":"https:\/\/projekt.vombat.ee\/eco\/wp-json\/wp\/v2\/product"}],"about":[{"href":"https:\/\/projekt.vombat.ee\/eco\/wp-json\/wp\/v2\/types\/product"}],"version-history":[{"count":2,"href":"https:\/\/projekt.vombat.ee\/eco\/wp-json\/wp\/v2\/product\/9426\/revisions"}],"predecessor-version":[{"id":9429,"href":"https:\/\/projekt.vombat.ee\/eco\/wp-json\/wp\/v2\/product\/9426\/revisions\/9429"}],"wp:featuredmedia":[{"embeddable":true,"href":"https:\/\/projekt.vombat.ee\/eco\/wp-json\/wp\/v2\/media\/9427"}],"wp:attachment":[{"href":"https:\/\/projekt.vombat.ee\/eco\/wp-json\/wp\/v2\/media?parent=9426"}],"wp:term":[{"taxonomy":"product_cat","embeddable":true,"href":"https:\/\/projekt.vombat.ee\/eco\/wp-json\/wp\/v2\/product_cat?post=9426"},{"taxonomy":"product_tag","embeddable":true,"href":"https:\/\/projekt.vombat.ee\/eco\/wp-json\/wp\/v2\/product_tag?post=9426"}],"curies":[{"name":"wp","href":"https:\/\/api.w.org\/{rel}","templated":true}]}}