{"id":9236,"date":"2023-05-03T13:34:15","date_gmt":"2023-05-03T13:34:15","guid":{"rendered":"https:\/\/projekt.vombat.ee\/eco\/?post_type=product&#038;p=9236"},"modified":"2024-03-17T20:25:14","modified_gmt":"2024-03-17T20:25:14","slug":"varun-bkxb0002-350w-55km","status":"publish","type":"product","link":"https:\/\/projekt.vombat.ee\/eco\/fi\/myym%C3%A4l%C3%A4\/sahkopyorat\/sahkokaupunkipyorat\/varun-bkxb0002-350w-55km\/","title":{"rendered":"Varun BKXB0002 350W, 55km"},"content":{"rendered":"<p><img fetchpriority=\"high\" decoding=\"async\" class=\"\" src=\"https:\/\/a.allegroimg.com\/original\/119721\/0d23dd914020b13a2f1fadcf2691\/350W-36V-10-4AH-Rower-elektryczny-damski-Gender-boy-girl-woman-man\" alt=\"350W 36V 10.4AH Rower elektryczny damski Gender boy girl woman man\" width=\"647\" height=\"400\" \/><\/p>\n<h3>Kest\u00e4v\u00e4<\/h3>\n<p>26&#8243;* 1,95 alhaisen vastuksen renkaat sopivat ajo- ja vapaa-ajan tarpeisiisi. Varun BKXB0002:n kevyt, kest\u00e4v\u00e4, iskuja vaimentava hiiliter\u00e4srunko ja ergonomisesti muotoiltu satula takaavat pitk\u00e4ik\u00e4isen ja mukavan k\u00e4yt\u00f6n.<\/p>\n<h3>7-vaihteinen J\u00c4RJESTELM\u00c4<\/h3>\n<p>Pelk\u00e4st\u00e4\u00e4n ohjauspy\u00f6r\u00e4n oikealla puolella olevaa vaihdevipua k\u00e4\u00e4nt\u00e4m\u00e4ll\u00e4 voit kohdistaa v\u00e4hemm\u00e4n vaivaa kaupunkien erilaisissa tieolosuhteissa. Herkk\u00e4 vaihteiston ohjauskytkin ja parempi sopeutumiskyky maastossa varmistavat nopean ja tarkan vasteen.<\/p>\n<h3>Etu- ja takavaimennusmekanismi<\/h3>\n<p>Automaattisen katkaisujarrun k\u00e4ytt\u00f6 kahdella levyjarrulla edess\u00e4 ja takana, vahva pito, hyv\u00e4 jarrutus, lyhyen matkan jarrutus, alhainen melu, v\u00e4hent\u00e4\u00e4 jarrutushitautta<\/p>\n<h3>Korkealaatuinen<\/h3>\n<p>Varun BKXB0002 on varustettu suurella, pehme\u00e4ll\u00e4 ja siksi mukavalla satulalla, jonka korkeutta voidaan s\u00e4\u00e4t\u00e4\u00e4 vapaasti pienemmille ja suuremmille k\u00e4ytt\u00e4jille sopivaksi. Mukavuus taataan henkil\u00f6kohtaisten tavaroiden kuljetuksessa tai ostoksilla! Tavaratila on t\u00e4ydellinen t\u00e4h\u00e4n teht\u00e4v\u00e4\u00e4n. Sinun tarvitsee vain kiinnitt\u00e4\u00e4 varusteesi vahvoilla joustohihnoilla ja olet matkalla!<\/p>\n<h3>Laadukkaat varusteet<\/h3>\n<p>T\u00e4ss\u00e4 py\u00f6r\u00e4ss\u00e4 on 26 tuuman py\u00f6r\u00e4t ja vahvat kaksoisjarrut turvalliseen jarrutukseen. Lis\u00e4ksi mukana tuleva LED-ajovalo ja turvatakavalo tarjoavat riitt\u00e4v\u00e4sti valaistusta pit\u00e4m\u00e4\u00e4n sinut turvassa my\u00f6s pimeimmill\u00e4 vuoristoteill\u00e4.<\/p>\n<h3>Irrotettava akku ja kaksi lataustilaa<\/h3>\n<p>36V 10,4ah litiumakku kest\u00e4\u00e4 40-45km puhtaasti s\u00e4hk\u00f6ll\u00e4 ajettaessa. Voit joko ladata sen suoraan py\u00f6r\u00e4ss\u00e4 tai irrottaa sen latausta varten.<\/p>\n<h3>Kaksinkertaiset iskunvaimentimet<\/h3>\n<p>Kaksinkertaiset iskunvaimentimet etupy\u00f6riss\u00e4 varmistavat turvallisen ajon ep\u00e4tasaisilla teill\u00e4.<\/p>\n<p>Suuri kantavuus. Ruosteenkest\u00e4vyys. Vakaus ja turvallisuus<\/p>\n<h3>Nauti hienosta kyydist\u00e4 ja hyv\u00e4st\u00e4 el\u00e4m\u00e4st\u00e4!<\/h3>\n<p>S\u00e4hk\u00f6py\u00f6r\u00e4 auttaa sinua nauttimaan ajamisesta enemm\u00e4n. Voit sammuttaa moottorin milloin tahansa, jos haluat py\u00f6ritt\u00e4\u00e4 itse. Tied\u00e4mme kaikki, ett\u00e4 s\u00e4hk\u00f6py\u00f6r\u00e4t tekev\u00e4t liikkumisesta helpompaa kaikille. S\u00e4hk\u00f6py\u00f6r\u00e4 VARUN antaa sinulle enemm\u00e4n vapautta.<\/p>\n<p>&nbsp;<\/p>\n<h3>Tiedot<\/h3>\n<p>V\u00e4\u00e4nt\u00f6: 50 N\/M<br \/>\nJarrut: Levyjarrut edess\u00e4 ja takana<br \/>\nRunko: hiiliter\u00e4s<br \/>\nMittari: LED-mittari<br \/>\nVaihteisto: Shimano 7 vaihdetta<br \/>\nRenkaat: 26 * 1,95 tuumaa<br \/>\nNetto\/bruttopaino: 30,5 \/ 32,5 kg<br \/>\nPakkauksen koko: 149 * 24 * 66 cm<br \/>\nPy\u00f6r\u00e4n koko (Pituus x Leveys x Korkeus): 183 x 63 x 117<\/p>\n","protected":false},"excerpt":{"rendered":"<p>K\u00e4yt\u00e4tp\u00e4 sitten housuja tai mekkoa, s\u00e4hk\u00f6py\u00f6r\u00e4n suunnittelun ansiosta voit ajaa mill\u00e4 tahansa asulla.<\/p>\n<ul>\n<li>Lataus: 4-5 tuntia<\/li>\n<li>S\u00e4hk\u00f6k\u00e4ytt\u00f6: 40-45 KM<\/li>\n<li>S\u00e4hk\u00f6inen aputila: 50-55KM<\/li>\n<li>Akku: 36V 10,4ah<\/li>\n<li>Moottori: 350W<\/li>\n<li>Suurin nopeus: 32 KM\/H<\/li>\n<li>Maksimikuorma 120 kg<\/li>\n<li>Sopii 155-195 cm pituiselle henkil\u00f6lle<\/li>\n<\/ul>\n<p><strong>\u2666 Toimitusaika 2-6 p\u00e4iv\u00e4\u00e4<\/strong><br \/>\n<strong>\u2666 Varastossa<\/strong><\/p>\n","protected":false},"featured_media":9237,"template":"","meta":[],"product_cat":[983,979],"product_tag":[],"class_list":{"0":"post-9236","1":"product","2":"type-product","3":"status-publish","4":"has-post-thumbnail","6":"product_cat-sahkokaupunkipyorat","7":"product_cat-sahkopyorat","8":"product_shipping_class-suured-pakid","10":"first","11":"instock","12":"taxable","13":"shipping-taxable","14":"purchasable","15":"product-type-simple"},"yoast_head":"<!-- This site is optimized with the Yoast SEO plugin v23.8 - https:\/\/yoast.com\/wordpress\/plugins\/seo\/ -->\n<title>Varun BKXB0002 350W, 55km - Ecocruiser<\/title>\n<meta name=\"description\" content=\"Riippumatta siit\u00e4, k\u00e4yt\u00e4tk\u00f6 housuja vai mekkoa, Varun BKXB0002:n muotoilu antaa sinun ajaa mill\u00e4 tahansa asulla.\" \/>\n<meta name=\"robots\" content=\"noindex, follow, max-snippet:-1, max-image-preview:large, max-video-preview:-1\" \/>\n<meta property=\"og:locale\" content=\"en_GB\" \/>\n<meta property=\"og:type\" content=\"article\" \/>\n<meta property=\"og:title\" content=\"Varun BKXB0002 350W, 55km - Ecocruiser\" \/>\n<meta property=\"og:description\" content=\"Riippumatta siit\u00e4, k\u00e4yt\u00e4tk\u00f6 housuja vai mekkoa, Varun BKXB0002:n muotoilu antaa sinun ajaa mill\u00e4 tahansa asulla.\" \/>\n<meta property=\"og:url\" content=\"https:\/\/projekt.vombat.ee\/eco\/fi\/myym\u00e4l\u00e4\/sahkopyorat\/sahkokaupunkipyorat\/varun-bkxb0002-350w-55km\/\" \/>\n<meta property=\"og:site_name\" content=\"Ecocruiser\" \/>\n<meta property=\"article:modified_time\" content=\"2024-03-17T20:25:14+00:00\" \/>\n<meta property=\"og:image\" content=\"https:\/\/projekt.vombat.ee\/eco\/wp-content\/uploads\/2023\/03\/Varun-BKXB00021.png\" \/>\n\t<meta property=\"og:image:width\" content=\"1000\" \/>\n\t<meta property=\"og:image:height\" content=\"1000\" \/>\n\t<meta property=\"og:image:type\" content=\"image\/png\" \/>\n<meta name=\"twitter:card\" content=\"summary_large_image\" \/>\n<meta name=\"twitter:label1\" content=\"Estimated reading time\" \/>\n\t<meta name=\"twitter:data1\" content=\"2 minutes\" \/>\n<script type=\"application\/ld+json\" class=\"yoast-schema-graph\">{\"@context\":\"https:\/\/schema.org\",\"@graph\":[{\"@type\":\"WebPage\",\"@id\":\"https:\/\/projekt.vombat.ee\/eco\/fi\/myym%C3%A4l%C3%A4\/sahkopyorat\/sahkokaupunkipyorat\/varun-bkxb0002-350w-55km\/\",\"url\":\"https:\/\/projekt.vombat.ee\/eco\/fi\/myym%C3%A4l%C3%A4\/sahkopyorat\/sahkokaupunkipyorat\/varun-bkxb0002-350w-55km\/\",\"name\":\"Varun BKXB0002 350W, 55km - Ecocruiser\",\"isPartOf\":{\"@id\":\"https:\/\/projekt.vombat.ee\/eco\/#website\"},\"primaryImageOfPage\":{\"@id\":\"https:\/\/projekt.vombat.ee\/eco\/fi\/myym%C3%A4l%C3%A4\/sahkopyorat\/sahkokaupunkipyorat\/varun-bkxb0002-350w-55km\/#primaryimage\"},\"image\":{\"@id\":\"https:\/\/projekt.vombat.ee\/eco\/fi\/myym%C3%A4l%C3%A4\/sahkopyorat\/sahkokaupunkipyorat\/varun-bkxb0002-350w-55km\/#primaryimage\"},\"thumbnailUrl\":\"https:\/\/projekt.vombat.ee\/eco\/wp-content\/uploads\/2023\/03\/Varun-BKXB00021.png\",\"datePublished\":\"2023-05-03T13:34:15+00:00\",\"dateModified\":\"2024-03-17T20:25:14+00:00\",\"description\":\"Riippumatta siit\u00e4, k\u00e4yt\u00e4tk\u00f6 housuja vai mekkoa, Varun BKXB0002:n muotoilu antaa sinun ajaa mill\u00e4 tahansa asulla.\",\"breadcrumb\":{\"@id\":\"https:\/\/projekt.vombat.ee\/eco\/fi\/myym%C3%A4l%C3%A4\/sahkopyorat\/sahkokaupunkipyorat\/varun-bkxb0002-350w-55km\/#breadcrumb\"},\"inLanguage\":\"en-GB\",\"potentialAction\":[{\"@type\":\"ReadAction\",\"target\":[\"https:\/\/projekt.vombat.ee\/eco\/fi\/myym%C3%A4l%C3%A4\/sahkopyorat\/sahkokaupunkipyorat\/varun-bkxb0002-350w-55km\/\"]}]},{\"@type\":\"ImageObject\",\"inLanguage\":\"en-GB\",\"@id\":\"https:\/\/projekt.vombat.ee\/eco\/fi\/myym%C3%A4l%C3%A4\/sahkopyorat\/sahkokaupunkipyorat\/varun-bkxb0002-350w-55km\/#primaryimage\",\"url\":\"https:\/\/projekt.vombat.ee\/eco\/wp-content\/uploads\/2023\/03\/Varun-BKXB00021.png\",\"contentUrl\":\"https:\/\/projekt.vombat.ee\/eco\/wp-content\/uploads\/2023\/03\/Varun-BKXB00021.png\",\"width\":1000,\"height\":1000,\"caption\":\"Varun BKXB0002\"},{\"@type\":\"BreadcrumbList\",\"@id\":\"https:\/\/projekt.vombat.ee\/eco\/fi\/myym%C3%A4l%C3%A4\/sahkopyorat\/sahkokaupunkipyorat\/varun-bkxb0002-350w-55km\/#breadcrumb\",\"itemListElement\":[{\"@type\":\"ListItem\",\"position\":1,\"name\":\"Home\",\"item\":\"https:\/\/projekt.vombat.ee\/eco\/\"},{\"@type\":\"ListItem\",\"position\":2,\"name\":\"Pood\",\"item\":\"https:\/\/projekt.vombat.ee\/eco\/pood\/\"},{\"@type\":\"ListItem\",\"position\":3,\"name\":\"Varun BKXB0002 350W, 55km\"}]},{\"@type\":\"WebSite\",\"@id\":\"https:\/\/projekt.vombat.ee\/eco\/#website\",\"url\":\"https:\/\/projekt.vombat.ee\/eco\/\",\"name\":\"Ecocruiser\",\"description\":\"\",\"publisher\":{\"@id\":\"https:\/\/projekt.vombat.ee\/eco\/#organization\"},\"potentialAction\":[{\"@type\":\"SearchAction\",\"target\":{\"@type\":\"EntryPoint\",\"urlTemplate\":\"https:\/\/projekt.vombat.ee\/eco\/?s={search_term_string}\"},\"query-input\":{\"@type\":\"PropertyValueSpecification\",\"valueRequired\":true,\"valueName\":\"search_term_string\"}}],\"inLanguage\":\"en-GB\"},{\"@type\":\"Organization\",\"@id\":\"https:\/\/projekt.vombat.ee\/eco\/#organization\",\"name\":\"Ecocruiser\",\"url\":\"https:\/\/projekt.vombat.ee\/eco\/\",\"logo\":{\"@type\":\"ImageObject\",\"inLanguage\":\"en-GB\",\"@id\":\"https:\/\/projekt.vombat.ee\/eco\/#\/schema\/logo\/image\/\",\"url\":\"https:\/\/projekt.vombat.ee\/eco\/wp-content\/uploads\/2023\/03\/ECOCRUISER_5.png\",\"contentUrl\":\"https:\/\/projekt.vombat.ee\/eco\/wp-content\/uploads\/2023\/03\/ECOCRUISER_5.png\",\"width\":234,\"height\":91,\"caption\":\"Ecocruiser\"},\"image\":{\"@id\":\"https:\/\/projekt.vombat.ee\/eco\/#\/schema\/logo\/image\/\"}}]}<\/script>\n<!-- \/ Yoast SEO plugin. -->","yoast_head_json":{"title":"Varun BKXB0002 350W, 55km - Ecocruiser","description":"Riippumatta siit\u00e4, k\u00e4yt\u00e4tk\u00f6 housuja vai mekkoa, Varun BKXB0002:n muotoilu antaa sinun ajaa mill\u00e4 tahansa asulla.","robots":{"index":"noindex","follow":"follow","max-snippet":"max-snippet:-1","max-image-preview":"max-image-preview:large","max-video-preview":"max-video-preview:-1"},"og_locale":"en_GB","og_type":"article","og_title":"Varun BKXB0002 350W, 55km - Ecocruiser","og_description":"Riippumatta siit\u00e4, k\u00e4yt\u00e4tk\u00f6 housuja vai mekkoa, Varun BKXB0002:n muotoilu antaa sinun ajaa mill\u00e4 tahansa asulla.","og_url":"https:\/\/projekt.vombat.ee\/eco\/fi\/myym\u00e4l\u00e4\/sahkopyorat\/sahkokaupunkipyorat\/varun-bkxb0002-350w-55km\/","og_site_name":"Ecocruiser","article_modified_time":"2024-03-17T20:25:14+00:00","og_image":[{"width":1000,"height":1000,"url":"https:\/\/projekt.vombat.ee\/eco\/wp-content\/uploads\/2023\/03\/Varun-BKXB00021.png","type":"image\/png"}],"twitter_card":"summary_large_image","twitter_misc":{"Estimated reading time":"2 minutes"},"schema":{"@context":"https:\/\/schema.org","@graph":[{"@type":"WebPage","@id":"https:\/\/projekt.vombat.ee\/eco\/fi\/myym%C3%A4l%C3%A4\/sahkopyorat\/sahkokaupunkipyorat\/varun-bkxb0002-350w-55km\/","url":"https:\/\/projekt.vombat.ee\/eco\/fi\/myym%C3%A4l%C3%A4\/sahkopyorat\/sahkokaupunkipyorat\/varun-bkxb0002-350w-55km\/","name":"Varun BKXB0002 350W, 55km - Ecocruiser","isPartOf":{"@id":"https:\/\/projekt.vombat.ee\/eco\/#website"},"primaryImageOfPage":{"@id":"https:\/\/projekt.vombat.ee\/eco\/fi\/myym%C3%A4l%C3%A4\/sahkopyorat\/sahkokaupunkipyorat\/varun-bkxb0002-350w-55km\/#primaryimage"},"image":{"@id":"https:\/\/projekt.vombat.ee\/eco\/fi\/myym%C3%A4l%C3%A4\/sahkopyorat\/sahkokaupunkipyorat\/varun-bkxb0002-350w-55km\/#primaryimage"},"thumbnailUrl":"https:\/\/projekt.vombat.ee\/eco\/wp-content\/uploads\/2023\/03\/Varun-BKXB00021.png","datePublished":"2023-05-03T13:34:15+00:00","dateModified":"2024-03-17T20:25:14+00:00","description":"Riippumatta siit\u00e4, k\u00e4yt\u00e4tk\u00f6 housuja vai mekkoa, Varun BKXB0002:n muotoilu antaa sinun ajaa mill\u00e4 tahansa asulla.","breadcrumb":{"@id":"https:\/\/projekt.vombat.ee\/eco\/fi\/myym%C3%A4l%C3%A4\/sahkopyorat\/sahkokaupunkipyorat\/varun-bkxb0002-350w-55km\/#breadcrumb"},"inLanguage":"en-GB","potentialAction":[{"@type":"ReadAction","target":["https:\/\/projekt.vombat.ee\/eco\/fi\/myym%C3%A4l%C3%A4\/sahkopyorat\/sahkokaupunkipyorat\/varun-bkxb0002-350w-55km\/"]}]},{"@type":"ImageObject","inLanguage":"en-GB","@id":"https:\/\/projekt.vombat.ee\/eco\/fi\/myym%C3%A4l%C3%A4\/sahkopyorat\/sahkokaupunkipyorat\/varun-bkxb0002-350w-55km\/#primaryimage","url":"https:\/\/projekt.vombat.ee\/eco\/wp-content\/uploads\/2023\/03\/Varun-BKXB00021.png","contentUrl":"https:\/\/projekt.vombat.ee\/eco\/wp-content\/uploads\/2023\/03\/Varun-BKXB00021.png","width":1000,"height":1000,"caption":"Varun BKXB0002"},{"@type":"BreadcrumbList","@id":"https:\/\/projekt.vombat.ee\/eco\/fi\/myym%C3%A4l%C3%A4\/sahkopyorat\/sahkokaupunkipyorat\/varun-bkxb0002-350w-55km\/#breadcrumb","itemListElement":[{"@type":"ListItem","position":1,"name":"Home","item":"https:\/\/projekt.vombat.ee\/eco\/"},{"@type":"ListItem","position":2,"name":"Pood","item":"https:\/\/projekt.vombat.ee\/eco\/pood\/"},{"@type":"ListItem","position":3,"name":"Varun BKXB0002 350W, 55km"}]},{"@type":"WebSite","@id":"https:\/\/projekt.vombat.ee\/eco\/#website","url":"https:\/\/projekt.vombat.ee\/eco\/","name":"Ecocruiser","description":"","publisher":{"@id":"https:\/\/projekt.vombat.ee\/eco\/#organization"},"potentialAction":[{"@type":"SearchAction","target":{"@type":"EntryPoint","urlTemplate":"https:\/\/projekt.vombat.ee\/eco\/?s={search_term_string}"},"query-input":{"@type":"PropertyValueSpecification","valueRequired":true,"valueName":"search_term_string"}}],"inLanguage":"en-GB"},{"@type":"Organization","@id":"https:\/\/projekt.vombat.ee\/eco\/#organization","name":"Ecocruiser","url":"https:\/\/projekt.vombat.ee\/eco\/","logo":{"@type":"ImageObject","inLanguage":"en-GB","@id":"https:\/\/projekt.vombat.ee\/eco\/#\/schema\/logo\/image\/","url":"https:\/\/projekt.vombat.ee\/eco\/wp-content\/uploads\/2023\/03\/ECOCRUISER_5.png","contentUrl":"https:\/\/projekt.vombat.ee\/eco\/wp-content\/uploads\/2023\/03\/ECOCRUISER_5.png","width":234,"height":91,"caption":"Ecocruiser"},"image":{"@id":"https:\/\/projekt.vombat.ee\/eco\/#\/schema\/logo\/image\/"}}]}},"lang":"fi","translations":{"fi":9236,"ru":5223,"et":2399},"pll_sync_post":[],"_links":{"self":[{"href":"https:\/\/projekt.vombat.ee\/eco\/wp-json\/wp\/v2\/product\/9236"}],"collection":[{"href":"https:\/\/projekt.vombat.ee\/eco\/wp-json\/wp\/v2\/product"}],"about":[{"href":"https:\/\/projekt.vombat.ee\/eco\/wp-json\/wp\/v2\/types\/product"}],"version-history":[{"count":1,"href":"https:\/\/projekt.vombat.ee\/eco\/wp-json\/wp\/v2\/product\/9236\/revisions"}],"predecessor-version":[{"id":9240,"href":"https:\/\/projekt.vombat.ee\/eco\/wp-json\/wp\/v2\/product\/9236\/revisions\/9240"}],"wp:featuredmedia":[{"embeddable":true,"href":"https:\/\/projekt.vombat.ee\/eco\/wp-json\/wp\/v2\/media\/9237"}],"wp:attachment":[{"href":"https:\/\/projekt.vombat.ee\/eco\/wp-json\/wp\/v2\/media?parent=9236"}],"wp:term":[{"taxonomy":"product_cat","embeddable":true,"href":"https:\/\/projekt.vombat.ee\/eco\/wp-json\/wp\/v2\/product_cat?post=9236"},{"taxonomy":"product_tag","embeddable":true,"href":"https:\/\/projekt.vombat.ee\/eco\/wp-json\/wp\/v2\/product_tag?post=9236"}],"curies":[{"name":"wp","href":"https:\/\/api.w.org\/{rel}","templated":true}]}}