{"id":9206,"date":"2023-05-03T13:09:24","date_gmt":"2023-05-03T13:09:24","guid":{"rendered":"https:\/\/projekt.vombat.ee\/eco\/?post_type=product&#038;p=9206"},"modified":"2024-04-12T11:31:20","modified_gmt":"2024-04-12T11:31:20","slug":"dyu-c6-70km","status":"publish","type":"product","link":"https:\/\/projekt.vombat.ee\/eco\/fi\/myym%C3%A4l%C3%A4\/sahkopyorat\/sahkokaupunkipyorat\/dyu-c6-70km\/","title":{"rendered":"DYU C6, 70km"},"content":{"rendered":"<h1>DYU C6<\/h1>\n<p><img decoding=\"async\" class=\"c_image-gallery-asset\" src=\"https:\/\/cdn.shopify.com\/s\/files\/1\/0604\/8330\/5696\/files\/C6_1000.png?v=1666233208\" sizes=\"(max-width: 479px) 48vw, (max-width: 767px) 49vw, (max-width: 1279px) 48vw, 49vw\" srcset=\"https:\/\/cdn.shopify.com\/s\/files\/1\/0604\/8330\/5696\/files\/C6_1000.png?v=1666233208\" alt=\"\" \/><\/p>\n<h3>Irrotettava akku ja kaksi lataustilaa<\/h3>\n<p>Voit joko ladata sen suoraan py\u00f6r\u00e4ss\u00e4 tai irrottaa sen latausta varten.<\/p>\n<p><img fetchpriority=\"high\" decoding=\"async\" class=\"msub_k4 mupj_5k mjru_k4 mse2_k4 mp7g_f6 mq1m_0 mj7u_0 m7er_k4 lazyloaded\" src=\"https:\/\/a.allegroimg.com\/original\/11344f\/0ec877af4da3b6c0639e02f76534\/DYU-C6-250W-12-5AH-Rower-elektryczny-damski-70km-Wheel-Size-26\" sizes=\"(min-width: 1200px) 560px, (min-width: 992px) 50vw, 100vw\" srcset=\"https:\/\/a.allegroimg.com\/s360\/11344f\/0ec877af4da3b6c0639e02f76534\/DYU-C6-250W-12-5AH-Rower-elektryczny-damski-70km-Wheel-Size-26 360w,https:\/\/a.allegroimg.com\/s720\/11344f\/0ec877af4da3b6c0639e02f76534\/DYU-C6-250W-12-5AH-Rower-elektryczny-damski-70km-Wheel-Size-26 720w,https:\/\/a.allegroimg.com\/s1024\/11344f\/0ec877af4da3b6c0639e02f76534\/DYU-C6-250W-12-5AH-Rower-elektryczny-damski-70km-Wheel-Size-26 960w,https:\/\/a.allegroimg.com\/original\/11344f\/0ec877af4da3b6c0639e02f76534\/DYU-C6-250W-12-5AH-Rower-elektryczny-damski-70km-Wheel-Size-26 960w\" alt=\"DYU C6 250W 12,5AH Rower elektryczny damski 70km Wheel Size (&quot;) 26\" width=\"777\" height=\"777\" data-src=\"https:\/\/a.allegroimg.com\/original\/11344f\/0ec877af4da3b6c0639e02f76534\/DYU-C6-250W-12-5AH-Rower-elektryczny-damski-70km-Wheel-Size-26\" data-srcset=\"https:\/\/a.allegroimg.com\/s360\/11344f\/0ec877af4da3b6c0639e02f76534\/DYU-C6-250W-12-5AH-Rower-elektryczny-damski-70km-Wheel-Size-26 360w,https:\/\/a.allegroimg.com\/s720\/11344f\/0ec877af4da3b6c0639e02f76534\/DYU-C6-250W-12-5AH-Rower-elektryczny-damski-70km-Wheel-Size-26 720w,https:\/\/a.allegroimg.com\/s1024\/11344f\/0ec877af4da3b6c0639e02f76534\/DYU-C6-250W-12-5AH-Rower-elektryczny-damski-70km-Wheel-Size-26 960w,https:\/\/a.allegroimg.com\/original\/11344f\/0ec877af4da3b6c0639e02f76534\/DYU-C6-250W-12-5AH-Rower-elektryczny-damski-70km-Wheel-Size-26 960w\" \/><\/p>\n<h3>S\u00e4\u00e4dett\u00e4v\u00e4 korkeus ja kallistuskulma<\/h3>\n<p>Istuin ja ohjaustanko voidaan s\u00e4\u00e4t\u00e4\u00e4 sopivalle korkeudelle ja kulmaan.<\/p>\n<p><img decoding=\"async\" class=\"msub_k4 mupj_5k mjru_k4 mse2_k4 mp7g_f6 mq1m_0 mj7u_0 m7er_k4 lazyloaded\" src=\"https:\/\/a.allegroimg.com\/original\/11fd3b\/3e246a6a44ed9be433692d297fa2\/DYU-C6-250W-12-5AH-Rower-elektryczny-damski-70km-Weight-27-kg\" sizes=\"(min-width: 1200px) 560px, (min-width: 992px) 50vw, 100vw\" srcset=\"https:\/\/a.allegroimg.com\/s360\/11fd3b\/3e246a6a44ed9be433692d297fa2\/DYU-C6-250W-12-5AH-Rower-elektryczny-damski-70km-Weight-27-kg 360w,https:\/\/a.allegroimg.com\/s720\/11fd3b\/3e246a6a44ed9be433692d297fa2\/DYU-C6-250W-12-5AH-Rower-elektryczny-damski-70km-Weight-27-kg 720w,https:\/\/a.allegroimg.com\/s1024\/11fd3b\/3e246a6a44ed9be433692d297fa2\/DYU-C6-250W-12-5AH-Rower-elektryczny-damski-70km-Weight-27-kg 960w,https:\/\/a.allegroimg.com\/original\/11fd3b\/3e246a6a44ed9be433692d297fa2\/DYU-C6-250W-12-5AH-Rower-elektryczny-damski-70km-Weight-27-kg 960w\" alt=\"DYU C6 250W 12,5AH Rower elektryczny damski 70km Weight 27 kg\" width=\"779\" height=\"779\" data-src=\"https:\/\/a.allegroimg.com\/original\/11fd3b\/3e246a6a44ed9be433692d297fa2\/DYU-C6-250W-12-5AH-Rower-elektryczny-damski-70km-Weight-27-kg\" data-srcset=\"https:\/\/a.allegroimg.com\/s360\/11fd3b\/3e246a6a44ed9be433692d297fa2\/DYU-C6-250W-12-5AH-Rower-elektryczny-damski-70km-Weight-27-kg 360w,https:\/\/a.allegroimg.com\/s720\/11fd3b\/3e246a6a44ed9be433692d297fa2\/DYU-C6-250W-12-5AH-Rower-elektryczny-damski-70km-Weight-27-kg 720w,https:\/\/a.allegroimg.com\/s1024\/11fd3b\/3e246a6a44ed9be433692d297fa2\/DYU-C6-250W-12-5AH-Rower-elektryczny-damski-70km-Weight-27-kg 960w,https:\/\/a.allegroimg.com\/original\/11fd3b\/3e246a6a44ed9be433692d297fa2\/DYU-C6-250W-12-5AH-Rower-elektryczny-damski-70km-Weight-27-kg 960w\" \/><\/p>\n<h3>LED<\/h3>\n<p>S\u00e4\u00e4dett\u00e4v\u00e4 12 V LED-ajovalo takavalolla tekee ajamisesta y\u00f6ll\u00e4 turvallisempaa.<\/p>\n<p><img decoding=\"async\" class=\"msub_k4 mupj_5k mjru_k4 mse2_k4 mp7g_f6 mq1m_0 mj7u_0 m7er_k4 lazyloaded\" src=\"https:\/\/a.allegroimg.com\/original\/11d6b5\/09bd46324888a6b38641a3693ccb\/DYU-C6-250W-12-5AH-Rower-elektryczny-damski-70km-Manufacturer-s-code-07914\" sizes=\"(min-width: 1200px) 560px, (min-width: 992px) 50vw, 100vw\" srcset=\"https:\/\/a.allegroimg.com\/s360\/11d6b5\/09bd46324888a6b38641a3693ccb\/DYU-C6-250W-12-5AH-Rower-elektryczny-damski-70km-Manufacturer-s-code-07914 332w,https:\/\/a.allegroimg.com\/s720\/11d6b5\/09bd46324888a6b38641a3693ccb\/DYU-C6-250W-12-5AH-Rower-elektryczny-damski-70km-Manufacturer-s-code-07914 665w,https:\/\/a.allegroimg.com\/s1024\/11d6b5\/09bd46324888a6b38641a3693ccb\/DYU-C6-250W-12-5AH-Rower-elektryczny-damski-70km-Manufacturer-s-code-07914 864w,https:\/\/a.allegroimg.com\/original\/11d6b5\/09bd46324888a6b38641a3693ccb\/DYU-C6-250W-12-5AH-Rower-elektryczny-damski-70km-Manufacturer-s-code-07914 864w\" alt=\"DYU C6 250W 12,5AH Rower elektryczny damski 70km Manufacturer's code 07914\" width=\"769\" height=\"832\" data-src=\"https:\/\/a.allegroimg.com\/original\/11d6b5\/09bd46324888a6b38641a3693ccb\/DYU-C6-250W-12-5AH-Rower-elektryczny-damski-70km-Manufacturer-s-code-07914\" data-srcset=\"https:\/\/a.allegroimg.com\/s360\/11d6b5\/09bd46324888a6b38641a3693ccb\/DYU-C6-250W-12-5AH-Rower-elektryczny-damski-70km-Manufacturer-s-code-07914 332w,https:\/\/a.allegroimg.com\/s720\/11d6b5\/09bd46324888a6b38641a3693ccb\/DYU-C6-250W-12-5AH-Rower-elektryczny-damski-70km-Manufacturer-s-code-07914 665w,https:\/\/a.allegroimg.com\/s1024\/11d6b5\/09bd46324888a6b38641a3693ccb\/DYU-C6-250W-12-5AH-Rower-elektryczny-damski-70km-Manufacturer-s-code-07914 864w,https:\/\/a.allegroimg.com\/original\/11d6b5\/09bd46324888a6b38641a3693ccb\/DYU-C6-250W-12-5AH-Rower-elektryczny-damski-70km-Manufacturer-s-code-07914 864w\" \/><\/p>\n<h3>KUDOTTU KORI<\/h3>\n<p>Muodikas ja toimiva jokap\u00e4iv\u00e4iseen k\u00e4ytt\u00f6\u00f6n<\/p>\n<h3>JARRUVALO<\/h3>\n<p>Varoittaa takana olevia kuljettajia onnettomuuden v\u00e4ltt\u00e4miseksi<\/p>\n<h3>MUKAVA ISTUIMEN<\/h3>\n<p>Ergonominen muotoilu S\u00e4\u00e4dett\u00e4v\u00e4 korkeus<\/p>\n<p><img loading=\"lazy\" decoding=\"async\" class=\"msub_k4 mupj_5k mjru_k4 mse2_k4 mp7g_f6 mq1m_0 mj7u_0 m7er_k4 lazyloaded\" src=\"https:\/\/a.allegroimg.com\/original\/1108d7\/f8d02d85472e88a9ab28ed2118ae\/DYU-C6-250W-12-5AH-Rower-elektryczny-damski-70km-Rechargeable-battery-lithium-ion\" sizes=\"(min-width: 1200px) 560px, (min-width: 992px) 50vw, 100vw\" srcset=\"https:\/\/a.allegroimg.com\/s360\/1108d7\/f8d02d85472e88a9ab28ed2118ae\/DYU-C6-250W-12-5AH-Rower-elektryczny-damski-70km-Rechargeable-battery-lithium-ion 360w,https:\/\/a.allegroimg.com\/s720\/1108d7\/f8d02d85472e88a9ab28ed2118ae\/DYU-C6-250W-12-5AH-Rower-elektryczny-damski-70km-Rechargeable-battery-lithium-ion 720w,https:\/\/a.allegroimg.com\/s1024\/1108d7\/f8d02d85472e88a9ab28ed2118ae\/DYU-C6-250W-12-5AH-Rower-elektryczny-damski-70km-Rechargeable-battery-lithium-ion 1024w,https:\/\/a.allegroimg.com\/s1440\/1108d7\/f8d02d85472e88a9ab28ed2118ae\/DYU-C6-250W-12-5AH-Rower-elektryczny-damski-70km-Rechargeable-battery-lithium-ion 1440w,https:\/\/a.allegroimg.com\/original\/1108d7\/f8d02d85472e88a9ab28ed2118ae\/DYU-C6-250W-12-5AH-Rower-elektryczny-damski-70km-Rechargeable-battery-lithium-ion 1546w\" alt=\"DYU C6 250W 12,5AH Rower elektryczny damski 70km Rechargeable battery lithium-ion\" width=\"685\" height=\"622\" data-src=\"https:\/\/a.allegroimg.com\/original\/1108d7\/f8d02d85472e88a9ab28ed2118ae\/DYU-C6-250W-12-5AH-Rower-elektryczny-damski-70km-Rechargeable-battery-lithium-ion\" data-srcset=\"https:\/\/a.allegroimg.com\/s360\/1108d7\/f8d02d85472e88a9ab28ed2118ae\/DYU-C6-250W-12-5AH-Rower-elektryczny-damski-70km-Rechargeable-battery-lithium-ion 360w,https:\/\/a.allegroimg.com\/s720\/1108d7\/f8d02d85472e88a9ab28ed2118ae\/DYU-C6-250W-12-5AH-Rower-elektryczny-damski-70km-Rechargeable-battery-lithium-ion 720w,https:\/\/a.allegroimg.com\/s1024\/1108d7\/f8d02d85472e88a9ab28ed2118ae\/DYU-C6-250W-12-5AH-Rower-elektryczny-damski-70km-Rechargeable-battery-lithium-ion 1024w,https:\/\/a.allegroimg.com\/s1440\/1108d7\/f8d02d85472e88a9ab28ed2118ae\/DYU-C6-250W-12-5AH-Rower-elektryczny-damski-70km-Rechargeable-battery-lithium-ion 1440w,https:\/\/a.allegroimg.com\/original\/1108d7\/f8d02d85472e88a9ab28ed2118ae\/DYU-C6-250W-12-5AH-Rower-elektryczny-damski-70km-Rechargeable-battery-lithium-ion 1546w\" \/><\/p>\n<h3>Py\u00f6r\u00e4n koko: 1850 * 610 * 1170 mm<\/h3>\n<p><img loading=\"lazy\" decoding=\"async\" class=\"msub_k4 mupj_5k mjru_k4 mse2_k4 mp7g_f6 mq1m_0 mj7u_0 m7er_k4 lazyloaded\" src=\"https:\/\/a.allegroimg.com\/original\/114340\/ff5cd6ff469786b85b5613dd2361\/DYU-C6-250W-12-5AH-Rower-elektryczny-damski-70km-EAN-GTIN-4537364507914\" sizes=\"(min-width: 1200px) 560px, (min-width: 992px) 50vw, 100vw\" srcset=\"https:\/\/a.allegroimg.com\/s360\/114340\/ff5cd6ff469786b85b5613dd2361\/DYU-C6-250W-12-5AH-Rower-elektryczny-damski-70km-EAN-GTIN-4537364507914 359w,https:\/\/a.allegroimg.com\/s720\/114340\/ff5cd6ff469786b85b5613dd2361\/DYU-C6-250W-12-5AH-Rower-elektryczny-damski-70km-EAN-GTIN-4537364507914 719w,https:\/\/a.allegroimg.com\/s1024\/114340\/ff5cd6ff469786b85b5613dd2361\/DYU-C6-250W-12-5AH-Rower-elektryczny-damski-70km-EAN-GTIN-4537364507914 1023w,https:\/\/a.allegroimg.com\/s1440\/114340\/ff5cd6ff469786b85b5613dd2361\/DYU-C6-250W-12-5AH-Rower-elektryczny-damski-70km-EAN-GTIN-4537364507914 1288w,https:\/\/a.allegroimg.com\/original\/114340\/ff5cd6ff469786b85b5613dd2361\/DYU-C6-250W-12-5AH-Rower-elektryczny-damski-70km-EAN-GTIN-4537364507914 1288w\" alt=\"DYU C6 250W 12,5AH Rower elektryczny damski 70km EAN (GTIN) 4537364507914\" width=\"686\" height=\"465\" data-src=\"https:\/\/a.allegroimg.com\/original\/114340\/ff5cd6ff469786b85b5613dd2361\/DYU-C6-250W-12-5AH-Rower-elektryczny-damski-70km-EAN-GTIN-4537364507914\" data-srcset=\"https:\/\/a.allegroimg.com\/s360\/114340\/ff5cd6ff469786b85b5613dd2361\/DYU-C6-250W-12-5AH-Rower-elektryczny-damski-70km-EAN-GTIN-4537364507914 359w,https:\/\/a.allegroimg.com\/s720\/114340\/ff5cd6ff469786b85b5613dd2361\/DYU-C6-250W-12-5AH-Rower-elektryczny-damski-70km-EAN-GTIN-4537364507914 719w,https:\/\/a.allegroimg.com\/s1024\/114340\/ff5cd6ff469786b85b5613dd2361\/DYU-C6-250W-12-5AH-Rower-elektryczny-damski-70km-EAN-GTIN-4537364507914 1023w,https:\/\/a.allegroimg.com\/s1440\/114340\/ff5cd6ff469786b85b5613dd2361\/DYU-C6-250W-12-5AH-Rower-elektryczny-damski-70km-EAN-GTIN-4537364507914 1288w,https:\/\/a.allegroimg.com\/original\/114340\/ff5cd6ff469786b85b5613dd2361\/DYU-C6-250W-12-5AH-Rower-elektryczny-damski-70km-EAN-GTIN-4537364507914 1288w\" \/><\/p>\n<h3>Laukun mitat:<\/h3>\n<p>\u2714 Pituus: 35 cm<br \/>\n\u2714 Leveys: 23 cm<br \/>\n\u2714 Korkeus: 19 cm<\/p>\n<h3>Tiedot<\/h3>\n<p>Paino: 27 kg<br \/>\nMaksimikuorma: 120 kg<br \/>\nMoottori: 36V 250W<br \/>\nRengas: 26 tuumaa * 1,95 tuumaa<br \/>\nSuurin nopeus: 25 km\/h<br \/>\nEt\u00e4isyys (s\u00e4hk\u00f6k\u00e4ytt\u00f6): 40 \u00b1 3 km<br \/>\nEt\u00e4isyys (aputila): 50-70KM<br \/>\nAkku: 12,5 ah litiumakku<br \/>\nKotelon materiaali: rauta<br \/>\nLatausaika: 6-8 tuntia<br \/>\nValot: etu- ja takavalo<br \/>\nJarru: Etu- ja takatorvijarru<br \/>\nAutomaattinen risteily<\/p>\n<p><img decoding=\"async\" class=\"msub_k4 mupj_5k mjru_k4 mse2_k4 mp7g_f6 mq1m_0 mj7u_0 m7er_k4 lazyloaded\" src=\"https:\/\/a.allegroimg.com\/original\/11a2f6\/907862144ee6b1466f628a3bdefb\/DYU-C6-250W-12-5AH-Rower-elektryczny-damski-70km\" sizes=\"100vw\" srcset=\"https:\/\/a.allegroimg.com\/s360\/11a2f6\/907862144ee6b1466f628a3bdefb\/DYU-C6-250W-12-5AH-Rower-elektryczny-damski-70km 360w,https:\/\/a.allegroimg.com\/s720\/11a2f6\/907862144ee6b1466f628a3bdefb\/DYU-C6-250W-12-5AH-Rower-elektryczny-damski-70km 720w,https:\/\/a.allegroimg.com\/s1024\/11a2f6\/907862144ee6b1466f628a3bdefb\/DYU-C6-250W-12-5AH-Rower-elektryczny-damski-70km 1000w,https:\/\/a.allegroimg.com\/original\/11a2f6\/907862144ee6b1466f628a3bdefb\/DYU-C6-250W-12-5AH-Rower-elektryczny-damski-70km 1000w\" alt=\"DYU C6 250W 12,5AH Rower elektryczny damski 70km\" width=\"1000px\" data-src=\"https:\/\/a.allegroimg.com\/original\/11a2f6\/907862144ee6b1466f628a3bdefb\/DYU-C6-250W-12-5AH-Rower-elektryczny-damski-70km\" data-srcset=\"https:\/\/a.allegroimg.com\/s360\/11a2f6\/907862144ee6b1466f628a3bdefb\/DYU-C6-250W-12-5AH-Rower-elektryczny-damski-70km 360w,https:\/\/a.allegroimg.com\/s720\/11a2f6\/907862144ee6b1466f628a3bdefb\/DYU-C6-250W-12-5AH-Rower-elektryczny-damski-70km 720w,https:\/\/a.allegroimg.com\/s1024\/11a2f6\/907862144ee6b1466f628a3bdefb\/DYU-C6-250W-12-5AH-Rower-elektryczny-damski-70km 1000w,https:\/\/a.allegroimg.com\/original\/11a2f6\/907862144ee6b1466f628a3bdefb\/DYU-C6-250W-12-5AH-Rower-elektryczny-damski-70km 1000w\" \/><\/p>\n","protected":false},"excerpt":{"rendered":"<p><strong>DYU C6<\/strong> 26&#8243; tuuman s\u00e4hk\u00f6py\u00f6r\u00e4ss\u00e4 on tehokas 350 W moottori ja se voi polkea jopa 50-70 km, mukana tulee s\u00e4ilytyskori, joten se on ihanteellinen py\u00f6r\u00e4.<\/p>\n<p>Lis\u00e4ksi mukana tulee lahjaksi py\u00f6r\u00e4laukku \ud83d\ude42<\/p>\n<p>&nbsp;<\/p>\n<ul>\n<li>Maksimikuorma: 120 kg<\/li>\n<li>Moottori: 36V 250W<\/li>\n<li>Ajoet\u00e4isyys (avustustila): 50-70 km<\/li>\n<li>Akku: 12,5 ah litiumakku<\/li>\n<li>Latausaika: 6-8 tuntia<\/li>\n<li>Paino: 27 kg<\/li>\n<\/ul>\n<p><strong>\u2666 Toimitusaika 3-8 p\u00e4iv\u00e4\u00e4<\/strong><br \/>\n<strong>\u2666 Varastossa<\/strong><\/p>\n","protected":false},"featured_media":9207,"template":"","meta":[],"product_cat":[983,979],"product_tag":[],"class_list":{"0":"post-9206","1":"product","2":"type-product","3":"status-publish","4":"has-post-thumbnail","6":"product_cat-sahkokaupunkipyorat","7":"product_cat-sahkopyorat","8":"product_shipping_class-suured-pakid","10":"first","11":"instock","12":"taxable","13":"shipping-taxable","14":"purchasable","15":"product-type-simple"},"yoast_head":"<!-- This site is optimized with the Yoast SEO plugin v23.8 - https:\/\/yoast.com\/wordpress\/plugins\/seo\/ -->\n<title>DYU C6, 70km - Ecocruiser<\/title>\n<meta name=\"robots\" content=\"noindex, follow, max-snippet:-1, max-image-preview:large, max-video-preview:-1\" \/>\n<meta property=\"og:locale\" content=\"en_GB\" \/>\n<meta property=\"og:type\" content=\"article\" \/>\n<meta property=\"og:title\" content=\"DYU C6, 70km - Ecocruiser\" \/>\n<meta property=\"og:description\" content=\"DYU C6 26&quot; tuuman s\u00e4hk\u00f6py\u00f6r\u00e4ss\u00e4 on tehokas 350 W moottori ja se voi polkea jopa 50-70 km, mukana tulee s\u00e4ilytyskori, joten se on ihanteellinen py\u00f6r\u00e4.  Lis\u00e4ksi mukana tulee lahjaksi py\u00f6r\u00e4laukku :)  &nbsp;   Maksimikuorma: 120 kg  Moottori: 36V 250W  Ajoet\u00e4isyys (avustustila): 50-70 km  Akku: 12,5 ah litiumakku  Latausaika: 6-8 tuntia  Paino: 27 kg  \u2666 Toimitusaika 3-8 p\u00e4iv\u00e4\u00e4 \u2666 Varastossa\" \/>\n<meta property=\"og:url\" content=\"https:\/\/projekt.vombat.ee\/eco\/fi\/myym\u00e4l\u00e4\/sahkopyorat\/sahkokaupunkipyorat\/dyu-c6-70km\/\" \/>\n<meta property=\"og:site_name\" content=\"Ecocruiser\" \/>\n<meta property=\"article:modified_time\" content=\"2024-04-12T11:31:20+00:00\" \/>\n<meta property=\"og:image\" content=\"https:\/\/projekt.vombat.ee\/eco\/wp-content\/uploads\/2023\/04\/1-14.webp\" \/>\n\t<meta property=\"og:image:width\" content=\"650\" \/>\n\t<meta property=\"og:image:height\" content=\"650\" \/>\n\t<meta property=\"og:image:type\" content=\"image\/webp\" \/>\n<meta name=\"twitter:card\" content=\"summary_large_image\" \/>\n<meta name=\"twitter:label1\" content=\"Estimated reading time\" \/>\n\t<meta name=\"twitter:data1\" content=\"3 minutes\" \/>\n<script type=\"application\/ld+json\" class=\"yoast-schema-graph\">{\"@context\":\"https:\/\/schema.org\",\"@graph\":[{\"@type\":\"WebPage\",\"@id\":\"https:\/\/projekt.vombat.ee\/eco\/fi\/myym%C3%A4l%C3%A4\/sahkopyorat\/sahkokaupunkipyorat\/dyu-c6-70km\/\",\"url\":\"https:\/\/projekt.vombat.ee\/eco\/fi\/myym%C3%A4l%C3%A4\/sahkopyorat\/sahkokaupunkipyorat\/dyu-c6-70km\/\",\"name\":\"DYU C6, 70km - Ecocruiser\",\"isPartOf\":{\"@id\":\"https:\/\/projekt.vombat.ee\/eco\/#website\"},\"primaryImageOfPage\":{\"@id\":\"https:\/\/projekt.vombat.ee\/eco\/fi\/myym%C3%A4l%C3%A4\/sahkopyorat\/sahkokaupunkipyorat\/dyu-c6-70km\/#primaryimage\"},\"image\":{\"@id\":\"https:\/\/projekt.vombat.ee\/eco\/fi\/myym%C3%A4l%C3%A4\/sahkopyorat\/sahkokaupunkipyorat\/dyu-c6-70km\/#primaryimage\"},\"thumbnailUrl\":\"https:\/\/projekt.vombat.ee\/eco\/wp-content\/uploads\/2023\/04\/1-14.webp\",\"datePublished\":\"2023-05-03T13:09:24+00:00\",\"dateModified\":\"2024-04-12T11:31:20+00:00\",\"breadcrumb\":{\"@id\":\"https:\/\/projekt.vombat.ee\/eco\/fi\/myym%C3%A4l%C3%A4\/sahkopyorat\/sahkokaupunkipyorat\/dyu-c6-70km\/#breadcrumb\"},\"inLanguage\":\"en-GB\",\"potentialAction\":[{\"@type\":\"ReadAction\",\"target\":[\"https:\/\/projekt.vombat.ee\/eco\/fi\/myym%C3%A4l%C3%A4\/sahkopyorat\/sahkokaupunkipyorat\/dyu-c6-70km\/\"]}]},{\"@type\":\"ImageObject\",\"inLanguage\":\"en-GB\",\"@id\":\"https:\/\/projekt.vombat.ee\/eco\/fi\/myym%C3%A4l%C3%A4\/sahkopyorat\/sahkokaupunkipyorat\/dyu-c6-70km\/#primaryimage\",\"url\":\"https:\/\/projekt.vombat.ee\/eco\/wp-content\/uploads\/2023\/04\/1-14.webp\",\"contentUrl\":\"https:\/\/projekt.vombat.ee\/eco\/wp-content\/uploads\/2023\/04\/1-14.webp\",\"width\":650,\"height\":650,\"caption\":\"DYU C6\"},{\"@type\":\"BreadcrumbList\",\"@id\":\"https:\/\/projekt.vombat.ee\/eco\/fi\/myym%C3%A4l%C3%A4\/sahkopyorat\/sahkokaupunkipyorat\/dyu-c6-70km\/#breadcrumb\",\"itemListElement\":[{\"@type\":\"ListItem\",\"position\":1,\"name\":\"Home\",\"item\":\"https:\/\/projekt.vombat.ee\/eco\/\"},{\"@type\":\"ListItem\",\"position\":2,\"name\":\"Pood\",\"item\":\"https:\/\/projekt.vombat.ee\/eco\/pood\/\"},{\"@type\":\"ListItem\",\"position\":3,\"name\":\"DYU C6, 70km\"}]},{\"@type\":\"WebSite\",\"@id\":\"https:\/\/projekt.vombat.ee\/eco\/#website\",\"url\":\"https:\/\/projekt.vombat.ee\/eco\/\",\"name\":\"Ecocruiser\",\"description\":\"\",\"publisher\":{\"@id\":\"https:\/\/projekt.vombat.ee\/eco\/#organization\"},\"potentialAction\":[{\"@type\":\"SearchAction\",\"target\":{\"@type\":\"EntryPoint\",\"urlTemplate\":\"https:\/\/projekt.vombat.ee\/eco\/?s={search_term_string}\"},\"query-input\":{\"@type\":\"PropertyValueSpecification\",\"valueRequired\":true,\"valueName\":\"search_term_string\"}}],\"inLanguage\":\"en-GB\"},{\"@type\":\"Organization\",\"@id\":\"https:\/\/projekt.vombat.ee\/eco\/#organization\",\"name\":\"Ecocruiser\",\"url\":\"https:\/\/projekt.vombat.ee\/eco\/\",\"logo\":{\"@type\":\"ImageObject\",\"inLanguage\":\"en-GB\",\"@id\":\"https:\/\/projekt.vombat.ee\/eco\/#\/schema\/logo\/image\/\",\"url\":\"https:\/\/projekt.vombat.ee\/eco\/wp-content\/uploads\/2023\/03\/ECOCRUISER_5.png\",\"contentUrl\":\"https:\/\/projekt.vombat.ee\/eco\/wp-content\/uploads\/2023\/03\/ECOCRUISER_5.png\",\"width\":234,\"height\":91,\"caption\":\"Ecocruiser\"},\"image\":{\"@id\":\"https:\/\/projekt.vombat.ee\/eco\/#\/schema\/logo\/image\/\"}}]}<\/script>\n<!-- \/ Yoast SEO plugin. -->","yoast_head_json":{"title":"DYU C6, 70km - Ecocruiser","robots":{"index":"noindex","follow":"follow","max-snippet":"max-snippet:-1","max-image-preview":"max-image-preview:large","max-video-preview":"max-video-preview:-1"},"og_locale":"en_GB","og_type":"article","og_title":"DYU C6, 70km - Ecocruiser","og_description":"DYU C6 26\" tuuman s\u00e4hk\u00f6py\u00f6r\u00e4ss\u00e4 on tehokas 350 W moottori ja se voi polkea jopa 50-70 km, mukana tulee s\u00e4ilytyskori, joten se on ihanteellinen py\u00f6r\u00e4.  Lis\u00e4ksi mukana tulee lahjaksi py\u00f6r\u00e4laukku :)  &nbsp;   Maksimikuorma: 120 kg  Moottori: 36V 250W  Ajoet\u00e4isyys (avustustila): 50-70 km  Akku: 12,5 ah litiumakku  Latausaika: 6-8 tuntia  Paino: 27 kg  \u2666 Toimitusaika 3-8 p\u00e4iv\u00e4\u00e4 \u2666 Varastossa","og_url":"https:\/\/projekt.vombat.ee\/eco\/fi\/myym\u00e4l\u00e4\/sahkopyorat\/sahkokaupunkipyorat\/dyu-c6-70km\/","og_site_name":"Ecocruiser","article_modified_time":"2024-04-12T11:31:20+00:00","og_image":[{"width":650,"height":650,"url":"https:\/\/projekt.vombat.ee\/eco\/wp-content\/uploads\/2023\/04\/1-14.webp","type":"image\/webp"}],"twitter_card":"summary_large_image","twitter_misc":{"Estimated reading time":"3 minutes"},"schema":{"@context":"https:\/\/schema.org","@graph":[{"@type":"WebPage","@id":"https:\/\/projekt.vombat.ee\/eco\/fi\/myym%C3%A4l%C3%A4\/sahkopyorat\/sahkokaupunkipyorat\/dyu-c6-70km\/","url":"https:\/\/projekt.vombat.ee\/eco\/fi\/myym%C3%A4l%C3%A4\/sahkopyorat\/sahkokaupunkipyorat\/dyu-c6-70km\/","name":"DYU C6, 70km - Ecocruiser","isPartOf":{"@id":"https:\/\/projekt.vombat.ee\/eco\/#website"},"primaryImageOfPage":{"@id":"https:\/\/projekt.vombat.ee\/eco\/fi\/myym%C3%A4l%C3%A4\/sahkopyorat\/sahkokaupunkipyorat\/dyu-c6-70km\/#primaryimage"},"image":{"@id":"https:\/\/projekt.vombat.ee\/eco\/fi\/myym%C3%A4l%C3%A4\/sahkopyorat\/sahkokaupunkipyorat\/dyu-c6-70km\/#primaryimage"},"thumbnailUrl":"https:\/\/projekt.vombat.ee\/eco\/wp-content\/uploads\/2023\/04\/1-14.webp","datePublished":"2023-05-03T13:09:24+00:00","dateModified":"2024-04-12T11:31:20+00:00","breadcrumb":{"@id":"https:\/\/projekt.vombat.ee\/eco\/fi\/myym%C3%A4l%C3%A4\/sahkopyorat\/sahkokaupunkipyorat\/dyu-c6-70km\/#breadcrumb"},"inLanguage":"en-GB","potentialAction":[{"@type":"ReadAction","target":["https:\/\/projekt.vombat.ee\/eco\/fi\/myym%C3%A4l%C3%A4\/sahkopyorat\/sahkokaupunkipyorat\/dyu-c6-70km\/"]}]},{"@type":"ImageObject","inLanguage":"en-GB","@id":"https:\/\/projekt.vombat.ee\/eco\/fi\/myym%C3%A4l%C3%A4\/sahkopyorat\/sahkokaupunkipyorat\/dyu-c6-70km\/#primaryimage","url":"https:\/\/projekt.vombat.ee\/eco\/wp-content\/uploads\/2023\/04\/1-14.webp","contentUrl":"https:\/\/projekt.vombat.ee\/eco\/wp-content\/uploads\/2023\/04\/1-14.webp","width":650,"height":650,"caption":"DYU C6"},{"@type":"BreadcrumbList","@id":"https:\/\/projekt.vombat.ee\/eco\/fi\/myym%C3%A4l%C3%A4\/sahkopyorat\/sahkokaupunkipyorat\/dyu-c6-70km\/#breadcrumb","itemListElement":[{"@type":"ListItem","position":1,"name":"Home","item":"https:\/\/projekt.vombat.ee\/eco\/"},{"@type":"ListItem","position":2,"name":"Pood","item":"https:\/\/projekt.vombat.ee\/eco\/pood\/"},{"@type":"ListItem","position":3,"name":"DYU C6, 70km"}]},{"@type":"WebSite","@id":"https:\/\/projekt.vombat.ee\/eco\/#website","url":"https:\/\/projekt.vombat.ee\/eco\/","name":"Ecocruiser","description":"","publisher":{"@id":"https:\/\/projekt.vombat.ee\/eco\/#organization"},"potentialAction":[{"@type":"SearchAction","target":{"@type":"EntryPoint","urlTemplate":"https:\/\/projekt.vombat.ee\/eco\/?s={search_term_string}"},"query-input":{"@type":"PropertyValueSpecification","valueRequired":true,"valueName":"search_term_string"}}],"inLanguage":"en-GB"},{"@type":"Organization","@id":"https:\/\/projekt.vombat.ee\/eco\/#organization","name":"Ecocruiser","url":"https:\/\/projekt.vombat.ee\/eco\/","logo":{"@type":"ImageObject","inLanguage":"en-GB","@id":"https:\/\/projekt.vombat.ee\/eco\/#\/schema\/logo\/image\/","url":"https:\/\/projekt.vombat.ee\/eco\/wp-content\/uploads\/2023\/03\/ECOCRUISER_5.png","contentUrl":"https:\/\/projekt.vombat.ee\/eco\/wp-content\/uploads\/2023\/03\/ECOCRUISER_5.png","width":234,"height":91,"caption":"Ecocruiser"},"image":{"@id":"https:\/\/projekt.vombat.ee\/eco\/#\/schema\/logo\/image\/"}}]}},"lang":"fi","translations":{"fi":9206,"et":9032},"pll_sync_post":[],"_links":{"self":[{"href":"https:\/\/projekt.vombat.ee\/eco\/wp-json\/wp\/v2\/product\/9206"}],"collection":[{"href":"https:\/\/projekt.vombat.ee\/eco\/wp-json\/wp\/v2\/product"}],"about":[{"href":"https:\/\/projekt.vombat.ee\/eco\/wp-json\/wp\/v2\/types\/product"}],"version-history":[{"count":1,"href":"https:\/\/projekt.vombat.ee\/eco\/wp-json\/wp\/v2\/product\/9206\/revisions"}],"predecessor-version":[{"id":9215,"href":"https:\/\/projekt.vombat.ee\/eco\/wp-json\/wp\/v2\/product\/9206\/revisions\/9215"}],"wp:featuredmedia":[{"embeddable":true,"href":"https:\/\/projekt.vombat.ee\/eco\/wp-json\/wp\/v2\/media\/9207"}],"wp:attachment":[{"href":"https:\/\/projekt.vombat.ee\/eco\/wp-json\/wp\/v2\/media?parent=9206"}],"wp:term":[{"taxonomy":"product_cat","embeddable":true,"href":"https:\/\/projekt.vombat.ee\/eco\/wp-json\/wp\/v2\/product_cat?post=9206"},{"taxonomy":"product_tag","embeddable":true,"href":"https:\/\/projekt.vombat.ee\/eco\/wp-json\/wp\/v2\/product_tag?post=9206"}],"curies":[{"name":"wp","href":"https:\/\/api.w.org\/{rel}","templated":true}]}}