{"id":9191,"date":"2023-05-03T13:03:07","date_gmt":"2023-05-03T13:03:07","guid":{"rendered":"https:\/\/projekt.vombat.ee\/eco\/?post_type=product&#038;p=9191"},"modified":"2023-05-03T13:10:29","modified_gmt":"2023-05-03T13:10:29","slug":"fafrees-f20-light-110km","status":"publish","type":"product","link":"https:\/\/projekt.vombat.ee\/eco\/fi\/myym%C3%A4l%C3%A4\/sahkopyorat\/taitettavat-sahkopyorat\/fafrees-f20-light-110km\/","title":{"rendered":"Fafrees F20 Light, 110km"},"content":{"rendered":"<p><img fetchpriority=\"high\" decoding=\"async\" class=\"\" src=\"https:\/\/cdn.shopify.com\/s\/files\/1\/0559\/8491\/4624\/files\/6391ace427ade714b70fb966024ae804_bb31a6d4-7415-42cf-972a-7eaa1193a3a0.jpg?v=1681794515\" alt=\"\" width=\"883\" height=\"552\" \/><\/p>\n<h3>250 W vaihdenapamoottori<\/h3>\n<p>250 W:n harjaton moottori maksimiv\u00e4\u00e4nt\u00f6momentilla 35 N.M \u00e4lykk\u00e4\u00e4ll\u00e4 ohjaimella antaa maksiminopeuden 25 km\/h. Huipputeho voi nousta 437 wattiin, ja se on suunniteltu talon sis\u00e4ll\u00e4 auttamaan sinua ajamaan ter\u00e4v\u00e4mmin pienemmill\u00e4 nopeuksilla. Takavetomoottori on helpompi k\u00e4sitell\u00e4, tarjoaa paremman pidon ja vaatii v\u00e4hemm\u00e4n huoltoa.<\/p>\n<h3>Irrotettava 36V 14,5Ah akku<\/h3>\n<p>Suuren kapasiteetin 14,5 Ah akku pident\u00e4\u00e4 ajomatkaa jopa 110 kilometriin yhdell\u00e4 latauksella aputilassa. Ota se kotiin ja lataa se milloin haluat. Voit valita kolmesta tukitilasta \u2013 s\u00e4hk\u00f6inen, s\u00e4hk\u00f6inen ja ty\u00f6tila.<\/p>\n<h3>Vedenpit\u00e4v\u00e4 LCD-n\u00e4ytt\u00f6<\/h3>\n<p>Suurin\u00e4ytt\u00f6inen vedenpit\u00e4v\u00e4 LCD-n\u00e4ytt\u00f6 n\u00e4ytt\u00e4\u00e4 erilaisia \u200b\u200btietoja, kuten nopeuden, akun, ajokilometrit ja vaihteet. Siin\u00e4 on k\u00e4velyaputila ja vakionopeuss\u00e4\u00e4din, jotka auttavat sinua ajamaan milloin tahansa.<\/p>\n<h3>Shimano 7-vaihteinen vaihteisto<\/h3>\n<p>Shimanon 7-nopeuksinen vaihtaja ja vaihtaja tarjoavat tarkan ja tasaisen vaihtamisen kauttaaltaan varmistaen, ett\u00e4 voimansiirto pysyy herkk\u00e4n\u00e4 ajan my\u00f6t\u00e4.<\/p>\n<h3>Mekaaniset levyjarrut<\/h3>\n<p>Makaavilla moottoripy\u00f6rill\u00e4 on oltava vakava pys\u00e4ytysvoima. Siksi varusimme t\u00e4m\u00e4n py\u00f6r\u00e4n vaihdettavilla jarruvivuilla ja suurilla roottorilla. Sinulla on hallinta ja luottamus pys\u00e4hty\u00e4 juuri silloin, kun sinun on tarpeen.<\/p>\n<h3>Taitettava kehys<\/h3>\n<p>Taittuu alle 30 sekunnissa. L\u00e4pimenev\u00e4n rungon avulla voit mukavasti polkea ja seist\u00e4 rungon yl\u00e4puolella. Kevyist\u00e4 komponenteista koostuvan kompaktin rakenteen ansiosta s\u00e4hk\u00f6py\u00f6r\u00e4 on helppo tiivist\u00e4\u00e4 kuljetusajoneuvoon ja se vie siin\u00e4 v\u00e4h\u00e4n tilaa. S\u00e4\u00e4dett\u00e4v\u00e4n nostimen avulla voit mukauttaa istuvuuttasi ohjaustangon ja istuinputkien avulla, jotka liikkuvat sis\u00e4\u00e4n ja ulos mukavuuden vuoksi.<\/p>\n<h3>Ajoturvallisuus y\u00f6ll\u00e4<\/h3>\n<p>LED-etuvalo ja takajarruvalo takaavat y\u00f6ajon turvallisuuden.<\/p>\n<h3>Kaunis muotoilu<\/h3>\n<p>20 tuuman py\u00f6r\u00e4t ovat joustavia ja ketter\u00e4t, mik\u00e4 tekee niist\u00e4 mukavia raskaassa kaupunkiliikenteess\u00e4. Tukevaan takalaukun telineeseen voidaan kiinnitt\u00e4\u00e4 erilaisia \u200b\u200bpolkupy\u00f6r\u00e4n takapenkin laukkuja ja koreja. F20-valo on varustettu etu- ja takalokasuojalla ja tukee t\u00e4ysin s\u00e4hk\u00f6ist\u00e4 tilaa, joten se on ihanteellinen kaikille matkoille.<\/p>\n<h3>Mitat<\/h3>\n<p>S\u00e4\u00e4dett\u00e4v\u00e4 istuin tekee siit\u00e4 ihanteellisen teini-ik\u00e4isille ja aikuisille, joiden pituus on 155-195 cm ja enimm\u00e4iskuorma 120 kg.<\/p>\n<p><img decoding=\"async\" class=\"\" src=\"https:\/\/cdn.shopify.com\/s\/files\/1\/0559\/8491\/4624\/files\/9_792fecbf-7263-42cd-adb9-02a8403e4c1e.jpg?v=1676008702\" width=\"588\" height=\"588\" \/><\/p>\n<h3>Mit\u00e4 laatikossa on?<\/h3>\n<p>Ebike*1 ja osat*1<br \/>\nAkkulaturi*1<br \/>\nTy\u00f6kalusarja*1<br \/>\nK\u00e4ytt\u00f6opas*1<\/p>\n<p><img decoding=\"async\" src=\"https:\/\/cdn.shopify.com\/s\/files\/1\/0559\/8491\/4624\/files\/fafreespackage.jpg?v=1670381212\" \/><\/p>\n<h3>Tiedot<\/h3>\n<p>Moottori: 250W<\/p>\n<p>Akku: 36V\/14,5Ah litiumakku<\/p>\n<p>Ajettu: 110 km<\/p>\n<p>Suurin nopeus: 25 km\/h<\/p>\n<p>Renkaat: 20*1.95 renkaat<\/p>\n<p>Suurin kantavuus: 120 kg<\/p>\n","protected":false},"excerpt":{"rendered":"<p>Koko perheen p\u00e4ivitt\u00e4iseen k\u00e4ytt\u00f6\u00f6n suunniteltu Fafrees F20 Light kompakti s\u00e4hk\u00f6py\u00f6r\u00e4 on suunniteltu kaupunki- ja maantieajoon. Taitettava, kannettava, s\u00e4ilytett\u00e4v\u00e4 ja k\u00e4tev\u00e4. 20 tuuman renkaat, 250 W moottori, 14,5 Ah suuri akku, Shimano 7-vaihteinen vaihtaja sek\u00e4 s\u00e4\u00e4dett\u00e4v\u00e4 ohjaustanko ja istuin tekev\u00e4t siit\u00e4 loistavan s\u00e4hk\u00f6py\u00f6r\u00e4n.<\/p>\n<p>&nbsp;<\/p>\n<ul>\n<li>Moottori: 250W<\/li>\n<li>Akku: 36V\/14,5Ah litiumakku<\/li>\n<li>Ajettu: 110 km<\/li>\n<li>Suurin nopeus: 25 km\/h<\/li>\n<li>Renkaat: 20*1.95 renkaat<\/li>\n<li>Suurin kantavuus: 120 kg<\/li>\n<\/ul>\n<p>&nbsp;<\/p>\n<p><strong>\u2666 Toimitusaika 2-7 p\u00e4iv\u00e4\u00e4<\/strong><br \/>\n<strong>\u2666 Varastossa<\/strong><\/p>\n","protected":false},"featured_media":9192,"template":"","meta":[],"product_cat":[983,979,981],"product_tag":[],"class_list":{"0":"post-9191","1":"product","2":"type-product","3":"status-publish","4":"has-post-thumbnail","6":"product_cat-sahkokaupunkipyorat","7":"product_cat-sahkopyorat","8":"product_cat-taitettavat-sahkopyorat","9":"product_shipping_class-suured-pakid","11":"first","12":"instock","13":"sale","14":"taxable","15":"shipping-taxable","16":"purchasable","17":"product-type-variable"},"yoast_head":"<!-- This site is optimized with the Yoast SEO plugin v23.8 - https:\/\/yoast.com\/wordpress\/plugins\/seo\/ -->\n<title>Fafrees F20 Light, 110km - Ecocruiser<\/title>\n<meta name=\"description\" content=\"Koko perheen p\u00e4ivitt\u00e4iseen k\u00e4ytt\u00f6\u00f6n suunniteltu Fafrees F20 Light kompakti s\u00e4hk\u00f6py\u00f6r\u00e4 on suunniteltu kaupunki- ja maantieajoon. Taitettava, kannettava, s\u00e4ilytett\u00e4v\u00e4 ja k\u00e4tev\u00e4. 20 tuuman renkaat, 250 W moottori, 14,5 Ah suuri akku, Shimano 7-vaihteinen vaihtaja sek\u00e4 s\u00e4\u00e4dett\u00e4v\u00e4 ohjaustanko ja istuin tekev\u00e4t siit\u00e4 loistavan s\u00e4hk\u00f6py\u00f6r\u00e4n.\" \/>\n<meta name=\"robots\" content=\"noindex, follow, max-snippet:-1, max-image-preview:large, max-video-preview:-1\" \/>\n<meta property=\"og:locale\" content=\"en_GB\" \/>\n<meta property=\"og:type\" content=\"article\" \/>\n<meta property=\"og:title\" content=\"Fafrees F20 Light, 110km - Ecocruiser\" \/>\n<meta property=\"og:description\" content=\"Koko perheen p\u00e4ivitt\u00e4iseen k\u00e4ytt\u00f6\u00f6n suunniteltu Fafrees F20 Light kompakti s\u00e4hk\u00f6py\u00f6r\u00e4 on suunniteltu kaupunki- ja maantieajoon. Taitettava, kannettava, s\u00e4ilytett\u00e4v\u00e4 ja k\u00e4tev\u00e4. 20 tuuman renkaat, 250 W moottori, 14,5 Ah suuri akku, Shimano 7-vaihteinen vaihtaja sek\u00e4 s\u00e4\u00e4dett\u00e4v\u00e4 ohjaustanko ja istuin tekev\u00e4t siit\u00e4 loistavan s\u00e4hk\u00f6py\u00f6r\u00e4n.\" \/>\n<meta property=\"og:url\" content=\"https:\/\/projekt.vombat.ee\/eco\/fi\/myym\u00e4l\u00e4\/sahkopyorat\/taitettavat-sahkopyorat\/fafrees-f20-light-110km\/\" \/>\n<meta property=\"og:site_name\" content=\"Ecocruiser\" \/>\n<meta property=\"article:modified_time\" content=\"2023-05-03T13:10:29+00:00\" \/>\n<meta property=\"og:image\" content=\"https:\/\/projekt.vombat.ee\/eco\/wp-content\/uploads\/2023\/04\/1-13.webp\" \/>\n\t<meta property=\"og:image:width\" content=\"720\" \/>\n\t<meta property=\"og:image:height\" content=\"720\" \/>\n\t<meta property=\"og:image:type\" content=\"image\/webp\" \/>\n<meta name=\"twitter:card\" content=\"summary_large_image\" \/>\n<meta name=\"twitter:label1\" content=\"Estimated reading time\" \/>\n\t<meta name=\"twitter:data1\" content=\"3 minutes\" \/>\n<script type=\"application\/ld+json\" class=\"yoast-schema-graph\">{\"@context\":\"https:\/\/schema.org\",\"@graph\":[{\"@type\":\"WebPage\",\"@id\":\"https:\/\/projekt.vombat.ee\/eco\/fi\/myym%C3%A4l%C3%A4\/sahkopyorat\/taitettavat-sahkopyorat\/fafrees-f20-light-110km\/\",\"url\":\"https:\/\/projekt.vombat.ee\/eco\/fi\/myym%C3%A4l%C3%A4\/sahkopyorat\/taitettavat-sahkopyorat\/fafrees-f20-light-110km\/\",\"name\":\"Fafrees F20 Light, 110km - Ecocruiser\",\"isPartOf\":{\"@id\":\"https:\/\/projekt.vombat.ee\/eco\/#website\"},\"primaryImageOfPage\":{\"@id\":\"https:\/\/projekt.vombat.ee\/eco\/fi\/myym%C3%A4l%C3%A4\/sahkopyorat\/taitettavat-sahkopyorat\/fafrees-f20-light-110km\/#primaryimage\"},\"image\":{\"@id\":\"https:\/\/projekt.vombat.ee\/eco\/fi\/myym%C3%A4l%C3%A4\/sahkopyorat\/taitettavat-sahkopyorat\/fafrees-f20-light-110km\/#primaryimage\"},\"thumbnailUrl\":\"https:\/\/projekt.vombat.ee\/eco\/wp-content\/uploads\/2023\/04\/1-13.webp\",\"datePublished\":\"2023-05-03T13:03:07+00:00\",\"dateModified\":\"2023-05-03T13:10:29+00:00\",\"description\":\"Koko perheen p\u00e4ivitt\u00e4iseen k\u00e4ytt\u00f6\u00f6n suunniteltu Fafrees F20 Light kompakti s\u00e4hk\u00f6py\u00f6r\u00e4 on suunniteltu kaupunki- ja maantieajoon. Taitettava, kannettava, s\u00e4ilytett\u00e4v\u00e4 ja k\u00e4tev\u00e4. 20 tuuman renkaat, 250 W moottori, 14,5 Ah suuri akku, Shimano 7-vaihteinen vaihtaja sek\u00e4 s\u00e4\u00e4dett\u00e4v\u00e4 ohjaustanko ja istuin tekev\u00e4t siit\u00e4 loistavan s\u00e4hk\u00f6py\u00f6r\u00e4n.\",\"breadcrumb\":{\"@id\":\"https:\/\/projekt.vombat.ee\/eco\/fi\/myym%C3%A4l%C3%A4\/sahkopyorat\/taitettavat-sahkopyorat\/fafrees-f20-light-110km\/#breadcrumb\"},\"inLanguage\":\"en-GB\",\"potentialAction\":[{\"@type\":\"ReadAction\",\"target\":[\"https:\/\/projekt.vombat.ee\/eco\/fi\/myym%C3%A4l%C3%A4\/sahkopyorat\/taitettavat-sahkopyorat\/fafrees-f20-light-110km\/\"]}]},{\"@type\":\"ImageObject\",\"inLanguage\":\"en-GB\",\"@id\":\"https:\/\/projekt.vombat.ee\/eco\/fi\/myym%C3%A4l%C3%A4\/sahkopyorat\/taitettavat-sahkopyorat\/fafrees-f20-light-110km\/#primaryimage\",\"url\":\"https:\/\/projekt.vombat.ee\/eco\/wp-content\/uploads\/2023\/04\/1-13.webp\",\"contentUrl\":\"https:\/\/projekt.vombat.ee\/eco\/wp-content\/uploads\/2023\/04\/1-13.webp\",\"width\":720,\"height\":720,\"caption\":\"Fafrees F20 Light\"},{\"@type\":\"BreadcrumbList\",\"@id\":\"https:\/\/projekt.vombat.ee\/eco\/fi\/myym%C3%A4l%C3%A4\/sahkopyorat\/taitettavat-sahkopyorat\/fafrees-f20-light-110km\/#breadcrumb\",\"itemListElement\":[{\"@type\":\"ListItem\",\"position\":1,\"name\":\"Home\",\"item\":\"https:\/\/projekt.vombat.ee\/eco\/\"},{\"@type\":\"ListItem\",\"position\":2,\"name\":\"Pood\",\"item\":\"https:\/\/projekt.vombat.ee\/eco\/pood\/\"},{\"@type\":\"ListItem\",\"position\":3,\"name\":\"Fafrees F20 Light, 110km\"}]},{\"@type\":\"WebSite\",\"@id\":\"https:\/\/projekt.vombat.ee\/eco\/#website\",\"url\":\"https:\/\/projekt.vombat.ee\/eco\/\",\"name\":\"Ecocruiser\",\"description\":\"\",\"publisher\":{\"@id\":\"https:\/\/projekt.vombat.ee\/eco\/#organization\"},\"potentialAction\":[{\"@type\":\"SearchAction\",\"target\":{\"@type\":\"EntryPoint\",\"urlTemplate\":\"https:\/\/projekt.vombat.ee\/eco\/?s={search_term_string}\"},\"query-input\":{\"@type\":\"PropertyValueSpecification\",\"valueRequired\":true,\"valueName\":\"search_term_string\"}}],\"inLanguage\":\"en-GB\"},{\"@type\":\"Organization\",\"@id\":\"https:\/\/projekt.vombat.ee\/eco\/#organization\",\"name\":\"Ecocruiser\",\"url\":\"https:\/\/projekt.vombat.ee\/eco\/\",\"logo\":{\"@type\":\"ImageObject\",\"inLanguage\":\"en-GB\",\"@id\":\"https:\/\/projekt.vombat.ee\/eco\/#\/schema\/logo\/image\/\",\"url\":\"https:\/\/projekt.vombat.ee\/eco\/wp-content\/uploads\/2023\/03\/ECOCRUISER_5.png\",\"contentUrl\":\"https:\/\/projekt.vombat.ee\/eco\/wp-content\/uploads\/2023\/03\/ECOCRUISER_5.png\",\"width\":234,\"height\":91,\"caption\":\"Ecocruiser\"},\"image\":{\"@id\":\"https:\/\/projekt.vombat.ee\/eco\/#\/schema\/logo\/image\/\"}}]}<\/script>\n<!-- \/ Yoast SEO plugin. -->","yoast_head_json":{"title":"Fafrees F20 Light, 110km - Ecocruiser","description":"Koko perheen p\u00e4ivitt\u00e4iseen k\u00e4ytt\u00f6\u00f6n suunniteltu Fafrees F20 Light kompakti s\u00e4hk\u00f6py\u00f6r\u00e4 on suunniteltu kaupunki- ja maantieajoon. Taitettava, kannettava, s\u00e4ilytett\u00e4v\u00e4 ja k\u00e4tev\u00e4. 20 tuuman renkaat, 250 W moottori, 14,5 Ah suuri akku, Shimano 7-vaihteinen vaihtaja sek\u00e4 s\u00e4\u00e4dett\u00e4v\u00e4 ohjaustanko ja istuin tekev\u00e4t siit\u00e4 loistavan s\u00e4hk\u00f6py\u00f6r\u00e4n.","robots":{"index":"noindex","follow":"follow","max-snippet":"max-snippet:-1","max-image-preview":"max-image-preview:large","max-video-preview":"max-video-preview:-1"},"og_locale":"en_GB","og_type":"article","og_title":"Fafrees F20 Light, 110km - Ecocruiser","og_description":"Koko perheen p\u00e4ivitt\u00e4iseen k\u00e4ytt\u00f6\u00f6n suunniteltu Fafrees F20 Light kompakti s\u00e4hk\u00f6py\u00f6r\u00e4 on suunniteltu kaupunki- ja maantieajoon. Taitettava, kannettava, s\u00e4ilytett\u00e4v\u00e4 ja k\u00e4tev\u00e4. 20 tuuman renkaat, 250 W moottori, 14,5 Ah suuri akku, Shimano 7-vaihteinen vaihtaja sek\u00e4 s\u00e4\u00e4dett\u00e4v\u00e4 ohjaustanko ja istuin tekev\u00e4t siit\u00e4 loistavan s\u00e4hk\u00f6py\u00f6r\u00e4n.","og_url":"https:\/\/projekt.vombat.ee\/eco\/fi\/myym\u00e4l\u00e4\/sahkopyorat\/taitettavat-sahkopyorat\/fafrees-f20-light-110km\/","og_site_name":"Ecocruiser","article_modified_time":"2023-05-03T13:10:29+00:00","og_image":[{"width":720,"height":720,"url":"https:\/\/projekt.vombat.ee\/eco\/wp-content\/uploads\/2023\/04\/1-13.webp","type":"image\/webp"}],"twitter_card":"summary_large_image","twitter_misc":{"Estimated reading time":"3 minutes"},"schema":{"@context":"https:\/\/schema.org","@graph":[{"@type":"WebPage","@id":"https:\/\/projekt.vombat.ee\/eco\/fi\/myym%C3%A4l%C3%A4\/sahkopyorat\/taitettavat-sahkopyorat\/fafrees-f20-light-110km\/","url":"https:\/\/projekt.vombat.ee\/eco\/fi\/myym%C3%A4l%C3%A4\/sahkopyorat\/taitettavat-sahkopyorat\/fafrees-f20-light-110km\/","name":"Fafrees F20 Light, 110km - Ecocruiser","isPartOf":{"@id":"https:\/\/projekt.vombat.ee\/eco\/#website"},"primaryImageOfPage":{"@id":"https:\/\/projekt.vombat.ee\/eco\/fi\/myym%C3%A4l%C3%A4\/sahkopyorat\/taitettavat-sahkopyorat\/fafrees-f20-light-110km\/#primaryimage"},"image":{"@id":"https:\/\/projekt.vombat.ee\/eco\/fi\/myym%C3%A4l%C3%A4\/sahkopyorat\/taitettavat-sahkopyorat\/fafrees-f20-light-110km\/#primaryimage"},"thumbnailUrl":"https:\/\/projekt.vombat.ee\/eco\/wp-content\/uploads\/2023\/04\/1-13.webp","datePublished":"2023-05-03T13:03:07+00:00","dateModified":"2023-05-03T13:10:29+00:00","description":"Koko perheen p\u00e4ivitt\u00e4iseen k\u00e4ytt\u00f6\u00f6n suunniteltu Fafrees F20 Light kompakti s\u00e4hk\u00f6py\u00f6r\u00e4 on suunniteltu kaupunki- ja maantieajoon. Taitettava, kannettava, s\u00e4ilytett\u00e4v\u00e4 ja k\u00e4tev\u00e4. 20 tuuman renkaat, 250 W moottori, 14,5 Ah suuri akku, Shimano 7-vaihteinen vaihtaja sek\u00e4 s\u00e4\u00e4dett\u00e4v\u00e4 ohjaustanko ja istuin tekev\u00e4t siit\u00e4 loistavan s\u00e4hk\u00f6py\u00f6r\u00e4n.","breadcrumb":{"@id":"https:\/\/projekt.vombat.ee\/eco\/fi\/myym%C3%A4l%C3%A4\/sahkopyorat\/taitettavat-sahkopyorat\/fafrees-f20-light-110km\/#breadcrumb"},"inLanguage":"en-GB","potentialAction":[{"@type":"ReadAction","target":["https:\/\/projekt.vombat.ee\/eco\/fi\/myym%C3%A4l%C3%A4\/sahkopyorat\/taitettavat-sahkopyorat\/fafrees-f20-light-110km\/"]}]},{"@type":"ImageObject","inLanguage":"en-GB","@id":"https:\/\/projekt.vombat.ee\/eco\/fi\/myym%C3%A4l%C3%A4\/sahkopyorat\/taitettavat-sahkopyorat\/fafrees-f20-light-110km\/#primaryimage","url":"https:\/\/projekt.vombat.ee\/eco\/wp-content\/uploads\/2023\/04\/1-13.webp","contentUrl":"https:\/\/projekt.vombat.ee\/eco\/wp-content\/uploads\/2023\/04\/1-13.webp","width":720,"height":720,"caption":"Fafrees F20 Light"},{"@type":"BreadcrumbList","@id":"https:\/\/projekt.vombat.ee\/eco\/fi\/myym%C3%A4l%C3%A4\/sahkopyorat\/taitettavat-sahkopyorat\/fafrees-f20-light-110km\/#breadcrumb","itemListElement":[{"@type":"ListItem","position":1,"name":"Home","item":"https:\/\/projekt.vombat.ee\/eco\/"},{"@type":"ListItem","position":2,"name":"Pood","item":"https:\/\/projekt.vombat.ee\/eco\/pood\/"},{"@type":"ListItem","position":3,"name":"Fafrees F20 Light, 110km"}]},{"@type":"WebSite","@id":"https:\/\/projekt.vombat.ee\/eco\/#website","url":"https:\/\/projekt.vombat.ee\/eco\/","name":"Ecocruiser","description":"","publisher":{"@id":"https:\/\/projekt.vombat.ee\/eco\/#organization"},"potentialAction":[{"@type":"SearchAction","target":{"@type":"EntryPoint","urlTemplate":"https:\/\/projekt.vombat.ee\/eco\/?s={search_term_string}"},"query-input":{"@type":"PropertyValueSpecification","valueRequired":true,"valueName":"search_term_string"}}],"inLanguage":"en-GB"},{"@type":"Organization","@id":"https:\/\/projekt.vombat.ee\/eco\/#organization","name":"Ecocruiser","url":"https:\/\/projekt.vombat.ee\/eco\/","logo":{"@type":"ImageObject","inLanguage":"en-GB","@id":"https:\/\/projekt.vombat.ee\/eco\/#\/schema\/logo\/image\/","url":"https:\/\/projekt.vombat.ee\/eco\/wp-content\/uploads\/2023\/03\/ECOCRUISER_5.png","contentUrl":"https:\/\/projekt.vombat.ee\/eco\/wp-content\/uploads\/2023\/03\/ECOCRUISER_5.png","width":234,"height":91,"caption":"Ecocruiser"},"image":{"@id":"https:\/\/projekt.vombat.ee\/eco\/#\/schema\/logo\/image\/"}}]}},"lang":"fi","translations":{"fi":9191,"et":8957},"pll_sync_post":[],"_links":{"self":[{"href":"https:\/\/projekt.vombat.ee\/eco\/wp-json\/wp\/v2\/product\/9191"}],"collection":[{"href":"https:\/\/projekt.vombat.ee\/eco\/wp-json\/wp\/v2\/product"}],"about":[{"href":"https:\/\/projekt.vombat.ee\/eco\/wp-json\/wp\/v2\/types\/product"}],"version-history":[{"count":1,"href":"https:\/\/projekt.vombat.ee\/eco\/wp-json\/wp\/v2\/product\/9191\/revisions"}],"predecessor-version":[{"id":9205,"href":"https:\/\/projekt.vombat.ee\/eco\/wp-json\/wp\/v2\/product\/9191\/revisions\/9205"}],"wp:featuredmedia":[{"embeddable":true,"href":"https:\/\/projekt.vombat.ee\/eco\/wp-json\/wp\/v2\/media\/9192"}],"wp:attachment":[{"href":"https:\/\/projekt.vombat.ee\/eco\/wp-json\/wp\/v2\/media?parent=9191"}],"wp:term":[{"taxonomy":"product_cat","embeddable":true,"href":"https:\/\/projekt.vombat.ee\/eco\/wp-json\/wp\/v2\/product_cat?post=9191"},{"taxonomy":"product_tag","embeddable":true,"href":"https:\/\/projekt.vombat.ee\/eco\/wp-json\/wp\/v2\/product_tag?post=9191"}],"curies":[{"name":"wp","href":"https:\/\/api.w.org\/{rel}","templated":true}]}}