{"id":9177,"date":"2023-05-03T12:40:54","date_gmt":"2023-05-03T12:40:54","guid":{"rendered":"https:\/\/projekt.vombat.ee\/eco\/?post_type=product&#038;p=9177"},"modified":"2024-05-02T16:54:29","modified_gmt":"2024-05-02T16:54:29","slug":"fafrees-f20-130km","status":"publish","type":"product","link":"https:\/\/projekt.vombat.ee\/eco\/fi\/myym%C3%A4l%C3%A4\/sahkopyorat\/taitettavat-sahkopyorat\/fafrees-f20-130km\/","title":{"rendered":"Fafrees F20, 130km"},"content":{"rendered":"<h3>Fafrees F20<\/h3>\n<h3><img fetchpriority=\"high\" decoding=\"async\" class=\"msub_k4 mupj_5k mjru_k4 mse2_k4 mp7g_f6 mq1m_0 mj7u_0 m7er_k4 lazyloaded\" src=\"https:\/\/a.allegroimg.com\/original\/1142a8\/244d124c46a49a6b17e38c5b4c04\/Rower-elektryczny-skladany-20-Cali-Fat-tire-16AH-Engine-Power-250-W\" sizes=\"100vw\" srcset=\"https:\/\/a.allegroimg.com\/s360\/1142a8\/244d124c46a49a6b17e38c5b4c04\/Rower-elektryczny-skladany-20-Cali-Fat-tire-16AH-Engine-Power-250-W 360w,https:\/\/a.allegroimg.com\/s720\/1142a8\/244d124c46a49a6b17e38c5b4c04\/Rower-elektryczny-skladany-20-Cali-Fat-tire-16AH-Engine-Power-250-W 720w,https:\/\/a.allegroimg.com\/s1024\/1142a8\/244d124c46a49a6b17e38c5b4c04\/Rower-elektryczny-skladany-20-Cali-Fat-tire-16AH-Engine-Power-250-W 1000w,https:\/\/a.allegroimg.com\/original\/1142a8\/244d124c46a49a6b17e38c5b4c04\/Rower-elektryczny-skladany-20-Cali-Fat-tire-16AH-Engine-Power-250-W 1000w\" alt=\"Rower elektryczny sk\u0142adany 20 Cali Fat tire 16AH Engine Power 250 W\" width=\"700\" height=\"700\" data-src=\"https:\/\/a.allegroimg.com\/original\/1142a8\/244d124c46a49a6b17e38c5b4c04\/Rower-elektryczny-skladany-20-Cali-Fat-tire-16AH-Engine-Power-250-W\" data-srcset=\"https:\/\/a.allegroimg.com\/s360\/1142a8\/244d124c46a49a6b17e38c5b4c04\/Rower-elektryczny-skladany-20-Cali-Fat-tire-16AH-Engine-Power-250-W 360w,https:\/\/a.allegroimg.com\/s720\/1142a8\/244d124c46a49a6b17e38c5b4c04\/Rower-elektryczny-skladany-20-Cali-Fat-tire-16AH-Engine-Power-250-W 720w,https:\/\/a.allegroimg.com\/s1024\/1142a8\/244d124c46a49a6b17e38c5b4c04\/Rower-elektryczny-skladany-20-Cali-Fat-tire-16AH-Engine-Power-250-W 1000w,https:\/\/a.allegroimg.com\/original\/1142a8\/244d124c46a49a6b17e38c5b4c04\/Rower-elektryczny-skladany-20-Cali-Fat-tire-16AH-Engine-Power-250-W 1000w\" \/><\/h3>\n<h3>Eritt\u00e4in pitk\u00e4 akunkesto<\/h3>\n<p>varustettu edistyneell\u00e4 36V 16AH Li-ion akulla, t\u00e4ysi lataus vain 5-6 tunnissa, maksimikantama puhtaaseen tehoon jopa 60-80 km ja huippunopeus jopa 25 km\/h. Akku on irrotettava, joten sit\u00e4 voidaan ladata sek\u00e4 rungon sis\u00e4ll\u00e4 ett\u00e4 ulkopuolella.<\/p>\n<h3>7 nopeutta<\/h3>\n<p>F20:ss\u00e4 on 7-nopeuksinen ammattivaihteisto, runkoon kiinnitetty vaihtaja korroosionestopinnoitteella ja ohjaustankoon integroitu vaihtajan kahva. Pehme\u00e4 7-vaihteinen sarja mahdollistaa helpon vaihtamisen ja polkemisen lennossa miss\u00e4 tahansa maastossa.<\/p>\n<h3>3 ajotilaa<\/h3>\n<p>250 W:n moottori tarjoaa F20:n ajovoiman. Saat vakaan ja mukavan ajokokemuksen sen kolmella ajotilalla: tehotila, py\u00f6r\u00e4tila ja mopotila. Sinun teht\u00e4v\u00e4si on lis\u00e4t\u00e4 kaasupolkimen nopeutta!<\/p>\n<h3>20&#8243;* 3.0 py\u00f6r\u00e4t luistonestorenkailla<\/h3>\n<p>20&#8243; py\u00f6r\u00e4t tekev\u00e4t F20:sta t\u00e4ydellisen, tehokkaan ja taloudellisen kulkuv\u00e4lineen t\u00f6ihin, kouluun tai kaupunkiin.<\/p>\n<p>Mekaaniset levyjarrut ja kirkas LED-ajovalo on varustettu y\u00f6ajoa varten.<\/p>\n<h3>Etujousitus ja Shimano-vaihtaja<\/h3>\n<p>F20 tarjoaa erinomaisen mukavuuden \u00f6ljyjousitushaarukan ansiosta. Shimanon 7-vaihteinen vaihtaja varmistaa tarkan ja tasaisen vaihtamisen.<\/p>\n<p><img decoding=\"async\" class=\"\" src=\"https:\/\/cdn.shopify.com\/s\/files\/1\/0559\/8491\/4624\/files\/4_e730e319-c097-4880-b33d-3f6196f5fa6d.jpg?v=1669969256\" width=\"493\" height=\"493\" \/><\/p>\n<h3>\u00c4lyk\u00e4s LCD-n\u00e4ytt\u00f6<\/h3>\n<p>Suuri LCD-\u00e4lyn\u00e4ytt\u00f6 n\u00e4ytt\u00e4\u00e4 erilaisia \u200b\u200btietoja, kuten nopeuden, akun, ajokilometrit ja vaihteet. Ohjauspaneeliin p\u00e4\u00e4see helposti k\u00e4siksi vaihteiden vaihtamiseksi.<\/p>\n<p><img decoding=\"async\" class=\"\" src=\"https:\/\/cdn.shopify.com\/s\/files\/1\/0559\/8491\/4624\/files\/5_df0bd3a0-7563-4aa4-8c6a-b114916d7ebe.jpg?v=1669969374\" width=\"497\" height=\"497\" \/><\/p>\n<h3>\nTiedot<\/h3>\n<p>Rungon materiaali: alumiiniseos<\/p>\n<p>Rengastyyppi: 20&#8243;* 3.0 ilmarengas<\/p>\n<p>Suurin ajonopeus: 25\/35 km\/h<\/p>\n<p>Suurin ajo avustustilassa: 100-130 KM<\/p>\n<p>Suurin toimintas\u00e4de s\u00e4hk\u00f6ll\u00e4: 60-80 km<\/p>\n<p>Suurin nousunopeus: 25 astetta<\/p>\n<p>V\u00e4ri punainen<\/p>\n<h3>Moottori:<\/h3>\n<p>Moottorin teho: 250W<br \/>\nHuipputeho: 350W<br \/>\nVetotyyppi: Takaveto<\/p>\n<h3>Akku:<\/h3>\n<p>Akkutyyppi 21700 litiumioni<br \/>\nAkun kapasiteetti (AH) 36V 16AH<\/p>\n<h3>Laturi:<\/h3>\n<p>Tuloj\u00e4nnite (V) 100-240V<br \/>\nLatausaika 7-8 tuntia<br \/>\nVaihteisto: SHIMANO 7S<\/p>\n<p>N\u00e4ytt\u00f6: LCD-n\u00e4ytt\u00f6<\/p>\n<p>Jarru: mekaaninen levyjarru<\/p>\n<p>Ohjain: \u00c4lyk\u00e4s ohjausj\u00e4rjestelm\u00e4 3 nopeudella<\/p>\n<p>Ajotila: manuaalinen \/ avustettu \/ vain moottori<\/p>\n<p>K\u00e4ytt\u00f6l\u00e4mp\u00f6tila: -10\u00b0C &#8211; 40\u00b0C<\/p>\n<h3>Paketti sis\u00e4lt\u00e4\u00e4<\/h3>\n<p>S\u00e4hk\u00f6py\u00f6r\u00e4 * 1<br \/>\nLaturi * 1<br \/>\nTy\u00f6kalut * 1<br \/>\nJalkapoljin * 2<br \/>\nK\u00e4ytt\u00f6ohje *1<\/p>\n<h3>Mitat:<\/h3>\n<p>Koko purkamisen j\u00e4lkeen: 174 * 60 * 118 cm<\/p>\n<p>Koko taitettuna: 88 * 38 * 70 cm<\/p>\n<p>Rengaskoko: 20&#8243;* 3,0<\/p>\n<p>Suositeltu ratsastajan pituus: 160-195 cm<\/p>\n<h3>Paino:<\/h3>\n<p>Nettopaino: 26 kg<\/p>\n<p>Akun paino: 3,9 kg<\/p>\n<p>Kantavuus: 130 kg<\/p>\n<p><img loading=\"lazy\" decoding=\"async\" class=\"msub_k4 mupj_5k mjru_k4 mse2_k4 mp7g_f6 mq1m_0 mj7u_0 m7er_k4 lazyloaded\" src=\"https:\/\/a.allegroimg.com\/original\/11cbca\/7525bc4d4085932edb86ca7aaf24\/Rower-elektryczny-skladany-20-Cali-Fat-tire-16AH-Manufacturer-s-code-FAFREES-F20-Red-1\" sizes=\"100vw\" srcset=\"https:\/\/a.allegroimg.com\/s360\/11cbca\/7525bc4d4085932edb86ca7aaf24\/Rower-elektryczny-skladany-20-Cali-Fat-tire-16AH-Manufacturer-s-code-FAFREES-F20-Red-1 360w,https:\/\/a.allegroimg.com\/s720\/11cbca\/7525bc4d4085932edb86ca7aaf24\/Rower-elektryczny-skladany-20-Cali-Fat-tire-16AH-Manufacturer-s-code-FAFREES-F20-Red-1 720w,https:\/\/a.allegroimg.com\/s1024\/11cbca\/7525bc4d4085932edb86ca7aaf24\/Rower-elektryczny-skladany-20-Cali-Fat-tire-16AH-Manufacturer-s-code-FAFREES-F20-Red-1 1000w,https:\/\/a.allegroimg.com\/original\/11cbca\/7525bc4d4085932edb86ca7aaf24\/Rower-elektryczny-skladany-20-Cali-Fat-tire-16AH-Manufacturer-s-code-FAFREES-F20-Red-1 1000w\" alt=\"Rower elektryczny sk\u0142adany 20 Cali Fat tire 16AH Manufacturer's code FAFREES-F20-Red-1\" width=\"683\" height=\"683\" data-src=\"https:\/\/a.allegroimg.com\/original\/11cbca\/7525bc4d4085932edb86ca7aaf24\/Rower-elektryczny-skladany-20-Cali-Fat-tire-16AH-Manufacturer-s-code-FAFREES-F20-Red-1\" data-srcset=\"https:\/\/a.allegroimg.com\/s360\/11cbca\/7525bc4d4085932edb86ca7aaf24\/Rower-elektryczny-skladany-20-Cali-Fat-tire-16AH-Manufacturer-s-code-FAFREES-F20-Red-1 360w,https:\/\/a.allegroimg.com\/s720\/11cbca\/7525bc4d4085932edb86ca7aaf24\/Rower-elektryczny-skladany-20-Cali-Fat-tire-16AH-Manufacturer-s-code-FAFREES-F20-Red-1 720w,https:\/\/a.allegroimg.com\/s1024\/11cbca\/7525bc4d4085932edb86ca7aaf24\/Rower-elektryczny-skladany-20-Cali-Fat-tire-16AH-Manufacturer-s-code-FAFREES-F20-Red-1 1000w,https:\/\/a.allegroimg.com\/original\/11cbca\/7525bc4d4085932edb86ca7aaf24\/Rower-elektryczny-skladany-20-Cali-Fat-tire-16AH-Manufacturer-s-code-FAFREES-F20-Red-1 1000w\" \/><\/p>\n","protected":false},"excerpt":{"rendered":"<p><strong>Fafrees F20<\/strong> s\u00e4hk\u00f6py\u00f6r\u00e4. Sopii 160-195 cm pitkille ratsastajille.<\/p>\n<p>&nbsp;<\/p>\n<ul>\n<li>Kantavuus: 130 kg<\/li>\n<li>Maksimi ajo avustustilassa: 100-130 km<\/li>\n<li>Suurin toimintas\u00e4de s\u00e4hk\u00f6ll\u00e4: 60-80 km<\/li>\n<li>Akku: 36V 16AH<\/li>\n<li>Moottorin teho: 250W<\/li>\n<\/ul>\n<p>&nbsp;<\/p>\n<p><strong>\u2666 Toimitusaika 2-6 p\u00e4iv\u00e4\u00e4<\/strong><br \/>\n<strong>\u2666 Varastossa<\/strong><\/p>\n","protected":false},"featured_media":9178,"template":"","meta":[],"product_cat":[983,985,979,981],"product_tag":[],"class_list":{"0":"post-9177","1":"product","2":"type-product","3":"status-publish","4":"has-post-thumbnail","6":"product_cat-sahkokaupunkipyorat","7":"product_cat-sahkomaastopyora","8":"product_cat-sahkopyorat","9":"product_cat-taitettavat-sahkopyorat","10":"product_shipping_class-suured-pakid","12":"first","13":"instock","14":"sale","15":"taxable","16":"shipping-taxable","17":"purchasable","18":"product-type-variable"},"yoast_head":"<!-- This site is optimized with the Yoast SEO plugin v23.8 - https:\/\/yoast.com\/wordpress\/plugins\/seo\/ -->\n<title>Fafrees F20, 130km - Ecocruiser<\/title>\n<meta name=\"description\" content=\"Fafrees F20 s\u00e4hk\u00f6py\u00f6r\u00e4. Sopii 160-195 cm pitkille ratsastajille Kantavuus: 130 kg Maksimiet\u00e4isyys aputilassa: 100-130 km Suurin puhtaasti s\u00e4hk\u00f6inen toimintas\u00e4de: 60-80 km Akku: 36V 16AH Moottorin teho: 250W\" \/>\n<meta name=\"robots\" content=\"noindex, follow, max-snippet:-1, max-image-preview:large, max-video-preview:-1\" \/>\n<meta property=\"og:locale\" content=\"en_GB\" \/>\n<meta property=\"og:type\" content=\"article\" \/>\n<meta property=\"og:title\" content=\"Fafrees F20, 130km - Ecocruiser\" \/>\n<meta property=\"og:description\" content=\"Fafrees F20 s\u00e4hk\u00f6py\u00f6r\u00e4. Sopii 160-195 cm pitkille ratsastajille Kantavuus: 130 kg Maksimiet\u00e4isyys aputilassa: 100-130 km Suurin puhtaasti s\u00e4hk\u00f6inen toimintas\u00e4de: 60-80 km Akku: 36V 16AH Moottorin teho: 250W\" \/>\n<meta property=\"og:url\" content=\"https:\/\/projekt.vombat.ee\/eco\/fi\/myym\u00e4l\u00e4\/sahkopyorat\/taitettavat-sahkopyorat\/fafrees-f20-130km\/\" \/>\n<meta property=\"og:site_name\" content=\"Ecocruiser\" \/>\n<meta property=\"article:modified_time\" content=\"2024-05-02T16:54:29+00:00\" \/>\n<meta property=\"og:image\" content=\"https:\/\/projekt.vombat.ee\/eco\/wp-content\/uploads\/2023\/04\/1-9.webp\" \/>\n\t<meta property=\"og:image:width\" content=\"1600\" \/>\n\t<meta property=\"og:image:height\" content=\"1600\" \/>\n\t<meta property=\"og:image:type\" content=\"image\/webp\" \/>\n<meta name=\"twitter:card\" content=\"summary_large_image\" \/>\n<meta name=\"twitter:label1\" content=\"Estimated reading time\" \/>\n\t<meta name=\"twitter:data1\" content=\"3 minutes\" \/>\n<script type=\"application\/ld+json\" class=\"yoast-schema-graph\">{\"@context\":\"https:\/\/schema.org\",\"@graph\":[{\"@type\":\"WebPage\",\"@id\":\"https:\/\/projekt.vombat.ee\/eco\/fi\/myym%C3%A4l%C3%A4\/sahkopyorat\/taitettavat-sahkopyorat\/fafrees-f20-130km\/\",\"url\":\"https:\/\/projekt.vombat.ee\/eco\/fi\/myym%C3%A4l%C3%A4\/sahkopyorat\/taitettavat-sahkopyorat\/fafrees-f20-130km\/\",\"name\":\"Fafrees F20, 130km - Ecocruiser\",\"isPartOf\":{\"@id\":\"https:\/\/projekt.vombat.ee\/eco\/#website\"},\"primaryImageOfPage\":{\"@id\":\"https:\/\/projekt.vombat.ee\/eco\/fi\/myym%C3%A4l%C3%A4\/sahkopyorat\/taitettavat-sahkopyorat\/fafrees-f20-130km\/#primaryimage\"},\"image\":{\"@id\":\"https:\/\/projekt.vombat.ee\/eco\/fi\/myym%C3%A4l%C3%A4\/sahkopyorat\/taitettavat-sahkopyorat\/fafrees-f20-130km\/#primaryimage\"},\"thumbnailUrl\":\"https:\/\/projekt.vombat.ee\/eco\/wp-content\/uploads\/2023\/04\/1-9.webp\",\"datePublished\":\"2023-05-03T12:40:54+00:00\",\"dateModified\":\"2024-05-02T16:54:29+00:00\",\"description\":\"Fafrees F20 s\u00e4hk\u00f6py\u00f6r\u00e4. Sopii 160-195 cm pitkille ratsastajille Kantavuus: 130 kg Maksimiet\u00e4isyys aputilassa: 100-130 km Suurin puhtaasti s\u00e4hk\u00f6inen toimintas\u00e4de: 60-80 km Akku: 36V 16AH Moottorin teho: 250W\",\"breadcrumb\":{\"@id\":\"https:\/\/projekt.vombat.ee\/eco\/fi\/myym%C3%A4l%C3%A4\/sahkopyorat\/taitettavat-sahkopyorat\/fafrees-f20-130km\/#breadcrumb\"},\"inLanguage\":\"en-GB\",\"potentialAction\":[{\"@type\":\"ReadAction\",\"target\":[\"https:\/\/projekt.vombat.ee\/eco\/fi\/myym%C3%A4l%C3%A4\/sahkopyorat\/taitettavat-sahkopyorat\/fafrees-f20-130km\/\"]}]},{\"@type\":\"ImageObject\",\"inLanguage\":\"en-GB\",\"@id\":\"https:\/\/projekt.vombat.ee\/eco\/fi\/myym%C3%A4l%C3%A4\/sahkopyorat\/taitettavat-sahkopyorat\/fafrees-f20-130km\/#primaryimage\",\"url\":\"https:\/\/projekt.vombat.ee\/eco\/wp-content\/uploads\/2023\/04\/1-9.webp\",\"contentUrl\":\"https:\/\/projekt.vombat.ee\/eco\/wp-content\/uploads\/2023\/04\/1-9.webp\",\"width\":1600,\"height\":1600,\"caption\":\"Fafrees F20\"},{\"@type\":\"BreadcrumbList\",\"@id\":\"https:\/\/projekt.vombat.ee\/eco\/fi\/myym%C3%A4l%C3%A4\/sahkopyorat\/taitettavat-sahkopyorat\/fafrees-f20-130km\/#breadcrumb\",\"itemListElement\":[{\"@type\":\"ListItem\",\"position\":1,\"name\":\"Home\",\"item\":\"https:\/\/projekt.vombat.ee\/eco\/\"},{\"@type\":\"ListItem\",\"position\":2,\"name\":\"Pood\",\"item\":\"https:\/\/projekt.vombat.ee\/eco\/pood\/\"},{\"@type\":\"ListItem\",\"position\":3,\"name\":\"Fafrees F20, 130km\"}]},{\"@type\":\"WebSite\",\"@id\":\"https:\/\/projekt.vombat.ee\/eco\/#website\",\"url\":\"https:\/\/projekt.vombat.ee\/eco\/\",\"name\":\"Ecocruiser\",\"description\":\"\",\"publisher\":{\"@id\":\"https:\/\/projekt.vombat.ee\/eco\/#organization\"},\"potentialAction\":[{\"@type\":\"SearchAction\",\"target\":{\"@type\":\"EntryPoint\",\"urlTemplate\":\"https:\/\/projekt.vombat.ee\/eco\/?s={search_term_string}\"},\"query-input\":{\"@type\":\"PropertyValueSpecification\",\"valueRequired\":true,\"valueName\":\"search_term_string\"}}],\"inLanguage\":\"en-GB\"},{\"@type\":\"Organization\",\"@id\":\"https:\/\/projekt.vombat.ee\/eco\/#organization\",\"name\":\"Ecocruiser\",\"url\":\"https:\/\/projekt.vombat.ee\/eco\/\",\"logo\":{\"@type\":\"ImageObject\",\"inLanguage\":\"en-GB\",\"@id\":\"https:\/\/projekt.vombat.ee\/eco\/#\/schema\/logo\/image\/\",\"url\":\"https:\/\/projekt.vombat.ee\/eco\/wp-content\/uploads\/2023\/03\/ECOCRUISER_5.png\",\"contentUrl\":\"https:\/\/projekt.vombat.ee\/eco\/wp-content\/uploads\/2023\/03\/ECOCRUISER_5.png\",\"width\":234,\"height\":91,\"caption\":\"Ecocruiser\"},\"image\":{\"@id\":\"https:\/\/projekt.vombat.ee\/eco\/#\/schema\/logo\/image\/\"}}]}<\/script>\n<!-- \/ Yoast SEO plugin. -->","yoast_head_json":{"title":"Fafrees F20, 130km - Ecocruiser","description":"Fafrees F20 s\u00e4hk\u00f6py\u00f6r\u00e4. Sopii 160-195 cm pitkille ratsastajille Kantavuus: 130 kg Maksimiet\u00e4isyys aputilassa: 100-130 km Suurin puhtaasti s\u00e4hk\u00f6inen toimintas\u00e4de: 60-80 km Akku: 36V 16AH Moottorin teho: 250W","robots":{"index":"noindex","follow":"follow","max-snippet":"max-snippet:-1","max-image-preview":"max-image-preview:large","max-video-preview":"max-video-preview:-1"},"og_locale":"en_GB","og_type":"article","og_title":"Fafrees F20, 130km - Ecocruiser","og_description":"Fafrees F20 s\u00e4hk\u00f6py\u00f6r\u00e4. Sopii 160-195 cm pitkille ratsastajille Kantavuus: 130 kg Maksimiet\u00e4isyys aputilassa: 100-130 km Suurin puhtaasti s\u00e4hk\u00f6inen toimintas\u00e4de: 60-80 km Akku: 36V 16AH Moottorin teho: 250W","og_url":"https:\/\/projekt.vombat.ee\/eco\/fi\/myym\u00e4l\u00e4\/sahkopyorat\/taitettavat-sahkopyorat\/fafrees-f20-130km\/","og_site_name":"Ecocruiser","article_modified_time":"2024-05-02T16:54:29+00:00","og_image":[{"width":1600,"height":1600,"url":"https:\/\/projekt.vombat.ee\/eco\/wp-content\/uploads\/2023\/04\/1-9.webp","type":"image\/webp"}],"twitter_card":"summary_large_image","twitter_misc":{"Estimated reading time":"3 minutes"},"schema":{"@context":"https:\/\/schema.org","@graph":[{"@type":"WebPage","@id":"https:\/\/projekt.vombat.ee\/eco\/fi\/myym%C3%A4l%C3%A4\/sahkopyorat\/taitettavat-sahkopyorat\/fafrees-f20-130km\/","url":"https:\/\/projekt.vombat.ee\/eco\/fi\/myym%C3%A4l%C3%A4\/sahkopyorat\/taitettavat-sahkopyorat\/fafrees-f20-130km\/","name":"Fafrees F20, 130km - Ecocruiser","isPartOf":{"@id":"https:\/\/projekt.vombat.ee\/eco\/#website"},"primaryImageOfPage":{"@id":"https:\/\/projekt.vombat.ee\/eco\/fi\/myym%C3%A4l%C3%A4\/sahkopyorat\/taitettavat-sahkopyorat\/fafrees-f20-130km\/#primaryimage"},"image":{"@id":"https:\/\/projekt.vombat.ee\/eco\/fi\/myym%C3%A4l%C3%A4\/sahkopyorat\/taitettavat-sahkopyorat\/fafrees-f20-130km\/#primaryimage"},"thumbnailUrl":"https:\/\/projekt.vombat.ee\/eco\/wp-content\/uploads\/2023\/04\/1-9.webp","datePublished":"2023-05-03T12:40:54+00:00","dateModified":"2024-05-02T16:54:29+00:00","description":"Fafrees F20 s\u00e4hk\u00f6py\u00f6r\u00e4. Sopii 160-195 cm pitkille ratsastajille Kantavuus: 130 kg Maksimiet\u00e4isyys aputilassa: 100-130 km Suurin puhtaasti s\u00e4hk\u00f6inen toimintas\u00e4de: 60-80 km Akku: 36V 16AH Moottorin teho: 250W","breadcrumb":{"@id":"https:\/\/projekt.vombat.ee\/eco\/fi\/myym%C3%A4l%C3%A4\/sahkopyorat\/taitettavat-sahkopyorat\/fafrees-f20-130km\/#breadcrumb"},"inLanguage":"en-GB","potentialAction":[{"@type":"ReadAction","target":["https:\/\/projekt.vombat.ee\/eco\/fi\/myym%C3%A4l%C3%A4\/sahkopyorat\/taitettavat-sahkopyorat\/fafrees-f20-130km\/"]}]},{"@type":"ImageObject","inLanguage":"en-GB","@id":"https:\/\/projekt.vombat.ee\/eco\/fi\/myym%C3%A4l%C3%A4\/sahkopyorat\/taitettavat-sahkopyorat\/fafrees-f20-130km\/#primaryimage","url":"https:\/\/projekt.vombat.ee\/eco\/wp-content\/uploads\/2023\/04\/1-9.webp","contentUrl":"https:\/\/projekt.vombat.ee\/eco\/wp-content\/uploads\/2023\/04\/1-9.webp","width":1600,"height":1600,"caption":"Fafrees F20"},{"@type":"BreadcrumbList","@id":"https:\/\/projekt.vombat.ee\/eco\/fi\/myym%C3%A4l%C3%A4\/sahkopyorat\/taitettavat-sahkopyorat\/fafrees-f20-130km\/#breadcrumb","itemListElement":[{"@type":"ListItem","position":1,"name":"Home","item":"https:\/\/projekt.vombat.ee\/eco\/"},{"@type":"ListItem","position":2,"name":"Pood","item":"https:\/\/projekt.vombat.ee\/eco\/pood\/"},{"@type":"ListItem","position":3,"name":"Fafrees F20, 130km"}]},{"@type":"WebSite","@id":"https:\/\/projekt.vombat.ee\/eco\/#website","url":"https:\/\/projekt.vombat.ee\/eco\/","name":"Ecocruiser","description":"","publisher":{"@id":"https:\/\/projekt.vombat.ee\/eco\/#organization"},"potentialAction":[{"@type":"SearchAction","target":{"@type":"EntryPoint","urlTemplate":"https:\/\/projekt.vombat.ee\/eco\/?s={search_term_string}"},"query-input":{"@type":"PropertyValueSpecification","valueRequired":true,"valueName":"search_term_string"}}],"inLanguage":"en-GB"},{"@type":"Organization","@id":"https:\/\/projekt.vombat.ee\/eco\/#organization","name":"Ecocruiser","url":"https:\/\/projekt.vombat.ee\/eco\/","logo":{"@type":"ImageObject","inLanguage":"en-GB","@id":"https:\/\/projekt.vombat.ee\/eco\/#\/schema\/logo\/image\/","url":"https:\/\/projekt.vombat.ee\/eco\/wp-content\/uploads\/2023\/03\/ECOCRUISER_5.png","contentUrl":"https:\/\/projekt.vombat.ee\/eco\/wp-content\/uploads\/2023\/03\/ECOCRUISER_5.png","width":234,"height":91,"caption":"Ecocruiser"},"image":{"@id":"https:\/\/projekt.vombat.ee\/eco\/#\/schema\/logo\/image\/"}}]}},"lang":"fi","translations":{"fi":9177,"et":8794},"pll_sync_post":[],"_links":{"self":[{"href":"https:\/\/projekt.vombat.ee\/eco\/wp-json\/wp\/v2\/product\/9177"}],"collection":[{"href":"https:\/\/projekt.vombat.ee\/eco\/wp-json\/wp\/v2\/product"}],"about":[{"href":"https:\/\/projekt.vombat.ee\/eco\/wp-json\/wp\/v2\/types\/product"}],"version-history":[{"count":1,"href":"https:\/\/projekt.vombat.ee\/eco\/wp-json\/wp\/v2\/product\/9177\/revisions"}],"predecessor-version":[{"id":9190,"href":"https:\/\/projekt.vombat.ee\/eco\/wp-json\/wp\/v2\/product\/9177\/revisions\/9190"}],"wp:featuredmedia":[{"embeddable":true,"href":"https:\/\/projekt.vombat.ee\/eco\/wp-json\/wp\/v2\/media\/9178"}],"wp:attachment":[{"href":"https:\/\/projekt.vombat.ee\/eco\/wp-json\/wp\/v2\/media?parent=9177"}],"wp:term":[{"taxonomy":"product_cat","embeddable":true,"href":"https:\/\/projekt.vombat.ee\/eco\/wp-json\/wp\/v2\/product_cat?post=9177"},{"taxonomy":"product_tag","embeddable":true,"href":"https:\/\/projekt.vombat.ee\/eco\/wp-json\/wp\/v2\/product_tag?post=9177"}],"curies":[{"name":"wp","href":"https:\/\/api.w.org\/{rel}","templated":true}]}}