{"id":9174,"date":"2023-05-03T12:39:54","date_gmt":"2023-05-03T12:39:54","guid":{"rendered":"https:\/\/projekt.vombat.ee\/eco\/?post_type=product&#038;p=9174"},"modified":"2024-03-17T19:56:52","modified_gmt":"2024-03-17T19:56:52","slug":"samebike-my275-500w-80km-2","status":"publish","type":"product","link":"https:\/\/projekt.vombat.ee\/eco\/fi\/myym%C3%A4l%C3%A4\/sahkopyorat\/sahkokaupunkipyorat\/samebike-my275-500w-80km-2\/","title":{"rendered":"SAMEBIKE MY275 500W, 80km"},"content":{"rendered":"<h1>SAMEBIKE MY275 27,5&#8243; s\u00e4hk\u00f6py\u00f6r\u00e4<\/h1>\n<h3><img fetchpriority=\"high\" decoding=\"async\" class=\"msub_k4 mupj_5k mjru_k4 mse2_k4 mp7g_f6 mq1m_0 mj7u_0 m7er_k4 lazyloaded\" src=\"https:\/\/a.allegroimg.com\/original\/114d6d\/afa2caa4430d964193753496c44e\/Rower-elektryczny-Samebike-miejski-80KM-32KM-H-MTB\" sizes=\"(min-width: 1200px) 560px, (min-width: 992px) 50vw, 100vw\" srcset=\"https:\/\/a.allegroimg.com\/s360\/114d6d\/afa2caa4430d964193753496c44e\/Rower-elektryczny-Samebike-miejski-80KM-32KM-H-MTB 360w,https:\/\/a.allegroimg.com\/s720\/114d6d\/afa2caa4430d964193753496c44e\/Rower-elektryczny-Samebike-miejski-80KM-32KM-H-MTB 720w,https:\/\/a.allegroimg.com\/s1024\/114d6d\/afa2caa4430d964193753496c44e\/Rower-elektryczny-Samebike-miejski-80KM-32KM-H-MTB 1024w,https:\/\/a.allegroimg.com\/s1440\/114d6d\/afa2caa4430d964193753496c44e\/Rower-elektryczny-Samebike-miejski-80KM-32KM-H-MTB 1200w,https:\/\/a.allegroimg.com\/original\/114d6d\/afa2caa4430d964193753496c44e\/Rower-elektryczny-Samebike-miejski-80KM-32KM-H-MTB 1200w\" alt=\"Rower elektryczny Samebike miejski 80KM 32KM\/H MTB\" width=\"621\" height=\"621\" data-src=\"https:\/\/a.allegroimg.com\/original\/114d6d\/afa2caa4430d964193753496c44e\/Rower-elektryczny-Samebike-miejski-80KM-32KM-H-MTB\" data-srcset=\"https:\/\/a.allegroimg.com\/s360\/114d6d\/afa2caa4430d964193753496c44e\/Rower-elektryczny-Samebike-miejski-80KM-32KM-H-MTB 360w,https:\/\/a.allegroimg.com\/s720\/114d6d\/afa2caa4430d964193753496c44e\/Rower-elektryczny-Samebike-miejski-80KM-32KM-H-MTB 720w,https:\/\/a.allegroimg.com\/s1024\/114d6d\/afa2caa4430d964193753496c44e\/Rower-elektryczny-Samebike-miejski-80KM-32KM-H-MTB 1024w,https:\/\/a.allegroimg.com\/s1440\/114d6d\/afa2caa4430d964193753496c44e\/Rower-elektryczny-Samebike-miejski-80KM-32KM-H-MTB 1200w,https:\/\/a.allegroimg.com\/original\/114d6d\/afa2caa4430d964193753496c44e\/Rower-elektryczny-Samebike-miejski-80KM-32KM-H-MTB 1200w\" \/><\/h3>\n<p>&nbsp;<\/p>\n<h3>SAMEBIKE MY275 on tehokas yleisk\u00e4ytt\u00f6inen s\u00e4hk\u00f6py\u00f6r\u00e4<\/h3>\n<p>Varustettu irrotettavalla 18650 Li-akulla ja AVANDA 500W+<\/p>\n<h3>Tehokas, kevyt ja kest\u00e4v\u00e4.<\/h3>\n<p>Alumiinirunko ja kaksinkertainen mekaaninen levyjarruj\u00e4rjestelm\u00e4 lis\u00e4\u00e4v\u00e4t turvallisuutta, joten se on t\u00e4ydellinen pitkille retkille kaupungissa tai vuoristopoluilla.<\/p>\n<p>25 asteen nousulla py\u00f6r\u00e4ss\u00e4 on tarpeeksi voimaa valloittaa mink\u00e4 tahansa vuoren. Siin\u00e4 on my\u00f6s \u00e4lyk\u00e4s LCD-v\u00e4rin\u00e4ytt\u00f6, joka n\u00e4ytt\u00e4\u00e4 kaikki tarvittavat tiedot.<\/p>\n<h3>Kolme ajotilaa<\/h3>\n<p><strong>Py\u00f6r\u00e4ilytila<\/strong><\/p>\n<p>Katkaise virta.<br \/>\nPieni teho tai kun haluat harjoitella.<\/p>\n<p><strong>Aputila<\/strong><\/p>\n<p>Kytke virta p\u00e4\u00e4lle, paina poljinta ja k\u00e4ynnist\u00e4 moottori automaattisesti.<\/p>\n<p><strong>S\u00e4hk\u00f6inen tila<\/strong><\/p>\n<p>Virta p\u00e4\u00e4lle, kaasu p\u00e4\u00e4lle, t\u00e4ydell\u00e4 nopeudella!<br \/>\nT\u00e4ysi teho, hauska ajo.<\/p>\n<p>&nbsp;<\/p>\n<h3>Tekniset tiedot:<\/h3>\n<p>Py\u00f6r\u00e4n koko: 27,5*2,125 tuumaa<br \/>\nNettopaino: 24,5 kg<br \/>\nT\u00e4ysi paino: 30 kg<br \/>\nMaksimikuorma: 150 kg<br \/>\nSuurin nopeus: 25-32 km\/h<br \/>\nL\u00e4mp\u00f6tila: -20-40\u00b0C<br \/>\nAkkukennot: 18650 litiumia<br \/>\nAkun kapasiteetti: 10,4 AH<br \/>\nAkun nimellisteho: 499,2 WH<br \/>\nS\u00e4hk\u00f6k\u00e4ynnistystila: poljin\/mopo\/puhdas s\u00e4hk\u00f6k\u00e4ytt\u00f6<br \/>\nPuhtaasti s\u00e4hk\u00f6k\u00e4ytt\u00f6inen: 40-45 km<br \/>\nMopotila: 80-100 km<br \/>\nMoottorin nimellisteho: 500W<br \/>\nNimellisj\u00e4nnite: 48V<br \/>\nTuloj\u00e4nnite: 110~240V<br \/>\nLatausaika: 4-6 tuntia<br \/>\nAjovalo: kyll\u00e4<br \/>\nN\u00e4ytt\u00f6: LCD<br \/>\nVaihteisto: 7-vaihteinen vaihteisto<br \/>\nKehyksen koko: 17 tuumaa<br \/>\nV\u00e4ri valkoinen<\/p>\n","protected":false},"excerpt":{"rendered":"<p><strong>SAMEBIKE MY275<\/strong> s\u00e4hk\u00f6py\u00f6r\u00e4<\/p>\n<p>&nbsp;<\/p>\n<ul>\n<li>Akku: 48V 10,4AH<\/li>\n<li>Teho: 48V 500W<\/li>\n<li>\u00c4lyk\u00e4s v\u00e4rillinen LCD-n\u00e4ytt\u00f6<\/li>\n<li>Poljinavustustilan toiminta-alue: 80-100 km yhdell\u00e4 latauksella<\/li>\n<li>Toimintas\u00e4de pelk\u00e4ll\u00e4 s\u00e4hk\u00f6ll\u00e4: 40-45 km yhdell\u00e4 latauksella<\/li>\n<\/ul>\n<p>&nbsp;<\/p>\n<p><strong>\u2666 Toimitusaika 2-6 p\u00e4iv\u00e4\u00e4<\/strong><br \/>\n<strong>\u2666 Varastossa<\/strong><\/p>\n","protected":false},"featured_media":9175,"template":"","meta":[],"product_cat":[983,985,979],"product_tag":[],"class_list":{"0":"post-9174","1":"product","2":"type-product","3":"status-publish","4":"has-post-thumbnail","6":"product_cat-sahkokaupunkipyorat","7":"product_cat-sahkomaastopyora","8":"product_cat-sahkopyorat","9":"product_shipping_class-suured-pakid","11":"first","12":"instock","13":"sale","14":"taxable","15":"shipping-taxable","16":"purchasable","17":"product-type-simple"},"yoast_head":"<!-- This site is optimized with the Yoast SEO plugin v23.8 - https:\/\/yoast.com\/wordpress\/plugins\/seo\/ -->\n<title>SAMEBIKE MY275 500W, 80km - Ecocruiser<\/title>\n<meta name=\"description\" content=\"SAMEBIKE MY275 on tehokas, kevyt ja kest\u00e4v\u00e4. Alumiinirunko ja kaksinkertainen mekaaninen levyjarruj\u00e4rjestelm\u00e4 lis\u00e4\u00e4v\u00e4t turvallisuutta, joten se on t\u00e4ydellinen pitkille retkille kaupungissa tai vuoristopoluilla.\" \/>\n<meta name=\"robots\" content=\"noindex, follow, max-snippet:-1, max-image-preview:large, max-video-preview:-1\" \/>\n<meta property=\"og:locale\" content=\"en_GB\" \/>\n<meta property=\"og:type\" content=\"article\" \/>\n<meta property=\"og:title\" content=\"SAMEBIKE MY275 500W, 80km - Ecocruiser\" \/>\n<meta property=\"og:description\" content=\"SAMEBIKE MY275 on tehokas, kevyt ja kest\u00e4v\u00e4. Alumiinirunko ja kaksinkertainen mekaaninen levyjarruj\u00e4rjestelm\u00e4 lis\u00e4\u00e4v\u00e4t turvallisuutta, joten se on t\u00e4ydellinen pitkille retkille kaupungissa tai vuoristopoluilla.\" \/>\n<meta property=\"og:url\" content=\"https:\/\/projekt.vombat.ee\/eco\/fi\/myym\u00e4l\u00e4\/sahkopyorat\/sahkokaupunkipyorat\/samebike-my275-500w-80km-2\/\" \/>\n<meta property=\"og:site_name\" content=\"Ecocruiser\" \/>\n<meta property=\"article:modified_time\" content=\"2024-03-17T19:56:52+00:00\" \/>\n<meta property=\"og:image\" content=\"https:\/\/projekt.vombat.ee\/eco\/wp-content\/uploads\/2023\/04\/e8cdc48e208147379cde036a225f1f27_1800x.webp\" \/>\n\t<meta property=\"og:image:width\" content=\"1200\" \/>\n\t<meta property=\"og:image:height\" content=\"1200\" \/>\n\t<meta property=\"og:image:type\" content=\"image\/webp\" \/>\n<meta name=\"twitter:card\" content=\"summary_large_image\" \/>\n<meta name=\"twitter:label1\" content=\"Estimated reading time\" \/>\n\t<meta name=\"twitter:data1\" content=\"2 minutes\" \/>\n<script type=\"application\/ld+json\" class=\"yoast-schema-graph\">{\"@context\":\"https:\/\/schema.org\",\"@graph\":[{\"@type\":\"WebPage\",\"@id\":\"https:\/\/projekt.vombat.ee\/eco\/fi\/myym%C3%A4l%C3%A4\/sahkopyorat\/sahkokaupunkipyorat\/samebike-my275-500w-80km-2\/\",\"url\":\"https:\/\/projekt.vombat.ee\/eco\/fi\/myym%C3%A4l%C3%A4\/sahkopyorat\/sahkokaupunkipyorat\/samebike-my275-500w-80km-2\/\",\"name\":\"SAMEBIKE MY275 500W, 80km - Ecocruiser\",\"isPartOf\":{\"@id\":\"https:\/\/projekt.vombat.ee\/eco\/#website\"},\"primaryImageOfPage\":{\"@id\":\"https:\/\/projekt.vombat.ee\/eco\/fi\/myym%C3%A4l%C3%A4\/sahkopyorat\/sahkokaupunkipyorat\/samebike-my275-500w-80km-2\/#primaryimage\"},\"image\":{\"@id\":\"https:\/\/projekt.vombat.ee\/eco\/fi\/myym%C3%A4l%C3%A4\/sahkopyorat\/sahkokaupunkipyorat\/samebike-my275-500w-80km-2\/#primaryimage\"},\"thumbnailUrl\":\"https:\/\/projekt.vombat.ee\/eco\/wp-content\/uploads\/2023\/04\/e8cdc48e208147379cde036a225f1f27_1800x.webp\",\"datePublished\":\"2023-05-03T12:39:54+00:00\",\"dateModified\":\"2024-03-17T19:56:52+00:00\",\"description\":\"SAMEBIKE MY275 on tehokas, kevyt ja kest\u00e4v\u00e4. Alumiinirunko ja kaksinkertainen mekaaninen levyjarruj\u00e4rjestelm\u00e4 lis\u00e4\u00e4v\u00e4t turvallisuutta, joten se on t\u00e4ydellinen pitkille retkille kaupungissa tai vuoristopoluilla.\",\"breadcrumb\":{\"@id\":\"https:\/\/projekt.vombat.ee\/eco\/fi\/myym%C3%A4l%C3%A4\/sahkopyorat\/sahkokaupunkipyorat\/samebike-my275-500w-80km-2\/#breadcrumb\"},\"inLanguage\":\"en-GB\",\"potentialAction\":[{\"@type\":\"ReadAction\",\"target\":[\"https:\/\/projekt.vombat.ee\/eco\/fi\/myym%C3%A4l%C3%A4\/sahkopyorat\/sahkokaupunkipyorat\/samebike-my275-500w-80km-2\/\"]}]},{\"@type\":\"ImageObject\",\"inLanguage\":\"en-GB\",\"@id\":\"https:\/\/projekt.vombat.ee\/eco\/fi\/myym%C3%A4l%C3%A4\/sahkopyorat\/sahkokaupunkipyorat\/samebike-my275-500w-80km-2\/#primaryimage\",\"url\":\"https:\/\/projekt.vombat.ee\/eco\/wp-content\/uploads\/2023\/04\/e8cdc48e208147379cde036a225f1f27_1800x.webp\",\"contentUrl\":\"https:\/\/projekt.vombat.ee\/eco\/wp-content\/uploads\/2023\/04\/e8cdc48e208147379cde036a225f1f27_1800x.webp\",\"width\":1200,\"height\":1200,\"caption\":\"SAMEBIKE\"},{\"@type\":\"BreadcrumbList\",\"@id\":\"https:\/\/projekt.vombat.ee\/eco\/fi\/myym%C3%A4l%C3%A4\/sahkopyorat\/sahkokaupunkipyorat\/samebike-my275-500w-80km-2\/#breadcrumb\",\"itemListElement\":[{\"@type\":\"ListItem\",\"position\":1,\"name\":\"Home\",\"item\":\"https:\/\/projekt.vombat.ee\/eco\/\"},{\"@type\":\"ListItem\",\"position\":2,\"name\":\"Pood\",\"item\":\"https:\/\/projekt.vombat.ee\/eco\/pood\/\"},{\"@type\":\"ListItem\",\"position\":3,\"name\":\"SAMEBIKE MY275 500W, 80km\"}]},{\"@type\":\"WebSite\",\"@id\":\"https:\/\/projekt.vombat.ee\/eco\/#website\",\"url\":\"https:\/\/projekt.vombat.ee\/eco\/\",\"name\":\"Ecocruiser\",\"description\":\"\",\"publisher\":{\"@id\":\"https:\/\/projekt.vombat.ee\/eco\/#organization\"},\"potentialAction\":[{\"@type\":\"SearchAction\",\"target\":{\"@type\":\"EntryPoint\",\"urlTemplate\":\"https:\/\/projekt.vombat.ee\/eco\/?s={search_term_string}\"},\"query-input\":{\"@type\":\"PropertyValueSpecification\",\"valueRequired\":true,\"valueName\":\"search_term_string\"}}],\"inLanguage\":\"en-GB\"},{\"@type\":\"Organization\",\"@id\":\"https:\/\/projekt.vombat.ee\/eco\/#organization\",\"name\":\"Ecocruiser\",\"url\":\"https:\/\/projekt.vombat.ee\/eco\/\",\"logo\":{\"@type\":\"ImageObject\",\"inLanguage\":\"en-GB\",\"@id\":\"https:\/\/projekt.vombat.ee\/eco\/#\/schema\/logo\/image\/\",\"url\":\"https:\/\/projekt.vombat.ee\/eco\/wp-content\/uploads\/2023\/03\/ECOCRUISER_5.png\",\"contentUrl\":\"https:\/\/projekt.vombat.ee\/eco\/wp-content\/uploads\/2023\/03\/ECOCRUISER_5.png\",\"width\":234,\"height\":91,\"caption\":\"Ecocruiser\"},\"image\":{\"@id\":\"https:\/\/projekt.vombat.ee\/eco\/#\/schema\/logo\/image\/\"}}]}<\/script>\n<!-- \/ Yoast SEO plugin. -->","yoast_head_json":{"title":"SAMEBIKE MY275 500W, 80km - Ecocruiser","description":"SAMEBIKE MY275 on tehokas, kevyt ja kest\u00e4v\u00e4. Alumiinirunko ja kaksinkertainen mekaaninen levyjarruj\u00e4rjestelm\u00e4 lis\u00e4\u00e4v\u00e4t turvallisuutta, joten se on t\u00e4ydellinen pitkille retkille kaupungissa tai vuoristopoluilla.","robots":{"index":"noindex","follow":"follow","max-snippet":"max-snippet:-1","max-image-preview":"max-image-preview:large","max-video-preview":"max-video-preview:-1"},"og_locale":"en_GB","og_type":"article","og_title":"SAMEBIKE MY275 500W, 80km - Ecocruiser","og_description":"SAMEBIKE MY275 on tehokas, kevyt ja kest\u00e4v\u00e4. Alumiinirunko ja kaksinkertainen mekaaninen levyjarruj\u00e4rjestelm\u00e4 lis\u00e4\u00e4v\u00e4t turvallisuutta, joten se on t\u00e4ydellinen pitkille retkille kaupungissa tai vuoristopoluilla.","og_url":"https:\/\/projekt.vombat.ee\/eco\/fi\/myym\u00e4l\u00e4\/sahkopyorat\/sahkokaupunkipyorat\/samebike-my275-500w-80km-2\/","og_site_name":"Ecocruiser","article_modified_time":"2024-03-17T19:56:52+00:00","og_image":[{"width":1200,"height":1200,"url":"https:\/\/projekt.vombat.ee\/eco\/wp-content\/uploads\/2023\/04\/e8cdc48e208147379cde036a225f1f27_1800x.webp","type":"image\/webp"}],"twitter_card":"summary_large_image","twitter_misc":{"Estimated reading time":"2 minutes"},"schema":{"@context":"https:\/\/schema.org","@graph":[{"@type":"WebPage","@id":"https:\/\/projekt.vombat.ee\/eco\/fi\/myym%C3%A4l%C3%A4\/sahkopyorat\/sahkokaupunkipyorat\/samebike-my275-500w-80km-2\/","url":"https:\/\/projekt.vombat.ee\/eco\/fi\/myym%C3%A4l%C3%A4\/sahkopyorat\/sahkokaupunkipyorat\/samebike-my275-500w-80km-2\/","name":"SAMEBIKE MY275 500W, 80km - Ecocruiser","isPartOf":{"@id":"https:\/\/projekt.vombat.ee\/eco\/#website"},"primaryImageOfPage":{"@id":"https:\/\/projekt.vombat.ee\/eco\/fi\/myym%C3%A4l%C3%A4\/sahkopyorat\/sahkokaupunkipyorat\/samebike-my275-500w-80km-2\/#primaryimage"},"image":{"@id":"https:\/\/projekt.vombat.ee\/eco\/fi\/myym%C3%A4l%C3%A4\/sahkopyorat\/sahkokaupunkipyorat\/samebike-my275-500w-80km-2\/#primaryimage"},"thumbnailUrl":"https:\/\/projekt.vombat.ee\/eco\/wp-content\/uploads\/2023\/04\/e8cdc48e208147379cde036a225f1f27_1800x.webp","datePublished":"2023-05-03T12:39:54+00:00","dateModified":"2024-03-17T19:56:52+00:00","description":"SAMEBIKE MY275 on tehokas, kevyt ja kest\u00e4v\u00e4. Alumiinirunko ja kaksinkertainen mekaaninen levyjarruj\u00e4rjestelm\u00e4 lis\u00e4\u00e4v\u00e4t turvallisuutta, joten se on t\u00e4ydellinen pitkille retkille kaupungissa tai vuoristopoluilla.","breadcrumb":{"@id":"https:\/\/projekt.vombat.ee\/eco\/fi\/myym%C3%A4l%C3%A4\/sahkopyorat\/sahkokaupunkipyorat\/samebike-my275-500w-80km-2\/#breadcrumb"},"inLanguage":"en-GB","potentialAction":[{"@type":"ReadAction","target":["https:\/\/projekt.vombat.ee\/eco\/fi\/myym%C3%A4l%C3%A4\/sahkopyorat\/sahkokaupunkipyorat\/samebike-my275-500w-80km-2\/"]}]},{"@type":"ImageObject","inLanguage":"en-GB","@id":"https:\/\/projekt.vombat.ee\/eco\/fi\/myym%C3%A4l%C3%A4\/sahkopyorat\/sahkokaupunkipyorat\/samebike-my275-500w-80km-2\/#primaryimage","url":"https:\/\/projekt.vombat.ee\/eco\/wp-content\/uploads\/2023\/04\/e8cdc48e208147379cde036a225f1f27_1800x.webp","contentUrl":"https:\/\/projekt.vombat.ee\/eco\/wp-content\/uploads\/2023\/04\/e8cdc48e208147379cde036a225f1f27_1800x.webp","width":1200,"height":1200,"caption":"SAMEBIKE"},{"@type":"BreadcrumbList","@id":"https:\/\/projekt.vombat.ee\/eco\/fi\/myym%C3%A4l%C3%A4\/sahkopyorat\/sahkokaupunkipyorat\/samebike-my275-500w-80km-2\/#breadcrumb","itemListElement":[{"@type":"ListItem","position":1,"name":"Home","item":"https:\/\/projekt.vombat.ee\/eco\/"},{"@type":"ListItem","position":2,"name":"Pood","item":"https:\/\/projekt.vombat.ee\/eco\/pood\/"},{"@type":"ListItem","position":3,"name":"SAMEBIKE MY275 500W, 80km"}]},{"@type":"WebSite","@id":"https:\/\/projekt.vombat.ee\/eco\/#website","url":"https:\/\/projekt.vombat.ee\/eco\/","name":"Ecocruiser","description":"","publisher":{"@id":"https:\/\/projekt.vombat.ee\/eco\/#organization"},"potentialAction":[{"@type":"SearchAction","target":{"@type":"EntryPoint","urlTemplate":"https:\/\/projekt.vombat.ee\/eco\/?s={search_term_string}"},"query-input":{"@type":"PropertyValueSpecification","valueRequired":true,"valueName":"search_term_string"}}],"inLanguage":"en-GB"},{"@type":"Organization","@id":"https:\/\/projekt.vombat.ee\/eco\/#organization","name":"Ecocruiser","url":"https:\/\/projekt.vombat.ee\/eco\/","logo":{"@type":"ImageObject","inLanguage":"en-GB","@id":"https:\/\/projekt.vombat.ee\/eco\/#\/schema\/logo\/image\/","url":"https:\/\/projekt.vombat.ee\/eco\/wp-content\/uploads\/2023\/03\/ECOCRUISER_5.png","contentUrl":"https:\/\/projekt.vombat.ee\/eco\/wp-content\/uploads\/2023\/03\/ECOCRUISER_5.png","width":234,"height":91,"caption":"Ecocruiser"},"image":{"@id":"https:\/\/projekt.vombat.ee\/eco\/#\/schema\/logo\/image\/"}}]}},"lang":"fi","translations":{"fi":9174,"et":8789},"pll_sync_post":[],"_links":{"self":[{"href":"https:\/\/projekt.vombat.ee\/eco\/wp-json\/wp\/v2\/product\/9174"}],"collection":[{"href":"https:\/\/projekt.vombat.ee\/eco\/wp-json\/wp\/v2\/product"}],"about":[{"href":"https:\/\/projekt.vombat.ee\/eco\/wp-json\/wp\/v2\/types\/product"}],"version-history":[{"count":1,"href":"https:\/\/projekt.vombat.ee\/eco\/wp-json\/wp\/v2\/product\/9174\/revisions"}],"predecessor-version":[{"id":9176,"href":"https:\/\/projekt.vombat.ee\/eco\/wp-json\/wp\/v2\/product\/9174\/revisions\/9176"}],"wp:featuredmedia":[{"embeddable":true,"href":"https:\/\/projekt.vombat.ee\/eco\/wp-json\/wp\/v2\/media\/9175"}],"wp:attachment":[{"href":"https:\/\/projekt.vombat.ee\/eco\/wp-json\/wp\/v2\/media?parent=9174"}],"wp:term":[{"taxonomy":"product_cat","embeddable":true,"href":"https:\/\/projekt.vombat.ee\/eco\/wp-json\/wp\/v2\/product_cat?post=9174"},{"taxonomy":"product_tag","embeddable":true,"href":"https:\/\/projekt.vombat.ee\/eco\/wp-json\/wp\/v2\/product_tag?post=9174"}],"curies":[{"name":"wp","href":"https:\/\/api.w.org\/{rel}","templated":true}]}}