{"id":8957,"date":"2023-04-25T13:39:33","date_gmt":"2023-04-25T13:39:33","guid":{"rendered":"https:\/\/projekt.vombat.ee\/eco\/?post_type=product&#038;p=8957"},"modified":"2023-05-28T10:57:50","modified_gmt":"2023-05-28T10:57:50","slug":"fafrees-f20-light-elektriratas-110km","status":"publish","type":"product","link":"https:\/\/projekt.vombat.ee\/eco\/pood\/elektrirattad\/linnarattad\/fafrees-f20-light-elektriratas-110km\/","title":{"rendered":"Fafrees F20 Light Elektriratas, 110km"},"content":{"rendered":"<p><img fetchpriority=\"high\" decoding=\"async\" class=\"\" src=\"https:\/\/cdn.shopify.com\/s\/files\/1\/0559\/8491\/4624\/files\/6391ace427ade714b70fb966024ae804_bb31a6d4-7415-42cf-972a-7eaa1193a3a0.jpg?v=1681794515\" alt=\"\" width=\"883\" height=\"552\" \/><\/p>\n<h3>250 W k\u00e4igukastiga rummu mootor<\/h3>\n<p>250 W harjadeta mootor maksimaalse p\u00f6\u00f6rdemomendiga 35 N.M koos intelligentse kontrolleriga annab maksimaalse kiiruse 25 km\/h. Tippv\u00f5imsus v\u00f5ib ulatuda 437 W-ni, mis on loodud ettev\u00f5ttesiseselt, et aidata teil madalamatel kiirustel j\u00e4rsemaks minna. Tagumist ajamimootorit on lihtsam k\u00e4sitseda, see annab parema veoj\u00f5u ja vajab v\u00e4hem hooldust.<\/p>\n<h3>Eemaldatav 36V 14,5Ah aku<\/h3>\n<p>14,5 Ah suure mahutavusega aku pikendab teie s\u00f5idudistantsi \u00fche laadimisega abire\u017eiimis kuni 110 km-ni. V\u00f5tke see koju ja laadige seda millal iganes soovite. Saate valida kolme tugire\u017eiimi vahel \u2013 elektriline, toiteajamiga ja t\u00f6\u00f6j\u00f5ure\u017eiim.<\/p>\n<h3>Veekindel LCD ekraan<\/h3>\n<p>Suure ekraaniga veekindel LCD-ekraan n\u00e4itab erinevaid andmeid, nagu kiirus, aku, l\u00e4bis\u00f5it ja k\u00e4igud. Sellel on k\u00f5ndimisabi re\u017eiim ja p\u00fcsikiiruse hoidja, mis aitavad teil s\u00f5ita alati, kui vajate.<\/p>\n<h3>Shimano 7-k\u00e4iguline k\u00e4iguvahetus<\/h3>\n<p>Shimano 7-k\u00e4iguline k\u00e4iguvahetaja ja k\u00e4iguvahetaja pakuvad t\u00e4pset ja sujuvat k\u00e4iguvahetust kogu selle ulatuses, tagades, et teie j\u00f5u\u00fclekanne j\u00e4\u00e4b aja jooksul tundlikuks.<\/p>\n<h3>Mehaanilised ketaspidurid<\/h3>\n<p>Pendelmootorratastel peab olema t\u00f5sine pidurdusj\u00f5ud. Seet\u00f5ttu komplekteerisime selle jalgratta v\u00e4ljal\u00fclitatavate pidurihoobadega, mis on \u00fchendatud suurte rootoritega. Teil on kontroll ja enesekindlus, et l\u00f5petada t\u00e4pselt siis, kui seda vajate.<\/p>\n<h3>Kokkupandav raam<\/h3>\n<p>Voldib kokku v\u00e4hem kui 30 sekundiga. L\u00e4biva raamiga saate mugavalt pedaalida ja raami kohal seista. Kergetest komponentidest koosnev kompaktne konstruktsioon v\u00f5imaldab e-jalgratast transpordivahendisse h\u00f5lpsasti kompakteerida ja v\u00f5tab selles v\u00e4he ruumi. Reguleeritav t\u00f5usuvarras v\u00f5imaldab teil oma sobivust isikup\u00e4rastada, lenksu ja istmetorudega, mis liiguvad mugavuse tagamiseks sisse ja v\u00e4lja.<\/p>\n<h3>S\u00f5iduohutus \u00f6\u00f6sel<\/h3>\n<p>LED esituli ja tagumine pidurituli tagavad \u00f6ise s\u00f5idu ohutuse.<\/p>\n<h3>Ilus disain<\/h3>\n<p>20-tollised rattad on paindlikud ja v\u00e4ledad, muutes need tihedas linnaliikluses mugavaks. Tugeva tagumise pakiraami abil saab kinnitada mitmesuguseid jalgratta tagaistme kotte ja korve. F20 tuli on varustatud esi- ja tagatiibadega ning toetab puhtalt elektrilist re\u017eiimi, muutes selle ideaalseks igaks reisiks.<\/p>\n<h3>M\u00f5\u00f5tmed<\/h3>\n<p>Reguleeritav iste muudab selle ideaalseks teismelistele ja t\u00e4iskasvanutele pikkusega 155-195 cm ja maksimaalne koormus 120 kg.<\/p>\n<p><img decoding=\"async\" class=\"\" src=\"https:\/\/cdn.shopify.com\/s\/files\/1\/0559\/8491\/4624\/files\/9_792fecbf-7263-42cd-adb9-02a8403e4c1e.jpg?v=1676008702\" width=\"771\" height=\"771\" \/><\/p>\n<h3>Mis on karbis?<\/h3>\n<p>Ebike*1 ja osad*1<br \/>\nAkulaadija*1<br \/>\nT\u00f6\u00f6riistakomplekt*1<br \/>\nKasutusjuhend*1<\/p>\n<p><img decoding=\"async\" src=\"https:\/\/cdn.shopify.com\/s\/files\/1\/0559\/8491\/4624\/files\/fafreespackage.jpg?v=1670381212\" \/><\/p>\n<h3>Info<\/h3>\n<p>Mootor: 250 W<\/p>\n<p>Aku: 36V\/14,5Ah liitiumaku<\/p>\n<p>L\u00e4bis\u00f5it: 110km<\/p>\n<p>Maksimaalne kiirus: 25 km\/h<\/p>\n<p>Rehvid: 20*1,95 rehvid<\/p>\n<p>Maksimaalne kandev\u00f5ime: 120kg<\/p>\n","protected":false},"excerpt":{"rendered":"<p>Kogu pere igap\u00e4evaseks kasutamiseks ette n\u00e4htud Fafrees F20 Light kompaktne e-jalgratas on loodud linna ja maanteel s\u00f5itmiseks. Kokkupandav, kaasaskantav, hoiustatav ja mugav. 20-tolliste rehvide, 250 W mootori, 14,5 Ah suure aku, Shimano 7-k\u00e4igulise k\u00e4iguvaheti ning reguleeritava lenksu ja istmega teeb sellest suurep\u00e4rase elektrijalgratta.<\/p>\n<p>&nbsp;<\/p>\n<ul>\n<li>Mootor: 250 W<\/li>\n<li>Aku: 36V\/14,5Ah liitiumaku<\/li>\n<li>L\u00e4bis\u00f5it: 110km<\/li>\n<li>Maksimaalne kiirus: 25 km\/h<\/li>\n<li>Rehvid: 20*1,95 rehvid<\/li>\n<li>Maksimaalne kandev\u00f5ime: 120kg<\/li>\n<\/ul>\n<p>\u2666\u00a0<strong>Tarneaeg 2-7 p\u00e4eva<\/strong><br \/>\n\u2666\u00a0<strong>Laos<\/strong><\/p>\n","protected":false},"featured_media":8958,"template":"","meta":[],"product_cat":[52,907,903],"product_tag":[],"class_list":{"0":"post-8957","1":"product","2":"type-product","3":"status-publish","4":"has-post-thumbnail","6":"product_cat-elektrirattad","7":"product_cat-kokkupandavad-rattad","8":"product_cat-linnarattad","9":"product_shipping_class-suured-pakid","11":"first","12":"instock","13":"sale","14":"taxable","15":"shipping-taxable","16":"purchasable","17":"product-type-variable"},"yoast_head":"<!-- This site is optimized with the Yoast SEO plugin v23.8 - https:\/\/yoast.com\/wordpress\/plugins\/seo\/ -->\n<title>Fafrees F20 Light Elektriratas, 110km - Ecocruiser<\/title>\n<meta name=\"description\" content=\"Kogu pere igap\u00e4evaseks kasutamiseks ette n\u00e4htud Fafrees F20 Light kompaktne e-jalgratas on loodud linna ja maanteel s\u00f5itmiseks. Kokkupandav, kaasaskantav, hoiustatav ja mugav. 20-tolliste rehvide, 250 W mootori, 14,5 Ah suure aku, Shimano 7-k\u00e4igulise k\u00e4iguvaheti ning reguleeritava lenksu ja istmega teeb sellest suurep\u00e4rase elektrijalgratta.\" \/>\n<meta name=\"robots\" content=\"noindex, follow, max-snippet:-1, max-image-preview:large, max-video-preview:-1\" \/>\n<meta property=\"og:locale\" content=\"en_GB\" \/>\n<meta property=\"og:type\" content=\"article\" \/>\n<meta property=\"og:title\" content=\"Fafrees F20 Light Elektriratas, 110km - Ecocruiser\" \/>\n<meta property=\"og:description\" content=\"Kogu pere igap\u00e4evaseks kasutamiseks ette n\u00e4htud Fafrees F20 Light kompaktne e-jalgratas on loodud linna ja maanteel s\u00f5itmiseks. Kokkupandav, kaasaskantav, hoiustatav ja mugav. 20-tolliste rehvide, 250 W mootori, 14,5 Ah suure aku, Shimano 7-k\u00e4igulise k\u00e4iguvaheti ning reguleeritava lenksu ja istmega teeb sellest suurep\u00e4rase elektrijalgratta.\" \/>\n<meta property=\"og:url\" content=\"https:\/\/projekt.vombat.ee\/eco\/pood\/elektrirattad\/linnarattad\/fafrees-f20-light-elektriratas-110km\/\" \/>\n<meta property=\"og:site_name\" content=\"Ecocruiser\" \/>\n<meta property=\"article:modified_time\" content=\"2023-05-28T10:57:50+00:00\" \/>\n<meta property=\"og:image\" content=\"https:\/\/projekt.vombat.ee\/eco\/wp-content\/uploads\/2023\/04\/1-13.webp\" \/>\n\t<meta property=\"og:image:width\" content=\"720\" \/>\n\t<meta property=\"og:image:height\" content=\"720\" \/>\n\t<meta property=\"og:image:type\" content=\"image\/webp\" \/>\n<meta name=\"twitter:card\" content=\"summary_large_image\" \/>\n<meta name=\"twitter:label1\" content=\"Estimated reading time\" \/>\n\t<meta name=\"twitter:data1\" content=\"3 minutes\" \/>\n<script type=\"application\/ld+json\" class=\"yoast-schema-graph\">{\"@context\":\"https:\/\/schema.org\",\"@graph\":[{\"@type\":\"WebPage\",\"@id\":\"https:\/\/projekt.vombat.ee\/eco\/pood\/elektrirattad\/linnarattad\/fafrees-f20-light-elektriratas-110km\/\",\"url\":\"https:\/\/projekt.vombat.ee\/eco\/pood\/elektrirattad\/linnarattad\/fafrees-f20-light-elektriratas-110km\/\",\"name\":\"Fafrees F20 Light Elektriratas, 110km - Ecocruiser\",\"isPartOf\":{\"@id\":\"https:\/\/projekt.vombat.ee\/eco\/#website\"},\"primaryImageOfPage\":{\"@id\":\"https:\/\/projekt.vombat.ee\/eco\/pood\/elektrirattad\/linnarattad\/fafrees-f20-light-elektriratas-110km\/#primaryimage\"},\"image\":{\"@id\":\"https:\/\/projekt.vombat.ee\/eco\/pood\/elektrirattad\/linnarattad\/fafrees-f20-light-elektriratas-110km\/#primaryimage\"},\"thumbnailUrl\":\"https:\/\/projekt.vombat.ee\/eco\/wp-content\/uploads\/2023\/04\/1-13.webp\",\"datePublished\":\"2023-04-25T13:39:33+00:00\",\"dateModified\":\"2023-05-28T10:57:50+00:00\",\"description\":\"Kogu pere igap\u00e4evaseks kasutamiseks ette n\u00e4htud Fafrees F20 Light kompaktne e-jalgratas on loodud linna ja maanteel s\u00f5itmiseks. Kokkupandav, kaasaskantav, hoiustatav ja mugav. 20-tolliste rehvide, 250 W mootori, 14,5 Ah suure aku, Shimano 7-k\u00e4igulise k\u00e4iguvaheti ning reguleeritava lenksu ja istmega teeb sellest suurep\u00e4rase elektrijalgratta.\",\"breadcrumb\":{\"@id\":\"https:\/\/projekt.vombat.ee\/eco\/pood\/elektrirattad\/linnarattad\/fafrees-f20-light-elektriratas-110km\/#breadcrumb\"},\"inLanguage\":\"en-GB\",\"potentialAction\":[{\"@type\":\"ReadAction\",\"target\":[\"https:\/\/projekt.vombat.ee\/eco\/pood\/elektrirattad\/linnarattad\/fafrees-f20-light-elektriratas-110km\/\"]}]},{\"@type\":\"ImageObject\",\"inLanguage\":\"en-GB\",\"@id\":\"https:\/\/projekt.vombat.ee\/eco\/pood\/elektrirattad\/linnarattad\/fafrees-f20-light-elektriratas-110km\/#primaryimage\",\"url\":\"https:\/\/projekt.vombat.ee\/eco\/wp-content\/uploads\/2023\/04\/1-13.webp\",\"contentUrl\":\"https:\/\/projekt.vombat.ee\/eco\/wp-content\/uploads\/2023\/04\/1-13.webp\",\"width\":720,\"height\":720,\"caption\":\"Fafrees F20 Light\"},{\"@type\":\"BreadcrumbList\",\"@id\":\"https:\/\/projekt.vombat.ee\/eco\/pood\/elektrirattad\/linnarattad\/fafrees-f20-light-elektriratas-110km\/#breadcrumb\",\"itemListElement\":[{\"@type\":\"ListItem\",\"position\":1,\"name\":\"Home\",\"item\":\"https:\/\/projekt.vombat.ee\/eco\/\"},{\"@type\":\"ListItem\",\"position\":2,\"name\":\"Pood\",\"item\":\"https:\/\/projekt.vombat.ee\/eco\/pood\/\"},{\"@type\":\"ListItem\",\"position\":3,\"name\":\"Fafrees F20 Light Elektriratas, 110km\"}]},{\"@type\":\"WebSite\",\"@id\":\"https:\/\/projekt.vombat.ee\/eco\/#website\",\"url\":\"https:\/\/projekt.vombat.ee\/eco\/\",\"name\":\"Ecocruiser\",\"description\":\"\",\"publisher\":{\"@id\":\"https:\/\/projekt.vombat.ee\/eco\/#organization\"},\"potentialAction\":[{\"@type\":\"SearchAction\",\"target\":{\"@type\":\"EntryPoint\",\"urlTemplate\":\"https:\/\/projekt.vombat.ee\/eco\/?s={search_term_string}\"},\"query-input\":{\"@type\":\"PropertyValueSpecification\",\"valueRequired\":true,\"valueName\":\"search_term_string\"}}],\"inLanguage\":\"en-GB\"},{\"@type\":\"Organization\",\"@id\":\"https:\/\/projekt.vombat.ee\/eco\/#organization\",\"name\":\"Ecocruiser\",\"url\":\"https:\/\/projekt.vombat.ee\/eco\/\",\"logo\":{\"@type\":\"ImageObject\",\"inLanguage\":\"en-GB\",\"@id\":\"https:\/\/projekt.vombat.ee\/eco\/#\/schema\/logo\/image\/\",\"url\":\"https:\/\/projekt.vombat.ee\/eco\/wp-content\/uploads\/2023\/03\/ECOCRUISER_5.png\",\"contentUrl\":\"https:\/\/projekt.vombat.ee\/eco\/wp-content\/uploads\/2023\/03\/ECOCRUISER_5.png\",\"width\":234,\"height\":91,\"caption\":\"Ecocruiser\"},\"image\":{\"@id\":\"https:\/\/projekt.vombat.ee\/eco\/#\/schema\/logo\/image\/\"}}]}<\/script>\n<!-- \/ Yoast SEO plugin. -->","yoast_head_json":{"title":"Fafrees F20 Light Elektriratas, 110km - Ecocruiser","description":"Kogu pere igap\u00e4evaseks kasutamiseks ette n\u00e4htud Fafrees F20 Light kompaktne e-jalgratas on loodud linna ja maanteel s\u00f5itmiseks. Kokkupandav, kaasaskantav, hoiustatav ja mugav. 20-tolliste rehvide, 250 W mootori, 14,5 Ah suure aku, Shimano 7-k\u00e4igulise k\u00e4iguvaheti ning reguleeritava lenksu ja istmega teeb sellest suurep\u00e4rase elektrijalgratta.","robots":{"index":"noindex","follow":"follow","max-snippet":"max-snippet:-1","max-image-preview":"max-image-preview:large","max-video-preview":"max-video-preview:-1"},"og_locale":"en_GB","og_type":"article","og_title":"Fafrees F20 Light Elektriratas, 110km - Ecocruiser","og_description":"Kogu pere igap\u00e4evaseks kasutamiseks ette n\u00e4htud Fafrees F20 Light kompaktne e-jalgratas on loodud linna ja maanteel s\u00f5itmiseks. Kokkupandav, kaasaskantav, hoiustatav ja mugav. 20-tolliste rehvide, 250 W mootori, 14,5 Ah suure aku, Shimano 7-k\u00e4igulise k\u00e4iguvaheti ning reguleeritava lenksu ja istmega teeb sellest suurep\u00e4rase elektrijalgratta.","og_url":"https:\/\/projekt.vombat.ee\/eco\/pood\/elektrirattad\/linnarattad\/fafrees-f20-light-elektriratas-110km\/","og_site_name":"Ecocruiser","article_modified_time":"2023-05-28T10:57:50+00:00","og_image":[{"width":720,"height":720,"url":"https:\/\/projekt.vombat.ee\/eco\/wp-content\/uploads\/2023\/04\/1-13.webp","type":"image\/webp"}],"twitter_card":"summary_large_image","twitter_misc":{"Estimated reading time":"3 minutes"},"schema":{"@context":"https:\/\/schema.org","@graph":[{"@type":"WebPage","@id":"https:\/\/projekt.vombat.ee\/eco\/pood\/elektrirattad\/linnarattad\/fafrees-f20-light-elektriratas-110km\/","url":"https:\/\/projekt.vombat.ee\/eco\/pood\/elektrirattad\/linnarattad\/fafrees-f20-light-elektriratas-110km\/","name":"Fafrees F20 Light Elektriratas, 110km - Ecocruiser","isPartOf":{"@id":"https:\/\/projekt.vombat.ee\/eco\/#website"},"primaryImageOfPage":{"@id":"https:\/\/projekt.vombat.ee\/eco\/pood\/elektrirattad\/linnarattad\/fafrees-f20-light-elektriratas-110km\/#primaryimage"},"image":{"@id":"https:\/\/projekt.vombat.ee\/eco\/pood\/elektrirattad\/linnarattad\/fafrees-f20-light-elektriratas-110km\/#primaryimage"},"thumbnailUrl":"https:\/\/projekt.vombat.ee\/eco\/wp-content\/uploads\/2023\/04\/1-13.webp","datePublished":"2023-04-25T13:39:33+00:00","dateModified":"2023-05-28T10:57:50+00:00","description":"Kogu pere igap\u00e4evaseks kasutamiseks ette n\u00e4htud Fafrees F20 Light kompaktne e-jalgratas on loodud linna ja maanteel s\u00f5itmiseks. Kokkupandav, kaasaskantav, hoiustatav ja mugav. 20-tolliste rehvide, 250 W mootori, 14,5 Ah suure aku, Shimano 7-k\u00e4igulise k\u00e4iguvaheti ning reguleeritava lenksu ja istmega teeb sellest suurep\u00e4rase elektrijalgratta.","breadcrumb":{"@id":"https:\/\/projekt.vombat.ee\/eco\/pood\/elektrirattad\/linnarattad\/fafrees-f20-light-elektriratas-110km\/#breadcrumb"},"inLanguage":"en-GB","potentialAction":[{"@type":"ReadAction","target":["https:\/\/projekt.vombat.ee\/eco\/pood\/elektrirattad\/linnarattad\/fafrees-f20-light-elektriratas-110km\/"]}]},{"@type":"ImageObject","inLanguage":"en-GB","@id":"https:\/\/projekt.vombat.ee\/eco\/pood\/elektrirattad\/linnarattad\/fafrees-f20-light-elektriratas-110km\/#primaryimage","url":"https:\/\/projekt.vombat.ee\/eco\/wp-content\/uploads\/2023\/04\/1-13.webp","contentUrl":"https:\/\/projekt.vombat.ee\/eco\/wp-content\/uploads\/2023\/04\/1-13.webp","width":720,"height":720,"caption":"Fafrees F20 Light"},{"@type":"BreadcrumbList","@id":"https:\/\/projekt.vombat.ee\/eco\/pood\/elektrirattad\/linnarattad\/fafrees-f20-light-elektriratas-110km\/#breadcrumb","itemListElement":[{"@type":"ListItem","position":1,"name":"Home","item":"https:\/\/projekt.vombat.ee\/eco\/"},{"@type":"ListItem","position":2,"name":"Pood","item":"https:\/\/projekt.vombat.ee\/eco\/pood\/"},{"@type":"ListItem","position":3,"name":"Fafrees F20 Light Elektriratas, 110km"}]},{"@type":"WebSite","@id":"https:\/\/projekt.vombat.ee\/eco\/#website","url":"https:\/\/projekt.vombat.ee\/eco\/","name":"Ecocruiser","description":"","publisher":{"@id":"https:\/\/projekt.vombat.ee\/eco\/#organization"},"potentialAction":[{"@type":"SearchAction","target":{"@type":"EntryPoint","urlTemplate":"https:\/\/projekt.vombat.ee\/eco\/?s={search_term_string}"},"query-input":{"@type":"PropertyValueSpecification","valueRequired":true,"valueName":"search_term_string"}}],"inLanguage":"en-GB"},{"@type":"Organization","@id":"https:\/\/projekt.vombat.ee\/eco\/#organization","name":"Ecocruiser","url":"https:\/\/projekt.vombat.ee\/eco\/","logo":{"@type":"ImageObject","inLanguage":"en-GB","@id":"https:\/\/projekt.vombat.ee\/eco\/#\/schema\/logo\/image\/","url":"https:\/\/projekt.vombat.ee\/eco\/wp-content\/uploads\/2023\/03\/ECOCRUISER_5.png","contentUrl":"https:\/\/projekt.vombat.ee\/eco\/wp-content\/uploads\/2023\/03\/ECOCRUISER_5.png","width":234,"height":91,"caption":"Ecocruiser"},"image":{"@id":"https:\/\/projekt.vombat.ee\/eco\/#\/schema\/logo\/image\/"}}]}},"lang":"et","translations":{"et":8957,"fi":9191},"pll_sync_post":[],"_links":{"self":[{"href":"https:\/\/projekt.vombat.ee\/eco\/wp-json\/wp\/v2\/product\/8957"}],"collection":[{"href":"https:\/\/projekt.vombat.ee\/eco\/wp-json\/wp\/v2\/product"}],"about":[{"href":"https:\/\/projekt.vombat.ee\/eco\/wp-json\/wp\/v2\/types\/product"}],"version-history":[{"count":2,"href":"https:\/\/projekt.vombat.ee\/eco\/wp-json\/wp\/v2\/product\/8957\/revisions"}],"predecessor-version":[{"id":8974,"href":"https:\/\/projekt.vombat.ee\/eco\/wp-json\/wp\/v2\/product\/8957\/revisions\/8974"}],"wp:featuredmedia":[{"embeddable":true,"href":"https:\/\/projekt.vombat.ee\/eco\/wp-json\/wp\/v2\/media\/8958"}],"wp:attachment":[{"href":"https:\/\/projekt.vombat.ee\/eco\/wp-json\/wp\/v2\/media?parent=8957"}],"wp:term":[{"taxonomy":"product_cat","embeddable":true,"href":"https:\/\/projekt.vombat.ee\/eco\/wp-json\/wp\/v2\/product_cat?post=8957"},{"taxonomy":"product_tag","embeddable":true,"href":"https:\/\/projekt.vombat.ee\/eco\/wp-json\/wp\/v2\/product_tag?post=8957"}],"curies":[{"name":"wp","href":"https:\/\/api.w.org\/{rel}","templated":true}]}}