{"id":8903,"date":"2023-04-23T16:29:39","date_gmt":"2023-04-23T16:29:39","guid":{"rendered":"https:\/\/projekt.vombat.ee\/eco\/?post_type=product&#038;p=8903"},"modified":"2023-05-28T10:48:15","modified_gmt":"2023-05-28T10:48:15","slug":"gpad-storm-max-elektriline-toukeratas-65","status":"publish","type":"product","link":"https:\/\/projekt.vombat.ee\/eco\/pood\/brandid\/gpad\/gpad-storm-max-elektriline-toukeratas-65\/","title":{"rendered":"Gpad Storm Max elektriline t\u00f5ukeratas, 65km"},"content":{"rendered":"<h1>GPAD STORM MAX ELEKTRILINE T\u00d5UKERATAS<\/h1>\n<p><strong>Gpad Storm Max<\/strong> on \u00fcks uuemaid ja v\u00f5imsamaid mudeleit kodumaise br\u00e4ndi Gpad valikust. Varasemalt tuntust kogunud nimetus Storm on j\u00e4\u00e4nud, kuid t\u00f5ukeratas ise selle taga on muutunud. K\u00f5ik vanad head omadused on sellel alles ning need asjad, mis j\u00e4id eelneval t\u00f5uksil puudulikuks on uuendatud ja paremaks tehtud. Storm on ideaalne t\u00f5ukeratas kui soovite s\u00f5ita nii linnas kui metsateedel ning ei soovi \u00fc\u00fcratut summat selle soovi t\u00e4itmiseks v\u00e4lja k\u00e4ia. Tegemist on kvaliteetse t\u00f5ukerattaga, millel on amordid, \u00f5hkrehvid ja k\u00f5ik muud mugavust tagavad elemendid. Storm seeria t\u00f5ukerataste puhul pole ka kasutajatele m\u00f5eldes ohverdatud kompaktsust ning kaasaskantavust, kuiv\u00f5rd t\u00f5ukeratas k\u00e4ib mugavalt kokku ning mahutub ilma suurema muret auto pagasiruumi.<\/p>\n<p>Vastavalt s\u00f5itjate vajadusele tuleb Storm m\u00fc\u00fcgile kolmes eri v\u00f5imsuses:<\/p>\n<ul>\n<li>Tava \u2013 \u00fche mootoriga kergeim versioon<\/li>\n<li>Max \u2013 kahe mootoriga ning suurema akuga versioon<\/li>\n<li>Ultra \u2013 nagu ka nimi juba \u00fctleb, siis sellel t\u00f5ukerattal k\u00f5ik on ULTRA (loe: rohkem v\u00e4\u00e4net)<\/li>\n<\/ul>\n<p><strong>NB!<\/strong> Elektrit\u00f5ukerattaga s\u00f5ites soovitame alati kanda <a href=\"https:\/\/projekt.vombat.ee\/eco\/pood\/?product-cata=707\">kiivrit<\/a>. Alla 16 aastase kergliikuri jaoks on elektrit\u00f5uksiga s\u00f5idu ajal kiivri kandmine\u00a0<a href=\"https:\/\/www.riigiteataja.ee\/akt\/113112020001\">seaduse<\/a>\u00a0j\u00e4rgi kohustuslik<\/p>\n","protected":false},"excerpt":{"rendered":"<p><strong>GPAD STORM MAX<\/strong><\/p>\n<p>&nbsp;<\/p>\n<ul>\n<li><strong>Max s\u00f5iduulatus<\/strong>: 65 KM<\/li>\n<li><strong>Kandev\u00f5ime<\/strong>: 120 kg<\/li>\n<li><strong>Mootori v\u00f5imsus<\/strong>: 2*1000W<\/li>\n<li><strong>Laadimisaeg<\/strong>: 11h<\/li>\n<li><strong>Aku<\/strong>: 23Ah<\/li>\n<li><strong>Max kiirus<\/strong>: 25km\/h<\/li>\n<\/ul>\n<p>&nbsp;<\/p>\n<p><strong>\u2666 Tarneaeg 2-4 p\u00e4eva<\/strong><br \/>\n<strong>\u2666 Laos<\/strong><\/p>\n","protected":false},"featured_media":8904,"template":"","meta":[],"product_cat":[1401,53,911,939],"product_tag":[],"class_list":{"0":"post-8903","1":"product","2":"type-product","3":"status-publish","4":"has-post-thumbnail","6":"product_cat-gpad","7":"product_cat-elektritoukerattad","8":"product_cat-voimsad-toukerattad","9":"product_cat-brandid","10":"product_shipping_class-suured-pakid","12":"first","13":"instock","14":"taxable","15":"shipping-taxable","16":"purchasable","17":"product-type-simple"},"yoast_head":"<!-- This site is optimized with the Yoast SEO plugin v23.8 - https:\/\/yoast.com\/wordpress\/plugins\/seo\/ -->\n<title>Gpad Storm Max elektriline t\u00f5ukeratas, 65km - Ecocruiser<\/title>\n<meta name=\"description\" content=\"Gpad Storm Max elektriline t\u00f5ukeratas, 65km - Kvaliteetsed br\u00e4ndid, lai valik - Ecocruiser.ee - K\u00fcsimuste korral v\u00f5ta \u00fchendust info@projekt.vombat.ee\" \/>\n<meta name=\"robots\" content=\"noindex, follow, max-snippet:-1, max-image-preview:large, max-video-preview:-1\" \/>\n<meta property=\"og:locale\" content=\"en_GB\" \/>\n<meta property=\"og:type\" content=\"article\" \/>\n<meta property=\"og:title\" content=\"Gpad Storm Max elektriline t\u00f5ukeratas, 65km - Ecocruiser\" \/>\n<meta property=\"og:description\" content=\"Gpad Storm Max elektriline t\u00f5ukeratas, 65km - Kvaliteetsed br\u00e4ndid, lai valik - Ecocruiser.ee - K\u00fcsimuste korral v\u00f5ta \u00fchendust info@projekt.vombat.ee\" \/>\n<meta property=\"og:url\" content=\"https:\/\/projekt.vombat.ee\/eco\/pood\/brandid\/gpad\/gpad-storm-max-elektriline-toukeratas-65\/\" \/>\n<meta property=\"og:site_name\" content=\"Ecocruiser\" \/>\n<meta property=\"article:modified_time\" content=\"2023-05-28T10:48:15+00:00\" \/>\n<meta property=\"og:image\" content=\"https:\/\/projekt.vombat.ee\/eco\/wp-content\/uploads\/2023\/04\/Gpad-Storm-Max.webp\" \/>\n\t<meta property=\"og:image:width\" content=\"1920\" \/>\n\t<meta property=\"og:image:height\" content=\"1920\" \/>\n\t<meta property=\"og:image:type\" content=\"image\/webp\" \/>\n<meta name=\"twitter:card\" content=\"summary_large_image\" \/>\n<meta name=\"twitter:label1\" content=\"Estimated reading time\" \/>\n\t<meta name=\"twitter:data1\" content=\"1 minute\" \/>\n<script type=\"application\/ld+json\" class=\"yoast-schema-graph\">{\"@context\":\"https:\/\/schema.org\",\"@graph\":[{\"@type\":\"WebPage\",\"@id\":\"https:\/\/projekt.vombat.ee\/eco\/pood\/brandid\/gpad\/gpad-storm-max-elektriline-toukeratas-65\/\",\"url\":\"https:\/\/projekt.vombat.ee\/eco\/pood\/brandid\/gpad\/gpad-storm-max-elektriline-toukeratas-65\/\",\"name\":\"Gpad Storm Max elektriline t\u00f5ukeratas, 65km - Ecocruiser\",\"isPartOf\":{\"@id\":\"https:\/\/projekt.vombat.ee\/eco\/#website\"},\"primaryImageOfPage\":{\"@id\":\"https:\/\/projekt.vombat.ee\/eco\/pood\/brandid\/gpad\/gpad-storm-max-elektriline-toukeratas-65\/#primaryimage\"},\"image\":{\"@id\":\"https:\/\/projekt.vombat.ee\/eco\/pood\/brandid\/gpad\/gpad-storm-max-elektriline-toukeratas-65\/#primaryimage\"},\"thumbnailUrl\":\"https:\/\/projekt.vombat.ee\/eco\/wp-content\/uploads\/2023\/04\/Gpad-Storm-Max.webp\",\"datePublished\":\"2023-04-23T16:29:39+00:00\",\"dateModified\":\"2023-05-28T10:48:15+00:00\",\"description\":\"Gpad Storm Max elektriline t\u00f5ukeratas, 65km - Kvaliteetsed br\u00e4ndid, lai valik - Ecocruiser.ee - K\u00fcsimuste korral v\u00f5ta \u00fchendust info@projekt.vombat.ee\",\"breadcrumb\":{\"@id\":\"https:\/\/projekt.vombat.ee\/eco\/pood\/brandid\/gpad\/gpad-storm-max-elektriline-toukeratas-65\/#breadcrumb\"},\"inLanguage\":\"en-GB\",\"potentialAction\":[{\"@type\":\"ReadAction\",\"target\":[\"https:\/\/projekt.vombat.ee\/eco\/pood\/brandid\/gpad\/gpad-storm-max-elektriline-toukeratas-65\/\"]}]},{\"@type\":\"ImageObject\",\"inLanguage\":\"en-GB\",\"@id\":\"https:\/\/projekt.vombat.ee\/eco\/pood\/brandid\/gpad\/gpad-storm-max-elektriline-toukeratas-65\/#primaryimage\",\"url\":\"https:\/\/projekt.vombat.ee\/eco\/wp-content\/uploads\/2023\/04\/Gpad-Storm-Max.webp\",\"contentUrl\":\"https:\/\/projekt.vombat.ee\/eco\/wp-content\/uploads\/2023\/04\/Gpad-Storm-Max.webp\",\"width\":1920,\"height\":1920,\"caption\":\"Gpad Storm Ultra\"},{\"@type\":\"BreadcrumbList\",\"@id\":\"https:\/\/projekt.vombat.ee\/eco\/pood\/brandid\/gpad\/gpad-storm-max-elektriline-toukeratas-65\/#breadcrumb\",\"itemListElement\":[{\"@type\":\"ListItem\",\"position\":1,\"name\":\"Home\",\"item\":\"https:\/\/projekt.vombat.ee\/eco\/\"},{\"@type\":\"ListItem\",\"position\":2,\"name\":\"Pood\",\"item\":\"https:\/\/projekt.vombat.ee\/eco\/pood\/\"},{\"@type\":\"ListItem\",\"position\":3,\"name\":\"Gpad Storm Max elektriline t\u00f5ukeratas, 65km\"}]},{\"@type\":\"WebSite\",\"@id\":\"https:\/\/projekt.vombat.ee\/eco\/#website\",\"url\":\"https:\/\/projekt.vombat.ee\/eco\/\",\"name\":\"Ecocruiser\",\"description\":\"\",\"publisher\":{\"@id\":\"https:\/\/projekt.vombat.ee\/eco\/#organization\"},\"potentialAction\":[{\"@type\":\"SearchAction\",\"target\":{\"@type\":\"EntryPoint\",\"urlTemplate\":\"https:\/\/projekt.vombat.ee\/eco\/?s={search_term_string}\"},\"query-input\":{\"@type\":\"PropertyValueSpecification\",\"valueRequired\":true,\"valueName\":\"search_term_string\"}}],\"inLanguage\":\"en-GB\"},{\"@type\":\"Organization\",\"@id\":\"https:\/\/projekt.vombat.ee\/eco\/#organization\",\"name\":\"Ecocruiser\",\"url\":\"https:\/\/projekt.vombat.ee\/eco\/\",\"logo\":{\"@type\":\"ImageObject\",\"inLanguage\":\"en-GB\",\"@id\":\"https:\/\/projekt.vombat.ee\/eco\/#\/schema\/logo\/image\/\",\"url\":\"https:\/\/projekt.vombat.ee\/eco\/wp-content\/uploads\/2023\/03\/ECOCRUISER_5.png\",\"contentUrl\":\"https:\/\/projekt.vombat.ee\/eco\/wp-content\/uploads\/2023\/03\/ECOCRUISER_5.png\",\"width\":234,\"height\":91,\"caption\":\"Ecocruiser\"},\"image\":{\"@id\":\"https:\/\/projekt.vombat.ee\/eco\/#\/schema\/logo\/image\/\"}}]}<\/script>\n<!-- \/ Yoast SEO plugin. -->","yoast_head_json":{"title":"Gpad Storm Max elektriline t\u00f5ukeratas, 65km - Ecocruiser","description":"Gpad Storm Max elektriline t\u00f5ukeratas, 65km - Kvaliteetsed br\u00e4ndid, lai valik - Ecocruiser.ee - K\u00fcsimuste korral v\u00f5ta \u00fchendust info@projekt.vombat.ee","robots":{"index":"noindex","follow":"follow","max-snippet":"max-snippet:-1","max-image-preview":"max-image-preview:large","max-video-preview":"max-video-preview:-1"},"og_locale":"en_GB","og_type":"article","og_title":"Gpad Storm Max elektriline t\u00f5ukeratas, 65km - Ecocruiser","og_description":"Gpad Storm Max elektriline t\u00f5ukeratas, 65km - Kvaliteetsed br\u00e4ndid, lai valik - Ecocruiser.ee - K\u00fcsimuste korral v\u00f5ta \u00fchendust info@projekt.vombat.ee","og_url":"https:\/\/projekt.vombat.ee\/eco\/pood\/brandid\/gpad\/gpad-storm-max-elektriline-toukeratas-65\/","og_site_name":"Ecocruiser","article_modified_time":"2023-05-28T10:48:15+00:00","og_image":[{"width":1920,"height":1920,"url":"https:\/\/projekt.vombat.ee\/eco\/wp-content\/uploads\/2023\/04\/Gpad-Storm-Max.webp","type":"image\/webp"}],"twitter_card":"summary_large_image","twitter_misc":{"Estimated reading time":"1 minute"},"schema":{"@context":"https:\/\/schema.org","@graph":[{"@type":"WebPage","@id":"https:\/\/projekt.vombat.ee\/eco\/pood\/brandid\/gpad\/gpad-storm-max-elektriline-toukeratas-65\/","url":"https:\/\/projekt.vombat.ee\/eco\/pood\/brandid\/gpad\/gpad-storm-max-elektriline-toukeratas-65\/","name":"Gpad Storm Max elektriline t\u00f5ukeratas, 65km - Ecocruiser","isPartOf":{"@id":"https:\/\/projekt.vombat.ee\/eco\/#website"},"primaryImageOfPage":{"@id":"https:\/\/projekt.vombat.ee\/eco\/pood\/brandid\/gpad\/gpad-storm-max-elektriline-toukeratas-65\/#primaryimage"},"image":{"@id":"https:\/\/projekt.vombat.ee\/eco\/pood\/brandid\/gpad\/gpad-storm-max-elektriline-toukeratas-65\/#primaryimage"},"thumbnailUrl":"https:\/\/projekt.vombat.ee\/eco\/wp-content\/uploads\/2023\/04\/Gpad-Storm-Max.webp","datePublished":"2023-04-23T16:29:39+00:00","dateModified":"2023-05-28T10:48:15+00:00","description":"Gpad Storm Max elektriline t\u00f5ukeratas, 65km - Kvaliteetsed br\u00e4ndid, lai valik - Ecocruiser.ee - K\u00fcsimuste korral v\u00f5ta \u00fchendust info@projekt.vombat.ee","breadcrumb":{"@id":"https:\/\/projekt.vombat.ee\/eco\/pood\/brandid\/gpad\/gpad-storm-max-elektriline-toukeratas-65\/#breadcrumb"},"inLanguage":"en-GB","potentialAction":[{"@type":"ReadAction","target":["https:\/\/projekt.vombat.ee\/eco\/pood\/brandid\/gpad\/gpad-storm-max-elektriline-toukeratas-65\/"]}]},{"@type":"ImageObject","inLanguage":"en-GB","@id":"https:\/\/projekt.vombat.ee\/eco\/pood\/brandid\/gpad\/gpad-storm-max-elektriline-toukeratas-65\/#primaryimage","url":"https:\/\/projekt.vombat.ee\/eco\/wp-content\/uploads\/2023\/04\/Gpad-Storm-Max.webp","contentUrl":"https:\/\/projekt.vombat.ee\/eco\/wp-content\/uploads\/2023\/04\/Gpad-Storm-Max.webp","width":1920,"height":1920,"caption":"Gpad Storm Ultra"},{"@type":"BreadcrumbList","@id":"https:\/\/projekt.vombat.ee\/eco\/pood\/brandid\/gpad\/gpad-storm-max-elektriline-toukeratas-65\/#breadcrumb","itemListElement":[{"@type":"ListItem","position":1,"name":"Home","item":"https:\/\/projekt.vombat.ee\/eco\/"},{"@type":"ListItem","position":2,"name":"Pood","item":"https:\/\/projekt.vombat.ee\/eco\/pood\/"},{"@type":"ListItem","position":3,"name":"Gpad Storm Max elektriline t\u00f5ukeratas, 65km"}]},{"@type":"WebSite","@id":"https:\/\/projekt.vombat.ee\/eco\/#website","url":"https:\/\/projekt.vombat.ee\/eco\/","name":"Ecocruiser","description":"","publisher":{"@id":"https:\/\/projekt.vombat.ee\/eco\/#organization"},"potentialAction":[{"@type":"SearchAction","target":{"@type":"EntryPoint","urlTemplate":"https:\/\/projekt.vombat.ee\/eco\/?s={search_term_string}"},"query-input":{"@type":"PropertyValueSpecification","valueRequired":true,"valueName":"search_term_string"}}],"inLanguage":"en-GB"},{"@type":"Organization","@id":"https:\/\/projekt.vombat.ee\/eco\/#organization","name":"Ecocruiser","url":"https:\/\/projekt.vombat.ee\/eco\/","logo":{"@type":"ImageObject","inLanguage":"en-GB","@id":"https:\/\/projekt.vombat.ee\/eco\/#\/schema\/logo\/image\/","url":"https:\/\/projekt.vombat.ee\/eco\/wp-content\/uploads\/2023\/03\/ECOCRUISER_5.png","contentUrl":"https:\/\/projekt.vombat.ee\/eco\/wp-content\/uploads\/2023\/03\/ECOCRUISER_5.png","width":234,"height":91,"caption":"Ecocruiser"},"image":{"@id":"https:\/\/projekt.vombat.ee\/eco\/#\/schema\/logo\/image\/"}}]}},"lang":"et","translations":{"et":8903},"pll_sync_post":[],"_links":{"self":[{"href":"https:\/\/projekt.vombat.ee\/eco\/wp-json\/wp\/v2\/product\/8903"}],"collection":[{"href":"https:\/\/projekt.vombat.ee\/eco\/wp-json\/wp\/v2\/product"}],"about":[{"href":"https:\/\/projekt.vombat.ee\/eco\/wp-json\/wp\/v2\/types\/product"}],"version-history":[{"count":4,"href":"https:\/\/projekt.vombat.ee\/eco\/wp-json\/wp\/v2\/product\/8903\/revisions"}],"predecessor-version":[{"id":8913,"href":"https:\/\/projekt.vombat.ee\/eco\/wp-json\/wp\/v2\/product\/8903\/revisions\/8913"}],"wp:featuredmedia":[{"embeddable":true,"href":"https:\/\/projekt.vombat.ee\/eco\/wp-json\/wp\/v2\/media\/8904"}],"wp:attachment":[{"href":"https:\/\/projekt.vombat.ee\/eco\/wp-json\/wp\/v2\/media?parent=8903"}],"wp:term":[{"taxonomy":"product_cat","embeddable":true,"href":"https:\/\/projekt.vombat.ee\/eco\/wp-json\/wp\/v2\/product_cat?post=8903"},{"taxonomy":"product_tag","embeddable":true,"href":"https:\/\/projekt.vombat.ee\/eco\/wp-json\/wp\/v2\/product_tag?post=8903"}],"curies":[{"name":"wp","href":"https:\/\/api.w.org\/{rel}","templated":true}]}}