{"id":8873,"date":"2023-04-23T15:29:37","date_gmt":"2023-04-23T15:29:37","guid":{"rendered":"https:\/\/projekt.vombat.ee\/eco\/?post_type=product&#038;p=8873"},"modified":"2024-06-30T12:57:45","modified_gmt":"2024-06-30T12:57:45","slug":"kaabo-mantis-10-eco-elektriline-toukeratas-70tk","status":"publish","type":"product","link":"https:\/\/projekt.vombat.ee\/eco\/pood\/brandid\/kaabo\/kaabo-mantis-10-eco-elektriline-toukeratas-70tk\/","title":{"rendered":"Kaabo Mantis 10 Eco elektriline t\u00f5ukeratas, 70km"},"content":{"rendered":"<h1>KAABO MANTIS 10 ECO ELEKTRILINE T\u00d5UKERATAS<\/h1>\n<p><strong>Kaabo<\/strong>\u00a0<strong>Mantis 10 Eco <\/strong>\u00a0\u2013 \u00dche mootoriga elektriline t\u00f5ukeratas, mis on suunatud kasutajale, kes soovib saada taskukohase hinna eest v\u00f5imsust, mugavust ja korraliku s\u00f5iduulatust. T\u00f5ukerattale on paigaldatud laiad 10&#8243; \u00f5hkrehvid, mis teevad s\u00f5idu nauditavaks ka ebatasastel pindadel. S\u00f5idumugavusele annavad veel juurde topeltamordid, mis asetsevad ees ja taga. Kui olete s\u00f5itnud n\u00e4iteks m\u00f5ne rendit\u00f5uksiga siis kindlasti on tuttav tunne see, kuidas p\u00e4rast pikemat s\u00f5itu k\u00e4elabad ja s\u00f5rmed valutavad. Antud mudeliga seda probleemi ei ole. \u00a0Mantis 10 sobib pikemat kasvu s\u00f5itjale, juhtraua p\u00fcstipoom on v\u00f5rreldes Mantis 8 mudeliga 11 cm pikem ja seet\u00f5ttu juhtraud asetseb selle v\u00f5rra k\u00f5rgemal. 15 cm p\u00f5hjak\u00f5rgus maapinnast tagab turvalisema s\u00f5idu tee\u00e4\u00e4rtest alla v\u00f5i \u00fcle takistuste s\u00f5ites.<\/p>\n<p>Kaabo Mantis 10 mudelil on EABS on elektriline piduris\u00fcsteem. Pidurdussignaali saabudes pidurdab elektrit\u00f5ukeratas koheselt ning mida suurem kiirus, seda tugevam on pidurdusefekt. EABS elektrooniline piduris\u00fcsteem ei tarbi aku elektrienergiat, vastupidi, pidurdamisel ja allam\u00e4ge pidurdamisel toimub l\u00fchikest aega aku laadimine. Lisaks on n\u00e4idiku paneelist \u00a0v\u00f5imalus valida pidurudusj\u00f5udu 3-erineva astme vahel.<br \/>\nSee elektrit\u00f5ukeratas on m\u00f5eldud n\u00f5udlikule s\u00f5itjale, kes soovib j\u00f5ulist kiirendust linnas\u00f5idul, samas on s\u00f5itmine sujuv ja m\u00f5nus. V\u00f5imas 800W mootor aitab saavutada lubatud kiiruse 25 km\/h. 48V aku pikendab l\u00e4bitavat distantsi. Kaabo sobib s\u00f5itjale, kellele meeldib gaasi lisada parema k\u00e4e nimetiss\u00f5rme all oleva heebliga.<\/p>\n<p><strong>NB!<\/strong> Elektrit\u00f5ukerattaga s\u00f5ites soovitame alati kanda <a href=\"https:\/\/projekt.vombat.ee\/eco\/pood\/?product-cata=707\">kiivrit<\/a>. Alla 16 aastase kergliikuri jaoks on elektrit\u00f5uksiga s\u00f5idu ajal kiivri kandmine\u00a0<a href=\"https:\/\/www.riigiteataja.ee\/akt\/113112020001\">seaduse<\/a>\u00a0j\u00e4rgi kohustuslik<\/p>\n","protected":false},"excerpt":{"rendered":"<p><strong>KAABO MANTIS 10 ECO\u00a0<\/strong><\/p>\n<p>&nbsp;<\/p>\n<ul>\n<li><strong>Max s\u00f5iduulatus<\/strong>: 70 KM<\/li>\n<li><strong>Kandev\u00f5ime<\/strong>: 120 kg<\/li>\n<li><strong>Mootori v\u00f5imsus<\/strong>: 800W<\/li>\n<li><strong>Laadimisaeg<\/strong>: 9h<\/li>\n<li><strong>Aku<\/strong>: 18,2Ah<\/li>\n<li><strong>Max kiirus<\/strong>: 25km\/h<\/li>\n<\/ul>\n<p>&nbsp;<\/p>\n<p><strong>\u2666 Tarneaeg 2-4 p\u00e4eva<\/strong><br \/>\n<strong>\u2666 Laos<\/strong><\/p>\n","protected":false},"featured_media":8874,"template":"","meta":[],"product_cat":[1399,53,911,939],"product_tag":[],"class_list":{"0":"post-8873","1":"product","2":"type-product","3":"status-publish","4":"has-post-thumbnail","6":"product_cat-kaabo","7":"product_cat-elektritoukerattad","8":"product_cat-voimsad-toukerattad","9":"product_cat-brandid","10":"product_shipping_class-suured-pakid","12":"first","13":"instock","14":"sale","15":"taxable","16":"shipping-taxable","17":"purchasable","18":"product-type-simple"},"yoast_head":"<!-- This site is optimized with the Yoast SEO plugin v23.8 - https:\/\/yoast.com\/wordpress\/plugins\/seo\/ -->\n<title>Kaabo Mantis 10 Eco elektriline t\u00f5ukeratas, 70km - Ecocruiser<\/title>\n<meta name=\"description\" content=\"Kaabo Mantis 10 Eco elektriline t\u00f5ukeratas, 70km - Kvaliteetsed br\u00e4ndid, lai valik - Ecocruiser.ee - K\u00fcsimuste korral v\u00f5ta \u00fchendust info@projekt.vombat.ee\" \/>\n<meta name=\"robots\" content=\"noindex, follow, max-snippet:-1, max-image-preview:large, max-video-preview:-1\" \/>\n<meta property=\"og:locale\" content=\"en_GB\" \/>\n<meta property=\"og:type\" content=\"article\" \/>\n<meta property=\"og:title\" content=\"Kaabo Mantis 10 Eco elektriline t\u00f5ukeratas, 70km - Ecocruiser\" \/>\n<meta property=\"og:description\" content=\"Kaabo Mantis 10 Eco elektriline t\u00f5ukeratas, 70km - Kvaliteetsed br\u00e4ndid, lai valik - Ecocruiser.ee - K\u00fcsimuste korral v\u00f5ta \u00fchendust info@projekt.vombat.ee\" \/>\n<meta property=\"og:url\" content=\"https:\/\/projekt.vombat.ee\/eco\/pood\/brandid\/kaabo\/kaabo-mantis-10-eco-elektriline-toukeratas-70tk\/\" \/>\n<meta property=\"og:site_name\" content=\"Ecocruiser\" \/>\n<meta property=\"article:modified_time\" content=\"2024-06-30T12:57:45+00:00\" \/>\n<meta property=\"og:image\" content=\"https:\/\/projekt.vombat.ee\/eco\/wp-content\/uploads\/2023\/04\/Kaabo-Mantis-10-Eco.jpg\" \/>\n\t<meta property=\"og:image:width\" content=\"680\" \/>\n\t<meta property=\"og:image:height\" content=\"680\" \/>\n\t<meta property=\"og:image:type\" content=\"image\/jpeg\" \/>\n<meta name=\"twitter:card\" content=\"summary_large_image\" \/>\n<meta name=\"twitter:label1\" content=\"Estimated reading time\" \/>\n\t<meta name=\"twitter:data1\" content=\"2 minutes\" \/>\n<script type=\"application\/ld+json\" class=\"yoast-schema-graph\">{\"@context\":\"https:\/\/schema.org\",\"@graph\":[{\"@type\":\"WebPage\",\"@id\":\"https:\/\/projekt.vombat.ee\/eco\/pood\/brandid\/kaabo\/kaabo-mantis-10-eco-elektriline-toukeratas-70tk\/\",\"url\":\"https:\/\/projekt.vombat.ee\/eco\/pood\/brandid\/kaabo\/kaabo-mantis-10-eco-elektriline-toukeratas-70tk\/\",\"name\":\"Kaabo Mantis 10 Eco elektriline t\u00f5ukeratas, 70km - Ecocruiser\",\"isPartOf\":{\"@id\":\"https:\/\/projekt.vombat.ee\/eco\/#website\"},\"primaryImageOfPage\":{\"@id\":\"https:\/\/projekt.vombat.ee\/eco\/pood\/brandid\/kaabo\/kaabo-mantis-10-eco-elektriline-toukeratas-70tk\/#primaryimage\"},\"image\":{\"@id\":\"https:\/\/projekt.vombat.ee\/eco\/pood\/brandid\/kaabo\/kaabo-mantis-10-eco-elektriline-toukeratas-70tk\/#primaryimage\"},\"thumbnailUrl\":\"https:\/\/projekt.vombat.ee\/eco\/wp-content\/uploads\/2023\/04\/Kaabo-Mantis-10-Eco.jpg\",\"datePublished\":\"2023-04-23T15:29:37+00:00\",\"dateModified\":\"2024-06-30T12:57:45+00:00\",\"description\":\"Kaabo Mantis 10 Eco elektriline t\u00f5ukeratas, 70km - Kvaliteetsed br\u00e4ndid, lai valik - Ecocruiser.ee - K\u00fcsimuste korral v\u00f5ta \u00fchendust info@projekt.vombat.ee\",\"breadcrumb\":{\"@id\":\"https:\/\/projekt.vombat.ee\/eco\/pood\/brandid\/kaabo\/kaabo-mantis-10-eco-elektriline-toukeratas-70tk\/#breadcrumb\"},\"inLanguage\":\"en-GB\",\"potentialAction\":[{\"@type\":\"ReadAction\",\"target\":[\"https:\/\/projekt.vombat.ee\/eco\/pood\/brandid\/kaabo\/kaabo-mantis-10-eco-elektriline-toukeratas-70tk\/\"]}]},{\"@type\":\"ImageObject\",\"inLanguage\":\"en-GB\",\"@id\":\"https:\/\/projekt.vombat.ee\/eco\/pood\/brandid\/kaabo\/kaabo-mantis-10-eco-elektriline-toukeratas-70tk\/#primaryimage\",\"url\":\"https:\/\/projekt.vombat.ee\/eco\/wp-content\/uploads\/2023\/04\/Kaabo-Mantis-10-Eco.jpg\",\"contentUrl\":\"https:\/\/projekt.vombat.ee\/eco\/wp-content\/uploads\/2023\/04\/Kaabo-Mantis-10-Eco.jpg\",\"width\":680,\"height\":680,\"caption\":\"Kaabo Mantis 10 Eco\"},{\"@type\":\"BreadcrumbList\",\"@id\":\"https:\/\/projekt.vombat.ee\/eco\/pood\/brandid\/kaabo\/kaabo-mantis-10-eco-elektriline-toukeratas-70tk\/#breadcrumb\",\"itemListElement\":[{\"@type\":\"ListItem\",\"position\":1,\"name\":\"Home\",\"item\":\"https:\/\/projekt.vombat.ee\/eco\/\"},{\"@type\":\"ListItem\",\"position\":2,\"name\":\"Pood\",\"item\":\"https:\/\/projekt.vombat.ee\/eco\/pood\/\"},{\"@type\":\"ListItem\",\"position\":3,\"name\":\"Kaabo Mantis 10 Eco elektriline t\u00f5ukeratas, 70km\"}]},{\"@type\":\"WebSite\",\"@id\":\"https:\/\/projekt.vombat.ee\/eco\/#website\",\"url\":\"https:\/\/projekt.vombat.ee\/eco\/\",\"name\":\"Ecocruiser\",\"description\":\"\",\"publisher\":{\"@id\":\"https:\/\/projekt.vombat.ee\/eco\/#organization\"},\"potentialAction\":[{\"@type\":\"SearchAction\",\"target\":{\"@type\":\"EntryPoint\",\"urlTemplate\":\"https:\/\/projekt.vombat.ee\/eco\/?s={search_term_string}\"},\"query-input\":{\"@type\":\"PropertyValueSpecification\",\"valueRequired\":true,\"valueName\":\"search_term_string\"}}],\"inLanguage\":\"en-GB\"},{\"@type\":\"Organization\",\"@id\":\"https:\/\/projekt.vombat.ee\/eco\/#organization\",\"name\":\"Ecocruiser\",\"url\":\"https:\/\/projekt.vombat.ee\/eco\/\",\"logo\":{\"@type\":\"ImageObject\",\"inLanguage\":\"en-GB\",\"@id\":\"https:\/\/projekt.vombat.ee\/eco\/#\/schema\/logo\/image\/\",\"url\":\"https:\/\/projekt.vombat.ee\/eco\/wp-content\/uploads\/2023\/03\/ECOCRUISER_5.png\",\"contentUrl\":\"https:\/\/projekt.vombat.ee\/eco\/wp-content\/uploads\/2023\/03\/ECOCRUISER_5.png\",\"width\":234,\"height\":91,\"caption\":\"Ecocruiser\"},\"image\":{\"@id\":\"https:\/\/projekt.vombat.ee\/eco\/#\/schema\/logo\/image\/\"}}]}<\/script>\n<!-- \/ Yoast SEO plugin. -->","yoast_head_json":{"title":"Kaabo Mantis 10 Eco elektriline t\u00f5ukeratas, 70km - Ecocruiser","description":"Kaabo Mantis 10 Eco elektriline t\u00f5ukeratas, 70km - Kvaliteetsed br\u00e4ndid, lai valik - Ecocruiser.ee - K\u00fcsimuste korral v\u00f5ta \u00fchendust info@projekt.vombat.ee","robots":{"index":"noindex","follow":"follow","max-snippet":"max-snippet:-1","max-image-preview":"max-image-preview:large","max-video-preview":"max-video-preview:-1"},"og_locale":"en_GB","og_type":"article","og_title":"Kaabo Mantis 10 Eco elektriline t\u00f5ukeratas, 70km - Ecocruiser","og_description":"Kaabo Mantis 10 Eco elektriline t\u00f5ukeratas, 70km - Kvaliteetsed br\u00e4ndid, lai valik - Ecocruiser.ee - K\u00fcsimuste korral v\u00f5ta \u00fchendust info@projekt.vombat.ee","og_url":"https:\/\/projekt.vombat.ee\/eco\/pood\/brandid\/kaabo\/kaabo-mantis-10-eco-elektriline-toukeratas-70tk\/","og_site_name":"Ecocruiser","article_modified_time":"2024-06-30T12:57:45+00:00","og_image":[{"width":680,"height":680,"url":"https:\/\/projekt.vombat.ee\/eco\/wp-content\/uploads\/2023\/04\/Kaabo-Mantis-10-Eco.jpg","type":"image\/jpeg"}],"twitter_card":"summary_large_image","twitter_misc":{"Estimated reading time":"2 minutes"},"schema":{"@context":"https:\/\/schema.org","@graph":[{"@type":"WebPage","@id":"https:\/\/projekt.vombat.ee\/eco\/pood\/brandid\/kaabo\/kaabo-mantis-10-eco-elektriline-toukeratas-70tk\/","url":"https:\/\/projekt.vombat.ee\/eco\/pood\/brandid\/kaabo\/kaabo-mantis-10-eco-elektriline-toukeratas-70tk\/","name":"Kaabo Mantis 10 Eco elektriline t\u00f5ukeratas, 70km - Ecocruiser","isPartOf":{"@id":"https:\/\/projekt.vombat.ee\/eco\/#website"},"primaryImageOfPage":{"@id":"https:\/\/projekt.vombat.ee\/eco\/pood\/brandid\/kaabo\/kaabo-mantis-10-eco-elektriline-toukeratas-70tk\/#primaryimage"},"image":{"@id":"https:\/\/projekt.vombat.ee\/eco\/pood\/brandid\/kaabo\/kaabo-mantis-10-eco-elektriline-toukeratas-70tk\/#primaryimage"},"thumbnailUrl":"https:\/\/projekt.vombat.ee\/eco\/wp-content\/uploads\/2023\/04\/Kaabo-Mantis-10-Eco.jpg","datePublished":"2023-04-23T15:29:37+00:00","dateModified":"2024-06-30T12:57:45+00:00","description":"Kaabo Mantis 10 Eco elektriline t\u00f5ukeratas, 70km - Kvaliteetsed br\u00e4ndid, lai valik - Ecocruiser.ee - K\u00fcsimuste korral v\u00f5ta \u00fchendust info@projekt.vombat.ee","breadcrumb":{"@id":"https:\/\/projekt.vombat.ee\/eco\/pood\/brandid\/kaabo\/kaabo-mantis-10-eco-elektriline-toukeratas-70tk\/#breadcrumb"},"inLanguage":"en-GB","potentialAction":[{"@type":"ReadAction","target":["https:\/\/projekt.vombat.ee\/eco\/pood\/brandid\/kaabo\/kaabo-mantis-10-eco-elektriline-toukeratas-70tk\/"]}]},{"@type":"ImageObject","inLanguage":"en-GB","@id":"https:\/\/projekt.vombat.ee\/eco\/pood\/brandid\/kaabo\/kaabo-mantis-10-eco-elektriline-toukeratas-70tk\/#primaryimage","url":"https:\/\/projekt.vombat.ee\/eco\/wp-content\/uploads\/2023\/04\/Kaabo-Mantis-10-Eco.jpg","contentUrl":"https:\/\/projekt.vombat.ee\/eco\/wp-content\/uploads\/2023\/04\/Kaabo-Mantis-10-Eco.jpg","width":680,"height":680,"caption":"Kaabo Mantis 10 Eco"},{"@type":"BreadcrumbList","@id":"https:\/\/projekt.vombat.ee\/eco\/pood\/brandid\/kaabo\/kaabo-mantis-10-eco-elektriline-toukeratas-70tk\/#breadcrumb","itemListElement":[{"@type":"ListItem","position":1,"name":"Home","item":"https:\/\/projekt.vombat.ee\/eco\/"},{"@type":"ListItem","position":2,"name":"Pood","item":"https:\/\/projekt.vombat.ee\/eco\/pood\/"},{"@type":"ListItem","position":3,"name":"Kaabo Mantis 10 Eco elektriline t\u00f5ukeratas, 70km"}]},{"@type":"WebSite","@id":"https:\/\/projekt.vombat.ee\/eco\/#website","url":"https:\/\/projekt.vombat.ee\/eco\/","name":"Ecocruiser","description":"","publisher":{"@id":"https:\/\/projekt.vombat.ee\/eco\/#organization"},"potentialAction":[{"@type":"SearchAction","target":{"@type":"EntryPoint","urlTemplate":"https:\/\/projekt.vombat.ee\/eco\/?s={search_term_string}"},"query-input":{"@type":"PropertyValueSpecification","valueRequired":true,"valueName":"search_term_string"}}],"inLanguage":"en-GB"},{"@type":"Organization","@id":"https:\/\/projekt.vombat.ee\/eco\/#organization","name":"Ecocruiser","url":"https:\/\/projekt.vombat.ee\/eco\/","logo":{"@type":"ImageObject","inLanguage":"en-GB","@id":"https:\/\/projekt.vombat.ee\/eco\/#\/schema\/logo\/image\/","url":"https:\/\/projekt.vombat.ee\/eco\/wp-content\/uploads\/2023\/03\/ECOCRUISER_5.png","contentUrl":"https:\/\/projekt.vombat.ee\/eco\/wp-content\/uploads\/2023\/03\/ECOCRUISER_5.png","width":234,"height":91,"caption":"Ecocruiser"},"image":{"@id":"https:\/\/projekt.vombat.ee\/eco\/#\/schema\/logo\/image\/"}}]}},"lang":"et","translations":{"et":8873},"pll_sync_post":[],"_links":{"self":[{"href":"https:\/\/projekt.vombat.ee\/eco\/wp-json\/wp\/v2\/product\/8873"}],"collection":[{"href":"https:\/\/projekt.vombat.ee\/eco\/wp-json\/wp\/v2\/product"}],"about":[{"href":"https:\/\/projekt.vombat.ee\/eco\/wp-json\/wp\/v2\/types\/product"}],"version-history":[{"count":2,"href":"https:\/\/projekt.vombat.ee\/eco\/wp-json\/wp\/v2\/product\/8873\/revisions"}],"predecessor-version":[{"id":8918,"href":"https:\/\/projekt.vombat.ee\/eco\/wp-json\/wp\/v2\/product\/8873\/revisions\/8918"}],"wp:featuredmedia":[{"embeddable":true,"href":"https:\/\/projekt.vombat.ee\/eco\/wp-json\/wp\/v2\/media\/8874"}],"wp:attachment":[{"href":"https:\/\/projekt.vombat.ee\/eco\/wp-json\/wp\/v2\/media?parent=8873"}],"wp:term":[{"taxonomy":"product_cat","embeddable":true,"href":"https:\/\/projekt.vombat.ee\/eco\/wp-json\/wp\/v2\/product_cat?post=8873"},{"taxonomy":"product_tag","embeddable":true,"href":"https:\/\/projekt.vombat.ee\/eco\/wp-json\/wp\/v2\/product_tag?post=8873"}],"curies":[{"name":"wp","href":"https:\/\/api.w.org\/{rel}","templated":true}]}}