{"id":8867,"date":"2023-04-22T05:43:57","date_gmt":"2023-04-22T05:43:57","guid":{"rendered":"https:\/\/projekt.vombat.ee\/eco\/?post_type=product&#038;p=8867"},"modified":"2024-06-30T12:50:48","modified_gmt":"2024-06-30T12:50:48","slug":"kaabo-skywalker-10c-eco-highway-elektriline-toukeratas-55km","status":"publish","type":"product","link":"https:\/\/projekt.vombat.ee\/eco\/pood\/brandid\/kaabo\/kaabo-skywalker-10c-eco-highway-elektriline-toukeratas-55km\/","title":{"rendered":"Kaabo Skywalker 10C Eco Highway elektriline t\u00f5ukeratas, 55km"},"content":{"rendered":"<h1>KAABO SKYWALKER 10C ECO HIGHWAY ELEKTRILINE T\u00d5UKERATAS<\/h1>\n<p><strong>Elektrit\u00f5ukeratas Kaabo Skywalker 10<\/strong><strong>C<\/strong> on suunatud kasutajale kes otsib t\u00f5ukerattast nii v\u00f5imsust kui ka mugavust. Tegemist on ideaalse t\u00f5ukerattaga, millega saab s\u00f5ita nii linnas kui metsaradadel. Peamisteks eelisteks on laiem seisuplatvorm, amordid, ketaspidurid ja 800W mootor. V\u00f5imeka 800W mootori ja kvaliteetse 48V\/15,6Ah liitium ioon akuga varustatud t\u00f5ukeratas v\u00f5imaldab teil s\u00f5itu nautida kiirusega kuni 25km\/h ning \u00fche laadimisega on v\u00f5imalik l\u00e4bida kuni 55km. V\u00f5rreldes m\u00f5ne Nineboti v\u00f5i Xiaomi t\u00f5uksiga siis amordid teevad s\u00f5itmise kordades mugavamaks. Lisaks annavad stabiilsust 10-tollised highway rehvid.<br \/>\nMudelil Kaabo Skywalker on EABS on elektriline piduris\u00fcsteem. Pidurdussignaali saabudes pidurdab elektrit\u00f5ukeratas koheselt ning mida suurem kiirus, seda tugevam on pidurdusefekt. EABS elektrooniline piduris\u00fcsteem ei tarbi aku elektrienergiat, vastupidi, pidurdamisel ja allam\u00e4ge pidurdamisel toimub l\u00fchikest aega aku laadimine. Lisaks on n\u00e4idiku paneelist \u00a0v\u00f5imalus valida pidurudusj\u00f5udu 3-erineva astme vahel.<\/p>\n<p><strong>NB!<\/strong> Elektrit\u00f5ukerattaga s\u00f5ites soovitame alati kanda <a href=\"https:\/\/projekt.vombat.ee\/eco\/pood\/?product-cata=707\">kiivrit<\/a>. Alla 16 aastase kergliikuri jaoks on elektrit\u00f5uksiga s\u00f5idu ajal kiivri kandmine\u00a0<a href=\"https:\/\/www.riigiteataja.ee\/akt\/113112020001\">seaduse<\/a>\u00a0j\u00e4rgi kohustuslik<\/p>\n","protected":false},"excerpt":{"rendered":"<p><strong>KAABO SKYWALKER 10C ECO HIGHWAY<\/strong><\/p>\n<p>&nbsp;<\/p>\n<ul>\n<li><strong>Max s\u00f5iduulatus<\/strong>: 55 KM<\/li>\n<li><strong>Kandev\u00f5ime<\/strong>: 120 kg<\/li>\n<li><strong>Mootori v\u00f5imsus<\/strong>: 800W<\/li>\n<li><strong>Laadimisaeg<\/strong>: 8h<\/li>\n<li><strong>Aku<\/strong>: 15,6Ah<\/li>\n<li><strong>Max kiirus<\/strong>: 25km\/h<\/li>\n<\/ul>\n<p>&nbsp;<\/p>\n<p><strong>\u2666 Tarneaeg 2-4 p\u00e4eva<\/strong><br \/>\n<strong>\u2666 Laos<\/strong><\/p>\n","protected":false},"featured_media":8857,"template":"","meta":[],"product_cat":[1399,53,909,939],"product_tag":[],"class_list":{"0":"post-8867","1":"product","2":"type-product","3":"status-publish","4":"has-post-thumbnail","6":"product_cat-kaabo","7":"product_cat-elektritoukerattad","8":"product_cat-linna-toukerattad","9":"product_cat-brandid","10":"product_shipping_class-suured-pakid","12":"first","13":"instock","14":"sale","15":"taxable","16":"shipping-taxable","17":"purchasable","18":"product-type-simple"},"yoast_head":"<!-- This site is optimized with the Yoast SEO plugin v23.8 - https:\/\/yoast.com\/wordpress\/plugins\/seo\/ -->\n<title>Kaabo Skywalker 10C Eco, 800W - Ecocruiser<\/title>\n<meta name=\"description\" content=\"Kaabo Skywalker 10C Eco - Kvaliteetsed br\u00e4ndid, lai valik - Ecocruiser.ee - K\u00fcsimuste korral v\u00f5ta \u00fchendust info@projekt.vombat.ee\" \/>\n<meta name=\"robots\" content=\"noindex, follow, max-snippet:-1, max-image-preview:large, max-video-preview:-1\" \/>\n<meta property=\"og:locale\" content=\"en_GB\" \/>\n<meta property=\"og:type\" content=\"article\" \/>\n<meta property=\"og:title\" content=\"Kaabo Skywalker 10C Eco, 800W - Ecocruiser\" \/>\n<meta property=\"og:description\" content=\"Kaabo Skywalker 10C Eco - Kvaliteetsed br\u00e4ndid, lai valik - Ecocruiser.ee - K\u00fcsimuste korral v\u00f5ta \u00fchendust info@projekt.vombat.ee\" \/>\n<meta property=\"og:url\" content=\"https:\/\/projekt.vombat.ee\/eco\/pood\/brandid\/kaabo\/kaabo-skywalker-10c-eco-highway-elektriline-toukeratas-55km\/\" \/>\n<meta property=\"og:site_name\" content=\"Ecocruiser\" \/>\n<meta property=\"article:modified_time\" content=\"2024-06-30T12:50:48+00:00\" \/>\n<meta property=\"og:image\" content=\"https:\/\/projekt.vombat.ee\/eco\/wp-content\/uploads\/2023\/04\/Kaabo-Skywalker-10C.png\" \/>\n\t<meta property=\"og:image:width\" content=\"666\" \/>\n\t<meta property=\"og:image:height\" content=\"1000\" \/>\n\t<meta property=\"og:image:type\" content=\"image\/png\" \/>\n<meta name=\"twitter:card\" content=\"summary_large_image\" \/>\n<meta name=\"twitter:label1\" content=\"Estimated reading time\" \/>\n\t<meta name=\"twitter:data1\" content=\"1 minute\" \/>\n<script type=\"application\/ld+json\" class=\"yoast-schema-graph\">{\"@context\":\"https:\/\/schema.org\",\"@graph\":[{\"@type\":\"WebPage\",\"@id\":\"https:\/\/projekt.vombat.ee\/eco\/pood\/brandid\/kaabo\/kaabo-skywalker-10c-eco-highway-elektriline-toukeratas-55km\/\",\"url\":\"https:\/\/projekt.vombat.ee\/eco\/pood\/brandid\/kaabo\/kaabo-skywalker-10c-eco-highway-elektriline-toukeratas-55km\/\",\"name\":\"Kaabo Skywalker 10C Eco, 800W - Ecocruiser\",\"isPartOf\":{\"@id\":\"https:\/\/projekt.vombat.ee\/eco\/#website\"},\"primaryImageOfPage\":{\"@id\":\"https:\/\/projekt.vombat.ee\/eco\/pood\/brandid\/kaabo\/kaabo-skywalker-10c-eco-highway-elektriline-toukeratas-55km\/#primaryimage\"},\"image\":{\"@id\":\"https:\/\/projekt.vombat.ee\/eco\/pood\/brandid\/kaabo\/kaabo-skywalker-10c-eco-highway-elektriline-toukeratas-55km\/#primaryimage\"},\"thumbnailUrl\":\"https:\/\/projekt.vombat.ee\/eco\/wp-content\/uploads\/2023\/04\/Kaabo-Skywalker-10C.png\",\"datePublished\":\"2023-04-22T05:43:57+00:00\",\"dateModified\":\"2024-06-30T12:50:48+00:00\",\"description\":\"Kaabo Skywalker 10C Eco - Kvaliteetsed br\u00e4ndid, lai valik - Ecocruiser.ee - K\u00fcsimuste korral v\u00f5ta \u00fchendust info@projekt.vombat.ee\",\"breadcrumb\":{\"@id\":\"https:\/\/projekt.vombat.ee\/eco\/pood\/brandid\/kaabo\/kaabo-skywalker-10c-eco-highway-elektriline-toukeratas-55km\/#breadcrumb\"},\"inLanguage\":\"en-GB\",\"potentialAction\":[{\"@type\":\"ReadAction\",\"target\":[\"https:\/\/projekt.vombat.ee\/eco\/pood\/brandid\/kaabo\/kaabo-skywalker-10c-eco-highway-elektriline-toukeratas-55km\/\"]}]},{\"@type\":\"ImageObject\",\"inLanguage\":\"en-GB\",\"@id\":\"https:\/\/projekt.vombat.ee\/eco\/pood\/brandid\/kaabo\/kaabo-skywalker-10c-eco-highway-elektriline-toukeratas-55km\/#primaryimage\",\"url\":\"https:\/\/projekt.vombat.ee\/eco\/wp-content\/uploads\/2023\/04\/Kaabo-Skywalker-10C.png\",\"contentUrl\":\"https:\/\/projekt.vombat.ee\/eco\/wp-content\/uploads\/2023\/04\/Kaabo-Skywalker-10C.png\",\"width\":666,\"height\":1000,\"caption\":\"Kaabo Skywalker 10C\"},{\"@type\":\"BreadcrumbList\",\"@id\":\"https:\/\/projekt.vombat.ee\/eco\/pood\/brandid\/kaabo\/kaabo-skywalker-10c-eco-highway-elektriline-toukeratas-55km\/#breadcrumb\",\"itemListElement\":[{\"@type\":\"ListItem\",\"position\":1,\"name\":\"Home\",\"item\":\"https:\/\/projekt.vombat.ee\/eco\/\"},{\"@type\":\"ListItem\",\"position\":2,\"name\":\"Pood\",\"item\":\"https:\/\/projekt.vombat.ee\/eco\/pood\/\"},{\"@type\":\"ListItem\",\"position\":3,\"name\":\"Kaabo Skywalker 10C Eco Highway elektriline t\u00f5ukeratas, 55km\"}]},{\"@type\":\"WebSite\",\"@id\":\"https:\/\/projekt.vombat.ee\/eco\/#website\",\"url\":\"https:\/\/projekt.vombat.ee\/eco\/\",\"name\":\"Ecocruiser\",\"description\":\"\",\"publisher\":{\"@id\":\"https:\/\/projekt.vombat.ee\/eco\/#organization\"},\"potentialAction\":[{\"@type\":\"SearchAction\",\"target\":{\"@type\":\"EntryPoint\",\"urlTemplate\":\"https:\/\/projekt.vombat.ee\/eco\/?s={search_term_string}\"},\"query-input\":{\"@type\":\"PropertyValueSpecification\",\"valueRequired\":true,\"valueName\":\"search_term_string\"}}],\"inLanguage\":\"en-GB\"},{\"@type\":\"Organization\",\"@id\":\"https:\/\/projekt.vombat.ee\/eco\/#organization\",\"name\":\"Ecocruiser\",\"url\":\"https:\/\/projekt.vombat.ee\/eco\/\",\"logo\":{\"@type\":\"ImageObject\",\"inLanguage\":\"en-GB\",\"@id\":\"https:\/\/projekt.vombat.ee\/eco\/#\/schema\/logo\/image\/\",\"url\":\"https:\/\/projekt.vombat.ee\/eco\/wp-content\/uploads\/2023\/03\/ECOCRUISER_5.png\",\"contentUrl\":\"https:\/\/projekt.vombat.ee\/eco\/wp-content\/uploads\/2023\/03\/ECOCRUISER_5.png\",\"width\":234,\"height\":91,\"caption\":\"Ecocruiser\"},\"image\":{\"@id\":\"https:\/\/projekt.vombat.ee\/eco\/#\/schema\/logo\/image\/\"}}]}<\/script>\n<!-- \/ Yoast SEO plugin. -->","yoast_head_json":{"title":"Kaabo Skywalker 10C Eco, 800W - Ecocruiser","description":"Kaabo Skywalker 10C Eco - Kvaliteetsed br\u00e4ndid, lai valik - Ecocruiser.ee - K\u00fcsimuste korral v\u00f5ta \u00fchendust info@projekt.vombat.ee","robots":{"index":"noindex","follow":"follow","max-snippet":"max-snippet:-1","max-image-preview":"max-image-preview:large","max-video-preview":"max-video-preview:-1"},"og_locale":"en_GB","og_type":"article","og_title":"Kaabo Skywalker 10C Eco, 800W - Ecocruiser","og_description":"Kaabo Skywalker 10C Eco - Kvaliteetsed br\u00e4ndid, lai valik - Ecocruiser.ee - K\u00fcsimuste korral v\u00f5ta \u00fchendust info@projekt.vombat.ee","og_url":"https:\/\/projekt.vombat.ee\/eco\/pood\/brandid\/kaabo\/kaabo-skywalker-10c-eco-highway-elektriline-toukeratas-55km\/","og_site_name":"Ecocruiser","article_modified_time":"2024-06-30T12:50:48+00:00","og_image":[{"width":666,"height":1000,"url":"https:\/\/projekt.vombat.ee\/eco\/wp-content\/uploads\/2023\/04\/Kaabo-Skywalker-10C.png","type":"image\/png"}],"twitter_card":"summary_large_image","twitter_misc":{"Estimated reading time":"1 minute"},"schema":{"@context":"https:\/\/schema.org","@graph":[{"@type":"WebPage","@id":"https:\/\/projekt.vombat.ee\/eco\/pood\/brandid\/kaabo\/kaabo-skywalker-10c-eco-highway-elektriline-toukeratas-55km\/","url":"https:\/\/projekt.vombat.ee\/eco\/pood\/brandid\/kaabo\/kaabo-skywalker-10c-eco-highway-elektriline-toukeratas-55km\/","name":"Kaabo Skywalker 10C Eco, 800W - Ecocruiser","isPartOf":{"@id":"https:\/\/projekt.vombat.ee\/eco\/#website"},"primaryImageOfPage":{"@id":"https:\/\/projekt.vombat.ee\/eco\/pood\/brandid\/kaabo\/kaabo-skywalker-10c-eco-highway-elektriline-toukeratas-55km\/#primaryimage"},"image":{"@id":"https:\/\/projekt.vombat.ee\/eco\/pood\/brandid\/kaabo\/kaabo-skywalker-10c-eco-highway-elektriline-toukeratas-55km\/#primaryimage"},"thumbnailUrl":"https:\/\/projekt.vombat.ee\/eco\/wp-content\/uploads\/2023\/04\/Kaabo-Skywalker-10C.png","datePublished":"2023-04-22T05:43:57+00:00","dateModified":"2024-06-30T12:50:48+00:00","description":"Kaabo Skywalker 10C Eco - Kvaliteetsed br\u00e4ndid, lai valik - Ecocruiser.ee - K\u00fcsimuste korral v\u00f5ta \u00fchendust info@projekt.vombat.ee","breadcrumb":{"@id":"https:\/\/projekt.vombat.ee\/eco\/pood\/brandid\/kaabo\/kaabo-skywalker-10c-eco-highway-elektriline-toukeratas-55km\/#breadcrumb"},"inLanguage":"en-GB","potentialAction":[{"@type":"ReadAction","target":["https:\/\/projekt.vombat.ee\/eco\/pood\/brandid\/kaabo\/kaabo-skywalker-10c-eco-highway-elektriline-toukeratas-55km\/"]}]},{"@type":"ImageObject","inLanguage":"en-GB","@id":"https:\/\/projekt.vombat.ee\/eco\/pood\/brandid\/kaabo\/kaabo-skywalker-10c-eco-highway-elektriline-toukeratas-55km\/#primaryimage","url":"https:\/\/projekt.vombat.ee\/eco\/wp-content\/uploads\/2023\/04\/Kaabo-Skywalker-10C.png","contentUrl":"https:\/\/projekt.vombat.ee\/eco\/wp-content\/uploads\/2023\/04\/Kaabo-Skywalker-10C.png","width":666,"height":1000,"caption":"Kaabo Skywalker 10C"},{"@type":"BreadcrumbList","@id":"https:\/\/projekt.vombat.ee\/eco\/pood\/brandid\/kaabo\/kaabo-skywalker-10c-eco-highway-elektriline-toukeratas-55km\/#breadcrumb","itemListElement":[{"@type":"ListItem","position":1,"name":"Home","item":"https:\/\/projekt.vombat.ee\/eco\/"},{"@type":"ListItem","position":2,"name":"Pood","item":"https:\/\/projekt.vombat.ee\/eco\/pood\/"},{"@type":"ListItem","position":3,"name":"Kaabo Skywalker 10C Eco Highway elektriline t\u00f5ukeratas, 55km"}]},{"@type":"WebSite","@id":"https:\/\/projekt.vombat.ee\/eco\/#website","url":"https:\/\/projekt.vombat.ee\/eco\/","name":"Ecocruiser","description":"","publisher":{"@id":"https:\/\/projekt.vombat.ee\/eco\/#organization"},"potentialAction":[{"@type":"SearchAction","target":{"@type":"EntryPoint","urlTemplate":"https:\/\/projekt.vombat.ee\/eco\/?s={search_term_string}"},"query-input":{"@type":"PropertyValueSpecification","valueRequired":true,"valueName":"search_term_string"}}],"inLanguage":"en-GB"},{"@type":"Organization","@id":"https:\/\/projekt.vombat.ee\/eco\/#organization","name":"Ecocruiser","url":"https:\/\/projekt.vombat.ee\/eco\/","logo":{"@type":"ImageObject","inLanguage":"en-GB","@id":"https:\/\/projekt.vombat.ee\/eco\/#\/schema\/logo\/image\/","url":"https:\/\/projekt.vombat.ee\/eco\/wp-content\/uploads\/2023\/03\/ECOCRUISER_5.png","contentUrl":"https:\/\/projekt.vombat.ee\/eco\/wp-content\/uploads\/2023\/03\/ECOCRUISER_5.png","width":234,"height":91,"caption":"Ecocruiser"},"image":{"@id":"https:\/\/projekt.vombat.ee\/eco\/#\/schema\/logo\/image\/"}}]}},"lang":"et","translations":{"et":8867},"pll_sync_post":[],"_links":{"self":[{"href":"https:\/\/projekt.vombat.ee\/eco\/wp-json\/wp\/v2\/product\/8867"}],"collection":[{"href":"https:\/\/projekt.vombat.ee\/eco\/wp-json\/wp\/v2\/product"}],"about":[{"href":"https:\/\/projekt.vombat.ee\/eco\/wp-json\/wp\/v2\/types\/product"}],"version-history":[{"count":1,"href":"https:\/\/projekt.vombat.ee\/eco\/wp-json\/wp\/v2\/product\/8867\/revisions"}],"predecessor-version":[{"id":8869,"href":"https:\/\/projekt.vombat.ee\/eco\/wp-json\/wp\/v2\/product\/8867\/revisions\/8869"}],"wp:featuredmedia":[{"embeddable":true,"href":"https:\/\/projekt.vombat.ee\/eco\/wp-json\/wp\/v2\/media\/8857"}],"wp:attachment":[{"href":"https:\/\/projekt.vombat.ee\/eco\/wp-json\/wp\/v2\/media?parent=8867"}],"wp:term":[{"taxonomy":"product_cat","embeddable":true,"href":"https:\/\/projekt.vombat.ee\/eco\/wp-json\/wp\/v2\/product_cat?post=8867"},{"taxonomy":"product_tag","embeddable":true,"href":"https:\/\/projekt.vombat.ee\/eco\/wp-json\/wp\/v2\/product_tag?post=8867"}],"curies":[{"name":"wp","href":"https:\/\/api.w.org\/{rel}","templated":true}]}}