{"id":8814,"date":"2023-04-18T09:37:47","date_gmt":"2023-04-18T09:37:47","guid":{"rendered":"https:\/\/projekt.vombat.ee\/eco\/?post_type=product&#038;p=8814"},"modified":"2024-05-01T19:40:50","modified_gmt":"2024-05-01T19:40:50","slug":"duotts-c29-elektriratas-100km","status":"publish","type":"product","link":"https:\/\/projekt.vombat.ee\/eco\/pood\/brandid\/muud-brandid\/duotts-c29-elektriratas-100km\/","title":{"rendered":"DUOTTS C290 Elektriratas, 100km"},"content":{"rendered":"<h1>DUOTTS C290 Elektriratas<\/h1>\n<p><img fetchpriority=\"high\" decoding=\"async\" class=\"msub_k4 mupj_5k mjru_k4 mse2_k4 mp7g_f6 mq1m_0 mj7u_0 m7er_k4 lazyloaded\" src=\"https:\/\/a.allegroimg.com\/original\/11a7d2\/fae71a8347f2b42a1c2cba3e6deb\/Rower-Elektryczny-DUOTTS-C29-1000W-48V-15AH-55km-h-EAN-GTIN-4537366149921\" sizes=\"(min-width: 1200px) 560px, (min-width: 992px) 50vw, 100vw\" srcset=\"https:\/\/a.allegroimg.com\/s360\/11a7d2\/fae71a8347f2b42a1c2cba3e6deb\/Rower-Elektryczny-DUOTTS-C29-1000W-48V-15AH-55km-h-EAN-GTIN-4537366149921 360w,https:\/\/a.allegroimg.com\/s720\/11a7d2\/fae71a8347f2b42a1c2cba3e6deb\/Rower-Elektryczny-DUOTTS-C29-1000W-48V-15AH-55km-h-EAN-GTIN-4537366149921 720w,https:\/\/a.allegroimg.com\/s1024\/11a7d2\/fae71a8347f2b42a1c2cba3e6deb\/Rower-Elektryczny-DUOTTS-C29-1000W-48V-15AH-55km-h-EAN-GTIN-4537366149921 1024w,https:\/\/a.allegroimg.com\/s1440\/11a7d2\/fae71a8347f2b42a1c2cba3e6deb\/Rower-Elektryczny-DUOTTS-C29-1000W-48V-15AH-55km-h-EAN-GTIN-4537366149921 1440w,https:\/\/a.allegroimg.com\/original\/11a7d2\/fae71a8347f2b42a1c2cba3e6deb\/Rower-Elektryczny-DUOTTS-C29-1000W-48V-15AH-55km-h-EAN-GTIN-4537366149921 2000w\" alt=\"Rower Elektryczny DUOTTS C29 1000W 48V 15AH 55km\/h EAN (GTIN) 4537366149921\" width=\"635\" height=\"635\" data-src=\"https:\/\/a.allegroimg.com\/original\/11a7d2\/fae71a8347f2b42a1c2cba3e6deb\/Rower-Elektryczny-DUOTTS-C29-1000W-48V-15AH-55km-h-EAN-GTIN-4537366149921\" data-srcset=\"https:\/\/a.allegroimg.com\/s360\/11a7d2\/fae71a8347f2b42a1c2cba3e6deb\/Rower-Elektryczny-DUOTTS-C29-1000W-48V-15AH-55km-h-EAN-GTIN-4537366149921 360w,https:\/\/a.allegroimg.com\/s720\/11a7d2\/fae71a8347f2b42a1c2cba3e6deb\/Rower-Elektryczny-DUOTTS-C29-1000W-48V-15AH-55km-h-EAN-GTIN-4537366149921 720w,https:\/\/a.allegroimg.com\/s1024\/11a7d2\/fae71a8347f2b42a1c2cba3e6deb\/Rower-Elektryczny-DUOTTS-C29-1000W-48V-15AH-55km-h-EAN-GTIN-4537366149921 1024w,https:\/\/a.allegroimg.com\/s1440\/11a7d2\/fae71a8347f2b42a1c2cba3e6deb\/Rower-Elektryczny-DUOTTS-C29-1000W-48V-15AH-55km-h-EAN-GTIN-4537366149921 1440w,https:\/\/a.allegroimg.com\/original\/11a7d2\/fae71a8347f2b42a1c2cba3e6deb\/Rower-Elektryczny-DUOTTS-C29-1000W-48V-15AH-55km-h-EAN-GTIN-4537366149921 2000w\" \/><\/p>\n<h3>Eemaldatav veekindel LONGLIFE aku<\/h3>\n<p>Meie t\u00e4iskasvanutele m\u00f5eldud elektrijalgratas on varustatud nutika 48V 15Ah liitiumioon-veekindla akuga. Saate oma mugavuse j\u00e4rgi elektrilist sisse- ja v\u00e4ljal\u00fclitamist laadida, \u00e4rge muretsege vihmastel p\u00e4evadel s\u00f5itmise p\u00e4rast.<\/p>\n<h3>3 t\u00f6\u00f6re\u017eiimi<\/h3>\n<p>T\u00e4iustatud LED 5-k\u00e4igulise juhtimise nupuga<\/p>\n<h3>Lihtne kokku panna<\/h3>\n<p>Lihtsalt voldige kokku suur 29&#8221; esiratas, rool ja pedaal. Te ei pea raiskama aega keerulisele kokkupanekule.<\/p>\n<h3>Kahekordne ketaspidur ja 21 SHIFT S\u00dcSTEEM<\/h3>\n<p>Eesmised ja tagumised ketaspidurid ja 21-shimano elektriline \u00fclekandes\u00fcsteem t\u00e4iskasvanud meeste jalgratas, 3-k\u00e4iguline ketiratas, 7-k\u00e4iguline vabak\u00e4ik, \u00fcles- ja allam\u00e4ge, aeglane, \u00fchtlane kiirus, kiirendus, k\u00f5ike on v\u00f5imalik saavutada. Sobib linna ja maanteerattas\u00f5iduks.<\/p>\n<h3>Sisseehitatud 3 s\u00f5idure\u017eiimi, mis on h\u00f5lpsasti vahetatavad vastavalt k\u00e4igule ja re\u017eiimile, saavad rahulikult hakkama erinevate s\u00f5idu vajadustega<\/h3>\n<p><strong>S\u00d5IDURE\u017dIIM:<\/strong> Nagu tavaline jalgratas, ei pea sisse l\u00fclitama, Aero energiatarve, sobib treenimiseks.<\/p>\n<p><strong>ABIRE\u017dIIM:<\/strong> l\u00fclitage toide sisse ilma gaasihooba keeramata, automaatne t\u00fchjendusmootor toetab t\u00f6\u00f6j\u00f5udu ja elektrit poole v\u00f5rra.<\/p>\n<p><strong>ELEKTRIRE\u017dIIM:<\/strong> L\u00fclitage toide sisse, keerates gaasi.<\/p>\n<p>1 ja 2. Ketaspiduri k\u00e4epide<\/p>\n<p>3. K\u00e4igu kiirus<\/p>\n<p>4. Drossel<\/p>\n<p>5. Kiiruse lisamine<\/p>\n<p>6. Toide sisse\/v\u00e4lja<\/p>\n<p>7. Kiiruse v\u00e4hendamine<\/p>\n<p>8. Aku indikaator<\/p>\n<p><img decoding=\"async\" class=\"msub_k4 mupj_5k mjru_k4 mse2_k4 mp7g_f6 mq1m_0 mj7u_0 m7er_k4 lazyloaded\" src=\"https:\/\/a.allegroimg.com\/original\/11ff70\/35a3c3e343908f14874210ede3df\/Rower-Elektryczny-DUOTTS-C29-1000W-48V-15AH-55km-h-Brand-other\" sizes=\"100vw\" srcset=\"https:\/\/a.allegroimg.com\/s360\/11ff70\/35a3c3e343908f14874210ede3df\/Rower-Elektryczny-DUOTTS-C29-1000W-48V-15AH-55km-h-Brand-other 360w,https:\/\/a.allegroimg.com\/s720\/11ff70\/35a3c3e343908f14874210ede3df\/Rower-Elektryczny-DUOTTS-C29-1000W-48V-15AH-55km-h-Brand-other 720w,https:\/\/a.allegroimg.com\/s1024\/11ff70\/35a3c3e343908f14874210ede3df\/Rower-Elektryczny-DUOTTS-C29-1000W-48V-15AH-55km-h-Brand-other 950w,https:\/\/a.allegroimg.com\/original\/11ff70\/35a3c3e343908f14874210ede3df\/Rower-Elektryczny-DUOTTS-C29-1000W-48V-15AH-55km-h-Brand-other 950w\" alt=\"Rower Elektryczny DUOTTS C29 1000W 48V 15AH 55km\/h Brand other\" width=\"782\" height=\"782\" data-src=\"https:\/\/a.allegroimg.com\/original\/11ff70\/35a3c3e343908f14874210ede3df\/Rower-Elektryczny-DUOTTS-C29-1000W-48V-15AH-55km-h-Brand-other\" data-srcset=\"https:\/\/a.allegroimg.com\/s360\/11ff70\/35a3c3e343908f14874210ede3df\/Rower-Elektryczny-DUOTTS-C29-1000W-48V-15AH-55km-h-Brand-other 360w,https:\/\/a.allegroimg.com\/s720\/11ff70\/35a3c3e343908f14874210ede3df\/Rower-Elektryczny-DUOTTS-C29-1000W-48V-15AH-55km-h-Brand-other 720w,https:\/\/a.allegroimg.com\/s1024\/11ff70\/35a3c3e343908f14874210ede3df\/Rower-Elektryczny-DUOTTS-C29-1000W-48V-15AH-55km-h-Brand-other 950w,https:\/\/a.allegroimg.com\/original\/11ff70\/35a3c3e343908f14874210ede3df\/Rower-Elektryczny-DUOTTS-C29-1000W-48V-15AH-55km-h-Brand-other 950w\" \/><\/p>\n<h3>Info<\/h3>\n<p>Aku: 48V 15AH<\/p>\n<p>Mootor: 250W(piirajaga)<\/p>\n<p>Kiirus: Shimano 21-k\u00e4iguline k\u00e4igukast<\/p>\n<p>Mootori magnet: 40mm<\/p>\n<p>Rehv: 29 tolli; Maantee rehvid<\/p>\n<p>Raami suurus: 19&#8243;<\/p>\n<p>Amortisaator: eesmine amortisaator<\/p>\n<p>Pidur: ketaspidur<\/p>\n<p>Materjal: alumiiniumisulam<\/p>\n<p>Maksimaalne kiirus: 25 km\/h (piirajaga)<\/p>\n<p>S\u00f5iduulatus: 90-100km<\/p>\n<p>Ronimisnurk: 45\u00b0<\/p>\n<p>Kaal: 28 kg<\/p>\n<p>Maksimaalne kandev\u00f5ime: 150 kg<\/p>\n<p>Laadimisaeg: 6 h<\/p>\n<p>Sobib s\u00f5itjale pikkusega: 170\u2013200 cm<\/p>\n<p><img decoding=\"async\" class=\"msub_k4 mupj_5k mjru_k4 mse2_k4 mp7g_f6 mq1m_0 mj7u_0 m7er_k4 lazyloaded\" src=\"https:\/\/a.allegroimg.com\/original\/11ead8\/639a9c854e5cabf7a97f9decda8f\/Rower-Elektryczny-DUOTTS-C29-1000W-48V-15AH-55km-h-Model-C29-48V-MTB\" sizes=\"100vw\" srcset=\"https:\/\/a.allegroimg.com\/s360\/11ead8\/639a9c854e5cabf7a97f9decda8f\/Rower-Elektryczny-DUOTTS-C29-1000W-48V-15AH-55km-h-Model-C29-48V-MTB 360w,https:\/\/a.allegroimg.com\/s720\/11ead8\/639a9c854e5cabf7a97f9decda8f\/Rower-Elektryczny-DUOTTS-C29-1000W-48V-15AH-55km-h-Model-C29-48V-MTB 720w,https:\/\/a.allegroimg.com\/s1024\/11ead8\/639a9c854e5cabf7a97f9decda8f\/Rower-Elektryczny-DUOTTS-C29-1000W-48V-15AH-55km-h-Model-C29-48V-MTB 950w,https:\/\/a.allegroimg.com\/original\/11ead8\/639a9c854e5cabf7a97f9decda8f\/Rower-Elektryczny-DUOTTS-C29-1000W-48V-15AH-55km-h-Model-C29-48V-MTB 950w\" alt=\"Rower Elektryczny DUOTTS C29 1000W 48V 15AH 55km\/h Model C29 48V MTB\" width=\"596\" height=\"596\" data-src=\"https:\/\/a.allegroimg.com\/original\/11ead8\/639a9c854e5cabf7a97f9decda8f\/Rower-Elektryczny-DUOTTS-C29-1000W-48V-15AH-55km-h-Model-C29-48V-MTB\" data-srcset=\"https:\/\/a.allegroimg.com\/s360\/11ead8\/639a9c854e5cabf7a97f9decda8f\/Rower-Elektryczny-DUOTTS-C29-1000W-48V-15AH-55km-h-Model-C29-48V-MTB 360w,https:\/\/a.allegroimg.com\/s720\/11ead8\/639a9c854e5cabf7a97f9decda8f\/Rower-Elektryczny-DUOTTS-C29-1000W-48V-15AH-55km-h-Model-C29-48V-MTB 720w,https:\/\/a.allegroimg.com\/s1024\/11ead8\/639a9c854e5cabf7a97f9decda8f\/Rower-Elektryczny-DUOTTS-C29-1000W-48V-15AH-55km-h-Model-C29-48V-MTB 950w,https:\/\/a.allegroimg.com\/original\/11ead8\/639a9c854e5cabf7a97f9decda8f\/Rower-Elektryczny-DUOTTS-C29-1000W-48V-15AH-55km-h-Model-C29-48V-MTB 950w\" \/><\/p>\n<p><img loading=\"lazy\" decoding=\"async\" class=\"msub_k4 mupj_5k mjru_k4 mse2_k4 mp7g_f6 mq1m_0 mj7u_0 m7er_k4 lazyloaded\" src=\"https:\/\/a.allegroimg.com\/original\/112361\/bb59363b465ea708b5cdbdc25e5a\/Rower-Elektryczny-DUOTTS-C29-1000W-48V-15AH-55km-h-Rechargeable-battery-lithium-ion\" sizes=\"100vw\" srcset=\"https:\/\/a.allegroimg.com\/s360\/112361\/bb59363b465ea708b5cdbdc25e5a\/Rower-Elektryczny-DUOTTS-C29-1000W-48V-15AH-55km-h-Rechargeable-battery-lithium-ion 360w,https:\/\/a.allegroimg.com\/s720\/112361\/bb59363b465ea708b5cdbdc25e5a\/Rower-Elektryczny-DUOTTS-C29-1000W-48V-15AH-55km-h-Rechargeable-battery-lithium-ion 720w,https:\/\/a.allegroimg.com\/s1024\/112361\/bb59363b465ea708b5cdbdc25e5a\/Rower-Elektryczny-DUOTTS-C29-1000W-48V-15AH-55km-h-Rechargeable-battery-lithium-ion 950w,https:\/\/a.allegroimg.com\/original\/112361\/bb59363b465ea708b5cdbdc25e5a\/Rower-Elektryczny-DUOTTS-C29-1000W-48V-15AH-55km-h-Rechargeable-battery-lithium-ion 950w\" alt=\"Rower Elektryczny DUOTTS C29 1000W 48V 15AH 55km\/h Rechargeable battery lithium-ion\" width=\"650\" height=\"650\" data-src=\"https:\/\/a.allegroimg.com\/original\/112361\/bb59363b465ea708b5cdbdc25e5a\/Rower-Elektryczny-DUOTTS-C29-1000W-48V-15AH-55km-h-Rechargeable-battery-lithium-ion\" data-srcset=\"https:\/\/a.allegroimg.com\/s360\/112361\/bb59363b465ea708b5cdbdc25e5a\/Rower-Elektryczny-DUOTTS-C29-1000W-48V-15AH-55km-h-Rechargeable-battery-lithium-ion 360w,https:\/\/a.allegroimg.com\/s720\/112361\/bb59363b465ea708b5cdbdc25e5a\/Rower-Elektryczny-DUOTTS-C29-1000W-48V-15AH-55km-h-Rechargeable-battery-lithium-ion 720w,https:\/\/a.allegroimg.com\/s1024\/112361\/bb59363b465ea708b5cdbdc25e5a\/Rower-Elektryczny-DUOTTS-C29-1000W-48V-15AH-55km-h-Rechargeable-battery-lithium-ion 950w,https:\/\/a.allegroimg.com\/original\/112361\/bb59363b465ea708b5cdbdc25e5a\/Rower-Elektryczny-DUOTTS-C29-1000W-48V-15AH-55km-h-Rechargeable-battery-lithium-ion 950w\" \/><\/p>\n<p><img loading=\"lazy\" decoding=\"async\" class=\"msub_k4 mupj_5k mjru_k4 mse2_k4 mp7g_f6 mq1m_0 mj7u_0 m7er_k4 lazyloaded\" src=\"https:\/\/a.allegroimg.com\/original\/1101db\/a0c1f9f7401ba0be171faa7255e1\/Rower-Elektryczny-DUOTTS-C29-1000W-48V-15AH-55km-h-Engine-Power-1000-W\" sizes=\"100vw\" srcset=\"https:\/\/a.allegroimg.com\/s360\/1101db\/a0c1f9f7401ba0be171faa7255e1\/Rower-Elektryczny-DUOTTS-C29-1000W-48V-15AH-55km-h-Engine-Power-1000-W 360w,https:\/\/a.allegroimg.com\/s720\/1101db\/a0c1f9f7401ba0be171faa7255e1\/Rower-Elektryczny-DUOTTS-C29-1000W-48V-15AH-55km-h-Engine-Power-1000-W 720w,https:\/\/a.allegroimg.com\/s1024\/1101db\/a0c1f9f7401ba0be171faa7255e1\/Rower-Elektryczny-DUOTTS-C29-1000W-48V-15AH-55km-h-Engine-Power-1000-W 950w,https:\/\/a.allegroimg.com\/original\/1101db\/a0c1f9f7401ba0be171faa7255e1\/Rower-Elektryczny-DUOTTS-C29-1000W-48V-15AH-55km-h-Engine-Power-1000-W 950w\" alt=\"Rower Elektryczny DUOTTS C29 1000W 48V 15AH 55km\/h Engine Power 1000 W\" width=\"724\" height=\"724\" data-src=\"https:\/\/a.allegroimg.com\/original\/1101db\/a0c1f9f7401ba0be171faa7255e1\/Rower-Elektryczny-DUOTTS-C29-1000W-48V-15AH-55km-h-Engine-Power-1000-W\" data-srcset=\"https:\/\/a.allegroimg.com\/s360\/1101db\/a0c1f9f7401ba0be171faa7255e1\/Rower-Elektryczny-DUOTTS-C29-1000W-48V-15AH-55km-h-Engine-Power-1000-W 360w,https:\/\/a.allegroimg.com\/s720\/1101db\/a0c1f9f7401ba0be171faa7255e1\/Rower-Elektryczny-DUOTTS-C29-1000W-48V-15AH-55km-h-Engine-Power-1000-W 720w,https:\/\/a.allegroimg.com\/s1024\/1101db\/a0c1f9f7401ba0be171faa7255e1\/Rower-Elektryczny-DUOTTS-C29-1000W-48V-15AH-55km-h-Engine-Power-1000-W 950w,https:\/\/a.allegroimg.com\/original\/1101db\/a0c1f9f7401ba0be171faa7255e1\/Rower-Elektryczny-DUOTTS-C29-1000W-48V-15AH-55km-h-Engine-Power-1000-W 950w\" \/><\/p>\n<h3>Universaalne tagumine pakiraam<\/h3>\n<p>M\u00f5\u00f5dud:<\/p>\n<p>Laadimisplatvormi pikkus: 35,5 cm<br \/>\nLaius: 14,5 cm<br \/>\nKogupikkus: u. 50 cm<br \/>\nKoormus: 50 kg<br \/>\nKaal: 1 kg<\/p>\n<p>Komplekt sisaldab:<br \/>\nPagasiplatvorm<br \/>\nRack kokkupanekuks<br \/>\nPeegeldus<br \/>\n4 raami pistikut<br \/>\nKinnituskruvid<\/p>\n<p><img decoding=\"async\" class=\"msub_k4 mupj_5k mjru_k4 mse2_k4 mp7g_f6 mq1m_0 mj7u_0 m7er_k4 lazyloaded\" src=\"https:\/\/a.allegroimg.com\/original\/114f67\/a329aa704a6089f59de9ba713255\/Rower-Elektryczny-DUOTTS-C29-1000W-48V-15AH-55km-h-Derailleur-Type-external\" sizes=\"(min-width: 1200px) 560px, (min-width: 992px) 50vw, 100vw\" srcset=\"https:\/\/a.allegroimg.com\/s360\/114f67\/a329aa704a6089f59de9ba713255\/Rower-Elektryczny-DUOTTS-C29-1000W-48V-15AH-55km-h-Derailleur-Type-external 360w,https:\/\/a.allegroimg.com\/s720\/114f67\/a329aa704a6089f59de9ba713255\/Rower-Elektryczny-DUOTTS-C29-1000W-48V-15AH-55km-h-Derailleur-Type-external 720w,https:\/\/a.allegroimg.com\/s1024\/114f67\/a329aa704a6089f59de9ba713255\/Rower-Elektryczny-DUOTTS-C29-1000W-48V-15AH-55km-h-Derailleur-Type-external 720w,https:\/\/a.allegroimg.com\/original\/114f67\/a329aa704a6089f59de9ba713255\/Rower-Elektryczny-DUOTTS-C29-1000W-48V-15AH-55km-h-Derailleur-Type-external 720w\" alt=\"Rower Elektryczny DUOTTS C29 1000W 48V 15AH 55km\/h Derailleur Type external\" width=\"720px\" data-src=\"https:\/\/a.allegroimg.com\/original\/114f67\/a329aa704a6089f59de9ba713255\/Rower-Elektryczny-DUOTTS-C29-1000W-48V-15AH-55km-h-Derailleur-Type-external\" data-srcset=\"https:\/\/a.allegroimg.com\/s360\/114f67\/a329aa704a6089f59de9ba713255\/Rower-Elektryczny-DUOTTS-C29-1000W-48V-15AH-55km-h-Derailleur-Type-external 360w,https:\/\/a.allegroimg.com\/s720\/114f67\/a329aa704a6089f59de9ba713255\/Rower-Elektryczny-DUOTTS-C29-1000W-48V-15AH-55km-h-Derailleur-Type-external 720w,https:\/\/a.allegroimg.com\/s1024\/114f67\/a329aa704a6089f59de9ba713255\/Rower-Elektryczny-DUOTTS-C29-1000W-48V-15AH-55km-h-Derailleur-Type-external 720w,https:\/\/a.allegroimg.com\/original\/114f67\/a329aa704a6089f59de9ba713255\/Rower-Elektryczny-DUOTTS-C29-1000W-48V-15AH-55km-h-Derailleur-Type-external 720w\" \/><\/p>\n","protected":false},"excerpt":{"rendered":"<p><strong>DUOTTS C290<\/strong> Elektriratas<\/p>\n<ul>\n<li>Aku: 48V 15AH<\/li>\n<li>Mootor: 250W<\/li>\n<li>Kaal: 28 kg<\/li>\n<li>Maksimaalne kandev\u00f5ime: 150 kg<\/li>\n<li>Sobib s\u00f5itjale pikkusega: 170\u2013200 cm<\/li>\n<li>S\u00f5iduulatus: 90-100km<\/li>\n<\/ul>\n<p>&nbsp;<\/p>\n<p><strong>\u2666 Tarneaeg 2-6 p\u00e4eva<\/strong><br \/>\n<strong>\u2666 Laos<\/strong><\/p>\n","protected":false},"featured_media":16185,"template":"","meta":[],"product_cat":[52,905,57],"product_tag":[],"class_list":{"0":"post-8814","1":"product","2":"type-product","3":"status-publish","4":"has-post-thumbnail","6":"product_cat-elektrirattad","7":"product_cat-maastikurattad","8":"product_cat-muud-brandid","9":"product_shipping_class-suured-pakid","11":"first","12":"instock","13":"taxable","14":"shipping-taxable","15":"purchasable","16":"product-type-simple"},"yoast_head":"<!-- This site is optimized with the Yoast SEO plugin v23.8 - https:\/\/yoast.com\/wordpress\/plugins\/seo\/ -->\n<title>DUOTTS C290 Elektriratas, 100km - Ecocruiser<\/title>\n<meta name=\"description\" content=\"DUOTTS C29 Elektriratas. Aku: 48V 15AH Mootor: 250W\u00a0Kaal: 28 kg Maksimaalne kandev\u00f5ime: 150 kg Sobib s\u00f5itjale pikkusega: 170\u2013200 cm Elektrire\u017eiim: 50-60km Abire\u017eiim: 90-100km\" \/>\n<meta name=\"robots\" content=\"noindex, follow, max-snippet:-1, max-image-preview:large, max-video-preview:-1\" \/>\n<meta property=\"og:locale\" content=\"en_GB\" \/>\n<meta property=\"og:type\" content=\"article\" \/>\n<meta property=\"og:title\" content=\"DUOTTS C290 Elektriratas, 100km - Ecocruiser\" \/>\n<meta property=\"og:description\" content=\"DUOTTS C29 Elektriratas. Aku: 48V 15AH Mootor: 250W\u00a0Kaal: 28 kg Maksimaalne kandev\u00f5ime: 150 kg Sobib s\u00f5itjale pikkusega: 170\u2013200 cm Elektrire\u017eiim: 50-60km Abire\u017eiim: 90-100km\" \/>\n<meta property=\"og:url\" content=\"https:\/\/projekt.vombat.ee\/eco\/pood\/brandid\/muud-brandid\/duotts-c29-elektriratas-100km\/\" \/>\n<meta property=\"og:site_name\" content=\"Ecocruiser\" \/>\n<meta property=\"article:modified_time\" content=\"2024-05-01T19:40:50+00:00\" \/>\n<meta property=\"og:image\" content=\"https:\/\/projekt.vombat.ee\/eco\/wp-content\/uploads\/2023\/04\/Untitled-design-2024-04-18T141837.984.png\" \/>\n\t<meta property=\"og:image:width\" content=\"1000\" \/>\n\t<meta property=\"og:image:height\" content=\"1000\" \/>\n\t<meta property=\"og:image:type\" content=\"image\/png\" \/>\n<meta name=\"twitter:card\" content=\"summary_large_image\" \/>\n<meta name=\"twitter:label1\" content=\"Estimated reading time\" \/>\n\t<meta name=\"twitter:data1\" content=\"3 minutes\" \/>\n<script type=\"application\/ld+json\" class=\"yoast-schema-graph\">{\"@context\":\"https:\/\/schema.org\",\"@graph\":[{\"@type\":\"WebPage\",\"@id\":\"https:\/\/projekt.vombat.ee\/eco\/pood\/brandid\/muud-brandid\/duotts-c29-elektriratas-100km\/\",\"url\":\"https:\/\/projekt.vombat.ee\/eco\/pood\/brandid\/muud-brandid\/duotts-c29-elektriratas-100km\/\",\"name\":\"DUOTTS C290 Elektriratas, 100km - Ecocruiser\",\"isPartOf\":{\"@id\":\"https:\/\/projekt.vombat.ee\/eco\/#website\"},\"primaryImageOfPage\":{\"@id\":\"https:\/\/projekt.vombat.ee\/eco\/pood\/brandid\/muud-brandid\/duotts-c29-elektriratas-100km\/#primaryimage\"},\"image\":{\"@id\":\"https:\/\/projekt.vombat.ee\/eco\/pood\/brandid\/muud-brandid\/duotts-c29-elektriratas-100km\/#primaryimage\"},\"thumbnailUrl\":\"https:\/\/projekt.vombat.ee\/eco\/wp-content\/uploads\/2023\/04\/Untitled-design-2024-04-18T141837.984.png\",\"datePublished\":\"2023-04-18T09:37:47+00:00\",\"dateModified\":\"2024-05-01T19:40:50+00:00\",\"description\":\"DUOTTS C29 Elektriratas. Aku: 48V 15AH Mootor: 250W\u00a0Kaal: 28 kg Maksimaalne kandev\u00f5ime: 150 kg Sobib s\u00f5itjale pikkusega: 170\u2013200 cm Elektrire\u017eiim: 50-60km Abire\u017eiim: 90-100km\",\"breadcrumb\":{\"@id\":\"https:\/\/projekt.vombat.ee\/eco\/pood\/brandid\/muud-brandid\/duotts-c29-elektriratas-100km\/#breadcrumb\"},\"inLanguage\":\"en-GB\",\"potentialAction\":[{\"@type\":\"ReadAction\",\"target\":[\"https:\/\/projekt.vombat.ee\/eco\/pood\/brandid\/muud-brandid\/duotts-c29-elektriratas-100km\/\"]}]},{\"@type\":\"ImageObject\",\"inLanguage\":\"en-GB\",\"@id\":\"https:\/\/projekt.vombat.ee\/eco\/pood\/brandid\/muud-brandid\/duotts-c29-elektriratas-100km\/#primaryimage\",\"url\":\"https:\/\/projekt.vombat.ee\/eco\/wp-content\/uploads\/2023\/04\/Untitled-design-2024-04-18T141837.984.png\",\"contentUrl\":\"https:\/\/projekt.vombat.ee\/eco\/wp-content\/uploads\/2023\/04\/Untitled-design-2024-04-18T141837.984.png\",\"width\":1000,\"height\":1000},{\"@type\":\"BreadcrumbList\",\"@id\":\"https:\/\/projekt.vombat.ee\/eco\/pood\/brandid\/muud-brandid\/duotts-c29-elektriratas-100km\/#breadcrumb\",\"itemListElement\":[{\"@type\":\"ListItem\",\"position\":1,\"name\":\"Home\",\"item\":\"https:\/\/projekt.vombat.ee\/eco\/\"},{\"@type\":\"ListItem\",\"position\":2,\"name\":\"Pood\",\"item\":\"https:\/\/projekt.vombat.ee\/eco\/pood\/\"},{\"@type\":\"ListItem\",\"position\":3,\"name\":\"DUOTTS C290 Elektriratas, 100km\"}]},{\"@type\":\"WebSite\",\"@id\":\"https:\/\/projekt.vombat.ee\/eco\/#website\",\"url\":\"https:\/\/projekt.vombat.ee\/eco\/\",\"name\":\"Ecocruiser\",\"description\":\"\",\"publisher\":{\"@id\":\"https:\/\/projekt.vombat.ee\/eco\/#organization\"},\"potentialAction\":[{\"@type\":\"SearchAction\",\"target\":{\"@type\":\"EntryPoint\",\"urlTemplate\":\"https:\/\/projekt.vombat.ee\/eco\/?s={search_term_string}\"},\"query-input\":{\"@type\":\"PropertyValueSpecification\",\"valueRequired\":true,\"valueName\":\"search_term_string\"}}],\"inLanguage\":\"en-GB\"},{\"@type\":\"Organization\",\"@id\":\"https:\/\/projekt.vombat.ee\/eco\/#organization\",\"name\":\"Ecocruiser\",\"url\":\"https:\/\/projekt.vombat.ee\/eco\/\",\"logo\":{\"@type\":\"ImageObject\",\"inLanguage\":\"en-GB\",\"@id\":\"https:\/\/projekt.vombat.ee\/eco\/#\/schema\/logo\/image\/\",\"url\":\"https:\/\/projekt.vombat.ee\/eco\/wp-content\/uploads\/2023\/03\/ECOCRUISER_5.png\",\"contentUrl\":\"https:\/\/projekt.vombat.ee\/eco\/wp-content\/uploads\/2023\/03\/ECOCRUISER_5.png\",\"width\":234,\"height\":91,\"caption\":\"Ecocruiser\"},\"image\":{\"@id\":\"https:\/\/projekt.vombat.ee\/eco\/#\/schema\/logo\/image\/\"}}]}<\/script>\n<!-- \/ Yoast SEO plugin. -->","yoast_head_json":{"title":"DUOTTS C290 Elektriratas, 100km - Ecocruiser","description":"DUOTTS C29 Elektriratas. Aku: 48V 15AH Mootor: 250W\u00a0Kaal: 28 kg Maksimaalne kandev\u00f5ime: 150 kg Sobib s\u00f5itjale pikkusega: 170\u2013200 cm Elektrire\u017eiim: 50-60km Abire\u017eiim: 90-100km","robots":{"index":"noindex","follow":"follow","max-snippet":"max-snippet:-1","max-image-preview":"max-image-preview:large","max-video-preview":"max-video-preview:-1"},"og_locale":"en_GB","og_type":"article","og_title":"DUOTTS C290 Elektriratas, 100km - Ecocruiser","og_description":"DUOTTS C29 Elektriratas. Aku: 48V 15AH Mootor: 250W\u00a0Kaal: 28 kg Maksimaalne kandev\u00f5ime: 150 kg Sobib s\u00f5itjale pikkusega: 170\u2013200 cm Elektrire\u017eiim: 50-60km Abire\u017eiim: 90-100km","og_url":"https:\/\/projekt.vombat.ee\/eco\/pood\/brandid\/muud-brandid\/duotts-c29-elektriratas-100km\/","og_site_name":"Ecocruiser","article_modified_time":"2024-05-01T19:40:50+00:00","og_image":[{"width":1000,"height":1000,"url":"https:\/\/projekt.vombat.ee\/eco\/wp-content\/uploads\/2023\/04\/Untitled-design-2024-04-18T141837.984.png","type":"image\/png"}],"twitter_card":"summary_large_image","twitter_misc":{"Estimated reading time":"3 minutes"},"schema":{"@context":"https:\/\/schema.org","@graph":[{"@type":"WebPage","@id":"https:\/\/projekt.vombat.ee\/eco\/pood\/brandid\/muud-brandid\/duotts-c29-elektriratas-100km\/","url":"https:\/\/projekt.vombat.ee\/eco\/pood\/brandid\/muud-brandid\/duotts-c29-elektriratas-100km\/","name":"DUOTTS C290 Elektriratas, 100km - Ecocruiser","isPartOf":{"@id":"https:\/\/projekt.vombat.ee\/eco\/#website"},"primaryImageOfPage":{"@id":"https:\/\/projekt.vombat.ee\/eco\/pood\/brandid\/muud-brandid\/duotts-c29-elektriratas-100km\/#primaryimage"},"image":{"@id":"https:\/\/projekt.vombat.ee\/eco\/pood\/brandid\/muud-brandid\/duotts-c29-elektriratas-100km\/#primaryimage"},"thumbnailUrl":"https:\/\/projekt.vombat.ee\/eco\/wp-content\/uploads\/2023\/04\/Untitled-design-2024-04-18T141837.984.png","datePublished":"2023-04-18T09:37:47+00:00","dateModified":"2024-05-01T19:40:50+00:00","description":"DUOTTS C29 Elektriratas. Aku: 48V 15AH Mootor: 250W\u00a0Kaal: 28 kg Maksimaalne kandev\u00f5ime: 150 kg Sobib s\u00f5itjale pikkusega: 170\u2013200 cm Elektrire\u017eiim: 50-60km Abire\u017eiim: 90-100km","breadcrumb":{"@id":"https:\/\/projekt.vombat.ee\/eco\/pood\/brandid\/muud-brandid\/duotts-c29-elektriratas-100km\/#breadcrumb"},"inLanguage":"en-GB","potentialAction":[{"@type":"ReadAction","target":["https:\/\/projekt.vombat.ee\/eco\/pood\/brandid\/muud-brandid\/duotts-c29-elektriratas-100km\/"]}]},{"@type":"ImageObject","inLanguage":"en-GB","@id":"https:\/\/projekt.vombat.ee\/eco\/pood\/brandid\/muud-brandid\/duotts-c29-elektriratas-100km\/#primaryimage","url":"https:\/\/projekt.vombat.ee\/eco\/wp-content\/uploads\/2023\/04\/Untitled-design-2024-04-18T141837.984.png","contentUrl":"https:\/\/projekt.vombat.ee\/eco\/wp-content\/uploads\/2023\/04\/Untitled-design-2024-04-18T141837.984.png","width":1000,"height":1000},{"@type":"BreadcrumbList","@id":"https:\/\/projekt.vombat.ee\/eco\/pood\/brandid\/muud-brandid\/duotts-c29-elektriratas-100km\/#breadcrumb","itemListElement":[{"@type":"ListItem","position":1,"name":"Home","item":"https:\/\/projekt.vombat.ee\/eco\/"},{"@type":"ListItem","position":2,"name":"Pood","item":"https:\/\/projekt.vombat.ee\/eco\/pood\/"},{"@type":"ListItem","position":3,"name":"DUOTTS C290 Elektriratas, 100km"}]},{"@type":"WebSite","@id":"https:\/\/projekt.vombat.ee\/eco\/#website","url":"https:\/\/projekt.vombat.ee\/eco\/","name":"Ecocruiser","description":"","publisher":{"@id":"https:\/\/projekt.vombat.ee\/eco\/#organization"},"potentialAction":[{"@type":"SearchAction","target":{"@type":"EntryPoint","urlTemplate":"https:\/\/projekt.vombat.ee\/eco\/?s={search_term_string}"},"query-input":{"@type":"PropertyValueSpecification","valueRequired":true,"valueName":"search_term_string"}}],"inLanguage":"en-GB"},{"@type":"Organization","@id":"https:\/\/projekt.vombat.ee\/eco\/#organization","name":"Ecocruiser","url":"https:\/\/projekt.vombat.ee\/eco\/","logo":{"@type":"ImageObject","inLanguage":"en-GB","@id":"https:\/\/projekt.vombat.ee\/eco\/#\/schema\/logo\/image\/","url":"https:\/\/projekt.vombat.ee\/eco\/wp-content\/uploads\/2023\/03\/ECOCRUISER_5.png","contentUrl":"https:\/\/projekt.vombat.ee\/eco\/wp-content\/uploads\/2023\/03\/ECOCRUISER_5.png","width":234,"height":91,"caption":"Ecocruiser"},"image":{"@id":"https:\/\/projekt.vombat.ee\/eco\/#\/schema\/logo\/image\/"}}]}},"lang":"et","translations":{"et":8814},"pll_sync_post":[],"_links":{"self":[{"href":"https:\/\/projekt.vombat.ee\/eco\/wp-json\/wp\/v2\/product\/8814"}],"collection":[{"href":"https:\/\/projekt.vombat.ee\/eco\/wp-json\/wp\/v2\/product"}],"about":[{"href":"https:\/\/projekt.vombat.ee\/eco\/wp-json\/wp\/v2\/types\/product"}],"version-history":[{"count":12,"href":"https:\/\/projekt.vombat.ee\/eco\/wp-json\/wp\/v2\/product\/8814\/revisions"}],"predecessor-version":[{"id":16735,"href":"https:\/\/projekt.vombat.ee\/eco\/wp-json\/wp\/v2\/product\/8814\/revisions\/16735"}],"wp:featuredmedia":[{"embeddable":true,"href":"https:\/\/projekt.vombat.ee\/eco\/wp-json\/wp\/v2\/media\/16185"}],"wp:attachment":[{"href":"https:\/\/projekt.vombat.ee\/eco\/wp-json\/wp\/v2\/media?parent=8814"}],"wp:term":[{"taxonomy":"product_cat","embeddable":true,"href":"https:\/\/projekt.vombat.ee\/eco\/wp-json\/wp\/v2\/product_cat?post=8814"},{"taxonomy":"product_tag","embeddable":true,"href":"https:\/\/projekt.vombat.ee\/eco\/wp-json\/wp\/v2\/product_tag?post=8814"}],"curies":[{"name":"wp","href":"https:\/\/api.w.org\/{rel}","templated":true}]}}