{"id":8794,"date":"2023-04-17T12:56:50","date_gmt":"2023-04-17T12:56:50","guid":{"rendered":"https:\/\/projekt.vombat.ee\/eco\/?post_type=product&#038;p=8794"},"modified":"2024-05-02T16:54:29","modified_gmt":"2024-05-02T16:54:29","slug":"fafrees-f20-elektriratas-130km","status":"publish","type":"product","link":"https:\/\/projekt.vombat.ee\/eco\/pood\/elektrirattad\/linnarattad\/fafrees-f20-elektriratas-130km\/","title":{"rendered":"Fafrees F20 Elektriratas, 130km"},"content":{"rendered":"<h3><img fetchpriority=\"high\" decoding=\"async\" class=\"msub_k4 mupj_5k mjru_k4 mse2_k4 mp7g_f6 mq1m_0 mj7u_0 m7er_k4 lazyloaded\" src=\"https:\/\/a.allegroimg.com\/original\/1142a8\/244d124c46a49a6b17e38c5b4c04\/Rower-elektryczny-skladany-20-Cali-Fat-tire-16AH-Engine-Power-250-W\" sizes=\"100vw\" srcset=\"https:\/\/a.allegroimg.com\/s360\/1142a8\/244d124c46a49a6b17e38c5b4c04\/Rower-elektryczny-skladany-20-Cali-Fat-tire-16AH-Engine-Power-250-W 360w,https:\/\/a.allegroimg.com\/s720\/1142a8\/244d124c46a49a6b17e38c5b4c04\/Rower-elektryczny-skladany-20-Cali-Fat-tire-16AH-Engine-Power-250-W 720w,https:\/\/a.allegroimg.com\/s1024\/1142a8\/244d124c46a49a6b17e38c5b4c04\/Rower-elektryczny-skladany-20-Cali-Fat-tire-16AH-Engine-Power-250-W 1000w,https:\/\/a.allegroimg.com\/original\/1142a8\/244d124c46a49a6b17e38c5b4c04\/Rower-elektryczny-skladany-20-Cali-Fat-tire-16AH-Engine-Power-250-W 1000w\" alt=\"Rower elektryczny sk\u0142adany 20 Cali Fat tire 16AH Engine Power 250 W\" width=\"700\" height=\"700\" data-src=\"https:\/\/a.allegroimg.com\/original\/1142a8\/244d124c46a49a6b17e38c5b4c04\/Rower-elektryczny-skladany-20-Cali-Fat-tire-16AH-Engine-Power-250-W\" data-srcset=\"https:\/\/a.allegroimg.com\/s360\/1142a8\/244d124c46a49a6b17e38c5b4c04\/Rower-elektryczny-skladany-20-Cali-Fat-tire-16AH-Engine-Power-250-W 360w,https:\/\/a.allegroimg.com\/s720\/1142a8\/244d124c46a49a6b17e38c5b4c04\/Rower-elektryczny-skladany-20-Cali-Fat-tire-16AH-Engine-Power-250-W 720w,https:\/\/a.allegroimg.com\/s1024\/1142a8\/244d124c46a49a6b17e38c5b4c04\/Rower-elektryczny-skladany-20-Cali-Fat-tire-16AH-Engine-Power-250-W 1000w,https:\/\/a.allegroimg.com\/original\/1142a8\/244d124c46a49a6b17e38c5b4c04\/Rower-elektryczny-skladany-20-Cali-Fat-tire-16AH-Engine-Power-250-W 1000w\" \/><\/h3>\n<h3>Eriti pikk aku t\u00f6\u00f6ulatus<\/h3>\n<p>varustatud t\u00e4iustatud 36 V 16 AH liitiumioonakuga, t\u00e4islaadimine vaid 5\u20136 tunniga, maksimaalne t\u00f6\u00f6ulatus puhta v\u00f5imsuse jaoks kuni 60\u201380 km ja maksimaalne kiirus kuni 25 km\/h. Aku on eemaldatav, mis t\u00e4hendab, et seda saab laadida nii raami sees kui ka v\u00e4ljaspool.<\/p>\n<h3>7 kiirust<\/h3>\n<p>F20-l on 7-k\u00e4iguline professionaalne k\u00e4iguvahetus, raami k\u00fclge on kinnitatud korrosioonivastase kattega k\u00e4iguvahetaja ja k\u00e4iguvaheti k\u00e4epide on integreeritud juhtraua k\u00fclge. Sujuv 7-k\u00e4iguline komplekt v\u00f5imaldab h\u00f5lpsalt k\u00e4igu pealt k\u00e4ike vahetada ja pedaalida igasugusel maastikul.<\/p>\n<h3>3 s\u00f5idure\u017eiimi<\/h3>\n<p>250 W mootor tagab F20 s\u00f5iduj\u00f5u. Saate stabiilse ja mugava s\u00f5idukogemuse selle kolme s\u00f5idure\u017eiimiga: j\u00f5ure\u017eiim, jalgrattare\u017eiim ja mopeedire\u017eiim, gaasipedaali kiiruse lisamine on ainult teie otsustada!<\/p>\n<h3>20&#8243;* 3,0 libisemisvastase rehviga rattad<\/h3>\n<p>20&#8243; rattad muudavad F20 t\u00e4iuslikuks, t\u00f5husaks ja \u00f6konoomseks transpordivahendiks t\u00f6\u00f6le, kooli v\u00f5i linna.<\/p>\n<p>\u00d6\u00f6s\u00f5iduks on varustatud mehaanilised ketaspidurid ja s\u00e4rav LED-esituli.<\/p>\n<h3>Esivedrustus ja Shimano k\u00e4iguvahetus<\/h3>\n<p>F20 pakub suurep\u00e4rast mugavust \u00f5livedrustuse kahvliga. Shimano 7-k\u00e4iguline k\u00e4iguvahetaja tagab t\u00e4pse ja sujuva k\u00e4iguvahetuse.<\/p>\n<p><img decoding=\"async\" class=\"\" src=\"https:\/\/cdn.shopify.com\/s\/files\/1\/0559\/8491\/4624\/files\/4_e730e319-c097-4880-b33d-3f6196f5fa6d.jpg?v=1669969256\" width=\"493\" height=\"493\" \/><\/p>\n<h3>Nutikas LCD-ekraan<\/h3>\n<p>Suure ekraaniga LCD-nutiekraan n\u00e4itab erinevaid andmeid, nagu kiirus, aku, l\u00e4bis\u00f5it ja k\u00e4igud. Juhtpaneel on h\u00f5lpsasti k\u00e4ttesaadav kiiruste vahetamiseks.<\/p>\n<p><img decoding=\"async\" class=\"\" src=\"https:\/\/cdn.shopify.com\/s\/files\/1\/0559\/8491\/4624\/files\/5_df0bd3a0-7563-4aa4-8c6a-b114916d7ebe.jpg?v=1669969374\" width=\"497\" height=\"497\" \/><\/p>\n<p>&nbsp;<\/p>\n<h3>Info<\/h3>\n<p>Raami materjal: alumiiniumisulam<\/p>\n<p>Rehvit\u00fc\u00fcp: 20&#8243;* 3,0 \u00f5hkrehv<\/p>\n<p>Maksimaalne s\u00f5idukiirus: 25 km\/h<\/p>\n<p>Maksimaalne s\u00f5it abire\u017eiimis: 100-130KM<\/p>\n<p>Maksimaalne puhas elektri\u017eiim: 60\u201380 km<\/p>\n<p>Maksimaalne t\u00f5usukiirus: 25 kraadi<\/p>\n<p>V\u00e4rv: Punane<\/p>\n<h3>Mootor:<\/h3>\n<p>Mootori v\u00f5imsus: 250W<br \/>\nAjami t\u00fc\u00fcp: tagumine ajam<\/p>\n<h3>Aku:<\/h3>\n<p>Aku t\u00fc\u00fcp 21700 liitiumioon<br \/>\nAku mahutavus (AH) 36V 16AH<\/p>\n<h3>Laadija:<\/h3>\n<p>Sisendpinge (V) 100-240V<br \/>\nLaadimisaeg 7-8 tundi<br \/>\nK\u00e4igukast: SHIMANO 7S<\/p>\n<p>Ekraan: LCD-ekraan<\/p>\n<p>Pidur: mehaaniline ketaspidur<\/p>\n<p>Kontroller: intelligentne juhtimiss\u00fcsteem 3 kiirusega<\/p>\n<p>S\u00f5idure\u017eiim: manuaalne \/ abiga \/ ainult mootoriga<\/p>\n<p>T\u00f6\u00f6temperatuur: -10 \u00b0 C &#8211; 40 \u00b0 C<\/p>\n<h3>Pakend sisaldab<\/h3>\n<p>Elektrijalgratas * 1<br \/>\nLaadija * 1<br \/>\nT\u00f6\u00f6riistad * 1<br \/>\nJalgpedaal * 2<br \/>\nKasutusjuhend * 1<\/p>\n<h3>M\u00f5\u00f5dud:<\/h3>\n<p>Suurus p\u00e4rast lahtiv\u00f5tmist: 174 * 60 * 118 cm<\/p>\n<p>Kokkupandud suurus: 88 * 38 * 70 cm<\/p>\n<p>Rehvi suurus: 20&#8243;* 3,0<\/p>\n<p>Soovitatav s\u00f5itja pikkus: 160-195cm<\/p>\n<h3>Kaal:<\/h3>\n<p>Netokaal: 26 kg<\/p>\n<p>Aku kaal: 3,9 kg<\/p>\n<p>Kandev\u00f5ime: 130 kg<\/p>\n<p><img loading=\"lazy\" decoding=\"async\" class=\"msub_k4 mupj_5k mjru_k4 mse2_k4 mp7g_f6 mq1m_0 mj7u_0 m7er_k4 lazyloaded\" src=\"https:\/\/a.allegroimg.com\/original\/11cbca\/7525bc4d4085932edb86ca7aaf24\/Rower-elektryczny-skladany-20-Cali-Fat-tire-16AH-Manufacturer-s-code-FAFREES-F20-Red-1\" sizes=\"100vw\" srcset=\"https:\/\/a.allegroimg.com\/s360\/11cbca\/7525bc4d4085932edb86ca7aaf24\/Rower-elektryczny-skladany-20-Cali-Fat-tire-16AH-Manufacturer-s-code-FAFREES-F20-Red-1 360w,https:\/\/a.allegroimg.com\/s720\/11cbca\/7525bc4d4085932edb86ca7aaf24\/Rower-elektryczny-skladany-20-Cali-Fat-tire-16AH-Manufacturer-s-code-FAFREES-F20-Red-1 720w,https:\/\/a.allegroimg.com\/s1024\/11cbca\/7525bc4d4085932edb86ca7aaf24\/Rower-elektryczny-skladany-20-Cali-Fat-tire-16AH-Manufacturer-s-code-FAFREES-F20-Red-1 1000w,https:\/\/a.allegroimg.com\/original\/11cbca\/7525bc4d4085932edb86ca7aaf24\/Rower-elektryczny-skladany-20-Cali-Fat-tire-16AH-Manufacturer-s-code-FAFREES-F20-Red-1 1000w\" alt=\"Rower elektryczny sk\u0142adany 20 Cali Fat tire 16AH Manufacturer's code FAFREES-F20-Red-1\" width=\"683\" height=\"683\" data-src=\"https:\/\/a.allegroimg.com\/original\/11cbca\/7525bc4d4085932edb86ca7aaf24\/Rower-elektryczny-skladany-20-Cali-Fat-tire-16AH-Manufacturer-s-code-FAFREES-F20-Red-1\" data-srcset=\"https:\/\/a.allegroimg.com\/s360\/11cbca\/7525bc4d4085932edb86ca7aaf24\/Rower-elektryczny-skladany-20-Cali-Fat-tire-16AH-Manufacturer-s-code-FAFREES-F20-Red-1 360w,https:\/\/a.allegroimg.com\/s720\/11cbca\/7525bc4d4085932edb86ca7aaf24\/Rower-elektryczny-skladany-20-Cali-Fat-tire-16AH-Manufacturer-s-code-FAFREES-F20-Red-1 720w,https:\/\/a.allegroimg.com\/s1024\/11cbca\/7525bc4d4085932edb86ca7aaf24\/Rower-elektryczny-skladany-20-Cali-Fat-tire-16AH-Manufacturer-s-code-FAFREES-F20-Red-1 1000w,https:\/\/a.allegroimg.com\/original\/11cbca\/7525bc4d4085932edb86ca7aaf24\/Rower-elektryczny-skladany-20-Cali-Fat-tire-16AH-Manufacturer-s-code-FAFREES-F20-Red-1 1000w\" \/><\/p>\n","protected":false},"excerpt":{"rendered":"<p><strong>Fafrees F20<\/strong> Elektriratas. Sobib s\u00f5itjale pikkusega 160-195cm.<\/p>\n<ul>\n<li>Kandev\u00f5ime: 130 kg<\/li>\n<li>Maksimaalne s\u00f5it abire\u017eiimis: 100-130km<\/li>\n<li>Maksimaalne puhas elektri\u017eiim: 60\u201380 km<\/li>\n<li>Aku: 36V 16AH<\/li>\n<li>Mootori v\u00f5imsus: 250W<\/li>\n<\/ul>\n<p>\u2666\u00a0<strong>Tarneaeg 2-6 p\u00e4eva<\/strong><br \/>\n\u2666\u00a0<strong>Laos<\/strong><\/p>\n","protected":false},"featured_media":8795,"template":"","meta":[],"product_cat":[52,907,903,905],"product_tag":[],"class_list":{"0":"post-8794","1":"product","2":"type-product","3":"status-publish","4":"has-post-thumbnail","6":"product_cat-elektrirattad","7":"product_cat-kokkupandavad-rattad","8":"product_cat-linnarattad","9":"product_cat-maastikurattad","10":"product_shipping_class-suured-pakid","12":"first","13":"instock","14":"sale","15":"taxable","16":"shipping-taxable","17":"purchasable","18":"product-type-variable"},"yoast_head":"<!-- This site is optimized with the Yoast SEO plugin v23.8 - https:\/\/yoast.com\/wordpress\/plugins\/seo\/ -->\n<title>Fafrees F20 Elektriratas, 130km - Ecocruiser<\/title>\n<meta name=\"description\" content=\"Fafrees F20 Elektriratas. Sobib s\u00f5itjale pikkusega 160-195cmKandev\u00f5ime: 130 kgMaksimaalne s\u00f5it abire\u017eiimis: 100-130kmMaksimaalne puhas elektri\u017eiim: 60\u201380 kmAku: 36V 16AHMootori v\u00f5imsus: 250W\" \/>\n<meta name=\"robots\" content=\"noindex, follow, max-snippet:-1, max-image-preview:large, max-video-preview:-1\" \/>\n<meta property=\"og:locale\" content=\"en_GB\" \/>\n<meta property=\"og:type\" content=\"article\" \/>\n<meta property=\"og:title\" content=\"Fafrees F20 Elektriratas, 130km - Ecocruiser\" \/>\n<meta property=\"og:description\" content=\"Fafrees F20 Elektriratas. Sobib s\u00f5itjale pikkusega 160-195cmKandev\u00f5ime: 130 kgMaksimaalne s\u00f5it abire\u017eiimis: 100-130kmMaksimaalne puhas elektri\u017eiim: 60\u201380 kmAku: 36V 16AHMootori v\u00f5imsus: 250W\" \/>\n<meta property=\"og:url\" content=\"https:\/\/projekt.vombat.ee\/eco\/pood\/elektrirattad\/linnarattad\/fafrees-f20-elektriratas-130km\/\" \/>\n<meta property=\"og:site_name\" content=\"Ecocruiser\" \/>\n<meta property=\"article:modified_time\" content=\"2024-05-02T16:54:29+00:00\" \/>\n<meta property=\"og:image\" content=\"https:\/\/projekt.vombat.ee\/eco\/wp-content\/uploads\/2023\/04\/1-9.webp\" \/>\n\t<meta property=\"og:image:width\" content=\"1600\" \/>\n\t<meta property=\"og:image:height\" content=\"1600\" \/>\n\t<meta property=\"og:image:type\" content=\"image\/webp\" \/>\n<meta name=\"twitter:card\" content=\"summary_large_image\" \/>\n<meta name=\"twitter:label1\" content=\"Estimated reading time\" \/>\n\t<meta name=\"twitter:data1\" content=\"3 minutes\" \/>\n<script type=\"application\/ld+json\" class=\"yoast-schema-graph\">{\"@context\":\"https:\/\/schema.org\",\"@graph\":[{\"@type\":\"WebPage\",\"@id\":\"https:\/\/projekt.vombat.ee\/eco\/pood\/elektrirattad\/linnarattad\/fafrees-f20-elektriratas-130km\/\",\"url\":\"https:\/\/projekt.vombat.ee\/eco\/pood\/elektrirattad\/linnarattad\/fafrees-f20-elektriratas-130km\/\",\"name\":\"Fafrees F20 Elektriratas, 130km - Ecocruiser\",\"isPartOf\":{\"@id\":\"https:\/\/projekt.vombat.ee\/eco\/#website\"},\"primaryImageOfPage\":{\"@id\":\"https:\/\/projekt.vombat.ee\/eco\/pood\/elektrirattad\/linnarattad\/fafrees-f20-elektriratas-130km\/#primaryimage\"},\"image\":{\"@id\":\"https:\/\/projekt.vombat.ee\/eco\/pood\/elektrirattad\/linnarattad\/fafrees-f20-elektriratas-130km\/#primaryimage\"},\"thumbnailUrl\":\"https:\/\/projekt.vombat.ee\/eco\/wp-content\/uploads\/2023\/04\/1-9.webp\",\"datePublished\":\"2023-04-17T12:56:50+00:00\",\"dateModified\":\"2024-05-02T16:54:29+00:00\",\"description\":\"Fafrees F20 Elektriratas. Sobib s\u00f5itjale pikkusega 160-195cmKandev\u00f5ime: 130 kgMaksimaalne s\u00f5it abire\u017eiimis: 100-130kmMaksimaalne puhas elektri\u017eiim: 60\u201380 kmAku: 36V 16AHMootori v\u00f5imsus: 250W\",\"breadcrumb\":{\"@id\":\"https:\/\/projekt.vombat.ee\/eco\/pood\/elektrirattad\/linnarattad\/fafrees-f20-elektriratas-130km\/#breadcrumb\"},\"inLanguage\":\"en-GB\",\"potentialAction\":[{\"@type\":\"ReadAction\",\"target\":[\"https:\/\/projekt.vombat.ee\/eco\/pood\/elektrirattad\/linnarattad\/fafrees-f20-elektriratas-130km\/\"]}]},{\"@type\":\"ImageObject\",\"inLanguage\":\"en-GB\",\"@id\":\"https:\/\/projekt.vombat.ee\/eco\/pood\/elektrirattad\/linnarattad\/fafrees-f20-elektriratas-130km\/#primaryimage\",\"url\":\"https:\/\/projekt.vombat.ee\/eco\/wp-content\/uploads\/2023\/04\/1-9.webp\",\"contentUrl\":\"https:\/\/projekt.vombat.ee\/eco\/wp-content\/uploads\/2023\/04\/1-9.webp\",\"width\":1600,\"height\":1600,\"caption\":\"Fafrees F20\"},{\"@type\":\"BreadcrumbList\",\"@id\":\"https:\/\/projekt.vombat.ee\/eco\/pood\/elektrirattad\/linnarattad\/fafrees-f20-elektriratas-130km\/#breadcrumb\",\"itemListElement\":[{\"@type\":\"ListItem\",\"position\":1,\"name\":\"Home\",\"item\":\"https:\/\/projekt.vombat.ee\/eco\/\"},{\"@type\":\"ListItem\",\"position\":2,\"name\":\"Pood\",\"item\":\"https:\/\/projekt.vombat.ee\/eco\/pood\/\"},{\"@type\":\"ListItem\",\"position\":3,\"name\":\"Fafrees F20 Elektriratas, 130km\"}]},{\"@type\":\"WebSite\",\"@id\":\"https:\/\/projekt.vombat.ee\/eco\/#website\",\"url\":\"https:\/\/projekt.vombat.ee\/eco\/\",\"name\":\"Ecocruiser\",\"description\":\"\",\"publisher\":{\"@id\":\"https:\/\/projekt.vombat.ee\/eco\/#organization\"},\"potentialAction\":[{\"@type\":\"SearchAction\",\"target\":{\"@type\":\"EntryPoint\",\"urlTemplate\":\"https:\/\/projekt.vombat.ee\/eco\/?s={search_term_string}\"},\"query-input\":{\"@type\":\"PropertyValueSpecification\",\"valueRequired\":true,\"valueName\":\"search_term_string\"}}],\"inLanguage\":\"en-GB\"},{\"@type\":\"Organization\",\"@id\":\"https:\/\/projekt.vombat.ee\/eco\/#organization\",\"name\":\"Ecocruiser\",\"url\":\"https:\/\/projekt.vombat.ee\/eco\/\",\"logo\":{\"@type\":\"ImageObject\",\"inLanguage\":\"en-GB\",\"@id\":\"https:\/\/projekt.vombat.ee\/eco\/#\/schema\/logo\/image\/\",\"url\":\"https:\/\/projekt.vombat.ee\/eco\/wp-content\/uploads\/2023\/03\/ECOCRUISER_5.png\",\"contentUrl\":\"https:\/\/projekt.vombat.ee\/eco\/wp-content\/uploads\/2023\/03\/ECOCRUISER_5.png\",\"width\":234,\"height\":91,\"caption\":\"Ecocruiser\"},\"image\":{\"@id\":\"https:\/\/projekt.vombat.ee\/eco\/#\/schema\/logo\/image\/\"}}]}<\/script>\n<!-- \/ Yoast SEO plugin. -->","yoast_head_json":{"title":"Fafrees F20 Elektriratas, 130km - Ecocruiser","description":"Fafrees F20 Elektriratas. Sobib s\u00f5itjale pikkusega 160-195cmKandev\u00f5ime: 130 kgMaksimaalne s\u00f5it abire\u017eiimis: 100-130kmMaksimaalne puhas elektri\u017eiim: 60\u201380 kmAku: 36V 16AHMootori v\u00f5imsus: 250W","robots":{"index":"noindex","follow":"follow","max-snippet":"max-snippet:-1","max-image-preview":"max-image-preview:large","max-video-preview":"max-video-preview:-1"},"og_locale":"en_GB","og_type":"article","og_title":"Fafrees F20 Elektriratas, 130km - Ecocruiser","og_description":"Fafrees F20 Elektriratas. Sobib s\u00f5itjale pikkusega 160-195cmKandev\u00f5ime: 130 kgMaksimaalne s\u00f5it abire\u017eiimis: 100-130kmMaksimaalne puhas elektri\u017eiim: 60\u201380 kmAku: 36V 16AHMootori v\u00f5imsus: 250W","og_url":"https:\/\/projekt.vombat.ee\/eco\/pood\/elektrirattad\/linnarattad\/fafrees-f20-elektriratas-130km\/","og_site_name":"Ecocruiser","article_modified_time":"2024-05-02T16:54:29+00:00","og_image":[{"width":1600,"height":1600,"url":"https:\/\/projekt.vombat.ee\/eco\/wp-content\/uploads\/2023\/04\/1-9.webp","type":"image\/webp"}],"twitter_card":"summary_large_image","twitter_misc":{"Estimated reading time":"3 minutes"},"schema":{"@context":"https:\/\/schema.org","@graph":[{"@type":"WebPage","@id":"https:\/\/projekt.vombat.ee\/eco\/pood\/elektrirattad\/linnarattad\/fafrees-f20-elektriratas-130km\/","url":"https:\/\/projekt.vombat.ee\/eco\/pood\/elektrirattad\/linnarattad\/fafrees-f20-elektriratas-130km\/","name":"Fafrees F20 Elektriratas, 130km - Ecocruiser","isPartOf":{"@id":"https:\/\/projekt.vombat.ee\/eco\/#website"},"primaryImageOfPage":{"@id":"https:\/\/projekt.vombat.ee\/eco\/pood\/elektrirattad\/linnarattad\/fafrees-f20-elektriratas-130km\/#primaryimage"},"image":{"@id":"https:\/\/projekt.vombat.ee\/eco\/pood\/elektrirattad\/linnarattad\/fafrees-f20-elektriratas-130km\/#primaryimage"},"thumbnailUrl":"https:\/\/projekt.vombat.ee\/eco\/wp-content\/uploads\/2023\/04\/1-9.webp","datePublished":"2023-04-17T12:56:50+00:00","dateModified":"2024-05-02T16:54:29+00:00","description":"Fafrees F20 Elektriratas. Sobib s\u00f5itjale pikkusega 160-195cmKandev\u00f5ime: 130 kgMaksimaalne s\u00f5it abire\u017eiimis: 100-130kmMaksimaalne puhas elektri\u017eiim: 60\u201380 kmAku: 36V 16AHMootori v\u00f5imsus: 250W","breadcrumb":{"@id":"https:\/\/projekt.vombat.ee\/eco\/pood\/elektrirattad\/linnarattad\/fafrees-f20-elektriratas-130km\/#breadcrumb"},"inLanguage":"en-GB","potentialAction":[{"@type":"ReadAction","target":["https:\/\/projekt.vombat.ee\/eco\/pood\/elektrirattad\/linnarattad\/fafrees-f20-elektriratas-130km\/"]}]},{"@type":"ImageObject","inLanguage":"en-GB","@id":"https:\/\/projekt.vombat.ee\/eco\/pood\/elektrirattad\/linnarattad\/fafrees-f20-elektriratas-130km\/#primaryimage","url":"https:\/\/projekt.vombat.ee\/eco\/wp-content\/uploads\/2023\/04\/1-9.webp","contentUrl":"https:\/\/projekt.vombat.ee\/eco\/wp-content\/uploads\/2023\/04\/1-9.webp","width":1600,"height":1600,"caption":"Fafrees F20"},{"@type":"BreadcrumbList","@id":"https:\/\/projekt.vombat.ee\/eco\/pood\/elektrirattad\/linnarattad\/fafrees-f20-elektriratas-130km\/#breadcrumb","itemListElement":[{"@type":"ListItem","position":1,"name":"Home","item":"https:\/\/projekt.vombat.ee\/eco\/"},{"@type":"ListItem","position":2,"name":"Pood","item":"https:\/\/projekt.vombat.ee\/eco\/pood\/"},{"@type":"ListItem","position":3,"name":"Fafrees F20 Elektriratas, 130km"}]},{"@type":"WebSite","@id":"https:\/\/projekt.vombat.ee\/eco\/#website","url":"https:\/\/projekt.vombat.ee\/eco\/","name":"Ecocruiser","description":"","publisher":{"@id":"https:\/\/projekt.vombat.ee\/eco\/#organization"},"potentialAction":[{"@type":"SearchAction","target":{"@type":"EntryPoint","urlTemplate":"https:\/\/projekt.vombat.ee\/eco\/?s={search_term_string}"},"query-input":{"@type":"PropertyValueSpecification","valueRequired":true,"valueName":"search_term_string"}}],"inLanguage":"en-GB"},{"@type":"Organization","@id":"https:\/\/projekt.vombat.ee\/eco\/#organization","name":"Ecocruiser","url":"https:\/\/projekt.vombat.ee\/eco\/","logo":{"@type":"ImageObject","inLanguage":"en-GB","@id":"https:\/\/projekt.vombat.ee\/eco\/#\/schema\/logo\/image\/","url":"https:\/\/projekt.vombat.ee\/eco\/wp-content\/uploads\/2023\/03\/ECOCRUISER_5.png","contentUrl":"https:\/\/projekt.vombat.ee\/eco\/wp-content\/uploads\/2023\/03\/ECOCRUISER_5.png","width":234,"height":91,"caption":"Ecocruiser"},"image":{"@id":"https:\/\/projekt.vombat.ee\/eco\/#\/schema\/logo\/image\/"}}]}},"lang":"et","translations":{"et":8794,"fi":9177},"pll_sync_post":[],"_links":{"self":[{"href":"https:\/\/projekt.vombat.ee\/eco\/wp-json\/wp\/v2\/product\/8794"}],"collection":[{"href":"https:\/\/projekt.vombat.ee\/eco\/wp-json\/wp\/v2\/product"}],"about":[{"href":"https:\/\/projekt.vombat.ee\/eco\/wp-json\/wp\/v2\/types\/product"}],"version-history":[{"count":4,"href":"https:\/\/projekt.vombat.ee\/eco\/wp-json\/wp\/v2\/product\/8794\/revisions"}],"predecessor-version":[{"id":16770,"href":"https:\/\/projekt.vombat.ee\/eco\/wp-json\/wp\/v2\/product\/8794\/revisions\/16770"}],"wp:featuredmedia":[{"embeddable":true,"href":"https:\/\/projekt.vombat.ee\/eco\/wp-json\/wp\/v2\/media\/8795"}],"wp:attachment":[{"href":"https:\/\/projekt.vombat.ee\/eco\/wp-json\/wp\/v2\/media?parent=8794"}],"wp:term":[{"taxonomy":"product_cat","embeddable":true,"href":"https:\/\/projekt.vombat.ee\/eco\/wp-json\/wp\/v2\/product_cat?post=8794"},{"taxonomy":"product_tag","embeddable":true,"href":"https:\/\/projekt.vombat.ee\/eco\/wp-json\/wp\/v2\/product_tag?post=8794"}],"curies":[{"name":"wp","href":"https:\/\/api.w.org\/{rel}","templated":true}]}}