{"id":8763,"date":"2023-04-15T19:30:32","date_gmt":"2023-04-15T19:30:32","guid":{"rendered":"https:\/\/projekt.vombat.ee\/eco\/?post_type=product&#038;p=8763"},"modified":"2024-06-30T12:47:51","modified_gmt":"2024-06-30T12:47:51","slug":"inokim-oxo-elektriline-toukeratas-offroad-110km","status":"publish","type":"product","link":"https:\/\/projekt.vombat.ee\/eco\/pood\/brandid\/inokim\/inokim-oxo-elektriline-toukeratas-offroad-110km\/","title":{"rendered":"Inokim OXO elektriline t\u00f5ukeratas, offroad, 110km"},"content":{"rendered":"<h1>INOKIM OXO ELEKTRILINE T\u00d5UKERATAS<\/h1>\n<p><strong>INOKIM OxO Offroad\u00a0<\/strong>on varustatud rehvidega, mis taluvad paremini maastikul s\u00f5itmist. Lisaks sellele, et need rehvid kannatavad rohkem l\u00f6\u00f6ke ja on tugevamast materjalist, tagavad need ka parema pidavuse ja ohutuse.<\/p>\n<p><strong style=\"font-size: inherit;\">INOKIM OxO <\/strong>puhul on tegemist kindlasti \u00fche v\u00f5imekaima mudeliga<span style=\"font-size: inherit;\">. Kui tavaliselt on t\u00f5ukerattal \u00fcks mootor, siis selle isendi puhul on tegemist kaheveolise t\u00f5ukerattaga. M\u00f5lemate nende v\u00f5imsus eraldi on 1000W ehk siis \u00fckski maastik v\u00f5i t\u00f5us ei tohiks selle t\u00f5ukerattaga probleemiks tulla. Kiiruseks annab nende kahe mootoriga saavutada kuni 65km ning targalt ja s\u00e4\u00e4stlikult s\u00f5ites saab \u00fche laadimisega l\u00e4bida kuni 110km.\u00a0\u00a0<\/span><\/p>\n<p dir=\"ltr\">OxO mudelil on ainulaadne reguleeritav esi- ja tagavedrustus, mis v\u00f5imaldab s\u00f5ita mistahes maastikul. Patenteeritud s\u00fcsteem v\u00f5imaldab muuta vedrustuse asendit: maastikul s\u00f5ites saab vedrustust k\u00f5rgemale t\u00f5sta, et s\u00f5it oleks pehmem ning asfaltil s\u00f5ites saab vedrustuse madalamaks lasta, et suurematel kiirustel s\u00f5it oleks stabiilsem. OXO\u00b4le pakume ka juurde maastikurehve, mis sarnanevad krossirehvide mustrile.\u00a0Laiem jalgade platvorm on m\u00f5eldud selleks, et kasutajad tunneksid ennast mugavalt ja saaksid\u00a0 seista t\u00f5ukerattal jalad k\u00f5rvuti.<br \/>\nUuendusi on veel. OxO standardvarustuses on n\u00fc\u00fcdsest h\u00fcdraulilised \u00f5liga ketaspidurid. S\u00f5ites tunned sa erinevust v\u00f5rreldes mistahes teise t\u00f5ukerattaga. Pidurid on t\u00e4psed ja konkreetsed ning v\u00f5imaldavad stabiilset ja turvalist s\u00f5itmist. Tavalistelt ketaspiduritelt \u00fcle minnes on pidurdamisel vahe v\u00e4ga h\u00e4sti tuntav.<br \/>\nOxO t\u00f5ukerattaga on lihtne s\u00f5ita, kokku-ja lahtipakkimiseks kulub 5 sekundit. Lai p\u00f5hi parandab stabiilsust s\u00f5idu ajal. Raam on valmistatud kvaliteetsest alumiiniumisulamist 6061 T6, mis on oma vastupidavust t\u00f5estanud autot\u00f6\u00f6stuses. OxO\u00b4l on standardvarustuses automaatne mootori v\u00e4ljal\u00fclitumise funktsioon.<\/p>\n<p dir=\"ltr\">Erinevalt muudest elektrit\u00f5ukeratastest, millel gaasihoob asub nimetiss\u00f5rme all, on Inokimil see p\u00f6idla all. See v\u00e4listab kogemata gaasi ja piduri segamini ajamise, mis teeb Inokimiga s\u00f5itmise turvaliseks. Lenksul olev\u00a0 LCD ekraan n\u00e4itab kiirust, l\u00e4bis\u00f5itu, kiiruse k\u00e4iku (3-erinevatd kiirusastet), distantsi ja aku taset. Ekraani k\u00f5rval on m\u00f5ne nupu abil v\u00f5imalik muuta j\u00e4rgmiseid seadeid: rakendada p\u00fcsikiiruse hoidja, gaasi aktiveerumine, kas kohe vajutades (noortele ja vanematele inimestele mitte soovitav) v\u00f5i peab esmalt hoogu l\u00fckkama jalaga, mis on turvaline ja soovitatav. Lisaks on standardvarustuses automaatne v\u00e4lja l\u00fclitamine (kui m\u00f5nda aega t\u00f5ukeratast ei liigutata), tuled ja ekraani valgustus.<\/p>\n<p><strong>NB!<\/strong> Elektrit\u00f5ukerattaga s\u00f5ites soovitame alati kanda <a href=\"https:\/\/projekt.vombat.ee\/eco\/pood\/?product-cata=707\">kiivrit<\/a>. Alla 16 aastase kergliikuri jaoks on elektrit\u00f5uksiga s\u00f5idu ajal kiivri kandmine\u00a0<a href=\"https:\/\/www.riigiteataja.ee\/akt\/113112020001\">seaduse<\/a>\u00a0j\u00e4rgi kohustuslik<\/p>\n<p>&nbsp;<\/p>\n","protected":false},"excerpt":{"rendered":"<h6><strong>INOKIM OXO ELEKTRILINE T\u00d5UKERATAS<\/strong><\/h6>\n<p>&nbsp;<\/p>\n<ul>\n<li><strong>Max s\u00f5iduulatus<\/strong>: 110 KM<\/li>\n<li><strong>Kandev\u00f5ime<\/strong>: 120 kg<\/li>\n<li><strong>Mootori v\u00f5imsus<\/strong>: 1000W<\/li>\n<li><strong>Laadimisaeg<\/strong>: 13-14h<\/li>\n<li><strong>Aku<\/strong>: 26Ah<\/li>\n<li><strong>Max kiirus<\/strong>: 25km\/h<\/li>\n<\/ul>\n<p>&nbsp;<\/p>\n<p><strong>\u2666 Tarneaeg 2-4 p\u00e4eva<\/strong><br \/>\n<strong>\u2666 Laos<\/strong><\/p>\n","protected":false},"featured_media":8768,"template":"","meta":[],"product_cat":[1386,53,911,939],"product_tag":[],"class_list":{"0":"post-8763","1":"product","2":"type-product","3":"status-publish","4":"has-post-thumbnail","6":"product_cat-inokim","7":"product_cat-elektritoukerattad","8":"product_cat-voimsad-toukerattad","9":"product_cat-brandid","10":"product_shipping_class-suured-pakid","12":"first","13":"instock","14":"sale","15":"taxable","16":"shipping-taxable","17":"purchasable","18":"product-type-simple"},"yoast_head":"<!-- This site is optimized with the Yoast SEO plugin v23.8 - https:\/\/yoast.com\/wordpress\/plugins\/seo\/ -->\n<title>Inokim OXO elektriline t\u00f5ukeratas, offroad, 110km - Ecocruiser<\/title>\n<meta name=\"description\" content=\"Inokim OXO elektriline t\u00f5ukeratas, offroad, 110km - Kvaliteetsed br\u00e4ndid, lai valik - Ecocruiser.ee - K\u00fcsimuste korral v\u00f5ta \u00fchendust info@projekt.vombat.ee\" \/>\n<meta name=\"robots\" content=\"noindex, follow, max-snippet:-1, max-image-preview:large, max-video-preview:-1\" \/>\n<meta property=\"og:locale\" content=\"en_GB\" \/>\n<meta property=\"og:type\" content=\"article\" \/>\n<meta property=\"og:title\" content=\"Inokim OXO elektriline t\u00f5ukeratas, offroad, 110km - Ecocruiser\" \/>\n<meta property=\"og:description\" content=\"Inokim OXO elektriline t\u00f5ukeratas, offroad, 110km - Kvaliteetsed br\u00e4ndid, lai valik - Ecocruiser.ee - K\u00fcsimuste korral v\u00f5ta \u00fchendust info@projekt.vombat.ee\" \/>\n<meta property=\"og:url\" content=\"https:\/\/projekt.vombat.ee\/eco\/pood\/brandid\/inokim\/inokim-oxo-elektriline-toukeratas-offroad-110km\/\" \/>\n<meta property=\"og:site_name\" content=\"Ecocruiser\" \/>\n<meta property=\"article:modified_time\" content=\"2024-06-30T12:47:51+00:00\" \/>\n<meta property=\"og:image\" content=\"https:\/\/projekt.vombat.ee\/eco\/wp-content\/uploads\/2023\/04\/INOKIM-OXO.jpg\" \/>\n\t<meta property=\"og:image:width\" content=\"1152\" \/>\n\t<meta property=\"og:image:height\" content=\"768\" \/>\n\t<meta property=\"og:image:type\" content=\"image\/jpeg\" \/>\n<meta name=\"twitter:card\" content=\"summary_large_image\" \/>\n<meta name=\"twitter:label1\" content=\"Estimated reading time\" \/>\n\t<meta name=\"twitter:data1\" content=\"2 minutes\" \/>\n<script type=\"application\/ld+json\" class=\"yoast-schema-graph\">{\"@context\":\"https:\/\/schema.org\",\"@graph\":[{\"@type\":\"WebPage\",\"@id\":\"https:\/\/projekt.vombat.ee\/eco\/pood\/brandid\/inokim\/inokim-oxo-elektriline-toukeratas-offroad-110km\/\",\"url\":\"https:\/\/projekt.vombat.ee\/eco\/pood\/brandid\/inokim\/inokim-oxo-elektriline-toukeratas-offroad-110km\/\",\"name\":\"Inokim OXO elektriline t\u00f5ukeratas, offroad, 110km - Ecocruiser\",\"isPartOf\":{\"@id\":\"https:\/\/projekt.vombat.ee\/eco\/#website\"},\"primaryImageOfPage\":{\"@id\":\"https:\/\/projekt.vombat.ee\/eco\/pood\/brandid\/inokim\/inokim-oxo-elektriline-toukeratas-offroad-110km\/#primaryimage\"},\"image\":{\"@id\":\"https:\/\/projekt.vombat.ee\/eco\/pood\/brandid\/inokim\/inokim-oxo-elektriline-toukeratas-offroad-110km\/#primaryimage\"},\"thumbnailUrl\":\"https:\/\/projekt.vombat.ee\/eco\/wp-content\/uploads\/2023\/04\/INOKIM-OXO.jpg\",\"datePublished\":\"2023-04-15T19:30:32+00:00\",\"dateModified\":\"2024-06-30T12:47:51+00:00\",\"description\":\"Inokim OXO elektriline t\u00f5ukeratas, offroad, 110km - Kvaliteetsed br\u00e4ndid, lai valik - Ecocruiser.ee - K\u00fcsimuste korral v\u00f5ta \u00fchendust info@projekt.vombat.ee\",\"breadcrumb\":{\"@id\":\"https:\/\/projekt.vombat.ee\/eco\/pood\/brandid\/inokim\/inokim-oxo-elektriline-toukeratas-offroad-110km\/#breadcrumb\"},\"inLanguage\":\"en-GB\",\"potentialAction\":[{\"@type\":\"ReadAction\",\"target\":[\"https:\/\/projekt.vombat.ee\/eco\/pood\/brandid\/inokim\/inokim-oxo-elektriline-toukeratas-offroad-110km\/\"]}]},{\"@type\":\"ImageObject\",\"inLanguage\":\"en-GB\",\"@id\":\"https:\/\/projekt.vombat.ee\/eco\/pood\/brandid\/inokim\/inokim-oxo-elektriline-toukeratas-offroad-110km\/#primaryimage\",\"url\":\"https:\/\/projekt.vombat.ee\/eco\/wp-content\/uploads\/2023\/04\/INOKIM-OXO.jpg\",\"contentUrl\":\"https:\/\/projekt.vombat.ee\/eco\/wp-content\/uploads\/2023\/04\/INOKIM-OXO.jpg\",\"width\":1152,\"height\":768,\"caption\":\"INOKIM OXO\"},{\"@type\":\"BreadcrumbList\",\"@id\":\"https:\/\/projekt.vombat.ee\/eco\/pood\/brandid\/inokim\/inokim-oxo-elektriline-toukeratas-offroad-110km\/#breadcrumb\",\"itemListElement\":[{\"@type\":\"ListItem\",\"position\":1,\"name\":\"Home\",\"item\":\"https:\/\/projekt.vombat.ee\/eco\/\"},{\"@type\":\"ListItem\",\"position\":2,\"name\":\"Pood\",\"item\":\"https:\/\/projekt.vombat.ee\/eco\/pood\/\"},{\"@type\":\"ListItem\",\"position\":3,\"name\":\"Inokim OXO elektriline t\u00f5ukeratas, offroad, 110km\"}]},{\"@type\":\"WebSite\",\"@id\":\"https:\/\/projekt.vombat.ee\/eco\/#website\",\"url\":\"https:\/\/projekt.vombat.ee\/eco\/\",\"name\":\"Ecocruiser\",\"description\":\"\",\"publisher\":{\"@id\":\"https:\/\/projekt.vombat.ee\/eco\/#organization\"},\"potentialAction\":[{\"@type\":\"SearchAction\",\"target\":{\"@type\":\"EntryPoint\",\"urlTemplate\":\"https:\/\/projekt.vombat.ee\/eco\/?s={search_term_string}\"},\"query-input\":{\"@type\":\"PropertyValueSpecification\",\"valueRequired\":true,\"valueName\":\"search_term_string\"}}],\"inLanguage\":\"en-GB\"},{\"@type\":\"Organization\",\"@id\":\"https:\/\/projekt.vombat.ee\/eco\/#organization\",\"name\":\"Ecocruiser\",\"url\":\"https:\/\/projekt.vombat.ee\/eco\/\",\"logo\":{\"@type\":\"ImageObject\",\"inLanguage\":\"en-GB\",\"@id\":\"https:\/\/projekt.vombat.ee\/eco\/#\/schema\/logo\/image\/\",\"url\":\"https:\/\/projekt.vombat.ee\/eco\/wp-content\/uploads\/2023\/03\/ECOCRUISER_5.png\",\"contentUrl\":\"https:\/\/projekt.vombat.ee\/eco\/wp-content\/uploads\/2023\/03\/ECOCRUISER_5.png\",\"width\":234,\"height\":91,\"caption\":\"Ecocruiser\"},\"image\":{\"@id\":\"https:\/\/projekt.vombat.ee\/eco\/#\/schema\/logo\/image\/\"}}]}<\/script>\n<!-- \/ Yoast SEO plugin. -->","yoast_head_json":{"title":"Inokim OXO elektriline t\u00f5ukeratas, offroad, 110km - Ecocruiser","description":"Inokim OXO elektriline t\u00f5ukeratas, offroad, 110km - Kvaliteetsed br\u00e4ndid, lai valik - Ecocruiser.ee - K\u00fcsimuste korral v\u00f5ta \u00fchendust info@projekt.vombat.ee","robots":{"index":"noindex","follow":"follow","max-snippet":"max-snippet:-1","max-image-preview":"max-image-preview:large","max-video-preview":"max-video-preview:-1"},"og_locale":"en_GB","og_type":"article","og_title":"Inokim OXO elektriline t\u00f5ukeratas, offroad, 110km - Ecocruiser","og_description":"Inokim OXO elektriline t\u00f5ukeratas, offroad, 110km - Kvaliteetsed br\u00e4ndid, lai valik - Ecocruiser.ee - K\u00fcsimuste korral v\u00f5ta \u00fchendust info@projekt.vombat.ee","og_url":"https:\/\/projekt.vombat.ee\/eco\/pood\/brandid\/inokim\/inokim-oxo-elektriline-toukeratas-offroad-110km\/","og_site_name":"Ecocruiser","article_modified_time":"2024-06-30T12:47:51+00:00","og_image":[{"width":1152,"height":768,"url":"https:\/\/projekt.vombat.ee\/eco\/wp-content\/uploads\/2023\/04\/INOKIM-OXO.jpg","type":"image\/jpeg"}],"twitter_card":"summary_large_image","twitter_misc":{"Estimated reading time":"2 minutes"},"schema":{"@context":"https:\/\/schema.org","@graph":[{"@type":"WebPage","@id":"https:\/\/projekt.vombat.ee\/eco\/pood\/brandid\/inokim\/inokim-oxo-elektriline-toukeratas-offroad-110km\/","url":"https:\/\/projekt.vombat.ee\/eco\/pood\/brandid\/inokim\/inokim-oxo-elektriline-toukeratas-offroad-110km\/","name":"Inokim OXO elektriline t\u00f5ukeratas, offroad, 110km - Ecocruiser","isPartOf":{"@id":"https:\/\/projekt.vombat.ee\/eco\/#website"},"primaryImageOfPage":{"@id":"https:\/\/projekt.vombat.ee\/eco\/pood\/brandid\/inokim\/inokim-oxo-elektriline-toukeratas-offroad-110km\/#primaryimage"},"image":{"@id":"https:\/\/projekt.vombat.ee\/eco\/pood\/brandid\/inokim\/inokim-oxo-elektriline-toukeratas-offroad-110km\/#primaryimage"},"thumbnailUrl":"https:\/\/projekt.vombat.ee\/eco\/wp-content\/uploads\/2023\/04\/INOKIM-OXO.jpg","datePublished":"2023-04-15T19:30:32+00:00","dateModified":"2024-06-30T12:47:51+00:00","description":"Inokim OXO elektriline t\u00f5ukeratas, offroad, 110km - Kvaliteetsed br\u00e4ndid, lai valik - Ecocruiser.ee - K\u00fcsimuste korral v\u00f5ta \u00fchendust info@projekt.vombat.ee","breadcrumb":{"@id":"https:\/\/projekt.vombat.ee\/eco\/pood\/brandid\/inokim\/inokim-oxo-elektriline-toukeratas-offroad-110km\/#breadcrumb"},"inLanguage":"en-GB","potentialAction":[{"@type":"ReadAction","target":["https:\/\/projekt.vombat.ee\/eco\/pood\/brandid\/inokim\/inokim-oxo-elektriline-toukeratas-offroad-110km\/"]}]},{"@type":"ImageObject","inLanguage":"en-GB","@id":"https:\/\/projekt.vombat.ee\/eco\/pood\/brandid\/inokim\/inokim-oxo-elektriline-toukeratas-offroad-110km\/#primaryimage","url":"https:\/\/projekt.vombat.ee\/eco\/wp-content\/uploads\/2023\/04\/INOKIM-OXO.jpg","contentUrl":"https:\/\/projekt.vombat.ee\/eco\/wp-content\/uploads\/2023\/04\/INOKIM-OXO.jpg","width":1152,"height":768,"caption":"INOKIM OXO"},{"@type":"BreadcrumbList","@id":"https:\/\/projekt.vombat.ee\/eco\/pood\/brandid\/inokim\/inokim-oxo-elektriline-toukeratas-offroad-110km\/#breadcrumb","itemListElement":[{"@type":"ListItem","position":1,"name":"Home","item":"https:\/\/projekt.vombat.ee\/eco\/"},{"@type":"ListItem","position":2,"name":"Pood","item":"https:\/\/projekt.vombat.ee\/eco\/pood\/"},{"@type":"ListItem","position":3,"name":"Inokim OXO elektriline t\u00f5ukeratas, offroad, 110km"}]},{"@type":"WebSite","@id":"https:\/\/projekt.vombat.ee\/eco\/#website","url":"https:\/\/projekt.vombat.ee\/eco\/","name":"Ecocruiser","description":"","publisher":{"@id":"https:\/\/projekt.vombat.ee\/eco\/#organization"},"potentialAction":[{"@type":"SearchAction","target":{"@type":"EntryPoint","urlTemplate":"https:\/\/projekt.vombat.ee\/eco\/?s={search_term_string}"},"query-input":{"@type":"PropertyValueSpecification","valueRequired":true,"valueName":"search_term_string"}}],"inLanguage":"en-GB"},{"@type":"Organization","@id":"https:\/\/projekt.vombat.ee\/eco\/#organization","name":"Ecocruiser","url":"https:\/\/projekt.vombat.ee\/eco\/","logo":{"@type":"ImageObject","inLanguage":"en-GB","@id":"https:\/\/projekt.vombat.ee\/eco\/#\/schema\/logo\/image\/","url":"https:\/\/projekt.vombat.ee\/eco\/wp-content\/uploads\/2023\/03\/ECOCRUISER_5.png","contentUrl":"https:\/\/projekt.vombat.ee\/eco\/wp-content\/uploads\/2023\/03\/ECOCRUISER_5.png","width":234,"height":91,"caption":"Ecocruiser"},"image":{"@id":"https:\/\/projekt.vombat.ee\/eco\/#\/schema\/logo\/image\/"}}]}},"lang":"et","translations":{"et":8763},"pll_sync_post":[],"_links":{"self":[{"href":"https:\/\/projekt.vombat.ee\/eco\/wp-json\/wp\/v2\/product\/8763"}],"collection":[{"href":"https:\/\/projekt.vombat.ee\/eco\/wp-json\/wp\/v2\/product"}],"about":[{"href":"https:\/\/projekt.vombat.ee\/eco\/wp-json\/wp\/v2\/types\/product"}],"version-history":[{"count":3,"href":"https:\/\/projekt.vombat.ee\/eco\/wp-json\/wp\/v2\/product\/8763\/revisions"}],"predecessor-version":[{"id":19223,"href":"https:\/\/projekt.vombat.ee\/eco\/wp-json\/wp\/v2\/product\/8763\/revisions\/19223"}],"wp:featuredmedia":[{"embeddable":true,"href":"https:\/\/projekt.vombat.ee\/eco\/wp-json\/wp\/v2\/media\/8768"}],"wp:attachment":[{"href":"https:\/\/projekt.vombat.ee\/eco\/wp-json\/wp\/v2\/media?parent=8763"}],"wp:term":[{"taxonomy":"product_cat","embeddable":true,"href":"https:\/\/projekt.vombat.ee\/eco\/wp-json\/wp\/v2\/product_cat?post=8763"},{"taxonomy":"product_tag","embeddable":true,"href":"https:\/\/projekt.vombat.ee\/eco\/wp-json\/wp\/v2\/product_tag?post=8763"}],"curies":[{"name":"wp","href":"https:\/\/api.w.org\/{rel}","templated":true}]}}