{"id":8754,"date":"2023-04-15T19:10:43","date_gmt":"2023-04-15T19:10:43","guid":{"rendered":"https:\/\/projekt.vombat.ee\/eco\/?post_type=product&#038;p=8754"},"modified":"2024-06-30T12:43:00","modified_gmt":"2024-06-30T12:43:00","slug":"inokim-ox-hero-elektriline-toukeratas","status":"publish","type":"product","link":"https:\/\/projekt.vombat.ee\/eco\/pood\/brandid\/inokim\/inokim-ox-hero-elektriline-toukeratas\/","title":{"rendered":"Inokim OX Hero elektriline t\u00f5ukeratas, 60km"},"content":{"rendered":"<h1>INOKIM OX HERO ELEKTRILINE T\u00d5UKERATAS<\/h1>\n<p><strong>INOKIM OX Hero<\/strong> &#8211; \u00dcks parimaid h\u00fcbriid t\u00f5ukerattaid, millega saab nautida s\u00f5itu nii linnas kui maastikul. V\u00f5imekas 1000W mootor ja 13Ah aku tagavad t\u00f5ukerattale v\u00f5imekuse \u00fcletamaks konarused ja t\u00f5usud suurema vaevata. Tagumisele rattale paigaldatud 1000W mootor v\u00f5imaldab kiirendada kuni 45km\/h. S\u00f5ites s\u00e4\u00e4stliku re\u017eiimiga on v\u00f5imalik \u00fche laadimisega l\u00e4bida kuni 60km.<br \/>\nLisaks v\u00f5imsusele on antud t\u00f5ukerattale paigaldatud reguleeritavad amordid nii ette kui taha, tagamaks parima s\u00f5idumugavuse. Maastikul s\u00f5ites saab amordid k\u00f5rgemaks t\u00f5sta, et p\u00f5hja \u00e4ra ei l\u00f6\u00f6ks ning asfaldil s\u00f5ites saab madalaks lasta tagamaks parema stabiilsuse.<\/p>\n<p>Laiem jalgade platvorm on m\u00f5eldud selleks, et kasutajad tunneksid ennast mugavalt ja saaksid seista t\u00f5ukerattal jalad k\u00f5rvuti.<br \/>\n<strong>Inokim Ox<\/strong>\u00a0\u2013 vaieldamatult parim elektrit\u00f5ukeratas n\u00f5udlikule s\u00f5itjale! Elektrilised t\u00f5ukerattad on tulnud et j\u00e4\u00e4da. Elektri\u00f5uks on t\u00e4nap\u00e4eval linnades liikumiseks \u00fcks efektiivsemaid, s\u00e4\u00e4stlikemaid kergs\u00f5idukeid. Kui v\u00f5rrelda elektrit\u00f5uksi autoga, on elektrit\u00f5uksiga linnas liikumine kuni 50 korda s\u00e4\u00e4stlikum. Ei pea muretsema ummikute ega parkimise p\u00e4rast, vaid saab kulgeda muretult punktist A punkti B. Kusjuures parkimimine on tasuta. Pikalt on turul valitsenud n\u00f5udlus kergete ja kompaktsete t\u00f5ukerataste j\u00e4rele, kuid n\u00fc\u00fcd on see asendunud sooviga omada kiiret, pika kilometraa\u017eiga ning t\u00f6\u00f6kindlat t\u00f5ukeratast. Oleme veendunud, et kes on juba m\u00f5ne elektrit\u00f5ukeratta omanik, siis tema j\u00e4rgmine t\u00f5eline t\u00f5uks, mis pakub pikka s\u00f5idudistantsi ja mugavad s\u00f5itu, on Inokim OX v\u00f5i OXO. Need mudelid on midagi, mida peab proovima.<br \/>\nInokim OX raam on alumiiniumsumaist, mida kasutatakse ka lennunduses ja on v\u00e4ga vastupidav. OX juhraud on lai ning varustatud mugavate pehmete kummist k\u00e4epidemetega. Juhtraud paikneb k\u00f5rgel, mis teeb OX elektrit\u00f5ukeratta v\u00e4ga mugavaks ka pikemat kasvu ja raskete inimeste jaoks (elektrit\u00f5ukeratta kaalupiir on 120kg).<\/p>\n<p><strong>NB!<\/strong> Elektrit\u00f5ukerattaga s\u00f5ites soovitame alati kanda <a href=\"https:\/\/projekt.vombat.ee\/eco\/pood\/?product-cata=707\">kiivrit<\/a>. Alla 16 aastase kergliikuri jaoks on elektrit\u00f5uksiga s\u00f5idu ajal kiivri kandmine\u00a0<a href=\"https:\/\/www.riigiteataja.ee\/akt\/113112020001\">seaduse<\/a>\u00a0j\u00e4rgi kohustuslik<\/p>\n","protected":false},"excerpt":{"rendered":"<h6><strong>INOKIM OX HERO ELEKTRILINE T\u00d5UKERATAS<\/strong><\/h6>\n<p>&nbsp;<\/p>\n<ul>\n<li><strong>Max s\u00f5iduulatus<\/strong>: 60 KM<\/li>\n<li><strong>Kandev\u00f5ime<\/strong>: 120 kg<\/li>\n<li><strong>Mootori v\u00f5imsus<\/strong>: 1000W<\/li>\n<li><strong>Laadimisaeg<\/strong>: 7h<\/li>\n<li><strong>Aku<\/strong>: 13Ah<\/li>\n<li><strong>Max kiirus<\/strong>: 25km\/h<\/li>\n<\/ul>\n<p>&nbsp;<\/p>\n<p><strong>\u2666 Tarneaeg 2-4 p\u00e4eva<\/strong><br \/>\n<strong>\u2666 Laos<\/strong><\/p>\n","protected":false},"featured_media":8755,"template":"","meta":[],"product_cat":[1386,53,911,939],"product_tag":[],"class_list":{"0":"post-8754","1":"product","2":"type-product","3":"status-publish","4":"has-post-thumbnail","6":"product_cat-inokim","7":"product_cat-elektritoukerattad","8":"product_cat-voimsad-toukerattad","9":"product_cat-brandid","10":"product_shipping_class-suured-pakid","12":"first","13":"instock","14":"taxable","15":"shipping-taxable","16":"purchasable","17":"product-type-simple"},"yoast_head":"<!-- This site is optimized with the Yoast SEO plugin v23.8 - https:\/\/yoast.com\/wordpress\/plugins\/seo\/ -->\n<title>Inokim OX Hero elektriline t\u00f5ukeratas, 60km - Ecocruiser<\/title>\n<meta name=\"description\" content=\"Inokim OX Hero elektriline t\u00f5ukeratas, 60km - Kvaliteetsed br\u00e4ndid, lai valik - Ecocruiser.ee - K\u00fcsimuste korral v\u00f5ta \u00fchendust info@projekt.vombat.ee\" \/>\n<meta name=\"robots\" content=\"noindex, follow, max-snippet:-1, max-image-preview:large, max-video-preview:-1\" \/>\n<meta property=\"og:locale\" content=\"en_GB\" \/>\n<meta property=\"og:type\" content=\"article\" \/>\n<meta property=\"og:title\" content=\"Inokim OX Hero elektriline t\u00f5ukeratas, 60km - Ecocruiser\" \/>\n<meta property=\"og:description\" content=\"Inokim OX Hero elektriline t\u00f5ukeratas, 60km - Kvaliteetsed br\u00e4ndid, lai valik - Ecocruiser.ee - K\u00fcsimuste korral v\u00f5ta \u00fchendust info@projekt.vombat.ee\" \/>\n<meta property=\"og:url\" content=\"https:\/\/projekt.vombat.ee\/eco\/pood\/brandid\/inokim\/inokim-ox-hero-elektriline-toukeratas\/\" \/>\n<meta property=\"og:site_name\" content=\"Ecocruiser\" \/>\n<meta property=\"article:modified_time\" content=\"2024-06-30T12:43:00+00:00\" \/>\n<meta property=\"og:image\" content=\"https:\/\/projekt.vombat.ee\/eco\/wp-content\/uploads\/2023\/04\/Inokim-OX-Hero.jpg\" \/>\n\t<meta property=\"og:image:width\" content=\"1200\" \/>\n\t<meta property=\"og:image:height\" content=\"1200\" \/>\n\t<meta property=\"og:image:type\" content=\"image\/jpeg\" \/>\n<meta name=\"twitter:card\" content=\"summary_large_image\" \/>\n<meta name=\"twitter:label1\" content=\"Estimated reading time\" \/>\n\t<meta name=\"twitter:data1\" content=\"2 minutes\" \/>\n<script type=\"application\/ld+json\" class=\"yoast-schema-graph\">{\"@context\":\"https:\/\/schema.org\",\"@graph\":[{\"@type\":\"WebPage\",\"@id\":\"https:\/\/projekt.vombat.ee\/eco\/pood\/brandid\/inokim\/inokim-ox-hero-elektriline-toukeratas\/\",\"url\":\"https:\/\/projekt.vombat.ee\/eco\/pood\/brandid\/inokim\/inokim-ox-hero-elektriline-toukeratas\/\",\"name\":\"Inokim OX Hero elektriline t\u00f5ukeratas, 60km - Ecocruiser\",\"isPartOf\":{\"@id\":\"https:\/\/projekt.vombat.ee\/eco\/#website\"},\"primaryImageOfPage\":{\"@id\":\"https:\/\/projekt.vombat.ee\/eco\/pood\/brandid\/inokim\/inokim-ox-hero-elektriline-toukeratas\/#primaryimage\"},\"image\":{\"@id\":\"https:\/\/projekt.vombat.ee\/eco\/pood\/brandid\/inokim\/inokim-ox-hero-elektriline-toukeratas\/#primaryimage\"},\"thumbnailUrl\":\"https:\/\/projekt.vombat.ee\/eco\/wp-content\/uploads\/2023\/04\/Inokim-OX-Hero.jpg\",\"datePublished\":\"2023-04-15T19:10:43+00:00\",\"dateModified\":\"2024-06-30T12:43:00+00:00\",\"description\":\"Inokim OX Hero elektriline t\u00f5ukeratas, 60km - Kvaliteetsed br\u00e4ndid, lai valik - Ecocruiser.ee - K\u00fcsimuste korral v\u00f5ta \u00fchendust info@projekt.vombat.ee\",\"breadcrumb\":{\"@id\":\"https:\/\/projekt.vombat.ee\/eco\/pood\/brandid\/inokim\/inokim-ox-hero-elektriline-toukeratas\/#breadcrumb\"},\"inLanguage\":\"en-GB\",\"potentialAction\":[{\"@type\":\"ReadAction\",\"target\":[\"https:\/\/projekt.vombat.ee\/eco\/pood\/brandid\/inokim\/inokim-ox-hero-elektriline-toukeratas\/\"]}]},{\"@type\":\"ImageObject\",\"inLanguage\":\"en-GB\",\"@id\":\"https:\/\/projekt.vombat.ee\/eco\/pood\/brandid\/inokim\/inokim-ox-hero-elektriline-toukeratas\/#primaryimage\",\"url\":\"https:\/\/projekt.vombat.ee\/eco\/wp-content\/uploads\/2023\/04\/Inokim-OX-Hero.jpg\",\"contentUrl\":\"https:\/\/projekt.vombat.ee\/eco\/wp-content\/uploads\/2023\/04\/Inokim-OX-Hero.jpg\",\"width\":1200,\"height\":1200,\"caption\":\"Inokim OX Hero\"},{\"@type\":\"BreadcrumbList\",\"@id\":\"https:\/\/projekt.vombat.ee\/eco\/pood\/brandid\/inokim\/inokim-ox-hero-elektriline-toukeratas\/#breadcrumb\",\"itemListElement\":[{\"@type\":\"ListItem\",\"position\":1,\"name\":\"Home\",\"item\":\"https:\/\/projekt.vombat.ee\/eco\/\"},{\"@type\":\"ListItem\",\"position\":2,\"name\":\"Pood\",\"item\":\"https:\/\/projekt.vombat.ee\/eco\/pood\/\"},{\"@type\":\"ListItem\",\"position\":3,\"name\":\"Inokim OX Hero elektriline t\u00f5ukeratas, 60km\"}]},{\"@type\":\"WebSite\",\"@id\":\"https:\/\/projekt.vombat.ee\/eco\/#website\",\"url\":\"https:\/\/projekt.vombat.ee\/eco\/\",\"name\":\"Ecocruiser\",\"description\":\"\",\"publisher\":{\"@id\":\"https:\/\/projekt.vombat.ee\/eco\/#organization\"},\"potentialAction\":[{\"@type\":\"SearchAction\",\"target\":{\"@type\":\"EntryPoint\",\"urlTemplate\":\"https:\/\/projekt.vombat.ee\/eco\/?s={search_term_string}\"},\"query-input\":{\"@type\":\"PropertyValueSpecification\",\"valueRequired\":true,\"valueName\":\"search_term_string\"}}],\"inLanguage\":\"en-GB\"},{\"@type\":\"Organization\",\"@id\":\"https:\/\/projekt.vombat.ee\/eco\/#organization\",\"name\":\"Ecocruiser\",\"url\":\"https:\/\/projekt.vombat.ee\/eco\/\",\"logo\":{\"@type\":\"ImageObject\",\"inLanguage\":\"en-GB\",\"@id\":\"https:\/\/projekt.vombat.ee\/eco\/#\/schema\/logo\/image\/\",\"url\":\"https:\/\/projekt.vombat.ee\/eco\/wp-content\/uploads\/2023\/03\/ECOCRUISER_5.png\",\"contentUrl\":\"https:\/\/projekt.vombat.ee\/eco\/wp-content\/uploads\/2023\/03\/ECOCRUISER_5.png\",\"width\":234,\"height\":91,\"caption\":\"Ecocruiser\"},\"image\":{\"@id\":\"https:\/\/projekt.vombat.ee\/eco\/#\/schema\/logo\/image\/\"}}]}<\/script>\n<!-- \/ Yoast SEO plugin. -->","yoast_head_json":{"title":"Inokim OX Hero elektriline t\u00f5ukeratas, 60km - Ecocruiser","description":"Inokim OX Hero elektriline t\u00f5ukeratas, 60km - Kvaliteetsed br\u00e4ndid, lai valik - Ecocruiser.ee - K\u00fcsimuste korral v\u00f5ta \u00fchendust info@projekt.vombat.ee","robots":{"index":"noindex","follow":"follow","max-snippet":"max-snippet:-1","max-image-preview":"max-image-preview:large","max-video-preview":"max-video-preview:-1"},"og_locale":"en_GB","og_type":"article","og_title":"Inokim OX Hero elektriline t\u00f5ukeratas, 60km - Ecocruiser","og_description":"Inokim OX Hero elektriline t\u00f5ukeratas, 60km - Kvaliteetsed br\u00e4ndid, lai valik - Ecocruiser.ee - K\u00fcsimuste korral v\u00f5ta \u00fchendust info@projekt.vombat.ee","og_url":"https:\/\/projekt.vombat.ee\/eco\/pood\/brandid\/inokim\/inokim-ox-hero-elektriline-toukeratas\/","og_site_name":"Ecocruiser","article_modified_time":"2024-06-30T12:43:00+00:00","og_image":[{"width":1200,"height":1200,"url":"https:\/\/projekt.vombat.ee\/eco\/wp-content\/uploads\/2023\/04\/Inokim-OX-Hero.jpg","type":"image\/jpeg"}],"twitter_card":"summary_large_image","twitter_misc":{"Estimated reading time":"2 minutes"},"schema":{"@context":"https:\/\/schema.org","@graph":[{"@type":"WebPage","@id":"https:\/\/projekt.vombat.ee\/eco\/pood\/brandid\/inokim\/inokim-ox-hero-elektriline-toukeratas\/","url":"https:\/\/projekt.vombat.ee\/eco\/pood\/brandid\/inokim\/inokim-ox-hero-elektriline-toukeratas\/","name":"Inokim OX Hero elektriline t\u00f5ukeratas, 60km - Ecocruiser","isPartOf":{"@id":"https:\/\/projekt.vombat.ee\/eco\/#website"},"primaryImageOfPage":{"@id":"https:\/\/projekt.vombat.ee\/eco\/pood\/brandid\/inokim\/inokim-ox-hero-elektriline-toukeratas\/#primaryimage"},"image":{"@id":"https:\/\/projekt.vombat.ee\/eco\/pood\/brandid\/inokim\/inokim-ox-hero-elektriline-toukeratas\/#primaryimage"},"thumbnailUrl":"https:\/\/projekt.vombat.ee\/eco\/wp-content\/uploads\/2023\/04\/Inokim-OX-Hero.jpg","datePublished":"2023-04-15T19:10:43+00:00","dateModified":"2024-06-30T12:43:00+00:00","description":"Inokim OX Hero elektriline t\u00f5ukeratas, 60km - Kvaliteetsed br\u00e4ndid, lai valik - Ecocruiser.ee - K\u00fcsimuste korral v\u00f5ta \u00fchendust info@projekt.vombat.ee","breadcrumb":{"@id":"https:\/\/projekt.vombat.ee\/eco\/pood\/brandid\/inokim\/inokim-ox-hero-elektriline-toukeratas\/#breadcrumb"},"inLanguage":"en-GB","potentialAction":[{"@type":"ReadAction","target":["https:\/\/projekt.vombat.ee\/eco\/pood\/brandid\/inokim\/inokim-ox-hero-elektriline-toukeratas\/"]}]},{"@type":"ImageObject","inLanguage":"en-GB","@id":"https:\/\/projekt.vombat.ee\/eco\/pood\/brandid\/inokim\/inokim-ox-hero-elektriline-toukeratas\/#primaryimage","url":"https:\/\/projekt.vombat.ee\/eco\/wp-content\/uploads\/2023\/04\/Inokim-OX-Hero.jpg","contentUrl":"https:\/\/projekt.vombat.ee\/eco\/wp-content\/uploads\/2023\/04\/Inokim-OX-Hero.jpg","width":1200,"height":1200,"caption":"Inokim OX Hero"},{"@type":"BreadcrumbList","@id":"https:\/\/projekt.vombat.ee\/eco\/pood\/brandid\/inokim\/inokim-ox-hero-elektriline-toukeratas\/#breadcrumb","itemListElement":[{"@type":"ListItem","position":1,"name":"Home","item":"https:\/\/projekt.vombat.ee\/eco\/"},{"@type":"ListItem","position":2,"name":"Pood","item":"https:\/\/projekt.vombat.ee\/eco\/pood\/"},{"@type":"ListItem","position":3,"name":"Inokim OX Hero elektriline t\u00f5ukeratas, 60km"}]},{"@type":"WebSite","@id":"https:\/\/projekt.vombat.ee\/eco\/#website","url":"https:\/\/projekt.vombat.ee\/eco\/","name":"Ecocruiser","description":"","publisher":{"@id":"https:\/\/projekt.vombat.ee\/eco\/#organization"},"potentialAction":[{"@type":"SearchAction","target":{"@type":"EntryPoint","urlTemplate":"https:\/\/projekt.vombat.ee\/eco\/?s={search_term_string}"},"query-input":{"@type":"PropertyValueSpecification","valueRequired":true,"valueName":"search_term_string"}}],"inLanguage":"en-GB"},{"@type":"Organization","@id":"https:\/\/projekt.vombat.ee\/eco\/#organization","name":"Ecocruiser","url":"https:\/\/projekt.vombat.ee\/eco\/","logo":{"@type":"ImageObject","inLanguage":"en-GB","@id":"https:\/\/projekt.vombat.ee\/eco\/#\/schema\/logo\/image\/","url":"https:\/\/projekt.vombat.ee\/eco\/wp-content\/uploads\/2023\/03\/ECOCRUISER_5.png","contentUrl":"https:\/\/projekt.vombat.ee\/eco\/wp-content\/uploads\/2023\/03\/ECOCRUISER_5.png","width":234,"height":91,"caption":"Ecocruiser"},"image":{"@id":"https:\/\/projekt.vombat.ee\/eco\/#\/schema\/logo\/image\/"}}]}},"lang":"et","translations":{"et":8754},"pll_sync_post":[],"_links":{"self":[{"href":"https:\/\/projekt.vombat.ee\/eco\/wp-json\/wp\/v2\/product\/8754"}],"collection":[{"href":"https:\/\/projekt.vombat.ee\/eco\/wp-json\/wp\/v2\/product"}],"about":[{"href":"https:\/\/projekt.vombat.ee\/eco\/wp-json\/wp\/v2\/types\/product"}],"version-history":[{"count":4,"href":"https:\/\/projekt.vombat.ee\/eco\/wp-json\/wp\/v2\/product\/8754\/revisions"}],"predecessor-version":[{"id":19221,"href":"https:\/\/projekt.vombat.ee\/eco\/wp-json\/wp\/v2\/product\/8754\/revisions\/19221"}],"wp:featuredmedia":[{"embeddable":true,"href":"https:\/\/projekt.vombat.ee\/eco\/wp-json\/wp\/v2\/media\/8755"}],"wp:attachment":[{"href":"https:\/\/projekt.vombat.ee\/eco\/wp-json\/wp\/v2\/media?parent=8754"}],"wp:term":[{"taxonomy":"product_cat","embeddable":true,"href":"https:\/\/projekt.vombat.ee\/eco\/wp-json\/wp\/v2\/product_cat?post=8754"},{"taxonomy":"product_tag","embeddable":true,"href":"https:\/\/projekt.vombat.ee\/eco\/wp-json\/wp\/v2\/product_tag?post=8754"}],"curies":[{"name":"wp","href":"https:\/\/api.w.org\/{rel}","templated":true}]}}