{"id":8744,"date":"2023-04-15T18:48:38","date_gmt":"2023-04-15T18:48:38","guid":{"rendered":"https:\/\/projekt.vombat.ee\/eco\/?post_type=product&#038;p=8744"},"modified":"2024-06-30T12:40:38","modified_gmt":"2024-06-30T12:40:38","slug":"inokim-quick4-super-elektriline-toukeratas","status":"publish","type":"product","link":"https:\/\/projekt.vombat.ee\/eco\/pood\/brandid\/inokim\/inokim-quick4-super-elektriline-toukeratas\/","title":{"rendered":"Inokim Quick4 Super elektriline t\u00f5ukeratas, 70km"},"content":{"rendered":"<h1>INOKIM QUICK4 SUPER ELEKTRILINE T\u00d5UKERATAS<\/h1>\n<p><strong>INOKIM Quick4 Super<\/strong><strong>\u00a0<\/strong>\u2013 V\u00f5imekas elektrit\u00f5ukeratas, millega on m\u00f5nus liigelda nii linnas kui maastikul! Tegemist on uue ja kvaliteetse t\u00f5ukerattaga, mida on Inokim testinud erinevates oludes. T\u00f5ukerattale on paigaldatud v\u00f5imekas 600W mootor, mis v\u00f5imaldab liikuda kuni 25km\/h ning ei j\u00e4\u00e4 h\u00e4tta ka t\u00f5usudega v\u00f5itlemises. V\u00f5imas, 52V aku ja \u00f5hkrehvid v\u00f5imaldab s\u00f5ita ka ebatasasel pinnal ning kanda raskust kuni 120 kg. Trummelpidurid tagavad parima pidurdusefekti ka k\u00f5ige ootamatumal s\u00f5iduhetkel.<\/p>\n<p>Inokim Quick4 Super on varustatud uue juhtraua kokkupakkimise mehhanismiga, mis muudab t\u00f5ukeratta kandmise ja hoiustamise veelgi lihtsamaks ning mugavamaks. Lisaks suurtele, 10 tollistele rehvidele on standardvarustuses ka esi- ja tagatuled, et liiklemine oleks ohutu nii p\u00e4evavalges, kui ka pimedas. K\u00e4epidemed on ergonoomilised ja pehmed, et v\u00e4hendada teekattest tulevat vibratsiooni. Laiem jalgade platvorm on m\u00f5eldud selleks, et kasutajad tunneksid ennast mugavalt ja saaksid\u00a0 seista t\u00f5ukerattal jalad k\u00f5rvuti.<br \/>\nInokim elektrit\u00f5ukerataste spidomeetri ekraani ja elektroonilise gaasihoova on Inokimi arendusmeeskond muutnud v\u00e4ga mugavaks.\u00a0Erinevalt muudest elektrit\u00f5ukeratastest, millel gaasihoob asub nimetiss\u00f5rme all, on Inokimil see p\u00f6idla all. See v\u00e4listab kogemata gaasi ja piduri segamini ajamise, mis teeb Inokimiga s\u00f5itmise turvaliseks. Lenksul olev\u00a0 LCD ekraan n\u00e4itab kiirust, l\u00e4bis\u00f5itu, kiiruse k\u00e4iku (3-erinevatd kiirusastet), distantsi ja aku taset. Ekraani k\u00f5rval on m\u00f5ne nupu abil v\u00f5imalik muuta j\u00e4rgmiseid seadeid: rakendada p\u00fcsikiiruse hoidja, gaasi aktiveerumine, kas kohe vajutades (noortele ja vanematele inimestele mitte soovitav), v\u00f5i peab esmalt hoogu l\u00fckkama jalaga, mis on turvaline ja soovitatav. Lisaks on standardvarustuses automaatne v\u00e4lja l\u00fclitamine (kui m\u00f5nda aega t\u00f5ukeratast ei liigutata), tuled ja ekraani valgustus.<br \/>\nInnovatiivse lahendusena on Inokim Light2, Quick4, OX ja OXO tuled juhitud automaatselt. LCD ekraan on kokku integreeritud p\u00f6idlaga vajutatava gaasihoovastikuga, mille sisse on integreeritud tulede automaatne sissel\u00fclitus h\u00e4maraanduri abil. Nii ei pea pimedas elektrit\u00f5ukeratas sisse l\u00fclitades hakkama otsima tulede sisse l\u00fclituse nuppu.<\/p>\n<p><strong>NB!<\/strong> Elektrit\u00f5ukerattaga s\u00f5ites soovitame alati kanda <a href=\"https:\/\/projekt.vombat.ee\/eco\/pood\/?product-cata=707\">kiivrit<\/a>. Alla 16 aastase kergliikuri jaoks on elektrit\u00f5uksiga s\u00f5idu ajal kiivri kandmine\u00a0<a href=\"https:\/\/www.riigiteataja.ee\/akt\/113112020001\">seaduse<\/a>\u00a0j\u00e4rgi kohustuslik<\/p>\n","protected":false},"excerpt":{"rendered":"<h6><strong>INOKIM QUICK4 SUPER ELEKTRILINE T\u00d5UKERATAS<\/strong><\/h6>\n<p>&nbsp;<\/p>\n<ul>\n<li><strong>Max s\u00f5iduulatus<\/strong>: 70 KM<\/li>\n<li><strong>Kandev\u00f5ime<\/strong>: 120 kg<\/li>\n<li><strong>Mootori v\u00f5imsus<\/strong>: 600W<\/li>\n<li><strong>Laadimisaeg<\/strong>: 7h<\/li>\n<li><strong>Aku<\/strong>: 13Ah<\/li>\n<li><strong>Max kiirus<\/strong>: 25km\/h<\/li>\n<\/ul>\n<p>&nbsp;<\/p>\n<p><strong>\u2666 Tarneaeg 2-4 p\u00e4eva<\/strong><br \/>\n<strong>\u2666 Laos<\/strong><\/p>\n","protected":false},"featured_media":8752,"template":"","meta":[],"product_cat":[1386,53,909,939],"product_tag":[],"class_list":{"0":"post-8744","1":"product","2":"type-product","3":"status-publish","4":"has-post-thumbnail","6":"product_cat-inokim","7":"product_cat-elektritoukerattad","8":"product_cat-linna-toukerattad","9":"product_cat-brandid","10":"product_shipping_class-suured-pakid","12":"first","13":"instock","14":"sale","15":"taxable","16":"shipping-taxable","17":"purchasable","18":"product-type-simple"},"yoast_head":"<!-- This site is optimized with the Yoast SEO plugin v23.8 - https:\/\/yoast.com\/wordpress\/plugins\/seo\/ -->\n<title>Inokim Quick4 Super elektriline t\u00f5ukeratas, 70km - Ecocruiser<\/title>\n<meta name=\"description\" content=\"Inokim Quick4 Super elektriline t\u00f5ukeratas, 70km - Kvaliteetsed br\u00e4ndid, lai valik - Ecocruiser.ee - K\u00fcsimuste korral v\u00f5ta \u00fchendust info@projekt.vombat.ee\" \/>\n<meta name=\"robots\" content=\"noindex, follow, max-snippet:-1, max-image-preview:large, max-video-preview:-1\" \/>\n<meta property=\"og:locale\" content=\"en_GB\" \/>\n<meta property=\"og:type\" content=\"article\" \/>\n<meta property=\"og:title\" content=\"Inokim Quick4 Super elektriline t\u00f5ukeratas, 70km - Ecocruiser\" \/>\n<meta property=\"og:description\" content=\"Inokim Quick4 Super elektriline t\u00f5ukeratas, 70km - Kvaliteetsed br\u00e4ndid, lai valik - Ecocruiser.ee - K\u00fcsimuste korral v\u00f5ta \u00fchendust info@projekt.vombat.ee\" \/>\n<meta property=\"og:url\" content=\"https:\/\/projekt.vombat.ee\/eco\/pood\/brandid\/inokim\/inokim-quick4-super-elektriline-toukeratas\/\" \/>\n<meta property=\"og:site_name\" content=\"Ecocruiser\" \/>\n<meta property=\"article:modified_time\" content=\"2024-06-30T12:40:38+00:00\" \/>\n<meta property=\"og:image\" content=\"https:\/\/projekt.vombat.ee\/eco\/wp-content\/uploads\/2023\/04\/Inokim-Quick4-Super.jpg\" \/>\n\t<meta property=\"og:image:width\" content=\"1296\" \/>\n\t<meta property=\"og:image:height\" content=\"864\" \/>\n\t<meta property=\"og:image:type\" content=\"image\/jpeg\" \/>\n<meta name=\"twitter:card\" content=\"summary_large_image\" \/>\n<meta name=\"twitter:label1\" content=\"Estimated reading time\" \/>\n\t<meta name=\"twitter:data1\" content=\"2 minutes\" \/>\n<script type=\"application\/ld+json\" class=\"yoast-schema-graph\">{\"@context\":\"https:\/\/schema.org\",\"@graph\":[{\"@type\":\"WebPage\",\"@id\":\"https:\/\/projekt.vombat.ee\/eco\/pood\/brandid\/inokim\/inokim-quick4-super-elektriline-toukeratas\/\",\"url\":\"https:\/\/projekt.vombat.ee\/eco\/pood\/brandid\/inokim\/inokim-quick4-super-elektriline-toukeratas\/\",\"name\":\"Inokim Quick4 Super elektriline t\u00f5ukeratas, 70km - Ecocruiser\",\"isPartOf\":{\"@id\":\"https:\/\/projekt.vombat.ee\/eco\/#website\"},\"primaryImageOfPage\":{\"@id\":\"https:\/\/projekt.vombat.ee\/eco\/pood\/brandid\/inokim\/inokim-quick4-super-elektriline-toukeratas\/#primaryimage\"},\"image\":{\"@id\":\"https:\/\/projekt.vombat.ee\/eco\/pood\/brandid\/inokim\/inokim-quick4-super-elektriline-toukeratas\/#primaryimage\"},\"thumbnailUrl\":\"https:\/\/projekt.vombat.ee\/eco\/wp-content\/uploads\/2023\/04\/Inokim-Quick4-Super.jpg\",\"datePublished\":\"2023-04-15T18:48:38+00:00\",\"dateModified\":\"2024-06-30T12:40:38+00:00\",\"description\":\"Inokim Quick4 Super elektriline t\u00f5ukeratas, 70km - Kvaliteetsed br\u00e4ndid, lai valik - Ecocruiser.ee - K\u00fcsimuste korral v\u00f5ta \u00fchendust info@projekt.vombat.ee\",\"breadcrumb\":{\"@id\":\"https:\/\/projekt.vombat.ee\/eco\/pood\/brandid\/inokim\/inokim-quick4-super-elektriline-toukeratas\/#breadcrumb\"},\"inLanguage\":\"en-GB\",\"potentialAction\":[{\"@type\":\"ReadAction\",\"target\":[\"https:\/\/projekt.vombat.ee\/eco\/pood\/brandid\/inokim\/inokim-quick4-super-elektriline-toukeratas\/\"]}]},{\"@type\":\"ImageObject\",\"inLanguage\":\"en-GB\",\"@id\":\"https:\/\/projekt.vombat.ee\/eco\/pood\/brandid\/inokim\/inokim-quick4-super-elektriline-toukeratas\/#primaryimage\",\"url\":\"https:\/\/projekt.vombat.ee\/eco\/wp-content\/uploads\/2023\/04\/Inokim-Quick4-Super.jpg\",\"contentUrl\":\"https:\/\/projekt.vombat.ee\/eco\/wp-content\/uploads\/2023\/04\/Inokim-Quick4-Super.jpg\",\"width\":1296,\"height\":864,\"caption\":\"Inokim Quick4 Super\"},{\"@type\":\"BreadcrumbList\",\"@id\":\"https:\/\/projekt.vombat.ee\/eco\/pood\/brandid\/inokim\/inokim-quick4-super-elektriline-toukeratas\/#breadcrumb\",\"itemListElement\":[{\"@type\":\"ListItem\",\"position\":1,\"name\":\"Home\",\"item\":\"https:\/\/projekt.vombat.ee\/eco\/\"},{\"@type\":\"ListItem\",\"position\":2,\"name\":\"Pood\",\"item\":\"https:\/\/projekt.vombat.ee\/eco\/pood\/\"},{\"@type\":\"ListItem\",\"position\":3,\"name\":\"Inokim Quick4 Super elektriline t\u00f5ukeratas, 70km\"}]},{\"@type\":\"WebSite\",\"@id\":\"https:\/\/projekt.vombat.ee\/eco\/#website\",\"url\":\"https:\/\/projekt.vombat.ee\/eco\/\",\"name\":\"Ecocruiser\",\"description\":\"\",\"publisher\":{\"@id\":\"https:\/\/projekt.vombat.ee\/eco\/#organization\"},\"potentialAction\":[{\"@type\":\"SearchAction\",\"target\":{\"@type\":\"EntryPoint\",\"urlTemplate\":\"https:\/\/projekt.vombat.ee\/eco\/?s={search_term_string}\"},\"query-input\":{\"@type\":\"PropertyValueSpecification\",\"valueRequired\":true,\"valueName\":\"search_term_string\"}}],\"inLanguage\":\"en-GB\"},{\"@type\":\"Organization\",\"@id\":\"https:\/\/projekt.vombat.ee\/eco\/#organization\",\"name\":\"Ecocruiser\",\"url\":\"https:\/\/projekt.vombat.ee\/eco\/\",\"logo\":{\"@type\":\"ImageObject\",\"inLanguage\":\"en-GB\",\"@id\":\"https:\/\/projekt.vombat.ee\/eco\/#\/schema\/logo\/image\/\",\"url\":\"https:\/\/projekt.vombat.ee\/eco\/wp-content\/uploads\/2023\/03\/ECOCRUISER_5.png\",\"contentUrl\":\"https:\/\/projekt.vombat.ee\/eco\/wp-content\/uploads\/2023\/03\/ECOCRUISER_5.png\",\"width\":234,\"height\":91,\"caption\":\"Ecocruiser\"},\"image\":{\"@id\":\"https:\/\/projekt.vombat.ee\/eco\/#\/schema\/logo\/image\/\"}}]}<\/script>\n<!-- \/ Yoast SEO plugin. -->","yoast_head_json":{"title":"Inokim Quick4 Super elektriline t\u00f5ukeratas, 70km - Ecocruiser","description":"Inokim Quick4 Super elektriline t\u00f5ukeratas, 70km - Kvaliteetsed br\u00e4ndid, lai valik - Ecocruiser.ee - K\u00fcsimuste korral v\u00f5ta \u00fchendust info@projekt.vombat.ee","robots":{"index":"noindex","follow":"follow","max-snippet":"max-snippet:-1","max-image-preview":"max-image-preview:large","max-video-preview":"max-video-preview:-1"},"og_locale":"en_GB","og_type":"article","og_title":"Inokim Quick4 Super elektriline t\u00f5ukeratas, 70km - Ecocruiser","og_description":"Inokim Quick4 Super elektriline t\u00f5ukeratas, 70km - Kvaliteetsed br\u00e4ndid, lai valik - Ecocruiser.ee - K\u00fcsimuste korral v\u00f5ta \u00fchendust info@projekt.vombat.ee","og_url":"https:\/\/projekt.vombat.ee\/eco\/pood\/brandid\/inokim\/inokim-quick4-super-elektriline-toukeratas\/","og_site_name":"Ecocruiser","article_modified_time":"2024-06-30T12:40:38+00:00","og_image":[{"width":1296,"height":864,"url":"https:\/\/projekt.vombat.ee\/eco\/wp-content\/uploads\/2023\/04\/Inokim-Quick4-Super.jpg","type":"image\/jpeg"}],"twitter_card":"summary_large_image","twitter_misc":{"Estimated reading time":"2 minutes"},"schema":{"@context":"https:\/\/schema.org","@graph":[{"@type":"WebPage","@id":"https:\/\/projekt.vombat.ee\/eco\/pood\/brandid\/inokim\/inokim-quick4-super-elektriline-toukeratas\/","url":"https:\/\/projekt.vombat.ee\/eco\/pood\/brandid\/inokim\/inokim-quick4-super-elektriline-toukeratas\/","name":"Inokim Quick4 Super elektriline t\u00f5ukeratas, 70km - Ecocruiser","isPartOf":{"@id":"https:\/\/projekt.vombat.ee\/eco\/#website"},"primaryImageOfPage":{"@id":"https:\/\/projekt.vombat.ee\/eco\/pood\/brandid\/inokim\/inokim-quick4-super-elektriline-toukeratas\/#primaryimage"},"image":{"@id":"https:\/\/projekt.vombat.ee\/eco\/pood\/brandid\/inokim\/inokim-quick4-super-elektriline-toukeratas\/#primaryimage"},"thumbnailUrl":"https:\/\/projekt.vombat.ee\/eco\/wp-content\/uploads\/2023\/04\/Inokim-Quick4-Super.jpg","datePublished":"2023-04-15T18:48:38+00:00","dateModified":"2024-06-30T12:40:38+00:00","description":"Inokim Quick4 Super elektriline t\u00f5ukeratas, 70km - Kvaliteetsed br\u00e4ndid, lai valik - Ecocruiser.ee - K\u00fcsimuste korral v\u00f5ta \u00fchendust info@projekt.vombat.ee","breadcrumb":{"@id":"https:\/\/projekt.vombat.ee\/eco\/pood\/brandid\/inokim\/inokim-quick4-super-elektriline-toukeratas\/#breadcrumb"},"inLanguage":"en-GB","potentialAction":[{"@type":"ReadAction","target":["https:\/\/projekt.vombat.ee\/eco\/pood\/brandid\/inokim\/inokim-quick4-super-elektriline-toukeratas\/"]}]},{"@type":"ImageObject","inLanguage":"en-GB","@id":"https:\/\/projekt.vombat.ee\/eco\/pood\/brandid\/inokim\/inokim-quick4-super-elektriline-toukeratas\/#primaryimage","url":"https:\/\/projekt.vombat.ee\/eco\/wp-content\/uploads\/2023\/04\/Inokim-Quick4-Super.jpg","contentUrl":"https:\/\/projekt.vombat.ee\/eco\/wp-content\/uploads\/2023\/04\/Inokim-Quick4-Super.jpg","width":1296,"height":864,"caption":"Inokim Quick4 Super"},{"@type":"BreadcrumbList","@id":"https:\/\/projekt.vombat.ee\/eco\/pood\/brandid\/inokim\/inokim-quick4-super-elektriline-toukeratas\/#breadcrumb","itemListElement":[{"@type":"ListItem","position":1,"name":"Home","item":"https:\/\/projekt.vombat.ee\/eco\/"},{"@type":"ListItem","position":2,"name":"Pood","item":"https:\/\/projekt.vombat.ee\/eco\/pood\/"},{"@type":"ListItem","position":3,"name":"Inokim Quick4 Super elektriline t\u00f5ukeratas, 70km"}]},{"@type":"WebSite","@id":"https:\/\/projekt.vombat.ee\/eco\/#website","url":"https:\/\/projekt.vombat.ee\/eco\/","name":"Ecocruiser","description":"","publisher":{"@id":"https:\/\/projekt.vombat.ee\/eco\/#organization"},"potentialAction":[{"@type":"SearchAction","target":{"@type":"EntryPoint","urlTemplate":"https:\/\/projekt.vombat.ee\/eco\/?s={search_term_string}"},"query-input":{"@type":"PropertyValueSpecification","valueRequired":true,"valueName":"search_term_string"}}],"inLanguage":"en-GB"},{"@type":"Organization","@id":"https:\/\/projekt.vombat.ee\/eco\/#organization","name":"Ecocruiser","url":"https:\/\/projekt.vombat.ee\/eco\/","logo":{"@type":"ImageObject","inLanguage":"en-GB","@id":"https:\/\/projekt.vombat.ee\/eco\/#\/schema\/logo\/image\/","url":"https:\/\/projekt.vombat.ee\/eco\/wp-content\/uploads\/2023\/03\/ECOCRUISER_5.png","contentUrl":"https:\/\/projekt.vombat.ee\/eco\/wp-content\/uploads\/2023\/03\/ECOCRUISER_5.png","width":234,"height":91,"caption":"Ecocruiser"},"image":{"@id":"https:\/\/projekt.vombat.ee\/eco\/#\/schema\/logo\/image\/"}}]}},"lang":"et","translations":{"et":8744},"pll_sync_post":[],"_links":{"self":[{"href":"https:\/\/projekt.vombat.ee\/eco\/wp-json\/wp\/v2\/product\/8744"}],"collection":[{"href":"https:\/\/projekt.vombat.ee\/eco\/wp-json\/wp\/v2\/product"}],"about":[{"href":"https:\/\/projekt.vombat.ee\/eco\/wp-json\/wp\/v2\/types\/product"}],"version-history":[{"count":3,"href":"https:\/\/projekt.vombat.ee\/eco\/wp-json\/wp\/v2\/product\/8744\/revisions"}],"predecessor-version":[{"id":8765,"href":"https:\/\/projekt.vombat.ee\/eco\/wp-json\/wp\/v2\/product\/8744\/revisions\/8765"}],"wp:featuredmedia":[{"embeddable":true,"href":"https:\/\/projekt.vombat.ee\/eco\/wp-json\/wp\/v2\/media\/8752"}],"wp:attachment":[{"href":"https:\/\/projekt.vombat.ee\/eco\/wp-json\/wp\/v2\/media?parent=8744"}],"wp:term":[{"taxonomy":"product_cat","embeddable":true,"href":"https:\/\/projekt.vombat.ee\/eco\/wp-json\/wp\/v2\/product_cat?post=8744"},{"taxonomy":"product_tag","embeddable":true,"href":"https:\/\/projekt.vombat.ee\/eco\/wp-json\/wp\/v2\/product_tag?post=8744"}],"curies":[{"name":"wp","href":"https:\/\/api.w.org\/{rel}","templated":true}]}}