{"id":8710,"date":"2023-04-15T16:44:15","date_gmt":"2023-04-15T16:44:15","guid":{"rendered":"https:\/\/projekt.vombat.ee\/eco\/?post_type=product&#038;p=8710"},"modified":"2024-06-30T12:13:39","modified_gmt":"2024-06-30T12:13:39","slug":"inokim-light2-hero-elektriline-toukeratas","status":"publish","type":"product","link":"https:\/\/projekt.vombat.ee\/eco\/pood\/brandid\/inokim\/inokim-light2-hero-elektriline-toukeratas\/","title":{"rendered":"Inokim Light 2 Hero elektriline t\u00f5ukeratas"},"content":{"rendered":"<h1>INOKIM LIGHT 2 HERO ELEKTRILINE T\u00d5UKERATAS<\/h1>\n<p><strong>INOKIM Light Hero <\/strong>\u2013 Tegemist on varasemalt tuntud Light Hero t\u00e4iustatud versiooniga. Kvaliteetne 350W mootor v\u00f5imaldab saavutada kiiruse kuni 25 km\/h . Lisaks on t\u00f5ukerattale paigaldatud korralik aku, millega on v\u00f5imalik s\u00f5ita \u00fche laadimisega kuni 30km. Tegemist on \u00fche parima t\u00f5ukerattaga v\u00f5ttes arvesse hinna-kvaliteedi suhet.<br \/>\nTurvalisuse tagamiseks on t\u00f5ukerattale paigaldatud tagumisele rattale korralik trummelpidur. Lisaks ei tasu mainimata j\u00e4tta, et tegemist on \u00fclimalt kompaktse ja funktsionaalse t\u00f5ukerattaga. T\u00f5ukeratta teeb ergonoomiliseks tema easy klick kokkuvoltimise s\u00fcsteem ning vajadusel on v\u00f5imalik juhtraua k\u00f5rgust reguleerida 30cm ulatuses. See teeb t\u00f5ukerattaga s\u00f5itmise lihtsaks ka lastele.\u00a0 Lightil on ka kokkuklapitavad k\u00e4epidemed, t\u00e4nu millele on elektrit\u00f5ukeratast v\u00e4ga mugav n\u00e4iteks\u00a0 reisile kaasa v\u00f5tta. Light on k\u00f5ige kompaktsem elektrit\u00f5uekratas oma klassis.<\/p>\n<p>Laiem jalgade platvorm on m\u00f5eldud selleks, et kasutajad tunneksid ennast mugavalt ja saaksid seista t\u00f5ukerattal jalad k\u00f5rvuti.\u00a0Light Hero mudelil on lihtne vahetada kulunud v\u00f5i kahjustatud rehvi. Vabastades poldid saate lihtsalt eemaldada velje sisu ja vahetada rehvi ka iseseisvalt.<br \/>\nInokim elektrit\u00f5ukerataste spidomeetri ekraani ja elektroonilise gaasihoova on Inokimi arendusmeeskond muutnud v\u00e4ga mugavaks.\u00a0Erinevalt muudest elektrit\u00f5ukeratastest, millel gaasihoob asub nimetiss\u00f5rme all, on Inokimil see p\u00f6idla all. See v\u00e4listab kogemata gaasi ja piduri segamini ajamise, mis teeb Inokimiga s\u00f5itmise turvaliseks. Lenksul olev\u00a0 LCD ekraan n\u00e4itab kiirust, l\u00e4bis\u00f5itu, kiiruse k\u00e4iku (3-erinevatd kiirusastet), distantsi ja aku taset. Ekraani k\u00f5rval on m\u00f5ne nupu abil v\u00f5imalik muuta j\u00e4rgmiseid seadeid: rakendada p\u00fcsikiiruse hoidja, gaasi aktiveerumine, kas kohe vajutades (noortele ja vanematele inimestele mitte soovitav) v\u00f5i peab esmalt hoogu l\u00fckkama jalaga, mis on turvaline ja soovitatav. Lisaks on standardvarustuses automaatne v\u00e4lja l\u00fclitamine (kui m\u00f5nda aega t\u00f5ukeratast ei liigutata), tuled ja ekraani valgustus.<br \/>\nInnovatiivse lahendusena on Inokim Light2, Quick4, OX ja OXO tuled juhitud automaatselt. LCD ekraan on kokku integreeritud p\u00f6idlaga vajutatava gaasihoovastikuga, mille sisse on integreeritud tulede automaatne sissel\u00fclitus h\u00e4maraanduri abil. Nii ei pea pimedas elektrit\u00f5ukeratas sisse l\u00fclitades hakkama otsima tulede sisse l\u00fclituse nuppu.<\/p>\n<p><strong>NB!<\/strong> Elektrit\u00f5ukerattaga s\u00f5ites soovitame alati kanda <a href=\"https:\/\/projekt.vombat.ee\/eco\/pood\/?product-cata=707\">kiivrit<\/a>. Alla 16 aastase kergliikuri jaoks on elektrit\u00f5uksiga s\u00f5idu ajal kiivri kandmine\u00a0<a href=\"https:\/\/www.riigiteataja.ee\/akt\/113112020001\">seaduse<\/a>\u00a0j\u00e4rgi kohustuslik<\/p>\n","protected":false},"excerpt":{"rendered":"<h6><strong>INOKIM LIGHT2 HERO ELEKTRILINE T\u00d5UKERATAS<\/strong><\/h6>\n<p>&nbsp;<\/p>\n<ul>\n<li><strong>Max s\u00f5iduulatus<\/strong>: 30 KM<\/li>\n<li><strong>Kandev\u00f5ime<\/strong>: 100 kg<\/li>\n<li><strong>Mootori v\u00f5imsus<\/strong>: 350W<\/li>\n<li><strong>Laadimisaeg<\/strong>: 4h<\/li>\n<li><strong>Aku<\/strong>: 36V 7,8Ah<\/li>\n<li><strong>Max kiirus<\/strong>: 25km\/h<\/li>\n<\/ul>\n<p>&nbsp;<\/p>\n<p><strong>\u2666 Tarneaeg 2-4 p\u00e4eva<\/strong><br \/>\n<strong>\u2666 Laos<\/strong><\/p>\n","protected":false},"featured_media":8711,"template":"","meta":[],"product_cat":[1386,53,909,939],"product_tag":[],"class_list":{"0":"post-8710","1":"product","2":"type-product","3":"status-publish","4":"has-post-thumbnail","6":"product_cat-inokim","7":"product_cat-elektritoukerattad","8":"product_cat-linna-toukerattad","9":"product_cat-brandid","10":"product_shipping_class-suured-pakid","12":"first","13":"instock","14":"sale","15":"taxable","16":"shipping-taxable","17":"purchasable","18":"product-type-variable"},"yoast_head":"<!-- This site is optimized with the Yoast SEO plugin v23.8 - https:\/\/yoast.com\/wordpress\/plugins\/seo\/ -->\n<title>Inokim Light 2 Hero elektriline t\u00f5ukeratas - Ecocruiser<\/title>\n<meta name=\"description\" content=\"Inokim Light 2 Hero elektriline t\u00f5ukeratas - Kvaliteetsed br\u00e4ndid, lai valik - Ecocruiser.ee - K\u00fcsimuste korral v\u00f5ta \u00fchendust info@projekt.vombat.ee\" \/>\n<meta name=\"robots\" content=\"noindex, follow, max-snippet:-1, max-image-preview:large, max-video-preview:-1\" \/>\n<meta property=\"og:locale\" content=\"en_GB\" \/>\n<meta property=\"og:type\" content=\"article\" \/>\n<meta property=\"og:title\" content=\"Inokim Light 2 Hero elektriline t\u00f5ukeratas - Ecocruiser\" \/>\n<meta property=\"og:description\" content=\"Inokim Light 2 Hero elektriline t\u00f5ukeratas - Kvaliteetsed br\u00e4ndid, lai valik - Ecocruiser.ee - K\u00fcsimuste korral v\u00f5ta \u00fchendust info@projekt.vombat.ee\" \/>\n<meta property=\"og:url\" content=\"https:\/\/projekt.vombat.ee\/eco\/pood\/brandid\/inokim\/inokim-light2-hero-elektriline-toukeratas\/\" \/>\n<meta property=\"og:site_name\" content=\"Ecocruiser\" \/>\n<meta property=\"article:modified_time\" content=\"2024-06-30T12:13:39+00:00\" \/>\n<meta property=\"og:image\" content=\"https:\/\/projekt.vombat.ee\/eco\/wp-content\/uploads\/2023\/04\/Inokim-Light2-Hero.png\" \/>\n\t<meta property=\"og:image:width\" content=\"1024\" \/>\n\t<meta property=\"og:image:height\" content=\"1024\" \/>\n\t<meta property=\"og:image:type\" content=\"image\/png\" \/>\n<meta name=\"twitter:card\" content=\"summary_large_image\" \/>\n<meta name=\"twitter:label1\" content=\"Estimated reading time\" \/>\n\t<meta name=\"twitter:data1\" content=\"2 minutes\" \/>\n<script type=\"application\/ld+json\" class=\"yoast-schema-graph\">{\"@context\":\"https:\/\/schema.org\",\"@graph\":[{\"@type\":\"WebPage\",\"@id\":\"https:\/\/projekt.vombat.ee\/eco\/pood\/brandid\/inokim\/inokim-light2-hero-elektriline-toukeratas\/\",\"url\":\"https:\/\/projekt.vombat.ee\/eco\/pood\/brandid\/inokim\/inokim-light2-hero-elektriline-toukeratas\/\",\"name\":\"Inokim Light 2 Hero elektriline t\u00f5ukeratas - Ecocruiser\",\"isPartOf\":{\"@id\":\"https:\/\/projekt.vombat.ee\/eco\/#website\"},\"primaryImageOfPage\":{\"@id\":\"https:\/\/projekt.vombat.ee\/eco\/pood\/brandid\/inokim\/inokim-light2-hero-elektriline-toukeratas\/#primaryimage\"},\"image\":{\"@id\":\"https:\/\/projekt.vombat.ee\/eco\/pood\/brandid\/inokim\/inokim-light2-hero-elektriline-toukeratas\/#primaryimage\"},\"thumbnailUrl\":\"https:\/\/projekt.vombat.ee\/eco\/wp-content\/uploads\/2023\/04\/Inokim-Light2-Hero.png\",\"datePublished\":\"2023-04-15T16:44:15+00:00\",\"dateModified\":\"2024-06-30T12:13:39+00:00\",\"description\":\"Inokim Light 2 Hero elektriline t\u00f5ukeratas - Kvaliteetsed br\u00e4ndid, lai valik - Ecocruiser.ee - K\u00fcsimuste korral v\u00f5ta \u00fchendust info@projekt.vombat.ee\",\"breadcrumb\":{\"@id\":\"https:\/\/projekt.vombat.ee\/eco\/pood\/brandid\/inokim\/inokim-light2-hero-elektriline-toukeratas\/#breadcrumb\"},\"inLanguage\":\"en-GB\",\"potentialAction\":[{\"@type\":\"ReadAction\",\"target\":[\"https:\/\/projekt.vombat.ee\/eco\/pood\/brandid\/inokim\/inokim-light2-hero-elektriline-toukeratas\/\"]}]},{\"@type\":\"ImageObject\",\"inLanguage\":\"en-GB\",\"@id\":\"https:\/\/projekt.vombat.ee\/eco\/pood\/brandid\/inokim\/inokim-light2-hero-elektriline-toukeratas\/#primaryimage\",\"url\":\"https:\/\/projekt.vombat.ee\/eco\/wp-content\/uploads\/2023\/04\/Inokim-Light2-Hero.png\",\"contentUrl\":\"https:\/\/projekt.vombat.ee\/eco\/wp-content\/uploads\/2023\/04\/Inokim-Light2-Hero.png\",\"width\":1024,\"height\":1024,\"caption\":\"Inokim Light2 Hero\"},{\"@type\":\"BreadcrumbList\",\"@id\":\"https:\/\/projekt.vombat.ee\/eco\/pood\/brandid\/inokim\/inokim-light2-hero-elektriline-toukeratas\/#breadcrumb\",\"itemListElement\":[{\"@type\":\"ListItem\",\"position\":1,\"name\":\"Home\",\"item\":\"https:\/\/projekt.vombat.ee\/eco\/\"},{\"@type\":\"ListItem\",\"position\":2,\"name\":\"Pood\",\"item\":\"https:\/\/projekt.vombat.ee\/eco\/pood\/\"},{\"@type\":\"ListItem\",\"position\":3,\"name\":\"Inokim Light 2 Hero elektriline t\u00f5ukeratas\"}]},{\"@type\":\"WebSite\",\"@id\":\"https:\/\/projekt.vombat.ee\/eco\/#website\",\"url\":\"https:\/\/projekt.vombat.ee\/eco\/\",\"name\":\"Ecocruiser\",\"description\":\"\",\"publisher\":{\"@id\":\"https:\/\/projekt.vombat.ee\/eco\/#organization\"},\"potentialAction\":[{\"@type\":\"SearchAction\",\"target\":{\"@type\":\"EntryPoint\",\"urlTemplate\":\"https:\/\/projekt.vombat.ee\/eco\/?s={search_term_string}\"},\"query-input\":{\"@type\":\"PropertyValueSpecification\",\"valueRequired\":true,\"valueName\":\"search_term_string\"}}],\"inLanguage\":\"en-GB\"},{\"@type\":\"Organization\",\"@id\":\"https:\/\/projekt.vombat.ee\/eco\/#organization\",\"name\":\"Ecocruiser\",\"url\":\"https:\/\/projekt.vombat.ee\/eco\/\",\"logo\":{\"@type\":\"ImageObject\",\"inLanguage\":\"en-GB\",\"@id\":\"https:\/\/projekt.vombat.ee\/eco\/#\/schema\/logo\/image\/\",\"url\":\"https:\/\/projekt.vombat.ee\/eco\/wp-content\/uploads\/2023\/03\/ECOCRUISER_5.png\",\"contentUrl\":\"https:\/\/projekt.vombat.ee\/eco\/wp-content\/uploads\/2023\/03\/ECOCRUISER_5.png\",\"width\":234,\"height\":91,\"caption\":\"Ecocruiser\"},\"image\":{\"@id\":\"https:\/\/projekt.vombat.ee\/eco\/#\/schema\/logo\/image\/\"}}]}<\/script>\n<!-- \/ Yoast SEO plugin. -->","yoast_head_json":{"title":"Inokim Light 2 Hero elektriline t\u00f5ukeratas - Ecocruiser","description":"Inokim Light 2 Hero elektriline t\u00f5ukeratas - Kvaliteetsed br\u00e4ndid, lai valik - Ecocruiser.ee - K\u00fcsimuste korral v\u00f5ta \u00fchendust info@projekt.vombat.ee","robots":{"index":"noindex","follow":"follow","max-snippet":"max-snippet:-1","max-image-preview":"max-image-preview:large","max-video-preview":"max-video-preview:-1"},"og_locale":"en_GB","og_type":"article","og_title":"Inokim Light 2 Hero elektriline t\u00f5ukeratas - Ecocruiser","og_description":"Inokim Light 2 Hero elektriline t\u00f5ukeratas - Kvaliteetsed br\u00e4ndid, lai valik - Ecocruiser.ee - K\u00fcsimuste korral v\u00f5ta \u00fchendust info@projekt.vombat.ee","og_url":"https:\/\/projekt.vombat.ee\/eco\/pood\/brandid\/inokim\/inokim-light2-hero-elektriline-toukeratas\/","og_site_name":"Ecocruiser","article_modified_time":"2024-06-30T12:13:39+00:00","og_image":[{"width":1024,"height":1024,"url":"https:\/\/projekt.vombat.ee\/eco\/wp-content\/uploads\/2023\/04\/Inokim-Light2-Hero.png","type":"image\/png"}],"twitter_card":"summary_large_image","twitter_misc":{"Estimated reading time":"2 minutes"},"schema":{"@context":"https:\/\/schema.org","@graph":[{"@type":"WebPage","@id":"https:\/\/projekt.vombat.ee\/eco\/pood\/brandid\/inokim\/inokim-light2-hero-elektriline-toukeratas\/","url":"https:\/\/projekt.vombat.ee\/eco\/pood\/brandid\/inokim\/inokim-light2-hero-elektriline-toukeratas\/","name":"Inokim Light 2 Hero elektriline t\u00f5ukeratas - Ecocruiser","isPartOf":{"@id":"https:\/\/projekt.vombat.ee\/eco\/#website"},"primaryImageOfPage":{"@id":"https:\/\/projekt.vombat.ee\/eco\/pood\/brandid\/inokim\/inokim-light2-hero-elektriline-toukeratas\/#primaryimage"},"image":{"@id":"https:\/\/projekt.vombat.ee\/eco\/pood\/brandid\/inokim\/inokim-light2-hero-elektriline-toukeratas\/#primaryimage"},"thumbnailUrl":"https:\/\/projekt.vombat.ee\/eco\/wp-content\/uploads\/2023\/04\/Inokim-Light2-Hero.png","datePublished":"2023-04-15T16:44:15+00:00","dateModified":"2024-06-30T12:13:39+00:00","description":"Inokim Light 2 Hero elektriline t\u00f5ukeratas - Kvaliteetsed br\u00e4ndid, lai valik - Ecocruiser.ee - K\u00fcsimuste korral v\u00f5ta \u00fchendust info@projekt.vombat.ee","breadcrumb":{"@id":"https:\/\/projekt.vombat.ee\/eco\/pood\/brandid\/inokim\/inokim-light2-hero-elektriline-toukeratas\/#breadcrumb"},"inLanguage":"en-GB","potentialAction":[{"@type":"ReadAction","target":["https:\/\/projekt.vombat.ee\/eco\/pood\/brandid\/inokim\/inokim-light2-hero-elektriline-toukeratas\/"]}]},{"@type":"ImageObject","inLanguage":"en-GB","@id":"https:\/\/projekt.vombat.ee\/eco\/pood\/brandid\/inokim\/inokim-light2-hero-elektriline-toukeratas\/#primaryimage","url":"https:\/\/projekt.vombat.ee\/eco\/wp-content\/uploads\/2023\/04\/Inokim-Light2-Hero.png","contentUrl":"https:\/\/projekt.vombat.ee\/eco\/wp-content\/uploads\/2023\/04\/Inokim-Light2-Hero.png","width":1024,"height":1024,"caption":"Inokim Light2 Hero"},{"@type":"BreadcrumbList","@id":"https:\/\/projekt.vombat.ee\/eco\/pood\/brandid\/inokim\/inokim-light2-hero-elektriline-toukeratas\/#breadcrumb","itemListElement":[{"@type":"ListItem","position":1,"name":"Home","item":"https:\/\/projekt.vombat.ee\/eco\/"},{"@type":"ListItem","position":2,"name":"Pood","item":"https:\/\/projekt.vombat.ee\/eco\/pood\/"},{"@type":"ListItem","position":3,"name":"Inokim Light 2 Hero elektriline t\u00f5ukeratas"}]},{"@type":"WebSite","@id":"https:\/\/projekt.vombat.ee\/eco\/#website","url":"https:\/\/projekt.vombat.ee\/eco\/","name":"Ecocruiser","description":"","publisher":{"@id":"https:\/\/projekt.vombat.ee\/eco\/#organization"},"potentialAction":[{"@type":"SearchAction","target":{"@type":"EntryPoint","urlTemplate":"https:\/\/projekt.vombat.ee\/eco\/?s={search_term_string}"},"query-input":{"@type":"PropertyValueSpecification","valueRequired":true,"valueName":"search_term_string"}}],"inLanguage":"en-GB"},{"@type":"Organization","@id":"https:\/\/projekt.vombat.ee\/eco\/#organization","name":"Ecocruiser","url":"https:\/\/projekt.vombat.ee\/eco\/","logo":{"@type":"ImageObject","inLanguage":"en-GB","@id":"https:\/\/projekt.vombat.ee\/eco\/#\/schema\/logo\/image\/","url":"https:\/\/projekt.vombat.ee\/eco\/wp-content\/uploads\/2023\/03\/ECOCRUISER_5.png","contentUrl":"https:\/\/projekt.vombat.ee\/eco\/wp-content\/uploads\/2023\/03\/ECOCRUISER_5.png","width":234,"height":91,"caption":"Ecocruiser"},"image":{"@id":"https:\/\/projekt.vombat.ee\/eco\/#\/schema\/logo\/image\/"}}]}},"lang":"et","translations":{"et":8710},"pll_sync_post":[],"_links":{"self":[{"href":"https:\/\/projekt.vombat.ee\/eco\/wp-json\/wp\/v2\/product\/8710"}],"collection":[{"href":"https:\/\/projekt.vombat.ee\/eco\/wp-json\/wp\/v2\/product"}],"about":[{"href":"https:\/\/projekt.vombat.ee\/eco\/wp-json\/wp\/v2\/types\/product"}],"version-history":[{"count":4,"href":"https:\/\/projekt.vombat.ee\/eco\/wp-json\/wp\/v2\/product\/8710\/revisions"}],"predecessor-version":[{"id":19216,"href":"https:\/\/projekt.vombat.ee\/eco\/wp-json\/wp\/v2\/product\/8710\/revisions\/19216"}],"wp:featuredmedia":[{"embeddable":true,"href":"https:\/\/projekt.vombat.ee\/eco\/wp-json\/wp\/v2\/media\/8711"}],"wp:attachment":[{"href":"https:\/\/projekt.vombat.ee\/eco\/wp-json\/wp\/v2\/media?parent=8710"}],"wp:term":[{"taxonomy":"product_cat","embeddable":true,"href":"https:\/\/projekt.vombat.ee\/eco\/wp-json\/wp\/v2\/product_cat?post=8710"},{"taxonomy":"product_tag","embeddable":true,"href":"https:\/\/projekt.vombat.ee\/eco\/wp-json\/wp\/v2\/product_tag?post=8710"}],"curies":[{"name":"wp","href":"https:\/\/api.w.org\/{rel}","templated":true}]}}