{"id":8558,"date":"2023-04-07T14:23:34","date_gmt":"2023-04-07T14:23:34","guid":{"rendered":"https:\/\/projekt.vombat.ee\/eco\/?post_type=product&#038;p=8558"},"modified":"2024-06-26T13:54:44","modified_gmt":"2024-06-26T13:54:44","slug":"kugoo-g-booster-elektriline-toukeratas-85-km","status":"publish","type":"product","link":"https:\/\/projekt.vombat.ee\/eco\/pood\/elektritoukerattad\/linna-toukerattad\/kugoo-g-booster-elektriline-toukeratas-85-km\/","title":{"rendered":"KUGOO G BOOSTER Elektriline t\u00f5ukeratas, 85 km"},"content":{"rendered":"<h1>KUGOO G BOOSTER<\/h1>\n<p>Kokkupandav elektriline t\u00f5ukeratas kahe 800 W mootoriga, 3 kiiruse re\u017eiimi Max 25 km\/h (piirajaga)<\/p>\n<h3>10-tolline \u00f5hkrehv<\/h3>\n<p>Tugev haardumine, kulumiskindel ja ohutu. See sobib erinevatele teedele.<\/p>\n<h3>2 mootorit<\/h3>\n<p>Tugev liikumapanev j\u00f5ud, 500W ja 2 mootorit, 85km s\u00f5iduulatus.<\/p>\n<h3>Ketaspidur<\/h3>\n<p>Ees ja taga on ketaspidur, sellega on inimestel palju turvalisem s\u00f5ita.<\/p>\n<h3>3 kiirusre\u017eiimi<\/h3>\n<p>Kiirust juhite vastavalt erinevatele teekatte tingimustele, mis muudab s\u00f5itmise mugavamaks ja s\u00f5itmise turvalisemaks.<\/p>\n<p>&nbsp;<\/p>\n<h3>Info<\/h3>\n<p>Mootori v\u00f5imsus: 500W*2 (piirajaga)<br \/>\nAku mahutavus: 48V\/23Ah<br \/>\nLaadimisaeg: 10h<br \/>\nS\u00f5iduulatus: 85 km<br \/>\nMax kiirus: 25km\/h (piirajaga)<br \/>\nRonimise kalle: 35 kraadi<br \/>\nRaami materjal: alumiiniumsulam<br \/>\nRehv: 10-tolline vaakumrehv<br \/>\nMaksimaalne koormus: 120 kg<\/p>\n<p>Toote kaal: 30 kg<br \/>\nPakendi kaal: 38kg<br \/>\nToote suurus (P x L x K): 120 x 26 x 118 cm<br \/>\nPakendi suurus (P x L x K): 124 x 30 x 65 cm<\/p>\n<p>&nbsp;<\/p>\n","protected":false},"excerpt":{"rendered":"<p><strong>KUGOO G BOOSTER<\/strong><\/p>\n<ul>\n<li>Aku mahutavus: 48V\/23Ah<\/li>\n<li>Laadimisaeg: 10h<\/li>\n<li>S\u00f5iduulatus: 85 km<\/li>\n<li>Max kiirus: 25km\/h (piirajaga)<\/li>\n<li>Iste ei kuulu komplekti<\/li>\n<\/ul>\n<p>&nbsp;<\/p>\n<p><strong>\u2666 Tarneaeg 3-7 p\u00e4eva<\/strong><br \/>\n<strong>\u2666 Laos<\/strong><\/p>\n","protected":false},"featured_media":8559,"template":"","meta":[],"product_cat":[53,909,911,59,939],"product_tag":[],"class_list":{"0":"post-8558","1":"product","2":"type-product","3":"status-publish","4":"has-post-thumbnail","6":"product_cat-elektritoukerattad","7":"product_cat-linna-toukerattad","8":"product_cat-voimsad-toukerattad","9":"product_cat-kugoo-elektritoukerattad","10":"product_cat-brandid","11":"product_shipping_class-suured-pakid","13":"first","14":"instock","15":"sale","16":"taxable","17":"shipping-taxable","18":"purchasable","19":"product-type-simple"},"yoast_head":"<!-- This site is optimized with the Yoast SEO plugin v23.8 - https:\/\/yoast.com\/wordpress\/plugins\/seo\/ -->\n<title>KUGOO G BOOSTER Elektriline t\u00f5ukeratas, 85 km - Ecocruiser<\/title>\n<meta name=\"description\" content=\"KUGOO G-BOOSTER on kokkupandav elektriline t\u00f5ukeratas kahe 800 W mootoriga, 3 kiiruse re\u017eiimi Max 25 km\/h\" \/>\n<meta name=\"robots\" content=\"noindex, follow, max-snippet:-1, max-image-preview:large, max-video-preview:-1\" \/>\n<meta property=\"og:locale\" content=\"en_GB\" \/>\n<meta property=\"og:type\" content=\"article\" \/>\n<meta property=\"og:title\" content=\"KUGOO G BOOSTER Elektriline t\u00f5ukeratas, 85 km - Ecocruiser\" \/>\n<meta property=\"og:description\" content=\"KUGOO G-BOOSTER on kokkupandav elektriline t\u00f5ukeratas kahe 800 W mootoriga, 3 kiiruse re\u017eiimi Max 25 km\/h\" \/>\n<meta property=\"og:url\" content=\"https:\/\/projekt.vombat.ee\/eco\/pood\/elektritoukerattad\/linna-toukerattad\/kugoo-g-booster-elektriline-toukeratas-85-km\/\" \/>\n<meta property=\"og:site_name\" content=\"Ecocruiser\" \/>\n<meta property=\"article:modified_time\" content=\"2024-06-26T13:54:44+00:00\" \/>\n<meta property=\"og:image\" content=\"https:\/\/projekt.vombat.ee\/eco\/wp-content\/uploads\/2023\/04\/927342_0.jpg\" \/>\n\t<meta property=\"og:image:width\" content=\"1500\" \/>\n\t<meta property=\"og:image:height\" content=\"1500\" \/>\n\t<meta property=\"og:image:type\" content=\"image\/jpeg\" \/>\n<meta name=\"twitter:card\" content=\"summary_large_image\" \/>\n<meta name=\"twitter:label1\" content=\"Estimated reading time\" \/>\n\t<meta name=\"twitter:data1\" content=\"1 minute\" \/>\n<script type=\"application\/ld+json\" class=\"yoast-schema-graph\">{\"@context\":\"https:\/\/schema.org\",\"@graph\":[{\"@type\":\"WebPage\",\"@id\":\"https:\/\/projekt.vombat.ee\/eco\/pood\/elektritoukerattad\/linna-toukerattad\/kugoo-g-booster-elektriline-toukeratas-85-km\/\",\"url\":\"https:\/\/projekt.vombat.ee\/eco\/pood\/elektritoukerattad\/linna-toukerattad\/kugoo-g-booster-elektriline-toukeratas-85-km\/\",\"name\":\"KUGOO G BOOSTER Elektriline t\u00f5ukeratas, 85 km - Ecocruiser\",\"isPartOf\":{\"@id\":\"https:\/\/projekt.vombat.ee\/eco\/#website\"},\"primaryImageOfPage\":{\"@id\":\"https:\/\/projekt.vombat.ee\/eco\/pood\/elektritoukerattad\/linna-toukerattad\/kugoo-g-booster-elektriline-toukeratas-85-km\/#primaryimage\"},\"image\":{\"@id\":\"https:\/\/projekt.vombat.ee\/eco\/pood\/elektritoukerattad\/linna-toukerattad\/kugoo-g-booster-elektriline-toukeratas-85-km\/#primaryimage\"},\"thumbnailUrl\":\"https:\/\/projekt.vombat.ee\/eco\/wp-content\/uploads\/2023\/04\/927342_0.jpg\",\"datePublished\":\"2023-04-07T14:23:34+00:00\",\"dateModified\":\"2024-06-26T13:54:44+00:00\",\"description\":\"KUGOO G-BOOSTER on kokkupandav elektriline t\u00f5ukeratas kahe 800 W mootoriga, 3 kiiruse re\u017eiimi Max 25 km\/h\",\"breadcrumb\":{\"@id\":\"https:\/\/projekt.vombat.ee\/eco\/pood\/elektritoukerattad\/linna-toukerattad\/kugoo-g-booster-elektriline-toukeratas-85-km\/#breadcrumb\"},\"inLanguage\":\"en-GB\",\"potentialAction\":[{\"@type\":\"ReadAction\",\"target\":[\"https:\/\/projekt.vombat.ee\/eco\/pood\/elektritoukerattad\/linna-toukerattad\/kugoo-g-booster-elektriline-toukeratas-85-km\/\"]}]},{\"@type\":\"ImageObject\",\"inLanguage\":\"en-GB\",\"@id\":\"https:\/\/projekt.vombat.ee\/eco\/pood\/elektritoukerattad\/linna-toukerattad\/kugoo-g-booster-elektriline-toukeratas-85-km\/#primaryimage\",\"url\":\"https:\/\/projekt.vombat.ee\/eco\/wp-content\/uploads\/2023\/04\/927342_0.jpg\",\"contentUrl\":\"https:\/\/projekt.vombat.ee\/eco\/wp-content\/uploads\/2023\/04\/927342_0.jpg\",\"width\":1500,\"height\":1500,\"caption\":\"KUGOO G BOOSTER\"},{\"@type\":\"BreadcrumbList\",\"@id\":\"https:\/\/projekt.vombat.ee\/eco\/pood\/elektritoukerattad\/linna-toukerattad\/kugoo-g-booster-elektriline-toukeratas-85-km\/#breadcrumb\",\"itemListElement\":[{\"@type\":\"ListItem\",\"position\":1,\"name\":\"Home\",\"item\":\"https:\/\/projekt.vombat.ee\/eco\/\"},{\"@type\":\"ListItem\",\"position\":2,\"name\":\"Pood\",\"item\":\"https:\/\/projekt.vombat.ee\/eco\/pood\/\"},{\"@type\":\"ListItem\",\"position\":3,\"name\":\"KUGOO G BOOSTER Elektriline t\u00f5ukeratas, 85 km\"}]},{\"@type\":\"WebSite\",\"@id\":\"https:\/\/projekt.vombat.ee\/eco\/#website\",\"url\":\"https:\/\/projekt.vombat.ee\/eco\/\",\"name\":\"Ecocruiser\",\"description\":\"\",\"publisher\":{\"@id\":\"https:\/\/projekt.vombat.ee\/eco\/#organization\"},\"potentialAction\":[{\"@type\":\"SearchAction\",\"target\":{\"@type\":\"EntryPoint\",\"urlTemplate\":\"https:\/\/projekt.vombat.ee\/eco\/?s={search_term_string}\"},\"query-input\":{\"@type\":\"PropertyValueSpecification\",\"valueRequired\":true,\"valueName\":\"search_term_string\"}}],\"inLanguage\":\"en-GB\"},{\"@type\":\"Organization\",\"@id\":\"https:\/\/projekt.vombat.ee\/eco\/#organization\",\"name\":\"Ecocruiser\",\"url\":\"https:\/\/projekt.vombat.ee\/eco\/\",\"logo\":{\"@type\":\"ImageObject\",\"inLanguage\":\"en-GB\",\"@id\":\"https:\/\/projekt.vombat.ee\/eco\/#\/schema\/logo\/image\/\",\"url\":\"https:\/\/projekt.vombat.ee\/eco\/wp-content\/uploads\/2023\/03\/ECOCRUISER_5.png\",\"contentUrl\":\"https:\/\/projekt.vombat.ee\/eco\/wp-content\/uploads\/2023\/03\/ECOCRUISER_5.png\",\"width\":234,\"height\":91,\"caption\":\"Ecocruiser\"},\"image\":{\"@id\":\"https:\/\/projekt.vombat.ee\/eco\/#\/schema\/logo\/image\/\"}}]}<\/script>\n<!-- \/ Yoast SEO plugin. -->","yoast_head_json":{"title":"KUGOO G BOOSTER Elektriline t\u00f5ukeratas, 85 km - Ecocruiser","description":"KUGOO G-BOOSTER on kokkupandav elektriline t\u00f5ukeratas kahe 800 W mootoriga, 3 kiiruse re\u017eiimi Max 25 km\/h","robots":{"index":"noindex","follow":"follow","max-snippet":"max-snippet:-1","max-image-preview":"max-image-preview:large","max-video-preview":"max-video-preview:-1"},"og_locale":"en_GB","og_type":"article","og_title":"KUGOO G BOOSTER Elektriline t\u00f5ukeratas, 85 km - Ecocruiser","og_description":"KUGOO G-BOOSTER on kokkupandav elektriline t\u00f5ukeratas kahe 800 W mootoriga, 3 kiiruse re\u017eiimi Max 25 km\/h","og_url":"https:\/\/projekt.vombat.ee\/eco\/pood\/elektritoukerattad\/linna-toukerattad\/kugoo-g-booster-elektriline-toukeratas-85-km\/","og_site_name":"Ecocruiser","article_modified_time":"2024-06-26T13:54:44+00:00","og_image":[{"width":1500,"height":1500,"url":"https:\/\/projekt.vombat.ee\/eco\/wp-content\/uploads\/2023\/04\/927342_0.jpg","type":"image\/jpeg"}],"twitter_card":"summary_large_image","twitter_misc":{"Estimated reading time":"1 minute"},"schema":{"@context":"https:\/\/schema.org","@graph":[{"@type":"WebPage","@id":"https:\/\/projekt.vombat.ee\/eco\/pood\/elektritoukerattad\/linna-toukerattad\/kugoo-g-booster-elektriline-toukeratas-85-km\/","url":"https:\/\/projekt.vombat.ee\/eco\/pood\/elektritoukerattad\/linna-toukerattad\/kugoo-g-booster-elektriline-toukeratas-85-km\/","name":"KUGOO G BOOSTER Elektriline t\u00f5ukeratas, 85 km - Ecocruiser","isPartOf":{"@id":"https:\/\/projekt.vombat.ee\/eco\/#website"},"primaryImageOfPage":{"@id":"https:\/\/projekt.vombat.ee\/eco\/pood\/elektritoukerattad\/linna-toukerattad\/kugoo-g-booster-elektriline-toukeratas-85-km\/#primaryimage"},"image":{"@id":"https:\/\/projekt.vombat.ee\/eco\/pood\/elektritoukerattad\/linna-toukerattad\/kugoo-g-booster-elektriline-toukeratas-85-km\/#primaryimage"},"thumbnailUrl":"https:\/\/projekt.vombat.ee\/eco\/wp-content\/uploads\/2023\/04\/927342_0.jpg","datePublished":"2023-04-07T14:23:34+00:00","dateModified":"2024-06-26T13:54:44+00:00","description":"KUGOO G-BOOSTER on kokkupandav elektriline t\u00f5ukeratas kahe 800 W mootoriga, 3 kiiruse re\u017eiimi Max 25 km\/h","breadcrumb":{"@id":"https:\/\/projekt.vombat.ee\/eco\/pood\/elektritoukerattad\/linna-toukerattad\/kugoo-g-booster-elektriline-toukeratas-85-km\/#breadcrumb"},"inLanguage":"en-GB","potentialAction":[{"@type":"ReadAction","target":["https:\/\/projekt.vombat.ee\/eco\/pood\/elektritoukerattad\/linna-toukerattad\/kugoo-g-booster-elektriline-toukeratas-85-km\/"]}]},{"@type":"ImageObject","inLanguage":"en-GB","@id":"https:\/\/projekt.vombat.ee\/eco\/pood\/elektritoukerattad\/linna-toukerattad\/kugoo-g-booster-elektriline-toukeratas-85-km\/#primaryimage","url":"https:\/\/projekt.vombat.ee\/eco\/wp-content\/uploads\/2023\/04\/927342_0.jpg","contentUrl":"https:\/\/projekt.vombat.ee\/eco\/wp-content\/uploads\/2023\/04\/927342_0.jpg","width":1500,"height":1500,"caption":"KUGOO G BOOSTER"},{"@type":"BreadcrumbList","@id":"https:\/\/projekt.vombat.ee\/eco\/pood\/elektritoukerattad\/linna-toukerattad\/kugoo-g-booster-elektriline-toukeratas-85-km\/#breadcrumb","itemListElement":[{"@type":"ListItem","position":1,"name":"Home","item":"https:\/\/projekt.vombat.ee\/eco\/"},{"@type":"ListItem","position":2,"name":"Pood","item":"https:\/\/projekt.vombat.ee\/eco\/pood\/"},{"@type":"ListItem","position":3,"name":"KUGOO G BOOSTER Elektriline t\u00f5ukeratas, 85 km"}]},{"@type":"WebSite","@id":"https:\/\/projekt.vombat.ee\/eco\/#website","url":"https:\/\/projekt.vombat.ee\/eco\/","name":"Ecocruiser","description":"","publisher":{"@id":"https:\/\/projekt.vombat.ee\/eco\/#organization"},"potentialAction":[{"@type":"SearchAction","target":{"@type":"EntryPoint","urlTemplate":"https:\/\/projekt.vombat.ee\/eco\/?s={search_term_string}"},"query-input":{"@type":"PropertyValueSpecification","valueRequired":true,"valueName":"search_term_string"}}],"inLanguage":"en-GB"},{"@type":"Organization","@id":"https:\/\/projekt.vombat.ee\/eco\/#organization","name":"Ecocruiser","url":"https:\/\/projekt.vombat.ee\/eco\/","logo":{"@type":"ImageObject","inLanguage":"en-GB","@id":"https:\/\/projekt.vombat.ee\/eco\/#\/schema\/logo\/image\/","url":"https:\/\/projekt.vombat.ee\/eco\/wp-content\/uploads\/2023\/03\/ECOCRUISER_5.png","contentUrl":"https:\/\/projekt.vombat.ee\/eco\/wp-content\/uploads\/2023\/03\/ECOCRUISER_5.png","width":234,"height":91,"caption":"Ecocruiser"},"image":{"@id":"https:\/\/projekt.vombat.ee\/eco\/#\/schema\/logo\/image\/"}}]}},"lang":"et","translations":{"et":8558,"fi":8572,"en":15959,"ru":16055,"fr":16941},"pll_sync_post":[],"_links":{"self":[{"href":"https:\/\/projekt.vombat.ee\/eco\/wp-json\/wp\/v2\/product\/8558"}],"collection":[{"href":"https:\/\/projekt.vombat.ee\/eco\/wp-json\/wp\/v2\/product"}],"about":[{"href":"https:\/\/projekt.vombat.ee\/eco\/wp-json\/wp\/v2\/types\/product"}],"version-history":[{"count":9,"href":"https:\/\/projekt.vombat.ee\/eco\/wp-json\/wp\/v2\/product\/8558\/revisions"}],"predecessor-version":[{"id":16391,"href":"https:\/\/projekt.vombat.ee\/eco\/wp-json\/wp\/v2\/product\/8558\/revisions\/16391"}],"wp:featuredmedia":[{"embeddable":true,"href":"https:\/\/projekt.vombat.ee\/eco\/wp-json\/wp\/v2\/media\/8559"}],"wp:attachment":[{"href":"https:\/\/projekt.vombat.ee\/eco\/wp-json\/wp\/v2\/media?parent=8558"}],"wp:term":[{"taxonomy":"product_cat","embeddable":true,"href":"https:\/\/projekt.vombat.ee\/eco\/wp-json\/wp\/v2\/product_cat?post=8558"},{"taxonomy":"product_tag","embeddable":true,"href":"https:\/\/projekt.vombat.ee\/eco\/wp-json\/wp\/v2\/product_tag?post=8558"}],"curies":[{"name":"wp","href":"https:\/\/api.w.org\/{rel}","templated":true}]}}