{"id":8480,"date":"2023-04-07T10:10:18","date_gmt":"2023-04-07T10:10:18","guid":{"rendered":"https:\/\/projekt.vombat.ee\/eco\/?post_type=product&#038;p=8480"},"modified":"2024-01-20T04:02:34","modified_gmt":"2024-01-20T04:02:34","slug":"engwe-engine-x-250w-100-km","status":"publish","type":"product","link":"https:\/\/projekt.vombat.ee\/eco\/fi\/myym%C3%A4l%C3%A4\/sahkopyorat\/taitettavat-sahkopyorat\/engwe-engine-x-250w-100-km\/","title":{"rendered":"Engwe Engine X 250W, 100 km"},"content":{"rendered":"<h1>Engwe Engine X<\/h1>\n<p>&#8211; Koko: 175 * 57 * 123 cm<br \/>\n&#8211; Jatkettu pituus: 1750 mm<br \/>\n&#8211; Pituus taitettuna: 1040 mm<br \/>\n&#8211; Lattiapidike (alin): 1230 mm<br \/>\n&#8211; Maavara (ylempi): 1300 mm<br \/>\n&#8211; Istuinkorkeus lattiasta (matalin): 860 mm<br \/>\n&#8211; Istuinkorkeus lattiasta (korkein): 1080 mm<br \/>\n&#8211; Polkimet lattiaan (alin): 120 mm<br \/>\n&#8211; Ter\u00e4n leveys: 570 mm<br \/>\n&#8211; ohjaustanko istuimen v\u00e4liss\u00e4: 515 mm<br \/>\n&#8211; Istuimen pituus: 260 mm<br \/>\n&#8211; Istuimen leveys: 200 mm<br \/>\n&#8211; Takaosan s\u00e4ilytyslokeron pituus: 343 mm<br \/>\n&#8211; Takaosan s\u00e4ilytyslokeron leveys: 175 mm<br \/>\n&#8211; Akun koko: 417*57*113mm<br \/>\n&#8211; Laatikon mitat: 1430*300*700mm<br \/>\n&#8211; py\u00f6r\u00e4n paino: 31,6 kg<br \/>\n&#8211; Pakkauksen paino: 38,5 kg<br \/>\n&#8211; Tehokas 250 W moottori<br \/>\n&#8211; Maastorasvarenkaat 20&#215;4.0<br \/>\n&#8211; Taittuva 3-portainen alumiinirunko<br \/>\n&#8211; Irrotettava 48V 13Ah litiumakku (ylemp\u00e4\u00e4n mahtuu 16Ah)<br \/>\n&#8211; Edess\u00e4 ja takana Mekaaniset levyjarrut<br \/>\n&#8211; LCD-n\u00e4ytt\u00f6<br \/>\n&#8211; 7-vaihteinen j\u00e4rjestelm\u00e4<br \/>\n&#8211; Huomaa: x-moottorissa ei ole energian talteenottotoimintoa<\/p>\n<p>&nbsp;<\/p>\n<h3>Tiedot<\/h3>\n<p>Vaihteiden lukum\u00e4\u00e4r\u00e4 7<br \/>\nMekaaniset levyjarrut<br \/>\nSis\u00e4inen vaihtaja (napa)<br \/>\nIskunvaimennin edess\u00e4 ja takana<br \/>\nLadattava litiumioniakku<br \/>\nS\u00e4hk\u00f6inen kuljettajan napa<br \/>\nMoottorin teho 250W<br \/>\nMaksimikuorma 150 kg<br \/>\nValmistusvuosi 2022<br \/>\nTarviketeline, lokasuojat, mittari, valaistus, jalusta<br \/>\nV\u00e4ri punainen<\/p>\n","protected":false},"excerpt":{"rendered":"<p><strong>Engwe Engine X<\/strong> kokoontaittuva s\u00e4hk\u00f6py\u00f6r\u00e4 rasvaisilla off-road-renkailla on ihanteellinen maasto- ja kaupunkiajoon. Suurin nopeus 25 km\/h. 250 W:n moottori, joka saa virtansa 48 V:n 13 AH:n litiumakusta, mahdollistaa jopa 100 km:n ajon avustustilassa t\u00e4ydell\u00e4 latauksella. Luokkansa paras hinta ja laatu.<\/p>\n<p>&nbsp;<\/p>\n<ul>\n<li>Latausaika: 5 tuntia<\/li>\n<li>Maksimikuorma: 150 kg<\/li>\n<li>Huippunopeus: 25 km\/h<\/li>\n<li>Litiumakku: 48V 13Ah<\/li>\n<li>Ajomatka: 50-60 km (s\u00e4hk\u00f6k\u00e4ytt\u00f6), 90-100 km (poljink\u00e4ytt\u00f6)<\/li>\n<\/ul>\n<p>&nbsp;<\/p>\n<p><strong>\u2666 Toimitusaika 3-8 p\u00e4iv\u00e4\u00e4<\/strong><br \/>\n<strong>\u2666 Varastossa<\/strong><\/p>\n","protected":false},"featured_media":8481,"template":"","meta":[],"product_cat":[1286,979,981],"product_tag":[],"class_list":{"0":"post-8480","1":"product","2":"type-product","3":"status-publish","4":"has-post-thumbnail","6":"product_cat-engwe","7":"product_cat-sahkopyorat","8":"product_cat-taitettavat-sahkopyorat","9":"product_shipping_class-suured-pakid","11":"first","12":"instock","13":"sale","14":"taxable","15":"shipping-taxable","16":"purchasable","17":"product-type-variable"},"yoast_head":"<!-- This site is optimized with the Yoast SEO plugin v23.8 - https:\/\/yoast.com\/wordpress\/plugins\/seo\/ -->\n<title>Engwe Engine X 250W, 100 km - Ecocruiser<\/title>\n<meta name=\"description\" content=\"Engwe Engine X kokoontaittuva s\u00e4hk\u00f6py\u00f6r\u00e4 rasvaisilla off-road-renkailla on ihanteellinen maasto- ja kaupunkiajoon. Suurin nopeus 25 km\/h. 250 W:n moottori, joka saa virtansa 48 V:n 13 AH:n litiumakusta, mahdollistaa jopa 100 km:n ajon avustustilassa t\u00e4ydell\u00e4 latauksella. Luokkansa paras hinta ja laatu.\" \/>\n<meta name=\"robots\" content=\"noindex, follow, max-snippet:-1, max-image-preview:large, max-video-preview:-1\" \/>\n<meta property=\"og:locale\" content=\"en_GB\" \/>\n<meta property=\"og:type\" content=\"article\" \/>\n<meta property=\"og:title\" content=\"Engwe Engine X 250W, 100 km - Ecocruiser\" \/>\n<meta property=\"og:description\" content=\"Engwe Engine X kokoontaittuva s\u00e4hk\u00f6py\u00f6r\u00e4 rasvaisilla off-road-renkailla on ihanteellinen maasto- ja kaupunkiajoon. Suurin nopeus 25 km\/h. 250 W:n moottori, joka saa virtansa 48 V:n 13 AH:n litiumakusta, mahdollistaa jopa 100 km:n ajon avustustilassa t\u00e4ydell\u00e4 latauksella. Luokkansa paras hinta ja laatu.\" \/>\n<meta property=\"og:url\" content=\"https:\/\/projekt.vombat.ee\/eco\/fi\/myym\u00e4l\u00e4\/sahkopyorat\/taitettavat-sahkopyorat\/engwe-engine-x-250w-100-km\/\" \/>\n<meta property=\"og:site_name\" content=\"Ecocruiser\" \/>\n<meta property=\"article:modified_time\" content=\"2024-01-20T04:02:34+00:00\" \/>\n<meta property=\"og:image\" content=\"https:\/\/projekt.vombat.ee\/eco\/wp-content\/uploads\/2023\/03\/Engwe-Engine-X-scaled.webp\" \/>\n\t<meta property=\"og:image:width\" content=\"1838\" \/>\n\t<meta property=\"og:image:height\" content=\"2560\" \/>\n\t<meta property=\"og:image:type\" content=\"image\/webp\" \/>\n<meta name=\"twitter:card\" content=\"summary_large_image\" \/>\n<meta name=\"twitter:label1\" content=\"Estimated reading time\" \/>\n\t<meta name=\"twitter:data1\" content=\"1 minute\" \/>\n<script type=\"application\/ld+json\" class=\"yoast-schema-graph\">{\"@context\":\"https:\/\/schema.org\",\"@graph\":[{\"@type\":\"WebPage\",\"@id\":\"https:\/\/projekt.vombat.ee\/eco\/fi\/myym%C3%A4l%C3%A4\/sahkopyorat\/taitettavat-sahkopyorat\/engwe-engine-x-250w-100-km\/\",\"url\":\"https:\/\/projekt.vombat.ee\/eco\/fi\/myym%C3%A4l%C3%A4\/sahkopyorat\/taitettavat-sahkopyorat\/engwe-engine-x-250w-100-km\/\",\"name\":\"Engwe Engine X 250W, 100 km - Ecocruiser\",\"isPartOf\":{\"@id\":\"https:\/\/projekt.vombat.ee\/eco\/#website\"},\"primaryImageOfPage\":{\"@id\":\"https:\/\/projekt.vombat.ee\/eco\/fi\/myym%C3%A4l%C3%A4\/sahkopyorat\/taitettavat-sahkopyorat\/engwe-engine-x-250w-100-km\/#primaryimage\"},\"image\":{\"@id\":\"https:\/\/projekt.vombat.ee\/eco\/fi\/myym%C3%A4l%C3%A4\/sahkopyorat\/taitettavat-sahkopyorat\/engwe-engine-x-250w-100-km\/#primaryimage\"},\"thumbnailUrl\":\"https:\/\/projekt.vombat.ee\/eco\/wp-content\/uploads\/2023\/03\/Engwe-Engine-X-scaled.webp\",\"datePublished\":\"2023-04-07T10:10:18+00:00\",\"dateModified\":\"2024-01-20T04:02:34+00:00\",\"description\":\"Engwe Engine X kokoontaittuva s\u00e4hk\u00f6py\u00f6r\u00e4 rasvaisilla off-road-renkailla on ihanteellinen maasto- ja kaupunkiajoon. Suurin nopeus 25 km\/h. 250 W:n moottori, joka saa virtansa 48 V:n 13 AH:n litiumakusta, mahdollistaa jopa 100 km:n ajon avustustilassa t\u00e4ydell\u00e4 latauksella. Luokkansa paras hinta ja laatu.\",\"breadcrumb\":{\"@id\":\"https:\/\/projekt.vombat.ee\/eco\/fi\/myym%C3%A4l%C3%A4\/sahkopyorat\/taitettavat-sahkopyorat\/engwe-engine-x-250w-100-km\/#breadcrumb\"},\"inLanguage\":\"en-GB\",\"potentialAction\":[{\"@type\":\"ReadAction\",\"target\":[\"https:\/\/projekt.vombat.ee\/eco\/fi\/myym%C3%A4l%C3%A4\/sahkopyorat\/taitettavat-sahkopyorat\/engwe-engine-x-250w-100-km\/\"]}]},{\"@type\":\"ImageObject\",\"inLanguage\":\"en-GB\",\"@id\":\"https:\/\/projekt.vombat.ee\/eco\/fi\/myym%C3%A4l%C3%A4\/sahkopyorat\/taitettavat-sahkopyorat\/engwe-engine-x-250w-100-km\/#primaryimage\",\"url\":\"https:\/\/projekt.vombat.ee\/eco\/wp-content\/uploads\/2023\/03\/Engwe-Engine-X-scaled.webp\",\"contentUrl\":\"https:\/\/projekt.vombat.ee\/eco\/wp-content\/uploads\/2023\/03\/Engwe-Engine-X-scaled.webp\",\"width\":1838,\"height\":2560,\"caption\":\"Engwe Engine X\"},{\"@type\":\"BreadcrumbList\",\"@id\":\"https:\/\/projekt.vombat.ee\/eco\/fi\/myym%C3%A4l%C3%A4\/sahkopyorat\/taitettavat-sahkopyorat\/engwe-engine-x-250w-100-km\/#breadcrumb\",\"itemListElement\":[{\"@type\":\"ListItem\",\"position\":1,\"name\":\"Home\",\"item\":\"https:\/\/projekt.vombat.ee\/eco\/\"},{\"@type\":\"ListItem\",\"position\":2,\"name\":\"Pood\",\"item\":\"https:\/\/projekt.vombat.ee\/eco\/pood\/\"},{\"@type\":\"ListItem\",\"position\":3,\"name\":\"Engwe Engine X 250W, 100 km\"}]},{\"@type\":\"WebSite\",\"@id\":\"https:\/\/projekt.vombat.ee\/eco\/#website\",\"url\":\"https:\/\/projekt.vombat.ee\/eco\/\",\"name\":\"Ecocruiser\",\"description\":\"\",\"publisher\":{\"@id\":\"https:\/\/projekt.vombat.ee\/eco\/#organization\"},\"potentialAction\":[{\"@type\":\"SearchAction\",\"target\":{\"@type\":\"EntryPoint\",\"urlTemplate\":\"https:\/\/projekt.vombat.ee\/eco\/?s={search_term_string}\"},\"query-input\":{\"@type\":\"PropertyValueSpecification\",\"valueRequired\":true,\"valueName\":\"search_term_string\"}}],\"inLanguage\":\"en-GB\"},{\"@type\":\"Organization\",\"@id\":\"https:\/\/projekt.vombat.ee\/eco\/#organization\",\"name\":\"Ecocruiser\",\"url\":\"https:\/\/projekt.vombat.ee\/eco\/\",\"logo\":{\"@type\":\"ImageObject\",\"inLanguage\":\"en-GB\",\"@id\":\"https:\/\/projekt.vombat.ee\/eco\/#\/schema\/logo\/image\/\",\"url\":\"https:\/\/projekt.vombat.ee\/eco\/wp-content\/uploads\/2023\/03\/ECOCRUISER_5.png\",\"contentUrl\":\"https:\/\/projekt.vombat.ee\/eco\/wp-content\/uploads\/2023\/03\/ECOCRUISER_5.png\",\"width\":234,\"height\":91,\"caption\":\"Ecocruiser\"},\"image\":{\"@id\":\"https:\/\/projekt.vombat.ee\/eco\/#\/schema\/logo\/image\/\"}}]}<\/script>\n<!-- \/ Yoast SEO plugin. -->","yoast_head_json":{"title":"Engwe Engine X 250W, 100 km - Ecocruiser","description":"Engwe Engine X kokoontaittuva s\u00e4hk\u00f6py\u00f6r\u00e4 rasvaisilla off-road-renkailla on ihanteellinen maasto- ja kaupunkiajoon. Suurin nopeus 25 km\/h. 250 W:n moottori, joka saa virtansa 48 V:n 13 AH:n litiumakusta, mahdollistaa jopa 100 km:n ajon avustustilassa t\u00e4ydell\u00e4 latauksella. Luokkansa paras hinta ja laatu.","robots":{"index":"noindex","follow":"follow","max-snippet":"max-snippet:-1","max-image-preview":"max-image-preview:large","max-video-preview":"max-video-preview:-1"},"og_locale":"en_GB","og_type":"article","og_title":"Engwe Engine X 250W, 100 km - Ecocruiser","og_description":"Engwe Engine X kokoontaittuva s\u00e4hk\u00f6py\u00f6r\u00e4 rasvaisilla off-road-renkailla on ihanteellinen maasto- ja kaupunkiajoon. Suurin nopeus 25 km\/h. 250 W:n moottori, joka saa virtansa 48 V:n 13 AH:n litiumakusta, mahdollistaa jopa 100 km:n ajon avustustilassa t\u00e4ydell\u00e4 latauksella. Luokkansa paras hinta ja laatu.","og_url":"https:\/\/projekt.vombat.ee\/eco\/fi\/myym\u00e4l\u00e4\/sahkopyorat\/taitettavat-sahkopyorat\/engwe-engine-x-250w-100-km\/","og_site_name":"Ecocruiser","article_modified_time":"2024-01-20T04:02:34+00:00","og_image":[{"width":1838,"height":2560,"url":"https:\/\/projekt.vombat.ee\/eco\/wp-content\/uploads\/2023\/03\/Engwe-Engine-X-scaled.webp","type":"image\/webp"}],"twitter_card":"summary_large_image","twitter_misc":{"Estimated reading time":"1 minute"},"schema":{"@context":"https:\/\/schema.org","@graph":[{"@type":"WebPage","@id":"https:\/\/projekt.vombat.ee\/eco\/fi\/myym%C3%A4l%C3%A4\/sahkopyorat\/taitettavat-sahkopyorat\/engwe-engine-x-250w-100-km\/","url":"https:\/\/projekt.vombat.ee\/eco\/fi\/myym%C3%A4l%C3%A4\/sahkopyorat\/taitettavat-sahkopyorat\/engwe-engine-x-250w-100-km\/","name":"Engwe Engine X 250W, 100 km - Ecocruiser","isPartOf":{"@id":"https:\/\/projekt.vombat.ee\/eco\/#website"},"primaryImageOfPage":{"@id":"https:\/\/projekt.vombat.ee\/eco\/fi\/myym%C3%A4l%C3%A4\/sahkopyorat\/taitettavat-sahkopyorat\/engwe-engine-x-250w-100-km\/#primaryimage"},"image":{"@id":"https:\/\/projekt.vombat.ee\/eco\/fi\/myym%C3%A4l%C3%A4\/sahkopyorat\/taitettavat-sahkopyorat\/engwe-engine-x-250w-100-km\/#primaryimage"},"thumbnailUrl":"https:\/\/projekt.vombat.ee\/eco\/wp-content\/uploads\/2023\/03\/Engwe-Engine-X-scaled.webp","datePublished":"2023-04-07T10:10:18+00:00","dateModified":"2024-01-20T04:02:34+00:00","description":"Engwe Engine X kokoontaittuva s\u00e4hk\u00f6py\u00f6r\u00e4 rasvaisilla off-road-renkailla on ihanteellinen maasto- ja kaupunkiajoon. Suurin nopeus 25 km\/h. 250 W:n moottori, joka saa virtansa 48 V:n 13 AH:n litiumakusta, mahdollistaa jopa 100 km:n ajon avustustilassa t\u00e4ydell\u00e4 latauksella. Luokkansa paras hinta ja laatu.","breadcrumb":{"@id":"https:\/\/projekt.vombat.ee\/eco\/fi\/myym%C3%A4l%C3%A4\/sahkopyorat\/taitettavat-sahkopyorat\/engwe-engine-x-250w-100-km\/#breadcrumb"},"inLanguage":"en-GB","potentialAction":[{"@type":"ReadAction","target":["https:\/\/projekt.vombat.ee\/eco\/fi\/myym%C3%A4l%C3%A4\/sahkopyorat\/taitettavat-sahkopyorat\/engwe-engine-x-250w-100-km\/"]}]},{"@type":"ImageObject","inLanguage":"en-GB","@id":"https:\/\/projekt.vombat.ee\/eco\/fi\/myym%C3%A4l%C3%A4\/sahkopyorat\/taitettavat-sahkopyorat\/engwe-engine-x-250w-100-km\/#primaryimage","url":"https:\/\/projekt.vombat.ee\/eco\/wp-content\/uploads\/2023\/03\/Engwe-Engine-X-scaled.webp","contentUrl":"https:\/\/projekt.vombat.ee\/eco\/wp-content\/uploads\/2023\/03\/Engwe-Engine-X-scaled.webp","width":1838,"height":2560,"caption":"Engwe Engine X"},{"@type":"BreadcrumbList","@id":"https:\/\/projekt.vombat.ee\/eco\/fi\/myym%C3%A4l%C3%A4\/sahkopyorat\/taitettavat-sahkopyorat\/engwe-engine-x-250w-100-km\/#breadcrumb","itemListElement":[{"@type":"ListItem","position":1,"name":"Home","item":"https:\/\/projekt.vombat.ee\/eco\/"},{"@type":"ListItem","position":2,"name":"Pood","item":"https:\/\/projekt.vombat.ee\/eco\/pood\/"},{"@type":"ListItem","position":3,"name":"Engwe Engine X 250W, 100 km"}]},{"@type":"WebSite","@id":"https:\/\/projekt.vombat.ee\/eco\/#website","url":"https:\/\/projekt.vombat.ee\/eco\/","name":"Ecocruiser","description":"","publisher":{"@id":"https:\/\/projekt.vombat.ee\/eco\/#organization"},"potentialAction":[{"@type":"SearchAction","target":{"@type":"EntryPoint","urlTemplate":"https:\/\/projekt.vombat.ee\/eco\/?s={search_term_string}"},"query-input":{"@type":"PropertyValueSpecification","valueRequired":true,"valueName":"search_term_string"}}],"inLanguage":"en-GB"},{"@type":"Organization","@id":"https:\/\/projekt.vombat.ee\/eco\/#organization","name":"Ecocruiser","url":"https:\/\/projekt.vombat.ee\/eco\/","logo":{"@type":"ImageObject","inLanguage":"en-GB","@id":"https:\/\/projekt.vombat.ee\/eco\/#\/schema\/logo\/image\/","url":"https:\/\/projekt.vombat.ee\/eco\/wp-content\/uploads\/2023\/03\/ECOCRUISER_5.png","contentUrl":"https:\/\/projekt.vombat.ee\/eco\/wp-content\/uploads\/2023\/03\/ECOCRUISER_5.png","width":234,"height":91,"caption":"Ecocruiser"},"image":{"@id":"https:\/\/projekt.vombat.ee\/eco\/#\/schema\/logo\/image\/"}}]}},"lang":"fi","translations":{"fi":8480,"ru":5153,"et":2546},"pll_sync_post":[],"_links":{"self":[{"href":"https:\/\/projekt.vombat.ee\/eco\/wp-json\/wp\/v2\/product\/8480"}],"collection":[{"href":"https:\/\/projekt.vombat.ee\/eco\/wp-json\/wp\/v2\/product"}],"about":[{"href":"https:\/\/projekt.vombat.ee\/eco\/wp-json\/wp\/v2\/types\/product"}],"version-history":[{"count":2,"href":"https:\/\/projekt.vombat.ee\/eco\/wp-json\/wp\/v2\/product\/8480\/revisions"}],"predecessor-version":[{"id":8549,"href":"https:\/\/projekt.vombat.ee\/eco\/wp-json\/wp\/v2\/product\/8480\/revisions\/8549"}],"wp:featuredmedia":[{"embeddable":true,"href":"https:\/\/projekt.vombat.ee\/eco\/wp-json\/wp\/v2\/media\/8481"}],"wp:attachment":[{"href":"https:\/\/projekt.vombat.ee\/eco\/wp-json\/wp\/v2\/media?parent=8480"}],"wp:term":[{"taxonomy":"product_cat","embeddable":true,"href":"https:\/\/projekt.vombat.ee\/eco\/wp-json\/wp\/v2\/product_cat?post=8480"},{"taxonomy":"product_tag","embeddable":true,"href":"https:\/\/projekt.vombat.ee\/eco\/wp-json\/wp\/v2\/product_tag?post=8480"}],"curies":[{"name":"wp","href":"https:\/\/api.w.org\/{rel}","templated":true}]}}