{"id":8473,"date":"2023-04-07T09:40:23","date_gmt":"2023-04-07T09:40:23","guid":{"rendered":"https:\/\/projekt.vombat.ee\/eco\/?post_type=product&#038;p=8473"},"modified":"2024-04-08T10:02:31","modified_gmt":"2024-04-08T10:02:31","slug":"engwe-ep-2-pro-750w-120-km","status":"publish","type":"product","link":"https:\/\/projekt.vombat.ee\/eco\/fi\/myym%C3%A4l%C3%A4\/sahkopyorat\/taitettavat-sahkopyorat\/engwe-ep-2-pro-750w-120-km\/","title":{"rendered":"ENGWE EP-2 PRO 250W, 120 km"},"content":{"rendered":"<h1>ENGWE EP-2 PRO 250W<\/h1>\n<p>&nbsp;<\/p>\n<h3>Tehokas moottori<\/h3>\n<p>Rasvarengaspy\u00f6r\u00e4, jossa on 250 W nopeat harjattomat vaihdemoottorit ja 48 V:n \u00e4lyk\u00e4s harjaton ohjain, se voi helposti auttaa sinua liikkumaan jopa 25 km\/h maksiminopeudella (s\u00e4hk\u00f6tila).<\/p>\n<h3>3 tilaa ja 5 tehotasoa<\/h3>\n<p>Pure Electricin, assistenttitilan ja itsesi avulla voit lev\u00e4t\u00e4 s\u00e4hk\u00f6tilassa nauttiaksesi rentouttavasta ajasta ja k\u00e4ytt\u00e4\u00e4 sit\u00e4 my\u00f6s harjoitteluun. Tehotasoa voidaan helposti muuttaa tarpeidesi mukaan painamalla M-n\u00e4pp\u00e4int\u00e4.<\/p>\n<h3>T\u00e4ydelliset jarrut ja 7 vaihdetta<\/h3>\n<p>Taittuva s\u00e4hk\u00f6py\u00f6r\u00e4 edess\u00e4 ja takana levyjarruilla ja 7 vaihteella, voit valita mink\u00e4 tahansa nopeuden nauttiaksesi nopeammasta ajoajasta tai kokeaksesi loman tarpeidesi mukaan. T\u00e4ydelliset jarrut suojaavat t\u00e4ysin turvallisuutesi.<\/p>\n<h3>Parempi akku<\/h3>\n<p>T\u00e4m\u00e4 s\u00e4hk\u00f6inen maastopy\u00f6r\u00e4, jossa on 48V 13AH litiumakku, voidaan ajaa puhtaasti s\u00e4hk\u00f6tilassa enint\u00e4\u00e4n 25 km\/h nopeudella. Hyv\u00e4ksym\u00e4ll\u00e4 kokoontaitettavan keskivarren ja irrotettavan akun voit helposti ladata tai irrottaa akun rungosta.<\/p>\n<h3>Laadukas materiaali<\/h3>\n<p>S\u00e4hk\u00f6py\u00f6r\u00e4ss\u00e4 on erinomainen alumiiniseosrunko, korkea sitkeys ja vahva korroosionkest\u00e4vyys. Etuhaarukka on valmistettu eritt\u00e4in lujasta hiiliter\u00e4ksest\u00e4 ja t\u00e4ynn\u00e4 ensiluokkaista mukavuutta iskunvaimennuksen. Kevyen ja tehokkaan rakenteensa ansiosta 20-tuumainen alumiinivanne sopii sek\u00e4 kaupunki- ett\u00e4 polkuymp\u00e4rist\u00f6\u00f6n.<\/p>\n<h3>Helppo taittaa<\/h3>\n<p>Se on helppo koota. Kokoontaitettava yl\u00e4putki ja runko tekev\u00e4t siit\u00e4 kannettavan ja helpon kuljettaa autossasi tai miss\u00e4 tahansa olet valmis k\u00e4ytt\u00e4m\u00e4\u00e4n.<\/p>\n<h3>Mit\u00e4 laatikossa on?<\/h3>\n<p>Py\u00f6r\u00e4mme ovat 75 % esiasennettuja.<\/p>\n<ul>\n<li>EP-2 Pro Ebike<\/li>\n<li>Akkulaturi<\/li>\n<li>Manuaalinen<\/li>\n<\/ul>\n<p>&nbsp;<\/p>\n<h3>Tiedot<\/h3>\n<p>Suurin kantavuus: 150 kg<\/p>\n<p>Polkimen et\u00e4isyys maasta: 10 cm<\/p>\n<p>K\u00e4ytt\u00f6korkeus: 150-210 cm<\/p>\n<p>Mekaaninen jarru edess\u00e4 ja takana<\/p>\n<p>Integroitu vedenpit\u00e4v\u00e4 pohjakahva<\/p>\n<p>LED ajovalot<\/p>\n<h3>Parametrit<\/h3>\n<p>Teho 250W<\/p>\n<p>Suurin v\u00e4\u00e4nt\u00f6momentti 6-35<\/p>\n<p>7-vaihteinen vaihteisto<\/p>\n<h3>Akun parametrit<\/h3>\n<p>Akun kapasiteetti: 13AH<\/p>\n<p>Nimellisj\u00e4nnite: 48V<\/p>\n<p>Nimellisteho: 250W<\/p>\n<p>Paino ja koko<\/p>\n<p>Nettopaino 30,1 kg<\/p>\n<p>Tuotteen koko (P x L x K): 169 x 57 x 120 cm<\/p>\n<p>Pakkauksen koko (P x L x K): 143 x 30 x 76 cm<\/p>\n","protected":false},"excerpt":{"rendered":"<p>Engwe EP-2 Pron p\u00e4ivitetty versio on tyylik\u00e4s s\u00e4hk\u00f6inen maastopy\u00f6r\u00e4 leveill\u00e4 renkailla. Kokoontaitettava yl\u00e4putki ja runko tekev\u00e4t siit\u00e4 kannettavan ja k\u00e4tev\u00e4n s\u00e4ilytt\u00e4\u00e4 autossasi tai miss\u00e4 tahansa muualla.<\/p>\n<p>&nbsp;<\/p>\n<ul>\n<li>Latausaika: 4,3h<\/li>\n<li>Suurin kantavuus: 150 kg<\/li>\n<li>jopa 60 km ajettu puhtaasti s\u00e4hk\u00f6ll\u00e4<\/li>\n<li>120 km ajettu mopotilassa<\/li>\n<\/ul>\n<p>&nbsp;<\/p>\n<p><strong>\u2666 Toimitusaika 3-8 p\u00e4iv\u00e4\u00e4<\/strong><br \/>\n<strong>\u2666 Varastossa<\/strong><\/p>\n","protected":false},"featured_media":8474,"template":"","meta":[],"product_cat":[1286,979,981],"product_tag":[],"class_list":{"0":"post-8473","1":"product","2":"type-product","3":"status-publish","4":"has-post-thumbnail","6":"product_cat-engwe","7":"product_cat-sahkopyorat","8":"product_cat-taitettavat-sahkopyorat","9":"product_shipping_class-suured-pakid","11":"first","12":"instock","13":"sale","14":"taxable","15":"shipping-taxable","16":"purchasable","17":"product-type-variable"},"yoast_head":"<!-- This site is optimized with the Yoast SEO plugin v23.8 - https:\/\/yoast.com\/wordpress\/plugins\/seo\/ -->\n<title>ENGWE EP-2 PRO 250W, 120 km - Ecocruiser<\/title>\n<meta name=\"description\" content=\"ENGWE EP-2 PRO on leve\u00e4 rengaspy\u00f6r\u00e4, jossa on 250 W:n nopeat harjattomat vaihdemoottorit ja 48 V:n \u00e4lyk\u00e4s harjaton ohjain, jonka avulla voit helposti liikkua jopa 25 km\/h maksiminopeudella (s\u00e4hk\u00f6tila).\" \/>\n<meta name=\"robots\" content=\"noindex, follow, max-snippet:-1, max-image-preview:large, max-video-preview:-1\" \/>\n<meta property=\"og:locale\" content=\"en_GB\" \/>\n<meta property=\"og:type\" content=\"article\" \/>\n<meta property=\"og:title\" content=\"ENGWE EP-2 PRO 250W, 120 km - Ecocruiser\" \/>\n<meta property=\"og:description\" content=\"ENGWE EP-2 PRO on leve\u00e4 rengaspy\u00f6r\u00e4, jossa on 250 W:n nopeat harjattomat vaihdemoottorit ja 48 V:n \u00e4lyk\u00e4s harjaton ohjain, jonka avulla voit helposti liikkua jopa 25 km\/h maksiminopeudella (s\u00e4hk\u00f6tila).\" \/>\n<meta property=\"og:url\" content=\"https:\/\/projekt.vombat.ee\/eco\/fi\/myym\u00e4l\u00e4\/sahkopyorat\/taitettavat-sahkopyorat\/engwe-ep-2-pro-750w-120-km\/\" \/>\n<meta property=\"og:site_name\" content=\"Ecocruiser\" \/>\n<meta property=\"article:modified_time\" content=\"2024-04-08T10:02:31+00:00\" \/>\n<meta property=\"og:image\" content=\"https:\/\/projekt.vombat.ee\/eco\/wp-content\/uploads\/2023\/03\/ENGWE-EP-2-PRO.webp\" \/>\n\t<meta property=\"og:image:width\" content=\"540\" \/>\n\t<meta property=\"og:image:height\" content=\"752\" \/>\n\t<meta property=\"og:image:type\" content=\"image\/webp\" \/>\n<meta name=\"twitter:card\" content=\"summary_large_image\" \/>\n<meta name=\"twitter:label1\" content=\"Estimated reading time\" \/>\n\t<meta name=\"twitter:data1\" content=\"2 minutes\" \/>\n<script type=\"application\/ld+json\" class=\"yoast-schema-graph\">{\"@context\":\"https:\/\/schema.org\",\"@graph\":[{\"@type\":\"WebPage\",\"@id\":\"https:\/\/projekt.vombat.ee\/eco\/fi\/myym%C3%A4l%C3%A4\/sahkopyorat\/taitettavat-sahkopyorat\/engwe-ep-2-pro-750w-120-km\/\",\"url\":\"https:\/\/projekt.vombat.ee\/eco\/fi\/myym%C3%A4l%C3%A4\/sahkopyorat\/taitettavat-sahkopyorat\/engwe-ep-2-pro-750w-120-km\/\",\"name\":\"ENGWE EP-2 PRO 250W, 120 km - Ecocruiser\",\"isPartOf\":{\"@id\":\"https:\/\/projekt.vombat.ee\/eco\/#website\"},\"primaryImageOfPage\":{\"@id\":\"https:\/\/projekt.vombat.ee\/eco\/fi\/myym%C3%A4l%C3%A4\/sahkopyorat\/taitettavat-sahkopyorat\/engwe-ep-2-pro-750w-120-km\/#primaryimage\"},\"image\":{\"@id\":\"https:\/\/projekt.vombat.ee\/eco\/fi\/myym%C3%A4l%C3%A4\/sahkopyorat\/taitettavat-sahkopyorat\/engwe-ep-2-pro-750w-120-km\/#primaryimage\"},\"thumbnailUrl\":\"https:\/\/projekt.vombat.ee\/eco\/wp-content\/uploads\/2023\/03\/ENGWE-EP-2-PRO.webp\",\"datePublished\":\"2023-04-07T09:40:23+00:00\",\"dateModified\":\"2024-04-08T10:02:31+00:00\",\"description\":\"ENGWE EP-2 PRO on leve\u00e4 rengaspy\u00f6r\u00e4, jossa on 250 W:n nopeat harjattomat vaihdemoottorit ja 48 V:n \u00e4lyk\u00e4s harjaton ohjain, jonka avulla voit helposti liikkua jopa 25 km\/h maksiminopeudella (s\u00e4hk\u00f6tila).\",\"breadcrumb\":{\"@id\":\"https:\/\/projekt.vombat.ee\/eco\/fi\/myym%C3%A4l%C3%A4\/sahkopyorat\/taitettavat-sahkopyorat\/engwe-ep-2-pro-750w-120-km\/#breadcrumb\"},\"inLanguage\":\"en-GB\",\"potentialAction\":[{\"@type\":\"ReadAction\",\"target\":[\"https:\/\/projekt.vombat.ee\/eco\/fi\/myym%C3%A4l%C3%A4\/sahkopyorat\/taitettavat-sahkopyorat\/engwe-ep-2-pro-750w-120-km\/\"]}]},{\"@type\":\"ImageObject\",\"inLanguage\":\"en-GB\",\"@id\":\"https:\/\/projekt.vombat.ee\/eco\/fi\/myym%C3%A4l%C3%A4\/sahkopyorat\/taitettavat-sahkopyorat\/engwe-ep-2-pro-750w-120-km\/#primaryimage\",\"url\":\"https:\/\/projekt.vombat.ee\/eco\/wp-content\/uploads\/2023\/03\/ENGWE-EP-2-PRO.webp\",\"contentUrl\":\"https:\/\/projekt.vombat.ee\/eco\/wp-content\/uploads\/2023\/03\/ENGWE-EP-2-PRO.webp\",\"width\":540,\"height\":752,\"caption\":\"ENGWE EP-2 PRO\"},{\"@type\":\"BreadcrumbList\",\"@id\":\"https:\/\/projekt.vombat.ee\/eco\/fi\/myym%C3%A4l%C3%A4\/sahkopyorat\/taitettavat-sahkopyorat\/engwe-ep-2-pro-750w-120-km\/#breadcrumb\",\"itemListElement\":[{\"@type\":\"ListItem\",\"position\":1,\"name\":\"Home\",\"item\":\"https:\/\/projekt.vombat.ee\/eco\/\"},{\"@type\":\"ListItem\",\"position\":2,\"name\":\"Pood\",\"item\":\"https:\/\/projekt.vombat.ee\/eco\/pood\/\"},{\"@type\":\"ListItem\",\"position\":3,\"name\":\"ENGWE EP-2 PRO 250W, 120 km\"}]},{\"@type\":\"WebSite\",\"@id\":\"https:\/\/projekt.vombat.ee\/eco\/#website\",\"url\":\"https:\/\/projekt.vombat.ee\/eco\/\",\"name\":\"Ecocruiser\",\"description\":\"\",\"publisher\":{\"@id\":\"https:\/\/projekt.vombat.ee\/eco\/#organization\"},\"potentialAction\":[{\"@type\":\"SearchAction\",\"target\":{\"@type\":\"EntryPoint\",\"urlTemplate\":\"https:\/\/projekt.vombat.ee\/eco\/?s={search_term_string}\"},\"query-input\":{\"@type\":\"PropertyValueSpecification\",\"valueRequired\":true,\"valueName\":\"search_term_string\"}}],\"inLanguage\":\"en-GB\"},{\"@type\":\"Organization\",\"@id\":\"https:\/\/projekt.vombat.ee\/eco\/#organization\",\"name\":\"Ecocruiser\",\"url\":\"https:\/\/projekt.vombat.ee\/eco\/\",\"logo\":{\"@type\":\"ImageObject\",\"inLanguage\":\"en-GB\",\"@id\":\"https:\/\/projekt.vombat.ee\/eco\/#\/schema\/logo\/image\/\",\"url\":\"https:\/\/projekt.vombat.ee\/eco\/wp-content\/uploads\/2023\/03\/ECOCRUISER_5.png\",\"contentUrl\":\"https:\/\/projekt.vombat.ee\/eco\/wp-content\/uploads\/2023\/03\/ECOCRUISER_5.png\",\"width\":234,\"height\":91,\"caption\":\"Ecocruiser\"},\"image\":{\"@id\":\"https:\/\/projekt.vombat.ee\/eco\/#\/schema\/logo\/image\/\"}}]}<\/script>\n<!-- \/ Yoast SEO plugin. -->","yoast_head_json":{"title":"ENGWE EP-2 PRO 250W, 120 km - Ecocruiser","description":"ENGWE EP-2 PRO on leve\u00e4 rengaspy\u00f6r\u00e4, jossa on 250 W:n nopeat harjattomat vaihdemoottorit ja 48 V:n \u00e4lyk\u00e4s harjaton ohjain, jonka avulla voit helposti liikkua jopa 25 km\/h maksiminopeudella (s\u00e4hk\u00f6tila).","robots":{"index":"noindex","follow":"follow","max-snippet":"max-snippet:-1","max-image-preview":"max-image-preview:large","max-video-preview":"max-video-preview:-1"},"og_locale":"en_GB","og_type":"article","og_title":"ENGWE EP-2 PRO 250W, 120 km - Ecocruiser","og_description":"ENGWE EP-2 PRO on leve\u00e4 rengaspy\u00f6r\u00e4, jossa on 250 W:n nopeat harjattomat vaihdemoottorit ja 48 V:n \u00e4lyk\u00e4s harjaton ohjain, jonka avulla voit helposti liikkua jopa 25 km\/h maksiminopeudella (s\u00e4hk\u00f6tila).","og_url":"https:\/\/projekt.vombat.ee\/eco\/fi\/myym\u00e4l\u00e4\/sahkopyorat\/taitettavat-sahkopyorat\/engwe-ep-2-pro-750w-120-km\/","og_site_name":"Ecocruiser","article_modified_time":"2024-04-08T10:02:31+00:00","og_image":[{"width":540,"height":752,"url":"https:\/\/projekt.vombat.ee\/eco\/wp-content\/uploads\/2023\/03\/ENGWE-EP-2-PRO.webp","type":"image\/webp"}],"twitter_card":"summary_large_image","twitter_misc":{"Estimated reading time":"2 minutes"},"schema":{"@context":"https:\/\/schema.org","@graph":[{"@type":"WebPage","@id":"https:\/\/projekt.vombat.ee\/eco\/fi\/myym%C3%A4l%C3%A4\/sahkopyorat\/taitettavat-sahkopyorat\/engwe-ep-2-pro-750w-120-km\/","url":"https:\/\/projekt.vombat.ee\/eco\/fi\/myym%C3%A4l%C3%A4\/sahkopyorat\/taitettavat-sahkopyorat\/engwe-ep-2-pro-750w-120-km\/","name":"ENGWE EP-2 PRO 250W, 120 km - Ecocruiser","isPartOf":{"@id":"https:\/\/projekt.vombat.ee\/eco\/#website"},"primaryImageOfPage":{"@id":"https:\/\/projekt.vombat.ee\/eco\/fi\/myym%C3%A4l%C3%A4\/sahkopyorat\/taitettavat-sahkopyorat\/engwe-ep-2-pro-750w-120-km\/#primaryimage"},"image":{"@id":"https:\/\/projekt.vombat.ee\/eco\/fi\/myym%C3%A4l%C3%A4\/sahkopyorat\/taitettavat-sahkopyorat\/engwe-ep-2-pro-750w-120-km\/#primaryimage"},"thumbnailUrl":"https:\/\/projekt.vombat.ee\/eco\/wp-content\/uploads\/2023\/03\/ENGWE-EP-2-PRO.webp","datePublished":"2023-04-07T09:40:23+00:00","dateModified":"2024-04-08T10:02:31+00:00","description":"ENGWE EP-2 PRO on leve\u00e4 rengaspy\u00f6r\u00e4, jossa on 250 W:n nopeat harjattomat vaihdemoottorit ja 48 V:n \u00e4lyk\u00e4s harjaton ohjain, jonka avulla voit helposti liikkua jopa 25 km\/h maksiminopeudella (s\u00e4hk\u00f6tila).","breadcrumb":{"@id":"https:\/\/projekt.vombat.ee\/eco\/fi\/myym%C3%A4l%C3%A4\/sahkopyorat\/taitettavat-sahkopyorat\/engwe-ep-2-pro-750w-120-km\/#breadcrumb"},"inLanguage":"en-GB","potentialAction":[{"@type":"ReadAction","target":["https:\/\/projekt.vombat.ee\/eco\/fi\/myym%C3%A4l%C3%A4\/sahkopyorat\/taitettavat-sahkopyorat\/engwe-ep-2-pro-750w-120-km\/"]}]},{"@type":"ImageObject","inLanguage":"en-GB","@id":"https:\/\/projekt.vombat.ee\/eco\/fi\/myym%C3%A4l%C3%A4\/sahkopyorat\/taitettavat-sahkopyorat\/engwe-ep-2-pro-750w-120-km\/#primaryimage","url":"https:\/\/projekt.vombat.ee\/eco\/wp-content\/uploads\/2023\/03\/ENGWE-EP-2-PRO.webp","contentUrl":"https:\/\/projekt.vombat.ee\/eco\/wp-content\/uploads\/2023\/03\/ENGWE-EP-2-PRO.webp","width":540,"height":752,"caption":"ENGWE EP-2 PRO"},{"@type":"BreadcrumbList","@id":"https:\/\/projekt.vombat.ee\/eco\/fi\/myym%C3%A4l%C3%A4\/sahkopyorat\/taitettavat-sahkopyorat\/engwe-ep-2-pro-750w-120-km\/#breadcrumb","itemListElement":[{"@type":"ListItem","position":1,"name":"Home","item":"https:\/\/projekt.vombat.ee\/eco\/"},{"@type":"ListItem","position":2,"name":"Pood","item":"https:\/\/projekt.vombat.ee\/eco\/pood\/"},{"@type":"ListItem","position":3,"name":"ENGWE EP-2 PRO 250W, 120 km"}]},{"@type":"WebSite","@id":"https:\/\/projekt.vombat.ee\/eco\/#website","url":"https:\/\/projekt.vombat.ee\/eco\/","name":"Ecocruiser","description":"","publisher":{"@id":"https:\/\/projekt.vombat.ee\/eco\/#organization"},"potentialAction":[{"@type":"SearchAction","target":{"@type":"EntryPoint","urlTemplate":"https:\/\/projekt.vombat.ee\/eco\/?s={search_term_string}"},"query-input":{"@type":"PropertyValueSpecification","valueRequired":true,"valueName":"search_term_string"}}],"inLanguage":"en-GB"},{"@type":"Organization","@id":"https:\/\/projekt.vombat.ee\/eco\/#organization","name":"Ecocruiser","url":"https:\/\/projekt.vombat.ee\/eco\/","logo":{"@type":"ImageObject","inLanguage":"en-GB","@id":"https:\/\/projekt.vombat.ee\/eco\/#\/schema\/logo\/image\/","url":"https:\/\/projekt.vombat.ee\/eco\/wp-content\/uploads\/2023\/03\/ECOCRUISER_5.png","contentUrl":"https:\/\/projekt.vombat.ee\/eco\/wp-content\/uploads\/2023\/03\/ECOCRUISER_5.png","width":234,"height":91,"caption":"Ecocruiser"},"image":{"@id":"https:\/\/projekt.vombat.ee\/eco\/#\/schema\/logo\/image\/"}}]}},"lang":"fi","translations":{"fi":8473,"ru":5396,"et":2302},"pll_sync_post":[],"_links":{"self":[{"href":"https:\/\/projekt.vombat.ee\/eco\/wp-json\/wp\/v2\/product\/8473"}],"collection":[{"href":"https:\/\/projekt.vombat.ee\/eco\/wp-json\/wp\/v2\/product"}],"about":[{"href":"https:\/\/projekt.vombat.ee\/eco\/wp-json\/wp\/v2\/types\/product"}],"version-history":[{"count":2,"href":"https:\/\/projekt.vombat.ee\/eco\/wp-json\/wp\/v2\/product\/8473\/revisions"}],"predecessor-version":[{"id":8509,"href":"https:\/\/projekt.vombat.ee\/eco\/wp-json\/wp\/v2\/product\/8473\/revisions\/8509"}],"wp:featuredmedia":[{"embeddable":true,"href":"https:\/\/projekt.vombat.ee\/eco\/wp-json\/wp\/v2\/media\/8474"}],"wp:attachment":[{"href":"https:\/\/projekt.vombat.ee\/eco\/wp-json\/wp\/v2\/media?parent=8473"}],"wp:term":[{"taxonomy":"product_cat","embeddable":true,"href":"https:\/\/projekt.vombat.ee\/eco\/wp-json\/wp\/v2\/product_cat?post=8473"},{"taxonomy":"product_tag","embeddable":true,"href":"https:\/\/projekt.vombat.ee\/eco\/wp-json\/wp\/v2\/product_tag?post=8473"}],"curies":[{"name":"wp","href":"https:\/\/api.w.org\/{rel}","templated":true}]}}