{"id":8467,"date":"2023-04-07T09:33:49","date_gmt":"2023-04-07T09:33:49","guid":{"rendered":"https:\/\/projekt.vombat.ee\/eco\/?post_type=product&#038;p=8467"},"modified":"2024-03-18T04:42:56","modified_gmt":"2024-03-18T04:42:56","slug":"engwe-c20-pro-250w-150-km","status":"publish","type":"product","link":"https:\/\/projekt.vombat.ee\/eco\/fi\/myym%C3%A4l%C3%A4\/sahkopyorat\/taitettavat-sahkopyorat\/engwe-c20-pro-250w-150-km\/","title":{"rendered":"ENGWE C20 PRO 250W, 150 km"},"content":{"rendered":"<h1>ENGWE C20 PRO<\/h1>\n<p><strong>Mukava ajo<\/strong> \u2013 s\u00e4\u00e4dett\u00e4v\u00e4 istuin ja ohjaustanko antavat sinulle t\u00e4yden hallinnan seikkailusi mukavuustasosta. ENGWE C20 PRO:n korkean suorituskyvyn 20*3,0 tuuman ilmat\u00e4ytteiset renkaat takaavat tasaisen ja vakaan ajon \u2013 my\u00f6s ep\u00e4tasaisella p\u00e4\u00e4llysteell\u00e4.<\/p>\n<p><strong>Valitse sopiva tila<\/strong> &#8211; ENGWE C20 PRO:ssa on 3 tilaa: s\u00e4hk\u00f6inen, mopo ja normaali. Nauti matkastasi kaikkialla t\u00e4ll\u00e4 taitettavalla s\u00e4hk\u00f6py\u00f6r\u00e4ll\u00e4.<\/p>\n<p><strong>Laadukas jarru- ja vaihtamisj\u00e4rjestelm\u00e4<\/strong> &#8211; varustettu kaksoislevyjarruilla edess\u00e4 ja takana. Torvi ja kirkas LED-ajovalo on varustettu turvallista ajamista varten y\u00f6ll\u00e4.<\/p>\n<p><img fetchpriority=\"high\" decoding=\"async\" class=\"\" src=\"https:\/\/cdn.shopify.com\/s\/files\/1\/0237\/3536\/9792\/t\/17\/assets\/c20pro-31080-1646018572922.jpg?v=1646018597\" width=\"932\" height=\"524\" \/><\/p>\n","protected":false},"excerpt":{"rendered":"<p>Engwe C20 Pro on katseenvangitsija s\u00e4hk\u00f6py\u00f6r\u00e4. Aja jopa 150 km yhdell\u00e4 latauksella ja voita jyrk\u00e4t nousut helposti.<\/p>\n<p>&nbsp;<\/p>\n<ul>\n<li>Suurin kantavuus: 150 kg<\/li>\n<li>Latausaika: noin 6 tuntia<\/li>\n<li>Yhdell\u00e4 latauksella: jopa 150 km<\/li>\n<li>Akku: 36V 15.6AH<\/li>\n<li>Nopeus: 25 km\/h<\/li>\n<li>Materiaali: alumiiniseos<\/li>\n<li>Koko: 20*3,0 tuumaa<\/li>\n<li>Moottori: 250 W nopea harjaton moottori<\/li>\n<li>Suurin nousuaste: 20\u00b0<\/li>\n<li>Laite: LCD-laite<\/li>\n<li>Jarru: mekaaninen levyjarru<\/li>\n<li>Kiihdytystyyppi: Kaasu<\/li>\n<li>Vaihteistoj\u00e4rjestelm\u00e4: 7 vaihdetta<\/li>\n<li>Paino: 25 kg<\/li>\n<li>Koko taitettava koko: 76*66*35cm<\/li>\n<li>Sopii: 155-210cm ihmisille<\/li>\n<\/ul>\n<p>&nbsp;<\/p>\n<p><strong>\u2666 Toimitusaika 3-8 p\u00e4iv\u00e4\u00e4<\/strong><br \/>\n<strong>\u2666 Varastossa<\/strong><\/p>\n","protected":false},"featured_media":10449,"template":"","meta":[],"product_cat":[1286,979,981],"product_tag":[],"class_list":{"0":"post-8467","1":"product","2":"type-product","3":"status-publish","4":"has-post-thumbnail","6":"product_cat-engwe","7":"product_cat-sahkopyorat","8":"product_cat-taitettavat-sahkopyorat","9":"product_shipping_class-suured-pakid","11":"first","12":"outofstock","13":"taxable","14":"shipping-taxable","15":"purchasable","16":"product-type-variable"},"yoast_head":"<!-- This site is optimized with the Yoast SEO plugin v23.8 - https:\/\/yoast.com\/wordpress\/plugins\/seo\/ -->\n<title>ENGWE C20 PRO 250W, 150 km - Ecocruiser<\/title>\n<meta name=\"description\" content=\"Mukava ajo \u2013 s\u00e4\u00e4dett\u00e4v\u00e4 istuin ja ohjaustanko antavat sinulle t\u00e4yden hallinnan seikkailusi mukavuustasosta. ENGWE C20 PRO:n korkean suorituskyvyn 20*3,0 tuuman ilmat\u00e4ytteiset renkaat takaavat tasaisen ja vakaan ajon \u2013 my\u00f6s ep\u00e4tasaisella p\u00e4\u00e4llysteell\u00e4.\" \/>\n<meta name=\"robots\" content=\"noindex, follow, max-snippet:-1, max-image-preview:large, max-video-preview:-1\" \/>\n<meta property=\"og:locale\" content=\"en_GB\" \/>\n<meta property=\"og:type\" content=\"article\" \/>\n<meta property=\"og:title\" content=\"ENGWE C20 PRO 250W, 150 km - Ecocruiser\" \/>\n<meta property=\"og:description\" content=\"Mukava ajo \u2013 s\u00e4\u00e4dett\u00e4v\u00e4 istuin ja ohjaustanko antavat sinulle t\u00e4yden hallinnan seikkailusi mukavuustasosta. ENGWE C20 PRO:n korkean suorituskyvyn 20*3,0 tuuman ilmat\u00e4ytteiset renkaat takaavat tasaisen ja vakaan ajon \u2013 my\u00f6s ep\u00e4tasaisella p\u00e4\u00e4llysteell\u00e4.\" \/>\n<meta property=\"og:url\" content=\"https:\/\/projekt.vombat.ee\/eco\/fi\/myym\u00e4l\u00e4\/sahkopyorat\/taitettavat-sahkopyorat\/engwe-c20-pro-250w-150-km\/\" \/>\n<meta property=\"og:site_name\" content=\"Ecocruiser\" \/>\n<meta property=\"article:modified_time\" content=\"2024-03-18T04:42:56+00:00\" \/>\n<meta property=\"og:image\" content=\"https:\/\/projekt.vombat.ee\/eco\/wp-content\/uploads\/2023\/03\/ENGWE-C20-PRO1.png\" \/>\n\t<meta property=\"og:image:width\" content=\"1100\" \/>\n\t<meta property=\"og:image:height\" content=\"1000\" \/>\n\t<meta property=\"og:image:type\" content=\"image\/png\" \/>\n<meta name=\"twitter:card\" content=\"summary_large_image\" \/>\n<meta name=\"twitter:label1\" content=\"Estimated reading time\" \/>\n\t<meta name=\"twitter:data1\" content=\"1 minute\" \/>\n<script type=\"application\/ld+json\" class=\"yoast-schema-graph\">{\"@context\":\"https:\/\/schema.org\",\"@graph\":[{\"@type\":\"WebPage\",\"@id\":\"https:\/\/projekt.vombat.ee\/eco\/fi\/myym%C3%A4l%C3%A4\/sahkopyorat\/taitettavat-sahkopyorat\/engwe-c20-pro-250w-150-km\/\",\"url\":\"https:\/\/projekt.vombat.ee\/eco\/fi\/myym%C3%A4l%C3%A4\/sahkopyorat\/taitettavat-sahkopyorat\/engwe-c20-pro-250w-150-km\/\",\"name\":\"ENGWE C20 PRO 250W, 150 km - Ecocruiser\",\"isPartOf\":{\"@id\":\"https:\/\/projekt.vombat.ee\/eco\/#website\"},\"primaryImageOfPage\":{\"@id\":\"https:\/\/projekt.vombat.ee\/eco\/fi\/myym%C3%A4l%C3%A4\/sahkopyorat\/taitettavat-sahkopyorat\/engwe-c20-pro-250w-150-km\/#primaryimage\"},\"image\":{\"@id\":\"https:\/\/projekt.vombat.ee\/eco\/fi\/myym%C3%A4l%C3%A4\/sahkopyorat\/taitettavat-sahkopyorat\/engwe-c20-pro-250w-150-km\/#primaryimage\"},\"thumbnailUrl\":\"https:\/\/projekt.vombat.ee\/eco\/wp-content\/uploads\/2023\/02\/1-12-scaled.webp\",\"datePublished\":\"2023-04-07T09:33:49+00:00\",\"dateModified\":\"2024-03-18T04:42:56+00:00\",\"description\":\"Mukava ajo \u2013 s\u00e4\u00e4dett\u00e4v\u00e4 istuin ja ohjaustanko antavat sinulle t\u00e4yden hallinnan seikkailusi mukavuustasosta. ENGWE C20 PRO:n korkean suorituskyvyn 20*3,0 tuuman ilmat\u00e4ytteiset renkaat takaavat tasaisen ja vakaan ajon \u2013 my\u00f6s ep\u00e4tasaisella p\u00e4\u00e4llysteell\u00e4.\",\"breadcrumb\":{\"@id\":\"https:\/\/projekt.vombat.ee\/eco\/fi\/myym%C3%A4l%C3%A4\/sahkopyorat\/taitettavat-sahkopyorat\/engwe-c20-pro-250w-150-km\/#breadcrumb\"},\"inLanguage\":\"en-GB\",\"potentialAction\":[{\"@type\":\"ReadAction\",\"target\":[\"https:\/\/projekt.vombat.ee\/eco\/fi\/myym%C3%A4l%C3%A4\/sahkopyorat\/taitettavat-sahkopyorat\/engwe-c20-pro-250w-150-km\/\"]}]},{\"@type\":\"ImageObject\",\"inLanguage\":\"en-GB\",\"@id\":\"https:\/\/projekt.vombat.ee\/eco\/fi\/myym%C3%A4l%C3%A4\/sahkopyorat\/taitettavat-sahkopyorat\/engwe-c20-pro-250w-150-km\/#primaryimage\",\"url\":\"https:\/\/projekt.vombat.ee\/eco\/wp-content\/uploads\/2023\/02\/1-12-scaled.webp\",\"contentUrl\":\"https:\/\/projekt.vombat.ee\/eco\/wp-content\/uploads\/2023\/02\/1-12-scaled.webp\",\"width\":1838,\"height\":2560,\"caption\":\"ENGWE C20 PRO\"},{\"@type\":\"BreadcrumbList\",\"@id\":\"https:\/\/projekt.vombat.ee\/eco\/fi\/myym%C3%A4l%C3%A4\/sahkopyorat\/taitettavat-sahkopyorat\/engwe-c20-pro-250w-150-km\/#breadcrumb\",\"itemListElement\":[{\"@type\":\"ListItem\",\"position\":1,\"name\":\"Home\",\"item\":\"https:\/\/projekt.vombat.ee\/eco\/\"},{\"@type\":\"ListItem\",\"position\":2,\"name\":\"Pood\",\"item\":\"https:\/\/projekt.vombat.ee\/eco\/pood\/\"},{\"@type\":\"ListItem\",\"position\":3,\"name\":\"ENGWE C20 PRO 250W, 150 km\"}]},{\"@type\":\"WebSite\",\"@id\":\"https:\/\/projekt.vombat.ee\/eco\/#website\",\"url\":\"https:\/\/projekt.vombat.ee\/eco\/\",\"name\":\"Ecocruiser\",\"description\":\"\",\"publisher\":{\"@id\":\"https:\/\/projekt.vombat.ee\/eco\/#organization\"},\"potentialAction\":[{\"@type\":\"SearchAction\",\"target\":{\"@type\":\"EntryPoint\",\"urlTemplate\":\"https:\/\/projekt.vombat.ee\/eco\/?s={search_term_string}\"},\"query-input\":{\"@type\":\"PropertyValueSpecification\",\"valueRequired\":true,\"valueName\":\"search_term_string\"}}],\"inLanguage\":\"en-GB\"},{\"@type\":\"Organization\",\"@id\":\"https:\/\/projekt.vombat.ee\/eco\/#organization\",\"name\":\"Ecocruiser\",\"url\":\"https:\/\/projekt.vombat.ee\/eco\/\",\"logo\":{\"@type\":\"ImageObject\",\"inLanguage\":\"en-GB\",\"@id\":\"https:\/\/projekt.vombat.ee\/eco\/#\/schema\/logo\/image\/\",\"url\":\"https:\/\/projekt.vombat.ee\/eco\/wp-content\/uploads\/2023\/03\/ECOCRUISER_5.png\",\"contentUrl\":\"https:\/\/projekt.vombat.ee\/eco\/wp-content\/uploads\/2023\/03\/ECOCRUISER_5.png\",\"width\":234,\"height\":91,\"caption\":\"Ecocruiser\"},\"image\":{\"@id\":\"https:\/\/projekt.vombat.ee\/eco\/#\/schema\/logo\/image\/\"}}]}<\/script>\n<!-- \/ Yoast SEO plugin. -->","yoast_head_json":{"title":"ENGWE C20 PRO 250W, 150 km - Ecocruiser","description":"Mukava ajo \u2013 s\u00e4\u00e4dett\u00e4v\u00e4 istuin ja ohjaustanko antavat sinulle t\u00e4yden hallinnan seikkailusi mukavuustasosta. ENGWE C20 PRO:n korkean suorituskyvyn 20*3,0 tuuman ilmat\u00e4ytteiset renkaat takaavat tasaisen ja vakaan ajon \u2013 my\u00f6s ep\u00e4tasaisella p\u00e4\u00e4llysteell\u00e4.","robots":{"index":"noindex","follow":"follow","max-snippet":"max-snippet:-1","max-image-preview":"max-image-preview:large","max-video-preview":"max-video-preview:-1"},"og_locale":"en_GB","og_type":"article","og_title":"ENGWE C20 PRO 250W, 150 km - Ecocruiser","og_description":"Mukava ajo \u2013 s\u00e4\u00e4dett\u00e4v\u00e4 istuin ja ohjaustanko antavat sinulle t\u00e4yden hallinnan seikkailusi mukavuustasosta. ENGWE C20 PRO:n korkean suorituskyvyn 20*3,0 tuuman ilmat\u00e4ytteiset renkaat takaavat tasaisen ja vakaan ajon \u2013 my\u00f6s ep\u00e4tasaisella p\u00e4\u00e4llysteell\u00e4.","og_url":"https:\/\/projekt.vombat.ee\/eco\/fi\/myym\u00e4l\u00e4\/sahkopyorat\/taitettavat-sahkopyorat\/engwe-c20-pro-250w-150-km\/","og_site_name":"Ecocruiser","article_modified_time":"2024-03-18T04:42:56+00:00","og_image":[{"width":1100,"height":1000,"url":"https:\/\/projekt.vombat.ee\/eco\/wp-content\/uploads\/2023\/03\/ENGWE-C20-PRO1.png","type":"image\/png"}],"twitter_card":"summary_large_image","twitter_misc":{"Estimated reading time":"1 minute"},"schema":{"@context":"https:\/\/schema.org","@graph":[{"@type":"WebPage","@id":"https:\/\/projekt.vombat.ee\/eco\/fi\/myym%C3%A4l%C3%A4\/sahkopyorat\/taitettavat-sahkopyorat\/engwe-c20-pro-250w-150-km\/","url":"https:\/\/projekt.vombat.ee\/eco\/fi\/myym%C3%A4l%C3%A4\/sahkopyorat\/taitettavat-sahkopyorat\/engwe-c20-pro-250w-150-km\/","name":"ENGWE C20 PRO 250W, 150 km - Ecocruiser","isPartOf":{"@id":"https:\/\/projekt.vombat.ee\/eco\/#website"},"primaryImageOfPage":{"@id":"https:\/\/projekt.vombat.ee\/eco\/fi\/myym%C3%A4l%C3%A4\/sahkopyorat\/taitettavat-sahkopyorat\/engwe-c20-pro-250w-150-km\/#primaryimage"},"image":{"@id":"https:\/\/projekt.vombat.ee\/eco\/fi\/myym%C3%A4l%C3%A4\/sahkopyorat\/taitettavat-sahkopyorat\/engwe-c20-pro-250w-150-km\/#primaryimage"},"thumbnailUrl":"https:\/\/projekt.vombat.ee\/eco\/wp-content\/uploads\/2023\/02\/1-12-scaled.webp","datePublished":"2023-04-07T09:33:49+00:00","dateModified":"2024-03-18T04:42:56+00:00","description":"Mukava ajo \u2013 s\u00e4\u00e4dett\u00e4v\u00e4 istuin ja ohjaustanko antavat sinulle t\u00e4yden hallinnan seikkailusi mukavuustasosta. ENGWE C20 PRO:n korkean suorituskyvyn 20*3,0 tuuman ilmat\u00e4ytteiset renkaat takaavat tasaisen ja vakaan ajon \u2013 my\u00f6s ep\u00e4tasaisella p\u00e4\u00e4llysteell\u00e4.","breadcrumb":{"@id":"https:\/\/projekt.vombat.ee\/eco\/fi\/myym%C3%A4l%C3%A4\/sahkopyorat\/taitettavat-sahkopyorat\/engwe-c20-pro-250w-150-km\/#breadcrumb"},"inLanguage":"en-GB","potentialAction":[{"@type":"ReadAction","target":["https:\/\/projekt.vombat.ee\/eco\/fi\/myym%C3%A4l%C3%A4\/sahkopyorat\/taitettavat-sahkopyorat\/engwe-c20-pro-250w-150-km\/"]}]},{"@type":"ImageObject","inLanguage":"en-GB","@id":"https:\/\/projekt.vombat.ee\/eco\/fi\/myym%C3%A4l%C3%A4\/sahkopyorat\/taitettavat-sahkopyorat\/engwe-c20-pro-250w-150-km\/#primaryimage","url":"https:\/\/projekt.vombat.ee\/eco\/wp-content\/uploads\/2023\/02\/1-12-scaled.webp","contentUrl":"https:\/\/projekt.vombat.ee\/eco\/wp-content\/uploads\/2023\/02\/1-12-scaled.webp","width":1838,"height":2560,"caption":"ENGWE C20 PRO"},{"@type":"BreadcrumbList","@id":"https:\/\/projekt.vombat.ee\/eco\/fi\/myym%C3%A4l%C3%A4\/sahkopyorat\/taitettavat-sahkopyorat\/engwe-c20-pro-250w-150-km\/#breadcrumb","itemListElement":[{"@type":"ListItem","position":1,"name":"Home","item":"https:\/\/projekt.vombat.ee\/eco\/"},{"@type":"ListItem","position":2,"name":"Pood","item":"https:\/\/projekt.vombat.ee\/eco\/pood\/"},{"@type":"ListItem","position":3,"name":"ENGWE C20 PRO 250W, 150 km"}]},{"@type":"WebSite","@id":"https:\/\/projekt.vombat.ee\/eco\/#website","url":"https:\/\/projekt.vombat.ee\/eco\/","name":"Ecocruiser","description":"","publisher":{"@id":"https:\/\/projekt.vombat.ee\/eco\/#organization"},"potentialAction":[{"@type":"SearchAction","target":{"@type":"EntryPoint","urlTemplate":"https:\/\/projekt.vombat.ee\/eco\/?s={search_term_string}"},"query-input":{"@type":"PropertyValueSpecification","valueRequired":true,"valueName":"search_term_string"}}],"inLanguage":"en-GB"},{"@type":"Organization","@id":"https:\/\/projekt.vombat.ee\/eco\/#organization","name":"Ecocruiser","url":"https:\/\/projekt.vombat.ee\/eco\/","logo":{"@type":"ImageObject","inLanguage":"en-GB","@id":"https:\/\/projekt.vombat.ee\/eco\/#\/schema\/logo\/image\/","url":"https:\/\/projekt.vombat.ee\/eco\/wp-content\/uploads\/2023\/03\/ECOCRUISER_5.png","contentUrl":"https:\/\/projekt.vombat.ee\/eco\/wp-content\/uploads\/2023\/03\/ECOCRUISER_5.png","width":234,"height":91,"caption":"Ecocruiser"},"image":{"@id":"https:\/\/projekt.vombat.ee\/eco\/#\/schema\/logo\/image\/"}}]}},"lang":"fi","translations":{"fi":8467,"ru":5402,"et":2288},"pll_sync_post":[],"_links":{"self":[{"href":"https:\/\/projekt.vombat.ee\/eco\/wp-json\/wp\/v2\/product\/8467"}],"collection":[{"href":"https:\/\/projekt.vombat.ee\/eco\/wp-json\/wp\/v2\/product"}],"about":[{"href":"https:\/\/projekt.vombat.ee\/eco\/wp-json\/wp\/v2\/types\/product"}],"version-history":[{"count":1,"href":"https:\/\/projekt.vombat.ee\/eco\/wp-json\/wp\/v2\/product\/8467\/revisions"}],"predecessor-version":[{"id":8472,"href":"https:\/\/projekt.vombat.ee\/eco\/wp-json\/wp\/v2\/product\/8467\/revisions\/8472"}],"wp:featuredmedia":[{"embeddable":true,"href":"https:\/\/projekt.vombat.ee\/eco\/wp-json\/wp\/v2\/media\/10449"}],"wp:attachment":[{"href":"https:\/\/projekt.vombat.ee\/eco\/wp-json\/wp\/v2\/media?parent=8467"}],"wp:term":[{"taxonomy":"product_cat","embeddable":true,"href":"https:\/\/projekt.vombat.ee\/eco\/wp-json\/wp\/v2\/product_cat?post=8467"},{"taxonomy":"product_tag","embeddable":true,"href":"https:\/\/projekt.vombat.ee\/eco\/wp-json\/wp\/v2\/product_tag?post=8467"}],"curies":[{"name":"wp","href":"https:\/\/api.w.org\/{rel}","templated":true}]}}