{"id":8454,"date":"2023-04-07T05:00:56","date_gmt":"2023-04-07T05:00:56","guid":{"rendered":"https:\/\/projekt.vombat.ee\/eco\/?post_type=product&#038;p=8454"},"modified":"2023-05-28T10:49:30","modified_gmt":"2023-05-28T10:49:30","slug":"nami-burn-e-3-max-elektriline-toukeratas","status":"publish","type":"product","link":"https:\/\/projekt.vombat.ee\/eco\/pood\/brandid\/nami\/nami-burn-e-3-max-elektriline-toukeratas\/","title":{"rendered":"Nami Burn-E 3 Max elektriline t\u00f5ukeratas"},"content":{"rendered":"<h1>NAMI BURN-E 3 MAX ELEKTRILINE T\u00d5UKERATAS<\/h1>\n<p><strong>Nami Burn-E 3 Max<\/strong> elektriline t\u00f5ukeratas on \u00fcks t\u00f5ukerataste generatsiooni tipptegijaid. Kui j\u00e4tta k\u00f5rvale kaal ja kompaktsus, siis sellest on v\u00f5imatu paremat t\u00f5uksi leida. Sisuliselt v\u00f5ib seda t\u00f5ukeratast v\u00f5rrelda mootorrattaga v\u00f5imekuse poolest. Erinevuseks on see, et sellega saab s\u00f5ita p\u00fcstises asendis ning seda on v\u00f5imalik ka autopagassi mahutada. Burn-E 3 Max on oma konkurentidest kiirem, stabiilsem ja mugavam. Lisaks on t\u00f5ukerattal rohkem v\u00f5imalusi isikup\u00e4rastamisel ning palju lisasid, millega s\u00f5itu ohutumaks ja mugavamaks muuta. H\u00fcdrauliliste ketaspidurite, k\u00f5rge ja laia lenksuga ning igaks otstarbeks ja k\u00f5ikidesse tingimustesse sobiva reguleeritava h\u00fcdraulilise + vedruamort vedrustusega ei j\u00e4\u00e4 h\u00e4tta mistahes pinnasel ja oludes.<\/p>\n<p>Burn-E 3 Max unikaalsus algab tema v\u00e4limusest \u2013 k\u00e4sit\u00f6\u00f6na kokku keevitatud ja matt-musta v\u00e4rviga kaetud alumiiniumtorudest raam, mis t\u00e4navapildis m\u00e4rkamata ei j\u00e4\u00e4. Elektrit\u00f5ukeratas Nami Burn-E 3 Maxil on kaks nominaalv\u00f5imsusega <strong>1000W\u00a0<\/strong>(tippv\u00f5imsusega <strong>1000W<\/strong>) mootorit, mis annavad elektrit\u00f5ukeratta koguv\u00f5imsuseks\u00a0<strong>1000W (v\u00f5i 1kW)<\/strong>\u00a0ning modifitseeritud tuuningu j\u00e4rgseks kiiruseks on kuni\u00a0<strong>25km\/h<\/strong>. S\u00f5iduulatus on\u00a0<strong>75kg<\/strong>\u00a0s\u00f5itjal k\u00f5ige s\u00e4\u00e4stlikumal Eco re\u017eiimil s\u00f5ites kuni\u00a0<strong>190km<\/strong>.<\/p>\n<div class=\"youtube responsive-embed wp-embed\"><iframe title=\"NAMI BURN-E Review and full performance test data\" width=\"1778\" height=\"1000\" src=\"https:\/\/www.youtube.com\/embed\/wKsjiTfrD1o?feature=oembed&#038;enablejsapi=1&#038;rel=0&#038;showinfo=0&#038;color=white\" frameborder=\"0\" allow=\"accelerometer; autoplay; clipboard-write; encrypted-media; gyroscope; picture-in-picture; web-share\" allowfullscreen><\/iframe><\/div>\n<p>&nbsp;<\/p>\n<p><strong>NB!<\/strong> Elektrit\u00f5ukerattaga s\u00f5ites soovitame turvalisuse tagamiseks alati kanda <a href=\"https:\/\/projekt.vombat.ee\/eco\/pood\/?product-cata=707\">kiivrit<\/a>. Alla 16 aastase kergliikuri jaoks on elektrit\u00f5uksiga s\u00f5idu ajal kiivri kandmine\u00a0<a href=\"https:\/\/www.riigiteataja.ee\/akt\/113112020001\">seaduse<\/a> j\u00e4rgi kohustuslik<\/p>\n","protected":false},"excerpt":{"rendered":"<p><strong>NAMI BURN-E 2 MAX ELEKTRILINE T\u00d5UKERATAS<\/strong><\/p>\n<ul>\n<li><strong>Max s\u00f5iduulatus<\/strong>: 190 KM<\/li>\n<li><strong>Kandev\u00f5ime<\/strong>: 150 kg<\/li>\n<li><strong>Mootori v\u00f5imsus<\/strong>: 1000W<\/li>\n<li><strong>Laadimisaeg<\/strong>: 8h<\/li>\n<\/ul>\n<p>&nbsp;<\/p>\n<p>\u2666 <strong>Tarneaeg<\/strong> 3-5 p\u00e4eva<br \/>\n\u2666 <strong>Laos<\/strong><\/p>\n","protected":false},"featured_media":8458,"template":"","meta":[],"product_cat":[1315,53,911,939],"product_tag":[],"class_list":{"0":"post-8454","1":"product","2":"type-product","3":"status-publish","4":"has-post-thumbnail","6":"product_cat-nami","7":"product_cat-elektritoukerattad","8":"product_cat-voimsad-toukerattad","9":"product_cat-brandid","10":"product_shipping_class-suured-pakid","12":"first","13":"instock","14":"taxable","15":"shipping-taxable","16":"purchasable","17":"product-type-simple"},"yoast_head":"<!-- This site is optimized with the Yoast SEO plugin v23.8 - https:\/\/yoast.com\/wordpress\/plugins\/seo\/ -->\n<title>Nami Burn-E 3 Max elektriline t\u00f5ukeratas - Ecocruiser<\/title>\n<meta name=\"description\" content=\"Nami Burn-E 3 Max elektriline t\u00f5ukeratas - Kvaliteetsed br\u00e4ndid, lai valik - Ecocruiser.ee - K\u00fcsimuste korral v\u00f5ta \u00fchendust info@projekt.vombat.ee\" \/>\n<meta name=\"robots\" content=\"noindex, follow, max-snippet:-1, max-image-preview:large, max-video-preview:-1\" \/>\n<meta property=\"og:locale\" content=\"en_GB\" \/>\n<meta property=\"og:type\" content=\"article\" \/>\n<meta property=\"og:title\" content=\"Nami Burn-E 3 Max elektriline t\u00f5ukeratas - Ecocruiser\" \/>\n<meta property=\"og:description\" content=\"Nami Burn-E 3 Max elektriline t\u00f5ukeratas - Kvaliteetsed br\u00e4ndid, lai valik - Ecocruiser.ee - K\u00fcsimuste korral v\u00f5ta \u00fchendust info@projekt.vombat.ee\" \/>\n<meta property=\"og:url\" content=\"https:\/\/projekt.vombat.ee\/eco\/pood\/brandid\/nami\/nami-burn-e-3-max-elektriline-toukeratas\/\" \/>\n<meta property=\"og:site_name\" content=\"Ecocruiser\" \/>\n<meta property=\"article:modified_time\" content=\"2023-05-28T10:49:30+00:00\" \/>\n<meta property=\"og:image\" content=\"https:\/\/projekt.vombat.ee\/eco\/wp-content\/uploads\/2023\/04\/Nami-Burn-E-3-Max.png\" \/>\n\t<meta property=\"og:image:width\" content=\"1037\" \/>\n\t<meta property=\"og:image:height\" content=\"1077\" \/>\n\t<meta property=\"og:image:type\" content=\"image\/png\" \/>\n<meta name=\"twitter:card\" content=\"summary_large_image\" \/>\n<meta name=\"twitter:label1\" content=\"Estimated reading time\" \/>\n\t<meta name=\"twitter:data1\" content=\"2 minutes\" \/>\n<script type=\"application\/ld+json\" class=\"yoast-schema-graph\">{\"@context\":\"https:\/\/schema.org\",\"@graph\":[{\"@type\":\"WebPage\",\"@id\":\"https:\/\/projekt.vombat.ee\/eco\/pood\/brandid\/nami\/nami-burn-e-3-max-elektriline-toukeratas\/\",\"url\":\"https:\/\/projekt.vombat.ee\/eco\/pood\/brandid\/nami\/nami-burn-e-3-max-elektriline-toukeratas\/\",\"name\":\"Nami Burn-E 3 Max elektriline t\u00f5ukeratas - Ecocruiser\",\"isPartOf\":{\"@id\":\"https:\/\/projekt.vombat.ee\/eco\/#website\"},\"primaryImageOfPage\":{\"@id\":\"https:\/\/projekt.vombat.ee\/eco\/pood\/brandid\/nami\/nami-burn-e-3-max-elektriline-toukeratas\/#primaryimage\"},\"image\":{\"@id\":\"https:\/\/projekt.vombat.ee\/eco\/pood\/brandid\/nami\/nami-burn-e-3-max-elektriline-toukeratas\/#primaryimage\"},\"thumbnailUrl\":\"https:\/\/projekt.vombat.ee\/eco\/wp-content\/uploads\/2023\/04\/Nami-Burn-E-3-Max.png\",\"datePublished\":\"2023-04-07T05:00:56+00:00\",\"dateModified\":\"2023-05-28T10:49:30+00:00\",\"description\":\"Nami Burn-E 3 Max elektriline t\u00f5ukeratas - Kvaliteetsed br\u00e4ndid, lai valik - Ecocruiser.ee - K\u00fcsimuste korral v\u00f5ta \u00fchendust info@projekt.vombat.ee\",\"breadcrumb\":{\"@id\":\"https:\/\/projekt.vombat.ee\/eco\/pood\/brandid\/nami\/nami-burn-e-3-max-elektriline-toukeratas\/#breadcrumb\"},\"inLanguage\":\"en-GB\",\"potentialAction\":[{\"@type\":\"ReadAction\",\"target\":[\"https:\/\/projekt.vombat.ee\/eco\/pood\/brandid\/nami\/nami-burn-e-3-max-elektriline-toukeratas\/\"]}]},{\"@type\":\"ImageObject\",\"inLanguage\":\"en-GB\",\"@id\":\"https:\/\/projekt.vombat.ee\/eco\/pood\/brandid\/nami\/nami-burn-e-3-max-elektriline-toukeratas\/#primaryimage\",\"url\":\"https:\/\/projekt.vombat.ee\/eco\/wp-content\/uploads\/2023\/04\/Nami-Burn-E-3-Max.png\",\"contentUrl\":\"https:\/\/projekt.vombat.ee\/eco\/wp-content\/uploads\/2023\/04\/Nami-Burn-E-3-Max.png\",\"width\":1037,\"height\":1077,\"caption\":\"Nami Burn-E 3 Max\"},{\"@type\":\"BreadcrumbList\",\"@id\":\"https:\/\/projekt.vombat.ee\/eco\/pood\/brandid\/nami\/nami-burn-e-3-max-elektriline-toukeratas\/#breadcrumb\",\"itemListElement\":[{\"@type\":\"ListItem\",\"position\":1,\"name\":\"Home\",\"item\":\"https:\/\/projekt.vombat.ee\/eco\/\"},{\"@type\":\"ListItem\",\"position\":2,\"name\":\"Pood\",\"item\":\"https:\/\/projekt.vombat.ee\/eco\/pood\/\"},{\"@type\":\"ListItem\",\"position\":3,\"name\":\"Nami Burn-E 3 Max elektriline t\u00f5ukeratas\"}]},{\"@type\":\"WebSite\",\"@id\":\"https:\/\/projekt.vombat.ee\/eco\/#website\",\"url\":\"https:\/\/projekt.vombat.ee\/eco\/\",\"name\":\"Ecocruiser\",\"description\":\"\",\"publisher\":{\"@id\":\"https:\/\/projekt.vombat.ee\/eco\/#organization\"},\"potentialAction\":[{\"@type\":\"SearchAction\",\"target\":{\"@type\":\"EntryPoint\",\"urlTemplate\":\"https:\/\/projekt.vombat.ee\/eco\/?s={search_term_string}\"},\"query-input\":{\"@type\":\"PropertyValueSpecification\",\"valueRequired\":true,\"valueName\":\"search_term_string\"}}],\"inLanguage\":\"en-GB\"},{\"@type\":\"Organization\",\"@id\":\"https:\/\/projekt.vombat.ee\/eco\/#organization\",\"name\":\"Ecocruiser\",\"url\":\"https:\/\/projekt.vombat.ee\/eco\/\",\"logo\":{\"@type\":\"ImageObject\",\"inLanguage\":\"en-GB\",\"@id\":\"https:\/\/projekt.vombat.ee\/eco\/#\/schema\/logo\/image\/\",\"url\":\"https:\/\/projekt.vombat.ee\/eco\/wp-content\/uploads\/2023\/03\/ECOCRUISER_5.png\",\"contentUrl\":\"https:\/\/projekt.vombat.ee\/eco\/wp-content\/uploads\/2023\/03\/ECOCRUISER_5.png\",\"width\":234,\"height\":91,\"caption\":\"Ecocruiser\"},\"image\":{\"@id\":\"https:\/\/projekt.vombat.ee\/eco\/#\/schema\/logo\/image\/\"}}]}<\/script>\n<!-- \/ Yoast SEO plugin. -->","yoast_head_json":{"title":"Nami Burn-E 3 Max elektriline t\u00f5ukeratas - Ecocruiser","description":"Nami Burn-E 3 Max elektriline t\u00f5ukeratas - Kvaliteetsed br\u00e4ndid, lai valik - Ecocruiser.ee - K\u00fcsimuste korral v\u00f5ta \u00fchendust info@projekt.vombat.ee","robots":{"index":"noindex","follow":"follow","max-snippet":"max-snippet:-1","max-image-preview":"max-image-preview:large","max-video-preview":"max-video-preview:-1"},"og_locale":"en_GB","og_type":"article","og_title":"Nami Burn-E 3 Max elektriline t\u00f5ukeratas - Ecocruiser","og_description":"Nami Burn-E 3 Max elektriline t\u00f5ukeratas - Kvaliteetsed br\u00e4ndid, lai valik - Ecocruiser.ee - K\u00fcsimuste korral v\u00f5ta \u00fchendust info@projekt.vombat.ee","og_url":"https:\/\/projekt.vombat.ee\/eco\/pood\/brandid\/nami\/nami-burn-e-3-max-elektriline-toukeratas\/","og_site_name":"Ecocruiser","article_modified_time":"2023-05-28T10:49:30+00:00","og_image":[{"width":1037,"height":1077,"url":"https:\/\/projekt.vombat.ee\/eco\/wp-content\/uploads\/2023\/04\/Nami-Burn-E-3-Max.png","type":"image\/png"}],"twitter_card":"summary_large_image","twitter_misc":{"Estimated reading time":"2 minutes"},"schema":{"@context":"https:\/\/schema.org","@graph":[{"@type":"WebPage","@id":"https:\/\/projekt.vombat.ee\/eco\/pood\/brandid\/nami\/nami-burn-e-3-max-elektriline-toukeratas\/","url":"https:\/\/projekt.vombat.ee\/eco\/pood\/brandid\/nami\/nami-burn-e-3-max-elektriline-toukeratas\/","name":"Nami Burn-E 3 Max elektriline t\u00f5ukeratas - Ecocruiser","isPartOf":{"@id":"https:\/\/projekt.vombat.ee\/eco\/#website"},"primaryImageOfPage":{"@id":"https:\/\/projekt.vombat.ee\/eco\/pood\/brandid\/nami\/nami-burn-e-3-max-elektriline-toukeratas\/#primaryimage"},"image":{"@id":"https:\/\/projekt.vombat.ee\/eco\/pood\/brandid\/nami\/nami-burn-e-3-max-elektriline-toukeratas\/#primaryimage"},"thumbnailUrl":"https:\/\/projekt.vombat.ee\/eco\/wp-content\/uploads\/2023\/04\/Nami-Burn-E-3-Max.png","datePublished":"2023-04-07T05:00:56+00:00","dateModified":"2023-05-28T10:49:30+00:00","description":"Nami Burn-E 3 Max elektriline t\u00f5ukeratas - Kvaliteetsed br\u00e4ndid, lai valik - Ecocruiser.ee - K\u00fcsimuste korral v\u00f5ta \u00fchendust info@projekt.vombat.ee","breadcrumb":{"@id":"https:\/\/projekt.vombat.ee\/eco\/pood\/brandid\/nami\/nami-burn-e-3-max-elektriline-toukeratas\/#breadcrumb"},"inLanguage":"en-GB","potentialAction":[{"@type":"ReadAction","target":["https:\/\/projekt.vombat.ee\/eco\/pood\/brandid\/nami\/nami-burn-e-3-max-elektriline-toukeratas\/"]}]},{"@type":"ImageObject","inLanguage":"en-GB","@id":"https:\/\/projekt.vombat.ee\/eco\/pood\/brandid\/nami\/nami-burn-e-3-max-elektriline-toukeratas\/#primaryimage","url":"https:\/\/projekt.vombat.ee\/eco\/wp-content\/uploads\/2023\/04\/Nami-Burn-E-3-Max.png","contentUrl":"https:\/\/projekt.vombat.ee\/eco\/wp-content\/uploads\/2023\/04\/Nami-Burn-E-3-Max.png","width":1037,"height":1077,"caption":"Nami Burn-E 3 Max"},{"@type":"BreadcrumbList","@id":"https:\/\/projekt.vombat.ee\/eco\/pood\/brandid\/nami\/nami-burn-e-3-max-elektriline-toukeratas\/#breadcrumb","itemListElement":[{"@type":"ListItem","position":1,"name":"Home","item":"https:\/\/projekt.vombat.ee\/eco\/"},{"@type":"ListItem","position":2,"name":"Pood","item":"https:\/\/projekt.vombat.ee\/eco\/pood\/"},{"@type":"ListItem","position":3,"name":"Nami Burn-E 3 Max elektriline t\u00f5ukeratas"}]},{"@type":"WebSite","@id":"https:\/\/projekt.vombat.ee\/eco\/#website","url":"https:\/\/projekt.vombat.ee\/eco\/","name":"Ecocruiser","description":"","publisher":{"@id":"https:\/\/projekt.vombat.ee\/eco\/#organization"},"potentialAction":[{"@type":"SearchAction","target":{"@type":"EntryPoint","urlTemplate":"https:\/\/projekt.vombat.ee\/eco\/?s={search_term_string}"},"query-input":{"@type":"PropertyValueSpecification","valueRequired":true,"valueName":"search_term_string"}}],"inLanguage":"en-GB"},{"@type":"Organization","@id":"https:\/\/projekt.vombat.ee\/eco\/#organization","name":"Ecocruiser","url":"https:\/\/projekt.vombat.ee\/eco\/","logo":{"@type":"ImageObject","inLanguage":"en-GB","@id":"https:\/\/projekt.vombat.ee\/eco\/#\/schema\/logo\/image\/","url":"https:\/\/projekt.vombat.ee\/eco\/wp-content\/uploads\/2023\/03\/ECOCRUISER_5.png","contentUrl":"https:\/\/projekt.vombat.ee\/eco\/wp-content\/uploads\/2023\/03\/ECOCRUISER_5.png","width":234,"height":91,"caption":"Ecocruiser"},"image":{"@id":"https:\/\/projekt.vombat.ee\/eco\/#\/schema\/logo\/image\/"}}]}},"lang":"et","translations":{"et":8454},"pll_sync_post":[],"_links":{"self":[{"href":"https:\/\/projekt.vombat.ee\/eco\/wp-json\/wp\/v2\/product\/8454"}],"collection":[{"href":"https:\/\/projekt.vombat.ee\/eco\/wp-json\/wp\/v2\/product"}],"about":[{"href":"https:\/\/projekt.vombat.ee\/eco\/wp-json\/wp\/v2\/types\/product"}],"version-history":[{"count":1,"href":"https:\/\/projekt.vombat.ee\/eco\/wp-json\/wp\/v2\/product\/8454\/revisions"}],"predecessor-version":[{"id":8464,"href":"https:\/\/projekt.vombat.ee\/eco\/wp-json\/wp\/v2\/product\/8454\/revisions\/8464"}],"wp:featuredmedia":[{"embeddable":true,"href":"https:\/\/projekt.vombat.ee\/eco\/wp-json\/wp\/v2\/media\/8458"}],"wp:attachment":[{"href":"https:\/\/projekt.vombat.ee\/eco\/wp-json\/wp\/v2\/media?parent=8454"}],"wp:term":[{"taxonomy":"product_cat","embeddable":true,"href":"https:\/\/projekt.vombat.ee\/eco\/wp-json\/wp\/v2\/product_cat?post=8454"},{"taxonomy":"product_tag","embeddable":true,"href":"https:\/\/projekt.vombat.ee\/eco\/wp-json\/wp\/v2\/product_tag?post=8454"}],"curies":[{"name":"wp","href":"https:\/\/api.w.org\/{rel}","templated":true}]}}