{"id":8435,"date":"2023-04-06T19:41:03","date_gmt":"2023-04-06T19:41:03","guid":{"rendered":"https:\/\/projekt.vombat.ee\/eco\/?post_type=product&#038;p=8435"},"modified":"2023-04-19T20:12:31","modified_gmt":"2023-04-19T20:12:31","slug":"obarter-x5-5600w-120km","status":"publish","type":"product","link":"https:\/\/projekt.vombat.ee\/eco\/fi\/myym%C3%A4l%C3%A4\/tuotemerkit\/obarter\/obarter-x5-5600w-120km\/","title":{"rendered":"Obarter X5 5600W, 120km"},"content":{"rendered":"<h1>Obarter X5<\/h1>\n<h3><img decoding=\"async\" class=\"msub_k4 mupj_5k mjru_k4 mse2_k4 mp7g_f6 mq1m_0 mj7u_0 m7er_k4 lazyloaded\" src=\"https:\/\/a.allegroimg.com\/original\/113db1\/22f4fdcd415a98d9181b7be51427\/OBARTER-X5-Hulajnoga-Elektryczna-5600W-13-85KM-H-Manufacturer-s-code-4537366146555\" sizes=\"100vw\" srcset=\"https:\/\/a.allegroimg.com\/s360\/113db1\/22f4fdcd415a98d9181b7be51427\/OBARTER-X5-Hulajnoga-Elektryczna-5600W-13-85KM-H-Manufacturer-s-code-4537366146555 360w,https:\/\/a.allegroimg.com\/s720\/113db1\/22f4fdcd415a98d9181b7be51427\/OBARTER-X5-Hulajnoga-Elektryczna-5600W-13-85KM-H-Manufacturer-s-code-4537366146555 709w,https:\/\/a.allegroimg.com\/original\/113db1\/22f4fdcd415a98d9181b7be51427\/OBARTER-X5-Hulajnoga-Elektryczna-5600W-13-85KM-H-Manufacturer-s-code-4537366146555 709w\" alt=\"OBARTER X5 Hulajnoga Elektryczna 5600W 13&amp;quot; 85KM\/H Manufacturer's code 4537366146555\" width=\"709px\" data-src=\"https:\/\/a.allegroimg.com\/original\/113db1\/22f4fdcd415a98d9181b7be51427\/OBARTER-X5-Hulajnoga-Elektryczna-5600W-13-85KM-H-Manufacturer-s-code-4537366146555\" data-srcset=\"https:\/\/a.allegroimg.com\/s360\/113db1\/22f4fdcd415a98d9181b7be51427\/OBARTER-X5-Hulajnoga-Elektryczna-5600W-13-85KM-H-Manufacturer-s-code-4537366146555 360w,https:\/\/a.allegroimg.com\/s720\/113db1\/22f4fdcd415a98d9181b7be51427\/OBARTER-X5-Hulajnoga-Elektryczna-5600W-13-85KM-H-Manufacturer-s-code-4537366146555 709w,https:\/\/a.allegroimg.com\/original\/113db1\/22f4fdcd415a98d9181b7be51427\/OBARTER-X5-Hulajnoga-Elektryczna-5600W-13-85KM-H-Manufacturer-s-code-4537366146555 709w\" \/><\/h3>\n<p><strong>Oikean kahvan toiminto:<\/strong> takajarru + s\u00e4hk\u00f6inen ovenlukko + ajovalojen kytkin<\/p>\n<p><strong>Vasemman kahvan toiminto:<\/strong> etujarru + kaasu + korkea ja matala yksi- ja kaksoiskytkin<\/p>\n<h3>Tiedot<\/h3>\n<p>Skootterin malli: X5<\/p>\n<p>Huippunopeus (km\/h): 85<\/p>\n<p>Sprintit: Yhteens\u00e4 kolme juoksua<\/p>\n<p>Suurin ajomatka (km): 120<\/p>\n<p>Soveltuva maasto: vuori<\/p>\n<p>K\u00e4ytt\u00f6l\u00e4mp\u00f6tila: miinus 20 &#8211; 100 astetta<\/p>\n<p>Suurin nousunopeus: 55<\/p>\n<p>Risteilytoiminto: kyll\u00e4<\/p>\n<p>Jarrutyyppi: \u00f6ljyjarru<\/p>\n<p>Jarrutustoiminto ja -asento: ulko-, etu- ja takajarrut<\/p>\n<p>Jarrujen toiminta ja asento: \u00f6ljyjarru, etu- ja takajarrut<\/p>\n<p>Vesitiivis: IP54<\/p>\n<p>Rungon materiaali: rauta + alumiini<\/p>\n<p>Rungon v\u00e4ri: musta + punainen<\/p>\n<p>Ajoneuvon mitat (pituus, leveys ja korkeus cm): 142 * 70 * 151,8<\/p>\n<p>Koko taitettuna (pituus, leveys ja korkeus cm): 147 * 37 * 66<\/p>\n<p>Nettopaino (KG): 56,2<\/p>\n<p>T\u00e4ysi paino (kg): 59<\/p>\n<p>Maksimipaino (KG): 20-160<\/p>\n<p>Polkimen et\u00e4isyys maasta (cm): 33,5 mm<\/p>\n<p>Soveltuva korkeus (cm): 180<\/p>\n<p>Vaimennustoiminto: \u00f6ljyvaimennus edess\u00e4, jousivaimennus takana<\/p>\n<p>Moottorin malli: 13 tuumaa<\/p>\n<p>Nimellisj\u00e4nnite (V): 60V<\/p>\n<p>Nimellisteho (W): 2*2800W<\/p>\n<p>Nimellisvirta (A): 13A<\/p>\n<p>Purkausvirta (A): 2,1A<\/p>\n<p>Nopeus ilman kuormitusta (1min): 1650 rpm<\/p>\n<p>Moottoreiden lukum\u00e4\u00e4r\u00e4: 2<\/p>\n<p>Moottorin asento: edess\u00e4 ja takana<\/p>\n<p>Moottorin koko (mm): 180 mm<\/p>\n<p>Etupy\u00f6r\u00e4n koko (mm): 320 mm<\/p>\n<p>Takapy\u00f6r\u00e4n koko (mm): 320 mm<\/p>\n<h3>Akun parametrit<\/h3>\n<p>Akun malli: HA256-01<\/p>\n<p>Akun kapasiteetti (AH): 30<\/p>\n<p>Nimellisj\u00e4nnite (V): 60<\/p>\n<p>Nimellisteho (W): 1800<\/p>\n<p>Lataustuloj\u00e4nnite (V): 67.2<\/p>\n<p>Smart BMS: Kyll\u00e4<\/p>\n<p>Akun latausajat: 300<\/p>\n<p>Latausaika (H): 11<\/p>\n<h3>Laturin parametrit<\/h3>\n<p>Laturin malli: 67.2V2A<\/p>\n<p>Nimellistuloj\u00e4nnite (V): 100-240V<\/p>\n<p>Nimellisl\u00e4ht\u00f6j\u00e4nnite (V): 67,2 V (plus tai miinus 1,5 V)<\/p>\n<p>Nimellisvirta (A): 2,0 A (plus tai miinus 0,2 A)<\/p>\n<p>K\u00e4ytt\u00f6j\u00e4nnite (V): 50-67,2V<\/p>\n<p><img decoding=\"async\" class=\"msub_k4 mupj_5k mjru_k4 mse2_k4 mp7g_f6 mq1m_0 mj7u_0 m7er_k4 lazyloaded\" src=\"https:\/\/a.allegroimg.com\/original\/11038a\/cf81158f422ca930ba93b6fbcca1\/OBARTER-X5-Hulajnoga-Elektryczna-5600W-13-85KM-H-Model-X5-5600W-13-85KM-H\" sizes=\"(min-width: 1200px) 560px, (min-width: 992px) 50vw, 100vw\" srcset=\"https:\/\/a.allegroimg.com\/s360\/11038a\/cf81158f422ca930ba93b6fbcca1\/OBARTER-X5-Hulajnoga-Elektryczna-5600W-13-85KM-H-Model-X5-5600W-13-85KM-H 271w,https:\/\/a.allegroimg.com\/s720\/11038a\/cf81158f422ca930ba93b6fbcca1\/OBARTER-X5-Hulajnoga-Elektryczna-5600W-13-85KM-H-Model-X5-5600W-13-85KM-H 542w,https:\/\/a.allegroimg.com\/s1024\/11038a\/cf81158f422ca930ba93b6fbcca1\/OBARTER-X5-Hulajnoga-Elektryczna-5600W-13-85KM-H-Model-X5-5600W-13-85KM-H 641w,https:\/\/a.allegroimg.com\/original\/11038a\/cf81158f422ca930ba93b6fbcca1\/OBARTER-X5-Hulajnoga-Elektryczna-5600W-13-85KM-H-Model-X5-5600W-13-85KM-H 641w\" alt=\"OBARTER X5 Hulajnoga Elektryczna 5600W 13&amp;quot; 85KM\/H Model X5 5600W 13&quot; 85KM\/H\" width=\"641px\" data-src=\"https:\/\/a.allegroimg.com\/original\/11038a\/cf81158f422ca930ba93b6fbcca1\/OBARTER-X5-Hulajnoga-Elektryczna-5600W-13-85KM-H-Model-X5-5600W-13-85KM-H\" data-srcset=\"https:\/\/a.allegroimg.com\/s360\/11038a\/cf81158f422ca930ba93b6fbcca1\/OBARTER-X5-Hulajnoga-Elektryczna-5600W-13-85KM-H-Model-X5-5600W-13-85KM-H 271w,https:\/\/a.allegroimg.com\/s720\/11038a\/cf81158f422ca930ba93b6fbcca1\/OBARTER-X5-Hulajnoga-Elektryczna-5600W-13-85KM-H-Model-X5-5600W-13-85KM-H 542w,https:\/\/a.allegroimg.com\/s1024\/11038a\/cf81158f422ca930ba93b6fbcca1\/OBARTER-X5-Hulajnoga-Elektryczna-5600W-13-85KM-H-Model-X5-5600W-13-85KM-H 641w,https:\/\/a.allegroimg.com\/original\/11038a\/cf81158f422ca930ba93b6fbcca1\/OBARTER-X5-Hulajnoga-Elektryczna-5600W-13-85KM-H-Model-X5-5600W-13-85KM-H 641w\" \/><\/p>\n<p><img fetchpriority=\"high\" decoding=\"async\" class=\"msub_k4 mupj_5k mjru_k4 mse2_k4 mp7g_f6 mq1m_0 mj7u_0 m7er_k4 lazyloaded\" src=\"https:\/\/a.allegroimg.com\/original\/11c023\/a2994fc747ac87f536e369107691\/OBARTER-X5-Hulajnoga-Elektryczna-5600W-13-85KM-H-Color-black\" sizes=\"(min-width: 1200px) 560px, (min-width: 992px) 50vw, 100vw\" srcset=\"https:\/\/a.allegroimg.com\/s360\/11c023\/a2994fc747ac87f536e369107691\/OBARTER-X5-Hulajnoga-Elektryczna-5600W-13-85KM-H-Color-black 360w,https:\/\/a.allegroimg.com\/s720\/11c023\/a2994fc747ac87f536e369107691\/OBARTER-X5-Hulajnoga-Elektryczna-5600W-13-85KM-H-Color-black 720w,https:\/\/a.allegroimg.com\/s1024\/11c023\/a2994fc747ac87f536e369107691\/OBARTER-X5-Hulajnoga-Elektryczna-5600W-13-85KM-H-Color-black 1024w,https:\/\/a.allegroimg.com\/s1440\/11c023\/a2994fc747ac87f536e369107691\/OBARTER-X5-Hulajnoga-Elektryczna-5600W-13-85KM-H-Color-black 1285w,https:\/\/a.allegroimg.com\/original\/11c023\/a2994fc747ac87f536e369107691\/OBARTER-X5-Hulajnoga-Elektryczna-5600W-13-85KM-H-Color-black 1285w\" alt=\"OBARTER X5 Hulajnoga Elektryczna 5600W 13&amp;quot; 85KM\/H Color black\" width=\"650\" height=\"381\" data-src=\"https:\/\/a.allegroimg.com\/original\/11c023\/a2994fc747ac87f536e369107691\/OBARTER-X5-Hulajnoga-Elektryczna-5600W-13-85KM-H-Color-black\" data-srcset=\"https:\/\/a.allegroimg.com\/s360\/11c023\/a2994fc747ac87f536e369107691\/OBARTER-X5-Hulajnoga-Elektryczna-5600W-13-85KM-H-Color-black 360w,https:\/\/a.allegroimg.com\/s720\/11c023\/a2994fc747ac87f536e369107691\/OBARTER-X5-Hulajnoga-Elektryczna-5600W-13-85KM-H-Color-black 720w,https:\/\/a.allegroimg.com\/s1024\/11c023\/a2994fc747ac87f536e369107691\/OBARTER-X5-Hulajnoga-Elektryczna-5600W-13-85KM-H-Color-black 1024w,https:\/\/a.allegroimg.com\/s1440\/11c023\/a2994fc747ac87f536e369107691\/OBARTER-X5-Hulajnoga-Elektryczna-5600W-13-85KM-H-Color-black 1285w,https:\/\/a.allegroimg.com\/original\/11c023\/a2994fc747ac87f536e369107691\/OBARTER-X5-Hulajnoga-Elektryczna-5600W-13-85KM-H-Color-black 1285w\" \/><\/p>\n","protected":false},"excerpt":{"rendered":"<p><strong>Obarter X5 5600W<\/strong><\/p>\n<p>&nbsp;<\/p>\n<ul>\n<li>Akku: 30Ah<\/li>\n<li>Nettopaino: 56,2 kg<\/li>\n<li>Suurin ajomatka: 120 km<\/li>\n<li>Huippunopeus: 85 km\/h<\/li>\n<li>Teho: 2*2800W<\/li>\n<\/ul>\n<p>&nbsp;<\/p>\n<p><strong>\u2666 Toimitusaika 3-7 p\u00e4iv\u00e4\u00e4<\/strong><br \/>\n<strong>\u2666 Varastossa<\/strong><\/p>\n","protected":false},"featured_media":9892,"template":"","meta":[],"product_cat":[1310,971,975],"product_tag":[],"class_list":{"0":"post-8435","1":"product","2":"type-product","3":"status-publish","4":"has-post-thumbnail","6":"product_cat-obarter","7":"product_cat-sahkopotkulaudat","8":"product_cat-voimakas-sahkopotkulaudat","9":"product_shipping_class-suured-pakid","11":"first","12":"instock","13":"sale","14":"taxable","15":"shipping-taxable","16":"purchasable","17":"product-type-simple"},"yoast_head":"<!-- This site is optimized with the Yoast SEO plugin v23.8 - https:\/\/yoast.com\/wordpress\/plugins\/seo\/ -->\n<title>Obarter X5 5600W, 120km - Ecocruiser<\/title>\n<meta name=\"description\" content=\"Obarter X5 5600W Akku: 30Ah Nettopaino: 56,2kg Suurin ajomatka: 120km Huippunopeus: 85 km\/h Teho: 2*2800W\" \/>\n<meta name=\"robots\" content=\"noindex, follow, max-snippet:-1, max-image-preview:large, max-video-preview:-1\" \/>\n<meta property=\"og:locale\" content=\"en_GB\" \/>\n<meta property=\"og:type\" content=\"article\" \/>\n<meta property=\"og:title\" content=\"Obarter X5 5600W, 120km - Ecocruiser\" \/>\n<meta property=\"og:description\" content=\"Obarter X5 5600W Akku: 30Ah Nettopaino: 56,2kg Suurin ajomatka: 120km Huippunopeus: 85 km\/h Teho: 2*2800W\" \/>\n<meta property=\"og:url\" content=\"https:\/\/projekt.vombat.ee\/eco\/fi\/myym\u00e4l\u00e4\/tuotemerkit\/obarter\/obarter-x5-5600w-120km\/\" \/>\n<meta property=\"og:site_name\" content=\"Ecocruiser\" \/>\n<meta property=\"article:modified_time\" content=\"2023-04-19T20:12:31+00:00\" \/>\n<meta property=\"og:image\" content=\"https:\/\/projekt.vombat.ee\/eco\/wp-content\/uploads\/2023\/04\/1.png\" \/>\n\t<meta property=\"og:image:width\" content=\"984\" \/>\n\t<meta property=\"og:image:height\" content=\"785\" \/>\n\t<meta property=\"og:image:type\" content=\"image\/png\" \/>\n<meta name=\"twitter:card\" content=\"summary_large_image\" \/>\n<meta name=\"twitter:label1\" content=\"Estimated reading time\" \/>\n\t<meta name=\"twitter:data1\" content=\"2 minutes\" \/>\n<script type=\"application\/ld+json\" class=\"yoast-schema-graph\">{\"@context\":\"https:\/\/schema.org\",\"@graph\":[{\"@type\":\"WebPage\",\"@id\":\"https:\/\/projekt.vombat.ee\/eco\/fi\/myym%C3%A4l%C3%A4\/tuotemerkit\/obarter\/obarter-x5-5600w-120km\/\",\"url\":\"https:\/\/projekt.vombat.ee\/eco\/fi\/myym%C3%A4l%C3%A4\/tuotemerkit\/obarter\/obarter-x5-5600w-120km\/\",\"name\":\"Obarter X5 5600W, 120km - Ecocruiser\",\"isPartOf\":{\"@id\":\"https:\/\/projekt.vombat.ee\/eco\/#website\"},\"primaryImageOfPage\":{\"@id\":\"https:\/\/projekt.vombat.ee\/eco\/fi\/myym%C3%A4l%C3%A4\/tuotemerkit\/obarter\/obarter-x5-5600w-120km\/#primaryimage\"},\"image\":{\"@id\":\"https:\/\/projekt.vombat.ee\/eco\/fi\/myym%C3%A4l%C3%A4\/tuotemerkit\/obarter\/obarter-x5-5600w-120km\/#primaryimage\"},\"thumbnailUrl\":\"https:\/\/projekt.vombat.ee\/eco\/wp-content\/uploads\/2023\/04\/1-7.jpg\",\"datePublished\":\"2023-04-06T19:41:03+00:00\",\"dateModified\":\"2023-04-19T20:12:31+00:00\",\"description\":\"Obarter X5 5600W Akku: 30Ah Nettopaino: 56,2kg Suurin ajomatka: 120km Huippunopeus: 85 km\/h Teho: 2*2800W\",\"breadcrumb\":{\"@id\":\"https:\/\/projekt.vombat.ee\/eco\/fi\/myym%C3%A4l%C3%A4\/tuotemerkit\/obarter\/obarter-x5-5600w-120km\/#breadcrumb\"},\"inLanguage\":\"en-GB\",\"potentialAction\":[{\"@type\":\"ReadAction\",\"target\":[\"https:\/\/projekt.vombat.ee\/eco\/fi\/myym%C3%A4l%C3%A4\/tuotemerkit\/obarter\/obarter-x5-5600w-120km\/\"]}]},{\"@type\":\"ImageObject\",\"inLanguage\":\"en-GB\",\"@id\":\"https:\/\/projekt.vombat.ee\/eco\/fi\/myym%C3%A4l%C3%A4\/tuotemerkit\/obarter\/obarter-x5-5600w-120km\/#primaryimage\",\"url\":\"https:\/\/projekt.vombat.ee\/eco\/wp-content\/uploads\/2023\/04\/1-7.jpg\",\"contentUrl\":\"https:\/\/projekt.vombat.ee\/eco\/wp-content\/uploads\/2023\/04\/1-7.jpg\",\"width\":1000,\"height\":1000},{\"@type\":\"BreadcrumbList\",\"@id\":\"https:\/\/projekt.vombat.ee\/eco\/fi\/myym%C3%A4l%C3%A4\/tuotemerkit\/obarter\/obarter-x5-5600w-120km\/#breadcrumb\",\"itemListElement\":[{\"@type\":\"ListItem\",\"position\":1,\"name\":\"Home\",\"item\":\"https:\/\/projekt.vombat.ee\/eco\/\"},{\"@type\":\"ListItem\",\"position\":2,\"name\":\"Pood\",\"item\":\"https:\/\/projekt.vombat.ee\/eco\/pood\/\"},{\"@type\":\"ListItem\",\"position\":3,\"name\":\"Obarter X5 5600W, 120km\"}]},{\"@type\":\"WebSite\",\"@id\":\"https:\/\/projekt.vombat.ee\/eco\/#website\",\"url\":\"https:\/\/projekt.vombat.ee\/eco\/\",\"name\":\"Ecocruiser\",\"description\":\"\",\"publisher\":{\"@id\":\"https:\/\/projekt.vombat.ee\/eco\/#organization\"},\"potentialAction\":[{\"@type\":\"SearchAction\",\"target\":{\"@type\":\"EntryPoint\",\"urlTemplate\":\"https:\/\/projekt.vombat.ee\/eco\/?s={search_term_string}\"},\"query-input\":{\"@type\":\"PropertyValueSpecification\",\"valueRequired\":true,\"valueName\":\"search_term_string\"}}],\"inLanguage\":\"en-GB\"},{\"@type\":\"Organization\",\"@id\":\"https:\/\/projekt.vombat.ee\/eco\/#organization\",\"name\":\"Ecocruiser\",\"url\":\"https:\/\/projekt.vombat.ee\/eco\/\",\"logo\":{\"@type\":\"ImageObject\",\"inLanguage\":\"en-GB\",\"@id\":\"https:\/\/projekt.vombat.ee\/eco\/#\/schema\/logo\/image\/\",\"url\":\"https:\/\/projekt.vombat.ee\/eco\/wp-content\/uploads\/2023\/03\/ECOCRUISER_5.png\",\"contentUrl\":\"https:\/\/projekt.vombat.ee\/eco\/wp-content\/uploads\/2023\/03\/ECOCRUISER_5.png\",\"width\":234,\"height\":91,\"caption\":\"Ecocruiser\"},\"image\":{\"@id\":\"https:\/\/projekt.vombat.ee\/eco\/#\/schema\/logo\/image\/\"}}]}<\/script>\n<!-- \/ Yoast SEO plugin. -->","yoast_head_json":{"title":"Obarter X5 5600W, 120km - Ecocruiser","description":"Obarter X5 5600W Akku: 30Ah Nettopaino: 56,2kg Suurin ajomatka: 120km Huippunopeus: 85 km\/h Teho: 2*2800W","robots":{"index":"noindex","follow":"follow","max-snippet":"max-snippet:-1","max-image-preview":"max-image-preview:large","max-video-preview":"max-video-preview:-1"},"og_locale":"en_GB","og_type":"article","og_title":"Obarter X5 5600W, 120km - Ecocruiser","og_description":"Obarter X5 5600W Akku: 30Ah Nettopaino: 56,2kg Suurin ajomatka: 120km Huippunopeus: 85 km\/h Teho: 2*2800W","og_url":"https:\/\/projekt.vombat.ee\/eco\/fi\/myym\u00e4l\u00e4\/tuotemerkit\/obarter\/obarter-x5-5600w-120km\/","og_site_name":"Ecocruiser","article_modified_time":"2023-04-19T20:12:31+00:00","og_image":[{"width":984,"height":785,"url":"https:\/\/projekt.vombat.ee\/eco\/wp-content\/uploads\/2023\/04\/1.png","type":"image\/png"}],"twitter_card":"summary_large_image","twitter_misc":{"Estimated reading time":"2 minutes"},"schema":{"@context":"https:\/\/schema.org","@graph":[{"@type":"WebPage","@id":"https:\/\/projekt.vombat.ee\/eco\/fi\/myym%C3%A4l%C3%A4\/tuotemerkit\/obarter\/obarter-x5-5600w-120km\/","url":"https:\/\/projekt.vombat.ee\/eco\/fi\/myym%C3%A4l%C3%A4\/tuotemerkit\/obarter\/obarter-x5-5600w-120km\/","name":"Obarter X5 5600W, 120km - Ecocruiser","isPartOf":{"@id":"https:\/\/projekt.vombat.ee\/eco\/#website"},"primaryImageOfPage":{"@id":"https:\/\/projekt.vombat.ee\/eco\/fi\/myym%C3%A4l%C3%A4\/tuotemerkit\/obarter\/obarter-x5-5600w-120km\/#primaryimage"},"image":{"@id":"https:\/\/projekt.vombat.ee\/eco\/fi\/myym%C3%A4l%C3%A4\/tuotemerkit\/obarter\/obarter-x5-5600w-120km\/#primaryimage"},"thumbnailUrl":"https:\/\/projekt.vombat.ee\/eco\/wp-content\/uploads\/2023\/04\/1-7.jpg","datePublished":"2023-04-06T19:41:03+00:00","dateModified":"2023-04-19T20:12:31+00:00","description":"Obarter X5 5600W Akku: 30Ah Nettopaino: 56,2kg Suurin ajomatka: 120km Huippunopeus: 85 km\/h Teho: 2*2800W","breadcrumb":{"@id":"https:\/\/projekt.vombat.ee\/eco\/fi\/myym%C3%A4l%C3%A4\/tuotemerkit\/obarter\/obarter-x5-5600w-120km\/#breadcrumb"},"inLanguage":"en-GB","potentialAction":[{"@type":"ReadAction","target":["https:\/\/projekt.vombat.ee\/eco\/fi\/myym%C3%A4l%C3%A4\/tuotemerkit\/obarter\/obarter-x5-5600w-120km\/"]}]},{"@type":"ImageObject","inLanguage":"en-GB","@id":"https:\/\/projekt.vombat.ee\/eco\/fi\/myym%C3%A4l%C3%A4\/tuotemerkit\/obarter\/obarter-x5-5600w-120km\/#primaryimage","url":"https:\/\/projekt.vombat.ee\/eco\/wp-content\/uploads\/2023\/04\/1-7.jpg","contentUrl":"https:\/\/projekt.vombat.ee\/eco\/wp-content\/uploads\/2023\/04\/1-7.jpg","width":1000,"height":1000},{"@type":"BreadcrumbList","@id":"https:\/\/projekt.vombat.ee\/eco\/fi\/myym%C3%A4l%C3%A4\/tuotemerkit\/obarter\/obarter-x5-5600w-120km\/#breadcrumb","itemListElement":[{"@type":"ListItem","position":1,"name":"Home","item":"https:\/\/projekt.vombat.ee\/eco\/"},{"@type":"ListItem","position":2,"name":"Pood","item":"https:\/\/projekt.vombat.ee\/eco\/pood\/"},{"@type":"ListItem","position":3,"name":"Obarter X5 5600W, 120km"}]},{"@type":"WebSite","@id":"https:\/\/projekt.vombat.ee\/eco\/#website","url":"https:\/\/projekt.vombat.ee\/eco\/","name":"Ecocruiser","description":"","publisher":{"@id":"https:\/\/projekt.vombat.ee\/eco\/#organization"},"potentialAction":[{"@type":"SearchAction","target":{"@type":"EntryPoint","urlTemplate":"https:\/\/projekt.vombat.ee\/eco\/?s={search_term_string}"},"query-input":{"@type":"PropertyValueSpecification","valueRequired":true,"valueName":"search_term_string"}}],"inLanguage":"en-GB"},{"@type":"Organization","@id":"https:\/\/projekt.vombat.ee\/eco\/#organization","name":"Ecocruiser","url":"https:\/\/projekt.vombat.ee\/eco\/","logo":{"@type":"ImageObject","inLanguage":"en-GB","@id":"https:\/\/projekt.vombat.ee\/eco\/#\/schema\/logo\/image\/","url":"https:\/\/projekt.vombat.ee\/eco\/wp-content\/uploads\/2023\/03\/ECOCRUISER_5.png","contentUrl":"https:\/\/projekt.vombat.ee\/eco\/wp-content\/uploads\/2023\/03\/ECOCRUISER_5.png","width":234,"height":91,"caption":"Ecocruiser"},"image":{"@id":"https:\/\/projekt.vombat.ee\/eco\/#\/schema\/logo\/image\/"}}]}},"lang":"fi","translations":{"fi":8435,"et":8230,"ru":10511},"pll_sync_post":[],"_links":{"self":[{"href":"https:\/\/projekt.vombat.ee\/eco\/wp-json\/wp\/v2\/product\/8435"}],"collection":[{"href":"https:\/\/projekt.vombat.ee\/eco\/wp-json\/wp\/v2\/product"}],"about":[{"href":"https:\/\/projekt.vombat.ee\/eco\/wp-json\/wp\/v2\/types\/product"}],"version-history":[{"count":1,"href":"https:\/\/projekt.vombat.ee\/eco\/wp-json\/wp\/v2\/product\/8435\/revisions"}],"predecessor-version":[{"id":8438,"href":"https:\/\/projekt.vombat.ee\/eco\/wp-json\/wp\/v2\/product\/8435\/revisions\/8438"}],"wp:featuredmedia":[{"embeddable":true,"href":"https:\/\/projekt.vombat.ee\/eco\/wp-json\/wp\/v2\/media\/9892"}],"wp:attachment":[{"href":"https:\/\/projekt.vombat.ee\/eco\/wp-json\/wp\/v2\/media?parent=8435"}],"wp:term":[{"taxonomy":"product_cat","embeddable":true,"href":"https:\/\/projekt.vombat.ee\/eco\/wp-json\/wp\/v2\/product_cat?post=8435"},{"taxonomy":"product_tag","embeddable":true,"href":"https:\/\/projekt.vombat.ee\/eco\/wp-json\/wp\/v2\/product_tag?post=8435"}],"curies":[{"name":"wp","href":"https:\/\/api.w.org\/{rel}","templated":true}]}}