{"id":8384,"date":"2023-04-06T19:21:56","date_gmt":"2023-04-06T19:21:56","guid":{"rendered":"https:\/\/projekt.vombat.ee\/eco\/?post_type=product&#038;p=8384"},"modified":"2023-04-06T19:21:56","modified_gmt":"2023-04-06T19:21:56","slug":"nanrobot-n6-60-km","status":"publish","type":"product","link":"https:\/\/projekt.vombat.ee\/eco\/fi\/myym%C3%A4l%C3%A4\/tuotemerkit\/nanrobot\/nanrobot-n6-60-km\/","title":{"rendered":"Nanrobot N6, 60 km"},"content":{"rendered":"<h1>NANROBOT N6<\/h1>\n<p><iframe title=\"YouTube video player\" src=\"https:\/\/www.youtube.com\/embed\/mgs6muY7DMo\" width=\"1520\" height=\"545\" frameborder=\"0\" allowfullscreen=\"allowfullscreen\" data-gtm-yt-inspected-6=\"true\" data-mce-fragment=\"1\"><\/iframe><\/p>\n<h3>HYV\u00c4 SUORITUS!<\/h3>\n<p>Kun ajat Nanrobot N6 s\u00e4hk\u00f6skootterilla, sinun ei koskaan tarvitse huolehtia suorituskyvyst\u00e4. N6 on varustettu kahdella tehokkaalla 1000 W moottorilla, joista toinen sijaitsee edess\u00e4 ja toinen takana. T\u00e4m\u00e4n skootterin valmistajan nopeus on 25 km\/h, mutta se on mahdollista kiihdytt\u00e4\u00e4 jopa 65 km\/h ilman rajoitinta. Ajomatka yhdell\u00e4 latauksella on jopa 60 km.<\/p>\n<p><img decoding=\"async\" src=\"https:\/\/cdn.shopify.com\/s\/files\/1\/0014\/0371\/5678\/files\/NANROBOT_N6_Handle_bar.jpg?v=1659322393\" \/><\/p>\n<h3>TEHOKAS JARRUTUSJ\u00c4RJESTELM\u00c4 JA LED-N\u00c4YTT\u00d6!<\/h3>\n<p>Turvallista ajoa varten skootteri on varustettu hydraulisilla levyjarruilla, jotka ovat herkkyydelt\u00e4\u00e4n ja tehokkuudeltaan parhaita. Lis\u00e4ksi on mahdollista seurata skootterin nopeutta ja j\u00e4ljell\u00e4 olevaa akkua ohjaustangon keskell\u00e4 olevasta LED-n\u00e4yt\u00f6st\u00e4. Voit s\u00e4\u00e4t\u00e4\u00e4 skootterin nopeutta ja tehoa n\u00e4yt\u00f6lt\u00e4 ja n\u00e4et my\u00f6s kokonaiskilometrit.<\/p>\n<h3><img decoding=\"async\" src=\"https:\/\/cdn.shopify.com\/s\/files\/1\/0014\/0371\/5678\/files\/DSC05784_1_34a12b0e-a045-45c9-bdc1-b6872e68edc0.jpg?v=1659334213\" \/><br \/>\nSILM\u00c4\u00c4V\u00c4 LED-VALAISIN<\/h3>\n<p>Jos etsit skootteria erottuaksesi kaduilta, N6 on tehnyt ty\u00f6ns\u00e4. 64 v\u00e4rillisen LED-valon ja 36 eri tilan ansiosta t\u00e4m\u00e4 skootteri ei j\u00e4t\u00e4 katsojia kylm\u00e4ksi. Se varmistaa my\u00f6s n\u00e4kyvyyden ajettaessa pime\u00e4ss\u00e4 ja ilmoittaa l\u00e4hestymisest\u00e4si tienk\u00e4ytt\u00e4jille.<\/p>\n<p><img decoding=\"async\" src=\"https:\/\/cdn.shopify.com\/s\/files\/1\/0014\/0371\/5678\/files\/N6_DES1.jpg?v=1659672198\" \/><\/p>\n<h3>3-VAIHEINEN TAITTOMEKANISMI<\/h3>\n<p>Kaikkien yll\u00e4 olevien ominaisuuksien lis\u00e4ksi Nanrobot N6 -skootteri on my\u00f6s eritt\u00e4in kompakti ja helppo kuljettaa. Kokoaminen ei vie minuuttia kauempaa ja mahtuu tarvittaessa my\u00f6s auton tavaratilaan.<\/p>\n<p><img decoding=\"async\" src=\"https:\/\/cdn.shopify.com\/s\/files\/1\/0014\/0371\/5678\/files\/NANROBOT_N6_Fold_75c61bbe-01ed-480b-b0eb-4addd8ac8ff6.jpg?v=1659322393\" \/><\/p>\n","protected":false},"excerpt":{"rendered":"<p><strong>NANROBOT N6<\/strong><\/p>\n<p>&nbsp;<\/p>\n<ul>\n<li>Moottori: 2x1000W<\/li>\n<li>Suurin nopeus: 65 km\/h<\/li>\n<li>Ajettu yhdell\u00e4 latauksella: jopa 60 km<\/li>\n<li>Akku: 26Ah, 52V<\/li>\n<li>Renkaat: 10\u2033 ilmarenkaat<\/li>\n<\/ul>\n<p>&nbsp;<\/p>\n<p><strong>\u2666 Toimitusaika 3-7 p\u00e4iv\u00e4\u00e4<\/strong><br \/>\n<strong>\u2666 Varastossa<\/strong><\/p>\n","protected":false},"featured_media":8385,"template":"","meta":[],"product_cat":[1292,971,975],"product_tag":[],"class_list":{"0":"post-8384","1":"product","2":"type-product","3":"status-publish","4":"has-post-thumbnail","6":"product_cat-nanrobot","7":"product_cat-sahkopotkulaudat","8":"product_cat-voimakas-sahkopotkulaudat","9":"product_shipping_class-suured-pakid","11":"first","12":"instock","13":"sale","14":"taxable","15":"shipping-taxable","16":"purchasable","17":"product-type-simple"},"yoast_head":"<!-- This site is optimized with the Yoast SEO plugin v23.8 - https:\/\/yoast.com\/wordpress\/plugins\/seo\/ -->\n<title>Nanrobot N6, 60 km - Ecocruiser<\/title>\n<meta name=\"description\" content=\"Nanrobot N6, 60 km - Ihanteellinen skootteri kaupungissa ty\u00f6matkaan tai maastoajoon. Koko valikoima l\u00f6ytyy osoitteesta www.ecocruiser.eu\/pood\" \/>\n<meta name=\"robots\" content=\"noindex, follow, max-snippet:-1, max-image-preview:large, max-video-preview:-1\" \/>\n<meta property=\"og:locale\" content=\"en_GB\" \/>\n<meta property=\"og:type\" content=\"article\" \/>\n<meta property=\"og:title\" content=\"Nanrobot N6, 60 km - Ecocruiser\" \/>\n<meta property=\"og:description\" content=\"Nanrobot N6, 60 km - Ihanteellinen skootteri kaupungissa ty\u00f6matkaan tai maastoajoon. Koko valikoima l\u00f6ytyy osoitteesta www.ecocruiser.eu\/pood\" \/>\n<meta property=\"og:url\" content=\"https:\/\/projekt.vombat.ee\/eco\/fi\/myym\u00e4l\u00e4\/tuotemerkit\/nanrobot\/nanrobot-n6-60-km\/\" \/>\n<meta property=\"og:site_name\" content=\"Ecocruiser\" \/>\n<meta property=\"og:image\" content=\"https:\/\/projekt.vombat.ee\/eco\/wp-content\/uploads\/2023\/03\/Nanrobot-N61.jpg\" \/>\n\t<meta property=\"og:image:width\" content=\"551\" \/>\n\t<meta property=\"og:image:height\" content=\"544\" \/>\n\t<meta property=\"og:image:type\" content=\"image\/jpeg\" \/>\n<meta name=\"twitter:card\" content=\"summary_large_image\" \/>\n<meta name=\"twitter:label1\" content=\"Estimated reading time\" \/>\n\t<meta name=\"twitter:data1\" content=\"2 minutes\" \/>\n<script type=\"application\/ld+json\" class=\"yoast-schema-graph\">{\"@context\":\"https:\/\/schema.org\",\"@graph\":[{\"@type\":\"WebPage\",\"@id\":\"https:\/\/projekt.vombat.ee\/eco\/fi\/myym%C3%A4l%C3%A4\/tuotemerkit\/nanrobot\/nanrobot-n6-60-km\/\",\"url\":\"https:\/\/projekt.vombat.ee\/eco\/fi\/myym%C3%A4l%C3%A4\/tuotemerkit\/nanrobot\/nanrobot-n6-60-km\/\",\"name\":\"Nanrobot N6, 60 km - Ecocruiser\",\"isPartOf\":{\"@id\":\"https:\/\/projekt.vombat.ee\/eco\/#website\"},\"primaryImageOfPage\":{\"@id\":\"https:\/\/projekt.vombat.ee\/eco\/fi\/myym%C3%A4l%C3%A4\/tuotemerkit\/nanrobot\/nanrobot-n6-60-km\/#primaryimage\"},\"image\":{\"@id\":\"https:\/\/projekt.vombat.ee\/eco\/fi\/myym%C3%A4l%C3%A4\/tuotemerkit\/nanrobot\/nanrobot-n6-60-km\/#primaryimage\"},\"thumbnailUrl\":\"https:\/\/projekt.vombat.ee\/eco\/wp-content\/uploads\/2023\/03\/Nanrobot-N61.jpg\",\"datePublished\":\"2023-04-06T19:21:56+00:00\",\"dateModified\":\"2023-04-06T19:21:56+00:00\",\"description\":\"Nanrobot N6, 60 km - Ihanteellinen skootteri kaupungissa ty\u00f6matkaan tai maastoajoon. Koko valikoima l\u00f6ytyy osoitteesta www.ecocruiser.eu\/pood\",\"breadcrumb\":{\"@id\":\"https:\/\/projekt.vombat.ee\/eco\/fi\/myym%C3%A4l%C3%A4\/tuotemerkit\/nanrobot\/nanrobot-n6-60-km\/#breadcrumb\"},\"inLanguage\":\"en-GB\",\"potentialAction\":[{\"@type\":\"ReadAction\",\"target\":[\"https:\/\/projekt.vombat.ee\/eco\/fi\/myym%C3%A4l%C3%A4\/tuotemerkit\/nanrobot\/nanrobot-n6-60-km\/\"]}]},{\"@type\":\"ImageObject\",\"inLanguage\":\"en-GB\",\"@id\":\"https:\/\/projekt.vombat.ee\/eco\/fi\/myym%C3%A4l%C3%A4\/tuotemerkit\/nanrobot\/nanrobot-n6-60-km\/#primaryimage\",\"url\":\"https:\/\/projekt.vombat.ee\/eco\/wp-content\/uploads\/2023\/03\/Nanrobot-N61.jpg\",\"contentUrl\":\"https:\/\/projekt.vombat.ee\/eco\/wp-content\/uploads\/2023\/03\/Nanrobot-N61.jpg\",\"width\":551,\"height\":544,\"caption\":\"Nanrobot N6\"},{\"@type\":\"BreadcrumbList\",\"@id\":\"https:\/\/projekt.vombat.ee\/eco\/fi\/myym%C3%A4l%C3%A4\/tuotemerkit\/nanrobot\/nanrobot-n6-60-km\/#breadcrumb\",\"itemListElement\":[{\"@type\":\"ListItem\",\"position\":1,\"name\":\"Home\",\"item\":\"https:\/\/projekt.vombat.ee\/eco\/\"},{\"@type\":\"ListItem\",\"position\":2,\"name\":\"Pood\",\"item\":\"https:\/\/projekt.vombat.ee\/eco\/pood\/\"},{\"@type\":\"ListItem\",\"position\":3,\"name\":\"Nanrobot N6, 60 km\"}]},{\"@type\":\"WebSite\",\"@id\":\"https:\/\/projekt.vombat.ee\/eco\/#website\",\"url\":\"https:\/\/projekt.vombat.ee\/eco\/\",\"name\":\"Ecocruiser\",\"description\":\"\",\"publisher\":{\"@id\":\"https:\/\/projekt.vombat.ee\/eco\/#organization\"},\"potentialAction\":[{\"@type\":\"SearchAction\",\"target\":{\"@type\":\"EntryPoint\",\"urlTemplate\":\"https:\/\/projekt.vombat.ee\/eco\/?s={search_term_string}\"},\"query-input\":{\"@type\":\"PropertyValueSpecification\",\"valueRequired\":true,\"valueName\":\"search_term_string\"}}],\"inLanguage\":\"en-GB\"},{\"@type\":\"Organization\",\"@id\":\"https:\/\/projekt.vombat.ee\/eco\/#organization\",\"name\":\"Ecocruiser\",\"url\":\"https:\/\/projekt.vombat.ee\/eco\/\",\"logo\":{\"@type\":\"ImageObject\",\"inLanguage\":\"en-GB\",\"@id\":\"https:\/\/projekt.vombat.ee\/eco\/#\/schema\/logo\/image\/\",\"url\":\"https:\/\/projekt.vombat.ee\/eco\/wp-content\/uploads\/2023\/03\/ECOCRUISER_5.png\",\"contentUrl\":\"https:\/\/projekt.vombat.ee\/eco\/wp-content\/uploads\/2023\/03\/ECOCRUISER_5.png\",\"width\":234,\"height\":91,\"caption\":\"Ecocruiser\"},\"image\":{\"@id\":\"https:\/\/projekt.vombat.ee\/eco\/#\/schema\/logo\/image\/\"}}]}<\/script>\n<!-- \/ Yoast SEO plugin. -->","yoast_head_json":{"title":"Nanrobot N6, 60 km - Ecocruiser","description":"Nanrobot N6, 60 km - Ihanteellinen skootteri kaupungissa ty\u00f6matkaan tai maastoajoon. Koko valikoima l\u00f6ytyy osoitteesta www.ecocruiser.eu\/pood","robots":{"index":"noindex","follow":"follow","max-snippet":"max-snippet:-1","max-image-preview":"max-image-preview:large","max-video-preview":"max-video-preview:-1"},"og_locale":"en_GB","og_type":"article","og_title":"Nanrobot N6, 60 km - Ecocruiser","og_description":"Nanrobot N6, 60 km - Ihanteellinen skootteri kaupungissa ty\u00f6matkaan tai maastoajoon. Koko valikoima l\u00f6ytyy osoitteesta www.ecocruiser.eu\/pood","og_url":"https:\/\/projekt.vombat.ee\/eco\/fi\/myym\u00e4l\u00e4\/tuotemerkit\/nanrobot\/nanrobot-n6-60-km\/","og_site_name":"Ecocruiser","og_image":[{"width":551,"height":544,"url":"https:\/\/projekt.vombat.ee\/eco\/wp-content\/uploads\/2023\/03\/Nanrobot-N61.jpg","type":"image\/jpeg"}],"twitter_card":"summary_large_image","twitter_misc":{"Estimated reading time":"2 minutes"},"schema":{"@context":"https:\/\/schema.org","@graph":[{"@type":"WebPage","@id":"https:\/\/projekt.vombat.ee\/eco\/fi\/myym%C3%A4l%C3%A4\/tuotemerkit\/nanrobot\/nanrobot-n6-60-km\/","url":"https:\/\/projekt.vombat.ee\/eco\/fi\/myym%C3%A4l%C3%A4\/tuotemerkit\/nanrobot\/nanrobot-n6-60-km\/","name":"Nanrobot N6, 60 km - Ecocruiser","isPartOf":{"@id":"https:\/\/projekt.vombat.ee\/eco\/#website"},"primaryImageOfPage":{"@id":"https:\/\/projekt.vombat.ee\/eco\/fi\/myym%C3%A4l%C3%A4\/tuotemerkit\/nanrobot\/nanrobot-n6-60-km\/#primaryimage"},"image":{"@id":"https:\/\/projekt.vombat.ee\/eco\/fi\/myym%C3%A4l%C3%A4\/tuotemerkit\/nanrobot\/nanrobot-n6-60-km\/#primaryimage"},"thumbnailUrl":"https:\/\/projekt.vombat.ee\/eco\/wp-content\/uploads\/2023\/03\/Nanrobot-N61.jpg","datePublished":"2023-04-06T19:21:56+00:00","dateModified":"2023-04-06T19:21:56+00:00","description":"Nanrobot N6, 60 km - Ihanteellinen skootteri kaupungissa ty\u00f6matkaan tai maastoajoon. Koko valikoima l\u00f6ytyy osoitteesta www.ecocruiser.eu\/pood","breadcrumb":{"@id":"https:\/\/projekt.vombat.ee\/eco\/fi\/myym%C3%A4l%C3%A4\/tuotemerkit\/nanrobot\/nanrobot-n6-60-km\/#breadcrumb"},"inLanguage":"en-GB","potentialAction":[{"@type":"ReadAction","target":["https:\/\/projekt.vombat.ee\/eco\/fi\/myym%C3%A4l%C3%A4\/tuotemerkit\/nanrobot\/nanrobot-n6-60-km\/"]}]},{"@type":"ImageObject","inLanguage":"en-GB","@id":"https:\/\/projekt.vombat.ee\/eco\/fi\/myym%C3%A4l%C3%A4\/tuotemerkit\/nanrobot\/nanrobot-n6-60-km\/#primaryimage","url":"https:\/\/projekt.vombat.ee\/eco\/wp-content\/uploads\/2023\/03\/Nanrobot-N61.jpg","contentUrl":"https:\/\/projekt.vombat.ee\/eco\/wp-content\/uploads\/2023\/03\/Nanrobot-N61.jpg","width":551,"height":544,"caption":"Nanrobot N6"},{"@type":"BreadcrumbList","@id":"https:\/\/projekt.vombat.ee\/eco\/fi\/myym%C3%A4l%C3%A4\/tuotemerkit\/nanrobot\/nanrobot-n6-60-km\/#breadcrumb","itemListElement":[{"@type":"ListItem","position":1,"name":"Home","item":"https:\/\/projekt.vombat.ee\/eco\/"},{"@type":"ListItem","position":2,"name":"Pood","item":"https:\/\/projekt.vombat.ee\/eco\/pood\/"},{"@type":"ListItem","position":3,"name":"Nanrobot N6, 60 km"}]},{"@type":"WebSite","@id":"https:\/\/projekt.vombat.ee\/eco\/#website","url":"https:\/\/projekt.vombat.ee\/eco\/","name":"Ecocruiser","description":"","publisher":{"@id":"https:\/\/projekt.vombat.ee\/eco\/#organization"},"potentialAction":[{"@type":"SearchAction","target":{"@type":"EntryPoint","urlTemplate":"https:\/\/projekt.vombat.ee\/eco\/?s={search_term_string}"},"query-input":{"@type":"PropertyValueSpecification","valueRequired":true,"valueName":"search_term_string"}}],"inLanguage":"en-GB"},{"@type":"Organization","@id":"https:\/\/projekt.vombat.ee\/eco\/#organization","name":"Ecocruiser","url":"https:\/\/projekt.vombat.ee\/eco\/","logo":{"@type":"ImageObject","inLanguage":"en-GB","@id":"https:\/\/projekt.vombat.ee\/eco\/#\/schema\/logo\/image\/","url":"https:\/\/projekt.vombat.ee\/eco\/wp-content\/uploads\/2023\/03\/ECOCRUISER_5.png","contentUrl":"https:\/\/projekt.vombat.ee\/eco\/wp-content\/uploads\/2023\/03\/ECOCRUISER_5.png","width":234,"height":91,"caption":"Ecocruiser"},"image":{"@id":"https:\/\/projekt.vombat.ee\/eco\/#\/schema\/logo\/image\/"}}]}},"lang":"fi","translations":{"fi":8384,"ru":5338,"et":2325},"pll_sync_post":[],"_links":{"self":[{"href":"https:\/\/projekt.vombat.ee\/eco\/wp-json\/wp\/v2\/product\/8384"}],"collection":[{"href":"https:\/\/projekt.vombat.ee\/eco\/wp-json\/wp\/v2\/product"}],"about":[{"href":"https:\/\/projekt.vombat.ee\/eco\/wp-json\/wp\/v2\/types\/product"}],"version-history":[{"count":1,"href":"https:\/\/projekt.vombat.ee\/eco\/wp-json\/wp\/v2\/product\/8384\/revisions"}],"predecessor-version":[{"id":8406,"href":"https:\/\/projekt.vombat.ee\/eco\/wp-json\/wp\/v2\/product\/8384\/revisions\/8406"}],"wp:featuredmedia":[{"embeddable":true,"href":"https:\/\/projekt.vombat.ee\/eco\/wp-json\/wp\/v2\/media\/8385"}],"wp:attachment":[{"href":"https:\/\/projekt.vombat.ee\/eco\/wp-json\/wp\/v2\/media?parent=8384"}],"wp:term":[{"taxonomy":"product_cat","embeddable":true,"href":"https:\/\/projekt.vombat.ee\/eco\/wp-json\/wp\/v2\/product_cat?post=8384"},{"taxonomy":"product_tag","embeddable":true,"href":"https:\/\/projekt.vombat.ee\/eco\/wp-json\/wp\/v2\/product_tag?post=8384"}],"curies":[{"name":"wp","href":"https:\/\/api.w.org\/{rel}","templated":true}]}}