{"id":8376,"date":"2023-04-06T18:58:57","date_gmt":"2023-04-06T18:58:57","guid":{"rendered":"https:\/\/projekt.vombat.ee\/eco\/?post_type=product&#038;p=8376"},"modified":"2023-04-06T18:58:57","modified_gmt":"2023-04-06T18:58:57","slug":"nanrobot-ls7-60km","status":"publish","type":"product","link":"https:\/\/projekt.vombat.ee\/eco\/fi\/myym%C3%A4l%C3%A4\/tuotemerkit\/nanrobot\/nanrobot-ls7-60km\/","title":{"rendered":"NANROBOT LS7+, 60km"},"content":{"rendered":"<h1>NANROBOT LS7+<\/h1>\n<p>Nanrobot LS7+ s\u00e4hk\u00f6skootteri on varustettu kahdella tehokkaalla moottorilla, joiden kokonaisteho on 4800W. N\u00e4m\u00e4 ovat harjattomia moottoreita, jotka tarjoavat skootterille parhaan suorituskyvyn my\u00f6s ep\u00e4tasaisilla pinnoilla. Skootterin huippunopeus tehtaalta tullessaan on 25 km\/h, mutta rajoitin irrottamalla on mahdollista kiihdytt\u00e4\u00e4 jopa 95 km\/h. Ajonopeutta voidaan s\u00e4\u00e4t\u00e4\u00e4 3 eri tilassa ja niit\u00e4 voidaan muuttaa n\u00e4yt\u00f6st\u00e4. Voimakkaiden moottoreiden lis\u00e4ksi skootteri on varustettu my\u00f6s hyv\u00e4ll\u00e4 akulla, joka voi ajaa jopa 60 km yhdell\u00e4 latauksella.<\/p>\n<p><img decoding=\"async\" src=\"https:\/\/cdn.shopify.com\/s\/files\/1\/0014\/0371\/5678\/files\/NANROBOT-LS7-PLUS-ELECTRIC-SCOOTER-SLIDER-3.jpg?v=1634286348\" \/><\/p>\n<p><img decoding=\"async\" src=\"https:\/\/cdn.shopify.com\/s\/files\/1\/0014\/0371\/5678\/files\/nanrobot_ls7_spec_3.jpg?v=1630518747\" \/><\/p>\n<h3>TEHOKAS JARRUTUSJ\u00c4RJESTELM\u00c4 JA LED-N\u00c4YTT\u00d6<\/h3>\n<p>Nanrobot LS7+ -s\u00e4hk\u00f6skootteri on varustettu esiasennetulla ohjausvaimentimella, joka varmistaa korkean vakauden suurilla nopeuksilla, etu- ja takajousituksella sek\u00e4 turvallisella jarruj\u00e4rjestelm\u00e4ll\u00e4 Jarrut ovat laadukkaita NUTT hydraulisia jarruja sek\u00e4 edess\u00e4 ett\u00e4 takana.<\/p>\n<p><img decoding=\"async\" src=\"https:\/\/cdn.shopify.com\/s\/files\/1\/0014\/0371\/5678\/files\/NANROBOT-LS7-PLUS-ELECTRIC-SCOOTER-SLIDER-2.jpg?v=1634286348\" \/><\/p>\n<p><img decoding=\"async\" src=\"https:\/\/cdn.shopify.com\/s\/files\/1\/0014\/0371\/5678\/files\/nanrobot_ls7_spec.jpg?v=1630518747\" \/><\/p>\n<h3>SUUNNITTELU HUIPPULAADUSTA<\/h3>\n<p>S\u00e4hk\u00f6skootteri on suunniteltu parasta rakennuslaatua ajatellen. S\u00e4hk\u00f6skootterissa on integroitu kauko-ohjainj\u00e4rjestelm\u00e4 (ajonestolaite), jolla voidaan lukita ja h\u00e4lytt\u00e4\u00e4 s\u00e4hk\u00f6skootteri varkausvastuksen lis\u00e4\u00e4miseksi. S\u00e4hk\u00f6skootterissa on monitoimiset LED-valot, \u00e4lyk\u00e4s ohjain, vahva alumiiniseosrunko ja pitk\u00e4 ajomukavuutta lis\u00e4\u00e4v\u00e4 kansi.<\/p>\n<p><img decoding=\"async\" src=\"https:\/\/cdn.shopify.com\/s\/files\/1\/0014\/0371\/5678\/files\/NANROBOT-LS7-PLUS-ELECTRIC-SCOOTER-SLIDER-1.jpg?v=1634286348\" \/><\/p>\n","protected":false},"excerpt":{"rendered":"<p><strong>NANROBOT LS7+<\/strong><\/p>\n<p>&nbsp;<\/p>\n<ul>\n<li>Akku \u2013 40Ah\/60V<\/li>\n<li>Moottori &#8211; 2x2400W<\/li>\n<li>Suurin nopeus &#8211; 95 km\/h<\/li>\n<li>Ajomatka &#8211; 60 km<\/li>\n<li>Kantavuus &#8211; 150 kg<\/li>\n<li>Latausaika &#8211; 8-12 tuntia<\/li>\n<li>Renkaat \u2013 11\u2033 maastorenkaat<\/li>\n<\/ul>\n<p>&nbsp;<\/p>\n<p><strong>\u2666 Toimitusaika 3-7 p\u00e4iv\u00e4\u00e4<\/strong><br \/>\n<strong>\u2666 Varastossa<\/strong><\/p>\n","protected":false},"featured_media":8377,"template":"","meta":[],"product_cat":[1292,971,975],"product_tag":[],"class_list":{"0":"post-8376","1":"product","2":"type-product","3":"status-publish","4":"has-post-thumbnail","6":"product_cat-nanrobot","7":"product_cat-sahkopotkulaudat","8":"product_cat-voimakas-sahkopotkulaudat","9":"product_shipping_class-suured-pakid","11":"first","12":"instock","13":"taxable","14":"shipping-taxable","15":"purchasable","16":"product-type-simple"},"yoast_head":"<!-- This site is optimized with the Yoast SEO plugin v23.8 - https:\/\/yoast.com\/wordpress\/plugins\/seo\/ -->\n<title>NANROBOT LS7+, 60km - Ecocruiser<\/title>\n<meta name=\"description\" content=\"NANROBOT LS7+, 60km - Laadukkaat merkit, laaja valikoima - Ecocruiser.ee - Jos sinulla on kysytt\u00e4v\u00e4\u00e4, ota yhteytt\u00e4 info@projekt.vombat.ee\" \/>\n<meta name=\"robots\" content=\"noindex, follow, max-snippet:-1, max-image-preview:large, max-video-preview:-1\" \/>\n<meta property=\"og:locale\" content=\"en_GB\" \/>\n<meta property=\"og:type\" content=\"article\" \/>\n<meta property=\"og:title\" content=\"NANROBOT LS7+, 60km - Ecocruiser\" \/>\n<meta property=\"og:description\" content=\"NANROBOT LS7+, 60km - Laadukkaat merkit, laaja valikoima - Ecocruiser.ee - Jos sinulla on kysytt\u00e4v\u00e4\u00e4, ota yhteytt\u00e4 info@projekt.vombat.ee\" \/>\n<meta property=\"og:url\" content=\"https:\/\/projekt.vombat.ee\/eco\/fi\/myym\u00e4l\u00e4\/tuotemerkit\/nanrobot\/nanrobot-ls7-60km\/\" \/>\n<meta property=\"og:site_name\" content=\"Ecocruiser\" \/>\n<meta property=\"og:image\" content=\"https:\/\/projekt.vombat.ee\/eco\/wp-content\/uploads\/2023\/03\/Nanrobot-LS7.jpg\" \/>\n\t<meta property=\"og:image:width\" content=\"2560\" \/>\n\t<meta property=\"og:image:height\" content=\"2560\" \/>\n\t<meta property=\"og:image:type\" content=\"image\/jpeg\" \/>\n<meta name=\"twitter:card\" content=\"summary_large_image\" \/>\n<meta name=\"twitter:label1\" content=\"Estimated reading time\" \/>\n\t<meta name=\"twitter:data1\" content=\"2 minutes\" \/>\n<script type=\"application\/ld+json\" class=\"yoast-schema-graph\">{\"@context\":\"https:\/\/schema.org\",\"@graph\":[{\"@type\":\"WebPage\",\"@id\":\"https:\/\/projekt.vombat.ee\/eco\/fi\/myym%C3%A4l%C3%A4\/tuotemerkit\/nanrobot\/nanrobot-ls7-60km\/\",\"url\":\"https:\/\/projekt.vombat.ee\/eco\/fi\/myym%C3%A4l%C3%A4\/tuotemerkit\/nanrobot\/nanrobot-ls7-60km\/\",\"name\":\"NANROBOT LS7+, 60km - Ecocruiser\",\"isPartOf\":{\"@id\":\"https:\/\/projekt.vombat.ee\/eco\/#website\"},\"primaryImageOfPage\":{\"@id\":\"https:\/\/projekt.vombat.ee\/eco\/fi\/myym%C3%A4l%C3%A4\/tuotemerkit\/nanrobot\/nanrobot-ls7-60km\/#primaryimage\"},\"image\":{\"@id\":\"https:\/\/projekt.vombat.ee\/eco\/fi\/myym%C3%A4l%C3%A4\/tuotemerkit\/nanrobot\/nanrobot-ls7-60km\/#primaryimage\"},\"thumbnailUrl\":\"https:\/\/projekt.vombat.ee\/eco\/wp-content\/uploads\/2023\/03\/Nanrobot-LS7.jpg\",\"datePublished\":\"2023-04-06T18:58:57+00:00\",\"dateModified\":\"2023-04-06T18:58:57+00:00\",\"description\":\"NANROBOT LS7+, 60km - Laadukkaat merkit, laaja valikoima - Ecocruiser.ee - Jos sinulla on kysytt\u00e4v\u00e4\u00e4, ota yhteytt\u00e4 info@projekt.vombat.ee\",\"breadcrumb\":{\"@id\":\"https:\/\/projekt.vombat.ee\/eco\/fi\/myym%C3%A4l%C3%A4\/tuotemerkit\/nanrobot\/nanrobot-ls7-60km\/#breadcrumb\"},\"inLanguage\":\"en-GB\",\"potentialAction\":[{\"@type\":\"ReadAction\",\"target\":[\"https:\/\/projekt.vombat.ee\/eco\/fi\/myym%C3%A4l%C3%A4\/tuotemerkit\/nanrobot\/nanrobot-ls7-60km\/\"]}]},{\"@type\":\"ImageObject\",\"inLanguage\":\"en-GB\",\"@id\":\"https:\/\/projekt.vombat.ee\/eco\/fi\/myym%C3%A4l%C3%A4\/tuotemerkit\/nanrobot\/nanrobot-ls7-60km\/#primaryimage\",\"url\":\"https:\/\/projekt.vombat.ee\/eco\/wp-content\/uploads\/2023\/03\/Nanrobot-LS7.jpg\",\"contentUrl\":\"https:\/\/projekt.vombat.ee\/eco\/wp-content\/uploads\/2023\/03\/Nanrobot-LS7.jpg\",\"width\":2560,\"height\":2560,\"caption\":\"Nanrobot LS7+\"},{\"@type\":\"BreadcrumbList\",\"@id\":\"https:\/\/projekt.vombat.ee\/eco\/fi\/myym%C3%A4l%C3%A4\/tuotemerkit\/nanrobot\/nanrobot-ls7-60km\/#breadcrumb\",\"itemListElement\":[{\"@type\":\"ListItem\",\"position\":1,\"name\":\"Home\",\"item\":\"https:\/\/projekt.vombat.ee\/eco\/\"},{\"@type\":\"ListItem\",\"position\":2,\"name\":\"Pood\",\"item\":\"https:\/\/projekt.vombat.ee\/eco\/pood\/\"},{\"@type\":\"ListItem\",\"position\":3,\"name\":\"NANROBOT LS7+, 60km\"}]},{\"@type\":\"WebSite\",\"@id\":\"https:\/\/projekt.vombat.ee\/eco\/#website\",\"url\":\"https:\/\/projekt.vombat.ee\/eco\/\",\"name\":\"Ecocruiser\",\"description\":\"\",\"publisher\":{\"@id\":\"https:\/\/projekt.vombat.ee\/eco\/#organization\"},\"potentialAction\":[{\"@type\":\"SearchAction\",\"target\":{\"@type\":\"EntryPoint\",\"urlTemplate\":\"https:\/\/projekt.vombat.ee\/eco\/?s={search_term_string}\"},\"query-input\":{\"@type\":\"PropertyValueSpecification\",\"valueRequired\":true,\"valueName\":\"search_term_string\"}}],\"inLanguage\":\"en-GB\"},{\"@type\":\"Organization\",\"@id\":\"https:\/\/projekt.vombat.ee\/eco\/#organization\",\"name\":\"Ecocruiser\",\"url\":\"https:\/\/projekt.vombat.ee\/eco\/\",\"logo\":{\"@type\":\"ImageObject\",\"inLanguage\":\"en-GB\",\"@id\":\"https:\/\/projekt.vombat.ee\/eco\/#\/schema\/logo\/image\/\",\"url\":\"https:\/\/projekt.vombat.ee\/eco\/wp-content\/uploads\/2023\/03\/ECOCRUISER_5.png\",\"contentUrl\":\"https:\/\/projekt.vombat.ee\/eco\/wp-content\/uploads\/2023\/03\/ECOCRUISER_5.png\",\"width\":234,\"height\":91,\"caption\":\"Ecocruiser\"},\"image\":{\"@id\":\"https:\/\/projekt.vombat.ee\/eco\/#\/schema\/logo\/image\/\"}}]}<\/script>\n<!-- \/ Yoast SEO plugin. -->","yoast_head_json":{"title":"NANROBOT LS7+, 60km - Ecocruiser","description":"NANROBOT LS7+, 60km - Laadukkaat merkit, laaja valikoima - Ecocruiser.ee - Jos sinulla on kysytt\u00e4v\u00e4\u00e4, ota yhteytt\u00e4 info@projekt.vombat.ee","robots":{"index":"noindex","follow":"follow","max-snippet":"max-snippet:-1","max-image-preview":"max-image-preview:large","max-video-preview":"max-video-preview:-1"},"og_locale":"en_GB","og_type":"article","og_title":"NANROBOT LS7+, 60km - Ecocruiser","og_description":"NANROBOT LS7+, 60km - Laadukkaat merkit, laaja valikoima - Ecocruiser.ee - Jos sinulla on kysytt\u00e4v\u00e4\u00e4, ota yhteytt\u00e4 info@projekt.vombat.ee","og_url":"https:\/\/projekt.vombat.ee\/eco\/fi\/myym\u00e4l\u00e4\/tuotemerkit\/nanrobot\/nanrobot-ls7-60km\/","og_site_name":"Ecocruiser","og_image":[{"width":2560,"height":2560,"url":"https:\/\/projekt.vombat.ee\/eco\/wp-content\/uploads\/2023\/03\/Nanrobot-LS7.jpg","type":"image\/jpeg"}],"twitter_card":"summary_large_image","twitter_misc":{"Estimated reading time":"2 minutes"},"schema":{"@context":"https:\/\/schema.org","@graph":[{"@type":"WebPage","@id":"https:\/\/projekt.vombat.ee\/eco\/fi\/myym%C3%A4l%C3%A4\/tuotemerkit\/nanrobot\/nanrobot-ls7-60km\/","url":"https:\/\/projekt.vombat.ee\/eco\/fi\/myym%C3%A4l%C3%A4\/tuotemerkit\/nanrobot\/nanrobot-ls7-60km\/","name":"NANROBOT LS7+, 60km - Ecocruiser","isPartOf":{"@id":"https:\/\/projekt.vombat.ee\/eco\/#website"},"primaryImageOfPage":{"@id":"https:\/\/projekt.vombat.ee\/eco\/fi\/myym%C3%A4l%C3%A4\/tuotemerkit\/nanrobot\/nanrobot-ls7-60km\/#primaryimage"},"image":{"@id":"https:\/\/projekt.vombat.ee\/eco\/fi\/myym%C3%A4l%C3%A4\/tuotemerkit\/nanrobot\/nanrobot-ls7-60km\/#primaryimage"},"thumbnailUrl":"https:\/\/projekt.vombat.ee\/eco\/wp-content\/uploads\/2023\/03\/Nanrobot-LS7.jpg","datePublished":"2023-04-06T18:58:57+00:00","dateModified":"2023-04-06T18:58:57+00:00","description":"NANROBOT LS7+, 60km - Laadukkaat merkit, laaja valikoima - Ecocruiser.ee - Jos sinulla on kysytt\u00e4v\u00e4\u00e4, ota yhteytt\u00e4 info@projekt.vombat.ee","breadcrumb":{"@id":"https:\/\/projekt.vombat.ee\/eco\/fi\/myym%C3%A4l%C3%A4\/tuotemerkit\/nanrobot\/nanrobot-ls7-60km\/#breadcrumb"},"inLanguage":"en-GB","potentialAction":[{"@type":"ReadAction","target":["https:\/\/projekt.vombat.ee\/eco\/fi\/myym%C3%A4l%C3%A4\/tuotemerkit\/nanrobot\/nanrobot-ls7-60km\/"]}]},{"@type":"ImageObject","inLanguage":"en-GB","@id":"https:\/\/projekt.vombat.ee\/eco\/fi\/myym%C3%A4l%C3%A4\/tuotemerkit\/nanrobot\/nanrobot-ls7-60km\/#primaryimage","url":"https:\/\/projekt.vombat.ee\/eco\/wp-content\/uploads\/2023\/03\/Nanrobot-LS7.jpg","contentUrl":"https:\/\/projekt.vombat.ee\/eco\/wp-content\/uploads\/2023\/03\/Nanrobot-LS7.jpg","width":2560,"height":2560,"caption":"Nanrobot LS7+"},{"@type":"BreadcrumbList","@id":"https:\/\/projekt.vombat.ee\/eco\/fi\/myym%C3%A4l%C3%A4\/tuotemerkit\/nanrobot\/nanrobot-ls7-60km\/#breadcrumb","itemListElement":[{"@type":"ListItem","position":1,"name":"Home","item":"https:\/\/projekt.vombat.ee\/eco\/"},{"@type":"ListItem","position":2,"name":"Pood","item":"https:\/\/projekt.vombat.ee\/eco\/pood\/"},{"@type":"ListItem","position":3,"name":"NANROBOT LS7+, 60km"}]},{"@type":"WebSite","@id":"https:\/\/projekt.vombat.ee\/eco\/#website","url":"https:\/\/projekt.vombat.ee\/eco\/","name":"Ecocruiser","description":"","publisher":{"@id":"https:\/\/projekt.vombat.ee\/eco\/#organization"},"potentialAction":[{"@type":"SearchAction","target":{"@type":"EntryPoint","urlTemplate":"https:\/\/projekt.vombat.ee\/eco\/?s={search_term_string}"},"query-input":{"@type":"PropertyValueSpecification","valueRequired":true,"valueName":"search_term_string"}}],"inLanguage":"en-GB"},{"@type":"Organization","@id":"https:\/\/projekt.vombat.ee\/eco\/#organization","name":"Ecocruiser","url":"https:\/\/projekt.vombat.ee\/eco\/","logo":{"@type":"ImageObject","inLanguage":"en-GB","@id":"https:\/\/projekt.vombat.ee\/eco\/#\/schema\/logo\/image\/","url":"https:\/\/projekt.vombat.ee\/eco\/wp-content\/uploads\/2023\/03\/ECOCRUISER_5.png","contentUrl":"https:\/\/projekt.vombat.ee\/eco\/wp-content\/uploads\/2023\/03\/ECOCRUISER_5.png","width":234,"height":91,"caption":"Ecocruiser"},"image":{"@id":"https:\/\/projekt.vombat.ee\/eco\/#\/schema\/logo\/image\/"}}]}},"lang":"fi","translations":{"fi":8376,"ru":5351,"et":2343},"pll_sync_post":[],"_links":{"self":[{"href":"https:\/\/projekt.vombat.ee\/eco\/wp-json\/wp\/v2\/product\/8376"}],"collection":[{"href":"https:\/\/projekt.vombat.ee\/eco\/wp-json\/wp\/v2\/product"}],"about":[{"href":"https:\/\/projekt.vombat.ee\/eco\/wp-json\/wp\/v2\/types\/product"}],"version-history":[{"count":1,"href":"https:\/\/projekt.vombat.ee\/eco\/wp-json\/wp\/v2\/product\/8376\/revisions"}],"predecessor-version":[{"id":8383,"href":"https:\/\/projekt.vombat.ee\/eco\/wp-json\/wp\/v2\/product\/8376\/revisions\/8383"}],"wp:featuredmedia":[{"embeddable":true,"href":"https:\/\/projekt.vombat.ee\/eco\/wp-json\/wp\/v2\/media\/8377"}],"wp:attachment":[{"href":"https:\/\/projekt.vombat.ee\/eco\/wp-json\/wp\/v2\/media?parent=8376"}],"wp:term":[{"taxonomy":"product_cat","embeddable":true,"href":"https:\/\/projekt.vombat.ee\/eco\/wp-json\/wp\/v2\/product_cat?post=8376"},{"taxonomy":"product_tag","embeddable":true,"href":"https:\/\/projekt.vombat.ee\/eco\/wp-json\/wp\/v2\/product_tag?post=8376"}],"curies":[{"name":"wp","href":"https:\/\/api.w.org\/{rel}","templated":true}]}}