{"id":8374,"date":"2023-04-06T18:59:56","date_gmt":"2023-04-06T18:59:56","guid":{"rendered":"https:\/\/projekt.vombat.ee\/eco\/?post_type=product&#038;p=8374"},"modified":"2023-05-28T10:49:41","modified_gmt":"2023-05-28T10:49:41","slug":"nami-klima-max-elektriline-toukeratas-100km","status":"publish","type":"product","link":"https:\/\/projekt.vombat.ee\/eco\/pood\/brandid\/nami\/nami-klima-max-elektriline-toukeratas-100km\/","title":{"rendered":"Nami Klima Max elektriline t\u00f5ukeratas, 100km"},"content":{"rendered":"<h1>NAMI KLIMA MAX ELEKTRILINE T\u00d5UKERATAS<\/h1>\n<p>Nami Klima Max on ehk k\u00f5ige tagasihoidlikum Nami t\u00f5ukeratas, kuid vaatamata sellest on endiselt tegemist tugevalt \u00fcle keskmise v\u00f5imeka isendiga. Tegemist on t\u00f5ukerattaga millel on k\u00f5ik vajaminevad lisad ning \u00fclimalt hea s\u00f5idutunnetus. Nami br\u00e4ndi on populaarseks teinud nende innovatiivsus ning kvaliteet. Klima elektrit\u00f5ukerattad on tunduvalt v\u00e4iksemad ja kompaktsemad kui Nami Burn-E ja Nami Blast mudeliseeriate elektrit\u00f5ukerattad. Vaatamata v\u00e4iksema poolsetele kabariitidele ja m\u00f5nev\u00f5rra v\u00e4iksemale v\u00f5imsusele on Klima elektrit\u00f5ukerattad sama v\u00f5imekad, stiilsed ja kvaliteetsed kui nende suuremad vennad.<\/p>\n<p>Nami elektrit\u00f5ukerattad on entusiaste pidevalt \u00fcllatanud, pakkudes s\u00f5itjale erinevaid s\u00f5idumugavust parendavaid tehnoloogiaid. Seda olles samal ajal ka v\u00f5imekad, vastupidavad ja vastavalt s\u00f5itja soovidele ja parameetritele lihtsasti h\u00e4\u00e4lestatavad. Uued Nami seeria elektrit\u00f5ukerattad kinnitavad, et tehas on siiani enda arendust\u00f6\u00f6des sihikindel, j\u00e4releandmatu ja arengule suunitletud hoiakuga. Nami elektrit\u00f5ukerattad on \u00fched v\u00e4hestest, mis suudavad t\u00e4ita ka k\u00f5ige n\u00f5udlikumate s\u00f5itjate vajadused.<\/p>\n<div class=\"youtube responsive-embed wp-embed\"><iframe title=\"Brand NEW Nami KLIMA - Full Review\" width=\"1778\" height=\"1000\" src=\"https:\/\/www.youtube.com\/embed\/MhGkMVXVfSI?feature=oembed&#038;enablejsapi=1&#038;rel=0&#038;showinfo=0&#038;color=white\" frameborder=\"0\" allow=\"accelerometer; autoplay; clipboard-write; encrypted-media; gyroscope; picture-in-picture; web-share\" allowfullscreen><\/iframe><\/div>\n<p><strong>NB!<\/strong> Elektrit\u00f5ukerattaga s\u00f5ites soovitame turvalisuse tagamiseks alati kanda <a href=\"https:\/\/projekt.vombat.ee\/eco\/pood\/?product-cata=707\">kiivrit<\/a>. Alla 16 aastase kergliikuri jaoks on elektrit\u00f5uksiga s\u00f5idu ajal kiivri kandmine\u00a0<a href=\"https:\/\/www.riigiteataja.ee\/akt\/113112020001\">seaduse<\/a> j\u00e4rgi kohustuslik<\/p>\n","protected":false},"excerpt":{"rendered":"<p><strong>NAMI KLIMA MAX ELEKTRILINE T\u00d5UKERATAS<\/strong><\/p>\n<ul>\n<li><strong>Max s\u00f5iduulatus<\/strong>: 100 KM<\/li>\n<li><strong>Kandev\u00f5ime<\/strong>: 120 kg<\/li>\n<li><strong>Mootori v\u00f5imsus<\/strong>: 1000W<\/li>\n<li><strong>Laadimisaeg<\/strong>: 6h<\/li>\n<\/ul>\n<p>&nbsp;<\/p>\n<p>\u2666 <strong>Tarneaeg<\/strong> 3-5 p\u00e4eva<br \/>\n\u2666 <strong>Laos<\/strong><\/p>\n","protected":false},"featured_media":8348,"template":"","meta":[],"product_cat":[1315,53,911,939],"product_tag":[],"class_list":{"0":"post-8374","1":"product","2":"type-product","3":"status-publish","4":"has-post-thumbnail","6":"product_cat-nami","7":"product_cat-elektritoukerattad","8":"product_cat-voimsad-toukerattad","9":"product_cat-brandid","10":"product_shipping_class-suured-pakid","12":"first","13":"instock","14":"taxable","15":"shipping-taxable","16":"purchasable","17":"product-type-simple"},"yoast_head":"<!-- This site is optimized with the Yoast SEO plugin v23.8 - https:\/\/yoast.com\/wordpress\/plugins\/seo\/ -->\n<title>Nami Klima Max elektriline t\u00f5ukeratas, 100km - Ecocruiser<\/title>\n<meta name=\"description\" content=\"Nami Klima Max elektriline t\u00f5ukeratas, 100km - Kvaliteetsed br\u00e4ndid, lai valik - Ecocruiser.ee - K\u00fcsimuste korral v\u00f5ta \u00fchendust info@projekt.vombat.ee\" \/>\n<meta name=\"robots\" content=\"noindex, follow, max-snippet:-1, max-image-preview:large, max-video-preview:-1\" \/>\n<meta property=\"og:locale\" content=\"en_GB\" \/>\n<meta property=\"og:type\" content=\"article\" \/>\n<meta property=\"og:title\" content=\"Nami Klima Max elektriline t\u00f5ukeratas, 100km - Ecocruiser\" \/>\n<meta property=\"og:description\" content=\"Nami Klima Max elektriline t\u00f5ukeratas, 100km - Kvaliteetsed br\u00e4ndid, lai valik - Ecocruiser.ee - K\u00fcsimuste korral v\u00f5ta \u00fchendust info@projekt.vombat.ee\" \/>\n<meta property=\"og:url\" content=\"https:\/\/projekt.vombat.ee\/eco\/pood\/brandid\/nami\/nami-klima-max-elektriline-toukeratas-100km\/\" \/>\n<meta property=\"og:site_name\" content=\"Ecocruiser\" \/>\n<meta property=\"article:modified_time\" content=\"2023-05-28T10:49:41+00:00\" \/>\n<meta property=\"og:image\" content=\"https:\/\/projekt.vombat.ee\/eco\/wp-content\/uploads\/2023\/04\/Nami-Klima.jpg\" \/>\n\t<meta property=\"og:image:width\" content=\"2349\" \/>\n\t<meta property=\"og:image:height\" content=\"2560\" \/>\n\t<meta property=\"og:image:type\" content=\"image\/jpeg\" \/>\n<meta name=\"twitter:card\" content=\"summary_large_image\" \/>\n<meta name=\"twitter:label1\" content=\"Estimated reading time\" \/>\n\t<meta name=\"twitter:data1\" content=\"1 minute\" \/>\n<script type=\"application\/ld+json\" class=\"yoast-schema-graph\">{\"@context\":\"https:\/\/schema.org\",\"@graph\":[{\"@type\":\"WebPage\",\"@id\":\"https:\/\/projekt.vombat.ee\/eco\/pood\/brandid\/nami\/nami-klima-max-elektriline-toukeratas-100km\/\",\"url\":\"https:\/\/projekt.vombat.ee\/eco\/pood\/brandid\/nami\/nami-klima-max-elektriline-toukeratas-100km\/\",\"name\":\"Nami Klima Max elektriline t\u00f5ukeratas, 100km - Ecocruiser\",\"isPartOf\":{\"@id\":\"https:\/\/projekt.vombat.ee\/eco\/#website\"},\"primaryImageOfPage\":{\"@id\":\"https:\/\/projekt.vombat.ee\/eco\/pood\/brandid\/nami\/nami-klima-max-elektriline-toukeratas-100km\/#primaryimage\"},\"image\":{\"@id\":\"https:\/\/projekt.vombat.ee\/eco\/pood\/brandid\/nami\/nami-klima-max-elektriline-toukeratas-100km\/#primaryimage\"},\"thumbnailUrl\":\"https:\/\/projekt.vombat.ee\/eco\/wp-content\/uploads\/2023\/04\/Nami-Klima.jpg\",\"datePublished\":\"2023-04-06T18:59:56+00:00\",\"dateModified\":\"2023-05-28T10:49:41+00:00\",\"description\":\"Nami Klima Max elektriline t\u00f5ukeratas, 100km - Kvaliteetsed br\u00e4ndid, lai valik - Ecocruiser.ee - K\u00fcsimuste korral v\u00f5ta \u00fchendust info@projekt.vombat.ee\",\"breadcrumb\":{\"@id\":\"https:\/\/projekt.vombat.ee\/eco\/pood\/brandid\/nami\/nami-klima-max-elektriline-toukeratas-100km\/#breadcrumb\"},\"inLanguage\":\"en-GB\",\"potentialAction\":[{\"@type\":\"ReadAction\",\"target\":[\"https:\/\/projekt.vombat.ee\/eco\/pood\/brandid\/nami\/nami-klima-max-elektriline-toukeratas-100km\/\"]}]},{\"@type\":\"ImageObject\",\"inLanguage\":\"en-GB\",\"@id\":\"https:\/\/projekt.vombat.ee\/eco\/pood\/brandid\/nami\/nami-klima-max-elektriline-toukeratas-100km\/#primaryimage\",\"url\":\"https:\/\/projekt.vombat.ee\/eco\/wp-content\/uploads\/2023\/04\/Nami-Klima.jpg\",\"contentUrl\":\"https:\/\/projekt.vombat.ee\/eco\/wp-content\/uploads\/2023\/04\/Nami-Klima.jpg\",\"width\":2349,\"height\":2560,\"caption\":\"Nami Klima Max\"},{\"@type\":\"BreadcrumbList\",\"@id\":\"https:\/\/projekt.vombat.ee\/eco\/pood\/brandid\/nami\/nami-klima-max-elektriline-toukeratas-100km\/#breadcrumb\",\"itemListElement\":[{\"@type\":\"ListItem\",\"position\":1,\"name\":\"Home\",\"item\":\"https:\/\/projekt.vombat.ee\/eco\/\"},{\"@type\":\"ListItem\",\"position\":2,\"name\":\"Pood\",\"item\":\"https:\/\/projekt.vombat.ee\/eco\/pood\/\"},{\"@type\":\"ListItem\",\"position\":3,\"name\":\"Nami Klima Max elektriline t\u00f5ukeratas, 100km\"}]},{\"@type\":\"WebSite\",\"@id\":\"https:\/\/projekt.vombat.ee\/eco\/#website\",\"url\":\"https:\/\/projekt.vombat.ee\/eco\/\",\"name\":\"Ecocruiser\",\"description\":\"\",\"publisher\":{\"@id\":\"https:\/\/projekt.vombat.ee\/eco\/#organization\"},\"potentialAction\":[{\"@type\":\"SearchAction\",\"target\":{\"@type\":\"EntryPoint\",\"urlTemplate\":\"https:\/\/projekt.vombat.ee\/eco\/?s={search_term_string}\"},\"query-input\":{\"@type\":\"PropertyValueSpecification\",\"valueRequired\":true,\"valueName\":\"search_term_string\"}}],\"inLanguage\":\"en-GB\"},{\"@type\":\"Organization\",\"@id\":\"https:\/\/projekt.vombat.ee\/eco\/#organization\",\"name\":\"Ecocruiser\",\"url\":\"https:\/\/projekt.vombat.ee\/eco\/\",\"logo\":{\"@type\":\"ImageObject\",\"inLanguage\":\"en-GB\",\"@id\":\"https:\/\/projekt.vombat.ee\/eco\/#\/schema\/logo\/image\/\",\"url\":\"https:\/\/projekt.vombat.ee\/eco\/wp-content\/uploads\/2023\/03\/ECOCRUISER_5.png\",\"contentUrl\":\"https:\/\/projekt.vombat.ee\/eco\/wp-content\/uploads\/2023\/03\/ECOCRUISER_5.png\",\"width\":234,\"height\":91,\"caption\":\"Ecocruiser\"},\"image\":{\"@id\":\"https:\/\/projekt.vombat.ee\/eco\/#\/schema\/logo\/image\/\"}}]}<\/script>\n<!-- \/ Yoast SEO plugin. -->","yoast_head_json":{"title":"Nami Klima Max elektriline t\u00f5ukeratas, 100km - Ecocruiser","description":"Nami Klima Max elektriline t\u00f5ukeratas, 100km - Kvaliteetsed br\u00e4ndid, lai valik - Ecocruiser.ee - K\u00fcsimuste korral v\u00f5ta \u00fchendust info@projekt.vombat.ee","robots":{"index":"noindex","follow":"follow","max-snippet":"max-snippet:-1","max-image-preview":"max-image-preview:large","max-video-preview":"max-video-preview:-1"},"og_locale":"en_GB","og_type":"article","og_title":"Nami Klima Max elektriline t\u00f5ukeratas, 100km - Ecocruiser","og_description":"Nami Klima Max elektriline t\u00f5ukeratas, 100km - Kvaliteetsed br\u00e4ndid, lai valik - Ecocruiser.ee - K\u00fcsimuste korral v\u00f5ta \u00fchendust info@projekt.vombat.ee","og_url":"https:\/\/projekt.vombat.ee\/eco\/pood\/brandid\/nami\/nami-klima-max-elektriline-toukeratas-100km\/","og_site_name":"Ecocruiser","article_modified_time":"2023-05-28T10:49:41+00:00","og_image":[{"width":2349,"height":2560,"url":"https:\/\/projekt.vombat.ee\/eco\/wp-content\/uploads\/2023\/04\/Nami-Klima.jpg","type":"image\/jpeg"}],"twitter_card":"summary_large_image","twitter_misc":{"Estimated reading time":"1 minute"},"schema":{"@context":"https:\/\/schema.org","@graph":[{"@type":"WebPage","@id":"https:\/\/projekt.vombat.ee\/eco\/pood\/brandid\/nami\/nami-klima-max-elektriline-toukeratas-100km\/","url":"https:\/\/projekt.vombat.ee\/eco\/pood\/brandid\/nami\/nami-klima-max-elektriline-toukeratas-100km\/","name":"Nami Klima Max elektriline t\u00f5ukeratas, 100km - Ecocruiser","isPartOf":{"@id":"https:\/\/projekt.vombat.ee\/eco\/#website"},"primaryImageOfPage":{"@id":"https:\/\/projekt.vombat.ee\/eco\/pood\/brandid\/nami\/nami-klima-max-elektriline-toukeratas-100km\/#primaryimage"},"image":{"@id":"https:\/\/projekt.vombat.ee\/eco\/pood\/brandid\/nami\/nami-klima-max-elektriline-toukeratas-100km\/#primaryimage"},"thumbnailUrl":"https:\/\/projekt.vombat.ee\/eco\/wp-content\/uploads\/2023\/04\/Nami-Klima.jpg","datePublished":"2023-04-06T18:59:56+00:00","dateModified":"2023-05-28T10:49:41+00:00","description":"Nami Klima Max elektriline t\u00f5ukeratas, 100km - Kvaliteetsed br\u00e4ndid, lai valik - Ecocruiser.ee - K\u00fcsimuste korral v\u00f5ta \u00fchendust info@projekt.vombat.ee","breadcrumb":{"@id":"https:\/\/projekt.vombat.ee\/eco\/pood\/brandid\/nami\/nami-klima-max-elektriline-toukeratas-100km\/#breadcrumb"},"inLanguage":"en-GB","potentialAction":[{"@type":"ReadAction","target":["https:\/\/projekt.vombat.ee\/eco\/pood\/brandid\/nami\/nami-klima-max-elektriline-toukeratas-100km\/"]}]},{"@type":"ImageObject","inLanguage":"en-GB","@id":"https:\/\/projekt.vombat.ee\/eco\/pood\/brandid\/nami\/nami-klima-max-elektriline-toukeratas-100km\/#primaryimage","url":"https:\/\/projekt.vombat.ee\/eco\/wp-content\/uploads\/2023\/04\/Nami-Klima.jpg","contentUrl":"https:\/\/projekt.vombat.ee\/eco\/wp-content\/uploads\/2023\/04\/Nami-Klima.jpg","width":2349,"height":2560,"caption":"Nami Klima Max"},{"@type":"BreadcrumbList","@id":"https:\/\/projekt.vombat.ee\/eco\/pood\/brandid\/nami\/nami-klima-max-elektriline-toukeratas-100km\/#breadcrumb","itemListElement":[{"@type":"ListItem","position":1,"name":"Home","item":"https:\/\/projekt.vombat.ee\/eco\/"},{"@type":"ListItem","position":2,"name":"Pood","item":"https:\/\/projekt.vombat.ee\/eco\/pood\/"},{"@type":"ListItem","position":3,"name":"Nami Klima Max elektriline t\u00f5ukeratas, 100km"}]},{"@type":"WebSite","@id":"https:\/\/projekt.vombat.ee\/eco\/#website","url":"https:\/\/projekt.vombat.ee\/eco\/","name":"Ecocruiser","description":"","publisher":{"@id":"https:\/\/projekt.vombat.ee\/eco\/#organization"},"potentialAction":[{"@type":"SearchAction","target":{"@type":"EntryPoint","urlTemplate":"https:\/\/projekt.vombat.ee\/eco\/?s={search_term_string}"},"query-input":{"@type":"PropertyValueSpecification","valueRequired":true,"valueName":"search_term_string"}}],"inLanguage":"en-GB"},{"@type":"Organization","@id":"https:\/\/projekt.vombat.ee\/eco\/#organization","name":"Ecocruiser","url":"https:\/\/projekt.vombat.ee\/eco\/","logo":{"@type":"ImageObject","inLanguage":"en-GB","@id":"https:\/\/projekt.vombat.ee\/eco\/#\/schema\/logo\/image\/","url":"https:\/\/projekt.vombat.ee\/eco\/wp-content\/uploads\/2023\/03\/ECOCRUISER_5.png","contentUrl":"https:\/\/projekt.vombat.ee\/eco\/wp-content\/uploads\/2023\/03\/ECOCRUISER_5.png","width":234,"height":91,"caption":"Ecocruiser"},"image":{"@id":"https:\/\/projekt.vombat.ee\/eco\/#\/schema\/logo\/image\/"}}]}},"lang":"et","translations":{"et":8374,"fi":8422},"pll_sync_post":[],"_links":{"self":[{"href":"https:\/\/projekt.vombat.ee\/eco\/wp-json\/wp\/v2\/product\/8374"}],"collection":[{"href":"https:\/\/projekt.vombat.ee\/eco\/wp-json\/wp\/v2\/product"}],"about":[{"href":"https:\/\/projekt.vombat.ee\/eco\/wp-json\/wp\/v2\/types\/product"}],"version-history":[{"count":1,"href":"https:\/\/projekt.vombat.ee\/eco\/wp-json\/wp\/v2\/product\/8374\/revisions"}],"predecessor-version":[{"id":8390,"href":"https:\/\/projekt.vombat.ee\/eco\/wp-json\/wp\/v2\/product\/8374\/revisions\/8390"}],"wp:featuredmedia":[{"embeddable":true,"href":"https:\/\/projekt.vombat.ee\/eco\/wp-json\/wp\/v2\/media\/8348"}],"wp:attachment":[{"href":"https:\/\/projekt.vombat.ee\/eco\/wp-json\/wp\/v2\/media?parent=8374"}],"wp:term":[{"taxonomy":"product_cat","embeddable":true,"href":"https:\/\/projekt.vombat.ee\/eco\/wp-json\/wp\/v2\/product_cat?post=8374"},{"taxonomy":"product_tag","embeddable":true,"href":"https:\/\/projekt.vombat.ee\/eco\/wp-json\/wp\/v2\/product_tag?post=8374"}],"curies":[{"name":"wp","href":"https:\/\/api.w.org\/{rel}","templated":true}]}}