{"id":8358,"date":"2023-04-06T18:53:09","date_gmt":"2023-04-06T18:53:09","guid":{"rendered":"https:\/\/projekt.vombat.ee\/eco\/?post_type=product&#038;p=8358"},"modified":"2023-04-06T18:53:10","modified_gmt":"2023-04-06T18:53:10","slug":"nanrobot-d4-3-0-punainen","status":"publish","type":"product","link":"https:\/\/projekt.vombat.ee\/eco\/fi\/myym%C3%A4l%C3%A4\/tuotemerkit\/nanrobot\/nanrobot-d4-3-0-punainen\/","title":{"rendered":"Nanrobot D4+ 3.0, Punainen"},"content":{"rendered":"<div class=\"container\">\n<div class=\"row mb__50\">\n<div class=\"col-md-12\">\n<p><iframe title=\"YouTube video player\" src=\"https:\/\/www.youtube.com\/embed\/2y7ecgpuGeo\" width=\"1520\" height=\"545\" frameborder=\"0\" allowfullscreen=\"allowfullscreen\" data-mce-fragment=\"1\"><\/iframe><\/p>\n<h3>NANROBOT D4+ 3.0 S\u00c4HK\u00d6INEN TY\u00d6PY\u00d6R\u00c4<\/h3>\n<p>Meill\u00e4 on ilo tuoda sinulle upouusi Nanrobot D4+ 3.0! Se on yksi markkinoiden innovatiivisimmista, monipuolisimmista ja tyylikk\u00e4immist\u00e4 skoottereista. Se on D4+ 2.0:n seuraaja, joten jos pidit jo 2.0:sta, kannattaa ehdottomasti kokeilla sit\u00e4.<\/p>\n<\/div>\n<\/div>\n<\/div>\n<div class=\"container\">\n<div class=\"row product_custom_info\">\n<div class=\"col-md-6 image-area order-md-1\"><img decoding=\"async\" src=\"https:\/\/cdn.shopify.com\/s\/files\/1\/0014\/0371\/5678\/files\/Nanrobot_D4_3.0_Blue_by_Noblex_Tech.jpg?v=1648817038\" \/><\/div>\n<div class=\"col-md-6 text-area order-md-2\">\n<h3>LOISTAVA SUUNNITTELU<\/h3>\n<p>K\u00e4ytt\u00f6mukavuuden lis\u00e4ksi Nanrobot D4+ 3.0 on my\u00f6s ylpe\u00e4 ja upea ulkon\u00e4k\u00f6. Skootteri on saatavana kahdessa eri v\u00e4riss\u00e4 &#8211; sininen\/musta ja punainen\/musta.<\/p>\n<h2><img decoding=\"async\" style=\"font-size: inherit; color: #535353;\" src=\"https:\/\/cdn.shopify.com\/s\/files\/1\/0014\/0371\/5678\/files\/NANROBOT_D4_3.0_2.jpg?v=1663747388\" \/><\/h2>\n<\/div>\n<\/div>\n<div class=\"row product_custom_info\">\n<div class=\"col-md-6 text-area order-md-1\">\n<h3>ERITT\u00c4IN KOMPAKTI<\/h3>\n<p>Nanrobotin erityisen taittomekanismin ansiosta yksi painallus riitt\u00e4\u00e4 tekem\u00e4\u00e4n skootteristasi kompaktin ja kannettavan.<\/p>\n<h2><img decoding=\"async\" style=\"font-size: inherit; color: #535353;\" src=\"https:\/\/cdn.shopify.com\/s\/files\/1\/0014\/0371\/5678\/files\/NANROBOT_D4_3.0.jpg?v=1663747388\" \/><\/h2>\n<\/div>\n<\/div>\n<div class=\"row product_custom_info\">\n<div class=\"col-md-6 image-area order-md-2\"><img decoding=\"async\" src=\"https:\/\/cdn.shopify.com\/s\/files\/1\/0014\/0371\/5678\/files\/NANROBOT_D4_3.0_3.jpg?v=1663747387\" \/><\/div>\n<div class=\"col-md-6 text-area order-md-1\">\n<h3>HUIPPUTEKNOLOGIAN VOIMA<\/h3>\n<p>D4+ 3.0 -skootteri on varustettu tehokkaalla 52V 23Ah litiumioniakulla, jonka ajomatka on jopa 60 km yhdell\u00e4 latauksella. S\u00e4hk\u00f6skootterissa on kaksi latausporttia, joiden avulla voit ladata akun t\u00e4yteen 5-6 tunnissa (kahdella laturilla). 10 tuuman maastorenkaiden ja parannettujen iskunvaimentimien ansiosta voit ajaa turvallisesti jopa suuremmilla nopeuksilla eri teill\u00e4 ja maastoissa.<\/p>\n<\/div>\n<\/div>\n<\/div>\n","protected":false},"excerpt":{"rendered":"<p><strong>NANROBOT D4+ 3.0\u00a0<\/strong><\/p>\n<p>&nbsp;<\/p>\n<ul>\n<li>Akku \u2013 23,4Ah\/52V<\/li>\n<li>Huippunopeus &#8211; 65 km\/h<\/li>\n<li>Ajomatka &#8211; 60 km<\/li>\n<li>Latausaika \u2013 6h kahdella laturilla, 12h yhdell\u00e4 laturilla<\/li>\n<li>kantavuus &#8211; 120 kg<\/li>\n<li>Renkaat \u2013 10\u2033 ilmarenkaat<\/li>\n<\/ul>\n<p>&nbsp;<\/p>\n<p><strong>\u2666 Toimitusaika 3-7 p\u00e4iv\u00e4\u00e4<\/strong><br \/>\n<strong>\u2666 Varastossa<\/strong><\/p>\n","protected":false},"featured_media":8359,"template":"","meta":[],"product_cat":[1292,971,975],"product_tag":[],"class_list":{"0":"post-8358","1":"product","2":"type-product","3":"status-publish","4":"has-post-thumbnail","6":"product_cat-nanrobot","7":"product_cat-sahkopotkulaudat","8":"product_cat-voimakas-sahkopotkulaudat","9":"product_shipping_class-suured-pakid","11":"first","12":"instock","13":"taxable","14":"shipping-taxable","15":"purchasable","16":"product-type-simple"},"yoast_head":"<!-- This site is optimized with the Yoast SEO plugin v23.8 - https:\/\/yoast.com\/wordpress\/plugins\/seo\/ -->\n<title>Nanrobot D4+ 3.0, Punainen - Ecocruiser<\/title>\n<meta name=\"description\" content=\"Nanrobot D4+ 3.0, Punainen - Laadukkaat merkit, laaja valikoima - Ecocruiser.ee - Jos sinulla on kysytt\u00e4v\u00e4\u00e4, ota yhteytt\u00e4 info@projekt.vombat.ee\" \/>\n<meta name=\"robots\" content=\"noindex, follow, max-snippet:-1, max-image-preview:large, max-video-preview:-1\" \/>\n<meta property=\"og:locale\" content=\"en_GB\" \/>\n<meta property=\"og:type\" content=\"article\" \/>\n<meta property=\"og:title\" content=\"Nanrobot D4+ 3.0, Punainen - Ecocruiser\" \/>\n<meta property=\"og:description\" content=\"Nanrobot D4+ 3.0, Punainen - Laadukkaat merkit, laaja valikoima - Ecocruiser.ee - Jos sinulla on kysytt\u00e4v\u00e4\u00e4, ota yhteytt\u00e4 info@projekt.vombat.ee\" \/>\n<meta property=\"og:url\" content=\"https:\/\/projekt.vombat.ee\/eco\/fi\/myym\u00e4l\u00e4\/tuotemerkit\/nanrobot\/nanrobot-d4-3-0-punainen\/\" \/>\n<meta property=\"og:site_name\" content=\"Ecocruiser\" \/>\n<meta property=\"article:modified_time\" content=\"2023-04-06T18:53:10+00:00\" \/>\n<meta property=\"og:image\" content=\"https:\/\/projekt.vombat.ee\/eco\/wp-content\/uploads\/2023\/03\/Nanrobot-D4-3.0-1.png\" \/>\n\t<meta property=\"og:image:width\" content=\"2000\" \/>\n\t<meta property=\"og:image:height\" content=\"2000\" \/>\n\t<meta property=\"og:image:type\" content=\"image\/png\" \/>\n<meta name=\"twitter:card\" content=\"summary_large_image\" \/>\n<meta name=\"twitter:label1\" content=\"Estimated reading time\" \/>\n\t<meta name=\"twitter:data1\" content=\"2 minutes\" \/>\n<script type=\"application\/ld+json\" class=\"yoast-schema-graph\">{\"@context\":\"https:\/\/schema.org\",\"@graph\":[{\"@type\":\"WebPage\",\"@id\":\"https:\/\/projekt.vombat.ee\/eco\/fi\/myym%C3%A4l%C3%A4\/tuotemerkit\/nanrobot\/nanrobot-d4-3-0-punainen\/\",\"url\":\"https:\/\/projekt.vombat.ee\/eco\/fi\/myym%C3%A4l%C3%A4\/tuotemerkit\/nanrobot\/nanrobot-d4-3-0-punainen\/\",\"name\":\"Nanrobot D4+ 3.0, Punainen - Ecocruiser\",\"isPartOf\":{\"@id\":\"https:\/\/projekt.vombat.ee\/eco\/#website\"},\"primaryImageOfPage\":{\"@id\":\"https:\/\/projekt.vombat.ee\/eco\/fi\/myym%C3%A4l%C3%A4\/tuotemerkit\/nanrobot\/nanrobot-d4-3-0-punainen\/#primaryimage\"},\"image\":{\"@id\":\"https:\/\/projekt.vombat.ee\/eco\/fi\/myym%C3%A4l%C3%A4\/tuotemerkit\/nanrobot\/nanrobot-d4-3-0-punainen\/#primaryimage\"},\"thumbnailUrl\":\"https:\/\/projekt.vombat.ee\/eco\/wp-content\/uploads\/2023\/03\/Nanrobot-D4-3.0-1.png\",\"datePublished\":\"2023-04-06T18:53:09+00:00\",\"dateModified\":\"2023-04-06T18:53:10+00:00\",\"description\":\"Nanrobot D4+ 3.0, Punainen - Laadukkaat merkit, laaja valikoima - Ecocruiser.ee - Jos sinulla on kysytt\u00e4v\u00e4\u00e4, ota yhteytt\u00e4 info@projekt.vombat.ee\",\"breadcrumb\":{\"@id\":\"https:\/\/projekt.vombat.ee\/eco\/fi\/myym%C3%A4l%C3%A4\/tuotemerkit\/nanrobot\/nanrobot-d4-3-0-punainen\/#breadcrumb\"},\"inLanguage\":\"en-GB\",\"potentialAction\":[{\"@type\":\"ReadAction\",\"target\":[\"https:\/\/projekt.vombat.ee\/eco\/fi\/myym%C3%A4l%C3%A4\/tuotemerkit\/nanrobot\/nanrobot-d4-3-0-punainen\/\"]}]},{\"@type\":\"ImageObject\",\"inLanguage\":\"en-GB\",\"@id\":\"https:\/\/projekt.vombat.ee\/eco\/fi\/myym%C3%A4l%C3%A4\/tuotemerkit\/nanrobot\/nanrobot-d4-3-0-punainen\/#primaryimage\",\"url\":\"https:\/\/projekt.vombat.ee\/eco\/wp-content\/uploads\/2023\/03\/Nanrobot-D4-3.0-1.png\",\"contentUrl\":\"https:\/\/projekt.vombat.ee\/eco\/wp-content\/uploads\/2023\/03\/Nanrobot-D4-3.0-1.png\",\"width\":2000,\"height\":2000,\"caption\":\"Nanrobot D4+ 3.0\"},{\"@type\":\"BreadcrumbList\",\"@id\":\"https:\/\/projekt.vombat.ee\/eco\/fi\/myym%C3%A4l%C3%A4\/tuotemerkit\/nanrobot\/nanrobot-d4-3-0-punainen\/#breadcrumb\",\"itemListElement\":[{\"@type\":\"ListItem\",\"position\":1,\"name\":\"Home\",\"item\":\"https:\/\/projekt.vombat.ee\/eco\/\"},{\"@type\":\"ListItem\",\"position\":2,\"name\":\"Pood\",\"item\":\"https:\/\/projekt.vombat.ee\/eco\/pood\/\"},{\"@type\":\"ListItem\",\"position\":3,\"name\":\"Nanrobot D4+ 3.0, Punainen\"}]},{\"@type\":\"WebSite\",\"@id\":\"https:\/\/projekt.vombat.ee\/eco\/#website\",\"url\":\"https:\/\/projekt.vombat.ee\/eco\/\",\"name\":\"Ecocruiser\",\"description\":\"\",\"publisher\":{\"@id\":\"https:\/\/projekt.vombat.ee\/eco\/#organization\"},\"potentialAction\":[{\"@type\":\"SearchAction\",\"target\":{\"@type\":\"EntryPoint\",\"urlTemplate\":\"https:\/\/projekt.vombat.ee\/eco\/?s={search_term_string}\"},\"query-input\":{\"@type\":\"PropertyValueSpecification\",\"valueRequired\":true,\"valueName\":\"search_term_string\"}}],\"inLanguage\":\"en-GB\"},{\"@type\":\"Organization\",\"@id\":\"https:\/\/projekt.vombat.ee\/eco\/#organization\",\"name\":\"Ecocruiser\",\"url\":\"https:\/\/projekt.vombat.ee\/eco\/\",\"logo\":{\"@type\":\"ImageObject\",\"inLanguage\":\"en-GB\",\"@id\":\"https:\/\/projekt.vombat.ee\/eco\/#\/schema\/logo\/image\/\",\"url\":\"https:\/\/projekt.vombat.ee\/eco\/wp-content\/uploads\/2023\/03\/ECOCRUISER_5.png\",\"contentUrl\":\"https:\/\/projekt.vombat.ee\/eco\/wp-content\/uploads\/2023\/03\/ECOCRUISER_5.png\",\"width\":234,\"height\":91,\"caption\":\"Ecocruiser\"},\"image\":{\"@id\":\"https:\/\/projekt.vombat.ee\/eco\/#\/schema\/logo\/image\/\"}}]}<\/script>\n<!-- \/ Yoast SEO plugin. -->","yoast_head_json":{"title":"Nanrobot D4+ 3.0, Punainen - Ecocruiser","description":"Nanrobot D4+ 3.0, Punainen - Laadukkaat merkit, laaja valikoima - Ecocruiser.ee - Jos sinulla on kysytt\u00e4v\u00e4\u00e4, ota yhteytt\u00e4 info@projekt.vombat.ee","robots":{"index":"noindex","follow":"follow","max-snippet":"max-snippet:-1","max-image-preview":"max-image-preview:large","max-video-preview":"max-video-preview:-1"},"og_locale":"en_GB","og_type":"article","og_title":"Nanrobot D4+ 3.0, Punainen - Ecocruiser","og_description":"Nanrobot D4+ 3.0, Punainen - Laadukkaat merkit, laaja valikoima - Ecocruiser.ee - Jos sinulla on kysytt\u00e4v\u00e4\u00e4, ota yhteytt\u00e4 info@projekt.vombat.ee","og_url":"https:\/\/projekt.vombat.ee\/eco\/fi\/myym\u00e4l\u00e4\/tuotemerkit\/nanrobot\/nanrobot-d4-3-0-punainen\/","og_site_name":"Ecocruiser","article_modified_time":"2023-04-06T18:53:10+00:00","og_image":[{"width":2000,"height":2000,"url":"https:\/\/projekt.vombat.ee\/eco\/wp-content\/uploads\/2023\/03\/Nanrobot-D4-3.0-1.png","type":"image\/png"}],"twitter_card":"summary_large_image","twitter_misc":{"Estimated reading time":"2 minutes"},"schema":{"@context":"https:\/\/schema.org","@graph":[{"@type":"WebPage","@id":"https:\/\/projekt.vombat.ee\/eco\/fi\/myym%C3%A4l%C3%A4\/tuotemerkit\/nanrobot\/nanrobot-d4-3-0-punainen\/","url":"https:\/\/projekt.vombat.ee\/eco\/fi\/myym%C3%A4l%C3%A4\/tuotemerkit\/nanrobot\/nanrobot-d4-3-0-punainen\/","name":"Nanrobot D4+ 3.0, Punainen - Ecocruiser","isPartOf":{"@id":"https:\/\/projekt.vombat.ee\/eco\/#website"},"primaryImageOfPage":{"@id":"https:\/\/projekt.vombat.ee\/eco\/fi\/myym%C3%A4l%C3%A4\/tuotemerkit\/nanrobot\/nanrobot-d4-3-0-punainen\/#primaryimage"},"image":{"@id":"https:\/\/projekt.vombat.ee\/eco\/fi\/myym%C3%A4l%C3%A4\/tuotemerkit\/nanrobot\/nanrobot-d4-3-0-punainen\/#primaryimage"},"thumbnailUrl":"https:\/\/projekt.vombat.ee\/eco\/wp-content\/uploads\/2023\/03\/Nanrobot-D4-3.0-1.png","datePublished":"2023-04-06T18:53:09+00:00","dateModified":"2023-04-06T18:53:10+00:00","description":"Nanrobot D4+ 3.0, Punainen - Laadukkaat merkit, laaja valikoima - Ecocruiser.ee - Jos sinulla on kysytt\u00e4v\u00e4\u00e4, ota yhteytt\u00e4 info@projekt.vombat.ee","breadcrumb":{"@id":"https:\/\/projekt.vombat.ee\/eco\/fi\/myym%C3%A4l%C3%A4\/tuotemerkit\/nanrobot\/nanrobot-d4-3-0-punainen\/#breadcrumb"},"inLanguage":"en-GB","potentialAction":[{"@type":"ReadAction","target":["https:\/\/projekt.vombat.ee\/eco\/fi\/myym%C3%A4l%C3%A4\/tuotemerkit\/nanrobot\/nanrobot-d4-3-0-punainen\/"]}]},{"@type":"ImageObject","inLanguage":"en-GB","@id":"https:\/\/projekt.vombat.ee\/eco\/fi\/myym%C3%A4l%C3%A4\/tuotemerkit\/nanrobot\/nanrobot-d4-3-0-punainen\/#primaryimage","url":"https:\/\/projekt.vombat.ee\/eco\/wp-content\/uploads\/2023\/03\/Nanrobot-D4-3.0-1.png","contentUrl":"https:\/\/projekt.vombat.ee\/eco\/wp-content\/uploads\/2023\/03\/Nanrobot-D4-3.0-1.png","width":2000,"height":2000,"caption":"Nanrobot D4+ 3.0"},{"@type":"BreadcrumbList","@id":"https:\/\/projekt.vombat.ee\/eco\/fi\/myym%C3%A4l%C3%A4\/tuotemerkit\/nanrobot\/nanrobot-d4-3-0-punainen\/#breadcrumb","itemListElement":[{"@type":"ListItem","position":1,"name":"Home","item":"https:\/\/projekt.vombat.ee\/eco\/"},{"@type":"ListItem","position":2,"name":"Pood","item":"https:\/\/projekt.vombat.ee\/eco\/pood\/"},{"@type":"ListItem","position":3,"name":"Nanrobot D4+ 3.0, Punainen"}]},{"@type":"WebSite","@id":"https:\/\/projekt.vombat.ee\/eco\/#website","url":"https:\/\/projekt.vombat.ee\/eco\/","name":"Ecocruiser","description":"","publisher":{"@id":"https:\/\/projekt.vombat.ee\/eco\/#organization"},"potentialAction":[{"@type":"SearchAction","target":{"@type":"EntryPoint","urlTemplate":"https:\/\/projekt.vombat.ee\/eco\/?s={search_term_string}"},"query-input":{"@type":"PropertyValueSpecification","valueRequired":true,"valueName":"search_term_string"}}],"inLanguage":"en-GB"},{"@type":"Organization","@id":"https:\/\/projekt.vombat.ee\/eco\/#organization","name":"Ecocruiser","url":"https:\/\/projekt.vombat.ee\/eco\/","logo":{"@type":"ImageObject","inLanguage":"en-GB","@id":"https:\/\/projekt.vombat.ee\/eco\/#\/schema\/logo\/image\/","url":"https:\/\/projekt.vombat.ee\/eco\/wp-content\/uploads\/2023\/03\/ECOCRUISER_5.png","contentUrl":"https:\/\/projekt.vombat.ee\/eco\/wp-content\/uploads\/2023\/03\/ECOCRUISER_5.png","width":234,"height":91,"caption":"Ecocruiser"},"image":{"@id":"https:\/\/projekt.vombat.ee\/eco\/#\/schema\/logo\/image\/"}}]}},"lang":"fi","translations":{"fi":8358,"ru":5374,"et":2473},"pll_sync_post":[],"_links":{"self":[{"href":"https:\/\/projekt.vombat.ee\/eco\/wp-json\/wp\/v2\/product\/8358"}],"collection":[{"href":"https:\/\/projekt.vombat.ee\/eco\/wp-json\/wp\/v2\/product"}],"about":[{"href":"https:\/\/projekt.vombat.ee\/eco\/wp-json\/wp\/v2\/types\/product"}],"version-history":[{"count":1,"href":"https:\/\/projekt.vombat.ee\/eco\/wp-json\/wp\/v2\/product\/8358\/revisions"}],"predecessor-version":[{"id":8367,"href":"https:\/\/projekt.vombat.ee\/eco\/wp-json\/wp\/v2\/product\/8358\/revisions\/8367"}],"wp:featuredmedia":[{"embeddable":true,"href":"https:\/\/projekt.vombat.ee\/eco\/wp-json\/wp\/v2\/media\/8359"}],"wp:attachment":[{"href":"https:\/\/projekt.vombat.ee\/eco\/wp-json\/wp\/v2\/media?parent=8358"}],"wp:term":[{"taxonomy":"product_cat","embeddable":true,"href":"https:\/\/projekt.vombat.ee\/eco\/wp-json\/wp\/v2\/product_cat?post=8358"},{"taxonomy":"product_tag","embeddable":true,"href":"https:\/\/projekt.vombat.ee\/eco\/wp-json\/wp\/v2\/product_tag?post=8358"}],"curies":[{"name":"wp","href":"https:\/\/api.w.org\/{rel}","templated":true}]}}