{"id":8337,"date":"2023-04-06T18:40:34","date_gmt":"2023-04-06T18:40:34","guid":{"rendered":"https:\/\/projekt.vombat.ee\/eco\/?post_type=product&#038;p=8337"},"modified":"2024-07-23T06:48:42","modified_gmt":"2024-07-23T06:48:42","slug":"kugoo-kirin-m4-pro-70km","status":"publish","type":"product","link":"https:\/\/projekt.vombat.ee\/eco\/fi\/myym%C3%A4l%C3%A4\/sahkopotkulaudat\/voimakas-sahkopotkulaudat\/kugoo-kirin-m4-pro-70km\/","title":{"rendered":"Kugoo Kirin M4 Pro, 70 km"},"content":{"rendered":"<h1>KUGOO KIRIN M4 PRO<\/h1>\n<p>Kugoo Kirin M4 Pro on yksi Kugoo-br\u00e4ndin suosituimmista edustajista. M4-sarjan skootterit ovat t\u00e4ydellinen valinta niille, jotka etsiv\u00e4t skootteria, jolla on paras hinta-laatusuhde. Skootteri, joka on tarpeeksi tehokas ajomukavuudesta tinkim\u00e4tt\u00e4. Teknisen puolen lis\u00e4ksi s\u00e4\u00e4dett\u00e4v\u00e4 ohjaustanko tekee t\u00e4st\u00e4 skootterista hieman erikoisemman,<\/p>\n<p>T\u00e4m\u00e4 malli on varustettu <strong>48V\/18Ah\/864Wh<\/strong> litiumakulla, joka pystyy kulkemaan yhdell\u00e4 latauksella jopa 70km. Tehon lis\u00e4ksi skootteri on my\u00f6s eritt\u00e4in kompakti. Se voidaan taittaa noin 1-2 minuutissa ja taitettuna se sopii t\u00e4ydellisesti mink\u00e4 tahansa auton tavaratilaan. S\u00e4hk\u00f6skootterin kuljettamiseksi auki taitettuna seisovan kannen takaosaan on asennettu putken muotoinen rakenne, josta on eritt\u00e4in k\u00e4tev\u00e4 pit\u00e4\u00e4 kiinni kantamisen aikana. T\u00e4m\u00e4 rakenne toimii my\u00f6s eritt\u00e4in hyvin jalkatuella ajettaessa. Kugoo M4 Pro -s\u00e4hk\u00f6skootteri on varustettu <strong>500 W<\/strong> BLDC-s\u00e4hk\u00f6moottorilla.<\/p>\n<p><img fetchpriority=\"high\" class=\"sep-lazyload lazyautosizes lazyloaded\" sizes=\"924px\" srcset=\"https:\/\/img.staticdj.com\/426a44f62f37dd0d2af9502916f8667e_2056.webp 48w, https:\/\/img.staticdj.com\/426a44f62f37dd0d2af9502916f8667e_2056.webp 180w, https:\/\/img.staticdj.com\/426a44f62f37dd0d2af9502916f8667e_2056.webp 540w, https:\/\/img.staticdj.com\/426a44f62f37dd0d2af9502916f8667e_2056.webp 720w, https:\/\/img.staticdj.com\/426a44f62f37dd0d2af9502916f8667e_2056.webp 900w, https:\/\/img.staticdj.com\/426a44f62f37dd0d2af9502916f8667e_2056.webp 1024w, https:\/\/img.staticdj.com\/426a44f62f37dd0d2af9502916f8667e_2056.webp 1280w, https:\/\/img.staticdj.com\/426a44f62f37dd0d2af9502916f8667e_2056.webp 1366w, https:\/\/img.staticdj.com\/426a44f62f37dd0d2af9502916f8667e_2056.webp 1440w, https:\/\/img.staticdj.com\/426a44f62f37dd0d2af9502916f8667e_2056.webp 1536w, https:\/\/img.staticdj.com\/426a44f62f37dd0d2af9502916f8667e_2056.webp 1600w, https:\/\/img.staticdj.com\/426a44f62f37dd0d2af9502916f8667e_2056.webp 1920w, https:\/\/img.staticdj.com\/426a44f62f37dd0d2af9502916f8667e_2056.webp 2056w, https:\/\/img.staticdj.com\/426a44f62f37dd0d2af9502916f8667e_2056.webp 2560w, https:\/\/img.staticdj.com\/426a44f62f37dd0d2af9502916f8667e_2056.webp 2732w, https:\/\/img.staticdj.com\/426a44f62f37dd0d2af9502916f8667e_2056.webp 2880w, https:\/\/img.staticdj.com\/426a44f62f37dd0d2af9502916f8667e_2056.webp 3072w, https:\/\/img.staticdj.com\/426a44f62f37dd0d2af9502916f8667e_2056.webp 3200w, https:\/\/img.staticdj.com\/426a44f62f37dd0d2af9502916f8667e_2056.webp 3840w\" alt=\"\" width=\"1920\" height=\"1341\" data-sizes=\"auto\" data-srcset=\"https:\/\/img.staticdj.com\/426a44f62f37dd0d2af9502916f8667e_2056.webp 48w, https:\/\/img.staticdj.com\/426a44f62f37dd0d2af9502916f8667e_2056.webp 180w, https:\/\/img.staticdj.com\/426a44f62f37dd0d2af9502916f8667e_2056.webp 540w, https:\/\/img.staticdj.com\/426a44f62f37dd0d2af9502916f8667e_2056.webp 720w, https:\/\/img.staticdj.com\/426a44f62f37dd0d2af9502916f8667e_2056.webp 900w, https:\/\/img.staticdj.com\/426a44f62f37dd0d2af9502916f8667e_2056.webp 1024w, https:\/\/img.staticdj.com\/426a44f62f37dd0d2af9502916f8667e_2056.webp 1280w, https:\/\/img.staticdj.com\/426a44f62f37dd0d2af9502916f8667e_2056.webp 1366w, https:\/\/img.staticdj.com\/426a44f62f37dd0d2af9502916f8667e_2056.webp 1440w, https:\/\/img.staticdj.com\/426a44f62f37dd0d2af9502916f8667e_2056.webp 1536w, https:\/\/img.staticdj.com\/426a44f62f37dd0d2af9502916f8667e_2056.webp 1600w, https:\/\/img.staticdj.com\/426a44f62f37dd0d2af9502916f8667e_2056.webp 1920w, https:\/\/img.staticdj.com\/426a44f62f37dd0d2af9502916f8667e_2056.webp 2056w, https:\/\/img.staticdj.com\/426a44f62f37dd0d2af9502916f8667e_2056.webp 2560w, https:\/\/img.staticdj.com\/426a44f62f37dd0d2af9502916f8667e_2056.webp 2732w, https:\/\/img.staticdj.com\/426a44f62f37dd0d2af9502916f8667e_2056.webp 2880w, https:\/\/img.staticdj.com\/426a44f62f37dd0d2af9502916f8667e_2056.webp 3072w, https:\/\/img.staticdj.com\/426a44f62f37dd0d2af9502916f8667e_2056.webp 3200w, https:\/\/img.staticdj.com\/426a44f62f37dd0d2af9502916f8667e_2056.webp 3840w\" \/><\/p>\n<p><img decoding=\"async\" class=\"wp-image-7300 aligncenter\" src=\"https:\/\/www.xn--tuksimaailm-ffb.ee\/wp-content\/uploads\/2021\/12\/m4-pro-8a-300x148.png\" sizes=\"(max-width: 681px) 100vw, 681px\" srcset=\"https:\/\/www.xn--tuksimaailm-ffb.ee\/wp-content\/uploads\/2021\/12\/m4-pro-8a-300x148.png 300w, https:\/\/www.xn--tuksimaailm-ffb.ee\/wp-content\/uploads\/2021\/12\/m4-pro-8a-768x378.png 768w, https:\/\/www.xn--tuksimaailm-ffb.ee\/wp-content\/uploads\/2021\/12\/m4-pro-8a-609x300.png 609w, https:\/\/www.xn--tuksimaailm-ffb.ee\/wp-content\/uploads\/2021\/12\/m4-pro-8a-611x300.png 611w, https:\/\/www.xn--tuksimaailm-ffb.ee\/wp-content\/uploads\/2021\/12\/m4-pro-8a-600x295.png 600w, https:\/\/www.xn--tuksimaailm-ffb.ee\/wp-content\/uploads\/2021\/12\/m4-pro-8a.png 928w\" alt=\"kugoo m4 pro elektrit\u00f5ukeratas elektriline t\u00f5ukeratas elektrit\u00f5ukerattad\" width=\"681\" height=\"336\" \/><\/p>\n","protected":false},"excerpt":{"rendered":"<p><strong>KUGOO KIRIN M4 PRO<\/strong><\/p>\n<p>&nbsp;<\/p>\n<ul>\n<li>Moottori: 500W<\/li>\n<li>Akku: 48V 18AH<\/li>\n<li>Kantavuus: 150 kg<\/li>\n<li>Suurin nopeus: 45 km\/h<\/li>\n<li>Ajomatka: 70 km km<\/li>\n<li>Latausaika: 8h<\/li>\n<li>Korkeuskulma: 15\u00b0.<\/li>\n<li>Renkaat: 10&#8243; ilmarenkaat<\/li>\n<\/ul>\n<p>&nbsp;<\/p>\n<p><strong>\u2666 Toimitusaika 3-7 p\u00e4iv\u00e4\u00e4<\/strong><br \/>\n<strong>\u2666 Varastossa<\/strong><\/p>\n","protected":false},"featured_media":8338,"template":"","meta":[],"product_cat":[1294,971,1343,975],"product_tag":[],"class_list":{"0":"post-8337","1":"product","2":"type-product","3":"status-publish","4":"has-post-thumbnail","6":"product_cat-kugoo","7":"product_cat-sahkopotkulaudat","8":"product_cat-top-5-sahkopotkulaudat","9":"product_cat-voimakas-sahkopotkulaudat","10":"product_shipping_class-suured-pakid","12":"first","13":"instock","14":"sale","15":"taxable","16":"shipping-taxable","17":"purchasable","18":"product-type-simple"},"yoast_head":"<!-- This site is optimized with the Yoast SEO plugin v23.8 - https:\/\/yoast.com\/wordpress\/plugins\/seo\/ -->\n<title>Kugoo Kirin M4 Pro, 70 km - Ecocruiser<\/title>\n<meta name=\"description\" content=\"Kugoo Kirin M4 Pro, 70 km - Laadukkaat merkit, laaja valikoima - Ecocruiser.ee - Jos sinulla on kysytt\u00e4v\u00e4\u00e4, ota yhteytt\u00e4 info@projekt.vombat.ee\" \/>\n<meta name=\"robots\" content=\"noindex, follow, max-snippet:-1, max-image-preview:large, max-video-preview:-1\" \/>\n<meta property=\"og:locale\" content=\"en_GB\" \/>\n<meta property=\"og:type\" content=\"article\" \/>\n<meta property=\"og:title\" content=\"Kugoo Kirin M4 Pro, 70 km - Ecocruiser\" \/>\n<meta property=\"og:description\" content=\"Kugoo Kirin M4 Pro, 70 km - Laadukkaat merkit, laaja valikoima - Ecocruiser.ee - Jos sinulla on kysytt\u00e4v\u00e4\u00e4, ota yhteytt\u00e4 info@projekt.vombat.ee\" \/>\n<meta property=\"og:url\" content=\"https:\/\/projekt.vombat.ee\/eco\/fi\/myym\u00e4l\u00e4\/sahkopotkulaudat\/voimakas-sahkopotkulaudat\/kugoo-kirin-m4-pro-70km\/\" \/>\n<meta property=\"og:site_name\" content=\"Ecocruiser\" \/>\n<meta property=\"article:modified_time\" content=\"2024-07-23T06:48:42+00:00\" \/>\n<meta property=\"og:image\" content=\"https:\/\/projekt.vombat.ee\/eco\/wp-content\/uploads\/2023\/03\/Kugoo-Kirin-M4-Pro.png\" \/>\n\t<meta property=\"og:image:width\" content=\"939\" \/>\n\t<meta property=\"og:image:height\" content=\"909\" \/>\n\t<meta property=\"og:image:type\" content=\"image\/png\" \/>\n<meta name=\"twitter:card\" content=\"summary_large_image\" \/>\n<meta name=\"twitter:label1\" content=\"Estimated reading time\" \/>\n\t<meta name=\"twitter:data1\" content=\"2 minutes\" \/>\n<script type=\"application\/ld+json\" class=\"yoast-schema-graph\">{\"@context\":\"https:\/\/schema.org\",\"@graph\":[{\"@type\":\"WebPage\",\"@id\":\"https:\/\/projekt.vombat.ee\/eco\/fi\/myym%C3%A4l%C3%A4\/sahkopotkulaudat\/voimakas-sahkopotkulaudat\/kugoo-kirin-m4-pro-70km\/\",\"url\":\"https:\/\/projekt.vombat.ee\/eco\/fi\/myym%C3%A4l%C3%A4\/sahkopotkulaudat\/voimakas-sahkopotkulaudat\/kugoo-kirin-m4-pro-70km\/\",\"name\":\"Kugoo Kirin M4 Pro, 70 km - Ecocruiser\",\"isPartOf\":{\"@id\":\"https:\/\/projekt.vombat.ee\/eco\/#website\"},\"primaryImageOfPage\":{\"@id\":\"https:\/\/projekt.vombat.ee\/eco\/fi\/myym%C3%A4l%C3%A4\/sahkopotkulaudat\/voimakas-sahkopotkulaudat\/kugoo-kirin-m4-pro-70km\/#primaryimage\"},\"image\":{\"@id\":\"https:\/\/projekt.vombat.ee\/eco\/fi\/myym%C3%A4l%C3%A4\/sahkopotkulaudat\/voimakas-sahkopotkulaudat\/kugoo-kirin-m4-pro-70km\/#primaryimage\"},\"thumbnailUrl\":\"https:\/\/projekt.vombat.ee\/eco\/wp-content\/uploads\/2023\/03\/Kugoo-Kirin-M4-Pro.png\",\"datePublished\":\"2023-04-06T18:40:34+00:00\",\"dateModified\":\"2024-07-23T06:48:42+00:00\",\"description\":\"Kugoo Kirin M4 Pro, 70 km - Laadukkaat merkit, laaja valikoima - Ecocruiser.ee - Jos sinulla on kysytt\u00e4v\u00e4\u00e4, ota yhteytt\u00e4 info@projekt.vombat.ee\",\"breadcrumb\":{\"@id\":\"https:\/\/projekt.vombat.ee\/eco\/fi\/myym%C3%A4l%C3%A4\/sahkopotkulaudat\/voimakas-sahkopotkulaudat\/kugoo-kirin-m4-pro-70km\/#breadcrumb\"},\"inLanguage\":\"en-GB\",\"potentialAction\":[{\"@type\":\"ReadAction\",\"target\":[\"https:\/\/projekt.vombat.ee\/eco\/fi\/myym%C3%A4l%C3%A4\/sahkopotkulaudat\/voimakas-sahkopotkulaudat\/kugoo-kirin-m4-pro-70km\/\"]}]},{\"@type\":\"ImageObject\",\"inLanguage\":\"en-GB\",\"@id\":\"https:\/\/projekt.vombat.ee\/eco\/fi\/myym%C3%A4l%C3%A4\/sahkopotkulaudat\/voimakas-sahkopotkulaudat\/kugoo-kirin-m4-pro-70km\/#primaryimage\",\"url\":\"https:\/\/projekt.vombat.ee\/eco\/wp-content\/uploads\/2023\/03\/Kugoo-Kirin-M4-Pro.png\",\"contentUrl\":\"https:\/\/projekt.vombat.ee\/eco\/wp-content\/uploads\/2023\/03\/Kugoo-Kirin-M4-Pro.png\",\"width\":939,\"height\":909,\"caption\":\"Kugoo Kirin M4 Pro\"},{\"@type\":\"BreadcrumbList\",\"@id\":\"https:\/\/projekt.vombat.ee\/eco\/fi\/myym%C3%A4l%C3%A4\/sahkopotkulaudat\/voimakas-sahkopotkulaudat\/kugoo-kirin-m4-pro-70km\/#breadcrumb\",\"itemListElement\":[{\"@type\":\"ListItem\",\"position\":1,\"name\":\"Home\",\"item\":\"https:\/\/projekt.vombat.ee\/eco\/\"},{\"@type\":\"ListItem\",\"position\":2,\"name\":\"Pood\",\"item\":\"https:\/\/projekt.vombat.ee\/eco\/pood\/\"},{\"@type\":\"ListItem\",\"position\":3,\"name\":\"Kugoo Kirin M4 Pro, 70 km\"}]},{\"@type\":\"WebSite\",\"@id\":\"https:\/\/projekt.vombat.ee\/eco\/#website\",\"url\":\"https:\/\/projekt.vombat.ee\/eco\/\",\"name\":\"Ecocruiser\",\"description\":\"\",\"publisher\":{\"@id\":\"https:\/\/projekt.vombat.ee\/eco\/#organization\"},\"potentialAction\":[{\"@type\":\"SearchAction\",\"target\":{\"@type\":\"EntryPoint\",\"urlTemplate\":\"https:\/\/projekt.vombat.ee\/eco\/?s={search_term_string}\"},\"query-input\":{\"@type\":\"PropertyValueSpecification\",\"valueRequired\":true,\"valueName\":\"search_term_string\"}}],\"inLanguage\":\"en-GB\"},{\"@type\":\"Organization\",\"@id\":\"https:\/\/projekt.vombat.ee\/eco\/#organization\",\"name\":\"Ecocruiser\",\"url\":\"https:\/\/projekt.vombat.ee\/eco\/\",\"logo\":{\"@type\":\"ImageObject\",\"inLanguage\":\"en-GB\",\"@id\":\"https:\/\/projekt.vombat.ee\/eco\/#\/schema\/logo\/image\/\",\"url\":\"https:\/\/projekt.vombat.ee\/eco\/wp-content\/uploads\/2023\/03\/ECOCRUISER_5.png\",\"contentUrl\":\"https:\/\/projekt.vombat.ee\/eco\/wp-content\/uploads\/2023\/03\/ECOCRUISER_5.png\",\"width\":234,\"height\":91,\"caption\":\"Ecocruiser\"},\"image\":{\"@id\":\"https:\/\/projekt.vombat.ee\/eco\/#\/schema\/logo\/image\/\"}}]}<\/script>\n<!-- \/ Yoast SEO plugin. -->","yoast_head_json":{"title":"Kugoo Kirin M4 Pro, 70 km - Ecocruiser","description":"Kugoo Kirin M4 Pro, 70 km - Laadukkaat merkit, laaja valikoima - Ecocruiser.ee - Jos sinulla on kysytt\u00e4v\u00e4\u00e4, ota yhteytt\u00e4 info@projekt.vombat.ee","robots":{"index":"noindex","follow":"follow","max-snippet":"max-snippet:-1","max-image-preview":"max-image-preview:large","max-video-preview":"max-video-preview:-1"},"og_locale":"en_GB","og_type":"article","og_title":"Kugoo Kirin M4 Pro, 70 km - Ecocruiser","og_description":"Kugoo Kirin M4 Pro, 70 km - Laadukkaat merkit, laaja valikoima - Ecocruiser.ee - Jos sinulla on kysytt\u00e4v\u00e4\u00e4, ota yhteytt\u00e4 info@projekt.vombat.ee","og_url":"https:\/\/projekt.vombat.ee\/eco\/fi\/myym\u00e4l\u00e4\/sahkopotkulaudat\/voimakas-sahkopotkulaudat\/kugoo-kirin-m4-pro-70km\/","og_site_name":"Ecocruiser","article_modified_time":"2024-07-23T06:48:42+00:00","og_image":[{"width":939,"height":909,"url":"https:\/\/projekt.vombat.ee\/eco\/wp-content\/uploads\/2023\/03\/Kugoo-Kirin-M4-Pro.png","type":"image\/png"}],"twitter_card":"summary_large_image","twitter_misc":{"Estimated reading time":"2 minutes"},"schema":{"@context":"https:\/\/schema.org","@graph":[{"@type":"WebPage","@id":"https:\/\/projekt.vombat.ee\/eco\/fi\/myym%C3%A4l%C3%A4\/sahkopotkulaudat\/voimakas-sahkopotkulaudat\/kugoo-kirin-m4-pro-70km\/","url":"https:\/\/projekt.vombat.ee\/eco\/fi\/myym%C3%A4l%C3%A4\/sahkopotkulaudat\/voimakas-sahkopotkulaudat\/kugoo-kirin-m4-pro-70km\/","name":"Kugoo Kirin M4 Pro, 70 km - Ecocruiser","isPartOf":{"@id":"https:\/\/projekt.vombat.ee\/eco\/#website"},"primaryImageOfPage":{"@id":"https:\/\/projekt.vombat.ee\/eco\/fi\/myym%C3%A4l%C3%A4\/sahkopotkulaudat\/voimakas-sahkopotkulaudat\/kugoo-kirin-m4-pro-70km\/#primaryimage"},"image":{"@id":"https:\/\/projekt.vombat.ee\/eco\/fi\/myym%C3%A4l%C3%A4\/sahkopotkulaudat\/voimakas-sahkopotkulaudat\/kugoo-kirin-m4-pro-70km\/#primaryimage"},"thumbnailUrl":"https:\/\/projekt.vombat.ee\/eco\/wp-content\/uploads\/2023\/03\/Kugoo-Kirin-M4-Pro.png","datePublished":"2023-04-06T18:40:34+00:00","dateModified":"2024-07-23T06:48:42+00:00","description":"Kugoo Kirin M4 Pro, 70 km - Laadukkaat merkit, laaja valikoima - Ecocruiser.ee - Jos sinulla on kysytt\u00e4v\u00e4\u00e4, ota yhteytt\u00e4 info@projekt.vombat.ee","breadcrumb":{"@id":"https:\/\/projekt.vombat.ee\/eco\/fi\/myym%C3%A4l%C3%A4\/sahkopotkulaudat\/voimakas-sahkopotkulaudat\/kugoo-kirin-m4-pro-70km\/#breadcrumb"},"inLanguage":"en-GB","potentialAction":[{"@type":"ReadAction","target":["https:\/\/projekt.vombat.ee\/eco\/fi\/myym%C3%A4l%C3%A4\/sahkopotkulaudat\/voimakas-sahkopotkulaudat\/kugoo-kirin-m4-pro-70km\/"]}]},{"@type":"ImageObject","inLanguage":"en-GB","@id":"https:\/\/projekt.vombat.ee\/eco\/fi\/myym%C3%A4l%C3%A4\/sahkopotkulaudat\/voimakas-sahkopotkulaudat\/kugoo-kirin-m4-pro-70km\/#primaryimage","url":"https:\/\/projekt.vombat.ee\/eco\/wp-content\/uploads\/2023\/03\/Kugoo-Kirin-M4-Pro.png","contentUrl":"https:\/\/projekt.vombat.ee\/eco\/wp-content\/uploads\/2023\/03\/Kugoo-Kirin-M4-Pro.png","width":939,"height":909,"caption":"Kugoo Kirin M4 Pro"},{"@type":"BreadcrumbList","@id":"https:\/\/projekt.vombat.ee\/eco\/fi\/myym%C3%A4l%C3%A4\/sahkopotkulaudat\/voimakas-sahkopotkulaudat\/kugoo-kirin-m4-pro-70km\/#breadcrumb","itemListElement":[{"@type":"ListItem","position":1,"name":"Home","item":"https:\/\/projekt.vombat.ee\/eco\/"},{"@type":"ListItem","position":2,"name":"Pood","item":"https:\/\/projekt.vombat.ee\/eco\/pood\/"},{"@type":"ListItem","position":3,"name":"Kugoo Kirin M4 Pro, 70 km"}]},{"@type":"WebSite","@id":"https:\/\/projekt.vombat.ee\/eco\/#website","url":"https:\/\/projekt.vombat.ee\/eco\/","name":"Ecocruiser","description":"","publisher":{"@id":"https:\/\/projekt.vombat.ee\/eco\/#organization"},"potentialAction":[{"@type":"SearchAction","target":{"@type":"EntryPoint","urlTemplate":"https:\/\/projekt.vombat.ee\/eco\/?s={search_term_string}"},"query-input":{"@type":"PropertyValueSpecification","valueRequired":true,"valueName":"search_term_string"}}],"inLanguage":"en-GB"},{"@type":"Organization","@id":"https:\/\/projekt.vombat.ee\/eco\/#organization","name":"Ecocruiser","url":"https:\/\/projekt.vombat.ee\/eco\/","logo":{"@type":"ImageObject","inLanguage":"en-GB","@id":"https:\/\/projekt.vombat.ee\/eco\/#\/schema\/logo\/image\/","url":"https:\/\/projekt.vombat.ee\/eco\/wp-content\/uploads\/2023\/03\/ECOCRUISER_5.png","contentUrl":"https:\/\/projekt.vombat.ee\/eco\/wp-content\/uploads\/2023\/03\/ECOCRUISER_5.png","width":234,"height":91,"caption":"Ecocruiser"},"image":{"@id":"https:\/\/projekt.vombat.ee\/eco\/#\/schema\/logo\/image\/"}}]}},"lang":"fi","translations":{"fi":8337,"ru":5274,"et":2513,"lv":10874,"en":15943,"fr":16971},"pll_sync_post":[],"_links":{"self":[{"href":"https:\/\/projekt.vombat.ee\/eco\/wp-json\/wp\/v2\/product\/8337"}],"collection":[{"href":"https:\/\/projekt.vombat.ee\/eco\/wp-json\/wp\/v2\/product"}],"about":[{"href":"https:\/\/projekt.vombat.ee\/eco\/wp-json\/wp\/v2\/types\/product"}],"version-history":[{"count":3,"href":"https:\/\/projekt.vombat.ee\/eco\/wp-json\/wp\/v2\/product\/8337\/revisions"}],"predecessor-version":[{"id":8444,"href":"https:\/\/projekt.vombat.ee\/eco\/wp-json\/wp\/v2\/product\/8337\/revisions\/8444"}],"wp:featuredmedia":[{"embeddable":true,"href":"https:\/\/projekt.vombat.ee\/eco\/wp-json\/wp\/v2\/media\/8338"}],"wp:attachment":[{"href":"https:\/\/projekt.vombat.ee\/eco\/wp-json\/wp\/v2\/media?parent=8337"}],"wp:term":[{"taxonomy":"product_cat","embeddable":true,"href":"https:\/\/projekt.vombat.ee\/eco\/wp-json\/wp\/v2\/product_cat?post=8337"},{"taxonomy":"product_tag","embeddable":true,"href":"https:\/\/projekt.vombat.ee\/eco\/wp-json\/wp\/v2\/product_tag?post=8337"}],"curies":[{"name":"wp","href":"https:\/\/api.w.org\/{rel}","templated":true}]}}