{"id":8321,"date":"2023-04-06T17:53:51","date_gmt":"2023-04-06T17:53:51","guid":{"rendered":"https:\/\/projekt.vombat.ee\/eco\/?post_type=product&#038;p=8321"},"modified":"2024-03-17T13:14:01","modified_gmt":"2024-03-17T13:14:01","slug":"engwe-engine-pro-250-w-100-km","status":"publish","type":"product","link":"https:\/\/projekt.vombat.ee\/eco\/fi\/myym%C3%A4l%C3%A4\/sahkopyorat\/taitettavat-sahkopyorat\/engwe-engine-pro-250-w-100-km\/","title":{"rendered":"Engwe ENGINE PRO 250 W, 100 km"},"content":{"rendered":"<h3>Engwe ENGINE PRO<\/h3>\n<p>Uusi 250 W tehokas moottori<br \/>\nRasvat off-road-renkaat, joiden mitat ovat 20 x 4020 x 4,0 tuumaa<br \/>\n3-vaiheinen taitettava alumiiniseosrunko<br \/>\nEtu- ja takajousitus<br \/>\nIrrotettava 48V 16Ah litiumakku<br \/>\nHydrauliset jarrut edess\u00e4 ja takana<br \/>\nVakionopeudens\u00e4\u00e4din<br \/>\nV\u00e4rillinen LCD-n\u00e4ytt\u00f6<br \/>\n8 nopeusasetusta<br \/>\nAjomatka t\u00e4yteen ladattuna: 100 km. Tiedot testataan poljinavustustilassa, todellinen kantama voi vaihdella tieolosuhteiden, kuljettajan painon jne. mukaan.<br \/>\nLaturi: 2A<br \/>\nN\u00e4ytt\u00f6: KD986 v\u00e4rillinen LCD-n\u00e4ytt\u00f6<br \/>\nPy\u00f6r\u00e4n paino: 32,7 kg<br \/>\nTeline: Integroitu takateline<br \/>\npy\u00f6r\u00e4n pituus avattuna: 175 cm<br \/>\nPy\u00f6r\u00e4n pituus koottuna: 104 cm<br \/>\nV\u00e4ri: Sininen<\/p>\n<h3>Engwe ENGINE PRO py\u00f6r\u00e4koot<\/h3>\n<p>Py\u00f6r\u00e4n mitat: 175 * 57 * 123 cm<\/p>\n<p>Jatkettu pituus: 1750 mm<\/p>\n<p>Pituus taitettuna: 1040 mm<\/p>\n<p>Kahva lattiaan (matalin): 1230 mm<\/p>\n<p>Kahva lattiaan (ylempi): 1300 mm<\/p>\n<p>Istuimesta lattiaan (alin): 860 mm<\/p>\n<p>Istuimesta lattiaan (korkein): 1080 mm<\/p>\n<p>Polkimet lattiaan (alin): 120 mm<\/p>\n<p>Ohjaustangon leveys: 570 mm<\/p>\n<p>ohjaustanko istuimeen: 515 mm<\/p>\n<p>istuimen pituus: 260 mm<\/p>\n<p>Istuimen leveys: 200 mm<\/p>\n<p>Takahyllyn pituus: 343 mm<\/p>\n<p>Takahyllyn leveys: 175 mm<\/p>\n<p>akun koko: 417 * 57 * 113 mm<\/p>\n<p>Laatikon mitat: 1430*300*700mm<\/p>\n<p>&nbsp;<\/p>\n<h3>Setti sis\u00e4lt\u00e4\u00e4<\/h3>\n<p>Pro Ebike *1<br \/>\n16 Ah akku *1<br \/>\nAkkulaturi *1<br \/>\nAsennusty\u00f6kalut *1<br \/>\nEnglanninkielinen k\u00e4ytt\u00f6ohje *1<\/p>\n","protected":false},"excerpt":{"rendered":"<p><strong>ENGWE Engine Pro\u00a0<\/strong><\/p>\n<p>Sopii ajamiseen sek\u00e4 kaupungissa ett\u00e4 mets\u00e4ss\u00e4<\/p>\n<p>&nbsp;<\/p>\n<ul>\n<li>Suurin kantavuus: 130 kg<\/li>\n<li>Latausaika: 5 h<\/li>\n<li>Ajomatka: 50-60 km (s\u00e4hk\u00f6tila); 100-120 km (passitila)<\/li>\n<li>Huippunopeus: 25 km\/h<\/li>\n<li>Moottori: 750W\/1000W huipputeho<\/li>\n<\/ul>\n<p>&nbsp;<\/p>\n<p><strong>\u2666 Toimitusaika 3-8 p\u00e4iv\u00e4\u00e4<\/strong><br \/>\n<strong>\u2666 Varastossa<\/strong><\/p>\n","protected":false},"featured_media":8322,"template":"","meta":[],"product_cat":[1286,979,981],"product_tag":[],"class_list":{"0":"post-8321","1":"product","2":"type-product","3":"status-publish","4":"has-post-thumbnail","6":"product_cat-engwe","7":"product_cat-sahkopyorat","8":"product_cat-taitettavat-sahkopyorat","9":"product_shipping_class-suured-pakid","11":"first","12":"instock","13":"sale","14":"taxable","15":"shipping-taxable","16":"purchasable","17":"product-type-variable"},"yoast_head":"<!-- This site is optimized with the Yoast SEO plugin v23.8 - https:\/\/yoast.com\/wordpress\/plugins\/seo\/ -->\n<title>Engwe ENGINE PRO 250 W, 100 km - Ecocruiser<\/title>\n<meta name=\"description\" content=\"ENGWE Engine Pro -s\u00e4hk\u00f6py\u00f6r\u00e4ss\u00e4 on uusi tehokas 250 W harjaton moottori. Py\u00f6r\u00e4ss\u00e4 on 20-tuumaiset py\u00f6r\u00e4t, jotka sopivat ajamiseen sek\u00e4 kaupungissa ett\u00e4 mets\u00e4ss\u00e4.\" \/>\n<meta name=\"robots\" content=\"noindex, follow, max-snippet:-1, max-image-preview:large, max-video-preview:-1\" \/>\n<meta property=\"og:locale\" content=\"en_GB\" \/>\n<meta property=\"og:type\" content=\"article\" \/>\n<meta property=\"og:title\" content=\"Engwe ENGINE PRO 250 W, 100 km - Ecocruiser\" \/>\n<meta property=\"og:description\" content=\"ENGWE Engine Pro -s\u00e4hk\u00f6py\u00f6r\u00e4ss\u00e4 on uusi tehokas 250 W harjaton moottori. Py\u00f6r\u00e4ss\u00e4 on 20-tuumaiset py\u00f6r\u00e4t, jotka sopivat ajamiseen sek\u00e4 kaupungissa ett\u00e4 mets\u00e4ss\u00e4.\" \/>\n<meta property=\"og:url\" content=\"https:\/\/projekt.vombat.ee\/eco\/fi\/myym\u00e4l\u00e4\/sahkopyorat\/taitettavat-sahkopyorat\/engwe-engine-pro-250-w-100-km\/\" \/>\n<meta property=\"og:site_name\" content=\"Ecocruiser\" \/>\n<meta property=\"article:modified_time\" content=\"2024-03-17T13:14:01+00:00\" \/>\n<meta property=\"og:image\" content=\"https:\/\/projekt.vombat.ee\/eco\/wp-content\/uploads\/2023\/03\/EngweEngine-1-scaled.webp\" \/>\n\t<meta property=\"og:image:width\" content=\"1838\" \/>\n\t<meta property=\"og:image:height\" content=\"2560\" \/>\n\t<meta property=\"og:image:type\" content=\"image\/webp\" \/>\n<meta name=\"twitter:card\" content=\"summary_large_image\" \/>\n<meta name=\"twitter:label1\" content=\"Estimated reading time\" \/>\n\t<meta name=\"twitter:data1\" content=\"1 minute\" \/>\n<script type=\"application\/ld+json\" class=\"yoast-schema-graph\">{\"@context\":\"https:\/\/schema.org\",\"@graph\":[{\"@type\":\"WebPage\",\"@id\":\"https:\/\/projekt.vombat.ee\/eco\/fi\/myym%C3%A4l%C3%A4\/sahkopyorat\/taitettavat-sahkopyorat\/engwe-engine-pro-250-w-100-km\/\",\"url\":\"https:\/\/projekt.vombat.ee\/eco\/fi\/myym%C3%A4l%C3%A4\/sahkopyorat\/taitettavat-sahkopyorat\/engwe-engine-pro-250-w-100-km\/\",\"name\":\"Engwe ENGINE PRO 250 W, 100 km - Ecocruiser\",\"isPartOf\":{\"@id\":\"https:\/\/projekt.vombat.ee\/eco\/#website\"},\"primaryImageOfPage\":{\"@id\":\"https:\/\/projekt.vombat.ee\/eco\/fi\/myym%C3%A4l%C3%A4\/sahkopyorat\/taitettavat-sahkopyorat\/engwe-engine-pro-250-w-100-km\/#primaryimage\"},\"image\":{\"@id\":\"https:\/\/projekt.vombat.ee\/eco\/fi\/myym%C3%A4l%C3%A4\/sahkopyorat\/taitettavat-sahkopyorat\/engwe-engine-pro-250-w-100-km\/#primaryimage\"},\"thumbnailUrl\":\"https:\/\/projekt.vombat.ee\/eco\/wp-content\/uploads\/2023\/03\/EngweEngine-1-scaled.webp\",\"datePublished\":\"2023-04-06T17:53:51+00:00\",\"dateModified\":\"2024-03-17T13:14:01+00:00\",\"description\":\"ENGWE Engine Pro -s\u00e4hk\u00f6py\u00f6r\u00e4ss\u00e4 on uusi tehokas 250 W harjaton moottori. Py\u00f6r\u00e4ss\u00e4 on 20-tuumaiset py\u00f6r\u00e4t, jotka sopivat ajamiseen sek\u00e4 kaupungissa ett\u00e4 mets\u00e4ss\u00e4.\",\"breadcrumb\":{\"@id\":\"https:\/\/projekt.vombat.ee\/eco\/fi\/myym%C3%A4l%C3%A4\/sahkopyorat\/taitettavat-sahkopyorat\/engwe-engine-pro-250-w-100-km\/#breadcrumb\"},\"inLanguage\":\"en-GB\",\"potentialAction\":[{\"@type\":\"ReadAction\",\"target\":[\"https:\/\/projekt.vombat.ee\/eco\/fi\/myym%C3%A4l%C3%A4\/sahkopyorat\/taitettavat-sahkopyorat\/engwe-engine-pro-250-w-100-km\/\"]}]},{\"@type\":\"ImageObject\",\"inLanguage\":\"en-GB\",\"@id\":\"https:\/\/projekt.vombat.ee\/eco\/fi\/myym%C3%A4l%C3%A4\/sahkopyorat\/taitettavat-sahkopyorat\/engwe-engine-pro-250-w-100-km\/#primaryimage\",\"url\":\"https:\/\/projekt.vombat.ee\/eco\/wp-content\/uploads\/2023\/03\/EngweEngine-1-scaled.webp\",\"contentUrl\":\"https:\/\/projekt.vombat.ee\/eco\/wp-content\/uploads\/2023\/03\/EngweEngine-1-scaled.webp\",\"width\":1838,\"height\":2560,\"caption\":\"EngweEngine\"},{\"@type\":\"BreadcrumbList\",\"@id\":\"https:\/\/projekt.vombat.ee\/eco\/fi\/myym%C3%A4l%C3%A4\/sahkopyorat\/taitettavat-sahkopyorat\/engwe-engine-pro-250-w-100-km\/#breadcrumb\",\"itemListElement\":[{\"@type\":\"ListItem\",\"position\":1,\"name\":\"Home\",\"item\":\"https:\/\/projekt.vombat.ee\/eco\/\"},{\"@type\":\"ListItem\",\"position\":2,\"name\":\"Pood\",\"item\":\"https:\/\/projekt.vombat.ee\/eco\/pood\/\"},{\"@type\":\"ListItem\",\"position\":3,\"name\":\"Engwe ENGINE PRO 250 W, 100 km\"}]},{\"@type\":\"WebSite\",\"@id\":\"https:\/\/projekt.vombat.ee\/eco\/#website\",\"url\":\"https:\/\/projekt.vombat.ee\/eco\/\",\"name\":\"Ecocruiser\",\"description\":\"\",\"publisher\":{\"@id\":\"https:\/\/projekt.vombat.ee\/eco\/#organization\"},\"potentialAction\":[{\"@type\":\"SearchAction\",\"target\":{\"@type\":\"EntryPoint\",\"urlTemplate\":\"https:\/\/projekt.vombat.ee\/eco\/?s={search_term_string}\"},\"query-input\":{\"@type\":\"PropertyValueSpecification\",\"valueRequired\":true,\"valueName\":\"search_term_string\"}}],\"inLanguage\":\"en-GB\"},{\"@type\":\"Organization\",\"@id\":\"https:\/\/projekt.vombat.ee\/eco\/#organization\",\"name\":\"Ecocruiser\",\"url\":\"https:\/\/projekt.vombat.ee\/eco\/\",\"logo\":{\"@type\":\"ImageObject\",\"inLanguage\":\"en-GB\",\"@id\":\"https:\/\/projekt.vombat.ee\/eco\/#\/schema\/logo\/image\/\",\"url\":\"https:\/\/projekt.vombat.ee\/eco\/wp-content\/uploads\/2023\/03\/ECOCRUISER_5.png\",\"contentUrl\":\"https:\/\/projekt.vombat.ee\/eco\/wp-content\/uploads\/2023\/03\/ECOCRUISER_5.png\",\"width\":234,\"height\":91,\"caption\":\"Ecocruiser\"},\"image\":{\"@id\":\"https:\/\/projekt.vombat.ee\/eco\/#\/schema\/logo\/image\/\"}}]}<\/script>\n<!-- \/ Yoast SEO plugin. -->","yoast_head_json":{"title":"Engwe ENGINE PRO 250 W, 100 km - Ecocruiser","description":"ENGWE Engine Pro -s\u00e4hk\u00f6py\u00f6r\u00e4ss\u00e4 on uusi tehokas 250 W harjaton moottori. Py\u00f6r\u00e4ss\u00e4 on 20-tuumaiset py\u00f6r\u00e4t, jotka sopivat ajamiseen sek\u00e4 kaupungissa ett\u00e4 mets\u00e4ss\u00e4.","robots":{"index":"noindex","follow":"follow","max-snippet":"max-snippet:-1","max-image-preview":"max-image-preview:large","max-video-preview":"max-video-preview:-1"},"og_locale":"en_GB","og_type":"article","og_title":"Engwe ENGINE PRO 250 W, 100 km - Ecocruiser","og_description":"ENGWE Engine Pro -s\u00e4hk\u00f6py\u00f6r\u00e4ss\u00e4 on uusi tehokas 250 W harjaton moottori. Py\u00f6r\u00e4ss\u00e4 on 20-tuumaiset py\u00f6r\u00e4t, jotka sopivat ajamiseen sek\u00e4 kaupungissa ett\u00e4 mets\u00e4ss\u00e4.","og_url":"https:\/\/projekt.vombat.ee\/eco\/fi\/myym\u00e4l\u00e4\/sahkopyorat\/taitettavat-sahkopyorat\/engwe-engine-pro-250-w-100-km\/","og_site_name":"Ecocruiser","article_modified_time":"2024-03-17T13:14:01+00:00","og_image":[{"width":1838,"height":2560,"url":"https:\/\/projekt.vombat.ee\/eco\/wp-content\/uploads\/2023\/03\/EngweEngine-1-scaled.webp","type":"image\/webp"}],"twitter_card":"summary_large_image","twitter_misc":{"Estimated reading time":"1 minute"},"schema":{"@context":"https:\/\/schema.org","@graph":[{"@type":"WebPage","@id":"https:\/\/projekt.vombat.ee\/eco\/fi\/myym%C3%A4l%C3%A4\/sahkopyorat\/taitettavat-sahkopyorat\/engwe-engine-pro-250-w-100-km\/","url":"https:\/\/projekt.vombat.ee\/eco\/fi\/myym%C3%A4l%C3%A4\/sahkopyorat\/taitettavat-sahkopyorat\/engwe-engine-pro-250-w-100-km\/","name":"Engwe ENGINE PRO 250 W, 100 km - Ecocruiser","isPartOf":{"@id":"https:\/\/projekt.vombat.ee\/eco\/#website"},"primaryImageOfPage":{"@id":"https:\/\/projekt.vombat.ee\/eco\/fi\/myym%C3%A4l%C3%A4\/sahkopyorat\/taitettavat-sahkopyorat\/engwe-engine-pro-250-w-100-km\/#primaryimage"},"image":{"@id":"https:\/\/projekt.vombat.ee\/eco\/fi\/myym%C3%A4l%C3%A4\/sahkopyorat\/taitettavat-sahkopyorat\/engwe-engine-pro-250-w-100-km\/#primaryimage"},"thumbnailUrl":"https:\/\/projekt.vombat.ee\/eco\/wp-content\/uploads\/2023\/03\/EngweEngine-1-scaled.webp","datePublished":"2023-04-06T17:53:51+00:00","dateModified":"2024-03-17T13:14:01+00:00","description":"ENGWE Engine Pro -s\u00e4hk\u00f6py\u00f6r\u00e4ss\u00e4 on uusi tehokas 250 W harjaton moottori. Py\u00f6r\u00e4ss\u00e4 on 20-tuumaiset py\u00f6r\u00e4t, jotka sopivat ajamiseen sek\u00e4 kaupungissa ett\u00e4 mets\u00e4ss\u00e4.","breadcrumb":{"@id":"https:\/\/projekt.vombat.ee\/eco\/fi\/myym%C3%A4l%C3%A4\/sahkopyorat\/taitettavat-sahkopyorat\/engwe-engine-pro-250-w-100-km\/#breadcrumb"},"inLanguage":"en-GB","potentialAction":[{"@type":"ReadAction","target":["https:\/\/projekt.vombat.ee\/eco\/fi\/myym%C3%A4l%C3%A4\/sahkopyorat\/taitettavat-sahkopyorat\/engwe-engine-pro-250-w-100-km\/"]}]},{"@type":"ImageObject","inLanguage":"en-GB","@id":"https:\/\/projekt.vombat.ee\/eco\/fi\/myym%C3%A4l%C3%A4\/sahkopyorat\/taitettavat-sahkopyorat\/engwe-engine-pro-250-w-100-km\/#primaryimage","url":"https:\/\/projekt.vombat.ee\/eco\/wp-content\/uploads\/2023\/03\/EngweEngine-1-scaled.webp","contentUrl":"https:\/\/projekt.vombat.ee\/eco\/wp-content\/uploads\/2023\/03\/EngweEngine-1-scaled.webp","width":1838,"height":2560,"caption":"EngweEngine"},{"@type":"BreadcrumbList","@id":"https:\/\/projekt.vombat.ee\/eco\/fi\/myym%C3%A4l%C3%A4\/sahkopyorat\/taitettavat-sahkopyorat\/engwe-engine-pro-250-w-100-km\/#breadcrumb","itemListElement":[{"@type":"ListItem","position":1,"name":"Home","item":"https:\/\/projekt.vombat.ee\/eco\/"},{"@type":"ListItem","position":2,"name":"Pood","item":"https:\/\/projekt.vombat.ee\/eco\/pood\/"},{"@type":"ListItem","position":3,"name":"Engwe ENGINE PRO 250 W, 100 km"}]},{"@type":"WebSite","@id":"https:\/\/projekt.vombat.ee\/eco\/#website","url":"https:\/\/projekt.vombat.ee\/eco\/","name":"Ecocruiser","description":"","publisher":{"@id":"https:\/\/projekt.vombat.ee\/eco\/#organization"},"potentialAction":[{"@type":"SearchAction","target":{"@type":"EntryPoint","urlTemplate":"https:\/\/projekt.vombat.ee\/eco\/?s={search_term_string}"},"query-input":{"@type":"PropertyValueSpecification","valueRequired":true,"valueName":"search_term_string"}}],"inLanguage":"en-GB"},{"@type":"Organization","@id":"https:\/\/projekt.vombat.ee\/eco\/#organization","name":"Ecocruiser","url":"https:\/\/projekt.vombat.ee\/eco\/","logo":{"@type":"ImageObject","inLanguage":"en-GB","@id":"https:\/\/projekt.vombat.ee\/eco\/#\/schema\/logo\/image\/","url":"https:\/\/projekt.vombat.ee\/eco\/wp-content\/uploads\/2023\/03\/ECOCRUISER_5.png","contentUrl":"https:\/\/projekt.vombat.ee\/eco\/wp-content\/uploads\/2023\/03\/ECOCRUISER_5.png","width":234,"height":91,"caption":"Ecocruiser"},"image":{"@id":"https:\/\/projekt.vombat.ee\/eco\/#\/schema\/logo\/image\/"}}]}},"lang":"fi","translations":{"fi":8321,"ru":5159,"et":2694},"pll_sync_post":[],"_links":{"self":[{"href":"https:\/\/projekt.vombat.ee\/eco\/wp-json\/wp\/v2\/product\/8321"}],"collection":[{"href":"https:\/\/projekt.vombat.ee\/eco\/wp-json\/wp\/v2\/product"}],"about":[{"href":"https:\/\/projekt.vombat.ee\/eco\/wp-json\/wp\/v2\/types\/product"}],"version-history":[{"count":1,"href":"https:\/\/projekt.vombat.ee\/eco\/wp-json\/wp\/v2\/product\/8321\/revisions"}],"predecessor-version":[{"id":8326,"href":"https:\/\/projekt.vombat.ee\/eco\/wp-json\/wp\/v2\/product\/8321\/revisions\/8326"}],"wp:featuredmedia":[{"embeddable":true,"href":"https:\/\/projekt.vombat.ee\/eco\/wp-json\/wp\/v2\/media\/8322"}],"wp:attachment":[{"href":"https:\/\/projekt.vombat.ee\/eco\/wp-json\/wp\/v2\/media?parent=8321"}],"wp:term":[{"taxonomy":"product_cat","embeddable":true,"href":"https:\/\/projekt.vombat.ee\/eco\/wp-json\/wp\/v2\/product_cat?post=8321"},{"taxonomy":"product_tag","embeddable":true,"href":"https:\/\/projekt.vombat.ee\/eco\/wp-json\/wp\/v2\/product_tag?post=8321"}],"curies":[{"name":"wp","href":"https:\/\/api.w.org\/{rel}","templated":true}]}}