{"id":8310,"date":"2023-04-06T17:36:30","date_gmt":"2023-04-06T17:36:30","guid":{"rendered":"https:\/\/projekt.vombat.ee\/eco\/?post_type=product&#038;p=8310"},"modified":"2024-05-02T17:22:30","modified_gmt":"2024-05-02T17:22:30","slug":"freego-f1-pro-80km","status":"publish","type":"product","link":"https:\/\/projekt.vombat.ee\/eco\/fi\/myym%C3%A4l%C3%A4\/sahkopyorat\/sahkokaupunkipyorat\/freego-f1-pro-80km\/","title":{"rendered":"Freego F1 PRO, 80km"},"content":{"rendered":"<h1>Freego F1 PRO<\/h1>\n<p><img decoding=\"async\" class=\"msub_k4 mupj_5k mjru_k4 mse2_k4 mp7g_f6 mq1m_0 mj7u_0 m7er_k4 lazyloaded\" src=\"https:\/\/a.allegroimg.com\/original\/11a849\/5e6982964f38a037761b49361c99\/20-Elektryczny-skuter-sniezny-1400W-15AH-MTB-Color-black\" sizes=\"100vw\" srcset=\"https:\/\/a.allegroimg.com\/s360\/11a849\/5e6982964f38a037761b49361c99\/20-Elektryczny-skuter-sniezny-1400W-15AH-MTB-Color-black 360w,https:\/\/a.allegroimg.com\/s720\/11a849\/5e6982964f38a037761b49361c99\/20-Elektryczny-skuter-sniezny-1400W-15AH-MTB-Color-black 720w,https:\/\/a.allegroimg.com\/s1024\/11a849\/5e6982964f38a037761b49361c99\/20-Elektryczny-skuter-sniezny-1400W-15AH-MTB-Color-black 1024w,https:\/\/a.allegroimg.com\/s1440\/11a849\/5e6982964f38a037761b49361c99\/20-Elektryczny-skuter-sniezny-1400W-15AH-MTB-Color-black 1440w,https:\/\/a.allegroimg.com\/original\/11a849\/5e6982964f38a037761b49361c99\/20-Elektryczny-skuter-sniezny-1400W-15AH-MTB-Color-black 1633w\" alt=\"20'' Elektryczny skuter \u015bnie\u017cny 1400W 15AH MTB Color black\" width=\"1633px\" data-src=\"https:\/\/a.allegroimg.com\/original\/11a849\/5e6982964f38a037761b49361c99\/20-Elektryczny-skuter-sniezny-1400W-15AH-MTB-Color-black\" data-srcset=\"https:\/\/a.allegroimg.com\/s360\/11a849\/5e6982964f38a037761b49361c99\/20-Elektryczny-skuter-sniezny-1400W-15AH-MTB-Color-black 360w,https:\/\/a.allegroimg.com\/s720\/11a849\/5e6982964f38a037761b49361c99\/20-Elektryczny-skuter-sniezny-1400W-15AH-MTB-Color-black 720w,https:\/\/a.allegroimg.com\/s1024\/11a849\/5e6982964f38a037761b49361c99\/20-Elektryczny-skuter-sniezny-1400W-15AH-MTB-Color-black 1024w,https:\/\/a.allegroimg.com\/s1440\/11a849\/5e6982964f38a037761b49361c99\/20-Elektryczny-skuter-sniezny-1400W-15AH-MTB-Color-black 1440w,https:\/\/a.allegroimg.com\/original\/11a849\/5e6982964f38a037761b49361c99\/20-Elektryczny-skuter-sniezny-1400W-15AH-MTB-Color-black 1633w\" \/><\/p>\n<p>\u25cf Renkaat: 20&#8243; x 4&#8243; putki pneumaattiset r\u00e4j\u00e4hdyssuojatut renkaat, paksummat, kulutusta kest\u00e4v\u00e4t ja turvallisemmat kuin tavalliset renkaat.<\/p>\n<p>\u25cf Nimellisteho: 850 W, huipputeho: 1400 W, 22,5 AH suuri akku: tehokas, suurikapasiteettinen akku, irrotettava.<\/p>\n<p>\u25cf Valaistus: Edess\u00e4 eritt\u00e4in suuri LED-valo ja takaturvavaroitusvalo, kirkkaan punainen valo turvalliseen ajoon y\u00f6ll\u00e4<\/p>\n<p>\u25cf Iskunvaimennusj\u00e4rjestelm\u00e4: Kaksoisvaimennusj\u00e4rjestelm\u00e4 auttaa sinua nauttimaan mukavasta ajosta.<\/p>\n<p>\u25cf Pehme\u00e4 istuin: mukava ajaa my\u00f6s kuoppaisilla teill\u00e4<\/p>\n<p>\u25cfJarruj\u00e4rjestelm\u00e4: S\u00e4hk\u00f6py\u00f6r\u00e4n etu- ja takapy\u00f6r\u00e4t on varustettu hydraulisilla jarruilla.<\/p>\n<p>\u25cf Runkomateriaali: eritt\u00e4in vahva ter\u00e4sputki turvallisempaan ajoon<\/p>\n<h3>Tiedot<\/h3>\n<p>Renkaat: 20&#8243; x 4&#8243;, putket ilmarenkaat<\/p>\n<p>Akku: 48V, 22,5Ah irrotettava<\/p>\n<p>Nimellisteho (W): 850 W (keskiarvo); 1400 W (huipputeho)<\/p>\n<p>Runkomateriaali: luja ter\u00e4sputki<\/p>\n<p>Suurin nopeus (km\/h): 55 km\/h<\/p>\n<p>Ajomatka: 50km-60km (puhtaalla s\u00e4hk\u00f6ll\u00e4)<\/p>\n<p>Ajettu: 60-80 km (poljinavustus)<\/p>\n<p>Vaihteisto: SHIMANO 7-vaihteinen vaihteisto<\/p>\n<p>Jarruj\u00e4rjestelm\u00e4: hydrauliset jarrut edess\u00e4 ja takana<\/p>\n<p>Jousitus: T\u00e4ysjousitus edess\u00e4 ja takana<\/p>\n<p>Suurin kantavuus: 120 kg<\/p>\n<p>Nettopaino: 35 kg<\/p>\n","protected":false},"excerpt":{"rendered":"<p><strong>Freego F1 PRO<\/strong><\/p>\n<p>&nbsp;<\/p>\n<ul>\n<li>Akku: 48V, 22,5Ah<\/li>\n<li>Suurin nopeus (km\/h): 55 km\/h<\/li>\n<li>Ajomatka: 80 km<\/li>\n<li>Suurin kantavuus: 120 kg<\/li>\n<\/ul>\n<p>&nbsp;<\/p>\n<p><strong>\u2666 Toimitusaika 2-7 p\u00e4iv\u00e4\u00e4<\/strong><br \/>\n<strong>\u2666 Varastossa<\/strong><\/p>\n","protected":false},"featured_media":8311,"template":"","meta":[],"product_cat":[983,985,979],"product_tag":[],"class_list":{"0":"post-8310","1":"product","2":"type-product","3":"status-publish","4":"has-post-thumbnail","6":"product_cat-sahkokaupunkipyorat","7":"product_cat-sahkomaastopyora","8":"product_cat-sahkopyorat","9":"product_shipping_class-suured-pakid","11":"first","12":"instock","13":"sale","14":"taxable","15":"shipping-taxable","16":"purchasable","17":"product-type-simple"},"yoast_head":"<!-- This site is optimized with the Yoast SEO plugin v23.8 - https:\/\/yoast.com\/wordpress\/plugins\/seo\/ -->\n<title>Freego F1 PRO, 80km - Ecocruiser<\/title>\n<meta name=\"description\" content=\"Freego F1 PRO Akku: 48V, 22,5Ah Suurin nopeus (km\/h): 55 km\/h Ajomatka: 80km Max kantavuus: 120kg \u2666 Toimitusaika 2-6 p\u00e4iv\u00e4\u00e4 \u2666 Varastossa\" \/>\n<meta name=\"robots\" content=\"noindex, follow, max-snippet:-1, max-image-preview:large, max-video-preview:-1\" \/>\n<meta property=\"og:locale\" content=\"en_GB\" \/>\n<meta property=\"og:type\" content=\"article\" \/>\n<meta property=\"og:title\" content=\"Freego F1 PRO, 80km - Ecocruiser\" \/>\n<meta property=\"og:description\" content=\"Freego F1 PRO Akku: 48V, 22,5Ah Suurin nopeus (km\/h): 55 km\/h Ajomatka: 80km Max kantavuus: 120kg \u2666 Toimitusaika 2-6 p\u00e4iv\u00e4\u00e4 \u2666 Varastossa\" \/>\n<meta property=\"og:url\" content=\"https:\/\/projekt.vombat.ee\/eco\/fi\/myym\u00e4l\u00e4\/sahkopyorat\/sahkokaupunkipyorat\/freego-f1-pro-80km\/\" \/>\n<meta property=\"og:site_name\" content=\"Ecocruiser\" \/>\n<meta property=\"article:modified_time\" content=\"2024-05-02T17:22:30+00:00\" \/>\n<meta property=\"og:image\" content=\"https:\/\/projekt.vombat.ee\/eco\/wp-content\/uploads\/2023\/03\/3-12.webp\" \/>\n\t<meta property=\"og:image:width\" content=\"900\" \/>\n\t<meta property=\"og:image:height\" content=\"900\" \/>\n\t<meta property=\"og:image:type\" content=\"image\/webp\" \/>\n<meta name=\"twitter:card\" content=\"summary_large_image\" \/>\n<meta name=\"twitter:label1\" content=\"Estimated reading time\" \/>\n\t<meta name=\"twitter:data1\" content=\"1 minute\" \/>\n<script type=\"application\/ld+json\" class=\"yoast-schema-graph\">{\"@context\":\"https:\/\/schema.org\",\"@graph\":[{\"@type\":\"WebPage\",\"@id\":\"https:\/\/projekt.vombat.ee\/eco\/fi\/myym%C3%A4l%C3%A4\/sahkopyorat\/sahkokaupunkipyorat\/freego-f1-pro-80km\/\",\"url\":\"https:\/\/projekt.vombat.ee\/eco\/fi\/myym%C3%A4l%C3%A4\/sahkopyorat\/sahkokaupunkipyorat\/freego-f1-pro-80km\/\",\"name\":\"Freego F1 PRO, 80km - Ecocruiser\",\"isPartOf\":{\"@id\":\"https:\/\/projekt.vombat.ee\/eco\/#website\"},\"primaryImageOfPage\":{\"@id\":\"https:\/\/projekt.vombat.ee\/eco\/fi\/myym%C3%A4l%C3%A4\/sahkopyorat\/sahkokaupunkipyorat\/freego-f1-pro-80km\/#primaryimage\"},\"image\":{\"@id\":\"https:\/\/projekt.vombat.ee\/eco\/fi\/myym%C3%A4l%C3%A4\/sahkopyorat\/sahkokaupunkipyorat\/freego-f1-pro-80km\/#primaryimage\"},\"thumbnailUrl\":\"https:\/\/projekt.vombat.ee\/eco\/wp-content\/uploads\/2023\/03\/3-12.webp\",\"datePublished\":\"2023-04-06T17:36:30+00:00\",\"dateModified\":\"2024-05-02T17:22:30+00:00\",\"description\":\"Freego F1 PRO Akku: 48V, 22,5Ah Suurin nopeus (km\/h): 55 km\/h Ajomatka: 80km Max kantavuus: 120kg \u2666 Toimitusaika 2-6 p\u00e4iv\u00e4\u00e4 \u2666 Varastossa\",\"breadcrumb\":{\"@id\":\"https:\/\/projekt.vombat.ee\/eco\/fi\/myym%C3%A4l%C3%A4\/sahkopyorat\/sahkokaupunkipyorat\/freego-f1-pro-80km\/#breadcrumb\"},\"inLanguage\":\"en-GB\",\"potentialAction\":[{\"@type\":\"ReadAction\",\"target\":[\"https:\/\/projekt.vombat.ee\/eco\/fi\/myym%C3%A4l%C3%A4\/sahkopyorat\/sahkokaupunkipyorat\/freego-f1-pro-80km\/\"]}]},{\"@type\":\"ImageObject\",\"inLanguage\":\"en-GB\",\"@id\":\"https:\/\/projekt.vombat.ee\/eco\/fi\/myym%C3%A4l%C3%A4\/sahkopyorat\/sahkokaupunkipyorat\/freego-f1-pro-80km\/#primaryimage\",\"url\":\"https:\/\/projekt.vombat.ee\/eco\/wp-content\/uploads\/2023\/03\/3-12.webp\",\"contentUrl\":\"https:\/\/projekt.vombat.ee\/eco\/wp-content\/uploads\/2023\/03\/3-12.webp\",\"width\":900,\"height\":900,\"caption\":\"Freego F1 Pro\"},{\"@type\":\"BreadcrumbList\",\"@id\":\"https:\/\/projekt.vombat.ee\/eco\/fi\/myym%C3%A4l%C3%A4\/sahkopyorat\/sahkokaupunkipyorat\/freego-f1-pro-80km\/#breadcrumb\",\"itemListElement\":[{\"@type\":\"ListItem\",\"position\":1,\"name\":\"Home\",\"item\":\"https:\/\/projekt.vombat.ee\/eco\/\"},{\"@type\":\"ListItem\",\"position\":2,\"name\":\"Pood\",\"item\":\"https:\/\/projekt.vombat.ee\/eco\/pood\/\"},{\"@type\":\"ListItem\",\"position\":3,\"name\":\"Freego F1 PRO, 80km\"}]},{\"@type\":\"WebSite\",\"@id\":\"https:\/\/projekt.vombat.ee\/eco\/#website\",\"url\":\"https:\/\/projekt.vombat.ee\/eco\/\",\"name\":\"Ecocruiser\",\"description\":\"\",\"publisher\":{\"@id\":\"https:\/\/projekt.vombat.ee\/eco\/#organization\"},\"potentialAction\":[{\"@type\":\"SearchAction\",\"target\":{\"@type\":\"EntryPoint\",\"urlTemplate\":\"https:\/\/projekt.vombat.ee\/eco\/?s={search_term_string}\"},\"query-input\":{\"@type\":\"PropertyValueSpecification\",\"valueRequired\":true,\"valueName\":\"search_term_string\"}}],\"inLanguage\":\"en-GB\"},{\"@type\":\"Organization\",\"@id\":\"https:\/\/projekt.vombat.ee\/eco\/#organization\",\"name\":\"Ecocruiser\",\"url\":\"https:\/\/projekt.vombat.ee\/eco\/\",\"logo\":{\"@type\":\"ImageObject\",\"inLanguage\":\"en-GB\",\"@id\":\"https:\/\/projekt.vombat.ee\/eco\/#\/schema\/logo\/image\/\",\"url\":\"https:\/\/projekt.vombat.ee\/eco\/wp-content\/uploads\/2023\/03\/ECOCRUISER_5.png\",\"contentUrl\":\"https:\/\/projekt.vombat.ee\/eco\/wp-content\/uploads\/2023\/03\/ECOCRUISER_5.png\",\"width\":234,\"height\":91,\"caption\":\"Ecocruiser\"},\"image\":{\"@id\":\"https:\/\/projekt.vombat.ee\/eco\/#\/schema\/logo\/image\/\"}}]}<\/script>\n<!-- \/ Yoast SEO plugin. -->","yoast_head_json":{"title":"Freego F1 PRO, 80km - Ecocruiser","description":"Freego F1 PRO Akku: 48V, 22,5Ah Suurin nopeus (km\/h): 55 km\/h Ajomatka: 80km Max kantavuus: 120kg \u2666 Toimitusaika 2-6 p\u00e4iv\u00e4\u00e4 \u2666 Varastossa","robots":{"index":"noindex","follow":"follow","max-snippet":"max-snippet:-1","max-image-preview":"max-image-preview:large","max-video-preview":"max-video-preview:-1"},"og_locale":"en_GB","og_type":"article","og_title":"Freego F1 PRO, 80km - Ecocruiser","og_description":"Freego F1 PRO Akku: 48V, 22,5Ah Suurin nopeus (km\/h): 55 km\/h Ajomatka: 80km Max kantavuus: 120kg \u2666 Toimitusaika 2-6 p\u00e4iv\u00e4\u00e4 \u2666 Varastossa","og_url":"https:\/\/projekt.vombat.ee\/eco\/fi\/myym\u00e4l\u00e4\/sahkopyorat\/sahkokaupunkipyorat\/freego-f1-pro-80km\/","og_site_name":"Ecocruiser","article_modified_time":"2024-05-02T17:22:30+00:00","og_image":[{"width":900,"height":900,"url":"https:\/\/projekt.vombat.ee\/eco\/wp-content\/uploads\/2023\/03\/3-12.webp","type":"image\/webp"}],"twitter_card":"summary_large_image","twitter_misc":{"Estimated reading time":"1 minute"},"schema":{"@context":"https:\/\/schema.org","@graph":[{"@type":"WebPage","@id":"https:\/\/projekt.vombat.ee\/eco\/fi\/myym%C3%A4l%C3%A4\/sahkopyorat\/sahkokaupunkipyorat\/freego-f1-pro-80km\/","url":"https:\/\/projekt.vombat.ee\/eco\/fi\/myym%C3%A4l%C3%A4\/sahkopyorat\/sahkokaupunkipyorat\/freego-f1-pro-80km\/","name":"Freego F1 PRO, 80km - Ecocruiser","isPartOf":{"@id":"https:\/\/projekt.vombat.ee\/eco\/#website"},"primaryImageOfPage":{"@id":"https:\/\/projekt.vombat.ee\/eco\/fi\/myym%C3%A4l%C3%A4\/sahkopyorat\/sahkokaupunkipyorat\/freego-f1-pro-80km\/#primaryimage"},"image":{"@id":"https:\/\/projekt.vombat.ee\/eco\/fi\/myym%C3%A4l%C3%A4\/sahkopyorat\/sahkokaupunkipyorat\/freego-f1-pro-80km\/#primaryimage"},"thumbnailUrl":"https:\/\/projekt.vombat.ee\/eco\/wp-content\/uploads\/2023\/03\/3-12.webp","datePublished":"2023-04-06T17:36:30+00:00","dateModified":"2024-05-02T17:22:30+00:00","description":"Freego F1 PRO Akku: 48V, 22,5Ah Suurin nopeus (km\/h): 55 km\/h Ajomatka: 80km Max kantavuus: 120kg \u2666 Toimitusaika 2-6 p\u00e4iv\u00e4\u00e4 \u2666 Varastossa","breadcrumb":{"@id":"https:\/\/projekt.vombat.ee\/eco\/fi\/myym%C3%A4l%C3%A4\/sahkopyorat\/sahkokaupunkipyorat\/freego-f1-pro-80km\/#breadcrumb"},"inLanguage":"en-GB","potentialAction":[{"@type":"ReadAction","target":["https:\/\/projekt.vombat.ee\/eco\/fi\/myym%C3%A4l%C3%A4\/sahkopyorat\/sahkokaupunkipyorat\/freego-f1-pro-80km\/"]}]},{"@type":"ImageObject","inLanguage":"en-GB","@id":"https:\/\/projekt.vombat.ee\/eco\/fi\/myym%C3%A4l%C3%A4\/sahkopyorat\/sahkokaupunkipyorat\/freego-f1-pro-80km\/#primaryimage","url":"https:\/\/projekt.vombat.ee\/eco\/wp-content\/uploads\/2023\/03\/3-12.webp","contentUrl":"https:\/\/projekt.vombat.ee\/eco\/wp-content\/uploads\/2023\/03\/3-12.webp","width":900,"height":900,"caption":"Freego F1 Pro"},{"@type":"BreadcrumbList","@id":"https:\/\/projekt.vombat.ee\/eco\/fi\/myym%C3%A4l%C3%A4\/sahkopyorat\/sahkokaupunkipyorat\/freego-f1-pro-80km\/#breadcrumb","itemListElement":[{"@type":"ListItem","position":1,"name":"Home","item":"https:\/\/projekt.vombat.ee\/eco\/"},{"@type":"ListItem","position":2,"name":"Pood","item":"https:\/\/projekt.vombat.ee\/eco\/pood\/"},{"@type":"ListItem","position":3,"name":"Freego F1 PRO, 80km"}]},{"@type":"WebSite","@id":"https:\/\/projekt.vombat.ee\/eco\/#website","url":"https:\/\/projekt.vombat.ee\/eco\/","name":"Ecocruiser","description":"","publisher":{"@id":"https:\/\/projekt.vombat.ee\/eco\/#organization"},"potentialAction":[{"@type":"SearchAction","target":{"@type":"EntryPoint","urlTemplate":"https:\/\/projekt.vombat.ee\/eco\/?s={search_term_string}"},"query-input":{"@type":"PropertyValueSpecification","valueRequired":true,"valueName":"search_term_string"}}],"inLanguage":"en-GB"},{"@type":"Organization","@id":"https:\/\/projekt.vombat.ee\/eco\/#organization","name":"Ecocruiser","url":"https:\/\/projekt.vombat.ee\/eco\/","logo":{"@type":"ImageObject","inLanguage":"en-GB","@id":"https:\/\/projekt.vombat.ee\/eco\/#\/schema\/logo\/image\/","url":"https:\/\/projekt.vombat.ee\/eco\/wp-content\/uploads\/2023\/03\/ECOCRUISER_5.png","contentUrl":"https:\/\/projekt.vombat.ee\/eco\/wp-content\/uploads\/2023\/03\/ECOCRUISER_5.png","width":234,"height":91,"caption":"Ecocruiser"},"image":{"@id":"https:\/\/projekt.vombat.ee\/eco\/#\/schema\/logo\/image\/"}}]}},"lang":"fi","translations":{"fi":8310,"ru":7993,"et":6918},"pll_sync_post":[],"_links":{"self":[{"href":"https:\/\/projekt.vombat.ee\/eco\/wp-json\/wp\/v2\/product\/8310"}],"collection":[{"href":"https:\/\/projekt.vombat.ee\/eco\/wp-json\/wp\/v2\/product"}],"about":[{"href":"https:\/\/projekt.vombat.ee\/eco\/wp-json\/wp\/v2\/types\/product"}],"version-history":[{"count":1,"href":"https:\/\/projekt.vombat.ee\/eco\/wp-json\/wp\/v2\/product\/8310\/revisions"}],"predecessor-version":[{"id":8320,"href":"https:\/\/projekt.vombat.ee\/eco\/wp-json\/wp\/v2\/product\/8310\/revisions\/8320"}],"wp:featuredmedia":[{"embeddable":true,"href":"https:\/\/projekt.vombat.ee\/eco\/wp-json\/wp\/v2\/media\/8311"}],"wp:attachment":[{"href":"https:\/\/projekt.vombat.ee\/eco\/wp-json\/wp\/v2\/media?parent=8310"}],"wp:term":[{"taxonomy":"product_cat","embeddable":true,"href":"https:\/\/projekt.vombat.ee\/eco\/wp-json\/wp\/v2\/product_cat?post=8310"},{"taxonomy":"product_tag","embeddable":true,"href":"https:\/\/projekt.vombat.ee\/eco\/wp-json\/wp\/v2\/product_tag?post=8310"}],"curies":[{"name":"wp","href":"https:\/\/api.w.org\/{rel}","templated":true}]}}