{"id":8302,"date":"2023-04-06T17:33:44","date_gmt":"2023-04-06T17:33:44","guid":{"rendered":"https:\/\/projekt.vombat.ee\/eco\/?post_type=product&#038;p=8302"},"modified":"2024-03-22T06:05:36","modified_gmt":"2024-03-22T06:05:36","slug":"e-link-z8-120km","status":"publish","type":"product","link":"https:\/\/projekt.vombat.ee\/eco\/fi\/myym%C3%A4l%C3%A4\/sahkopyorat\/sahkokaupunkipyorat\/e-link-z8-120km\/","title":{"rendered":"E-link Z8, 120km"},"content":{"rendered":"<h1>E-link Z8<\/h1>\n<p><img decoding=\"async\" class=\"msub_k4 mupj_5k mjru_k4 mse2_k4 mp7g_f6 mq1m_0 mj7u_0 m7er_k4 lazyloaded\" src=\"https:\/\/a.allegroimg.com\/original\/11ce4f\/95ae02da46d1a1c6afc126822e3e\/Rower-sniezny-Elektryczny-500W-48V-45KM-H-E-BIKE-Brand-other\" sizes=\"100vw\" srcset=\"https:\/\/a.allegroimg.com\/s360\/11ce4f\/95ae02da46d1a1c6afc126822e3e\/Rower-sniezny-Elektryczny-500W-48V-45KM-H-E-BIKE-Brand-other 360w,https:\/\/a.allegroimg.com\/s720\/11ce4f\/95ae02da46d1a1c6afc126822e3e\/Rower-sniezny-Elektryczny-500W-48V-45KM-H-E-BIKE-Brand-other 720w,https:\/\/a.allegroimg.com\/s1024\/11ce4f\/95ae02da46d1a1c6afc126822e3e\/Rower-sniezny-Elektryczny-500W-48V-45KM-H-E-BIKE-Brand-other 1024w,https:\/\/a.allegroimg.com\/s1440\/11ce4f\/95ae02da46d1a1c6afc126822e3e\/Rower-sniezny-Elektryczny-500W-48V-45KM-H-E-BIKE-Brand-other 1440w,https:\/\/a.allegroimg.com\/original\/11ce4f\/95ae02da46d1a1c6afc126822e3e\/Rower-sniezny-Elektryczny-500W-48V-45KM-H-E-BIKE-Brand-other 2560w\" alt=\"Rower \u015bnie\u017cny Elektryczny 500W 48V 45KM\/H E-BIKE Brand other\" width=\"2560px\" data-src=\"https:\/\/a.allegroimg.com\/original\/11ce4f\/95ae02da46d1a1c6afc126822e3e\/Rower-sniezny-Elektryczny-500W-48V-45KM-H-E-BIKE-Brand-other\" data-srcset=\"https:\/\/a.allegroimg.com\/s360\/11ce4f\/95ae02da46d1a1c6afc126822e3e\/Rower-sniezny-Elektryczny-500W-48V-45KM-H-E-BIKE-Brand-other 360w,https:\/\/a.allegroimg.com\/s720\/11ce4f\/95ae02da46d1a1c6afc126822e3e\/Rower-sniezny-Elektryczny-500W-48V-45KM-H-E-BIKE-Brand-other 720w,https:\/\/a.allegroimg.com\/s1024\/11ce4f\/95ae02da46d1a1c6afc126822e3e\/Rower-sniezny-Elektryczny-500W-48V-45KM-H-E-BIKE-Brand-other 1024w,https:\/\/a.allegroimg.com\/s1440\/11ce4f\/95ae02da46d1a1c6afc126822e3e\/Rower-sniezny-Elektryczny-500W-48V-45KM-H-E-BIKE-Brand-other 1440w,https:\/\/a.allegroimg.com\/original\/11ce4f\/95ae02da46d1a1c6afc126822e3e\/Rower-sniezny-Elektryczny-500W-48V-45KM-H-E-BIKE-Brand-other 2560w\" \/><\/p>\n<p>&nbsp;<\/p>\n<h3>E-link Z8 Info<\/h3>\n<p>Moottori: 48V 250W<\/p>\n<p>Akku: 48V 15Ah<\/p>\n<p>Py\u00f6r\u00e4n koko: 20*4.0 leve\u00e4 rengas<\/p>\n<p>Jarruj\u00e4rjestelm\u00e4: F&amp;R mekaaninen levyjarru<\/p>\n<p>Ajomatka: 40-60km (puhdas s\u00e4hk\u00f6), 80-120km (poljinavustin)<\/p>\n<p>N\u00e4ytt\u00f6: LCD-n\u00e4ytt\u00f6<\/p>\n<p>Vaihteisto: 7-vaihteinen (SHIMANO)<\/p>\n<p>Poljinavustinj\u00e4rjestelm\u00e4: 5 PAS-tasoa<\/p>\n<p>Suurin nopeus: 25 km\/h<\/p>\n<p>Etuhaarukka: Alumiinihaarukka hydraulisella jousituksella<\/p>\n<p>Takajousitus: kaksoisjousitus<\/p>\n<p>Ohjain: 48V 22A Integroitu ohjain<\/p>\n<p>Valaistusj\u00e4rjestelm\u00e4: LED-valo edess\u00e4 ja takana<\/p>\n<p>Latausaika: 6-8H<\/p>\n<p>Laturi: 110-240v AC 50-60HZ, 48V2A<\/p>\n<p><strong>Paino ja koko<\/strong><\/p>\n<p>Py\u00f6r\u00e4n paino: 35,5 kg<\/p>\n<p>Py\u00f6r\u00e4n koko (P x L x K): 162 x 10,8 x 76 cm<\/p>\n<p><strong>Paketinsis\u00e4lt\u00f6:<\/strong><\/p>\n<p>1x s\u00e4hk\u00f6py\u00f6r\u00e4<\/p>\n<p>1x laturi<\/p>\n<p>1x k\u00e4ytt\u00f6ohje<\/p>\n<p><img decoding=\"async\" class=\"msub_k4 mupj_5k mjru_k4 mse2_k4 mp7g_f6 mq1m_0 mj7u_0 m7er_k4 lazyloaded\" src=\"https:\/\/a.allegroimg.com\/original\/113c0b\/6dfcca474946a165310880f90850\/Rower-sniezny-Elektryczny-500W-48V-45KM-H-E-BIKE\" sizes=\"100vw\" srcset=\"https:\/\/a.allegroimg.com\/s360\/113c0b\/6dfcca474946a165310880f90850\/Rower-sniezny-Elektryczny-500W-48V-45KM-H-E-BIKE 360w,https:\/\/a.allegroimg.com\/s720\/113c0b\/6dfcca474946a165310880f90850\/Rower-sniezny-Elektryczny-500W-48V-45KM-H-E-BIKE 720w,https:\/\/a.allegroimg.com\/s1024\/113c0b\/6dfcca474946a165310880f90850\/Rower-sniezny-Elektryczny-500W-48V-45KM-H-E-BIKE 1024w,https:\/\/a.allegroimg.com\/s1440\/113c0b\/6dfcca474946a165310880f90850\/Rower-sniezny-Elektryczny-500W-48V-45KM-H-E-BIKE 1440w,https:\/\/a.allegroimg.com\/original\/113c0b\/6dfcca474946a165310880f90850\/Rower-sniezny-Elektryczny-500W-48V-45KM-H-E-BIKE 2560w\" alt=\"Rower \u015bnie\u017cny Elektryczny 500W 48V 45KM\/H E-BIKE\" width=\"2560px\" data-src=\"https:\/\/a.allegroimg.com\/original\/113c0b\/6dfcca474946a165310880f90850\/Rower-sniezny-Elektryczny-500W-48V-45KM-H-E-BIKE\" data-srcset=\"https:\/\/a.allegroimg.com\/s360\/113c0b\/6dfcca474946a165310880f90850\/Rower-sniezny-Elektryczny-500W-48V-45KM-H-E-BIKE 360w,https:\/\/a.allegroimg.com\/s720\/113c0b\/6dfcca474946a165310880f90850\/Rower-sniezny-Elektryczny-500W-48V-45KM-H-E-BIKE 720w,https:\/\/a.allegroimg.com\/s1024\/113c0b\/6dfcca474946a165310880f90850\/Rower-sniezny-Elektryczny-500W-48V-45KM-H-E-BIKE 1024w,https:\/\/a.allegroimg.com\/s1440\/113c0b\/6dfcca474946a165310880f90850\/Rower-sniezny-Elektryczny-500W-48V-45KM-H-E-BIKE 1440w,https:\/\/a.allegroimg.com\/original\/113c0b\/6dfcca474946a165310880f90850\/Rower-sniezny-Elektryczny-500W-48V-45KM-H-E-BIKE 2560w\" \/><\/p>\n","protected":false},"excerpt":{"rendered":"<p><strong>E-link Z8<\/strong><\/p>\n<p>&nbsp;<\/p>\n<ul>\n<li>Ajomatka: 120 km<\/li>\n<li>Moottori: 48V 250W<\/li>\n<li>Akku: 48V 15Ah<\/li>\n<li>Suurin nopeus: 25 km\/h<\/li>\n<li>Latausaika: 6-8H<\/li>\n<\/ul>\n<p>&nbsp;<\/p>\n<p><strong>\u2666 Toimitusaika 2-6 p\u00e4iv\u00e4\u00e4<\/strong><br \/>\n<strong>\u2666 Varastossa<\/strong><\/p>\n","protected":false},"featured_media":11615,"template":"","meta":[],"product_cat":[983,985,979],"product_tag":[],"class_list":{"0":"post-8302","1":"product","2":"type-product","3":"status-publish","4":"has-post-thumbnail","6":"product_cat-sahkokaupunkipyorat","7":"product_cat-sahkomaastopyora","8":"product_cat-sahkopyorat","9":"product_shipping_class-suured-pakid","11":"first","12":"instock","13":"sale","14":"taxable","15":"shipping-taxable","16":"purchasable","17":"product-type-simple"},"yoast_head":"<!-- This site is optimized with the Yoast SEO plugin v23.8 - https:\/\/yoast.com\/wordpress\/plugins\/seo\/ -->\n<title>E-link Z8, 120km - Ecocruiser<\/title>\n<meta name=\"description\" content=\"E-link Z8 S\u00e4hk\u00f6py\u00f6r\u00e4 Ajomatka: 120km Moottori: 48V 250W Akku: 48V 15Ah Suurin nopeus: 25 KM\/H Latausaika: 6-8H \u2666 Toimitusaika 2-6 p\u00e4iv\u00e4\u00e4 \u2666 Varastossa\" \/>\n<meta name=\"robots\" content=\"noindex, follow, max-snippet:-1, max-image-preview:large, max-video-preview:-1\" \/>\n<meta property=\"og:locale\" content=\"en_GB\" \/>\n<meta property=\"og:type\" content=\"article\" \/>\n<meta property=\"og:title\" content=\"E-link Z8, 120km - Ecocruiser\" \/>\n<meta property=\"og:description\" content=\"E-link Z8 S\u00e4hk\u00f6py\u00f6r\u00e4 Ajomatka: 120km Moottori: 48V 250W Akku: 48V 15Ah Suurin nopeus: 25 KM\/H Latausaika: 6-8H \u2666 Toimitusaika 2-6 p\u00e4iv\u00e4\u00e4 \u2666 Varastossa\" \/>\n<meta property=\"og:url\" content=\"https:\/\/projekt.vombat.ee\/eco\/fi\/myym\u00e4l\u00e4\/sahkopyorat\/sahkokaupunkipyorat\/e-link-z8-120km\/\" \/>\n<meta property=\"og:site_name\" content=\"Ecocruiser\" \/>\n<meta property=\"article:modified_time\" content=\"2024-03-22T06:05:36+00:00\" \/>\n<meta property=\"og:image\" content=\"https:\/\/projekt.vombat.ee\/eco\/wp-content\/uploads\/2023\/03\/111.png\" \/>\n\t<meta property=\"og:image:width\" content=\"711\" \/>\n\t<meta property=\"og:image:height\" content=\"713\" \/>\n\t<meta property=\"og:image:type\" content=\"image\/png\" \/>\n<meta name=\"twitter:card\" content=\"summary_large_image\" \/>\n<meta name=\"twitter:label1\" content=\"Estimated reading time\" \/>\n\t<meta name=\"twitter:data1\" content=\"1 minute\" \/>\n<script type=\"application\/ld+json\" class=\"yoast-schema-graph\">{\"@context\":\"https:\/\/schema.org\",\"@graph\":[{\"@type\":\"WebPage\",\"@id\":\"https:\/\/projekt.vombat.ee\/eco\/fi\/myym%C3%A4l%C3%A4\/sahkopyorat\/sahkokaupunkipyorat\/e-link-z8-120km\/\",\"url\":\"https:\/\/projekt.vombat.ee\/eco\/fi\/myym%C3%A4l%C3%A4\/sahkopyorat\/sahkokaupunkipyorat\/e-link-z8-120km\/\",\"name\":\"E-link Z8, 120km - Ecocruiser\",\"isPartOf\":{\"@id\":\"https:\/\/projekt.vombat.ee\/eco\/#website\"},\"primaryImageOfPage\":{\"@id\":\"https:\/\/projekt.vombat.ee\/eco\/fi\/myym%C3%A4l%C3%A4\/sahkopyorat\/sahkokaupunkipyorat\/e-link-z8-120km\/#primaryimage\"},\"image\":{\"@id\":\"https:\/\/projekt.vombat.ee\/eco\/fi\/myym%C3%A4l%C3%A4\/sahkopyorat\/sahkokaupunkipyorat\/e-link-z8-120km\/#primaryimage\"},\"thumbnailUrl\":\"https:\/\/projekt.vombat.ee\/eco\/wp-content\/uploads\/2023\/03\/111.png\",\"datePublished\":\"2023-04-06T17:33:44+00:00\",\"dateModified\":\"2024-03-22T06:05:36+00:00\",\"description\":\"E-link Z8 S\u00e4hk\u00f6py\u00f6r\u00e4 Ajomatka: 120km Moottori: 48V 250W Akku: 48V 15Ah Suurin nopeus: 25 KM\/H Latausaika: 6-8H \u2666 Toimitusaika 2-6 p\u00e4iv\u00e4\u00e4 \u2666 Varastossa\",\"breadcrumb\":{\"@id\":\"https:\/\/projekt.vombat.ee\/eco\/fi\/myym%C3%A4l%C3%A4\/sahkopyorat\/sahkokaupunkipyorat\/e-link-z8-120km\/#breadcrumb\"},\"inLanguage\":\"en-GB\",\"potentialAction\":[{\"@type\":\"ReadAction\",\"target\":[\"https:\/\/projekt.vombat.ee\/eco\/fi\/myym%C3%A4l%C3%A4\/sahkopyorat\/sahkokaupunkipyorat\/e-link-z8-120km\/\"]}]},{\"@type\":\"ImageObject\",\"inLanguage\":\"en-GB\",\"@id\":\"https:\/\/projekt.vombat.ee\/eco\/fi\/myym%C3%A4l%C3%A4\/sahkopyorat\/sahkokaupunkipyorat\/e-link-z8-120km\/#primaryimage\",\"url\":\"https:\/\/projekt.vombat.ee\/eco\/wp-content\/uploads\/2023\/03\/111.png\",\"contentUrl\":\"https:\/\/projekt.vombat.ee\/eco\/wp-content\/uploads\/2023\/03\/111.png\",\"width\":711,\"height\":713,\"caption\":\"E-link Z8\"},{\"@type\":\"BreadcrumbList\",\"@id\":\"https:\/\/projekt.vombat.ee\/eco\/fi\/myym%C3%A4l%C3%A4\/sahkopyorat\/sahkokaupunkipyorat\/e-link-z8-120km\/#breadcrumb\",\"itemListElement\":[{\"@type\":\"ListItem\",\"position\":1,\"name\":\"Home\",\"item\":\"https:\/\/projekt.vombat.ee\/eco\/\"},{\"@type\":\"ListItem\",\"position\":2,\"name\":\"Pood\",\"item\":\"https:\/\/projekt.vombat.ee\/eco\/pood\/\"},{\"@type\":\"ListItem\",\"position\":3,\"name\":\"E-link Z8, 120km\"}]},{\"@type\":\"WebSite\",\"@id\":\"https:\/\/projekt.vombat.ee\/eco\/#website\",\"url\":\"https:\/\/projekt.vombat.ee\/eco\/\",\"name\":\"Ecocruiser\",\"description\":\"\",\"publisher\":{\"@id\":\"https:\/\/projekt.vombat.ee\/eco\/#organization\"},\"potentialAction\":[{\"@type\":\"SearchAction\",\"target\":{\"@type\":\"EntryPoint\",\"urlTemplate\":\"https:\/\/projekt.vombat.ee\/eco\/?s={search_term_string}\"},\"query-input\":{\"@type\":\"PropertyValueSpecification\",\"valueRequired\":true,\"valueName\":\"search_term_string\"}}],\"inLanguage\":\"en-GB\"},{\"@type\":\"Organization\",\"@id\":\"https:\/\/projekt.vombat.ee\/eco\/#organization\",\"name\":\"Ecocruiser\",\"url\":\"https:\/\/projekt.vombat.ee\/eco\/\",\"logo\":{\"@type\":\"ImageObject\",\"inLanguage\":\"en-GB\",\"@id\":\"https:\/\/projekt.vombat.ee\/eco\/#\/schema\/logo\/image\/\",\"url\":\"https:\/\/projekt.vombat.ee\/eco\/wp-content\/uploads\/2023\/03\/ECOCRUISER_5.png\",\"contentUrl\":\"https:\/\/projekt.vombat.ee\/eco\/wp-content\/uploads\/2023\/03\/ECOCRUISER_5.png\",\"width\":234,\"height\":91,\"caption\":\"Ecocruiser\"},\"image\":{\"@id\":\"https:\/\/projekt.vombat.ee\/eco\/#\/schema\/logo\/image\/\"}}]}<\/script>\n<!-- \/ Yoast SEO plugin. -->","yoast_head_json":{"title":"E-link Z8, 120km - Ecocruiser","description":"E-link Z8 S\u00e4hk\u00f6py\u00f6r\u00e4 Ajomatka: 120km Moottori: 48V 250W Akku: 48V 15Ah Suurin nopeus: 25 KM\/H Latausaika: 6-8H \u2666 Toimitusaika 2-6 p\u00e4iv\u00e4\u00e4 \u2666 Varastossa","robots":{"index":"noindex","follow":"follow","max-snippet":"max-snippet:-1","max-image-preview":"max-image-preview:large","max-video-preview":"max-video-preview:-1"},"og_locale":"en_GB","og_type":"article","og_title":"E-link Z8, 120km - Ecocruiser","og_description":"E-link Z8 S\u00e4hk\u00f6py\u00f6r\u00e4 Ajomatka: 120km Moottori: 48V 250W Akku: 48V 15Ah Suurin nopeus: 25 KM\/H Latausaika: 6-8H \u2666 Toimitusaika 2-6 p\u00e4iv\u00e4\u00e4 \u2666 Varastossa","og_url":"https:\/\/projekt.vombat.ee\/eco\/fi\/myym\u00e4l\u00e4\/sahkopyorat\/sahkokaupunkipyorat\/e-link-z8-120km\/","og_site_name":"Ecocruiser","article_modified_time":"2024-03-22T06:05:36+00:00","og_image":[{"width":711,"height":713,"url":"https:\/\/projekt.vombat.ee\/eco\/wp-content\/uploads\/2023\/03\/111.png","type":"image\/png"}],"twitter_card":"summary_large_image","twitter_misc":{"Estimated reading time":"1 minute"},"schema":{"@context":"https:\/\/schema.org","@graph":[{"@type":"WebPage","@id":"https:\/\/projekt.vombat.ee\/eco\/fi\/myym%C3%A4l%C3%A4\/sahkopyorat\/sahkokaupunkipyorat\/e-link-z8-120km\/","url":"https:\/\/projekt.vombat.ee\/eco\/fi\/myym%C3%A4l%C3%A4\/sahkopyorat\/sahkokaupunkipyorat\/e-link-z8-120km\/","name":"E-link Z8, 120km - Ecocruiser","isPartOf":{"@id":"https:\/\/projekt.vombat.ee\/eco\/#website"},"primaryImageOfPage":{"@id":"https:\/\/projekt.vombat.ee\/eco\/fi\/myym%C3%A4l%C3%A4\/sahkopyorat\/sahkokaupunkipyorat\/e-link-z8-120km\/#primaryimage"},"image":{"@id":"https:\/\/projekt.vombat.ee\/eco\/fi\/myym%C3%A4l%C3%A4\/sahkopyorat\/sahkokaupunkipyorat\/e-link-z8-120km\/#primaryimage"},"thumbnailUrl":"https:\/\/projekt.vombat.ee\/eco\/wp-content\/uploads\/2023\/03\/111.png","datePublished":"2023-04-06T17:33:44+00:00","dateModified":"2024-03-22T06:05:36+00:00","description":"E-link Z8 S\u00e4hk\u00f6py\u00f6r\u00e4 Ajomatka: 120km Moottori: 48V 250W Akku: 48V 15Ah Suurin nopeus: 25 KM\/H Latausaika: 6-8H \u2666 Toimitusaika 2-6 p\u00e4iv\u00e4\u00e4 \u2666 Varastossa","breadcrumb":{"@id":"https:\/\/projekt.vombat.ee\/eco\/fi\/myym%C3%A4l%C3%A4\/sahkopyorat\/sahkokaupunkipyorat\/e-link-z8-120km\/#breadcrumb"},"inLanguage":"en-GB","potentialAction":[{"@type":"ReadAction","target":["https:\/\/projekt.vombat.ee\/eco\/fi\/myym%C3%A4l%C3%A4\/sahkopyorat\/sahkokaupunkipyorat\/e-link-z8-120km\/"]}]},{"@type":"ImageObject","inLanguage":"en-GB","@id":"https:\/\/projekt.vombat.ee\/eco\/fi\/myym%C3%A4l%C3%A4\/sahkopyorat\/sahkokaupunkipyorat\/e-link-z8-120km\/#primaryimage","url":"https:\/\/projekt.vombat.ee\/eco\/wp-content\/uploads\/2023\/03\/111.png","contentUrl":"https:\/\/projekt.vombat.ee\/eco\/wp-content\/uploads\/2023\/03\/111.png","width":711,"height":713,"caption":"E-link Z8"},{"@type":"BreadcrumbList","@id":"https:\/\/projekt.vombat.ee\/eco\/fi\/myym%C3%A4l%C3%A4\/sahkopyorat\/sahkokaupunkipyorat\/e-link-z8-120km\/#breadcrumb","itemListElement":[{"@type":"ListItem","position":1,"name":"Home","item":"https:\/\/projekt.vombat.ee\/eco\/"},{"@type":"ListItem","position":2,"name":"Pood","item":"https:\/\/projekt.vombat.ee\/eco\/pood\/"},{"@type":"ListItem","position":3,"name":"E-link Z8, 120km"}]},{"@type":"WebSite","@id":"https:\/\/projekt.vombat.ee\/eco\/#website","url":"https:\/\/projekt.vombat.ee\/eco\/","name":"Ecocruiser","description":"","publisher":{"@id":"https:\/\/projekt.vombat.ee\/eco\/#organization"},"potentialAction":[{"@type":"SearchAction","target":{"@type":"EntryPoint","urlTemplate":"https:\/\/projekt.vombat.ee\/eco\/?s={search_term_string}"},"query-input":{"@type":"PropertyValueSpecification","valueRequired":true,"valueName":"search_term_string"}}],"inLanguage":"en-GB"},{"@type":"Organization","@id":"https:\/\/projekt.vombat.ee\/eco\/#organization","name":"Ecocruiser","url":"https:\/\/projekt.vombat.ee\/eco\/","logo":{"@type":"ImageObject","inLanguage":"en-GB","@id":"https:\/\/projekt.vombat.ee\/eco\/#\/schema\/logo\/image\/","url":"https:\/\/projekt.vombat.ee\/eco\/wp-content\/uploads\/2023\/03\/ECOCRUISER_5.png","contentUrl":"https:\/\/projekt.vombat.ee\/eco\/wp-content\/uploads\/2023\/03\/ECOCRUISER_5.png","width":234,"height":91,"caption":"Ecocruiser"},"image":{"@id":"https:\/\/projekt.vombat.ee\/eco\/#\/schema\/logo\/image\/"}}]}},"lang":"fi","translations":{"fi":8302,"ru":8005,"et":6929},"pll_sync_post":[],"_links":{"self":[{"href":"https:\/\/projekt.vombat.ee\/eco\/wp-json\/wp\/v2\/product\/8302"}],"collection":[{"href":"https:\/\/projekt.vombat.ee\/eco\/wp-json\/wp\/v2\/product"}],"about":[{"href":"https:\/\/projekt.vombat.ee\/eco\/wp-json\/wp\/v2\/types\/product"}],"version-history":[{"count":1,"href":"https:\/\/projekt.vombat.ee\/eco\/wp-json\/wp\/v2\/product\/8302\/revisions"}],"predecessor-version":[{"id":8309,"href":"https:\/\/projekt.vombat.ee\/eco\/wp-json\/wp\/v2\/product\/8302\/revisions\/8309"}],"wp:featuredmedia":[{"embeddable":true,"href":"https:\/\/projekt.vombat.ee\/eco\/wp-json\/wp\/v2\/media\/11615"}],"wp:attachment":[{"href":"https:\/\/projekt.vombat.ee\/eco\/wp-json\/wp\/v2\/media?parent=8302"}],"wp:term":[{"taxonomy":"product_cat","embeddable":true,"href":"https:\/\/projekt.vombat.ee\/eco\/wp-json\/wp\/v2\/product_cat?post=8302"},{"taxonomy":"product_tag","embeddable":true,"href":"https:\/\/projekt.vombat.ee\/eco\/wp-json\/wp\/v2\/product_tag?post=8302"}],"curies":[{"name":"wp","href":"https:\/\/api.w.org\/{rel}","templated":true}]}}