{"id":8288,"date":"2023-04-06T17:22:39","date_gmt":"2023-04-06T17:22:39","guid":{"rendered":"https:\/\/projekt.vombat.ee\/eco\/?post_type=product&#038;p=8288"},"modified":"2024-04-15T11:24:35","modified_gmt":"2024-04-15T11:24:35","slug":"cmace-wheel-f26-110km","status":"publish","type":"product","link":"https:\/\/projekt.vombat.ee\/eco\/fi\/myym%C3%A4l%C3%A4\/sahkopyorat\/sahkokaupunkipyorat\/cmace-wheel-f26-110km\/","title":{"rendered":"Cmace wheel F26, 110km"},"content":{"rendered":"<h1>Cmace wheel S\u00e4hk\u00f6py\u00f6r\u00e4<\/h1>\n<h3><img decoding=\"async\" class=\"msub_k4 mupj_5k mjru_k4 mse2_k4 mp7g_f6 mq1m_0 mj7u_0 m7er_k4 lazyloaded\" src=\"https:\/\/a.allegroimg.com\/original\/118d4a\/0993778a4c40b38bd58156c67277\/Rower-Elektryczny-17AH-42KM-H-Hamulec-Hydrauliczny-Brakes-hydraulic-disc\" sizes=\"100vw\" srcset=\"https:\/\/a.allegroimg.com\/s360\/118d4a\/0993778a4c40b38bd58156c67277\/Rower-Elektryczny-17AH-42KM-H-Hamulec-Hydrauliczny-Brakes-hydraulic-disc 360w,https:\/\/a.allegroimg.com\/s720\/118d4a\/0993778a4c40b38bd58156c67277\/Rower-Elektryczny-17AH-42KM-H-Hamulec-Hydrauliczny-Brakes-hydraulic-disc 720w,https:\/\/a.allegroimg.com\/s1024\/118d4a\/0993778a4c40b38bd58156c67277\/Rower-Elektryczny-17AH-42KM-H-Hamulec-Hydrauliczny-Brakes-hydraulic-disc 1024w,https:\/\/a.allegroimg.com\/s1440\/118d4a\/0993778a4c40b38bd58156c67277\/Rower-Elektryczny-17AH-42KM-H-Hamulec-Hydrauliczny-Brakes-hydraulic-disc 1440w,https:\/\/a.allegroimg.com\/original\/118d4a\/0993778a4c40b38bd58156c67277\/Rower-Elektryczny-17AH-42KM-H-Hamulec-Hydrauliczny-Brakes-hydraulic-disc 1440w\" alt=\"Rower Elektryczny 17AH 42KM\/H Hamulec Hydrauliczny Brakes hydraulic disc\" width=\"1440px\" data-src=\"https:\/\/a.allegroimg.com\/original\/118d4a\/0993778a4c40b38bd58156c67277\/Rower-Elektryczny-17AH-42KM-H-Hamulec-Hydrauliczny-Brakes-hydraulic-disc\" data-srcset=\"https:\/\/a.allegroimg.com\/s360\/118d4a\/0993778a4c40b38bd58156c67277\/Rower-Elektryczny-17AH-42KM-H-Hamulec-Hydrauliczny-Brakes-hydraulic-disc 360w,https:\/\/a.allegroimg.com\/s720\/118d4a\/0993778a4c40b38bd58156c67277\/Rower-Elektryczny-17AH-42KM-H-Hamulec-Hydrauliczny-Brakes-hydraulic-disc 720w,https:\/\/a.allegroimg.com\/s1024\/118d4a\/0993778a4c40b38bd58156c67277\/Rower-Elektryczny-17AH-42KM-H-Hamulec-Hydrauliczny-Brakes-hydraulic-disc 1024w,https:\/\/a.allegroimg.com\/s1440\/118d4a\/0993778a4c40b38bd58156c67277\/Rower-Elektryczny-17AH-42KM-H-Hamulec-Hydrauliczny-Brakes-hydraulic-disc 1440w,https:\/\/a.allegroimg.com\/original\/118d4a\/0993778a4c40b38bd58156c67277\/Rower-Elektryczny-17AH-42KM-H-Hamulec-Hydrauliczny-Brakes-hydraulic-disc 1440w\" \/><\/h3>\n<h3>500 W moottorin teho<\/h3>\n<p>5 nopeuden vaihto, mittarilukema on jopa 110 km s\u00e4hk\u00f6avusteisessa tilassa ja mittarilukema puhtaassa s\u00e4hk\u00f6tilassa jopa 60 km.<\/p>\n<p><img fetchpriority=\"high\" decoding=\"async\" class=\"msub_k4 mupj_5k mjru_k4 mse2_k4 mp7g_f6 mq1m_0 mj7u_0 m7er_k4 lazyloaded\" src=\"https:\/\/a.allegroimg.com\/original\/1126a4\/903bafda4ff39a9b302653680c89\/Rower-Elektryczny-17AH-42KM-H-Hamulec-Hydrauliczny-Model-YB-F26-27inch-1\" sizes=\"100vw\" srcset=\"https:\/\/a.allegroimg.com\/s360\/1126a4\/903bafda4ff39a9b302653680c89\/Rower-Elektryczny-17AH-42KM-H-Hamulec-Hydrauliczny-Model-YB-F26-27inch-1 360w,https:\/\/a.allegroimg.com\/s720\/1126a4\/903bafda4ff39a9b302653680c89\/Rower-Elektryczny-17AH-42KM-H-Hamulec-Hydrauliczny-Model-YB-F26-27inch-1 720w,https:\/\/a.allegroimg.com\/s1024\/1126a4\/903bafda4ff39a9b302653680c89\/Rower-Elektryczny-17AH-42KM-H-Hamulec-Hydrauliczny-Model-YB-F26-27inch-1 1024w,https:\/\/a.allegroimg.com\/s1440\/1126a4\/903bafda4ff39a9b302653680c89\/Rower-Elektryczny-17AH-42KM-H-Hamulec-Hydrauliczny-Model-YB-F26-27inch-1 1367w,https:\/\/a.allegroimg.com\/original\/1126a4\/903bafda4ff39a9b302653680c89\/Rower-Elektryczny-17AH-42KM-H-Hamulec-Hydrauliczny-Model-YB-F26-27inch-1 1367w\" alt=\"Rower Elektryczny 17AH 42KM\/H Hamulec Hydrauliczny Model YB-F26-27inch-1\" width=\"1022\" height=\"755\" data-src=\"https:\/\/a.allegroimg.com\/original\/1126a4\/903bafda4ff39a9b302653680c89\/Rower-Elektryczny-17AH-42KM-H-Hamulec-Hydrauliczny-Model-YB-F26-27inch-1\" data-srcset=\"https:\/\/a.allegroimg.com\/s360\/1126a4\/903bafda4ff39a9b302653680c89\/Rower-Elektryczny-17AH-42KM-H-Hamulec-Hydrauliczny-Model-YB-F26-27inch-1 360w,https:\/\/a.allegroimg.com\/s720\/1126a4\/903bafda4ff39a9b302653680c89\/Rower-Elektryczny-17AH-42KM-H-Hamulec-Hydrauliczny-Model-YB-F26-27inch-1 720w,https:\/\/a.allegroimg.com\/s1024\/1126a4\/903bafda4ff39a9b302653680c89\/Rower-Elektryczny-17AH-42KM-H-Hamulec-Hydrauliczny-Model-YB-F26-27inch-1 1024w,https:\/\/a.allegroimg.com\/s1440\/1126a4\/903bafda4ff39a9b302653680c89\/Rower-Elektryczny-17AH-42KM-H-Hamulec-Hydrauliczny-Model-YB-F26-27inch-1 1367w,https:\/\/a.allegroimg.com\/original\/1126a4\/903bafda4ff39a9b302653680c89\/Rower-Elektryczny-17AH-42KM-H-Hamulec-Hydrauliczny-Model-YB-F26-27inch-1 1367w\" \/><\/p>\n<h3>Renkaat<\/h3>\n<p>27-tuumaiset, erilaisiin tie-olosuhteisiin mukautetut, urheilullisen tyylin ilmarenkaat osoittavat nuorekasta luonnetta ja antavat uutta henke\u00e4.<\/p>\n<h3>Akku<\/h3>\n<p>Suuren kapasiteetin 17 AH akku takaa pitk\u00e4n ty\u00f6skentelyalueen.<\/p>\n<p><img decoding=\"async\" class=\"msub_k4 mupj_5k mjru_k4 mse2_k4 mp7g_f6 mq1m_0 mj7u_0 m7er_k4 lazyloaded\" src=\"https:\/\/a.allegroimg.com\/original\/11943e\/1267b01c4bbfb39ada7854d52ebe\/Rower-Elektryczny-17AH-42KM-H-Hamulec-Hydrauliczny-Wheel-Size-27\" sizes=\"100vw\" srcset=\"https:\/\/a.allegroimg.com\/s360\/11943e\/1267b01c4bbfb39ada7854d52ebe\/Rower-Elektryczny-17AH-42KM-H-Hamulec-Hydrauliczny-Wheel-Size-27 360w,https:\/\/a.allegroimg.com\/s720\/11943e\/1267b01c4bbfb39ada7854d52ebe\/Rower-Elektryczny-17AH-42KM-H-Hamulec-Hydrauliczny-Wheel-Size-27 720w,https:\/\/a.allegroimg.com\/s1024\/11943e\/1267b01c4bbfb39ada7854d52ebe\/Rower-Elektryczny-17AH-42KM-H-Hamulec-Hydrauliczny-Wheel-Size-27 1000w,https:\/\/a.allegroimg.com\/original\/11943e\/1267b01c4bbfb39ada7854d52ebe\/Rower-Elektryczny-17AH-42KM-H-Hamulec-Hydrauliczny-Wheel-Size-27 1000w\" alt=\"Rower Elektryczny 17AH 42KM\/H Hamulec Hydrauliczny Wheel Size (&quot;) 27\" width=\"856\" height=\"604\" data-src=\"https:\/\/a.allegroimg.com\/original\/11943e\/1267b01c4bbfb39ada7854d52ebe\/Rower-Elektryczny-17AH-42KM-H-Hamulec-Hydrauliczny-Wheel-Size-27\" data-srcset=\"https:\/\/a.allegroimg.com\/s360\/11943e\/1267b01c4bbfb39ada7854d52ebe\/Rower-Elektryczny-17AH-42KM-H-Hamulec-Hydrauliczny-Wheel-Size-27 360w,https:\/\/a.allegroimg.com\/s720\/11943e\/1267b01c4bbfb39ada7854d52ebe\/Rower-Elektryczny-17AH-42KM-H-Hamulec-Hydrauliczny-Wheel-Size-27 720w,https:\/\/a.allegroimg.com\/s1024\/11943e\/1267b01c4bbfb39ada7854d52ebe\/Rower-Elektryczny-17AH-42KM-H-Hamulec-Hydrauliczny-Wheel-Size-27 1000w,https:\/\/a.allegroimg.com\/original\/11943e\/1267b01c4bbfb39ada7854d52ebe\/Rower-Elektryczny-17AH-42KM-H-Hamulec-Hydrauliczny-Wheel-Size-27 1000w\" \/><\/p>\n<h3>Mahdollisuus ajaa vain s\u00e4hk\u00f6ll\u00e4<\/h3>\n<p><img decoding=\"async\" class=\"msub_k4 mupj_5k mjru_k4 mse2_k4 mp7g_f6 mq1m_0 mj7u_0 m7er_k4 lazyloaded\" src=\"https:\/\/a.allegroimg.com\/original\/11438e\/6a1f41c54465bcfd79202868e933\/Rower-Elektryczny-17AH-42KM-H-Hamulec-Hydrauliczny-Frame-Material-aluminum\" sizes=\"100vw\" srcset=\"https:\/\/a.allegroimg.com\/s360\/11438e\/6a1f41c54465bcfd79202868e933\/Rower-Elektryczny-17AH-42KM-H-Hamulec-Hydrauliczny-Frame-Material-aluminum 360w,https:\/\/a.allegroimg.com\/s720\/11438e\/6a1f41c54465bcfd79202868e933\/Rower-Elektryczny-17AH-42KM-H-Hamulec-Hydrauliczny-Frame-Material-aluminum 720w,https:\/\/a.allegroimg.com\/s1024\/11438e\/6a1f41c54465bcfd79202868e933\/Rower-Elektryczny-17AH-42KM-H-Hamulec-Hydrauliczny-Frame-Material-aluminum 1024w,https:\/\/a.allegroimg.com\/s1440\/11438e\/6a1f41c54465bcfd79202868e933\/Rower-Elektryczny-17AH-42KM-H-Hamulec-Hydrauliczny-Frame-Material-aluminum 1440w,https:\/\/a.allegroimg.com\/original\/11438e\/6a1f41c54465bcfd79202868e933\/Rower-Elektryczny-17AH-42KM-H-Hamulec-Hydrauliczny-Frame-Material-aluminum 1440w\" alt=\"Rower Elektryczny 17AH 42KM\/H Hamulec Hydrauliczny Frame Material aluminum\" width=\"1440px\" data-src=\"https:\/\/a.allegroimg.com\/original\/11438e\/6a1f41c54465bcfd79202868e933\/Rower-Elektryczny-17AH-42KM-H-Hamulec-Hydrauliczny-Frame-Material-aluminum\" data-srcset=\"https:\/\/a.allegroimg.com\/s360\/11438e\/6a1f41c54465bcfd79202868e933\/Rower-Elektryczny-17AH-42KM-H-Hamulec-Hydrauliczny-Frame-Material-aluminum 360w,https:\/\/a.allegroimg.com\/s720\/11438e\/6a1f41c54465bcfd79202868e933\/Rower-Elektryczny-17AH-42KM-H-Hamulec-Hydrauliczny-Frame-Material-aluminum 720w,https:\/\/a.allegroimg.com\/s1024\/11438e\/6a1f41c54465bcfd79202868e933\/Rower-Elektryczny-17AH-42KM-H-Hamulec-Hydrauliczny-Frame-Material-aluminum 1024w,https:\/\/a.allegroimg.com\/s1440\/11438e\/6a1f41c54465bcfd79202868e933\/Rower-Elektryczny-17AH-42KM-H-Hamulec-Hydrauliczny-Frame-Material-aluminum 1440w,https:\/\/a.allegroimg.com\/original\/11438e\/6a1f41c54465bcfd79202868e933\/Rower-Elektryczny-17AH-42KM-H-Hamulec-Hydrauliczny-Frame-Material-aluminum 1440w\" \/><\/p>\n<h3>Tiedot<\/h3>\n<p>Rungon materiaali: alumiiniseos<br \/>\nV\u00e4ri: hopeanharmaa<br \/>\nAkku: 17AH<br \/>\nAkun j\u00e4nnite: 48V (54V)<br \/>\nLaturin j\u00e4nnite: 100-240V 2A<br \/>\nMoottorin teho: 500 W<br \/>\nHuipputeho: 750W<br \/>\nVaihteet: Viisi vaihdetta<br \/>\nRengas: CST 27 * 2.10<br \/>\nJarru: hydraulinen jarru<br \/>\nKaltevuus: 30\u00b0<br \/>\nHuippunopeus: 38-42 km\/h<br \/>\nAjettu s\u00e4hk\u00f6ll\u00e4: 40-60 km;<br \/>\nAjokilometrim\u00e4\u00e4r\u00e4: 70-110 KM;<br \/>\nS\u00e4hk\u00f6py\u00f6r\u00e4n nettopaino: 27,5 kg;<br \/>\nAkun paino: 4,2 kg;<br \/>\nT\u00e4ysi paino: 35 kg<br \/>\nKuorma: 200 kg<\/p>\n","protected":false},"excerpt":{"rendered":"<p><strong>Cmace wheel F26\u00a0<\/strong><\/p>\n<p>&nbsp;<\/p>\n<ul>\n<li>Suurin ajomatka: 110 km<\/li>\n<li>Akku: 48V, 17AH<\/li>\n<li>Moottorin teho: 500 W<\/li>\n<li>Suurin kantavuus: 200 kg<\/li>\n<\/ul>\n<p>&nbsp;<\/p>\n<p><strong>\u2666 Toimitusaika 2-7 p\u00e4iv\u00e4\u00e4<\/strong><br \/>\n<strong>\u2666 Varastossa<\/strong><\/p>\n","protected":false},"featured_media":13827,"template":"","meta":[],"product_cat":[983,985,979],"product_tag":[],"class_list":{"0":"post-8288","1":"product","2":"type-product","3":"status-publish","4":"has-post-thumbnail","6":"product_cat-sahkokaupunkipyorat","7":"product_cat-sahkomaastopyora","8":"product_cat-sahkopyorat","9":"product_shipping_class-suured-pakid","11":"first","12":"instock","13":"taxable","14":"shipping-taxable","15":"purchasable","16":"product-type-simple"},"yoast_head":"<!-- This site is optimized with the Yoast SEO plugin v23.8 - https:\/\/yoast.com\/wordpress\/plugins\/seo\/ -->\n<title>Cmace wheel F26, 110km - Ecocruiser<\/title>\n<meta name=\"description\" content=\"Cmace wheel F26 s\u00e4hk\u00f6py\u00f6r\u00e4 Maksimi kantama: 110km Akku: 48V, 17AH Moottorin teho: 500 W Maksimikuormitus: 200 KG \u2666 Toimitusaika 2-6 p\u00e4iv\u00e4\u00e4 \u2666 Varastossa\" \/>\n<meta name=\"robots\" content=\"noindex, follow, max-snippet:-1, max-image-preview:large, max-video-preview:-1\" \/>\n<meta property=\"og:locale\" content=\"en_GB\" \/>\n<meta property=\"og:type\" content=\"article\" \/>\n<meta property=\"og:title\" content=\"Cmace wheel F26, 110km - Ecocruiser\" \/>\n<meta property=\"og:description\" content=\"Cmace wheel F26 s\u00e4hk\u00f6py\u00f6r\u00e4 Maksimi kantama: 110km Akku: 48V, 17AH Moottorin teho: 500 W Maksimikuormitus: 200 KG \u2666 Toimitusaika 2-6 p\u00e4iv\u00e4\u00e4 \u2666 Varastossa\" \/>\n<meta property=\"og:url\" content=\"https:\/\/projekt.vombat.ee\/eco\/fi\/myym\u00e4l\u00e4\/sahkopyorat\/sahkokaupunkipyorat\/cmace-wheel-f26-110km\/\" \/>\n<meta property=\"og:site_name\" content=\"Ecocruiser\" \/>\n<meta property=\"article:modified_time\" content=\"2024-04-15T11:24:35+00:00\" \/>\n<meta property=\"og:image\" content=\"https:\/\/projekt.vombat.ee\/eco\/wp-content\/uploads\/2023\/04\/Untitled-design-2023-04-04T114058.785.png\" \/>\n\t<meta property=\"og:image:width\" content=\"1000\" \/>\n\t<meta property=\"og:image:height\" content=\"1000\" \/>\n\t<meta property=\"og:image:type\" content=\"image\/png\" \/>\n<meta name=\"twitter:card\" content=\"summary_large_image\" \/>\n<meta name=\"twitter:label1\" content=\"Estimated reading time\" \/>\n\t<meta name=\"twitter:data1\" content=\"2 minutes\" \/>\n<script type=\"application\/ld+json\" class=\"yoast-schema-graph\">{\"@context\":\"https:\/\/schema.org\",\"@graph\":[{\"@type\":\"WebPage\",\"@id\":\"https:\/\/projekt.vombat.ee\/eco\/fi\/myym%C3%A4l%C3%A4\/sahkopyorat\/sahkokaupunkipyorat\/cmace-wheel-f26-110km\/\",\"url\":\"https:\/\/projekt.vombat.ee\/eco\/fi\/myym%C3%A4l%C3%A4\/sahkopyorat\/sahkokaupunkipyorat\/cmace-wheel-f26-110km\/\",\"name\":\"Cmace wheel F26, 110km - Ecocruiser\",\"isPartOf\":{\"@id\":\"https:\/\/projekt.vombat.ee\/eco\/#website\"},\"primaryImageOfPage\":{\"@id\":\"https:\/\/projekt.vombat.ee\/eco\/fi\/myym%C3%A4l%C3%A4\/sahkopyorat\/sahkokaupunkipyorat\/cmace-wheel-f26-110km\/#primaryimage\"},\"image\":{\"@id\":\"https:\/\/projekt.vombat.ee\/eco\/fi\/myym%C3%A4l%C3%A4\/sahkopyorat\/sahkokaupunkipyorat\/cmace-wheel-f26-110km\/#primaryimage\"},\"thumbnailUrl\":\"https:\/\/projekt.vombat.ee\/eco\/wp-content\/uploads\/2023\/04\/gray-to-black-Gradient.webp\",\"datePublished\":\"2023-04-06T17:22:39+00:00\",\"dateModified\":\"2024-04-15T11:24:35+00:00\",\"description\":\"Cmace wheel F26 s\u00e4hk\u00f6py\u00f6r\u00e4 Maksimi kantama: 110km Akku: 48V, 17AH Moottorin teho: 500 W Maksimikuormitus: 200 KG \u2666 Toimitusaika 2-6 p\u00e4iv\u00e4\u00e4 \u2666 Varastossa\",\"breadcrumb\":{\"@id\":\"https:\/\/projekt.vombat.ee\/eco\/fi\/myym%C3%A4l%C3%A4\/sahkopyorat\/sahkokaupunkipyorat\/cmace-wheel-f26-110km\/#breadcrumb\"},\"inLanguage\":\"en-GB\",\"potentialAction\":[{\"@type\":\"ReadAction\",\"target\":[\"https:\/\/projekt.vombat.ee\/eco\/fi\/myym%C3%A4l%C3%A4\/sahkopyorat\/sahkokaupunkipyorat\/cmace-wheel-f26-110km\/\"]}]},{\"@type\":\"ImageObject\",\"inLanguage\":\"en-GB\",\"@id\":\"https:\/\/projekt.vombat.ee\/eco\/fi\/myym%C3%A4l%C3%A4\/sahkopyorat\/sahkokaupunkipyorat\/cmace-wheel-f26-110km\/#primaryimage\",\"url\":\"https:\/\/projekt.vombat.ee\/eco\/wp-content\/uploads\/2023\/04\/gray-to-black-Gradient.webp\",\"contentUrl\":\"https:\/\/projekt.vombat.ee\/eco\/wp-content\/uploads\/2023\/04\/gray-to-black-Gradient.webp\",\"width\":800,\"height\":800},{\"@type\":\"BreadcrumbList\",\"@id\":\"https:\/\/projekt.vombat.ee\/eco\/fi\/myym%C3%A4l%C3%A4\/sahkopyorat\/sahkokaupunkipyorat\/cmace-wheel-f26-110km\/#breadcrumb\",\"itemListElement\":[{\"@type\":\"ListItem\",\"position\":1,\"name\":\"Home\",\"item\":\"https:\/\/projekt.vombat.ee\/eco\/\"},{\"@type\":\"ListItem\",\"position\":2,\"name\":\"Pood\",\"item\":\"https:\/\/projekt.vombat.ee\/eco\/pood\/\"},{\"@type\":\"ListItem\",\"position\":3,\"name\":\"Cmace wheel F26, 110km\"}]},{\"@type\":\"WebSite\",\"@id\":\"https:\/\/projekt.vombat.ee\/eco\/#website\",\"url\":\"https:\/\/projekt.vombat.ee\/eco\/\",\"name\":\"Ecocruiser\",\"description\":\"\",\"publisher\":{\"@id\":\"https:\/\/projekt.vombat.ee\/eco\/#organization\"},\"potentialAction\":[{\"@type\":\"SearchAction\",\"target\":{\"@type\":\"EntryPoint\",\"urlTemplate\":\"https:\/\/projekt.vombat.ee\/eco\/?s={search_term_string}\"},\"query-input\":{\"@type\":\"PropertyValueSpecification\",\"valueRequired\":true,\"valueName\":\"search_term_string\"}}],\"inLanguage\":\"en-GB\"},{\"@type\":\"Organization\",\"@id\":\"https:\/\/projekt.vombat.ee\/eco\/#organization\",\"name\":\"Ecocruiser\",\"url\":\"https:\/\/projekt.vombat.ee\/eco\/\",\"logo\":{\"@type\":\"ImageObject\",\"inLanguage\":\"en-GB\",\"@id\":\"https:\/\/projekt.vombat.ee\/eco\/#\/schema\/logo\/image\/\",\"url\":\"https:\/\/projekt.vombat.ee\/eco\/wp-content\/uploads\/2023\/03\/ECOCRUISER_5.png\",\"contentUrl\":\"https:\/\/projekt.vombat.ee\/eco\/wp-content\/uploads\/2023\/03\/ECOCRUISER_5.png\",\"width\":234,\"height\":91,\"caption\":\"Ecocruiser\"},\"image\":{\"@id\":\"https:\/\/projekt.vombat.ee\/eco\/#\/schema\/logo\/image\/\"}}]}<\/script>\n<!-- \/ Yoast SEO plugin. -->","yoast_head_json":{"title":"Cmace wheel F26, 110km - Ecocruiser","description":"Cmace wheel F26 s\u00e4hk\u00f6py\u00f6r\u00e4 Maksimi kantama: 110km Akku: 48V, 17AH Moottorin teho: 500 W Maksimikuormitus: 200 KG \u2666 Toimitusaika 2-6 p\u00e4iv\u00e4\u00e4 \u2666 Varastossa","robots":{"index":"noindex","follow":"follow","max-snippet":"max-snippet:-1","max-image-preview":"max-image-preview:large","max-video-preview":"max-video-preview:-1"},"og_locale":"en_GB","og_type":"article","og_title":"Cmace wheel F26, 110km - Ecocruiser","og_description":"Cmace wheel F26 s\u00e4hk\u00f6py\u00f6r\u00e4 Maksimi kantama: 110km Akku: 48V, 17AH Moottorin teho: 500 W Maksimikuormitus: 200 KG \u2666 Toimitusaika 2-6 p\u00e4iv\u00e4\u00e4 \u2666 Varastossa","og_url":"https:\/\/projekt.vombat.ee\/eco\/fi\/myym\u00e4l\u00e4\/sahkopyorat\/sahkokaupunkipyorat\/cmace-wheel-f26-110km\/","og_site_name":"Ecocruiser","article_modified_time":"2024-04-15T11:24:35+00:00","og_image":[{"width":1000,"height":1000,"url":"https:\/\/projekt.vombat.ee\/eco\/wp-content\/uploads\/2023\/04\/Untitled-design-2023-04-04T114058.785.png","type":"image\/png"}],"twitter_card":"summary_large_image","twitter_misc":{"Estimated reading time":"2 minutes"},"schema":{"@context":"https:\/\/schema.org","@graph":[{"@type":"WebPage","@id":"https:\/\/projekt.vombat.ee\/eco\/fi\/myym%C3%A4l%C3%A4\/sahkopyorat\/sahkokaupunkipyorat\/cmace-wheel-f26-110km\/","url":"https:\/\/projekt.vombat.ee\/eco\/fi\/myym%C3%A4l%C3%A4\/sahkopyorat\/sahkokaupunkipyorat\/cmace-wheel-f26-110km\/","name":"Cmace wheel F26, 110km - Ecocruiser","isPartOf":{"@id":"https:\/\/projekt.vombat.ee\/eco\/#website"},"primaryImageOfPage":{"@id":"https:\/\/projekt.vombat.ee\/eco\/fi\/myym%C3%A4l%C3%A4\/sahkopyorat\/sahkokaupunkipyorat\/cmace-wheel-f26-110km\/#primaryimage"},"image":{"@id":"https:\/\/projekt.vombat.ee\/eco\/fi\/myym%C3%A4l%C3%A4\/sahkopyorat\/sahkokaupunkipyorat\/cmace-wheel-f26-110km\/#primaryimage"},"thumbnailUrl":"https:\/\/projekt.vombat.ee\/eco\/wp-content\/uploads\/2023\/04\/gray-to-black-Gradient.webp","datePublished":"2023-04-06T17:22:39+00:00","dateModified":"2024-04-15T11:24:35+00:00","description":"Cmace wheel F26 s\u00e4hk\u00f6py\u00f6r\u00e4 Maksimi kantama: 110km Akku: 48V, 17AH Moottorin teho: 500 W Maksimikuormitus: 200 KG \u2666 Toimitusaika 2-6 p\u00e4iv\u00e4\u00e4 \u2666 Varastossa","breadcrumb":{"@id":"https:\/\/projekt.vombat.ee\/eco\/fi\/myym%C3%A4l%C3%A4\/sahkopyorat\/sahkokaupunkipyorat\/cmace-wheel-f26-110km\/#breadcrumb"},"inLanguage":"en-GB","potentialAction":[{"@type":"ReadAction","target":["https:\/\/projekt.vombat.ee\/eco\/fi\/myym%C3%A4l%C3%A4\/sahkopyorat\/sahkokaupunkipyorat\/cmace-wheel-f26-110km\/"]}]},{"@type":"ImageObject","inLanguage":"en-GB","@id":"https:\/\/projekt.vombat.ee\/eco\/fi\/myym%C3%A4l%C3%A4\/sahkopyorat\/sahkokaupunkipyorat\/cmace-wheel-f26-110km\/#primaryimage","url":"https:\/\/projekt.vombat.ee\/eco\/wp-content\/uploads\/2023\/04\/gray-to-black-Gradient.webp","contentUrl":"https:\/\/projekt.vombat.ee\/eco\/wp-content\/uploads\/2023\/04\/gray-to-black-Gradient.webp","width":800,"height":800},{"@type":"BreadcrumbList","@id":"https:\/\/projekt.vombat.ee\/eco\/fi\/myym%C3%A4l%C3%A4\/sahkopyorat\/sahkokaupunkipyorat\/cmace-wheel-f26-110km\/#breadcrumb","itemListElement":[{"@type":"ListItem","position":1,"name":"Home","item":"https:\/\/projekt.vombat.ee\/eco\/"},{"@type":"ListItem","position":2,"name":"Pood","item":"https:\/\/projekt.vombat.ee\/eco\/pood\/"},{"@type":"ListItem","position":3,"name":"Cmace wheel F26, 110km"}]},{"@type":"WebSite","@id":"https:\/\/projekt.vombat.ee\/eco\/#website","url":"https:\/\/projekt.vombat.ee\/eco\/","name":"Ecocruiser","description":"","publisher":{"@id":"https:\/\/projekt.vombat.ee\/eco\/#organization"},"potentialAction":[{"@type":"SearchAction","target":{"@type":"EntryPoint","urlTemplate":"https:\/\/projekt.vombat.ee\/eco\/?s={search_term_string}"},"query-input":{"@type":"PropertyValueSpecification","valueRequired":true,"valueName":"search_term_string"}}],"inLanguage":"en-GB"},{"@type":"Organization","@id":"https:\/\/projekt.vombat.ee\/eco\/#organization","name":"Ecocruiser","url":"https:\/\/projekt.vombat.ee\/eco\/","logo":{"@type":"ImageObject","inLanguage":"en-GB","@id":"https:\/\/projekt.vombat.ee\/eco\/#\/schema\/logo\/image\/","url":"https:\/\/projekt.vombat.ee\/eco\/wp-content\/uploads\/2023\/03\/ECOCRUISER_5.png","contentUrl":"https:\/\/projekt.vombat.ee\/eco\/wp-content\/uploads\/2023\/03\/ECOCRUISER_5.png","width":234,"height":91,"caption":"Ecocruiser"},"image":{"@id":"https:\/\/projekt.vombat.ee\/eco\/#\/schema\/logo\/image\/"}}]}},"lang":"fi","translations":{"fi":8288,"et":8151},"pll_sync_post":[],"_links":{"self":[{"href":"https:\/\/projekt.vombat.ee\/eco\/wp-json\/wp\/v2\/product\/8288"}],"collection":[{"href":"https:\/\/projekt.vombat.ee\/eco\/wp-json\/wp\/v2\/product"}],"about":[{"href":"https:\/\/projekt.vombat.ee\/eco\/wp-json\/wp\/v2\/types\/product"}],"version-history":[{"count":1,"href":"https:\/\/projekt.vombat.ee\/eco\/wp-json\/wp\/v2\/product\/8288\/revisions"}],"predecessor-version":[{"id":8290,"href":"https:\/\/projekt.vombat.ee\/eco\/wp-json\/wp\/v2\/product\/8288\/revisions\/8290"}],"wp:featuredmedia":[{"embeddable":true,"href":"https:\/\/projekt.vombat.ee\/eco\/wp-json\/wp\/v2\/media\/13827"}],"wp:attachment":[{"href":"https:\/\/projekt.vombat.ee\/eco\/wp-json\/wp\/v2\/media?parent=8288"}],"wp:term":[{"taxonomy":"product_cat","embeddable":true,"href":"https:\/\/projekt.vombat.ee\/eco\/wp-json\/wp\/v2\/product_cat?post=8288"},{"taxonomy":"product_tag","embeddable":true,"href":"https:\/\/projekt.vombat.ee\/eco\/wp-json\/wp\/v2\/product_tag?post=8288"}],"curies":[{"name":"wp","href":"https:\/\/api.w.org\/{rel}","templated":true}]}}