{"id":8213,"date":"2023-04-04T16:41:20","date_gmt":"2023-04-04T16:41:20","guid":{"rendered":"https:\/\/projekt.vombat.ee\/eco\/?post_type=product&#038;p=8213"},"modified":"2023-05-28T10:49:51","modified_gmt":"2023-05-28T10:49:51","slug":"navee-n65-elektriline-toukeratas-65km","status":"publish","type":"product","link":"https:\/\/projekt.vombat.ee\/eco\/pood\/brandid\/navee\/navee-n65-elektriline-toukeratas-65km\/","title":{"rendered":"Navee N65 elektriline t\u00f5ukeratas, 65km"},"content":{"rendered":"<h1>NAVEE N65 ELEKTRILINE T\u00d5UKERATAS, 65KM<\/h1>\n<p><strong>Navee N65\u00a0t\u00f5ukeratas on ideaalne h\u00fcbriid, mis aitab hoiduda ummikutest ning ei j\u00e4\u00e4 ka h\u00e4tta ebatasastel pindadel liikumisega.\u00a0<\/strong><\/p>\n<p>Lisaks heale kvaliteedile pakub uus N65 oma v\u00e4limusega ka silmailu. Lisaks on tegemist \u00fcsnagi kompaktse ja lihtsasti kaasaskantava t\u00f5ukerattaga. Ratas on disainitud nii, et sellel ei ole \u00fcleliigseid osasid, mis lisaksid ebavajalikku kaalu. Juhtraua k\u00e4epidemed on laiad ja k\u00f5rgust reguleerida pole vaja. Mida v\u00e4hem liikuvaid osasid, seda v\u00e4hem logisema hakkavaid detaile. Valida saate 3 s\u00f5iduree\u017eiimi vahel. Kuni 15km\/h ja l\u00e4bis\u00f5it kuni 45km. T\u00e4nu 10-tollistele \u00f5hkrataste ja laiale jalusele on s\u00f5it v\u00e4ga mugav. Rattal on elektriline pidur tagarattas (tagasilaadimisega) ja efektiivne trummelpidur esirattal.<\/p>\n<p>Electric Scooter ehk elektriline kokkupandav t\u00f5ukeratas on tasakaalukas ja peen abivahend mugavaks liiklemiseks. T\u00f5ukeratas on m\u00f5eldud tasastel teedel s\u00f5itmiseks. Elektriline s\u00f5iduvahend sobib h\u00e4sti linnas k\u00f5nni- ja kergliiklusteedel liiklemiseks. Nii v\u00f5id nautida enda igap\u00e4evatoimetusi \u2013 k\u00e4ia poes ja t\u00f6\u00f6l v\u00f5i kruiisida niisama m\u00f5nusalt ringi! Electric Scooter on ideaalne abivahend l\u00fchikese teekonna l\u00e4bimiseks.<\/p>\n<div class=\"youtube responsive-embed wp-embed\"><iframe title=\"Brightway Intelligent Technology Launched the Electric Kick Scooter Navee N65 on Xiaomi Youpin\" width=\"1778\" height=\"1000\" src=\"https:\/\/www.youtube.com\/embed\/fAO5jAXfO48?start=14&#038;feature=oembed\" frameborder=\"0\" allow=\"accelerometer; autoplay; clipboard-write; encrypted-media; gyroscope; picture-in-picture; web-share\" allowfullscreen><\/iframe><\/div>\n<p><strong>NB!<\/strong> Elektrit\u00f5ukerattaga s\u00f5ites soovitame turvalisuse tagamiseks alati kanda <a href=\"https:\/\/projekt.vombat.ee\/eco\/pood\/?product-cata=707\">kiivrit<\/a>. Alla 16 aastase kergliikuri jaoks on elektrit\u00f5uksiga s\u00f5idu ajal kiivri kandmine\u00a0<a href=\"https:\/\/www.riigiteataja.ee\/akt\/113112020001\">seaduse<\/a> j\u00e4rgi kohustuslik<\/p>\n","protected":false},"excerpt":{"rendered":"<h6><strong>NAVEE N65 ELEKTRILINE T\u00d5UKERATAS<\/strong><\/h6>\n<ul>\n<li><strong>Max s\u00f5iduulatus<\/strong>: 65 KM<\/li>\n<li><strong>Kandev\u00f5ime<\/strong>: 120 kg<\/li>\n<li><strong>Mootori v\u00f5imsus<\/strong>: 500W<\/li>\n<li><b>Max kiirus:\u00a0<\/b>25km\/h<\/li>\n<\/ul>\n<p>&nbsp;<\/p>\n<p>\u2666 <strong>Tarneaeg<\/strong> 2-4 p\u00e4eva<br \/>\n\u2666 <strong>Laos<\/strong><\/p>\n","protected":false},"featured_media":8214,"template":"","meta":[],"product_cat":[1277,53,909,939],"product_tag":[],"class_list":{"0":"post-8213","1":"product","2":"type-product","3":"status-publish","4":"has-post-thumbnail","6":"product_cat-navee","7":"product_cat-elektritoukerattad","8":"product_cat-linna-toukerattad","9":"product_cat-brandid","10":"product_shipping_class-suured-pakid","12":"first","13":"instock","14":"taxable","15":"shipping-taxable","16":"purchasable","17":"product-type-simple"},"yoast_head":"<!-- This site is optimized with the Yoast SEO plugin v23.8 - https:\/\/yoast.com\/wordpress\/plugins\/seo\/ -->\n<title>Navee N65 elektriline t\u00f5ukeratas, 65km - Ecocruiser<\/title>\n<meta name=\"description\" content=\"Navee N65 elektriline t\u00f5ukeratas, 65km - Kvaliteetsed br\u00e4ndid, lai valik - Ecocruiser.ee - K\u00fcsimuste korral v\u00f5ta \u00fchendust info@projekt.vombat.ee\" \/>\n<meta name=\"robots\" content=\"noindex, follow, max-snippet:-1, max-image-preview:large, max-video-preview:-1\" \/>\n<meta property=\"og:locale\" content=\"en_GB\" \/>\n<meta property=\"og:type\" content=\"article\" \/>\n<meta property=\"og:title\" content=\"Navee N65 elektriline t\u00f5ukeratas, 65km - Ecocruiser\" \/>\n<meta property=\"og:description\" content=\"Navee N65 elektriline t\u00f5ukeratas, 65km - Kvaliteetsed br\u00e4ndid, lai valik - Ecocruiser.ee - K\u00fcsimuste korral v\u00f5ta \u00fchendust info@projekt.vombat.ee\" \/>\n<meta property=\"og:url\" content=\"https:\/\/projekt.vombat.ee\/eco\/pood\/brandid\/navee\/navee-n65-elektriline-toukeratas-65km\/\" \/>\n<meta property=\"og:site_name\" content=\"Ecocruiser\" \/>\n<meta property=\"article:modified_time\" content=\"2023-05-28T10:49:51+00:00\" \/>\n<meta property=\"og:image\" content=\"https:\/\/projekt.vombat.ee\/eco\/wp-content\/uploads\/2023\/04\/Navee-N65.png\" \/>\n\t<meta property=\"og:image:width\" content=\"440\" \/>\n\t<meta property=\"og:image:height\" content=\"440\" \/>\n\t<meta property=\"og:image:type\" content=\"image\/png\" \/>\n<meta name=\"twitter:card\" content=\"summary_large_image\" \/>\n<meta name=\"twitter:label1\" content=\"Estimated reading time\" \/>\n\t<meta name=\"twitter:data1\" content=\"1 minute\" \/>\n<script type=\"application\/ld+json\" class=\"yoast-schema-graph\">{\"@context\":\"https:\/\/schema.org\",\"@graph\":[{\"@type\":\"WebPage\",\"@id\":\"https:\/\/projekt.vombat.ee\/eco\/pood\/brandid\/navee\/navee-n65-elektriline-toukeratas-65km\/\",\"url\":\"https:\/\/projekt.vombat.ee\/eco\/pood\/brandid\/navee\/navee-n65-elektriline-toukeratas-65km\/\",\"name\":\"Navee N65 elektriline t\u00f5ukeratas, 65km - Ecocruiser\",\"isPartOf\":{\"@id\":\"https:\/\/projekt.vombat.ee\/eco\/#website\"},\"primaryImageOfPage\":{\"@id\":\"https:\/\/projekt.vombat.ee\/eco\/pood\/brandid\/navee\/navee-n65-elektriline-toukeratas-65km\/#primaryimage\"},\"image\":{\"@id\":\"https:\/\/projekt.vombat.ee\/eco\/pood\/brandid\/navee\/navee-n65-elektriline-toukeratas-65km\/#primaryimage\"},\"thumbnailUrl\":\"https:\/\/projekt.vombat.ee\/eco\/wp-content\/uploads\/2023\/04\/Navee-N65.png\",\"datePublished\":\"2023-04-04T16:41:20+00:00\",\"dateModified\":\"2023-05-28T10:49:51+00:00\",\"description\":\"Navee N65 elektriline t\u00f5ukeratas, 65km - Kvaliteetsed br\u00e4ndid, lai valik - Ecocruiser.ee - K\u00fcsimuste korral v\u00f5ta \u00fchendust info@projekt.vombat.ee\",\"breadcrumb\":{\"@id\":\"https:\/\/projekt.vombat.ee\/eco\/pood\/brandid\/navee\/navee-n65-elektriline-toukeratas-65km\/#breadcrumb\"},\"inLanguage\":\"en-GB\",\"potentialAction\":[{\"@type\":\"ReadAction\",\"target\":[\"https:\/\/projekt.vombat.ee\/eco\/pood\/brandid\/navee\/navee-n65-elektriline-toukeratas-65km\/\"]}]},{\"@type\":\"ImageObject\",\"inLanguage\":\"en-GB\",\"@id\":\"https:\/\/projekt.vombat.ee\/eco\/pood\/brandid\/navee\/navee-n65-elektriline-toukeratas-65km\/#primaryimage\",\"url\":\"https:\/\/projekt.vombat.ee\/eco\/wp-content\/uploads\/2023\/04\/Navee-N65.png\",\"contentUrl\":\"https:\/\/projekt.vombat.ee\/eco\/wp-content\/uploads\/2023\/04\/Navee-N65.png\",\"width\":440,\"height\":440,\"caption\":\"Navee N65\"},{\"@type\":\"BreadcrumbList\",\"@id\":\"https:\/\/projekt.vombat.ee\/eco\/pood\/brandid\/navee\/navee-n65-elektriline-toukeratas-65km\/#breadcrumb\",\"itemListElement\":[{\"@type\":\"ListItem\",\"position\":1,\"name\":\"Home\",\"item\":\"https:\/\/projekt.vombat.ee\/eco\/\"},{\"@type\":\"ListItem\",\"position\":2,\"name\":\"Pood\",\"item\":\"https:\/\/projekt.vombat.ee\/eco\/pood\/\"},{\"@type\":\"ListItem\",\"position\":3,\"name\":\"Navee N65 elektriline t\u00f5ukeratas, 65km\"}]},{\"@type\":\"WebSite\",\"@id\":\"https:\/\/projekt.vombat.ee\/eco\/#website\",\"url\":\"https:\/\/projekt.vombat.ee\/eco\/\",\"name\":\"Ecocruiser\",\"description\":\"\",\"publisher\":{\"@id\":\"https:\/\/projekt.vombat.ee\/eco\/#organization\"},\"potentialAction\":[{\"@type\":\"SearchAction\",\"target\":{\"@type\":\"EntryPoint\",\"urlTemplate\":\"https:\/\/projekt.vombat.ee\/eco\/?s={search_term_string}\"},\"query-input\":{\"@type\":\"PropertyValueSpecification\",\"valueRequired\":true,\"valueName\":\"search_term_string\"}}],\"inLanguage\":\"en-GB\"},{\"@type\":\"Organization\",\"@id\":\"https:\/\/projekt.vombat.ee\/eco\/#organization\",\"name\":\"Ecocruiser\",\"url\":\"https:\/\/projekt.vombat.ee\/eco\/\",\"logo\":{\"@type\":\"ImageObject\",\"inLanguage\":\"en-GB\",\"@id\":\"https:\/\/projekt.vombat.ee\/eco\/#\/schema\/logo\/image\/\",\"url\":\"https:\/\/projekt.vombat.ee\/eco\/wp-content\/uploads\/2023\/03\/ECOCRUISER_5.png\",\"contentUrl\":\"https:\/\/projekt.vombat.ee\/eco\/wp-content\/uploads\/2023\/03\/ECOCRUISER_5.png\",\"width\":234,\"height\":91,\"caption\":\"Ecocruiser\"},\"image\":{\"@id\":\"https:\/\/projekt.vombat.ee\/eco\/#\/schema\/logo\/image\/\"}}]}<\/script>\n<!-- \/ Yoast SEO plugin. -->","yoast_head_json":{"title":"Navee N65 elektriline t\u00f5ukeratas, 65km - Ecocruiser","description":"Navee N65 elektriline t\u00f5ukeratas, 65km - Kvaliteetsed br\u00e4ndid, lai valik - Ecocruiser.ee - K\u00fcsimuste korral v\u00f5ta \u00fchendust info@projekt.vombat.ee","robots":{"index":"noindex","follow":"follow","max-snippet":"max-snippet:-1","max-image-preview":"max-image-preview:large","max-video-preview":"max-video-preview:-1"},"og_locale":"en_GB","og_type":"article","og_title":"Navee N65 elektriline t\u00f5ukeratas, 65km - Ecocruiser","og_description":"Navee N65 elektriline t\u00f5ukeratas, 65km - Kvaliteetsed br\u00e4ndid, lai valik - Ecocruiser.ee - K\u00fcsimuste korral v\u00f5ta \u00fchendust info@projekt.vombat.ee","og_url":"https:\/\/projekt.vombat.ee\/eco\/pood\/brandid\/navee\/navee-n65-elektriline-toukeratas-65km\/","og_site_name":"Ecocruiser","article_modified_time":"2023-05-28T10:49:51+00:00","og_image":[{"width":440,"height":440,"url":"https:\/\/projekt.vombat.ee\/eco\/wp-content\/uploads\/2023\/04\/Navee-N65.png","type":"image\/png"}],"twitter_card":"summary_large_image","twitter_misc":{"Estimated reading time":"1 minute"},"schema":{"@context":"https:\/\/schema.org","@graph":[{"@type":"WebPage","@id":"https:\/\/projekt.vombat.ee\/eco\/pood\/brandid\/navee\/navee-n65-elektriline-toukeratas-65km\/","url":"https:\/\/projekt.vombat.ee\/eco\/pood\/brandid\/navee\/navee-n65-elektriline-toukeratas-65km\/","name":"Navee N65 elektriline t\u00f5ukeratas, 65km - Ecocruiser","isPartOf":{"@id":"https:\/\/projekt.vombat.ee\/eco\/#website"},"primaryImageOfPage":{"@id":"https:\/\/projekt.vombat.ee\/eco\/pood\/brandid\/navee\/navee-n65-elektriline-toukeratas-65km\/#primaryimage"},"image":{"@id":"https:\/\/projekt.vombat.ee\/eco\/pood\/brandid\/navee\/navee-n65-elektriline-toukeratas-65km\/#primaryimage"},"thumbnailUrl":"https:\/\/projekt.vombat.ee\/eco\/wp-content\/uploads\/2023\/04\/Navee-N65.png","datePublished":"2023-04-04T16:41:20+00:00","dateModified":"2023-05-28T10:49:51+00:00","description":"Navee N65 elektriline t\u00f5ukeratas, 65km - Kvaliteetsed br\u00e4ndid, lai valik - Ecocruiser.ee - K\u00fcsimuste korral v\u00f5ta \u00fchendust info@projekt.vombat.ee","breadcrumb":{"@id":"https:\/\/projekt.vombat.ee\/eco\/pood\/brandid\/navee\/navee-n65-elektriline-toukeratas-65km\/#breadcrumb"},"inLanguage":"en-GB","potentialAction":[{"@type":"ReadAction","target":["https:\/\/projekt.vombat.ee\/eco\/pood\/brandid\/navee\/navee-n65-elektriline-toukeratas-65km\/"]}]},{"@type":"ImageObject","inLanguage":"en-GB","@id":"https:\/\/projekt.vombat.ee\/eco\/pood\/brandid\/navee\/navee-n65-elektriline-toukeratas-65km\/#primaryimage","url":"https:\/\/projekt.vombat.ee\/eco\/wp-content\/uploads\/2023\/04\/Navee-N65.png","contentUrl":"https:\/\/projekt.vombat.ee\/eco\/wp-content\/uploads\/2023\/04\/Navee-N65.png","width":440,"height":440,"caption":"Navee N65"},{"@type":"BreadcrumbList","@id":"https:\/\/projekt.vombat.ee\/eco\/pood\/brandid\/navee\/navee-n65-elektriline-toukeratas-65km\/#breadcrumb","itemListElement":[{"@type":"ListItem","position":1,"name":"Home","item":"https:\/\/projekt.vombat.ee\/eco\/"},{"@type":"ListItem","position":2,"name":"Pood","item":"https:\/\/projekt.vombat.ee\/eco\/pood\/"},{"@type":"ListItem","position":3,"name":"Navee N65 elektriline t\u00f5ukeratas, 65km"}]},{"@type":"WebSite","@id":"https:\/\/projekt.vombat.ee\/eco\/#website","url":"https:\/\/projekt.vombat.ee\/eco\/","name":"Ecocruiser","description":"","publisher":{"@id":"https:\/\/projekt.vombat.ee\/eco\/#organization"},"potentialAction":[{"@type":"SearchAction","target":{"@type":"EntryPoint","urlTemplate":"https:\/\/projekt.vombat.ee\/eco\/?s={search_term_string}"},"query-input":{"@type":"PropertyValueSpecification","valueRequired":true,"valueName":"search_term_string"}}],"inLanguage":"en-GB"},{"@type":"Organization","@id":"https:\/\/projekt.vombat.ee\/eco\/#organization","name":"Ecocruiser","url":"https:\/\/projekt.vombat.ee\/eco\/","logo":{"@type":"ImageObject","inLanguage":"en-GB","@id":"https:\/\/projekt.vombat.ee\/eco\/#\/schema\/logo\/image\/","url":"https:\/\/projekt.vombat.ee\/eco\/wp-content\/uploads\/2023\/03\/ECOCRUISER_5.png","contentUrl":"https:\/\/projekt.vombat.ee\/eco\/wp-content\/uploads\/2023\/03\/ECOCRUISER_5.png","width":234,"height":91,"caption":"Ecocruiser"},"image":{"@id":"https:\/\/projekt.vombat.ee\/eco\/#\/schema\/logo\/image\/"}}]}},"lang":"et","translations":{"et":8213},"pll_sync_post":[],"_links":{"self":[{"href":"https:\/\/projekt.vombat.ee\/eco\/wp-json\/wp\/v2\/product\/8213"}],"collection":[{"href":"https:\/\/projekt.vombat.ee\/eco\/wp-json\/wp\/v2\/product"}],"about":[{"href":"https:\/\/projekt.vombat.ee\/eco\/wp-json\/wp\/v2\/types\/product"}],"version-history":[{"count":3,"href":"https:\/\/projekt.vombat.ee\/eco\/wp-json\/wp\/v2\/product\/8213\/revisions"}],"predecessor-version":[{"id":8222,"href":"https:\/\/projekt.vombat.ee\/eco\/wp-json\/wp\/v2\/product\/8213\/revisions\/8222"}],"wp:featuredmedia":[{"embeddable":true,"href":"https:\/\/projekt.vombat.ee\/eco\/wp-json\/wp\/v2\/media\/8214"}],"wp:attachment":[{"href":"https:\/\/projekt.vombat.ee\/eco\/wp-json\/wp\/v2\/media?parent=8213"}],"wp:term":[{"taxonomy":"product_cat","embeddable":true,"href":"https:\/\/projekt.vombat.ee\/eco\/wp-json\/wp\/v2\/product_cat?post=8213"},{"taxonomy":"product_tag","embeddable":true,"href":"https:\/\/projekt.vombat.ee\/eco\/wp-json\/wp\/v2\/product_tag?post=8213"}],"curies":[{"name":"wp","href":"https:\/\/api.w.org\/{rel}","templated":true}]}}