{"id":8155,"date":"2023-04-04T09:07:42","date_gmt":"2023-04-04T09:07:42","guid":{"rendered":"https:\/\/projekt.vombat.ee\/eco\/?post_type=product&#038;p=8155"},"modified":"2023-05-28T10:58:05","modified_gmt":"2023-05-28T10:58:05","slug":"onesport-bk1-elektriratas","status":"publish","type":"product","link":"https:\/\/projekt.vombat.ee\/eco\/pood\/elektrirattad\/linnarattad\/onesport-bk1-elektriratas\/","title":{"rendered":"Onesport BK1 Elektriratas"},"content":{"rendered":"<h1>Onesport BK1<\/h1>\n<p><img fetchpriority=\"high\" decoding=\"async\" class=\"msub_k4 mupj_5k mjru_k4 mse2_k4 mp7g_f6 mq1m_0 mj7u_0 m7er_k4 lazyloaded\" src=\"https:\/\/a.allegroimg.com\/original\/1176f3\/a1c30f494049be74a28fd632d776\/Rower-elektryczny-damski-350W-36V-10AH-32KM-H-Additional-Equipment-rack-fenders-basket-meter-lighting-kickstand-electrically-assisted\" sizes=\"100vw\" srcset=\"https:\/\/a.allegroimg.com\/s360\/1176f3\/a1c30f494049be74a28fd632d776\/Rower-elektryczny-damski-350W-36V-10AH-32KM-H-Additional-Equipment-rack-fenders-basket-meter-lighting-kickstand-electrically-assisted 360w,https:\/\/a.allegroimg.com\/s720\/1176f3\/a1c30f494049be74a28fd632d776\/Rower-elektryczny-damski-350W-36V-10AH-32KM-H-Additional-Equipment-rack-fenders-basket-meter-lighting-kickstand-electrically-assisted 720w,https:\/\/a.allegroimg.com\/s1024\/1176f3\/a1c30f494049be74a28fd632d776\/Rower-elektryczny-damski-350W-36V-10AH-32KM-H-Additional-Equipment-rack-fenders-basket-meter-lighting-kickstand-electrically-assisted 1023w,https:\/\/a.allegroimg.com\/s1440\/1176f3\/a1c30f494049be74a28fd632d776\/Rower-elektryczny-damski-350W-36V-10AH-32KM-H-Additional-Equipment-rack-fenders-basket-meter-lighting-kickstand-electrically-assisted 1381w,https:\/\/a.allegroimg.com\/original\/1176f3\/a1c30f494049be74a28fd632d776\/Rower-elektryczny-damski-350W-36V-10AH-32KM-H-Additional-Equipment-rack-fenders-basket-meter-lighting-kickstand-electrically-assisted 1381w\" alt=\"Rower elektryczny damski 350W 36V 10AH 32KM\/H Additional Equipment rack fenders basket meter lighting kickstand electrically-assisted\" width=\"1015\" height=\"534\" data-src=\"https:\/\/a.allegroimg.com\/original\/1176f3\/a1c30f494049be74a28fd632d776\/Rower-elektryczny-damski-350W-36V-10AH-32KM-H-Additional-Equipment-rack-fenders-basket-meter-lighting-kickstand-electrically-assisted\" data-srcset=\"https:\/\/a.allegroimg.com\/s360\/1176f3\/a1c30f494049be74a28fd632d776\/Rower-elektryczny-damski-350W-36V-10AH-32KM-H-Additional-Equipment-rack-fenders-basket-meter-lighting-kickstand-electrically-assisted 360w,https:\/\/a.allegroimg.com\/s720\/1176f3\/a1c30f494049be74a28fd632d776\/Rower-elektryczny-damski-350W-36V-10AH-32KM-H-Additional-Equipment-rack-fenders-basket-meter-lighting-kickstand-electrically-assisted 720w,https:\/\/a.allegroimg.com\/s1024\/1176f3\/a1c30f494049be74a28fd632d776\/Rower-elektryczny-damski-350W-36V-10AH-32KM-H-Additional-Equipment-rack-fenders-basket-meter-lighting-kickstand-electrically-assisted 1023w,https:\/\/a.allegroimg.com\/s1440\/1176f3\/a1c30f494049be74a28fd632d776\/Rower-elektryczny-damski-350W-36V-10AH-32KM-H-Additional-Equipment-rack-fenders-basket-meter-lighting-kickstand-electrically-assisted 1381w,https:\/\/a.allegroimg.com\/original\/1176f3\/a1c30f494049be74a28fd632d776\/Rower-elektryczny-damski-350W-36V-10AH-32KM-H-Additional-Equipment-rack-fenders-basket-meter-lighting-kickstand-electrically-assisted 1381w\" \/><\/p>\n<ul>\n<li>Spetsiaalne jalgratas naistele<\/li>\n<li>varustatud korviga<\/li>\n<li>Varustatud tagumise pakiraami ja poritiibadega<\/li>\n<li>rehvid 26 &#8220;* 1,95&#8221;<\/li>\n<li>eemaldatav aku<\/li>\n<li>istet saab vabalt reguleerida<\/li>\n<li>7-k\u00e4iguline k\u00e4igukast<\/li>\n<\/ul>\n<p><img decoding=\"async\" class=\"msub_k4 mupj_5k mjru_k4 mse2_k4 mp7g_f6 mq1m_0 mj7u_0 m7er_k4 lazyloaded\" src=\"https:\/\/a.allegroimg.com\/original\/119ecf\/96a15b364f0fb283d3feae5e7317\/Rower-elektryczny-damski-350W-36V-10AH-32KM-H-EAN-GTIN-4537365596740\" sizes=\"(min-width: 1200px) 560px, (min-width: 992px) 50vw, 100vw\" srcset=\"https:\/\/a.allegroimg.com\/s360\/119ecf\/96a15b364f0fb283d3feae5e7317\/Rower-elektryczny-damski-350W-36V-10AH-32KM-H-EAN-GTIN-4537365596740 360w,https:\/\/a.allegroimg.com\/s720\/119ecf\/96a15b364f0fb283d3feae5e7317\/Rower-elektryczny-damski-350W-36V-10AH-32KM-H-EAN-GTIN-4537365596740 720w,https:\/\/a.allegroimg.com\/s1024\/119ecf\/96a15b364f0fb283d3feae5e7317\/Rower-elektryczny-damski-350W-36V-10AH-32KM-H-EAN-GTIN-4537365596740 1024w,https:\/\/a.allegroimg.com\/s1440\/119ecf\/96a15b364f0fb283d3feae5e7317\/Rower-elektryczny-damski-350W-36V-10AH-32KM-H-EAN-GTIN-4537365596740 1440w,https:\/\/a.allegroimg.com\/original\/119ecf\/96a15b364f0fb283d3feae5e7317\/Rower-elektryczny-damski-350W-36V-10AH-32KM-H-EAN-GTIN-4537365596740 1600w\" alt=\"Rower elektryczny damski 350W 36V 10AH 32KM\/H EAN (GTIN) 4537365596740\" width=\"688\" height=\"565\" data-src=\"https:\/\/a.allegroimg.com\/original\/119ecf\/96a15b364f0fb283d3feae5e7317\/Rower-elektryczny-damski-350W-36V-10AH-32KM-H-EAN-GTIN-4537365596740\" data-srcset=\"https:\/\/a.allegroimg.com\/s360\/119ecf\/96a15b364f0fb283d3feae5e7317\/Rower-elektryczny-damski-350W-36V-10AH-32KM-H-EAN-GTIN-4537365596740 360w,https:\/\/a.allegroimg.com\/s720\/119ecf\/96a15b364f0fb283d3feae5e7317\/Rower-elektryczny-damski-350W-36V-10AH-32KM-H-EAN-GTIN-4537365596740 720w,https:\/\/a.allegroimg.com\/s1024\/119ecf\/96a15b364f0fb283d3feae5e7317\/Rower-elektryczny-damski-350W-36V-10AH-32KM-H-EAN-GTIN-4537365596740 1024w,https:\/\/a.allegroimg.com\/s1440\/119ecf\/96a15b364f0fb283d3feae5e7317\/Rower-elektryczny-damski-350W-36V-10AH-32KM-H-EAN-GTIN-4537365596740 1440w,https:\/\/a.allegroimg.com\/original\/119ecf\/96a15b364f0fb283d3feae5e7317\/Rower-elektryczny-damski-350W-36V-10AH-32KM-H-EAN-GTIN-4537365596740 1600w\" \/><\/p>\n<p><img decoding=\"async\" class=\"msub_k4 mupj_5k mjru_k4 mse2_k4 mp7g_f6 mq1m_0 mj7u_0 m7er_k4 lazyloaded\" src=\"https:\/\/a.allegroimg.com\/original\/113b94\/bdaafbab4224860f5fea1779dde0\/Rower-elektryczny-damski-350W-36V-10AH-32KM-H-Frame-Size-not-specified\" sizes=\"(min-width: 1200px) 560px, (min-width: 992px) 50vw, 100vw\" srcset=\"https:\/\/a.allegroimg.com\/s360\/113b94\/bdaafbab4224860f5fea1779dde0\/Rower-elektryczny-damski-350W-36V-10AH-32KM-H-Frame-Size-not-specified 360w,https:\/\/a.allegroimg.com\/s720\/113b94\/bdaafbab4224860f5fea1779dde0\/Rower-elektryczny-damski-350W-36V-10AH-32KM-H-Frame-Size-not-specified 720w,https:\/\/a.allegroimg.com\/s1024\/113b94\/bdaafbab4224860f5fea1779dde0\/Rower-elektryczny-damski-350W-36V-10AH-32KM-H-Frame-Size-not-specified 1024w,https:\/\/a.allegroimg.com\/s1440\/113b94\/bdaafbab4224860f5fea1779dde0\/Rower-elektryczny-damski-350W-36V-10AH-32KM-H-Frame-Size-not-specified 1440w,https:\/\/a.allegroimg.com\/original\/113b94\/bdaafbab4224860f5fea1779dde0\/Rower-elektryczny-damski-350W-36V-10AH-32KM-H-Frame-Size-not-specified 1600w\" alt=\"Rower elektryczny damski 350W 36V 10AH 32KM\/H Frame Size not specified\" width=\"697\" height=\"697\" data-src=\"https:\/\/a.allegroimg.com\/original\/113b94\/bdaafbab4224860f5fea1779dde0\/Rower-elektryczny-damski-350W-36V-10AH-32KM-H-Frame-Size-not-specified\" data-srcset=\"https:\/\/a.allegroimg.com\/s360\/113b94\/bdaafbab4224860f5fea1779dde0\/Rower-elektryczny-damski-350W-36V-10AH-32KM-H-Frame-Size-not-specified 360w,https:\/\/a.allegroimg.com\/s720\/113b94\/bdaafbab4224860f5fea1779dde0\/Rower-elektryczny-damski-350W-36V-10AH-32KM-H-Frame-Size-not-specified 720w,https:\/\/a.allegroimg.com\/s1024\/113b94\/bdaafbab4224860f5fea1779dde0\/Rower-elektryczny-damski-350W-36V-10AH-32KM-H-Frame-Size-not-specified 1024w,https:\/\/a.allegroimg.com\/s1440\/113b94\/bdaafbab4224860f5fea1779dde0\/Rower-elektryczny-damski-350W-36V-10AH-32KM-H-Frame-Size-not-specified 1440w,https:\/\/a.allegroimg.com\/original\/113b94\/bdaafbab4224860f5fea1779dde0\/Rower-elektryczny-damski-350W-36V-10AH-32KM-H-Frame-Size-not-specified 1600w\" \/><\/p>\n<h3>Suur jalgrattakorv<\/h3>\n<p>Jalgratas on suurep\u00e4rane viis linnaga tutvumiseks. Korvi kinnitamine ratta k\u00fclge on suurep\u00e4rane viis oste, t\u00f6\u00f6riistu v\u00f5i varustust s\u00f5idu ajal transportida. Kuni 6 kg kandev\u00f5imele on v\u00f5imalik transportida suuri oste, kartmata neid kahjustada.<\/p>\n<h3>Info<\/h3>\n<p>Aku: 36V10Ah<\/p>\n<p>K\u00e4igukast: 7-k\u00e4iguline<\/p>\n<p>Pidurdusmeetod: ketaspidurid ees ja taga<\/p>\n<p>Max kiirus: 25KM\/h<\/p>\n<p>Maksimaalne ulatus: puhas elektrire\u017eiim \/ elektrienergia re\u017eiim \u2267 35KM<\/p>\n<p>Max kandev\u00f5ime: 120 kg<\/p>\n<p>Max t\u00f5usukiirus: 25 \u00b0.<\/p>\n<p>Laadimisaeg: 5-6h<\/p>\n<p>Rehvim\u00f5\u00f5t: 26*2,125 tolli<\/p>\n<p>Toote m\u00f5\u00f5dud: P*L*K: 1850mm*600mm*1100mm<\/p>\n<p>Neto\/brutokaal: 21,2kg\/25,8kg<\/p>\n<p><img decoding=\"async\" class=\"msub_k4 mupj_5k mjru_k4 mse2_k4 mp7g_f6 mq1m_0 mj7u_0 m7er_k4 lazyloaded\" src=\"https:\/\/a.allegroimg.com\/original\/113d89\/8807799048bca33226aa9661da59\/Rower-elektryczny-damski-350W-36V-10AH-32KM-H-Pedals-platform\" sizes=\"100vw\" srcset=\"https:\/\/a.allegroimg.com\/s360\/113d89\/8807799048bca33226aa9661da59\/Rower-elektryczny-damski-350W-36V-10AH-32KM-H-Pedals-platform 360w,https:\/\/a.allegroimg.com\/s720\/113d89\/8807799048bca33226aa9661da59\/Rower-elektryczny-damski-350W-36V-10AH-32KM-H-Pedals-platform 720w,https:\/\/a.allegroimg.com\/s1024\/113d89\/8807799048bca33226aa9661da59\/Rower-elektryczny-damski-350W-36V-10AH-32KM-H-Pedals-platform 1000w,https:\/\/a.allegroimg.com\/original\/113d89\/8807799048bca33226aa9661da59\/Rower-elektryczny-damski-350W-36V-10AH-32KM-H-Pedals-platform 1000w\" alt=\"Rower elektryczny damski 350W 36V 10AH 32KM\/H Pedals platform\" width=\"1000px\" data-src=\"https:\/\/a.allegroimg.com\/original\/113d89\/8807799048bca33226aa9661da59\/Rower-elektryczny-damski-350W-36V-10AH-32KM-H-Pedals-platform\" data-srcset=\"https:\/\/a.allegroimg.com\/s360\/113d89\/8807799048bca33226aa9661da59\/Rower-elektryczny-damski-350W-36V-10AH-32KM-H-Pedals-platform 360w,https:\/\/a.allegroimg.com\/s720\/113d89\/8807799048bca33226aa9661da59\/Rower-elektryczny-damski-350W-36V-10AH-32KM-H-Pedals-platform 720w,https:\/\/a.allegroimg.com\/s1024\/113d89\/8807799048bca33226aa9661da59\/Rower-elektryczny-damski-350W-36V-10AH-32KM-H-Pedals-platform 1000w,https:\/\/a.allegroimg.com\/original\/113d89\/8807799048bca33226aa9661da59\/Rower-elektryczny-damski-350W-36V-10AH-32KM-H-Pedals-platform 1000w\" \/><\/p>\n","protected":false},"excerpt":{"rendered":"<p><strong>Onesport BK1<\/strong> E-ratas sobib suurep\u00e4raselt t\u00e4iskasvanud naistele ja pension\u00e4ridele, kes otsivad soodsat e-ratast<\/p>\n<p>&nbsp;<\/p>\n<ul>\n<li>Max kandev\u00f5ime: 120 kg<\/li>\n<li>Aku: 36V10Ah<\/li>\n<li>Laadimisaeg: 5-6h<\/li>\n<li>Maksimaalne s\u00f5iduulatus ainult elektrire<span style=\"font-size: inherit;\">\u017eiimiga: 35km<\/span><\/li>\n<li>K\u00e4igukast: 7-k\u00e4iguline<\/li>\n<\/ul>\n<p>&nbsp;<\/p>\n<p>\u2666\u00a0<strong>Tarneaeg 2-6 p\u00e4eva<\/strong><br \/>\n\u2666\u00a0<strong>Laos<\/strong><\/p>\n","protected":false},"featured_media":8158,"template":"","meta":[],"product_cat":[52,903],"product_tag":[],"class_list":{"0":"post-8155","1":"product","2":"type-product","3":"status-publish","4":"has-post-thumbnail","6":"product_cat-elektrirattad","7":"product_cat-linnarattad","8":"product_shipping_class-suured-pakid","10":"first","11":"instock","12":"taxable","13":"shipping-taxable","14":"purchasable","15":"product-type-simple"},"yoast_head":"<!-- This site is optimized with the Yoast SEO plugin v23.8 - https:\/\/yoast.com\/wordpress\/plugins\/seo\/ -->\n<title>Onesport BK1 Elektriratas - Ecocruiser<\/title>\n<meta name=\"description\" content=\"Onesport BK1 E-ratas sobib suurep\u00e4raselt t\u00e4iskasvanud naistele ja pension\u00e4ridele, kes otsivad soodsat e-ratast Max kandev\u00f5ime: 120 kgAku: 36V10Ah Laadimisaeg: 5-6h Maksimaalne s\u00f5iduulatus ainult elektrire\u017eiimiga: 35km K\u00e4igukast: 7-k\u00e4iguline \u2666\u00a0Tarneaeg 2-6 p\u00e4eva \u2666\u00a0Laos\" \/>\n<meta name=\"robots\" content=\"noindex, follow, max-snippet:-1, max-image-preview:large, max-video-preview:-1\" \/>\n<meta property=\"og:locale\" content=\"en_GB\" \/>\n<meta property=\"og:type\" content=\"article\" \/>\n<meta property=\"og:title\" content=\"Onesport BK1 Elektriratas - Ecocruiser\" \/>\n<meta property=\"og:description\" content=\"Onesport BK1 E-ratas sobib suurep\u00e4raselt t\u00e4iskasvanud naistele ja pension\u00e4ridele, kes otsivad soodsat e-ratast Max kandev\u00f5ime: 120 kgAku: 36V10Ah Laadimisaeg: 5-6h Maksimaalne s\u00f5iduulatus ainult elektrire\u017eiimiga: 35km K\u00e4igukast: 7-k\u00e4iguline \u2666\u00a0Tarneaeg 2-6 p\u00e4eva \u2666\u00a0Laos\" \/>\n<meta property=\"og:url\" content=\"https:\/\/projekt.vombat.ee\/eco\/pood\/elektrirattad\/linnarattad\/onesport-bk1-elektriratas\/\" \/>\n<meta property=\"og:site_name\" content=\"Ecocruiser\" \/>\n<meta property=\"article:modified_time\" content=\"2023-05-28T10:58:05+00:00\" \/>\n<meta property=\"og:image\" content=\"https:\/\/projekt.vombat.ee\/eco\/wp-content\/uploads\/2023\/04\/1-3.jpg\" \/>\n\t<meta property=\"og:image:width\" content=\"800\" \/>\n\t<meta property=\"og:image:height\" content=\"800\" \/>\n\t<meta property=\"og:image:type\" content=\"image\/jpeg\" \/>\n<meta name=\"twitter:card\" content=\"summary_large_image\" \/>\n<meta name=\"twitter:label1\" content=\"Estimated reading time\" \/>\n\t<meta name=\"twitter:data1\" content=\"2 minutes\" \/>\n<script type=\"application\/ld+json\" class=\"yoast-schema-graph\">{\"@context\":\"https:\/\/schema.org\",\"@graph\":[{\"@type\":\"WebPage\",\"@id\":\"https:\/\/projekt.vombat.ee\/eco\/pood\/elektrirattad\/linnarattad\/onesport-bk1-elektriratas\/\",\"url\":\"https:\/\/projekt.vombat.ee\/eco\/pood\/elektrirattad\/linnarattad\/onesport-bk1-elektriratas\/\",\"name\":\"Onesport BK1 Elektriratas - Ecocruiser\",\"isPartOf\":{\"@id\":\"https:\/\/projekt.vombat.ee\/eco\/#website\"},\"primaryImageOfPage\":{\"@id\":\"https:\/\/projekt.vombat.ee\/eco\/pood\/elektrirattad\/linnarattad\/onesport-bk1-elektriratas\/#primaryimage\"},\"image\":{\"@id\":\"https:\/\/projekt.vombat.ee\/eco\/pood\/elektrirattad\/linnarattad\/onesport-bk1-elektriratas\/#primaryimage\"},\"thumbnailUrl\":\"https:\/\/projekt.vombat.ee\/eco\/wp-content\/uploads\/2023\/04\/1-3.jpg\",\"datePublished\":\"2023-04-04T09:07:42+00:00\",\"dateModified\":\"2023-05-28T10:58:05+00:00\",\"description\":\"Onesport BK1 E-ratas sobib suurep\u00e4raselt t\u00e4iskasvanud naistele ja pension\u00e4ridele, kes otsivad soodsat e-ratast Max kandev\u00f5ime: 120 kgAku: 36V10Ah Laadimisaeg: 5-6h Maksimaalne s\u00f5iduulatus ainult elektrire\u017eiimiga: 35km K\u00e4igukast: 7-k\u00e4iguline \u2666\u00a0Tarneaeg 2-6 p\u00e4eva \u2666\u00a0Laos\",\"breadcrumb\":{\"@id\":\"https:\/\/projekt.vombat.ee\/eco\/pood\/elektrirattad\/linnarattad\/onesport-bk1-elektriratas\/#breadcrumb\"},\"inLanguage\":\"en-GB\",\"potentialAction\":[{\"@type\":\"ReadAction\",\"target\":[\"https:\/\/projekt.vombat.ee\/eco\/pood\/elektrirattad\/linnarattad\/onesport-bk1-elektriratas\/\"]}]},{\"@type\":\"ImageObject\",\"inLanguage\":\"en-GB\",\"@id\":\"https:\/\/projekt.vombat.ee\/eco\/pood\/elektrirattad\/linnarattad\/onesport-bk1-elektriratas\/#primaryimage\",\"url\":\"https:\/\/projekt.vombat.ee\/eco\/wp-content\/uploads\/2023\/04\/1-3.jpg\",\"contentUrl\":\"https:\/\/projekt.vombat.ee\/eco\/wp-content\/uploads\/2023\/04\/1-3.jpg\",\"width\":800,\"height\":800},{\"@type\":\"BreadcrumbList\",\"@id\":\"https:\/\/projekt.vombat.ee\/eco\/pood\/elektrirattad\/linnarattad\/onesport-bk1-elektriratas\/#breadcrumb\",\"itemListElement\":[{\"@type\":\"ListItem\",\"position\":1,\"name\":\"Home\",\"item\":\"https:\/\/projekt.vombat.ee\/eco\/\"},{\"@type\":\"ListItem\",\"position\":2,\"name\":\"Pood\",\"item\":\"https:\/\/projekt.vombat.ee\/eco\/pood\/\"},{\"@type\":\"ListItem\",\"position\":3,\"name\":\"Onesport BK1 Elektriratas\"}]},{\"@type\":\"WebSite\",\"@id\":\"https:\/\/projekt.vombat.ee\/eco\/#website\",\"url\":\"https:\/\/projekt.vombat.ee\/eco\/\",\"name\":\"Ecocruiser\",\"description\":\"\",\"publisher\":{\"@id\":\"https:\/\/projekt.vombat.ee\/eco\/#organization\"},\"potentialAction\":[{\"@type\":\"SearchAction\",\"target\":{\"@type\":\"EntryPoint\",\"urlTemplate\":\"https:\/\/projekt.vombat.ee\/eco\/?s={search_term_string}\"},\"query-input\":{\"@type\":\"PropertyValueSpecification\",\"valueRequired\":true,\"valueName\":\"search_term_string\"}}],\"inLanguage\":\"en-GB\"},{\"@type\":\"Organization\",\"@id\":\"https:\/\/projekt.vombat.ee\/eco\/#organization\",\"name\":\"Ecocruiser\",\"url\":\"https:\/\/projekt.vombat.ee\/eco\/\",\"logo\":{\"@type\":\"ImageObject\",\"inLanguage\":\"en-GB\",\"@id\":\"https:\/\/projekt.vombat.ee\/eco\/#\/schema\/logo\/image\/\",\"url\":\"https:\/\/projekt.vombat.ee\/eco\/wp-content\/uploads\/2023\/03\/ECOCRUISER_5.png\",\"contentUrl\":\"https:\/\/projekt.vombat.ee\/eco\/wp-content\/uploads\/2023\/03\/ECOCRUISER_5.png\",\"width\":234,\"height\":91,\"caption\":\"Ecocruiser\"},\"image\":{\"@id\":\"https:\/\/projekt.vombat.ee\/eco\/#\/schema\/logo\/image\/\"}}]}<\/script>\n<!-- \/ Yoast SEO plugin. -->","yoast_head_json":{"title":"Onesport BK1 Elektriratas - Ecocruiser","description":"Onesport BK1 E-ratas sobib suurep\u00e4raselt t\u00e4iskasvanud naistele ja pension\u00e4ridele, kes otsivad soodsat e-ratast Max kandev\u00f5ime: 120 kgAku: 36V10Ah Laadimisaeg: 5-6h Maksimaalne s\u00f5iduulatus ainult elektrire\u017eiimiga: 35km K\u00e4igukast: 7-k\u00e4iguline \u2666\u00a0Tarneaeg 2-6 p\u00e4eva \u2666\u00a0Laos","robots":{"index":"noindex","follow":"follow","max-snippet":"max-snippet:-1","max-image-preview":"max-image-preview:large","max-video-preview":"max-video-preview:-1"},"og_locale":"en_GB","og_type":"article","og_title":"Onesport BK1 Elektriratas - Ecocruiser","og_description":"Onesport BK1 E-ratas sobib suurep\u00e4raselt t\u00e4iskasvanud naistele ja pension\u00e4ridele, kes otsivad soodsat e-ratast Max kandev\u00f5ime: 120 kgAku: 36V10Ah Laadimisaeg: 5-6h Maksimaalne s\u00f5iduulatus ainult elektrire\u017eiimiga: 35km K\u00e4igukast: 7-k\u00e4iguline \u2666\u00a0Tarneaeg 2-6 p\u00e4eva \u2666\u00a0Laos","og_url":"https:\/\/projekt.vombat.ee\/eco\/pood\/elektrirattad\/linnarattad\/onesport-bk1-elektriratas\/","og_site_name":"Ecocruiser","article_modified_time":"2023-05-28T10:58:05+00:00","og_image":[{"width":800,"height":800,"url":"https:\/\/projekt.vombat.ee\/eco\/wp-content\/uploads\/2023\/04\/1-3.jpg","type":"image\/jpeg"}],"twitter_card":"summary_large_image","twitter_misc":{"Estimated reading time":"2 minutes"},"schema":{"@context":"https:\/\/schema.org","@graph":[{"@type":"WebPage","@id":"https:\/\/projekt.vombat.ee\/eco\/pood\/elektrirattad\/linnarattad\/onesport-bk1-elektriratas\/","url":"https:\/\/projekt.vombat.ee\/eco\/pood\/elektrirattad\/linnarattad\/onesport-bk1-elektriratas\/","name":"Onesport BK1 Elektriratas - Ecocruiser","isPartOf":{"@id":"https:\/\/projekt.vombat.ee\/eco\/#website"},"primaryImageOfPage":{"@id":"https:\/\/projekt.vombat.ee\/eco\/pood\/elektrirattad\/linnarattad\/onesport-bk1-elektriratas\/#primaryimage"},"image":{"@id":"https:\/\/projekt.vombat.ee\/eco\/pood\/elektrirattad\/linnarattad\/onesport-bk1-elektriratas\/#primaryimage"},"thumbnailUrl":"https:\/\/projekt.vombat.ee\/eco\/wp-content\/uploads\/2023\/04\/1-3.jpg","datePublished":"2023-04-04T09:07:42+00:00","dateModified":"2023-05-28T10:58:05+00:00","description":"Onesport BK1 E-ratas sobib suurep\u00e4raselt t\u00e4iskasvanud naistele ja pension\u00e4ridele, kes otsivad soodsat e-ratast Max kandev\u00f5ime: 120 kgAku: 36V10Ah Laadimisaeg: 5-6h Maksimaalne s\u00f5iduulatus ainult elektrire\u017eiimiga: 35km K\u00e4igukast: 7-k\u00e4iguline \u2666\u00a0Tarneaeg 2-6 p\u00e4eva \u2666\u00a0Laos","breadcrumb":{"@id":"https:\/\/projekt.vombat.ee\/eco\/pood\/elektrirattad\/linnarattad\/onesport-bk1-elektriratas\/#breadcrumb"},"inLanguage":"en-GB","potentialAction":[{"@type":"ReadAction","target":["https:\/\/projekt.vombat.ee\/eco\/pood\/elektrirattad\/linnarattad\/onesport-bk1-elektriratas\/"]}]},{"@type":"ImageObject","inLanguage":"en-GB","@id":"https:\/\/projekt.vombat.ee\/eco\/pood\/elektrirattad\/linnarattad\/onesport-bk1-elektriratas\/#primaryimage","url":"https:\/\/projekt.vombat.ee\/eco\/wp-content\/uploads\/2023\/04\/1-3.jpg","contentUrl":"https:\/\/projekt.vombat.ee\/eco\/wp-content\/uploads\/2023\/04\/1-3.jpg","width":800,"height":800},{"@type":"BreadcrumbList","@id":"https:\/\/projekt.vombat.ee\/eco\/pood\/elektrirattad\/linnarattad\/onesport-bk1-elektriratas\/#breadcrumb","itemListElement":[{"@type":"ListItem","position":1,"name":"Home","item":"https:\/\/projekt.vombat.ee\/eco\/"},{"@type":"ListItem","position":2,"name":"Pood","item":"https:\/\/projekt.vombat.ee\/eco\/pood\/"},{"@type":"ListItem","position":3,"name":"Onesport BK1 Elektriratas"}]},{"@type":"WebSite","@id":"https:\/\/projekt.vombat.ee\/eco\/#website","url":"https:\/\/projekt.vombat.ee\/eco\/","name":"Ecocruiser","description":"","publisher":{"@id":"https:\/\/projekt.vombat.ee\/eco\/#organization"},"potentialAction":[{"@type":"SearchAction","target":{"@type":"EntryPoint","urlTemplate":"https:\/\/projekt.vombat.ee\/eco\/?s={search_term_string}"},"query-input":{"@type":"PropertyValueSpecification","valueRequired":true,"valueName":"search_term_string"}}],"inLanguage":"en-GB"},{"@type":"Organization","@id":"https:\/\/projekt.vombat.ee\/eco\/#organization","name":"Ecocruiser","url":"https:\/\/projekt.vombat.ee\/eco\/","logo":{"@type":"ImageObject","inLanguage":"en-GB","@id":"https:\/\/projekt.vombat.ee\/eco\/#\/schema\/logo\/image\/","url":"https:\/\/projekt.vombat.ee\/eco\/wp-content\/uploads\/2023\/03\/ECOCRUISER_5.png","contentUrl":"https:\/\/projekt.vombat.ee\/eco\/wp-content\/uploads\/2023\/03\/ECOCRUISER_5.png","width":234,"height":91,"caption":"Ecocruiser"},"image":{"@id":"https:\/\/projekt.vombat.ee\/eco\/#\/schema\/logo\/image\/"}}]}},"lang":"et","translations":{"et":8155},"pll_sync_post":[],"_links":{"self":[{"href":"https:\/\/projekt.vombat.ee\/eco\/wp-json\/wp\/v2\/product\/8155"}],"collection":[{"href":"https:\/\/projekt.vombat.ee\/eco\/wp-json\/wp\/v2\/product"}],"about":[{"href":"https:\/\/projekt.vombat.ee\/eco\/wp-json\/wp\/v2\/types\/product"}],"version-history":[{"count":1,"href":"https:\/\/projekt.vombat.ee\/eco\/wp-json\/wp\/v2\/product\/8155\/revisions"}],"predecessor-version":[{"id":8160,"href":"https:\/\/projekt.vombat.ee\/eco\/wp-json\/wp\/v2\/product\/8155\/revisions\/8160"}],"wp:featuredmedia":[{"embeddable":true,"href":"https:\/\/projekt.vombat.ee\/eco\/wp-json\/wp\/v2\/media\/8158"}],"wp:attachment":[{"href":"https:\/\/projekt.vombat.ee\/eco\/wp-json\/wp\/v2\/media?parent=8155"}],"wp:term":[{"taxonomy":"product_cat","embeddable":true,"href":"https:\/\/projekt.vombat.ee\/eco\/wp-json\/wp\/v2\/product_cat?post=8155"},{"taxonomy":"product_tag","embeddable":true,"href":"https:\/\/projekt.vombat.ee\/eco\/wp-json\/wp\/v2\/product_tag?post=8155"}],"curies":[{"name":"wp","href":"https:\/\/api.w.org\/{rel}","templated":true}]}}