{"id":8151,"date":"2023-04-04T08:42:30","date_gmt":"2023-04-04T08:42:30","guid":{"rendered":"https:\/\/projekt.vombat.ee\/eco\/?post_type=product&#038;p=8151"},"modified":"2024-04-15T11:24:35","modified_gmt":"2024-04-15T11:24:35","slug":"cmace-wheel-f26-elektriratas-110km","status":"publish","type":"product","link":"https:\/\/projekt.vombat.ee\/eco\/pood\/elektrirattad\/linnarattad\/cmace-wheel-f26-elektriratas-110km\/","title":{"rendered":"Cmace wheel F260 Elektriratas, 110km"},"content":{"rendered":"<h1>Cmace wheel Elektriline jalgratas<\/h1>\n<h3><img decoding=\"async\" class=\"msub_k4 mupj_5k mjru_k4 mse2_k4 mp7g_f6 mq1m_0 mj7u_0 m7er_k4 lazyloaded\" src=\"https:\/\/a.allegroimg.com\/original\/118d4a\/0993778a4c40b38bd58156c67277\/Rower-Elektryczny-17AH-42KM-H-Hamulec-Hydrauliczny-Brakes-hydraulic-disc\" sizes=\"100vw\" srcset=\"https:\/\/a.allegroimg.com\/s360\/118d4a\/0993778a4c40b38bd58156c67277\/Rower-Elektryczny-17AH-42KM-H-Hamulec-Hydrauliczny-Brakes-hydraulic-disc 360w,https:\/\/a.allegroimg.com\/s720\/118d4a\/0993778a4c40b38bd58156c67277\/Rower-Elektryczny-17AH-42KM-H-Hamulec-Hydrauliczny-Brakes-hydraulic-disc 720w,https:\/\/a.allegroimg.com\/s1024\/118d4a\/0993778a4c40b38bd58156c67277\/Rower-Elektryczny-17AH-42KM-H-Hamulec-Hydrauliczny-Brakes-hydraulic-disc 1024w,https:\/\/a.allegroimg.com\/s1440\/118d4a\/0993778a4c40b38bd58156c67277\/Rower-Elektryczny-17AH-42KM-H-Hamulec-Hydrauliczny-Brakes-hydraulic-disc 1440w,https:\/\/a.allegroimg.com\/original\/118d4a\/0993778a4c40b38bd58156c67277\/Rower-Elektryczny-17AH-42KM-H-Hamulec-Hydrauliczny-Brakes-hydraulic-disc 1440w\" alt=\"Rower Elektryczny 17AH 42KM\/H Hamulec Hydrauliczny Brakes hydraulic disc\" width=\"1440px\" data-src=\"https:\/\/a.allegroimg.com\/original\/118d4a\/0993778a4c40b38bd58156c67277\/Rower-Elektryczny-17AH-42KM-H-Hamulec-Hydrauliczny-Brakes-hydraulic-disc\" data-srcset=\"https:\/\/a.allegroimg.com\/s360\/118d4a\/0993778a4c40b38bd58156c67277\/Rower-Elektryczny-17AH-42KM-H-Hamulec-Hydrauliczny-Brakes-hydraulic-disc 360w,https:\/\/a.allegroimg.com\/s720\/118d4a\/0993778a4c40b38bd58156c67277\/Rower-Elektryczny-17AH-42KM-H-Hamulec-Hydrauliczny-Brakes-hydraulic-disc 720w,https:\/\/a.allegroimg.com\/s1024\/118d4a\/0993778a4c40b38bd58156c67277\/Rower-Elektryczny-17AH-42KM-H-Hamulec-Hydrauliczny-Brakes-hydraulic-disc 1024w,https:\/\/a.allegroimg.com\/s1440\/118d4a\/0993778a4c40b38bd58156c67277\/Rower-Elektryczny-17AH-42KM-H-Hamulec-Hydrauliczny-Brakes-hydraulic-disc 1440w,https:\/\/a.allegroimg.com\/original\/118d4a\/0993778a4c40b38bd58156c67277\/Rower-Elektryczny-17AH-42KM-H-Hamulec-Hydrauliczny-Brakes-hydraulic-disc 1440w\" \/><\/h3>\n<h3>250 W mootori v\u00f5imsus<\/h3>\n<p>5 kiiruse muutmine, l\u00e4bis\u00f5it ulatub kuni 110 km-ni elektrilise abi re\u017eiimis ja l\u00e4bis\u00f5it puhtal elektrire\u017eiimil ulatub kuni 60 km-ni.<\/p>\n<p><img fetchpriority=\"high\" decoding=\"async\" class=\"msub_k4 mupj_5k mjru_k4 mse2_k4 mp7g_f6 mq1m_0 mj7u_0 m7er_k4 lazyloaded\" src=\"https:\/\/a.allegroimg.com\/original\/1126a4\/903bafda4ff39a9b302653680c89\/Rower-Elektryczny-17AH-42KM-H-Hamulec-Hydrauliczny-Model-YB-F26-27inch-1\" sizes=\"100vw\" srcset=\"https:\/\/a.allegroimg.com\/s360\/1126a4\/903bafda4ff39a9b302653680c89\/Rower-Elektryczny-17AH-42KM-H-Hamulec-Hydrauliczny-Model-YB-F26-27inch-1 360w,https:\/\/a.allegroimg.com\/s720\/1126a4\/903bafda4ff39a9b302653680c89\/Rower-Elektryczny-17AH-42KM-H-Hamulec-Hydrauliczny-Model-YB-F26-27inch-1 720w,https:\/\/a.allegroimg.com\/s1024\/1126a4\/903bafda4ff39a9b302653680c89\/Rower-Elektryczny-17AH-42KM-H-Hamulec-Hydrauliczny-Model-YB-F26-27inch-1 1024w,https:\/\/a.allegroimg.com\/s1440\/1126a4\/903bafda4ff39a9b302653680c89\/Rower-Elektryczny-17AH-42KM-H-Hamulec-Hydrauliczny-Model-YB-F26-27inch-1 1367w,https:\/\/a.allegroimg.com\/original\/1126a4\/903bafda4ff39a9b302653680c89\/Rower-Elektryczny-17AH-42KM-H-Hamulec-Hydrauliczny-Model-YB-F26-27inch-1 1367w\" alt=\"Rower Elektryczny 17AH 42KM\/H Hamulec Hydrauliczny Model YB-F26-27inch-1\" width=\"1022\" height=\"755\" data-src=\"https:\/\/a.allegroimg.com\/original\/1126a4\/903bafda4ff39a9b302653680c89\/Rower-Elektryczny-17AH-42KM-H-Hamulec-Hydrauliczny-Model-YB-F26-27inch-1\" data-srcset=\"https:\/\/a.allegroimg.com\/s360\/1126a4\/903bafda4ff39a9b302653680c89\/Rower-Elektryczny-17AH-42KM-H-Hamulec-Hydrauliczny-Model-YB-F26-27inch-1 360w,https:\/\/a.allegroimg.com\/s720\/1126a4\/903bafda4ff39a9b302653680c89\/Rower-Elektryczny-17AH-42KM-H-Hamulec-Hydrauliczny-Model-YB-F26-27inch-1 720w,https:\/\/a.allegroimg.com\/s1024\/1126a4\/903bafda4ff39a9b302653680c89\/Rower-Elektryczny-17AH-42KM-H-Hamulec-Hydrauliczny-Model-YB-F26-27inch-1 1024w,https:\/\/a.allegroimg.com\/s1440\/1126a4\/903bafda4ff39a9b302653680c89\/Rower-Elektryczny-17AH-42KM-H-Hamulec-Hydrauliczny-Model-YB-F26-27inch-1 1367w,https:\/\/a.allegroimg.com\/original\/1126a4\/903bafda4ff39a9b302653680c89\/Rower-Elektryczny-17AH-42KM-H-Hamulec-Hydrauliczny-Model-YB-F26-27inch-1 1367w\" \/><\/p>\n<h3>Rehvid<\/h3>\n<p>27-tollised \u00f5hkrehvid, mis on kohandatud erinevatele teeoludele, sportliku stiiliga, n\u00e4itavad nooruslikku temperamenti ja annavad uue hingamise.<\/p>\n<h3>Aku<\/h3>\n<p>17AH suure mahutavusega aku tagab pika t\u00f6\u00f6ulatuse.<\/p>\n<p><img decoding=\"async\" class=\"msub_k4 mupj_5k mjru_k4 mse2_k4 mp7g_f6 mq1m_0 mj7u_0 m7er_k4 lazyloaded\" src=\"https:\/\/a.allegroimg.com\/original\/11943e\/1267b01c4bbfb39ada7854d52ebe\/Rower-Elektryczny-17AH-42KM-H-Hamulec-Hydrauliczny-Wheel-Size-27\" sizes=\"100vw\" srcset=\"https:\/\/a.allegroimg.com\/s360\/11943e\/1267b01c4bbfb39ada7854d52ebe\/Rower-Elektryczny-17AH-42KM-H-Hamulec-Hydrauliczny-Wheel-Size-27 360w,https:\/\/a.allegroimg.com\/s720\/11943e\/1267b01c4bbfb39ada7854d52ebe\/Rower-Elektryczny-17AH-42KM-H-Hamulec-Hydrauliczny-Wheel-Size-27 720w,https:\/\/a.allegroimg.com\/s1024\/11943e\/1267b01c4bbfb39ada7854d52ebe\/Rower-Elektryczny-17AH-42KM-H-Hamulec-Hydrauliczny-Wheel-Size-27 1000w,https:\/\/a.allegroimg.com\/original\/11943e\/1267b01c4bbfb39ada7854d52ebe\/Rower-Elektryczny-17AH-42KM-H-Hamulec-Hydrauliczny-Wheel-Size-27 1000w\" alt=\"Rower Elektryczny 17AH 42KM\/H Hamulec Hydrauliczny Wheel Size (&quot;) 27\" width=\"856\" height=\"604\" data-src=\"https:\/\/a.allegroimg.com\/original\/11943e\/1267b01c4bbfb39ada7854d52ebe\/Rower-Elektryczny-17AH-42KM-H-Hamulec-Hydrauliczny-Wheel-Size-27\" data-srcset=\"https:\/\/a.allegroimg.com\/s360\/11943e\/1267b01c4bbfb39ada7854d52ebe\/Rower-Elektryczny-17AH-42KM-H-Hamulec-Hydrauliczny-Wheel-Size-27 360w,https:\/\/a.allegroimg.com\/s720\/11943e\/1267b01c4bbfb39ada7854d52ebe\/Rower-Elektryczny-17AH-42KM-H-Hamulec-Hydrauliczny-Wheel-Size-27 720w,https:\/\/a.allegroimg.com\/s1024\/11943e\/1267b01c4bbfb39ada7854d52ebe\/Rower-Elektryczny-17AH-42KM-H-Hamulec-Hydrauliczny-Wheel-Size-27 1000w,https:\/\/a.allegroimg.com\/original\/11943e\/1267b01c4bbfb39ada7854d52ebe\/Rower-Elektryczny-17AH-42KM-H-Hamulec-Hydrauliczny-Wheel-Size-27 1000w\" \/><\/p>\n<h3>V\u00f5imalus s\u00f5ita ka ainult elektrire\u017eiimiga<\/h3>\n<p><img decoding=\"async\" class=\"msub_k4 mupj_5k mjru_k4 mse2_k4 mp7g_f6 mq1m_0 mj7u_0 m7er_k4 lazyloaded\" src=\"https:\/\/a.allegroimg.com\/original\/11438e\/6a1f41c54465bcfd79202868e933\/Rower-Elektryczny-17AH-42KM-H-Hamulec-Hydrauliczny-Frame-Material-aluminum\" sizes=\"100vw\" srcset=\"https:\/\/a.allegroimg.com\/s360\/11438e\/6a1f41c54465bcfd79202868e933\/Rower-Elektryczny-17AH-42KM-H-Hamulec-Hydrauliczny-Frame-Material-aluminum 360w,https:\/\/a.allegroimg.com\/s720\/11438e\/6a1f41c54465bcfd79202868e933\/Rower-Elektryczny-17AH-42KM-H-Hamulec-Hydrauliczny-Frame-Material-aluminum 720w,https:\/\/a.allegroimg.com\/s1024\/11438e\/6a1f41c54465bcfd79202868e933\/Rower-Elektryczny-17AH-42KM-H-Hamulec-Hydrauliczny-Frame-Material-aluminum 1024w,https:\/\/a.allegroimg.com\/s1440\/11438e\/6a1f41c54465bcfd79202868e933\/Rower-Elektryczny-17AH-42KM-H-Hamulec-Hydrauliczny-Frame-Material-aluminum 1440w,https:\/\/a.allegroimg.com\/original\/11438e\/6a1f41c54465bcfd79202868e933\/Rower-Elektryczny-17AH-42KM-H-Hamulec-Hydrauliczny-Frame-Material-aluminum 1440w\" alt=\"Rower Elektryczny 17AH 42KM\/H Hamulec Hydrauliczny Frame Material aluminum\" width=\"1440px\" data-src=\"https:\/\/a.allegroimg.com\/original\/11438e\/6a1f41c54465bcfd79202868e933\/Rower-Elektryczny-17AH-42KM-H-Hamulec-Hydrauliczny-Frame-Material-aluminum\" data-srcset=\"https:\/\/a.allegroimg.com\/s360\/11438e\/6a1f41c54465bcfd79202868e933\/Rower-Elektryczny-17AH-42KM-H-Hamulec-Hydrauliczny-Frame-Material-aluminum 360w,https:\/\/a.allegroimg.com\/s720\/11438e\/6a1f41c54465bcfd79202868e933\/Rower-Elektryczny-17AH-42KM-H-Hamulec-Hydrauliczny-Frame-Material-aluminum 720w,https:\/\/a.allegroimg.com\/s1024\/11438e\/6a1f41c54465bcfd79202868e933\/Rower-Elektryczny-17AH-42KM-H-Hamulec-Hydrauliczny-Frame-Material-aluminum 1024w,https:\/\/a.allegroimg.com\/s1440\/11438e\/6a1f41c54465bcfd79202868e933\/Rower-Elektryczny-17AH-42KM-H-Hamulec-Hydrauliczny-Frame-Material-aluminum 1440w,https:\/\/a.allegroimg.com\/original\/11438e\/6a1f41c54465bcfd79202868e933\/Rower-Elektryczny-17AH-42KM-H-Hamulec-Hydrauliczny-Frame-Material-aluminum 1440w\" \/><\/p>\n<h3>Info<\/h3>\n<p>Raami materjal: alumiiniumisulam<br \/>\nRaami suurus: 17&#8243;<br \/>\nV\u00e4rvus: h\u00f5behall<br \/>\nAku: 17AH<br \/>\nAku pinge: 48V (54V)<br \/>\nLaadija pinge: 100-240V 2A<br \/>\nMootori v\u00f5imsus: 250W(piirajaga)(950W)<br \/>\nK\u00e4igud: viis k\u00e4iku<br \/>\nRehv: CST 27 * 2.10<br \/>\nPidur: h\u00fcdrauliline pidur<br \/>\nKalduvus: 30 \u00b0<br \/>\nMaksimaalne kiirus: 25 km\/h (piirajaga)<br \/>\nMaksimaalne s\u00f5iduulatus: 110 KM<br \/>\nE-jalgratta netokaal: 27,5 kg;<br \/>\nAku kaal: 4,2 kg;<br \/>\nT\u00e4iskaal: 35 kg<br \/>\nKoormus: 200 KG<\/p>\n","protected":false},"excerpt":{"rendered":"<p><strong>Cmace wheel F260 elektriline jalgratas<\/strong><\/p>\n<ul>\n<li>Maksimaalne s\u00f5iduulatus: 110km<\/li>\n<li>Aku: 17AH<\/li>\n<li>Aku: 48V, 17AH<\/li>\n<li><span style=\"font-size: inherit;\">Mootori v\u00f5imsus: 250 W (piirajaga)<\/span><\/li>\n<li>Maksimaalne kandev\u00f5ime: 200 KG<\/li>\n<\/ul>\n<p><strong>\u2666 Tarneaeg 2-6 p\u00e4eva<\/strong><br \/>\n<strong>\u2666 Laos<\/strong><\/p>\n","protected":false},"featured_media":13822,"template":"","meta":[],"product_cat":[52,903,905],"product_tag":[],"class_list":{"0":"post-8151","1":"product","2":"type-product","3":"status-publish","4":"has-post-thumbnail","6":"product_cat-elektrirattad","7":"product_cat-linnarattad","8":"product_cat-maastikurattad","9":"product_shipping_class-suured-pakid","11":"first","12":"instock","13":"taxable","14":"shipping-taxable","15":"purchasable","16":"product-type-simple"},"yoast_head":"<!-- This site is optimized with the Yoast SEO plugin v23.8 - https:\/\/yoast.com\/wordpress\/plugins\/seo\/ -->\n<title>Cmace wheel F260 Elektriratas, 110km - Ecocruiser<\/title>\n<meta name=\"description\" content=\"Cmace wheel F26 elektriline jalgratas Maksimaalne s\u00f5iduulatus: 110km Aku: 48V, 17AH Mootori v\u00f5imsus: 250 W Maksimaalne kandev\u00f5ime: 200 KG \u2666 Tarneaeg 2-6 p\u00e4eva \u2666 Laos\" \/>\n<meta name=\"robots\" content=\"noindex, follow, max-snippet:-1, max-image-preview:large, max-video-preview:-1\" \/>\n<meta property=\"og:locale\" content=\"en_GB\" \/>\n<meta property=\"og:type\" content=\"article\" \/>\n<meta property=\"og:title\" content=\"Cmace wheel F260 Elektriratas, 110km - Ecocruiser\" \/>\n<meta property=\"og:description\" content=\"Cmace wheel F26 elektriline jalgratas Maksimaalne s\u00f5iduulatus: 110km Aku: 48V, 17AH Mootori v\u00f5imsus: 250 W Maksimaalne kandev\u00f5ime: 200 KG \u2666 Tarneaeg 2-6 p\u00e4eva \u2666 Laos\" \/>\n<meta property=\"og:url\" content=\"https:\/\/projekt.vombat.ee\/eco\/pood\/elektrirattad\/linnarattad\/cmace-wheel-f26-elektriratas-110km\/\" \/>\n<meta property=\"og:site_name\" content=\"Ecocruiser\" \/>\n<meta property=\"article:modified_time\" content=\"2024-04-15T11:24:35+00:00\" \/>\n<meta property=\"og:image\" content=\"https:\/\/projekt.vombat.ee\/eco\/wp-content\/uploads\/2023\/04\/gray-to-black-Gradient.webp\" \/>\n\t<meta property=\"og:image:width\" content=\"800\" \/>\n\t<meta property=\"og:image:height\" content=\"800\" \/>\n\t<meta property=\"og:image:type\" content=\"image\/webp\" \/>\n<meta name=\"twitter:card\" content=\"summary_large_image\" \/>\n<meta name=\"twitter:label1\" content=\"Estimated reading time\" \/>\n\t<meta name=\"twitter:data1\" content=\"2 minutes\" \/>\n<script type=\"application\/ld+json\" class=\"yoast-schema-graph\">{\"@context\":\"https:\/\/schema.org\",\"@graph\":[{\"@type\":\"WebPage\",\"@id\":\"https:\/\/projekt.vombat.ee\/eco\/pood\/elektrirattad\/linnarattad\/cmace-wheel-f26-elektriratas-110km\/\",\"url\":\"https:\/\/projekt.vombat.ee\/eco\/pood\/elektrirattad\/linnarattad\/cmace-wheel-f26-elektriratas-110km\/\",\"name\":\"Cmace wheel F260 Elektriratas, 110km - Ecocruiser\",\"isPartOf\":{\"@id\":\"https:\/\/projekt.vombat.ee\/eco\/#website\"},\"primaryImageOfPage\":{\"@id\":\"https:\/\/projekt.vombat.ee\/eco\/pood\/elektrirattad\/linnarattad\/cmace-wheel-f26-elektriratas-110km\/#primaryimage\"},\"image\":{\"@id\":\"https:\/\/projekt.vombat.ee\/eco\/pood\/elektrirattad\/linnarattad\/cmace-wheel-f26-elektriratas-110km\/#primaryimage\"},\"thumbnailUrl\":\"https:\/\/projekt.vombat.ee\/eco\/wp-content\/uploads\/2023\/04\/gray-to-black-Gradient.webp\",\"datePublished\":\"2023-04-04T08:42:30+00:00\",\"dateModified\":\"2024-04-15T11:24:35+00:00\",\"description\":\"Cmace wheel F26 elektriline jalgratas Maksimaalne s\u00f5iduulatus: 110km Aku: 48V, 17AH Mootori v\u00f5imsus: 250 W Maksimaalne kandev\u00f5ime: 200 KG \u2666 Tarneaeg 2-6 p\u00e4eva \u2666 Laos\",\"breadcrumb\":{\"@id\":\"https:\/\/projekt.vombat.ee\/eco\/pood\/elektrirattad\/linnarattad\/cmace-wheel-f26-elektriratas-110km\/#breadcrumb\"},\"inLanguage\":\"en-GB\",\"potentialAction\":[{\"@type\":\"ReadAction\",\"target\":[\"https:\/\/projekt.vombat.ee\/eco\/pood\/elektrirattad\/linnarattad\/cmace-wheel-f26-elektriratas-110km\/\"]}]},{\"@type\":\"ImageObject\",\"inLanguage\":\"en-GB\",\"@id\":\"https:\/\/projekt.vombat.ee\/eco\/pood\/elektrirattad\/linnarattad\/cmace-wheel-f26-elektriratas-110km\/#primaryimage\",\"url\":\"https:\/\/projekt.vombat.ee\/eco\/wp-content\/uploads\/2023\/04\/gray-to-black-Gradient.webp\",\"contentUrl\":\"https:\/\/projekt.vombat.ee\/eco\/wp-content\/uploads\/2023\/04\/gray-to-black-Gradient.webp\",\"width\":800,\"height\":800},{\"@type\":\"BreadcrumbList\",\"@id\":\"https:\/\/projekt.vombat.ee\/eco\/pood\/elektrirattad\/linnarattad\/cmace-wheel-f26-elektriratas-110km\/#breadcrumb\",\"itemListElement\":[{\"@type\":\"ListItem\",\"position\":1,\"name\":\"Home\",\"item\":\"https:\/\/projekt.vombat.ee\/eco\/\"},{\"@type\":\"ListItem\",\"position\":2,\"name\":\"Pood\",\"item\":\"https:\/\/projekt.vombat.ee\/eco\/pood\/\"},{\"@type\":\"ListItem\",\"position\":3,\"name\":\"Cmace wheel F260 Elektriratas, 110km\"}]},{\"@type\":\"WebSite\",\"@id\":\"https:\/\/projekt.vombat.ee\/eco\/#website\",\"url\":\"https:\/\/projekt.vombat.ee\/eco\/\",\"name\":\"Ecocruiser\",\"description\":\"\",\"publisher\":{\"@id\":\"https:\/\/projekt.vombat.ee\/eco\/#organization\"},\"potentialAction\":[{\"@type\":\"SearchAction\",\"target\":{\"@type\":\"EntryPoint\",\"urlTemplate\":\"https:\/\/projekt.vombat.ee\/eco\/?s={search_term_string}\"},\"query-input\":{\"@type\":\"PropertyValueSpecification\",\"valueRequired\":true,\"valueName\":\"search_term_string\"}}],\"inLanguage\":\"en-GB\"},{\"@type\":\"Organization\",\"@id\":\"https:\/\/projekt.vombat.ee\/eco\/#organization\",\"name\":\"Ecocruiser\",\"url\":\"https:\/\/projekt.vombat.ee\/eco\/\",\"logo\":{\"@type\":\"ImageObject\",\"inLanguage\":\"en-GB\",\"@id\":\"https:\/\/projekt.vombat.ee\/eco\/#\/schema\/logo\/image\/\",\"url\":\"https:\/\/projekt.vombat.ee\/eco\/wp-content\/uploads\/2023\/03\/ECOCRUISER_5.png\",\"contentUrl\":\"https:\/\/projekt.vombat.ee\/eco\/wp-content\/uploads\/2023\/03\/ECOCRUISER_5.png\",\"width\":234,\"height\":91,\"caption\":\"Ecocruiser\"},\"image\":{\"@id\":\"https:\/\/projekt.vombat.ee\/eco\/#\/schema\/logo\/image\/\"}}]}<\/script>\n<!-- \/ Yoast SEO plugin. -->","yoast_head_json":{"title":"Cmace wheel F260 Elektriratas, 110km - Ecocruiser","description":"Cmace wheel F26 elektriline jalgratas Maksimaalne s\u00f5iduulatus: 110km Aku: 48V, 17AH Mootori v\u00f5imsus: 250 W Maksimaalne kandev\u00f5ime: 200 KG \u2666 Tarneaeg 2-6 p\u00e4eva \u2666 Laos","robots":{"index":"noindex","follow":"follow","max-snippet":"max-snippet:-1","max-image-preview":"max-image-preview:large","max-video-preview":"max-video-preview:-1"},"og_locale":"en_GB","og_type":"article","og_title":"Cmace wheel F260 Elektriratas, 110km - Ecocruiser","og_description":"Cmace wheel F26 elektriline jalgratas Maksimaalne s\u00f5iduulatus: 110km Aku: 48V, 17AH Mootori v\u00f5imsus: 250 W Maksimaalne kandev\u00f5ime: 200 KG \u2666 Tarneaeg 2-6 p\u00e4eva \u2666 Laos","og_url":"https:\/\/projekt.vombat.ee\/eco\/pood\/elektrirattad\/linnarattad\/cmace-wheel-f26-elektriratas-110km\/","og_site_name":"Ecocruiser","article_modified_time":"2024-04-15T11:24:35+00:00","og_image":[{"width":800,"height":800,"url":"https:\/\/projekt.vombat.ee\/eco\/wp-content\/uploads\/2023\/04\/gray-to-black-Gradient.webp","type":"image\/webp"}],"twitter_card":"summary_large_image","twitter_misc":{"Estimated reading time":"2 minutes"},"schema":{"@context":"https:\/\/schema.org","@graph":[{"@type":"WebPage","@id":"https:\/\/projekt.vombat.ee\/eco\/pood\/elektrirattad\/linnarattad\/cmace-wheel-f26-elektriratas-110km\/","url":"https:\/\/projekt.vombat.ee\/eco\/pood\/elektrirattad\/linnarattad\/cmace-wheel-f26-elektriratas-110km\/","name":"Cmace wheel F260 Elektriratas, 110km - Ecocruiser","isPartOf":{"@id":"https:\/\/projekt.vombat.ee\/eco\/#website"},"primaryImageOfPage":{"@id":"https:\/\/projekt.vombat.ee\/eco\/pood\/elektrirattad\/linnarattad\/cmace-wheel-f26-elektriratas-110km\/#primaryimage"},"image":{"@id":"https:\/\/projekt.vombat.ee\/eco\/pood\/elektrirattad\/linnarattad\/cmace-wheel-f26-elektriratas-110km\/#primaryimage"},"thumbnailUrl":"https:\/\/projekt.vombat.ee\/eco\/wp-content\/uploads\/2023\/04\/gray-to-black-Gradient.webp","datePublished":"2023-04-04T08:42:30+00:00","dateModified":"2024-04-15T11:24:35+00:00","description":"Cmace wheel F26 elektriline jalgratas Maksimaalne s\u00f5iduulatus: 110km Aku: 48V, 17AH Mootori v\u00f5imsus: 250 W Maksimaalne kandev\u00f5ime: 200 KG \u2666 Tarneaeg 2-6 p\u00e4eva \u2666 Laos","breadcrumb":{"@id":"https:\/\/projekt.vombat.ee\/eco\/pood\/elektrirattad\/linnarattad\/cmace-wheel-f26-elektriratas-110km\/#breadcrumb"},"inLanguage":"en-GB","potentialAction":[{"@type":"ReadAction","target":["https:\/\/projekt.vombat.ee\/eco\/pood\/elektrirattad\/linnarattad\/cmace-wheel-f26-elektriratas-110km\/"]}]},{"@type":"ImageObject","inLanguage":"en-GB","@id":"https:\/\/projekt.vombat.ee\/eco\/pood\/elektrirattad\/linnarattad\/cmace-wheel-f26-elektriratas-110km\/#primaryimage","url":"https:\/\/projekt.vombat.ee\/eco\/wp-content\/uploads\/2023\/04\/gray-to-black-Gradient.webp","contentUrl":"https:\/\/projekt.vombat.ee\/eco\/wp-content\/uploads\/2023\/04\/gray-to-black-Gradient.webp","width":800,"height":800},{"@type":"BreadcrumbList","@id":"https:\/\/projekt.vombat.ee\/eco\/pood\/elektrirattad\/linnarattad\/cmace-wheel-f26-elektriratas-110km\/#breadcrumb","itemListElement":[{"@type":"ListItem","position":1,"name":"Home","item":"https:\/\/projekt.vombat.ee\/eco\/"},{"@type":"ListItem","position":2,"name":"Pood","item":"https:\/\/projekt.vombat.ee\/eco\/pood\/"},{"@type":"ListItem","position":3,"name":"Cmace wheel F260 Elektriratas, 110km"}]},{"@type":"WebSite","@id":"https:\/\/projekt.vombat.ee\/eco\/#website","url":"https:\/\/projekt.vombat.ee\/eco\/","name":"Ecocruiser","description":"","publisher":{"@id":"https:\/\/projekt.vombat.ee\/eco\/#organization"},"potentialAction":[{"@type":"SearchAction","target":{"@type":"EntryPoint","urlTemplate":"https:\/\/projekt.vombat.ee\/eco\/?s={search_term_string}"},"query-input":{"@type":"PropertyValueSpecification","valueRequired":true,"valueName":"search_term_string"}}],"inLanguage":"en-GB"},{"@type":"Organization","@id":"https:\/\/projekt.vombat.ee\/eco\/#organization","name":"Ecocruiser","url":"https:\/\/projekt.vombat.ee\/eco\/","logo":{"@type":"ImageObject","inLanguage":"en-GB","@id":"https:\/\/projekt.vombat.ee\/eco\/#\/schema\/logo\/image\/","url":"https:\/\/projekt.vombat.ee\/eco\/wp-content\/uploads\/2023\/03\/ECOCRUISER_5.png","contentUrl":"https:\/\/projekt.vombat.ee\/eco\/wp-content\/uploads\/2023\/03\/ECOCRUISER_5.png","width":234,"height":91,"caption":"Ecocruiser"},"image":{"@id":"https:\/\/projekt.vombat.ee\/eco\/#\/schema\/logo\/image\/"}}]}},"lang":"et","translations":{"et":8151,"fi":8288},"pll_sync_post":[],"_links":{"self":[{"href":"https:\/\/projekt.vombat.ee\/eco\/wp-json\/wp\/v2\/product\/8151"}],"collection":[{"href":"https:\/\/projekt.vombat.ee\/eco\/wp-json\/wp\/v2\/product"}],"about":[{"href":"https:\/\/projekt.vombat.ee\/eco\/wp-json\/wp\/v2\/types\/product"}],"version-history":[{"count":8,"href":"https:\/\/projekt.vombat.ee\/eco\/wp-json\/wp\/v2\/product\/8151\/revisions"}],"predecessor-version":[{"id":15883,"href":"https:\/\/projekt.vombat.ee\/eco\/wp-json\/wp\/v2\/product\/8151\/revisions\/15883"}],"wp:featuredmedia":[{"embeddable":true,"href":"https:\/\/projekt.vombat.ee\/eco\/wp-json\/wp\/v2\/media\/13822"}],"wp:attachment":[{"href":"https:\/\/projekt.vombat.ee\/eco\/wp-json\/wp\/v2\/media?parent=8151"}],"wp:term":[{"taxonomy":"product_cat","embeddable":true,"href":"https:\/\/projekt.vombat.ee\/eco\/wp-json\/wp\/v2\/product_cat?post=8151"},{"taxonomy":"product_tag","embeddable":true,"href":"https:\/\/projekt.vombat.ee\/eco\/wp-json\/wp\/v2\/product_tag?post=8151"}],"curies":[{"name":"wp","href":"https:\/\/api.w.org\/{rel}","templated":true}]}}