{"id":8101,"date":"2023-03-31T20:04:24","date_gmt":"2023-03-31T20:04:24","guid":{"rendered":"https:\/\/projekt.vombat.ee\/eco\/?post_type=product&#038;p=8101"},"modified":"2023-05-28T10:50:08","modified_gmt":"2023-05-28T10:50:08","slug":"segway-ninebot-max-g30e-ii-elektriline-toukeratas","status":"publish","type":"product","link":"https:\/\/projekt.vombat.ee\/eco\/pood\/brandid\/segway\/segway-ninebot-max-g30e-ii-elektriline-toukeratas\/","title":{"rendered":"Segway Ninebot Max G30E II Elektriline t\u00f5ukeratas"},"content":{"rendered":"<h1>Segway Ninebot Max G30E II Elektriline t\u00f5ukeratas<\/h1>\n<figure class=\"current\"><img decoding=\"async\" src=\"https:\/\/assets.segway-cdn.com\/Product-Pages\/KickScooters\/KickScooter-MAX-G30\/_image_text_half\/KickScooter-MAX-G30_Couple-walking.jpg?mtime=20210429052913&amp;focal=50.45%25+68.33%25&amp;tmtime=20220413064926\" \/><\/figure>\n<figure><\/figure>\n<h3>Segway Ninebot Max G30E II on k\u00f5ige uuem mudel turul<\/h3>\n<p>Nagu sport-jalgratastelgi on ka Segway Ninebot Max G30E II elektrit\u00f5ukeratas varustatud\u00a0<strong>ilma sisekummita (tubeless)<\/strong>\u00a0\u00f5hkrehvidega. Rehvide suurus on\u00a0<strong>60\/70-6.5<\/strong>\u00a0ehk\u00a0<strong>10\u201d tolli.<\/strong> Tubeless rehvid on palju vastupidavamad kui siselohviga rehvid, kuid samas tagavad m\u00e4rkimisv\u00e4\u00e4rselt mugavama s\u00f5iduelamuse ning vibratsiooni-ja p\u00f5rutuskindluse kui k\u00e4rgrehvid\/t\u00e4isrehvid. Lisaks sellele on Segway originaal tubeless rehvid ka seest poolt kaetud pehme torkekindla kihiga, mis isegi t\u00e4ieliku l\u00e4bitorke korral rehvi karkassist suudab peatada \u00f5hu v\u00e4ljavoolu rehvist. Rehvid on k\u00fclje pealt valmistatud erakordselt tugeva karkassiga. Praktika on n\u00e4idanud, et neid torkekindlaid rehve saab enamasti veel t\u00e4is pumbata ja edukalt kasutada isegi peale seda kui nendega on juba pikemat aega liiga madala rehvir\u00f5huga s\u00f5idetud.<\/p>\n<p>&nbsp;<\/p>\n<p>Elektrit\u00f5ukeratas kaalub\u00a0<strong>19,1kg<\/strong>\u00a0ja on lihtsasti kaasas kantav ning treppidest \u00fcles tassitav.\u00a0<strong>Veekindluse kaitseklass\u00a0<\/strong>elektrit\u00f5ukerattal\u00a0on\u00a0<strong>IPX5<\/strong>\u00a0ning raskust kannatab elektrit\u00f5ukeratas tootja andmetel kuni\u00a0<strong>100kg<\/strong>. Pikaajalisem praktika vanema Max G30ga on aga n\u00e4idanud, et tegelikkuses v\u00f5ivad aga ka kuni 130kg s\u00f5itjad end \u00fcsna mugavalt tunda \u2013 selle elektrit\u00f5ukeratta raam juba nii kergesti j\u00e4rele ei anna.<\/p>\n<p><img decoding=\"async\" src=\"https:\/\/assets.segway-cdn.com\/Product-Pages\/KickScooters\/KickScooter-MAX-G30\/_image_text_half\/MAX-G30_Lifestyle-picture-4.jpg?mtime=20210306090552&amp;focal=none&amp;tmtime=20220413064926\" \/><\/p>\n<h3>Info<\/h3>\n<p>Mudel: Segway Ninebot Max G30E II<br \/>\nAku: 36V\/15,3Ah\/551Wh Li-Ion<br \/>\nLaadimisaeg kuni 6h (integreeritud 3A laadijaga)<br \/>\nMootori v\u00f5imsus: 350W (tippv\u00f5imsus 700W)<br \/>\nS\u00f5idukaugus: kuni 65km<br \/>\nEsipidur: hooldusvaba trummelpidur<br \/>\nTagapidur: Elektriline mootoripidur (regeneratiivne)<br \/>\nKaalupiirang: 150kg<br \/>\nValmistajakiirus: 25km\/h<br \/>\nKaal: 19,1kg<br \/>\nMotoriseeritud ratas: Tagumine<br \/>\nRehvid: 10 tolli tubeless \u00f5hkrehvid (ilma sisekummita) 70\/65-6.5<br \/>\nSuurim t\u00f5usunurk teel kuni 20 kraadi<\/p>\n<p>&nbsp;<\/p>\n<p><strong>NB!<\/strong> Elektrit\u00f5ukerattaga s\u00f5ites soovitame turvalisuse tagamiseks alati kanda <a href=\"https:\/\/projekt.vombat.ee\/eco\/pood\/?product-cata=707\">kiivrit<\/a>. Alla 16 aastase kergliikuri jaoks on elektrit\u00f5uksiga s\u00f5idu ajal kiivri kandmine\u00a0<a href=\"https:\/\/www.riigiteataja.ee\/akt\/113112020001\">seaduse<\/a> j\u00e4rgi kohustuslik<\/p>\n","protected":false},"excerpt":{"rendered":"<p><strong>SEGWAY NINEBOT MAX G30E II ELEKTRILINE T\u00d5UKERATAS<\/strong><\/p>\n<ul>\n<li><strong>Max s\u00f5iduulatus<\/strong>: 65 KM<\/li>\n<li><strong>Kandev\u00f5ime<\/strong>: 100 kg<\/li>\n<li><strong>Mootori v\u00f5imsus<\/strong>: 700W<\/li>\n<li><strong>Laadimisaeg<\/strong>: 6h<\/li>\n<\/ul>\n<p>&nbsp;<\/p>\n<p>\u2666 <strong>Tarneaeg<\/strong> 2-4 p\u00e4eva<br \/>\n\u2666 <strong>Laos<\/strong><\/p>\n","protected":false},"featured_media":8102,"template":"","meta":[],"product_cat":[1271,53,909,939],"product_tag":[],"class_list":{"0":"post-8101","1":"product","2":"type-product","3":"status-publish","4":"has-post-thumbnail","6":"product_cat-segway","7":"product_cat-elektritoukerattad","8":"product_cat-linna-toukerattad","9":"product_cat-brandid","10":"product_shipping_class-suured-pakid","12":"first","13":"instock","14":"sale","15":"taxable","16":"shipping-taxable","17":"purchasable","18":"product-type-simple"},"yoast_head":"<!-- This site is optimized with the Yoast SEO plugin v23.8 - https:\/\/yoast.com\/wordpress\/plugins\/seo\/ -->\n<title>Segway Ninebot Max G30E II Elektriline t\u00f5ukeratas - Ecocruiser<\/title>\n<meta name=\"description\" content=\"Segway Ninebot Max G30E II Elektriline t\u00f5ukeratas - Kvaliteetsed br\u00e4ndid, lai valik - Ecocruiser.ee - K\u00fcsimuste korral v\u00f5ta \u00fchendust info@projekt.vombat.ee\" \/>\n<meta name=\"robots\" content=\"noindex, follow, max-snippet:-1, max-image-preview:large, max-video-preview:-1\" \/>\n<meta property=\"og:locale\" content=\"en_GB\" \/>\n<meta property=\"og:type\" content=\"article\" \/>\n<meta property=\"og:title\" content=\"Segway Ninebot Max G30E II Elektriline t\u00f5ukeratas - Ecocruiser\" \/>\n<meta property=\"og:description\" content=\"Segway Ninebot Max G30E II Elektriline t\u00f5ukeratas - Kvaliteetsed br\u00e4ndid, lai valik - Ecocruiser.ee - K\u00fcsimuste korral v\u00f5ta \u00fchendust info@projekt.vombat.ee\" \/>\n<meta property=\"og:url\" content=\"https:\/\/projekt.vombat.ee\/eco\/pood\/brandid\/segway\/segway-ninebot-max-g30e-ii-elektriline-toukeratas\/\" \/>\n<meta property=\"og:site_name\" content=\"Ecocruiser\" \/>\n<meta property=\"article:modified_time\" content=\"2023-05-28T10:50:08+00:00\" \/>\n<meta property=\"og:image\" content=\"https:\/\/projekt.vombat.ee\/eco\/wp-content\/uploads\/2023\/03\/Segway-Ninebot-Max-G30E-II.jpg\" \/>\n\t<meta property=\"og:image:width\" content=\"919\" \/>\n\t<meta property=\"og:image:height\" content=\"980\" \/>\n\t<meta property=\"og:image:type\" content=\"image\/jpeg\" \/>\n<meta name=\"twitter:card\" content=\"summary_large_image\" \/>\n<meta name=\"twitter:label1\" content=\"Estimated reading time\" \/>\n\t<meta name=\"twitter:data1\" content=\"2 minutes\" \/>\n<script type=\"application\/ld+json\" class=\"yoast-schema-graph\">{\"@context\":\"https:\/\/schema.org\",\"@graph\":[{\"@type\":\"WebPage\",\"@id\":\"https:\/\/projekt.vombat.ee\/eco\/pood\/brandid\/segway\/segway-ninebot-max-g30e-ii-elektriline-toukeratas\/\",\"url\":\"https:\/\/projekt.vombat.ee\/eco\/pood\/brandid\/segway\/segway-ninebot-max-g30e-ii-elektriline-toukeratas\/\",\"name\":\"Segway Ninebot Max G30E II Elektriline t\u00f5ukeratas - Ecocruiser\",\"isPartOf\":{\"@id\":\"https:\/\/projekt.vombat.ee\/eco\/#website\"},\"primaryImageOfPage\":{\"@id\":\"https:\/\/projekt.vombat.ee\/eco\/pood\/brandid\/segway\/segway-ninebot-max-g30e-ii-elektriline-toukeratas\/#primaryimage\"},\"image\":{\"@id\":\"https:\/\/projekt.vombat.ee\/eco\/pood\/brandid\/segway\/segway-ninebot-max-g30e-ii-elektriline-toukeratas\/#primaryimage\"},\"thumbnailUrl\":\"https:\/\/projekt.vombat.ee\/eco\/wp-content\/uploads\/2023\/03\/Segway-Ninebot-Max-G30E-II.jpg\",\"datePublished\":\"2023-03-31T20:04:24+00:00\",\"dateModified\":\"2023-05-28T10:50:08+00:00\",\"description\":\"Segway Ninebot Max G30E II Elektriline t\u00f5ukeratas - Kvaliteetsed br\u00e4ndid, lai valik - Ecocruiser.ee - K\u00fcsimuste korral v\u00f5ta \u00fchendust info@projekt.vombat.ee\",\"breadcrumb\":{\"@id\":\"https:\/\/projekt.vombat.ee\/eco\/pood\/brandid\/segway\/segway-ninebot-max-g30e-ii-elektriline-toukeratas\/#breadcrumb\"},\"inLanguage\":\"en-GB\",\"potentialAction\":[{\"@type\":\"ReadAction\",\"target\":[\"https:\/\/projekt.vombat.ee\/eco\/pood\/brandid\/segway\/segway-ninebot-max-g30e-ii-elektriline-toukeratas\/\"]}]},{\"@type\":\"ImageObject\",\"inLanguage\":\"en-GB\",\"@id\":\"https:\/\/projekt.vombat.ee\/eco\/pood\/brandid\/segway\/segway-ninebot-max-g30e-ii-elektriline-toukeratas\/#primaryimage\",\"url\":\"https:\/\/projekt.vombat.ee\/eco\/wp-content\/uploads\/2023\/03\/Segway-Ninebot-Max-G30E-II.jpg\",\"contentUrl\":\"https:\/\/projekt.vombat.ee\/eco\/wp-content\/uploads\/2023\/03\/Segway-Ninebot-Max-G30E-II.jpg\",\"width\":919,\"height\":980,\"caption\":\"Segway Ninebot Max G30E II\"},{\"@type\":\"BreadcrumbList\",\"@id\":\"https:\/\/projekt.vombat.ee\/eco\/pood\/brandid\/segway\/segway-ninebot-max-g30e-ii-elektriline-toukeratas\/#breadcrumb\",\"itemListElement\":[{\"@type\":\"ListItem\",\"position\":1,\"name\":\"Home\",\"item\":\"https:\/\/projekt.vombat.ee\/eco\/\"},{\"@type\":\"ListItem\",\"position\":2,\"name\":\"Pood\",\"item\":\"https:\/\/projekt.vombat.ee\/eco\/pood\/\"},{\"@type\":\"ListItem\",\"position\":3,\"name\":\"Segway Ninebot Max G30E II Elektriline t\u00f5ukeratas\"}]},{\"@type\":\"WebSite\",\"@id\":\"https:\/\/projekt.vombat.ee\/eco\/#website\",\"url\":\"https:\/\/projekt.vombat.ee\/eco\/\",\"name\":\"Ecocruiser\",\"description\":\"\",\"publisher\":{\"@id\":\"https:\/\/projekt.vombat.ee\/eco\/#organization\"},\"potentialAction\":[{\"@type\":\"SearchAction\",\"target\":{\"@type\":\"EntryPoint\",\"urlTemplate\":\"https:\/\/projekt.vombat.ee\/eco\/?s={search_term_string}\"},\"query-input\":{\"@type\":\"PropertyValueSpecification\",\"valueRequired\":true,\"valueName\":\"search_term_string\"}}],\"inLanguage\":\"en-GB\"},{\"@type\":\"Organization\",\"@id\":\"https:\/\/projekt.vombat.ee\/eco\/#organization\",\"name\":\"Ecocruiser\",\"url\":\"https:\/\/projekt.vombat.ee\/eco\/\",\"logo\":{\"@type\":\"ImageObject\",\"inLanguage\":\"en-GB\",\"@id\":\"https:\/\/projekt.vombat.ee\/eco\/#\/schema\/logo\/image\/\",\"url\":\"https:\/\/projekt.vombat.ee\/eco\/wp-content\/uploads\/2023\/03\/ECOCRUISER_5.png\",\"contentUrl\":\"https:\/\/projekt.vombat.ee\/eco\/wp-content\/uploads\/2023\/03\/ECOCRUISER_5.png\",\"width\":234,\"height\":91,\"caption\":\"Ecocruiser\"},\"image\":{\"@id\":\"https:\/\/projekt.vombat.ee\/eco\/#\/schema\/logo\/image\/\"}}]}<\/script>\n<!-- \/ Yoast SEO plugin. -->","yoast_head_json":{"title":"Segway Ninebot Max G30E II Elektriline t\u00f5ukeratas - Ecocruiser","description":"Segway Ninebot Max G30E II Elektriline t\u00f5ukeratas - Kvaliteetsed br\u00e4ndid, lai valik - Ecocruiser.ee - K\u00fcsimuste korral v\u00f5ta \u00fchendust info@projekt.vombat.ee","robots":{"index":"noindex","follow":"follow","max-snippet":"max-snippet:-1","max-image-preview":"max-image-preview:large","max-video-preview":"max-video-preview:-1"},"og_locale":"en_GB","og_type":"article","og_title":"Segway Ninebot Max G30E II Elektriline t\u00f5ukeratas - Ecocruiser","og_description":"Segway Ninebot Max G30E II Elektriline t\u00f5ukeratas - Kvaliteetsed br\u00e4ndid, lai valik - Ecocruiser.ee - K\u00fcsimuste korral v\u00f5ta \u00fchendust info@projekt.vombat.ee","og_url":"https:\/\/projekt.vombat.ee\/eco\/pood\/brandid\/segway\/segway-ninebot-max-g30e-ii-elektriline-toukeratas\/","og_site_name":"Ecocruiser","article_modified_time":"2023-05-28T10:50:08+00:00","og_image":[{"width":919,"height":980,"url":"https:\/\/projekt.vombat.ee\/eco\/wp-content\/uploads\/2023\/03\/Segway-Ninebot-Max-G30E-II.jpg","type":"image\/jpeg"}],"twitter_card":"summary_large_image","twitter_misc":{"Estimated reading time":"2 minutes"},"schema":{"@context":"https:\/\/schema.org","@graph":[{"@type":"WebPage","@id":"https:\/\/projekt.vombat.ee\/eco\/pood\/brandid\/segway\/segway-ninebot-max-g30e-ii-elektriline-toukeratas\/","url":"https:\/\/projekt.vombat.ee\/eco\/pood\/brandid\/segway\/segway-ninebot-max-g30e-ii-elektriline-toukeratas\/","name":"Segway Ninebot Max G30E II Elektriline t\u00f5ukeratas - Ecocruiser","isPartOf":{"@id":"https:\/\/projekt.vombat.ee\/eco\/#website"},"primaryImageOfPage":{"@id":"https:\/\/projekt.vombat.ee\/eco\/pood\/brandid\/segway\/segway-ninebot-max-g30e-ii-elektriline-toukeratas\/#primaryimage"},"image":{"@id":"https:\/\/projekt.vombat.ee\/eco\/pood\/brandid\/segway\/segway-ninebot-max-g30e-ii-elektriline-toukeratas\/#primaryimage"},"thumbnailUrl":"https:\/\/projekt.vombat.ee\/eco\/wp-content\/uploads\/2023\/03\/Segway-Ninebot-Max-G30E-II.jpg","datePublished":"2023-03-31T20:04:24+00:00","dateModified":"2023-05-28T10:50:08+00:00","description":"Segway Ninebot Max G30E II Elektriline t\u00f5ukeratas - Kvaliteetsed br\u00e4ndid, lai valik - Ecocruiser.ee - K\u00fcsimuste korral v\u00f5ta \u00fchendust info@projekt.vombat.ee","breadcrumb":{"@id":"https:\/\/projekt.vombat.ee\/eco\/pood\/brandid\/segway\/segway-ninebot-max-g30e-ii-elektriline-toukeratas\/#breadcrumb"},"inLanguage":"en-GB","potentialAction":[{"@type":"ReadAction","target":["https:\/\/projekt.vombat.ee\/eco\/pood\/brandid\/segway\/segway-ninebot-max-g30e-ii-elektriline-toukeratas\/"]}]},{"@type":"ImageObject","inLanguage":"en-GB","@id":"https:\/\/projekt.vombat.ee\/eco\/pood\/brandid\/segway\/segway-ninebot-max-g30e-ii-elektriline-toukeratas\/#primaryimage","url":"https:\/\/projekt.vombat.ee\/eco\/wp-content\/uploads\/2023\/03\/Segway-Ninebot-Max-G30E-II.jpg","contentUrl":"https:\/\/projekt.vombat.ee\/eco\/wp-content\/uploads\/2023\/03\/Segway-Ninebot-Max-G30E-II.jpg","width":919,"height":980,"caption":"Segway Ninebot Max G30E II"},{"@type":"BreadcrumbList","@id":"https:\/\/projekt.vombat.ee\/eco\/pood\/brandid\/segway\/segway-ninebot-max-g30e-ii-elektriline-toukeratas\/#breadcrumb","itemListElement":[{"@type":"ListItem","position":1,"name":"Home","item":"https:\/\/projekt.vombat.ee\/eco\/"},{"@type":"ListItem","position":2,"name":"Pood","item":"https:\/\/projekt.vombat.ee\/eco\/pood\/"},{"@type":"ListItem","position":3,"name":"Segway Ninebot Max G30E II Elektriline t\u00f5ukeratas"}]},{"@type":"WebSite","@id":"https:\/\/projekt.vombat.ee\/eco\/#website","url":"https:\/\/projekt.vombat.ee\/eco\/","name":"Ecocruiser","description":"","publisher":{"@id":"https:\/\/projekt.vombat.ee\/eco\/#organization"},"potentialAction":[{"@type":"SearchAction","target":{"@type":"EntryPoint","urlTemplate":"https:\/\/projekt.vombat.ee\/eco\/?s={search_term_string}"},"query-input":{"@type":"PropertyValueSpecification","valueRequired":true,"valueName":"search_term_string"}}],"inLanguage":"en-GB"},{"@type":"Organization","@id":"https:\/\/projekt.vombat.ee\/eco\/#organization","name":"Ecocruiser","url":"https:\/\/projekt.vombat.ee\/eco\/","logo":{"@type":"ImageObject","inLanguage":"en-GB","@id":"https:\/\/projekt.vombat.ee\/eco\/#\/schema\/logo\/image\/","url":"https:\/\/projekt.vombat.ee\/eco\/wp-content\/uploads\/2023\/03\/ECOCRUISER_5.png","contentUrl":"https:\/\/projekt.vombat.ee\/eco\/wp-content\/uploads\/2023\/03\/ECOCRUISER_5.png","width":234,"height":91,"caption":"Ecocruiser"},"image":{"@id":"https:\/\/projekt.vombat.ee\/eco\/#\/schema\/logo\/image\/"}}]}},"lang":"et","translations":{"et":8101},"pll_sync_post":[],"_links":{"self":[{"href":"https:\/\/projekt.vombat.ee\/eco\/wp-json\/wp\/v2\/product\/8101"}],"collection":[{"href":"https:\/\/projekt.vombat.ee\/eco\/wp-json\/wp\/v2\/product"}],"about":[{"href":"https:\/\/projekt.vombat.ee\/eco\/wp-json\/wp\/v2\/types\/product"}],"version-history":[{"count":4,"href":"https:\/\/projekt.vombat.ee\/eco\/wp-json\/wp\/v2\/product\/8101\/revisions"}],"predecessor-version":[{"id":8698,"href":"https:\/\/projekt.vombat.ee\/eco\/wp-json\/wp\/v2\/product\/8101\/revisions\/8698"}],"wp:featuredmedia":[{"embeddable":true,"href":"https:\/\/projekt.vombat.ee\/eco\/wp-json\/wp\/v2\/media\/8102"}],"wp:attachment":[{"href":"https:\/\/projekt.vombat.ee\/eco\/wp-json\/wp\/v2\/media?parent=8101"}],"wp:term":[{"taxonomy":"product_cat","embeddable":true,"href":"https:\/\/projekt.vombat.ee\/eco\/wp-json\/wp\/v2\/product_cat?post=8101"},{"taxonomy":"product_tag","embeddable":true,"href":"https:\/\/projekt.vombat.ee\/eco\/wp-json\/wp\/v2\/product_tag?post=8101"}],"curies":[{"name":"wp","href":"https:\/\/api.w.org\/{rel}","templated":true}]}}