{"id":8089,"date":"2023-03-31T19:21:29","date_gmt":"2023-03-31T19:21:29","guid":{"rendered":"https:\/\/projekt.vombat.ee\/eco\/?post_type=product&#038;p=8089"},"modified":"2023-05-28T10:52:55","modified_gmt":"2023-05-28T10:52:55","slug":"segway-ninebot-f25i-elektriline-toukeratas","status":"publish","type":"product","link":"https:\/\/projekt.vombat.ee\/eco\/pood\/brandid\/segway\/segway-ninebot-f25i-elektriline-toukeratas\/","title":{"rendered":"Segway Ninebot F25I Elektriline t\u00f5ukeratas"},"content":{"rendered":"<h1>SEGWAY NINEBOT F25I ELEKTRILINE T\u00d5UKERATAS<\/h1>\n<p>Segway Ninebot on vaieldamatult \u00fcks tuntumaid ja usaldusv\u00e4\u00e4rsemaid br\u00e4nde elektrit\u00f5ukerataste sektoris. N\u00fc\u00fcd saame r\u00f5\u00f5muga Teie ette tuua taaskord tutvustada nende uut imelooma &#8211; <strong>Segway Ninebot F25I<\/strong>. Tegemist on sisuliselt tavap\u00e4rase Segway t\u00f5ukerattaga, kuid m\u00e4rkimisv\u00e4\u00e4rselt suurema akuga. \u00dche laadimisega on v\u00f5imalik l\u00e4bida kuni 40km! Elektrit\u00f5ukeratas Segway Ninebot <span style=\"font-size: inherit;\">F25I <\/span>on oma raami ehituselt v\u00f5rdlemisi sarnane v\u00e4hem v\u00f5imekamate D-seeria mudelitega, kuid on see-eest siiski eristatav just enda v\u00f5imekusega. Lisaks on Segway t\u00f5ukerattad \u00fclimalt kompaktsed ning see omadus on edasi kandunud ka uude <span style=\"font-size: inherit;\">F25I <\/span>mudelisse.<\/p>\n<p><span style=\"font-size: inherit;\"><strong>Segway F25I<\/strong> elektriline t\u00f5ukeratas sisaldab endas k\u00f5ike mida \u00fchelt korralikult elektrit\u00f5ukerattalt soovida v\u00f5iks. Ninebot F25I on stabiilse juhitavuse saavutamiseks varustatud suurte ning paksude 10\u201d tubeless rehvidega. M\u00f5istagi, et stabiilne juhitavus ei ole ainus millega laial turul konkureerida. Seet\u00f5ttu on t\u00f5ukeratas varustatud ka v\u00f5imeka harjadevaba mootoriga, mis on suuteline v\u00e4lja andma endast kuni 700W v\u00f5imsust. V\u00f5imsa mootoriga varustatud F25I elektrilised t\u00f5ukerattad saavutavad valmistajakiiruse 25km\/h v\u00f5rdlemisi nobedalt.\u00a0<\/span><\/p>\n<p>Vastupidava ehitusega <span style=\"font-size: inherit;\">F25I <\/span>elektrit\u00f5ukerattad sobivad nii noortele kui ka t\u00e4iskasvanutele. T\u00e4psemalt r\u00e4\u00e4kides on <span style=\"font-size: inherit;\">F25I <\/span>elektrit\u00f5ukerattad suutelised edasi liikuma kuni 120kg massiga.<\/p>\n<h2>SEGWAY NINEBOT F25I ELEKTRILINE T\u00d5UKERATAS \u2013 KOMPAKTNE EHITUS JA STABIILNE JUHITAVUS<\/h2>\n<p>Stabiilse juhitavuse saavutamiseks on <span style=\"font-size: inherit;\">F25I <\/span>elektrilised t\u00f5ukerattad <strong>suurte ja laiade 10\u201d tubeless \u00f5hkrehvidega.<\/strong> Samuti on <span style=\"font-size: inherit;\">F25I <\/span>elektrit\u00f5ukerattad kerge ning t\u00e4pse raami ehitusega, mist\u00f5ttu on tagatud \u00fclimalt hea man\u00f6\u00f6verdamisv\u00f5ime ja t\u00e4pne juhitavus.<\/p>\n<p>Turvalisusele m\u00f5eldes on Ninebot <span style=\"font-size: inherit;\">F25I <\/span>elektrit\u00f5ukerattad <strong>varustatud eesmise trummelpiduriga ja tagumise elektroonilise mootoripiduriga.<\/strong> Trummelpiduriga varustatud <span style=\"font-size: inherit;\">F25I <\/span>elektrit\u00f5ukerattad on m\u00e4rgatavalt lihtsamini hooldatavad ja \u00fchtlasi n\u00f5uavad Segway <span style=\"font-size: inherit;\">F25I <\/span>elektrit\u00f5ukerattad trummelpiduri heade omaduste t\u00f5ttu ka \u00fcldiselt v\u00e4hem hooldamist.<\/p>\n<p><span style=\"font-size: inherit;\">F25I <\/span>elektrit\u00f5ukerattad on eelk\u00f5ige kompaktsed igap\u00e4evased linnaliikurid. Kompaktsuse tagamiseks on <span style=\"font-size: inherit;\">F25I <\/span>elektrit\u00f5ukeratas \u00fclimalt kiiresti kompaktseks muudetav, kasutades selleks reguleeritavat hoova mehhanismi. <strong>T\u00e4nu kergele alumiiniumraamile on elektrit\u00f5ukeratas ka \u00fcllatavalt kerge, kaaludes k\u00f5igest 22kg.<\/strong> T\u00e4nu enda kompaktsusele on elektrit\u00f5ukeratas <span style=\"font-size: inherit;\">F25I <\/span>ideaalseks valikuks ka siis kui on vaja elektrit\u00f5ukeratas laadimiseks n\u00e4iteks trepist \u00fcles tassida. V\u00e4iksema poolsete m\u00f5\u00f5tudega <span style=\"font-size: inherit;\">F25I <\/span>elektrit\u00f5ukeratas sobib \u00fchtlasi ka enamus s\u00f5iduautode pagasiruumi.<\/p>\n<h2>TEHNILINE KIRJELDUS<\/h2>\n<p>Elektriline t\u00f5ukeratas <span style=\"font-size: inherit;\">F25I <\/span>on varustatud mootoriga, mille nominaalv\u00f5imsuseks on <strong>300<\/strong><strong>W.<\/strong> Elektrit\u00f5ukeratas <span style=\"font-size: inherit;\">F25I <\/span>on sedav\u00f5rd v\u00f5imekas, et on\u00a0<strong>suuteline l\u00e4bima ka 20% m\u00e4kket\u00f5use<\/strong>. Samuti on 300W elektrimootoriga varustatud <span style=\"font-size: inherit;\">F25I <\/span>elektrit\u00f5ukeratas saavutama valmistajakiiruse 25km\/h kiirelt.<\/p>\n<p>Kvaliteetsest lennunduses kasutatavast alumiiniumist valmistatud raamiga elektrit\u00f5ukeratas <span style=\"font-size: inherit;\">F25I <\/span>saab hakkama ka raskemates olukordades. Tehase spetsifikatsiooni kohaselt on <span style=\"font-size: inherit;\">F25I <\/span>elektrit\u00f5ukeratas n\u00f5nda v\u00f5imekas ja vastupidav, et on <strong>suuteline edasi viima ka kuni 100kg massi.<\/strong><\/p>\n<p>Selleks, et s\u00f5idur\u00f5\u00f5mu j\u00e4tkuks kauaks on elektrit\u00f5ukeras Segway Ninebot <span style=\"font-size: inherit;\">F25I <\/span>varustatud<strong> parajalt v\u00f5imeka 36V ja 7,5Ah (275Wh) Li-ion akupakiga.<\/strong> Elektriline t\u00f5ukeratas <span style=\"font-size: inherit;\">F25I <\/span>on tootja spetsifikatsiooni kohaselt suuteline tagama piisavalt voolu, et l\u00e4bida \u00fche laadimisega edukalt kuni 65km. Selleks, et kompenseerida puudu j\u00e4\u00e4vat s\u00f5idudistantsi on Ninebot <span style=\"font-size: inherit;\">F25I <\/span>elektrit\u00f5ukerattad v\u00f5rdlemisi kiiresti uuesti t\u00e4is laetavad. T\u00e4psemalt r\u00e4\u00e4kides on <span style=\"font-size: inherit;\">F25I <\/span>elektrilised t\u00f5ukerattad<strong> 0-100% t\u00e4is laetavad k\u00f5igest 3-4 tunniga.<\/strong><\/p>\n<p>M\u00f5eldes turvalisele ja ohutule s\u00f5idule pimedas on elektriline t\u00f5ukeratas <span style=\"font-size: inherit;\">F25I <\/span>varustatud 2.1W LED esitulega. Selleks, et elektrit\u00f5ukeratas ning sellega s\u00f5itja oleksid liikluses kergesti m\u00e4rgatavad on elektrit\u00f5ukeratas <span style=\"font-size: inherit;\">F25I <\/span>varustatud ka tagumise piduri- ja seisutulega.<\/p>\n<p>M\u00f5eldes vastupidavusele on elektrit\u00f5ukeratas <span style=\"font-size: inherit;\">F25I <\/span>ka v\u00f5imalikult tihendatud ehitusega. Segway <span style=\"font-size: inherit;\">F25I <\/span>elektrit\u00f5ukeratas on sertifitseeritud IPX5 kaitseastmega, mist\u00f5ttu on elektrit\u00f5ukeratas kaitstud vee ja niiskuse eest iga nurga alt. Siiski tasub toonitada, et elektrit\u00f5ukeratas <span style=\"font-size: inherit;\">F25I <\/span>ei ole piisava hea kaitseastmega, et sellega s\u00f5ita l\u00e4bi s\u00fcgavatest veelompidest ning tehase garantii (nagu alati elektriliste t\u00f5ukerataste puhul) veekahjustusi ei kata.<\/p>\n<p><strong><span style=\"font-size: inherit;\">F25I <\/span>elektrit\u00f5ukerattad on Bluetooth \u00fchildavusega.<\/strong> T\u00e4nu \u00fchendatavusele on elektrit\u00f5ukeratas Segway Ninebot <span style=\"font-size: inherit;\">F25I <\/span>elektrooniliselt lukustatav. Samuti saadab elektrit\u00f5ukeratas <span style=\"font-size: inherit;\">F25I <\/span>mobiilirakendusse ka t\u00e4pset infot l\u00e4bis\u00f5idu ning muude vajalike andmete kohta. Selleks, et t\u00e4htsamad andmed oleksid s\u00f5itjal kogu aeg silme ees on <span style=\"font-size: inherit;\">F25I <\/span>elektrit\u00f5ukeratas varustatud modernse LED ekraaniga mis n\u00e4itab kiirust, infot aku laetuse taseme kohta ja ka samuti hetkel aktiveeritud s\u00f5idure\u017eiimi \/ k\u00e4igu kohta.<\/p>\n<p>&nbsp;<\/p>\n<p><strong>NB!<\/strong> Elektrit\u00f5ukerattaga s\u00f5ites soovitame turvalisuse tagamiseks alati kanda <a href=\"https:\/\/projekt.vombat.ee\/eco\/pood\/?product-cata=707\">kiivrit<\/a>. Alla 16 aastase kergliikuri jaoks on elektrit\u00f5uksiga s\u00f5idu ajal kiivri kandmine\u00a0<a href=\"https:\/\/www.riigiteataja.ee\/akt\/113112020001\">seaduse<\/a> j\u00e4rgi kohustuslik<\/p>\n","protected":false},"excerpt":{"rendered":"<p><strong>SEGWAY NINEBOT F25I ELEKTRILINE T\u00d5UKERATAS<\/strong><\/p>\n<ul>\n<li><strong>Max s\u00f5iduulatus<\/strong>: 25 KM<\/li>\n<li><strong>Kandev\u00f5ime<\/strong>: 100 kg<\/li>\n<li><strong>Mootori v\u00f5imsus<\/strong>: 300W<\/li>\n<li><strong>Laadimisaeg<\/strong>: 3-4h<\/li>\n<\/ul>\n<p>&nbsp;<\/p>\n<p>\u2666 <strong>Tarneaeg<\/strong> 2-4 p\u00e4eva<br \/>\n\u2666 <strong>Laos<\/strong><\/p>\n","protected":false},"featured_media":8090,"template":"","meta":[],"product_cat":[1271,53,909,939],"product_tag":[],"class_list":{"0":"post-8089","1":"product","2":"type-product","3":"status-publish","4":"has-post-thumbnail","6":"product_cat-segway","7":"product_cat-elektritoukerattad","8":"product_cat-linna-toukerattad","9":"product_cat-brandid","10":"product_shipping_class-suured-pakid","12":"first","13":"instock","14":"sale","15":"taxable","16":"shipping-taxable","17":"purchasable","18":"product-type-simple"},"yoast_head":"<!-- This site is optimized with the Yoast SEO plugin v23.8 - https:\/\/yoast.com\/wordpress\/plugins\/seo\/ -->\n<title>Segway Ninebot F25I Elektriline t\u00f5ukeratas - Ecocruiser<\/title>\n<meta name=\"description\" content=\"Segway Ninebot F25I Elektriline t\u00f5ukeratas - Kvaliteetsed br\u00e4ndid, lai valik - Ecocruiser.ee - K\u00fcsimuste korral v\u00f5ta \u00fchendust info@projekt.vombat.ee\" \/>\n<meta name=\"robots\" content=\"noindex, follow, max-snippet:-1, max-image-preview:large, max-video-preview:-1\" \/>\n<meta property=\"og:locale\" content=\"en_GB\" \/>\n<meta property=\"og:type\" content=\"article\" \/>\n<meta property=\"og:title\" content=\"Segway Ninebot F25I Elektriline t\u00f5ukeratas - Ecocruiser\" \/>\n<meta property=\"og:description\" content=\"Segway Ninebot F25I Elektriline t\u00f5ukeratas - Kvaliteetsed br\u00e4ndid, lai valik - Ecocruiser.ee - K\u00fcsimuste korral v\u00f5ta \u00fchendust info@projekt.vombat.ee\" \/>\n<meta property=\"og:url\" content=\"https:\/\/projekt.vombat.ee\/eco\/pood\/brandid\/segway\/segway-ninebot-f25i-elektriline-toukeratas\/\" \/>\n<meta property=\"og:site_name\" content=\"Ecocruiser\" \/>\n<meta property=\"article:modified_time\" content=\"2023-05-28T10:52:55+00:00\" \/>\n<meta property=\"og:image\" content=\"https:\/\/projekt.vombat.ee\/eco\/wp-content\/uploads\/2023\/03\/Segway-F25I.png\" \/>\n\t<meta property=\"og:image:width\" content=\"2140\" \/>\n\t<meta property=\"og:image:height\" content=\"1336\" \/>\n\t<meta property=\"og:image:type\" content=\"image\/png\" \/>\n<meta name=\"twitter:card\" content=\"summary_large_image\" \/>\n<meta name=\"twitter:label1\" content=\"Estimated reading time\" \/>\n\t<meta name=\"twitter:data1\" content=\"4 minutes\" \/>\n<script type=\"application\/ld+json\" class=\"yoast-schema-graph\">{\"@context\":\"https:\/\/schema.org\",\"@graph\":[{\"@type\":\"WebPage\",\"@id\":\"https:\/\/projekt.vombat.ee\/eco\/pood\/brandid\/segway\/segway-ninebot-f25i-elektriline-toukeratas\/\",\"url\":\"https:\/\/projekt.vombat.ee\/eco\/pood\/brandid\/segway\/segway-ninebot-f25i-elektriline-toukeratas\/\",\"name\":\"Segway Ninebot F25I Elektriline t\u00f5ukeratas - Ecocruiser\",\"isPartOf\":{\"@id\":\"https:\/\/projekt.vombat.ee\/eco\/#website\"},\"primaryImageOfPage\":{\"@id\":\"https:\/\/projekt.vombat.ee\/eco\/pood\/brandid\/segway\/segway-ninebot-f25i-elektriline-toukeratas\/#primaryimage\"},\"image\":{\"@id\":\"https:\/\/projekt.vombat.ee\/eco\/pood\/brandid\/segway\/segway-ninebot-f25i-elektriline-toukeratas\/#primaryimage\"},\"thumbnailUrl\":\"https:\/\/projekt.vombat.ee\/eco\/wp-content\/uploads\/2023\/03\/Segway-F25I.png\",\"datePublished\":\"2023-03-31T19:21:29+00:00\",\"dateModified\":\"2023-05-28T10:52:55+00:00\",\"description\":\"Segway Ninebot F25I Elektriline t\u00f5ukeratas - Kvaliteetsed br\u00e4ndid, lai valik - Ecocruiser.ee - K\u00fcsimuste korral v\u00f5ta \u00fchendust info@projekt.vombat.ee\",\"breadcrumb\":{\"@id\":\"https:\/\/projekt.vombat.ee\/eco\/pood\/brandid\/segway\/segway-ninebot-f25i-elektriline-toukeratas\/#breadcrumb\"},\"inLanguage\":\"en-GB\",\"potentialAction\":[{\"@type\":\"ReadAction\",\"target\":[\"https:\/\/projekt.vombat.ee\/eco\/pood\/brandid\/segway\/segway-ninebot-f25i-elektriline-toukeratas\/\"]}]},{\"@type\":\"ImageObject\",\"inLanguage\":\"en-GB\",\"@id\":\"https:\/\/projekt.vombat.ee\/eco\/pood\/brandid\/segway\/segway-ninebot-f25i-elektriline-toukeratas\/#primaryimage\",\"url\":\"https:\/\/projekt.vombat.ee\/eco\/wp-content\/uploads\/2023\/03\/Segway-F25I.png\",\"contentUrl\":\"https:\/\/projekt.vombat.ee\/eco\/wp-content\/uploads\/2023\/03\/Segway-F25I.png\",\"width\":2140,\"height\":1336,\"caption\":\"Segway F25I\"},{\"@type\":\"BreadcrumbList\",\"@id\":\"https:\/\/projekt.vombat.ee\/eco\/pood\/brandid\/segway\/segway-ninebot-f25i-elektriline-toukeratas\/#breadcrumb\",\"itemListElement\":[{\"@type\":\"ListItem\",\"position\":1,\"name\":\"Home\",\"item\":\"https:\/\/projekt.vombat.ee\/eco\/\"},{\"@type\":\"ListItem\",\"position\":2,\"name\":\"Pood\",\"item\":\"https:\/\/projekt.vombat.ee\/eco\/pood\/\"},{\"@type\":\"ListItem\",\"position\":3,\"name\":\"Segway Ninebot F25I Elektriline t\u00f5ukeratas\"}]},{\"@type\":\"WebSite\",\"@id\":\"https:\/\/projekt.vombat.ee\/eco\/#website\",\"url\":\"https:\/\/projekt.vombat.ee\/eco\/\",\"name\":\"Ecocruiser\",\"description\":\"\",\"publisher\":{\"@id\":\"https:\/\/projekt.vombat.ee\/eco\/#organization\"},\"potentialAction\":[{\"@type\":\"SearchAction\",\"target\":{\"@type\":\"EntryPoint\",\"urlTemplate\":\"https:\/\/projekt.vombat.ee\/eco\/?s={search_term_string}\"},\"query-input\":{\"@type\":\"PropertyValueSpecification\",\"valueRequired\":true,\"valueName\":\"search_term_string\"}}],\"inLanguage\":\"en-GB\"},{\"@type\":\"Organization\",\"@id\":\"https:\/\/projekt.vombat.ee\/eco\/#organization\",\"name\":\"Ecocruiser\",\"url\":\"https:\/\/projekt.vombat.ee\/eco\/\",\"logo\":{\"@type\":\"ImageObject\",\"inLanguage\":\"en-GB\",\"@id\":\"https:\/\/projekt.vombat.ee\/eco\/#\/schema\/logo\/image\/\",\"url\":\"https:\/\/projekt.vombat.ee\/eco\/wp-content\/uploads\/2023\/03\/ECOCRUISER_5.png\",\"contentUrl\":\"https:\/\/projekt.vombat.ee\/eco\/wp-content\/uploads\/2023\/03\/ECOCRUISER_5.png\",\"width\":234,\"height\":91,\"caption\":\"Ecocruiser\"},\"image\":{\"@id\":\"https:\/\/projekt.vombat.ee\/eco\/#\/schema\/logo\/image\/\"}}]}<\/script>\n<!-- \/ Yoast SEO plugin. -->","yoast_head_json":{"title":"Segway Ninebot F25I Elektriline t\u00f5ukeratas - Ecocruiser","description":"Segway Ninebot F25I Elektriline t\u00f5ukeratas - Kvaliteetsed br\u00e4ndid, lai valik - Ecocruiser.ee - K\u00fcsimuste korral v\u00f5ta \u00fchendust info@projekt.vombat.ee","robots":{"index":"noindex","follow":"follow","max-snippet":"max-snippet:-1","max-image-preview":"max-image-preview:large","max-video-preview":"max-video-preview:-1"},"og_locale":"en_GB","og_type":"article","og_title":"Segway Ninebot F25I Elektriline t\u00f5ukeratas - Ecocruiser","og_description":"Segway Ninebot F25I Elektriline t\u00f5ukeratas - Kvaliteetsed br\u00e4ndid, lai valik - Ecocruiser.ee - K\u00fcsimuste korral v\u00f5ta \u00fchendust info@projekt.vombat.ee","og_url":"https:\/\/projekt.vombat.ee\/eco\/pood\/brandid\/segway\/segway-ninebot-f25i-elektriline-toukeratas\/","og_site_name":"Ecocruiser","article_modified_time":"2023-05-28T10:52:55+00:00","og_image":[{"width":2140,"height":1336,"url":"https:\/\/projekt.vombat.ee\/eco\/wp-content\/uploads\/2023\/03\/Segway-F25I.png","type":"image\/png"}],"twitter_card":"summary_large_image","twitter_misc":{"Estimated reading time":"4 minutes"},"schema":{"@context":"https:\/\/schema.org","@graph":[{"@type":"WebPage","@id":"https:\/\/projekt.vombat.ee\/eco\/pood\/brandid\/segway\/segway-ninebot-f25i-elektriline-toukeratas\/","url":"https:\/\/projekt.vombat.ee\/eco\/pood\/brandid\/segway\/segway-ninebot-f25i-elektriline-toukeratas\/","name":"Segway Ninebot F25I Elektriline t\u00f5ukeratas - Ecocruiser","isPartOf":{"@id":"https:\/\/projekt.vombat.ee\/eco\/#website"},"primaryImageOfPage":{"@id":"https:\/\/projekt.vombat.ee\/eco\/pood\/brandid\/segway\/segway-ninebot-f25i-elektriline-toukeratas\/#primaryimage"},"image":{"@id":"https:\/\/projekt.vombat.ee\/eco\/pood\/brandid\/segway\/segway-ninebot-f25i-elektriline-toukeratas\/#primaryimage"},"thumbnailUrl":"https:\/\/projekt.vombat.ee\/eco\/wp-content\/uploads\/2023\/03\/Segway-F25I.png","datePublished":"2023-03-31T19:21:29+00:00","dateModified":"2023-05-28T10:52:55+00:00","description":"Segway Ninebot F25I Elektriline t\u00f5ukeratas - Kvaliteetsed br\u00e4ndid, lai valik - Ecocruiser.ee - K\u00fcsimuste korral v\u00f5ta \u00fchendust info@projekt.vombat.ee","breadcrumb":{"@id":"https:\/\/projekt.vombat.ee\/eco\/pood\/brandid\/segway\/segway-ninebot-f25i-elektriline-toukeratas\/#breadcrumb"},"inLanguage":"en-GB","potentialAction":[{"@type":"ReadAction","target":["https:\/\/projekt.vombat.ee\/eco\/pood\/brandid\/segway\/segway-ninebot-f25i-elektriline-toukeratas\/"]}]},{"@type":"ImageObject","inLanguage":"en-GB","@id":"https:\/\/projekt.vombat.ee\/eco\/pood\/brandid\/segway\/segway-ninebot-f25i-elektriline-toukeratas\/#primaryimage","url":"https:\/\/projekt.vombat.ee\/eco\/wp-content\/uploads\/2023\/03\/Segway-F25I.png","contentUrl":"https:\/\/projekt.vombat.ee\/eco\/wp-content\/uploads\/2023\/03\/Segway-F25I.png","width":2140,"height":1336,"caption":"Segway F25I"},{"@type":"BreadcrumbList","@id":"https:\/\/projekt.vombat.ee\/eco\/pood\/brandid\/segway\/segway-ninebot-f25i-elektriline-toukeratas\/#breadcrumb","itemListElement":[{"@type":"ListItem","position":1,"name":"Home","item":"https:\/\/projekt.vombat.ee\/eco\/"},{"@type":"ListItem","position":2,"name":"Pood","item":"https:\/\/projekt.vombat.ee\/eco\/pood\/"},{"@type":"ListItem","position":3,"name":"Segway Ninebot F25I Elektriline t\u00f5ukeratas"}]},{"@type":"WebSite","@id":"https:\/\/projekt.vombat.ee\/eco\/#website","url":"https:\/\/projekt.vombat.ee\/eco\/","name":"Ecocruiser","description":"","publisher":{"@id":"https:\/\/projekt.vombat.ee\/eco\/#organization"},"potentialAction":[{"@type":"SearchAction","target":{"@type":"EntryPoint","urlTemplate":"https:\/\/projekt.vombat.ee\/eco\/?s={search_term_string}"},"query-input":{"@type":"PropertyValueSpecification","valueRequired":true,"valueName":"search_term_string"}}],"inLanguage":"en-GB"},{"@type":"Organization","@id":"https:\/\/projekt.vombat.ee\/eco\/#organization","name":"Ecocruiser","url":"https:\/\/projekt.vombat.ee\/eco\/","logo":{"@type":"ImageObject","inLanguage":"en-GB","@id":"https:\/\/projekt.vombat.ee\/eco\/#\/schema\/logo\/image\/","url":"https:\/\/projekt.vombat.ee\/eco\/wp-content\/uploads\/2023\/03\/ECOCRUISER_5.png","contentUrl":"https:\/\/projekt.vombat.ee\/eco\/wp-content\/uploads\/2023\/03\/ECOCRUISER_5.png","width":234,"height":91,"caption":"Ecocruiser"},"image":{"@id":"https:\/\/projekt.vombat.ee\/eco\/#\/schema\/logo\/image\/"}}]}},"lang":"et","translations":{"et":8089},"pll_sync_post":[],"_links":{"self":[{"href":"https:\/\/projekt.vombat.ee\/eco\/wp-json\/wp\/v2\/product\/8089"}],"collection":[{"href":"https:\/\/projekt.vombat.ee\/eco\/wp-json\/wp\/v2\/product"}],"about":[{"href":"https:\/\/projekt.vombat.ee\/eco\/wp-json\/wp\/v2\/types\/product"}],"version-history":[{"count":1,"href":"https:\/\/projekt.vombat.ee\/eco\/wp-json\/wp\/v2\/product\/8089\/revisions"}],"predecessor-version":[{"id":8095,"href":"https:\/\/projekt.vombat.ee\/eco\/wp-json\/wp\/v2\/product\/8089\/revisions\/8095"}],"wp:featuredmedia":[{"embeddable":true,"href":"https:\/\/projekt.vombat.ee\/eco\/wp-json\/wp\/v2\/media\/8090"}],"wp:attachment":[{"href":"https:\/\/projekt.vombat.ee\/eco\/wp-json\/wp\/v2\/media?parent=8089"}],"wp:term":[{"taxonomy":"product_cat","embeddable":true,"href":"https:\/\/projekt.vombat.ee\/eco\/wp-json\/wp\/v2\/product_cat?post=8089"},{"taxonomy":"product_tag","embeddable":true,"href":"https:\/\/projekt.vombat.ee\/eco\/wp-json\/wp\/v2\/product_tag?post=8089"}],"curies":[{"name":"wp","href":"https:\/\/api.w.org\/{rel}","templated":true}]}}