{"id":7944,"date":"2023-03-30T20:33:47","date_gmt":"2023-03-30T20:33:47","guid":{"rendered":"https:\/\/projekt.vombat.ee\/eco\/?post_type=product&#038;p=7944"},"modified":"2023-03-30T20:33:48","modified_gmt":"2023-03-30T20:33:48","slug":"techlife-x7-sahkoskootteri-80-km","status":"publish","type":"product","link":"https:\/\/projekt.vombat.ee\/eco\/fi\/myym%C3%A4l%C3%A4\/tuotemerkit\/techlife\/techlife-x7-sahkoskootteri-80-km\/","title":{"rendered":"Techlife X7 S\u00e4hk\u00f6skootteri, 80 km"},"content":{"rendered":"<h1>Techlife X7 s\u00e4hk\u00f6skootteri<\/h1>\n<p>Techlife X7 on moottori, jolla on h\u00e4mm\u00e4stytt\u00e4v\u00e4 1000 W (max 1600 W) teho. Yhdess\u00e4 ohjaimen kanssa se voi ajaa rampilta &#8211; jopa 15 astetta menett\u00e4m\u00e4tt\u00e4 nopeutta.<\/p>\n<p><img decoding=\"async\" title=\"\" src=\"https:\/\/mobiway.pl\/img\/cms\/x7lite\/X73%20(Copy).jpg\" alt=\"\" \/><\/p>\n<h3>Kulkee jopa 60 km* yhdell\u00e4 latauksella<\/h3>\n<p>\u00c4lykk\u00e4\u00e4n hallinnan ansiosta akku k\u00e4ytt\u00e4\u00e4 18Ah litiumioniakun energiaa tehokkaammin. Pikalataustekniikan ansiosta skootterin lataaminen t\u00e4yteen kest\u00e4\u00e4 vain 6 tuntia*.<\/p>\n<p><img decoding=\"async\" title=\"\" src=\"https:\/\/mobiway.pl\/img\/cms\/x7lite\/X724%20(Copy).jpg\" alt=\"\" \/><\/p>\n<h3>10 tuuman renkaat<\/h3>\n<p>Vahvat 10 tuuman ilmat\u00e4ytteiset py\u00f6r\u00e4t, jousiiskunvaimentimet ja luistamaton alusta varmistavat ajomukavuuden ja turvallisuuden. 7 kertaa enemm\u00e4n mukavuutta ja turvallisuutta.<\/p>\n<p><img decoding=\"async\" title=\"\" src=\"https:\/\/mobiway.pl\/img\/cms\/x7lite\/z6.jpg\" alt=\"\" \/><\/p>\n<h3>S\u00e4ilyt\u00e4 skootterin t\u00e4ysi hallinta<\/h3>\n<p>V\u00e4rillinen LCD-n\u00e4ytt\u00f6 antaa p\u00e4\u00e4syn kaikkiin t\u00e4rkeimpiin parametreihin, mukaan lukien: akun varaustaso, nykyinen nopeus, mittarilukema ja vaihteiden s\u00e4\u00e4t\u00f6.<\/p>\n<p>Lis\u00e4ksi n\u00e4yt\u00f6ss\u00e4 on monia vaihtoehtoja parametrien, kuten kiihtyvyyden, maksiminopeuden tai vakionopeudens\u00e4\u00e4timen, s\u00e4\u00e4t\u00e4miseen.<\/p>\n<p><img decoding=\"async\" title=\"\" src=\"https:\/\/mobiway.pl\/img\/cms\/x8\/x5.jpg\" alt=\"\" \/><\/p>\n<h3>Taita se yl\u00f6s ja vie se minne haluat<\/h3>\n<p>Techlife X7 on kokoontaitettava ohjauspy\u00f6r\u00e4, jonka ansiosta se on helppo ottaa mukaan mm. autosi takakonttiin.<\/p>\n<p><img decoding=\"async\" title=\"\" src=\"https:\/\/mobiway.pl\/img\/cms\/x7lite\/folding.jpg\" alt=\"\" \/><\/p>\n<h3>Nauti kyydist\u00e4 \u2013 vuorokaudenajasta riippumatta<\/h3>\n<p>Innovatiivinen LED-valaistus mukautuu radalle, joten voit matkustaa turvallisesti p\u00e4iv\u00e4ll\u00e4 tai y\u00f6ll\u00e4.<\/p>\n<p><img decoding=\"async\" title=\"\" src=\"https:\/\/mobiway.pl\/img\/cms\/x7lite\/z5.jpg\" alt=\"\" \/><\/p>\n<h3>Kaksoislevyjarrut<\/h3>\n<p>Kest\u00e4v\u00e4t kaksoislevyjarrut takaavat lyhyen jarrutusmatkan ja antavat turvallisuuden tunteen.<\/p>\n<p><img decoding=\"async\" title=\"\" src=\"https:\/\/mobiway.pl\/img\/cms\/x7lite\/z4.jpg\" alt=\"\" \/><\/p>\n<h3>Tiedot<\/h3>\n<p>moottorin teho: 1000 W (1600 W)<br \/>\nAkku tyyppi: Liitium-ioon 52V<br \/>\nAkun kapasiteetti: 18Ah 52V<br \/>\nLaturi: 58,8V 1,5A<br \/>\nRenkaan koko:10&#8243;<br \/>\nRungon materiaali: Alumiini<br \/>\nSuurin ajomatka: 60 km*<br \/>\nvesisuoja:IP44<br \/>\nSuurin kantavuus: 120 kg<br \/>\nPaino: 29,8 kg<br \/>\nN\u00e4ytt\u00f6: LCD<br \/>\nN\u00e4yt\u00f6n toiminnot: 20 funktsiooni<br \/>\nValaistus: LED<br \/>\nJarruvalot: Jah<br \/>\nMoottorityyppi: Harjadeta<br \/>\nTaitettava: Jah<br \/>\nOhjauspy\u00f6r\u00e4n s\u00e4\u00e4t\u00f6: EI<br \/>\nTakuu: 2 vuotta skootteri, 1 vuoden akku<br \/>\nLaitteen mitat auki taitettuna: 134x61x127cm<br \/>\nSuurin nopeus: 25\/50 km\/h<\/p>\n<p><strong>HUOM!<\/strong> Suosittelemme aina <a href=\"https:\/\/projekt.vombat.ee\/eco\/pood\/?product-cata=707\">kyp\u00e4r\u00e4n<\/a> k\u00e4ytt\u00f6\u00e4 s\u00e4hk\u00f6skootterilla ajettaessa. Alle 16-vuotiaiden ratsastajien kyp\u00e4r\u00e4n k\u00e4ytt\u00f6 s\u00e4hk\u00f6iskulla ajaessa on <a href=\"https:\/\/www.riigiteataja.ee\/akt\/113112020001\">lain<\/a> mukaan pakollista.<\/p>\n","protected":false},"excerpt":{"rendered":"<p><strong>TECHLIFE X7S S\u00c4HK\u00d6SKOOTTERI<\/strong><\/p>\n<p>&nbsp;<\/p>\n<ul>\n<li>Suurin ajomatka: 60 km<\/li>\n<li>Kantavuus: 120 kg<\/li>\n<li>Moottorin teho: 1000W x 2<\/li>\n<li>Suurin nopeus: 60 km\/h<\/li>\n<\/ul>\n<p>&nbsp;<\/p>\n<p><strong>\u2666 Toimitusaika 3-8 p\u00e4iv\u00e4\u00e4<\/strong><br \/>\n<strong>\u2666 Varastossa<\/strong><\/p>\n","protected":false},"featured_media":7765,"template":"","meta":[],"product_cat":[971,1298,975],"product_tag":[],"class_list":{"0":"post-7944","1":"product","2":"type-product","3":"status-publish","4":"has-post-thumbnail","6":"product_cat-sahkopotkulaudat","7":"product_cat-techlife","8":"product_cat-voimakas-sahkopotkulaudat","9":"product_shipping_class-suured-pakid","11":"first","12":"instock","13":"sale","14":"taxable","15":"shipping-taxable","16":"purchasable","17":"product-type-simple"},"yoast_head":"<!-- This site is optimized with the Yoast SEO plugin v23.8 - https:\/\/yoast.com\/wordpress\/plugins\/seo\/ -->\n<title>Techlife X7 S\u00e4hk\u00f6skootteri, 80 km - Ecocruiser<\/title>\n<meta name=\"description\" content=\"Techlife X7 elektriline t\u00f5ukeratas. Techlife X7 on vapustava 1000 W (max 1600 W) v\u00f5imsusega mootor. Koos kontrolleriga v\u00f5imaldab see s\u00f5ita kaldteel \u2013 kuni 15 kraadi, ilma kiirust kaotamata.\" \/>\n<meta name=\"robots\" content=\"noindex, follow, max-snippet:-1, max-image-preview:large, max-video-preview:-1\" \/>\n<meta property=\"og:locale\" content=\"en_GB\" \/>\n<meta property=\"og:type\" content=\"article\" \/>\n<meta property=\"og:title\" content=\"Techlife X7 S\u00e4hk\u00f6skootteri, 80 km - Ecocruiser\" \/>\n<meta property=\"og:description\" content=\"Techlife X7 elektriline t\u00f5ukeratas. Techlife X7 on vapustava 1000 W (max 1600 W) v\u00f5imsusega mootor. Koos kontrolleriga v\u00f5imaldab see s\u00f5ita kaldteel \u2013 kuni 15 kraadi, ilma kiirust kaotamata.\" \/>\n<meta property=\"og:url\" content=\"https:\/\/projekt.vombat.ee\/eco\/fi\/myym\u00e4l\u00e4\/tuotemerkit\/techlife\/techlife-x7-sahkoskootteri-80-km\/\" \/>\n<meta property=\"og:site_name\" content=\"Ecocruiser\" \/>\n<meta property=\"article:modified_time\" content=\"2023-03-30T20:33:48+00:00\" \/>\n<meta property=\"og:image\" content=\"https:\/\/projekt.vombat.ee\/eco\/wp-content\/uploads\/2023\/03\/2-17.webp\" \/>\n\t<meta property=\"og:image:width\" content=\"1350\" \/>\n\t<meta property=\"og:image:height\" content=\"759\" \/>\n\t<meta property=\"og:image:type\" content=\"image\/webp\" \/>\n<meta name=\"twitter:card\" content=\"summary_large_image\" \/>\n<meta name=\"twitter:label1\" content=\"Estimated reading time\" \/>\n\t<meta name=\"twitter:data1\" content=\"3 minutes\" \/>\n<script type=\"application\/ld+json\" class=\"yoast-schema-graph\">{\"@context\":\"https:\/\/schema.org\",\"@graph\":[{\"@type\":\"WebPage\",\"@id\":\"https:\/\/projekt.vombat.ee\/eco\/fi\/myym%C3%A4l%C3%A4\/tuotemerkit\/techlife\/techlife-x7-sahkoskootteri-80-km\/\",\"url\":\"https:\/\/projekt.vombat.ee\/eco\/fi\/myym%C3%A4l%C3%A4\/tuotemerkit\/techlife\/techlife-x7-sahkoskootteri-80-km\/\",\"name\":\"Techlife X7 S\u00e4hk\u00f6skootteri, 80 km - Ecocruiser\",\"isPartOf\":{\"@id\":\"https:\/\/projekt.vombat.ee\/eco\/#website\"},\"primaryImageOfPage\":{\"@id\":\"https:\/\/projekt.vombat.ee\/eco\/fi\/myym%C3%A4l%C3%A4\/tuotemerkit\/techlife\/techlife-x7-sahkoskootteri-80-km\/#primaryimage\"},\"image\":{\"@id\":\"https:\/\/projekt.vombat.ee\/eco\/fi\/myym%C3%A4l%C3%A4\/tuotemerkit\/techlife\/techlife-x7-sahkoskootteri-80-km\/#primaryimage\"},\"thumbnailUrl\":\"https:\/\/projekt.vombat.ee\/eco\/wp-content\/uploads\/2023\/03\/2-17.webp\",\"datePublished\":\"2023-03-30T20:33:47+00:00\",\"dateModified\":\"2023-03-30T20:33:48+00:00\",\"description\":\"Techlife X7 elektriline t\u00f5ukeratas. Techlife X7 on vapustava 1000 W (max 1600 W) v\u00f5imsusega mootor. Koos kontrolleriga v\u00f5imaldab see s\u00f5ita kaldteel \u2013 kuni 15 kraadi, ilma kiirust kaotamata.\",\"breadcrumb\":{\"@id\":\"https:\/\/projekt.vombat.ee\/eco\/fi\/myym%C3%A4l%C3%A4\/tuotemerkit\/techlife\/techlife-x7-sahkoskootteri-80-km\/#breadcrumb\"},\"inLanguage\":\"en-GB\",\"potentialAction\":[{\"@type\":\"ReadAction\",\"target\":[\"https:\/\/projekt.vombat.ee\/eco\/fi\/myym%C3%A4l%C3%A4\/tuotemerkit\/techlife\/techlife-x7-sahkoskootteri-80-km\/\"]}]},{\"@type\":\"ImageObject\",\"inLanguage\":\"en-GB\",\"@id\":\"https:\/\/projekt.vombat.ee\/eco\/fi\/myym%C3%A4l%C3%A4\/tuotemerkit\/techlife\/techlife-x7-sahkoskootteri-80-km\/#primaryimage\",\"url\":\"https:\/\/projekt.vombat.ee\/eco\/wp-content\/uploads\/2023\/03\/2-17.webp\",\"contentUrl\":\"https:\/\/projekt.vombat.ee\/eco\/wp-content\/uploads\/2023\/03\/2-17.webp\",\"width\":1350,\"height\":759,\"caption\":\"Techlife X7\"},{\"@type\":\"BreadcrumbList\",\"@id\":\"https:\/\/projekt.vombat.ee\/eco\/fi\/myym%C3%A4l%C3%A4\/tuotemerkit\/techlife\/techlife-x7-sahkoskootteri-80-km\/#breadcrumb\",\"itemListElement\":[{\"@type\":\"ListItem\",\"position\":1,\"name\":\"Home\",\"item\":\"https:\/\/projekt.vombat.ee\/eco\/\"},{\"@type\":\"ListItem\",\"position\":2,\"name\":\"Pood\",\"item\":\"https:\/\/projekt.vombat.ee\/eco\/pood\/\"},{\"@type\":\"ListItem\",\"position\":3,\"name\":\"Techlife X7 S\u00e4hk\u00f6skootteri, 80 km\"}]},{\"@type\":\"WebSite\",\"@id\":\"https:\/\/projekt.vombat.ee\/eco\/#website\",\"url\":\"https:\/\/projekt.vombat.ee\/eco\/\",\"name\":\"Ecocruiser\",\"description\":\"\",\"publisher\":{\"@id\":\"https:\/\/projekt.vombat.ee\/eco\/#organization\"},\"potentialAction\":[{\"@type\":\"SearchAction\",\"target\":{\"@type\":\"EntryPoint\",\"urlTemplate\":\"https:\/\/projekt.vombat.ee\/eco\/?s={search_term_string}\"},\"query-input\":{\"@type\":\"PropertyValueSpecification\",\"valueRequired\":true,\"valueName\":\"search_term_string\"}}],\"inLanguage\":\"en-GB\"},{\"@type\":\"Organization\",\"@id\":\"https:\/\/projekt.vombat.ee\/eco\/#organization\",\"name\":\"Ecocruiser\",\"url\":\"https:\/\/projekt.vombat.ee\/eco\/\",\"logo\":{\"@type\":\"ImageObject\",\"inLanguage\":\"en-GB\",\"@id\":\"https:\/\/projekt.vombat.ee\/eco\/#\/schema\/logo\/image\/\",\"url\":\"https:\/\/projekt.vombat.ee\/eco\/wp-content\/uploads\/2023\/03\/ECOCRUISER_5.png\",\"contentUrl\":\"https:\/\/projekt.vombat.ee\/eco\/wp-content\/uploads\/2023\/03\/ECOCRUISER_5.png\",\"width\":234,\"height\":91,\"caption\":\"Ecocruiser\"},\"image\":{\"@id\":\"https:\/\/projekt.vombat.ee\/eco\/#\/schema\/logo\/image\/\"}}]}<\/script>\n<!-- \/ Yoast SEO plugin. -->","yoast_head_json":{"title":"Techlife X7 S\u00e4hk\u00f6skootteri, 80 km - Ecocruiser","description":"Techlife X7 elektriline t\u00f5ukeratas. Techlife X7 on vapustava 1000 W (max 1600 W) v\u00f5imsusega mootor. Koos kontrolleriga v\u00f5imaldab see s\u00f5ita kaldteel \u2013 kuni 15 kraadi, ilma kiirust kaotamata.","robots":{"index":"noindex","follow":"follow","max-snippet":"max-snippet:-1","max-image-preview":"max-image-preview:large","max-video-preview":"max-video-preview:-1"},"og_locale":"en_GB","og_type":"article","og_title":"Techlife X7 S\u00e4hk\u00f6skootteri, 80 km - Ecocruiser","og_description":"Techlife X7 elektriline t\u00f5ukeratas. Techlife X7 on vapustava 1000 W (max 1600 W) v\u00f5imsusega mootor. Koos kontrolleriga v\u00f5imaldab see s\u00f5ita kaldteel \u2013 kuni 15 kraadi, ilma kiirust kaotamata.","og_url":"https:\/\/projekt.vombat.ee\/eco\/fi\/myym\u00e4l\u00e4\/tuotemerkit\/techlife\/techlife-x7-sahkoskootteri-80-km\/","og_site_name":"Ecocruiser","article_modified_time":"2023-03-30T20:33:48+00:00","og_image":[{"width":1350,"height":759,"url":"https:\/\/projekt.vombat.ee\/eco\/wp-content\/uploads\/2023\/03\/2-17.webp","type":"image\/webp"}],"twitter_card":"summary_large_image","twitter_misc":{"Estimated reading time":"3 minutes"},"schema":{"@context":"https:\/\/schema.org","@graph":[{"@type":"WebPage","@id":"https:\/\/projekt.vombat.ee\/eco\/fi\/myym%C3%A4l%C3%A4\/tuotemerkit\/techlife\/techlife-x7-sahkoskootteri-80-km\/","url":"https:\/\/projekt.vombat.ee\/eco\/fi\/myym%C3%A4l%C3%A4\/tuotemerkit\/techlife\/techlife-x7-sahkoskootteri-80-km\/","name":"Techlife X7 S\u00e4hk\u00f6skootteri, 80 km - Ecocruiser","isPartOf":{"@id":"https:\/\/projekt.vombat.ee\/eco\/#website"},"primaryImageOfPage":{"@id":"https:\/\/projekt.vombat.ee\/eco\/fi\/myym%C3%A4l%C3%A4\/tuotemerkit\/techlife\/techlife-x7-sahkoskootteri-80-km\/#primaryimage"},"image":{"@id":"https:\/\/projekt.vombat.ee\/eco\/fi\/myym%C3%A4l%C3%A4\/tuotemerkit\/techlife\/techlife-x7-sahkoskootteri-80-km\/#primaryimage"},"thumbnailUrl":"https:\/\/projekt.vombat.ee\/eco\/wp-content\/uploads\/2023\/03\/2-17.webp","datePublished":"2023-03-30T20:33:47+00:00","dateModified":"2023-03-30T20:33:48+00:00","description":"Techlife X7 elektriline t\u00f5ukeratas. Techlife X7 on vapustava 1000 W (max 1600 W) v\u00f5imsusega mootor. Koos kontrolleriga v\u00f5imaldab see s\u00f5ita kaldteel \u2013 kuni 15 kraadi, ilma kiirust kaotamata.","breadcrumb":{"@id":"https:\/\/projekt.vombat.ee\/eco\/fi\/myym%C3%A4l%C3%A4\/tuotemerkit\/techlife\/techlife-x7-sahkoskootteri-80-km\/#breadcrumb"},"inLanguage":"en-GB","potentialAction":[{"@type":"ReadAction","target":["https:\/\/projekt.vombat.ee\/eco\/fi\/myym%C3%A4l%C3%A4\/tuotemerkit\/techlife\/techlife-x7-sahkoskootteri-80-km\/"]}]},{"@type":"ImageObject","inLanguage":"en-GB","@id":"https:\/\/projekt.vombat.ee\/eco\/fi\/myym%C3%A4l%C3%A4\/tuotemerkit\/techlife\/techlife-x7-sahkoskootteri-80-km\/#primaryimage","url":"https:\/\/projekt.vombat.ee\/eco\/wp-content\/uploads\/2023\/03\/2-17.webp","contentUrl":"https:\/\/projekt.vombat.ee\/eco\/wp-content\/uploads\/2023\/03\/2-17.webp","width":1350,"height":759,"caption":"Techlife X7"},{"@type":"BreadcrumbList","@id":"https:\/\/projekt.vombat.ee\/eco\/fi\/myym%C3%A4l%C3%A4\/tuotemerkit\/techlife\/techlife-x7-sahkoskootteri-80-km\/#breadcrumb","itemListElement":[{"@type":"ListItem","position":1,"name":"Home","item":"https:\/\/projekt.vombat.ee\/eco\/"},{"@type":"ListItem","position":2,"name":"Pood","item":"https:\/\/projekt.vombat.ee\/eco\/pood\/"},{"@type":"ListItem","position":3,"name":"Techlife X7 S\u00e4hk\u00f6skootteri, 80 km"}]},{"@type":"WebSite","@id":"https:\/\/projekt.vombat.ee\/eco\/#website","url":"https:\/\/projekt.vombat.ee\/eco\/","name":"Ecocruiser","description":"","publisher":{"@id":"https:\/\/projekt.vombat.ee\/eco\/#organization"},"potentialAction":[{"@type":"SearchAction","target":{"@type":"EntryPoint","urlTemplate":"https:\/\/projekt.vombat.ee\/eco\/?s={search_term_string}"},"query-input":{"@type":"PropertyValueSpecification","valueRequired":true,"valueName":"search_term_string"}}],"inLanguage":"en-GB"},{"@type":"Organization","@id":"https:\/\/projekt.vombat.ee\/eco\/#organization","name":"Ecocruiser","url":"https:\/\/projekt.vombat.ee\/eco\/","logo":{"@type":"ImageObject","inLanguage":"en-GB","@id":"https:\/\/projekt.vombat.ee\/eco\/#\/schema\/logo\/image\/","url":"https:\/\/projekt.vombat.ee\/eco\/wp-content\/uploads\/2023\/03\/ECOCRUISER_5.png","contentUrl":"https:\/\/projekt.vombat.ee\/eco\/wp-content\/uploads\/2023\/03\/ECOCRUISER_5.png","width":234,"height":91,"caption":"Ecocruiser"},"image":{"@id":"https:\/\/projekt.vombat.ee\/eco\/#\/schema\/logo\/image\/"}}]}},"lang":"fi","translations":{"fi":7944,"ru":6790,"et":6060},"pll_sync_post":[],"_links":{"self":[{"href":"https:\/\/projekt.vombat.ee\/eco\/wp-json\/wp\/v2\/product\/7944"}],"collection":[{"href":"https:\/\/projekt.vombat.ee\/eco\/wp-json\/wp\/v2\/product"}],"about":[{"href":"https:\/\/projekt.vombat.ee\/eco\/wp-json\/wp\/v2\/types\/product"}],"version-history":[{"count":1,"href":"https:\/\/projekt.vombat.ee\/eco\/wp-json\/wp\/v2\/product\/7944\/revisions"}],"predecessor-version":[{"id":7953,"href":"https:\/\/projekt.vombat.ee\/eco\/wp-json\/wp\/v2\/product\/7944\/revisions\/7953"}],"wp:featuredmedia":[{"embeddable":true,"href":"https:\/\/projekt.vombat.ee\/eco\/wp-json\/wp\/v2\/media\/7765"}],"wp:attachment":[{"href":"https:\/\/projekt.vombat.ee\/eco\/wp-json\/wp\/v2\/media?parent=7944"}],"wp:term":[{"taxonomy":"product_cat","embeddable":true,"href":"https:\/\/projekt.vombat.ee\/eco\/wp-json\/wp\/v2\/product_cat?post=7944"},{"taxonomy":"product_tag","embeddable":true,"href":"https:\/\/projekt.vombat.ee\/eco\/wp-json\/wp\/v2\/product_tag?post=7944"}],"curies":[{"name":"wp","href":"https:\/\/api.w.org\/{rel}","templated":true}]}}