{"id":7942,"date":"2023-03-30T19:35:16","date_gmt":"2023-03-30T19:35:16","guid":{"rendered":"https:\/\/projekt.vombat.ee\/eco\/?post_type=product&#038;p=7942"},"modified":"2024-01-12T19:26:12","modified_gmt":"2024-01-12T19:26:12","slug":"joyor-y10-sahkoskootteri-100km","status":"publish","type":"product","link":"https:\/\/projekt.vombat.ee\/eco\/fi\/myym%C3%A4l%C3%A4\/tuotemerkit\/joyor\/joyor-y10-sahkoskootteri-100km\/","title":{"rendered":"Joyor Y10 S\u00e4hk\u00f6skootteri, 100km"},"content":{"rendered":"<h1>Joyor Y10 S\u00e4hk\u00f6skootteri<\/h1>\n<div class=\"swiper-slide swiper-slide-duplicate swiper-slide-prev swiper-slide-duplicate-next\" data-swiper-slide-index=\"1\">\n<figure class=\"swiper-slide-inner\"><img decoding=\"async\" class=\"swiper-slide-image ls-is-cached lazyloaded\" src=\"https:\/\/joyorscooter.com\/wp-content\/uploads\/2021\/03\/patinete-electrico-joyor-electric-scooter-y5s-3-8.jpg\" alt=\"Joyor electric scooter Spain patinete electrico Joyor Espa\u00f1a Y5S 3-8\" data-src=\"https:\/\/joyorscooter.com\/wp-content\/uploads\/2021\/03\/patinete-electrico-joyor-electric-scooter-y5s-3-8.jpg\" \/><\/figure>\n<\/div>\n<div class=\"swiper-slide swiper-slide-active\" data-swiper-slide-index=\"0\"><\/div>\n<div class=\"swiper-slide swiper-slide-next swiper-slide-duplicate-prev\" data-swiper-slide-index=\"1\"><\/div>\n<h3>Ajoet\u00e4isyys<\/h3>\n<p>Joyor Electric Scooter Y10:ss\u00e4 on levyjarru edess\u00e4, levyjarru takana ja kaksinkertainen etujousitus. Moottorin teho on 500 W ja sen toimintas\u00e4de on markkinoiden suurin, 80-100 km yhdell\u00e4 latauksella. Y10:ss\u00e4 on etu- ja takavalot sek\u00e4 etu- ja takavilkut sivuilla. T\u00e4m\u00e4 s\u00e4hk\u00f6skootteri saavuttaa 25 km\/h nopeuden<\/p>\n<p>Joyor Y10 on suunniteltu turvallisimmaksi ja tehokkaimmaksi s\u00e4hk\u00f6skootteriksi, jolla on mahdollisimman pitk\u00e4 kantama.<\/p>\n<h3>Turvallisuus<\/h3>\n<p>Edistyksellinen, turvallisuuteen keskittyv\u00e4 muotoilu, varustettu etu- ja takalevyjarruilla ja suuntavilkuilla.<\/p>\n<h3>Jousitus<\/h3>\n<p>Mukava ja vakaa etu- ja kaksoistakajousituksen sek\u00e4 10 tuuman renkaiden ansiosta. T\u00e4ydellinen pitkille ajoille.<\/p>\n<p>&nbsp;<\/p>\n<h3>Tiedot<\/h3>\n<p>Teho: 500W<br \/>\nVakiokantavuus: 120 kg<br \/>\nMateriaali: Magnesiumseos<br \/>\nNopeus: 25 km\/h (rajoitettu)<br \/>\nMitat taitettuna: 1150x210x430mm<br \/>\nPaino: 23 kg<br \/>\nEt\u00e4isyys: 80-100km<br \/>\nJarrut: 2 jarrua, levyjarru edess\u00e4 ja levyjarru takana<br \/>\nRisteilytoiminto: Kyll\u00e4<br \/>\nJ\u00e4nnite: 60V<br \/>\nAkku: 26,0 Ah<br \/>\nV\u00e4ri Valkoinen<br \/>\nAkku: Litiumioni<br \/>\nRengaskoko: 10&#8243; ilmarenkaat<br \/>\nN\u00e4ytt\u00f6: v\u00e4rillinen LCD-n\u00e4ytt\u00f6<\/p>\n<div class=\"youtube responsive-embed wp-embed\"><iframe title=\"Joyor Electric Scooter - Y Series\" width=\"1778\" height=\"1000\" src=\"https:\/\/www.youtube.com\/embed\/QwpkFGMhIRM?feature=oembed&#038;enablejsapi=1&#038;rel=0&#038;showinfo=0&#038;color=white\" frameborder=\"0\" allow=\"accelerometer; autoplay; clipboard-write; encrypted-media; gyroscope; picture-in-picture; web-share\" allowfullscreen><\/iframe><\/div>\n<p>&nbsp;<\/p>\n<p><strong>HUOM!<\/strong> Suosittelemme aina <a href=\"https:\/\/projekt.vombat.ee\/eco\/pood\/?product-cata=707\">kyp\u00e4r\u00e4n<\/a> k\u00e4ytt\u00f6\u00e4 s\u00e4hk\u00f6skootterilla ajettaessa. Alle 16-vuotiaiden ratsastajien kyp\u00e4r\u00e4n k\u00e4ytt\u00f6 s\u00e4hk\u00f6iskulla ajaessa on <a href=\"https:\/\/www.riigiteataja.ee\/akt\/113112020001\">lain<\/a> mukaan pakollista.<\/p>\n","protected":false},"excerpt":{"rendered":"<p><strong>JOYOR Y10 S\u00c4HK\u00d6SKOOTTERI<\/strong><\/p>\n<p>&nbsp;<\/p>\n<ul>\n<li>Suurin ajomatka: 80-100 km<\/li>\n<li>Kantavuus: 120 kg<\/li>\n<li>Moottorin teho: 500W<\/li>\n<li>Suurin nopeus: 25 km\/h<\/li>\n<\/ul>\n<p>&nbsp;<\/p>\n<p><strong>\u2666 Toimitusaika 3-8 p\u00e4iv\u00e4\u00e4<\/strong><br \/>\n<strong>\u2666 Varastossa<\/strong><\/p>\n","protected":false},"featured_media":7840,"template":"","meta":[],"product_cat":[1300,973,971],"product_tag":[],"class_list":{"0":"post-7942","1":"product","2":"type-product","3":"status-publish","4":"has-post-thumbnail","6":"product_cat-joyor","7":"product_cat-kaupungin-sahkopotkulaudat","8":"product_cat-sahkopotkulaudat","9":"product_shipping_class-suured-pakid","11":"first","12":"instock","13":"sale","14":"taxable","15":"shipping-taxable","16":"purchasable","17":"product-type-simple"},"yoast_head":"<!-- This site is optimized with the Yoast SEO plugin v23.8 - https:\/\/yoast.com\/wordpress\/plugins\/seo\/ -->\n<title>Joyor Y10 S\u00e4hk\u00f6skootteri, 100km - Ecocruiser<\/title>\n<meta name=\"description\" content=\"Joyor Y10 S\u00e4hk\u00f6skootteri, 100km - Kvaliteetsed br\u00e4ndid, lai valik - Ecocruiser.ee - K\u00fcsimuste korral v\u00f5ta \u00fchendust info@projekt.vombat.ee\" \/>\n<meta name=\"robots\" content=\"noindex, follow, max-snippet:-1, max-image-preview:large, max-video-preview:-1\" \/>\n<meta property=\"og:locale\" content=\"en_GB\" \/>\n<meta property=\"og:type\" content=\"article\" \/>\n<meta property=\"og:title\" content=\"Joyor Y10 S\u00e4hk\u00f6skootteri, 100km - Ecocruiser\" \/>\n<meta property=\"og:description\" content=\"Joyor Y10 S\u00e4hk\u00f6skootteri, 100km - Kvaliteetsed br\u00e4ndid, lai valik - Ecocruiser.ee - K\u00fcsimuste korral v\u00f5ta \u00fchendust info@projekt.vombat.ee\" \/>\n<meta property=\"og:url\" content=\"https:\/\/projekt.vombat.ee\/eco\/fi\/myym\u00e4l\u00e4\/tuotemerkit\/joyor\/joyor-y10-sahkoskootteri-100km\/\" \/>\n<meta property=\"og:site_name\" content=\"Ecocruiser\" \/>\n<meta property=\"article:modified_time\" content=\"2024-01-12T19:26:12+00:00\" \/>\n<meta property=\"og:image\" content=\"https:\/\/projekt.vombat.ee\/eco\/wp-content\/uploads\/2023\/03\/1-2.jpg\" \/>\n\t<meta property=\"og:image:width\" content=\"2000\" \/>\n\t<meta property=\"og:image:height\" content=\"2000\" \/>\n\t<meta property=\"og:image:type\" content=\"image\/jpeg\" \/>\n<meta name=\"twitter:card\" content=\"summary_large_image\" \/>\n<meta name=\"twitter:label1\" content=\"Estimated reading time\" \/>\n\t<meta name=\"twitter:data1\" content=\"2 minutes\" \/>\n<script type=\"application\/ld+json\" class=\"yoast-schema-graph\">{\"@context\":\"https:\/\/schema.org\",\"@graph\":[{\"@type\":\"WebPage\",\"@id\":\"https:\/\/projekt.vombat.ee\/eco\/fi\/myym%C3%A4l%C3%A4\/tuotemerkit\/joyor\/joyor-y10-sahkoskootteri-100km\/\",\"url\":\"https:\/\/projekt.vombat.ee\/eco\/fi\/myym%C3%A4l%C3%A4\/tuotemerkit\/joyor\/joyor-y10-sahkoskootteri-100km\/\",\"name\":\"Joyor Y10 S\u00e4hk\u00f6skootteri, 100km - Ecocruiser\",\"isPartOf\":{\"@id\":\"https:\/\/projekt.vombat.ee\/eco\/#website\"},\"primaryImageOfPage\":{\"@id\":\"https:\/\/projekt.vombat.ee\/eco\/fi\/myym%C3%A4l%C3%A4\/tuotemerkit\/joyor\/joyor-y10-sahkoskootteri-100km\/#primaryimage\"},\"image\":{\"@id\":\"https:\/\/projekt.vombat.ee\/eco\/fi\/myym%C3%A4l%C3%A4\/tuotemerkit\/joyor\/joyor-y10-sahkoskootteri-100km\/#primaryimage\"},\"thumbnailUrl\":\"https:\/\/projekt.vombat.ee\/eco\/wp-content\/uploads\/2023\/03\/1-2.jpg\",\"datePublished\":\"2023-03-30T19:35:16+00:00\",\"dateModified\":\"2024-01-12T19:26:12+00:00\",\"description\":\"Joyor Y10 S\u00e4hk\u00f6skootteri, 100km - Kvaliteetsed br\u00e4ndid, lai valik - Ecocruiser.ee - K\u00fcsimuste korral v\u00f5ta \u00fchendust info@projekt.vombat.ee\",\"breadcrumb\":{\"@id\":\"https:\/\/projekt.vombat.ee\/eco\/fi\/myym%C3%A4l%C3%A4\/tuotemerkit\/joyor\/joyor-y10-sahkoskootteri-100km\/#breadcrumb\"},\"inLanguage\":\"en-GB\",\"potentialAction\":[{\"@type\":\"ReadAction\",\"target\":[\"https:\/\/projekt.vombat.ee\/eco\/fi\/myym%C3%A4l%C3%A4\/tuotemerkit\/joyor\/joyor-y10-sahkoskootteri-100km\/\"]}]},{\"@type\":\"ImageObject\",\"inLanguage\":\"en-GB\",\"@id\":\"https:\/\/projekt.vombat.ee\/eco\/fi\/myym%C3%A4l%C3%A4\/tuotemerkit\/joyor\/joyor-y10-sahkoskootteri-100km\/#primaryimage\",\"url\":\"https:\/\/projekt.vombat.ee\/eco\/wp-content\/uploads\/2023\/03\/1-2.jpg\",\"contentUrl\":\"https:\/\/projekt.vombat.ee\/eco\/wp-content\/uploads\/2023\/03\/1-2.jpg\",\"width\":2000,\"height\":2000,\"caption\":\"Joyor Y10\"},{\"@type\":\"BreadcrumbList\",\"@id\":\"https:\/\/projekt.vombat.ee\/eco\/fi\/myym%C3%A4l%C3%A4\/tuotemerkit\/joyor\/joyor-y10-sahkoskootteri-100km\/#breadcrumb\",\"itemListElement\":[{\"@type\":\"ListItem\",\"position\":1,\"name\":\"Home\",\"item\":\"https:\/\/projekt.vombat.ee\/eco\/\"},{\"@type\":\"ListItem\",\"position\":2,\"name\":\"Pood\",\"item\":\"https:\/\/projekt.vombat.ee\/eco\/pood\/\"},{\"@type\":\"ListItem\",\"position\":3,\"name\":\"Joyor Y10 S\u00e4hk\u00f6skootteri, 100km\"}]},{\"@type\":\"WebSite\",\"@id\":\"https:\/\/projekt.vombat.ee\/eco\/#website\",\"url\":\"https:\/\/projekt.vombat.ee\/eco\/\",\"name\":\"Ecocruiser\",\"description\":\"\",\"publisher\":{\"@id\":\"https:\/\/projekt.vombat.ee\/eco\/#organization\"},\"potentialAction\":[{\"@type\":\"SearchAction\",\"target\":{\"@type\":\"EntryPoint\",\"urlTemplate\":\"https:\/\/projekt.vombat.ee\/eco\/?s={search_term_string}\"},\"query-input\":{\"@type\":\"PropertyValueSpecification\",\"valueRequired\":true,\"valueName\":\"search_term_string\"}}],\"inLanguage\":\"en-GB\"},{\"@type\":\"Organization\",\"@id\":\"https:\/\/projekt.vombat.ee\/eco\/#organization\",\"name\":\"Ecocruiser\",\"url\":\"https:\/\/projekt.vombat.ee\/eco\/\",\"logo\":{\"@type\":\"ImageObject\",\"inLanguage\":\"en-GB\",\"@id\":\"https:\/\/projekt.vombat.ee\/eco\/#\/schema\/logo\/image\/\",\"url\":\"https:\/\/projekt.vombat.ee\/eco\/wp-content\/uploads\/2023\/03\/ECOCRUISER_5.png\",\"contentUrl\":\"https:\/\/projekt.vombat.ee\/eco\/wp-content\/uploads\/2023\/03\/ECOCRUISER_5.png\",\"width\":234,\"height\":91,\"caption\":\"Ecocruiser\"},\"image\":{\"@id\":\"https:\/\/projekt.vombat.ee\/eco\/#\/schema\/logo\/image\/\"}}]}<\/script>\n<!-- \/ Yoast SEO plugin. -->","yoast_head_json":{"title":"Joyor Y10 S\u00e4hk\u00f6skootteri, 100km - Ecocruiser","description":"Joyor Y10 S\u00e4hk\u00f6skootteri, 100km - Kvaliteetsed br\u00e4ndid, lai valik - Ecocruiser.ee - K\u00fcsimuste korral v\u00f5ta \u00fchendust info@projekt.vombat.ee","robots":{"index":"noindex","follow":"follow","max-snippet":"max-snippet:-1","max-image-preview":"max-image-preview:large","max-video-preview":"max-video-preview:-1"},"og_locale":"en_GB","og_type":"article","og_title":"Joyor Y10 S\u00e4hk\u00f6skootteri, 100km - Ecocruiser","og_description":"Joyor Y10 S\u00e4hk\u00f6skootteri, 100km - Kvaliteetsed br\u00e4ndid, lai valik - Ecocruiser.ee - K\u00fcsimuste korral v\u00f5ta \u00fchendust info@projekt.vombat.ee","og_url":"https:\/\/projekt.vombat.ee\/eco\/fi\/myym\u00e4l\u00e4\/tuotemerkit\/joyor\/joyor-y10-sahkoskootteri-100km\/","og_site_name":"Ecocruiser","article_modified_time":"2024-01-12T19:26:12+00:00","og_image":[{"width":2000,"height":2000,"url":"https:\/\/projekt.vombat.ee\/eco\/wp-content\/uploads\/2023\/03\/1-2.jpg","type":"image\/jpeg"}],"twitter_card":"summary_large_image","twitter_misc":{"Estimated reading time":"2 minutes"},"schema":{"@context":"https:\/\/schema.org","@graph":[{"@type":"WebPage","@id":"https:\/\/projekt.vombat.ee\/eco\/fi\/myym%C3%A4l%C3%A4\/tuotemerkit\/joyor\/joyor-y10-sahkoskootteri-100km\/","url":"https:\/\/projekt.vombat.ee\/eco\/fi\/myym%C3%A4l%C3%A4\/tuotemerkit\/joyor\/joyor-y10-sahkoskootteri-100km\/","name":"Joyor Y10 S\u00e4hk\u00f6skootteri, 100km - Ecocruiser","isPartOf":{"@id":"https:\/\/projekt.vombat.ee\/eco\/#website"},"primaryImageOfPage":{"@id":"https:\/\/projekt.vombat.ee\/eco\/fi\/myym%C3%A4l%C3%A4\/tuotemerkit\/joyor\/joyor-y10-sahkoskootteri-100km\/#primaryimage"},"image":{"@id":"https:\/\/projekt.vombat.ee\/eco\/fi\/myym%C3%A4l%C3%A4\/tuotemerkit\/joyor\/joyor-y10-sahkoskootteri-100km\/#primaryimage"},"thumbnailUrl":"https:\/\/projekt.vombat.ee\/eco\/wp-content\/uploads\/2023\/03\/1-2.jpg","datePublished":"2023-03-30T19:35:16+00:00","dateModified":"2024-01-12T19:26:12+00:00","description":"Joyor Y10 S\u00e4hk\u00f6skootteri, 100km - Kvaliteetsed br\u00e4ndid, lai valik - Ecocruiser.ee - K\u00fcsimuste korral v\u00f5ta \u00fchendust info@projekt.vombat.ee","breadcrumb":{"@id":"https:\/\/projekt.vombat.ee\/eco\/fi\/myym%C3%A4l%C3%A4\/tuotemerkit\/joyor\/joyor-y10-sahkoskootteri-100km\/#breadcrumb"},"inLanguage":"en-GB","potentialAction":[{"@type":"ReadAction","target":["https:\/\/projekt.vombat.ee\/eco\/fi\/myym%C3%A4l%C3%A4\/tuotemerkit\/joyor\/joyor-y10-sahkoskootteri-100km\/"]}]},{"@type":"ImageObject","inLanguage":"en-GB","@id":"https:\/\/projekt.vombat.ee\/eco\/fi\/myym%C3%A4l%C3%A4\/tuotemerkit\/joyor\/joyor-y10-sahkoskootteri-100km\/#primaryimage","url":"https:\/\/projekt.vombat.ee\/eco\/wp-content\/uploads\/2023\/03\/1-2.jpg","contentUrl":"https:\/\/projekt.vombat.ee\/eco\/wp-content\/uploads\/2023\/03\/1-2.jpg","width":2000,"height":2000,"caption":"Joyor Y10"},{"@type":"BreadcrumbList","@id":"https:\/\/projekt.vombat.ee\/eco\/fi\/myym%C3%A4l%C3%A4\/tuotemerkit\/joyor\/joyor-y10-sahkoskootteri-100km\/#breadcrumb","itemListElement":[{"@type":"ListItem","position":1,"name":"Home","item":"https:\/\/projekt.vombat.ee\/eco\/"},{"@type":"ListItem","position":2,"name":"Pood","item":"https:\/\/projekt.vombat.ee\/eco\/pood\/"},{"@type":"ListItem","position":3,"name":"Joyor Y10 S\u00e4hk\u00f6skootteri, 100km"}]},{"@type":"WebSite","@id":"https:\/\/projekt.vombat.ee\/eco\/#website","url":"https:\/\/projekt.vombat.ee\/eco\/","name":"Ecocruiser","description":"","publisher":{"@id":"https:\/\/projekt.vombat.ee\/eco\/#organization"},"potentialAction":[{"@type":"SearchAction","target":{"@type":"EntryPoint","urlTemplate":"https:\/\/projekt.vombat.ee\/eco\/?s={search_term_string}"},"query-input":{"@type":"PropertyValueSpecification","valueRequired":true,"valueName":"search_term_string"}}],"inLanguage":"en-GB"},{"@type":"Organization","@id":"https:\/\/projekt.vombat.ee\/eco\/#organization","name":"Ecocruiser","url":"https:\/\/projekt.vombat.ee\/eco\/","logo":{"@type":"ImageObject","inLanguage":"en-GB","@id":"https:\/\/projekt.vombat.ee\/eco\/#\/schema\/logo\/image\/","url":"https:\/\/projekt.vombat.ee\/eco\/wp-content\/uploads\/2023\/03\/ECOCRUISER_5.png","contentUrl":"https:\/\/projekt.vombat.ee\/eco\/wp-content\/uploads\/2023\/03\/ECOCRUISER_5.png","width":234,"height":91,"caption":"Ecocruiser"},"image":{"@id":"https:\/\/projekt.vombat.ee\/eco\/#\/schema\/logo\/image\/"}}]}},"lang":"fi","translations":{"fi":7942,"et":6073},"pll_sync_post":[],"_links":{"self":[{"href":"https:\/\/projekt.vombat.ee\/eco\/wp-json\/wp\/v2\/product\/7942"}],"collection":[{"href":"https:\/\/projekt.vombat.ee\/eco\/wp-json\/wp\/v2\/product"}],"about":[{"href":"https:\/\/projekt.vombat.ee\/eco\/wp-json\/wp\/v2\/types\/product"}],"version-history":[{"count":1,"href":"https:\/\/projekt.vombat.ee\/eco\/wp-json\/wp\/v2\/product\/7942\/revisions"}],"predecessor-version":[{"id":7950,"href":"https:\/\/projekt.vombat.ee\/eco\/wp-json\/wp\/v2\/product\/7942\/revisions\/7950"}],"wp:featuredmedia":[{"embeddable":true,"href":"https:\/\/projekt.vombat.ee\/eco\/wp-json\/wp\/v2\/media\/7840"}],"wp:attachment":[{"href":"https:\/\/projekt.vombat.ee\/eco\/wp-json\/wp\/v2\/media?parent=7942"}],"wp:term":[{"taxonomy":"product_cat","embeddable":true,"href":"https:\/\/projekt.vombat.ee\/eco\/wp-json\/wp\/v2\/product_cat?post=7942"},{"taxonomy":"product_tag","embeddable":true,"href":"https:\/\/projekt.vombat.ee\/eco\/wp-json\/wp\/v2\/product_tag?post=7942"}],"curies":[{"name":"wp","href":"https:\/\/api.w.org\/{rel}","templated":true}]}}