{"id":7903,"date":"2023-03-30T12:52:50","date_gmt":"2023-03-30T12:52:50","guid":{"rendered":"https:\/\/projekt.vombat.ee\/eco\/?post_type=product&#038;p=7903"},"modified":"2024-05-02T16:38:26","modified_gmt":"2024-05-02T16:38:26","slug":"eleglide-t1-100km","status":"publish","type":"product","link":"https:\/\/projekt.vombat.ee\/eco\/ru\/pood\/%d1%8d%d0%bb%d0%b5%d0%ba%d1%82%d1%80%d0%b8%d1%87%d0%b5%d1%81%d0%ba%d0%b8%d0%b5-%d0%b2%d0%b5%d0%bb%d0%be%d1%81%d0%b8%d0%bf%d0%b5%d0%b4%d1%8b\/%d0%b3%d0%be%d1%80%d0%be%d0%b4%d1%81%d0%ba%d0%b8%d0%b5-%d0%b2%d0%b5%d0%bb%d0%be%d1%81%d0%b8%d0%bf%d0%b5%d0%b4%d1%8b\/eleglide-t1-100km\/","title":{"rendered":"Eleglide T1, 100km"},"content":{"rendered":"","protected":false},"excerpt":{"rendered":"<p><strong>ELEGLIDE T1<\/strong><\/p>\n<p>&nbsp;<\/p>\n<ul>\n<li>\u0417\u0430\u043f\u0430\u0441 \u0445\u043e\u0434\u0430: \u0434\u043e 100 \u043a\u043c<\/li>\n<li>\u0410\u043a\u043a\u0443\u043c\u0443\u043b\u044f\u0442\u043e\u0440: 36 \u0412 12,5 \u0410\u0447<\/li>\n<li>\u0412\u0440\u0435\u043c\u044f \u0437\u0430\u0440\u044f\u0434\u043a\u0438: 4-6 \u0447\u0430\u0441\u043e\u0432<\/li>\n<li>\u0412\u0435\u0441: 26 \u043a\u0433<\/li>\n<li>\u041c\u043e\u0449\u043d\u043e\u0441\u0442\u044c: 250 \u0412\u0442<\/li>\n<\/ul>\n<p>&nbsp;<\/p>\n<p>\u2666 \u0421\u0440\u043e\u043a \u043f\u043e\u0441\u0442\u0430\u0432\u043a\u0438 3-8 \u0434\u043d\u0435\u0439.<br \/>\n\u2666 \u0412 \u043d\u0430\u043b\u0438\u0447\u0438\u0438<\/p>\n","protected":false},"featured_media":7904,"template":"","meta":[],"product_cat":[1247,1245,213],"product_tag":[],"class_list":{"0":"post-7903","1":"product","2":"type-product","3":"status-publish","4":"has-post-thumbnail","6":"product_cat-1247","7":"product_cat-1245","8":"product_cat-213","9":"product_shipping_class-suured-pakid","11":"first","12":"instock","13":"sale","14":"taxable","15":"shipping-taxable","16":"purchasable","17":"product-type-simple"},"yoast_head":"<!-- This site is optimized with the Yoast SEO plugin v23.8 - https:\/\/yoast.com\/wordpress\/plugins\/seo\/ -->\n<title>Eleglide T1, 100km - Ecocruiser<\/title>\n<meta name=\"description\" content=\"Eleglide T1, 100km - Kvaliteetsed br\u00e4ndid, lai valik - Ecocruiser.ee - K\u00fcsimuste korral v\u00f5ta \u00fchendust info@projekt.vombat.ee\" \/>\n<meta name=\"robots\" content=\"noindex, follow, max-snippet:-1, max-image-preview:large, max-video-preview:-1\" \/>\n<meta property=\"og:locale\" content=\"en_GB\" \/>\n<meta property=\"og:type\" content=\"article\" \/>\n<meta property=\"og:title\" content=\"Eleglide T1, 100km - Ecocruiser\" \/>\n<meta property=\"og:description\" content=\"Eleglide T1, 100km - Kvaliteetsed br\u00e4ndid, lai valik - Ecocruiser.ee - K\u00fcsimuste korral v\u00f5ta \u00fchendust info@projekt.vombat.ee\" \/>\n<meta property=\"og:url\" content=\"https:\/\/projekt.vombat.ee\/eco\/ru\/pood\/\u044d\u043b\u0435\u043a\u0442\u0440\u0438\u0447\u0435\u0441\u043a\u0438\u0435-\u0432\u0435\u043b\u043e\u0441\u0438\u043f\u0435\u0434\u044b\/\u0433\u043e\u0440\u043e\u0434\u0441\u043a\u0438\u0435-\u0432\u0435\u043b\u043e\u0441\u0438\u043f\u0435\u0434\u044b\/eleglide-t1-100km\/\" \/>\n<meta property=\"og:site_name\" content=\"Ecocruiser\" \/>\n<meta property=\"article:modified_time\" content=\"2024-05-02T16:38:26+00:00\" \/>\n<meta property=\"og:image\" content=\"https:\/\/projekt.vombat.ee\/eco\/wp-content\/uploads\/2023\/03\/Eleglide-T1.webp\" \/>\n\t<meta property=\"og:image:width\" content=\"1000\" \/>\n\t<meta property=\"og:image:height\" content=\"1000\" \/>\n\t<meta property=\"og:image:type\" content=\"image\/webp\" \/>\n<meta name=\"twitter:card\" content=\"summary_large_image\" \/>\n<script type=\"application\/ld+json\" class=\"yoast-schema-graph\">{\"@context\":\"https:\/\/schema.org\",\"@graph\":[{\"@type\":\"WebPage\",\"@id\":\"https:\/\/projekt.vombat.ee\/eco\/ru\/pood\/%d1%8d%d0%bb%d0%b5%d0%ba%d1%82%d1%80%d0%b8%d1%87%d0%b5%d1%81%d0%ba%d0%b8%d0%b5-%d0%b2%d0%b5%d0%bb%d0%be%d1%81%d0%b8%d0%bf%d0%b5%d0%b4%d1%8b\/%d0%b3%d0%be%d1%80%d0%be%d0%b4%d1%81%d0%ba%d0%b8%d0%b5-%d0%b2%d0%b5%d0%bb%d0%be%d1%81%d0%b8%d0%bf%d0%b5%d0%b4%d1%8b\/eleglide-t1-100km\/\",\"url\":\"https:\/\/projekt.vombat.ee\/eco\/ru\/pood\/%d1%8d%d0%bb%d0%b5%d0%ba%d1%82%d1%80%d0%b8%d1%87%d0%b5%d1%81%d0%ba%d0%b8%d0%b5-%d0%b2%d0%b5%d0%bb%d0%be%d1%81%d0%b8%d0%bf%d0%b5%d0%b4%d1%8b\/%d0%b3%d0%be%d1%80%d0%be%d0%b4%d1%81%d0%ba%d0%b8%d0%b5-%d0%b2%d0%b5%d0%bb%d0%be%d1%81%d0%b8%d0%bf%d0%b5%d0%b4%d1%8b\/eleglide-t1-100km\/\",\"name\":\"Eleglide T1, 100km - Ecocruiser\",\"isPartOf\":{\"@id\":\"https:\/\/projekt.vombat.ee\/eco\/#website\"},\"primaryImageOfPage\":{\"@id\":\"https:\/\/projekt.vombat.ee\/eco\/ru\/pood\/%d1%8d%d0%bb%d0%b5%d0%ba%d1%82%d1%80%d0%b8%d1%87%d0%b5%d1%81%d0%ba%d0%b8%d0%b5-%d0%b2%d0%b5%d0%bb%d0%be%d1%81%d0%b8%d0%bf%d0%b5%d0%b4%d1%8b\/%d0%b3%d0%be%d1%80%d0%be%d0%b4%d1%81%d0%ba%d0%b8%d0%b5-%d0%b2%d0%b5%d0%bb%d0%be%d1%81%d0%b8%d0%bf%d0%b5%d0%b4%d1%8b\/eleglide-t1-100km\/#primaryimage\"},\"image\":{\"@id\":\"https:\/\/projekt.vombat.ee\/eco\/ru\/pood\/%d1%8d%d0%bb%d0%b5%d0%ba%d1%82%d1%80%d0%b8%d1%87%d0%b5%d1%81%d0%ba%d0%b8%d0%b5-%d0%b2%d0%b5%d0%bb%d0%be%d1%81%d0%b8%d0%bf%d0%b5%d0%b4%d1%8b\/%d0%b3%d0%be%d1%80%d0%be%d0%b4%d1%81%d0%ba%d0%b8%d0%b5-%d0%b2%d0%b5%d0%bb%d0%be%d1%81%d0%b8%d0%bf%d0%b5%d0%b4%d1%8b\/eleglide-t1-100km\/#primaryimage\"},\"thumbnailUrl\":\"https:\/\/projekt.vombat.ee\/eco\/wp-content\/uploads\/2023\/03\/Eleglide-T1.webp\",\"datePublished\":\"2023-03-30T12:52:50+00:00\",\"dateModified\":\"2024-05-02T16:38:26+00:00\",\"description\":\"Eleglide T1, 100km - Kvaliteetsed br\u00e4ndid, lai valik - Ecocruiser.ee - K\u00fcsimuste korral v\u00f5ta \u00fchendust info@projekt.vombat.ee\",\"breadcrumb\":{\"@id\":\"https:\/\/projekt.vombat.ee\/eco\/ru\/pood\/%d1%8d%d0%bb%d0%b5%d0%ba%d1%82%d1%80%d0%b8%d1%87%d0%b5%d1%81%d0%ba%d0%b8%d0%b5-%d0%b2%d0%b5%d0%bb%d0%be%d1%81%d0%b8%d0%bf%d0%b5%d0%b4%d1%8b\/%d0%b3%d0%be%d1%80%d0%be%d0%b4%d1%81%d0%ba%d0%b8%d0%b5-%d0%b2%d0%b5%d0%bb%d0%be%d1%81%d0%b8%d0%bf%d0%b5%d0%b4%d1%8b\/eleglide-t1-100km\/#breadcrumb\"},\"inLanguage\":\"en-GB\",\"potentialAction\":[{\"@type\":\"ReadAction\",\"target\":[\"https:\/\/projekt.vombat.ee\/eco\/ru\/pood\/%d1%8d%d0%bb%d0%b5%d0%ba%d1%82%d1%80%d0%b8%d1%87%d0%b5%d1%81%d0%ba%d0%b8%d0%b5-%d0%b2%d0%b5%d0%bb%d0%be%d1%81%d0%b8%d0%bf%d0%b5%d0%b4%d1%8b\/%d0%b3%d0%be%d1%80%d0%be%d0%b4%d1%81%d0%ba%d0%b8%d0%b5-%d0%b2%d0%b5%d0%bb%d0%be%d1%81%d0%b8%d0%bf%d0%b5%d0%b4%d1%8b\/eleglide-t1-100km\/\"]}]},{\"@type\":\"ImageObject\",\"inLanguage\":\"en-GB\",\"@id\":\"https:\/\/projekt.vombat.ee\/eco\/ru\/pood\/%d1%8d%d0%bb%d0%b5%d0%ba%d1%82%d1%80%d0%b8%d1%87%d0%b5%d1%81%d0%ba%d0%b8%d0%b5-%d0%b2%d0%b5%d0%bb%d0%be%d1%81%d0%b8%d0%bf%d0%b5%d0%b4%d1%8b\/%d0%b3%d0%be%d1%80%d0%be%d0%b4%d1%81%d0%ba%d0%b8%d0%b5-%d0%b2%d0%b5%d0%bb%d0%be%d1%81%d0%b8%d0%bf%d0%b5%d0%b4%d1%8b\/eleglide-t1-100km\/#primaryimage\",\"url\":\"https:\/\/projekt.vombat.ee\/eco\/wp-content\/uploads\/2023\/03\/Eleglide-T1.webp\",\"contentUrl\":\"https:\/\/projekt.vombat.ee\/eco\/wp-content\/uploads\/2023\/03\/Eleglide-T1.webp\",\"width\":1000,\"height\":1000,\"caption\":\"Eleglide T1\"},{\"@type\":\"BreadcrumbList\",\"@id\":\"https:\/\/projekt.vombat.ee\/eco\/ru\/pood\/%d1%8d%d0%bb%d0%b5%d0%ba%d1%82%d1%80%d0%b8%d1%87%d0%b5%d1%81%d0%ba%d0%b8%d0%b5-%d0%b2%d0%b5%d0%bb%d0%be%d1%81%d0%b8%d0%bf%d0%b5%d0%b4%d1%8b\/%d0%b3%d0%be%d1%80%d0%be%d0%b4%d1%81%d0%ba%d0%b8%d0%b5-%d0%b2%d0%b5%d0%bb%d0%be%d1%81%d0%b8%d0%bf%d0%b5%d0%b4%d1%8b\/eleglide-t1-100km\/#breadcrumb\",\"itemListElement\":[{\"@type\":\"ListItem\",\"position\":1,\"name\":\"Home\",\"item\":\"https:\/\/projekt.vombat.ee\/eco\/\"},{\"@type\":\"ListItem\",\"position\":2,\"name\":\"Pood\",\"item\":\"https:\/\/projekt.vombat.ee\/eco\/pood\/\"},{\"@type\":\"ListItem\",\"position\":3,\"name\":\"Eleglide T1, 100km\"}]},{\"@type\":\"WebSite\",\"@id\":\"https:\/\/projekt.vombat.ee\/eco\/#website\",\"url\":\"https:\/\/projekt.vombat.ee\/eco\/\",\"name\":\"Ecocruiser\",\"description\":\"\",\"publisher\":{\"@id\":\"https:\/\/projekt.vombat.ee\/eco\/#organization\"},\"potentialAction\":[{\"@type\":\"SearchAction\",\"target\":{\"@type\":\"EntryPoint\",\"urlTemplate\":\"https:\/\/projekt.vombat.ee\/eco\/?s={search_term_string}\"},\"query-input\":{\"@type\":\"PropertyValueSpecification\",\"valueRequired\":true,\"valueName\":\"search_term_string\"}}],\"inLanguage\":\"en-GB\"},{\"@type\":\"Organization\",\"@id\":\"https:\/\/projekt.vombat.ee\/eco\/#organization\",\"name\":\"Ecocruiser\",\"url\":\"https:\/\/projekt.vombat.ee\/eco\/\",\"logo\":{\"@type\":\"ImageObject\",\"inLanguage\":\"en-GB\",\"@id\":\"https:\/\/projekt.vombat.ee\/eco\/#\/schema\/logo\/image\/\",\"url\":\"https:\/\/projekt.vombat.ee\/eco\/wp-content\/uploads\/2023\/03\/ECOCRUISER_5.png\",\"contentUrl\":\"https:\/\/projekt.vombat.ee\/eco\/wp-content\/uploads\/2023\/03\/ECOCRUISER_5.png\",\"width\":234,\"height\":91,\"caption\":\"Ecocruiser\"},\"image\":{\"@id\":\"https:\/\/projekt.vombat.ee\/eco\/#\/schema\/logo\/image\/\"}}]}<\/script>\n<!-- \/ Yoast SEO plugin. -->","yoast_head_json":{"title":"Eleglide T1, 100km - Ecocruiser","description":"Eleglide T1, 100km - Kvaliteetsed br\u00e4ndid, lai valik - Ecocruiser.ee - K\u00fcsimuste korral v\u00f5ta \u00fchendust info@projekt.vombat.ee","robots":{"index":"noindex","follow":"follow","max-snippet":"max-snippet:-1","max-image-preview":"max-image-preview:large","max-video-preview":"max-video-preview:-1"},"og_locale":"en_GB","og_type":"article","og_title":"Eleglide T1, 100km - Ecocruiser","og_description":"Eleglide T1, 100km - Kvaliteetsed br\u00e4ndid, lai valik - Ecocruiser.ee - K\u00fcsimuste korral v\u00f5ta \u00fchendust info@projekt.vombat.ee","og_url":"https:\/\/projekt.vombat.ee\/eco\/ru\/pood\/\u044d\u043b\u0435\u043a\u0442\u0440\u0438\u0447\u0435\u0441\u043a\u0438\u0435-\u0432\u0435\u043b\u043e\u0441\u0438\u043f\u0435\u0434\u044b\/\u0433\u043e\u0440\u043e\u0434\u0441\u043a\u0438\u0435-\u0432\u0435\u043b\u043e\u0441\u0438\u043f\u0435\u0434\u044b\/eleglide-t1-100km\/","og_site_name":"Ecocruiser","article_modified_time":"2024-05-02T16:38:26+00:00","og_image":[{"width":1000,"height":1000,"url":"https:\/\/projekt.vombat.ee\/eco\/wp-content\/uploads\/2023\/03\/Eleglide-T1.webp","type":"image\/webp"}],"twitter_card":"summary_large_image","schema":{"@context":"https:\/\/schema.org","@graph":[{"@type":"WebPage","@id":"https:\/\/projekt.vombat.ee\/eco\/ru\/pood\/%d1%8d%d0%bb%d0%b5%d0%ba%d1%82%d1%80%d0%b8%d1%87%d0%b5%d1%81%d0%ba%d0%b8%d0%b5-%d0%b2%d0%b5%d0%bb%d0%be%d1%81%d0%b8%d0%bf%d0%b5%d0%b4%d1%8b\/%d0%b3%d0%be%d1%80%d0%be%d0%b4%d1%81%d0%ba%d0%b8%d0%b5-%d0%b2%d0%b5%d0%bb%d0%be%d1%81%d0%b8%d0%bf%d0%b5%d0%b4%d1%8b\/eleglide-t1-100km\/","url":"https:\/\/projekt.vombat.ee\/eco\/ru\/pood\/%d1%8d%d0%bb%d0%b5%d0%ba%d1%82%d1%80%d0%b8%d1%87%d0%b5%d1%81%d0%ba%d0%b8%d0%b5-%d0%b2%d0%b5%d0%bb%d0%be%d1%81%d0%b8%d0%bf%d0%b5%d0%b4%d1%8b\/%d0%b3%d0%be%d1%80%d0%be%d0%b4%d1%81%d0%ba%d0%b8%d0%b5-%d0%b2%d0%b5%d0%bb%d0%be%d1%81%d0%b8%d0%bf%d0%b5%d0%b4%d1%8b\/eleglide-t1-100km\/","name":"Eleglide T1, 100km - Ecocruiser","isPartOf":{"@id":"https:\/\/projekt.vombat.ee\/eco\/#website"},"primaryImageOfPage":{"@id":"https:\/\/projekt.vombat.ee\/eco\/ru\/pood\/%d1%8d%d0%bb%d0%b5%d0%ba%d1%82%d1%80%d0%b8%d1%87%d0%b5%d1%81%d0%ba%d0%b8%d0%b5-%d0%b2%d0%b5%d0%bb%d0%be%d1%81%d0%b8%d0%bf%d0%b5%d0%b4%d1%8b\/%d0%b3%d0%be%d1%80%d0%be%d0%b4%d1%81%d0%ba%d0%b8%d0%b5-%d0%b2%d0%b5%d0%bb%d0%be%d1%81%d0%b8%d0%bf%d0%b5%d0%b4%d1%8b\/eleglide-t1-100km\/#primaryimage"},"image":{"@id":"https:\/\/projekt.vombat.ee\/eco\/ru\/pood\/%d1%8d%d0%bb%d0%b5%d0%ba%d1%82%d1%80%d0%b8%d1%87%d0%b5%d1%81%d0%ba%d0%b8%d0%b5-%d0%b2%d0%b5%d0%bb%d0%be%d1%81%d0%b8%d0%bf%d0%b5%d0%b4%d1%8b\/%d0%b3%d0%be%d1%80%d0%be%d0%b4%d1%81%d0%ba%d0%b8%d0%b5-%d0%b2%d0%b5%d0%bb%d0%be%d1%81%d0%b8%d0%bf%d0%b5%d0%b4%d1%8b\/eleglide-t1-100km\/#primaryimage"},"thumbnailUrl":"https:\/\/projekt.vombat.ee\/eco\/wp-content\/uploads\/2023\/03\/Eleglide-T1.webp","datePublished":"2023-03-30T12:52:50+00:00","dateModified":"2024-05-02T16:38:26+00:00","description":"Eleglide T1, 100km - Kvaliteetsed br\u00e4ndid, lai valik - Ecocruiser.ee - K\u00fcsimuste korral v\u00f5ta \u00fchendust info@projekt.vombat.ee","breadcrumb":{"@id":"https:\/\/projekt.vombat.ee\/eco\/ru\/pood\/%d1%8d%d0%bb%d0%b5%d0%ba%d1%82%d1%80%d0%b8%d1%87%d0%b5%d1%81%d0%ba%d0%b8%d0%b5-%d0%b2%d0%b5%d0%bb%d0%be%d1%81%d0%b8%d0%bf%d0%b5%d0%b4%d1%8b\/%d0%b3%d0%be%d1%80%d0%be%d0%b4%d1%81%d0%ba%d0%b8%d0%b5-%d0%b2%d0%b5%d0%bb%d0%be%d1%81%d0%b8%d0%bf%d0%b5%d0%b4%d1%8b\/eleglide-t1-100km\/#breadcrumb"},"inLanguage":"en-GB","potentialAction":[{"@type":"ReadAction","target":["https:\/\/projekt.vombat.ee\/eco\/ru\/pood\/%d1%8d%d0%bb%d0%b5%d0%ba%d1%82%d1%80%d0%b8%d1%87%d0%b5%d1%81%d0%ba%d0%b8%d0%b5-%d0%b2%d0%b5%d0%bb%d0%be%d1%81%d0%b8%d0%bf%d0%b5%d0%b4%d1%8b\/%d0%b3%d0%be%d1%80%d0%be%d0%b4%d1%81%d0%ba%d0%b8%d0%b5-%d0%b2%d0%b5%d0%bb%d0%be%d1%81%d0%b8%d0%bf%d0%b5%d0%b4%d1%8b\/eleglide-t1-100km\/"]}]},{"@type":"ImageObject","inLanguage":"en-GB","@id":"https:\/\/projekt.vombat.ee\/eco\/ru\/pood\/%d1%8d%d0%bb%d0%b5%d0%ba%d1%82%d1%80%d0%b8%d1%87%d0%b5%d1%81%d0%ba%d0%b8%d0%b5-%d0%b2%d0%b5%d0%bb%d0%be%d1%81%d0%b8%d0%bf%d0%b5%d0%b4%d1%8b\/%d0%b3%d0%be%d1%80%d0%be%d0%b4%d1%81%d0%ba%d0%b8%d0%b5-%d0%b2%d0%b5%d0%bb%d0%be%d1%81%d0%b8%d0%bf%d0%b5%d0%b4%d1%8b\/eleglide-t1-100km\/#primaryimage","url":"https:\/\/projekt.vombat.ee\/eco\/wp-content\/uploads\/2023\/03\/Eleglide-T1.webp","contentUrl":"https:\/\/projekt.vombat.ee\/eco\/wp-content\/uploads\/2023\/03\/Eleglide-T1.webp","width":1000,"height":1000,"caption":"Eleglide T1"},{"@type":"BreadcrumbList","@id":"https:\/\/projekt.vombat.ee\/eco\/ru\/pood\/%d1%8d%d0%bb%d0%b5%d0%ba%d1%82%d1%80%d0%b8%d1%87%d0%b5%d1%81%d0%ba%d0%b8%d0%b5-%d0%b2%d0%b5%d0%bb%d0%be%d1%81%d0%b8%d0%bf%d0%b5%d0%b4%d1%8b\/%d0%b3%d0%be%d1%80%d0%be%d0%b4%d1%81%d0%ba%d0%b8%d0%b5-%d0%b2%d0%b5%d0%bb%d0%be%d1%81%d0%b8%d0%bf%d0%b5%d0%b4%d1%8b\/eleglide-t1-100km\/#breadcrumb","itemListElement":[{"@type":"ListItem","position":1,"name":"Home","item":"https:\/\/projekt.vombat.ee\/eco\/"},{"@type":"ListItem","position":2,"name":"Pood","item":"https:\/\/projekt.vombat.ee\/eco\/pood\/"},{"@type":"ListItem","position":3,"name":"Eleglide T1, 100km"}]},{"@type":"WebSite","@id":"https:\/\/projekt.vombat.ee\/eco\/#website","url":"https:\/\/projekt.vombat.ee\/eco\/","name":"Ecocruiser","description":"","publisher":{"@id":"https:\/\/projekt.vombat.ee\/eco\/#organization"},"potentialAction":[{"@type":"SearchAction","target":{"@type":"EntryPoint","urlTemplate":"https:\/\/projekt.vombat.ee\/eco\/?s={search_term_string}"},"query-input":{"@type":"PropertyValueSpecification","valueRequired":true,"valueName":"search_term_string"}}],"inLanguage":"en-GB"},{"@type":"Organization","@id":"https:\/\/projekt.vombat.ee\/eco\/#organization","name":"Ecocruiser","url":"https:\/\/projekt.vombat.ee\/eco\/","logo":{"@type":"ImageObject","inLanguage":"en-GB","@id":"https:\/\/projekt.vombat.ee\/eco\/#\/schema\/logo\/image\/","url":"https:\/\/projekt.vombat.ee\/eco\/wp-content\/uploads\/2023\/03\/ECOCRUISER_5.png","contentUrl":"https:\/\/projekt.vombat.ee\/eco\/wp-content\/uploads\/2023\/03\/ECOCRUISER_5.png","width":234,"height":91,"caption":"Ecocruiser"},"image":{"@id":"https:\/\/projekt.vombat.ee\/eco\/#\/schema\/logo\/image\/"}}]}},"lang":"ru","translations":{"ru":7903,"fi":7319,"et":6841},"pll_sync_post":[],"_links":{"self":[{"href":"https:\/\/projekt.vombat.ee\/eco\/wp-json\/wp\/v2\/product\/7903"}],"collection":[{"href":"https:\/\/projekt.vombat.ee\/eco\/wp-json\/wp\/v2\/product"}],"about":[{"href":"https:\/\/projekt.vombat.ee\/eco\/wp-json\/wp\/v2\/types\/product"}],"version-history":[{"count":1,"href":"https:\/\/projekt.vombat.ee\/eco\/wp-json\/wp\/v2\/product\/7903\/revisions"}],"predecessor-version":[{"id":7921,"href":"https:\/\/projekt.vombat.ee\/eco\/wp-json\/wp\/v2\/product\/7903\/revisions\/7921"}],"wp:featuredmedia":[{"embeddable":true,"href":"https:\/\/projekt.vombat.ee\/eco\/wp-json\/wp\/v2\/media\/7904"}],"wp:attachment":[{"href":"https:\/\/projekt.vombat.ee\/eco\/wp-json\/wp\/v2\/media?parent=7903"}],"wp:term":[{"taxonomy":"product_cat","embeddable":true,"href":"https:\/\/projekt.vombat.ee\/eco\/wp-json\/wp\/v2\/product_cat?post=7903"},{"taxonomy":"product_tag","embeddable":true,"href":"https:\/\/projekt.vombat.ee\/eco\/wp-json\/wp\/v2\/product_tag?post=7903"}],"curies":[{"name":"wp","href":"https:\/\/api.w.org\/{rel}","templated":true}]}}