{"id":7837,"date":"2023-03-29T12:24:13","date_gmt":"2023-03-29T12:24:13","guid":{"rendered":"https:\/\/projekt.vombat.ee\/eco\/?post_type=product&#038;p=7837"},"modified":"2024-01-12T18:58:48","modified_gmt":"2024-01-12T18:58:48","slug":"joyor-g5-sahkoskootteri-50km","status":"publish","type":"product","link":"https:\/\/projekt.vombat.ee\/eco\/fi\/myym%C3%A4l%C3%A4\/tuotemerkit\/joyor\/joyor-g5-sahkoskootteri-50km\/","title":{"rendered":"Joyor G5, 50km"},"content":{"rendered":"<h1>JOYOR G5 S\u00c4HK\u00d6SKOOTTERI<\/h1>\n<p><img decoding=\"async\" class=\"swiper-slide-image lazyloaded\" src=\"https:\/\/joyorscooter.com\/wp-content\/uploads\/2022\/05\/DSC07071-scaled.jpg\" alt=\"DSC07071\" data-src=\"https:\/\/joyorscooter.com\/wp-content\/uploads\/2022\/05\/DSC07071-scaled.jpg\" \/><\/p>\n<p><span style=\"color: #2f2f2f;\"><span style=\"font-size: 24px;\"><b>MIKSI VALITA G5?<\/b><\/span><\/span><\/p>\n<p>G5 s\u00e4hk\u00f6skootteri on yksi uusimmista Joyor-lanseerauksista, josta on tullut yksi monipuolisimmista malleista. Teho, suuri autonomia, sopeutumiskyky, keveys ja k\u00e4yt\u00e4nn\u00f6llisyys. Ep\u00e4ilem\u00e4tt\u00e4 siit\u00e4 on tarkoitus tulla yksi suosituimmista s\u00e4hk\u00f6skoottereista.<\/p>\n<h3>JOYOR G5 S\u00c4HK\u00d6SKOOTTERI<\/h3>\n<p>G5-malli on luokkansa kevyin s\u00e4hk\u00f6skootteri moottorin tehon, kantaman ja muotoilun suhteen. Uudessa Joyor G5:ss\u00e4 on 500 W:n harjaton vaihteistomoottori ja 48 V 13 Ah akku, joka antaa skootterille 40-50 km kantaman t\u00e4ydell\u00e4 latauksella.<\/p>\n<p>T\u00e4ss\u00e4 mallissa on 8,5 tuuman pneumaattiset renkaat, takarumpujarru, etujousitus ja kaksoisjousitus takana. T\u00e4m\u00e4n ansiosta se tarjoaa tasaisen ja mukavan ajon ilman t\u00e4rin\u00e4\u00e4. Lis\u00e4ksi takarumpujarru on eritt\u00e4in tehokas mekaaninen jarru, joka varmistaa turvallisuuden ajon aikana.<\/p>\n<p>&nbsp;<\/p>\n<h3>ERITTELY<\/h3>\n<p>Teho: 500W<br \/>\nVakiokantavuus: 120 kg<br \/>\nMateriaali: Magnesiumseos<br \/>\nNopeus: 25\/35 km\/h<br \/>\nMitat taitettuna: 1150x180x440mm<br \/>\nPaino: 17,8 kg<br \/>\nEt\u00e4isyys: 40-50km<br \/>\nJarrut: Takarumpujarru<br \/>\nRisteilytoiminto: Kyll\u00e4<br \/>\nJ\u00e4nnite: 48V<br \/>\nAkku: 13,0 Ah<br \/>\nV\u00e4ri musta<br \/>\nAkku: Lithium Ion Rengaskoko: 8,5&#8243; ilmarenkaat<br \/>\nN\u00e4ytt\u00f6: v\u00e4rillinen LCD-n\u00e4ytt\u00f6<\/p>\n<p><strong>HUOM!<\/strong> Suosittelemme aina <a href=\"https:\/\/projekt.vombat.ee\/eco\/pood\/?product-cata=707\">kyp\u00e4r\u00e4n<\/a> k\u00e4ytt\u00f6\u00e4 s\u00e4hk\u00f6skootterilla ajettaessa. Alle 16-vuotiaiden ratsastajien kyp\u00e4r\u00e4n k\u00e4ytt\u00f6 s\u00e4hk\u00f6iskulla ajaessa on <a href=\"https:\/\/www.riigiteataja.ee\/akt\/113112020001\">lain<\/a> mukaan pakollista.<\/p>\n","protected":false},"excerpt":{"rendered":"<p><strong>JOYOR G5 S\u00c4HK\u00d6SKOOTTERI<\/strong><\/p>\n<p>&nbsp;<\/p>\n<ul>\n<li>Suurin ajomatka: 40-50 km<\/li>\n<li>Kantavuus: 120 kg<\/li>\n<li>Moottorin teho: 500W<\/li>\n<li>Suurin nopeus: 25\/35 km\/h<\/li>\n<\/ul>\n<p>&nbsp;<\/p>\n<p><strong>\u2666 Toimitusaika 3-8 p\u00e4iv\u00e4\u00e4<\/strong><br \/>\n<strong>\u2666 Varastossa<\/strong><\/p>\n","protected":false},"featured_media":7749,"template":"","meta":[],"product_cat":[1300,973,971,1343],"product_tag":[],"class_list":{"0":"post-7837","1":"product","2":"type-product","3":"status-publish","4":"has-post-thumbnail","6":"product_cat-joyor","7":"product_cat-kaupungin-sahkopotkulaudat","8":"product_cat-sahkopotkulaudat","9":"product_cat-top-5-sahkopotkulaudat","10":"product_shipping_class-suured-pakid","12":"first","13":"instock","14":"sale","15":"taxable","16":"shipping-taxable","17":"purchasable","18":"product-type-simple"},"yoast_head":"<!-- This site is optimized with the Yoast SEO plugin v23.8 - https:\/\/yoast.com\/wordpress\/plugins\/seo\/ -->\n<title>Joyor G5, 50km - Ecocruiser<\/title>\n<meta name=\"description\" content=\"Joyor G5, 50km - Kvaliteetsed kaubam\u00e4rgid, lai valik - Ecocruiser.ee - K\u00f6veste korral v\u00f5a ogyots info@projekt.vombat.ee\" \/>\n<meta name=\"robots\" content=\"noindex, follow, max-snippet:-1, max-image-preview:large, max-video-preview:-1\" \/>\n<meta property=\"og:locale\" content=\"en_GB\" \/>\n<meta property=\"og:type\" content=\"article\" \/>\n<meta property=\"og:title\" content=\"Joyor G5, 50km - Ecocruiser\" \/>\n<meta property=\"og:description\" content=\"Joyor G5, 50km - Kvaliteetsed kaubam\u00e4rgid, lai valik - Ecocruiser.ee - K\u00f6veste korral v\u00f5a ogyots info@projekt.vombat.ee\" \/>\n<meta property=\"og:url\" content=\"https:\/\/projekt.vombat.ee\/eco\/fi\/myym\u00e4l\u00e4\/tuotemerkit\/joyor\/joyor-g5-sahkoskootteri-50km\/\" \/>\n<meta property=\"og:site_name\" content=\"Ecocruiser\" \/>\n<meta property=\"article:modified_time\" content=\"2024-01-12T18:58:48+00:00\" \/>\n<meta property=\"og:image\" content=\"https:\/\/projekt.vombat.ee\/eco\/wp-content\/uploads\/2023\/03\/1-4.jpg\" \/>\n\t<meta property=\"og:image:width\" content=\"2000\" \/>\n\t<meta property=\"og:image:height\" content=\"2000\" \/>\n\t<meta property=\"og:image:type\" content=\"image\/jpeg\" \/>\n<meta name=\"twitter:card\" content=\"summary_large_image\" \/>\n<meta name=\"twitter:label1\" content=\"Estimated reading time\" \/>\n\t<meta name=\"twitter:data1\" content=\"2 minutes\" \/>\n<script type=\"application\/ld+json\" class=\"yoast-schema-graph\">{\"@context\":\"https:\/\/schema.org\",\"@graph\":[{\"@type\":\"WebPage\",\"@id\":\"https:\/\/projekt.vombat.ee\/eco\/fi\/myym%C3%A4l%C3%A4\/tuotemerkit\/joyor\/joyor-g5-sahkoskootteri-50km\/\",\"url\":\"https:\/\/projekt.vombat.ee\/eco\/fi\/myym%C3%A4l%C3%A4\/tuotemerkit\/joyor\/joyor-g5-sahkoskootteri-50km\/\",\"name\":\"Joyor G5, 50km - Ecocruiser\",\"isPartOf\":{\"@id\":\"https:\/\/projekt.vombat.ee\/eco\/#website\"},\"primaryImageOfPage\":{\"@id\":\"https:\/\/projekt.vombat.ee\/eco\/fi\/myym%C3%A4l%C3%A4\/tuotemerkit\/joyor\/joyor-g5-sahkoskootteri-50km\/#primaryimage\"},\"image\":{\"@id\":\"https:\/\/projekt.vombat.ee\/eco\/fi\/myym%C3%A4l%C3%A4\/tuotemerkit\/joyor\/joyor-g5-sahkoskootteri-50km\/#primaryimage\"},\"thumbnailUrl\":\"https:\/\/projekt.vombat.ee\/eco\/wp-content\/uploads\/2023\/03\/1-4.jpg\",\"datePublished\":\"2023-03-29T12:24:13+00:00\",\"dateModified\":\"2024-01-12T18:58:48+00:00\",\"description\":\"Joyor G5, 50km - Kvaliteetsed kaubam\u00e4rgid, lai valik - Ecocruiser.ee - K\u00f6veste korral v\u00f5a ogyots info@projekt.vombat.ee\",\"breadcrumb\":{\"@id\":\"https:\/\/projekt.vombat.ee\/eco\/fi\/myym%C3%A4l%C3%A4\/tuotemerkit\/joyor\/joyor-g5-sahkoskootteri-50km\/#breadcrumb\"},\"inLanguage\":\"en-GB\",\"potentialAction\":[{\"@type\":\"ReadAction\",\"target\":[\"https:\/\/projekt.vombat.ee\/eco\/fi\/myym%C3%A4l%C3%A4\/tuotemerkit\/joyor\/joyor-g5-sahkoskootteri-50km\/\"]}]},{\"@type\":\"ImageObject\",\"inLanguage\":\"en-GB\",\"@id\":\"https:\/\/projekt.vombat.ee\/eco\/fi\/myym%C3%A4l%C3%A4\/tuotemerkit\/joyor\/joyor-g5-sahkoskootteri-50km\/#primaryimage\",\"url\":\"https:\/\/projekt.vombat.ee\/eco\/wp-content\/uploads\/2023\/03\/1-4.jpg\",\"contentUrl\":\"https:\/\/projekt.vombat.ee\/eco\/wp-content\/uploads\/2023\/03\/1-4.jpg\",\"width\":2000,\"height\":2000,\"caption\":\"Joyor G5\"},{\"@type\":\"BreadcrumbList\",\"@id\":\"https:\/\/projekt.vombat.ee\/eco\/fi\/myym%C3%A4l%C3%A4\/tuotemerkit\/joyor\/joyor-g5-sahkoskootteri-50km\/#breadcrumb\",\"itemListElement\":[{\"@type\":\"ListItem\",\"position\":1,\"name\":\"Home\",\"item\":\"https:\/\/projekt.vombat.ee\/eco\/\"},{\"@type\":\"ListItem\",\"position\":2,\"name\":\"Pood\",\"item\":\"https:\/\/projekt.vombat.ee\/eco\/pood\/\"},{\"@type\":\"ListItem\",\"position\":3,\"name\":\"Joyor G5, 50km\"}]},{\"@type\":\"WebSite\",\"@id\":\"https:\/\/projekt.vombat.ee\/eco\/#website\",\"url\":\"https:\/\/projekt.vombat.ee\/eco\/\",\"name\":\"Ecocruiser\",\"description\":\"\",\"publisher\":{\"@id\":\"https:\/\/projekt.vombat.ee\/eco\/#organization\"},\"potentialAction\":[{\"@type\":\"SearchAction\",\"target\":{\"@type\":\"EntryPoint\",\"urlTemplate\":\"https:\/\/projekt.vombat.ee\/eco\/?s={search_term_string}\"},\"query-input\":{\"@type\":\"PropertyValueSpecification\",\"valueRequired\":true,\"valueName\":\"search_term_string\"}}],\"inLanguage\":\"en-GB\"},{\"@type\":\"Organization\",\"@id\":\"https:\/\/projekt.vombat.ee\/eco\/#organization\",\"name\":\"Ecocruiser\",\"url\":\"https:\/\/projekt.vombat.ee\/eco\/\",\"logo\":{\"@type\":\"ImageObject\",\"inLanguage\":\"en-GB\",\"@id\":\"https:\/\/projekt.vombat.ee\/eco\/#\/schema\/logo\/image\/\",\"url\":\"https:\/\/projekt.vombat.ee\/eco\/wp-content\/uploads\/2023\/03\/ECOCRUISER_5.png\",\"contentUrl\":\"https:\/\/projekt.vombat.ee\/eco\/wp-content\/uploads\/2023\/03\/ECOCRUISER_5.png\",\"width\":234,\"height\":91,\"caption\":\"Ecocruiser\"},\"image\":{\"@id\":\"https:\/\/projekt.vombat.ee\/eco\/#\/schema\/logo\/image\/\"}}]}<\/script>\n<!-- \/ Yoast SEO plugin. -->","yoast_head_json":{"title":"Joyor G5, 50km - Ecocruiser","description":"Joyor G5, 50km - Kvaliteetsed kaubam\u00e4rgid, lai valik - Ecocruiser.ee - K\u00f6veste korral v\u00f5a ogyots info@projekt.vombat.ee","robots":{"index":"noindex","follow":"follow","max-snippet":"max-snippet:-1","max-image-preview":"max-image-preview:large","max-video-preview":"max-video-preview:-1"},"og_locale":"en_GB","og_type":"article","og_title":"Joyor G5, 50km - Ecocruiser","og_description":"Joyor G5, 50km - Kvaliteetsed kaubam\u00e4rgid, lai valik - Ecocruiser.ee - K\u00f6veste korral v\u00f5a ogyots info@projekt.vombat.ee","og_url":"https:\/\/projekt.vombat.ee\/eco\/fi\/myym\u00e4l\u00e4\/tuotemerkit\/joyor\/joyor-g5-sahkoskootteri-50km\/","og_site_name":"Ecocruiser","article_modified_time":"2024-01-12T18:58:48+00:00","og_image":[{"width":2000,"height":2000,"url":"https:\/\/projekt.vombat.ee\/eco\/wp-content\/uploads\/2023\/03\/1-4.jpg","type":"image\/jpeg"}],"twitter_card":"summary_large_image","twitter_misc":{"Estimated reading time":"2 minutes"},"schema":{"@context":"https:\/\/schema.org","@graph":[{"@type":"WebPage","@id":"https:\/\/projekt.vombat.ee\/eco\/fi\/myym%C3%A4l%C3%A4\/tuotemerkit\/joyor\/joyor-g5-sahkoskootteri-50km\/","url":"https:\/\/projekt.vombat.ee\/eco\/fi\/myym%C3%A4l%C3%A4\/tuotemerkit\/joyor\/joyor-g5-sahkoskootteri-50km\/","name":"Joyor G5, 50km - Ecocruiser","isPartOf":{"@id":"https:\/\/projekt.vombat.ee\/eco\/#website"},"primaryImageOfPage":{"@id":"https:\/\/projekt.vombat.ee\/eco\/fi\/myym%C3%A4l%C3%A4\/tuotemerkit\/joyor\/joyor-g5-sahkoskootteri-50km\/#primaryimage"},"image":{"@id":"https:\/\/projekt.vombat.ee\/eco\/fi\/myym%C3%A4l%C3%A4\/tuotemerkit\/joyor\/joyor-g5-sahkoskootteri-50km\/#primaryimage"},"thumbnailUrl":"https:\/\/projekt.vombat.ee\/eco\/wp-content\/uploads\/2023\/03\/1-4.jpg","datePublished":"2023-03-29T12:24:13+00:00","dateModified":"2024-01-12T18:58:48+00:00","description":"Joyor G5, 50km - Kvaliteetsed kaubam\u00e4rgid, lai valik - Ecocruiser.ee - K\u00f6veste korral v\u00f5a ogyots info@projekt.vombat.ee","breadcrumb":{"@id":"https:\/\/projekt.vombat.ee\/eco\/fi\/myym%C3%A4l%C3%A4\/tuotemerkit\/joyor\/joyor-g5-sahkoskootteri-50km\/#breadcrumb"},"inLanguage":"en-GB","potentialAction":[{"@type":"ReadAction","target":["https:\/\/projekt.vombat.ee\/eco\/fi\/myym%C3%A4l%C3%A4\/tuotemerkit\/joyor\/joyor-g5-sahkoskootteri-50km\/"]}]},{"@type":"ImageObject","inLanguage":"en-GB","@id":"https:\/\/projekt.vombat.ee\/eco\/fi\/myym%C3%A4l%C3%A4\/tuotemerkit\/joyor\/joyor-g5-sahkoskootteri-50km\/#primaryimage","url":"https:\/\/projekt.vombat.ee\/eco\/wp-content\/uploads\/2023\/03\/1-4.jpg","contentUrl":"https:\/\/projekt.vombat.ee\/eco\/wp-content\/uploads\/2023\/03\/1-4.jpg","width":2000,"height":2000,"caption":"Joyor G5"},{"@type":"BreadcrumbList","@id":"https:\/\/projekt.vombat.ee\/eco\/fi\/myym%C3%A4l%C3%A4\/tuotemerkit\/joyor\/joyor-g5-sahkoskootteri-50km\/#breadcrumb","itemListElement":[{"@type":"ListItem","position":1,"name":"Home","item":"https:\/\/projekt.vombat.ee\/eco\/"},{"@type":"ListItem","position":2,"name":"Pood","item":"https:\/\/projekt.vombat.ee\/eco\/pood\/"},{"@type":"ListItem","position":3,"name":"Joyor G5, 50km"}]},{"@type":"WebSite","@id":"https:\/\/projekt.vombat.ee\/eco\/#website","url":"https:\/\/projekt.vombat.ee\/eco\/","name":"Ecocruiser","description":"","publisher":{"@id":"https:\/\/projekt.vombat.ee\/eco\/#organization"},"potentialAction":[{"@type":"SearchAction","target":{"@type":"EntryPoint","urlTemplate":"https:\/\/projekt.vombat.ee\/eco\/?s={search_term_string}"},"query-input":{"@type":"PropertyValueSpecification","valueRequired":true,"valueName":"search_term_string"}}],"inLanguage":"en-GB"},{"@type":"Organization","@id":"https:\/\/projekt.vombat.ee\/eco\/#organization","name":"Ecocruiser","url":"https:\/\/projekt.vombat.ee\/eco\/","logo":{"@type":"ImageObject","inLanguage":"en-GB","@id":"https:\/\/projekt.vombat.ee\/eco\/#\/schema\/logo\/image\/","url":"https:\/\/projekt.vombat.ee\/eco\/wp-content\/uploads\/2023\/03\/ECOCRUISER_5.png","contentUrl":"https:\/\/projekt.vombat.ee\/eco\/wp-content\/uploads\/2023\/03\/ECOCRUISER_5.png","width":234,"height":91,"caption":"Ecocruiser"},"image":{"@id":"https:\/\/projekt.vombat.ee\/eco\/#\/schema\/logo\/image\/"}}]}},"lang":"fi","translations":{"fi":7837,"et":6098},"pll_sync_post":[],"_links":{"self":[{"href":"https:\/\/projekt.vombat.ee\/eco\/wp-json\/wp\/v2\/product\/7837"}],"collection":[{"href":"https:\/\/projekt.vombat.ee\/eco\/wp-json\/wp\/v2\/product"}],"about":[{"href":"https:\/\/projekt.vombat.ee\/eco\/wp-json\/wp\/v2\/types\/product"}],"version-history":[{"count":3,"href":"https:\/\/projekt.vombat.ee\/eco\/wp-json\/wp\/v2\/product\/7837\/revisions"}],"predecessor-version":[{"id":8440,"href":"https:\/\/projekt.vombat.ee\/eco\/wp-json\/wp\/v2\/product\/7837\/revisions\/8440"}],"wp:featuredmedia":[{"embeddable":true,"href":"https:\/\/projekt.vombat.ee\/eco\/wp-json\/wp\/v2\/media\/7749"}],"wp:attachment":[{"href":"https:\/\/projekt.vombat.ee\/eco\/wp-json\/wp\/v2\/media?parent=7837"}],"wp:term":[{"taxonomy":"product_cat","embeddable":true,"href":"https:\/\/projekt.vombat.ee\/eco\/wp-json\/wp\/v2\/product_cat?post=7837"},{"taxonomy":"product_tag","embeddable":true,"href":"https:\/\/projekt.vombat.ee\/eco\/wp-json\/wp\/v2\/product_tag?post=7837"}],"curies":[{"name":"wp","href":"https:\/\/api.w.org\/{rel}","templated":true}]}}